{"id":37598,"date":"2024-04-01T17:05:53","date_gmt":"2024-04-01T17:05:53","guid":{"rendered":"https:\/\/blackstonegriddles.ca\/?post_type=product&#038;p=37598"},"modified":"2026-04-06T18:33:48","modified_gmt":"2026-04-06T18:33:48","slug":"paire-de-gants-de-cuisine-ge","status":"publish","type":"product","link":"https:\/\/blackstonegriddles.ca\/fr\/product\/ge-griddle-gloves-pair\/","title":{"rendered":"Paire de gants pour gril GE"},"content":{"rendered":"<ul>\n<li>R\u00e9sistant \u00e0 la chaleur jusqu'\u00e0 500 degr\u00e9s<\/li>\n<li>100% Paume de main en silicone<\/li>\n<li>M\u00e9lange de coton et d'aramide<\/li>\n<li>Design textur\u00e9 pour une prise en main facile<\/li>\n<li>Non sp\u00e9cifique aux droitiers\/gauchers<\/li>\n<li>Id\u00e9al pour l'int\u00e9rieur et l'ext\u00e9rieur<\/li>\n<li>Taille unique<\/li>\n<li>Nettoyage : Laver \u00e0 la main et s\u00e9cher \u00e0 l'air libre<\/li>\n<\/ul>","protected":false},"excerpt":{"rendered":"<p>Les gants Blackstone Griddle Gloves sont votre nouveau meilleur ami lorsqu'il s'agit de travailler autour de votre plaque de cuisson. Ces gants \u00e9l\u00e9gants et fonctionnels vous feront repenser aux gants de cuisine. Ces gants r\u00e9sistent \u00e0 la chaleur jusqu'\u00e0 500 degr\u00e9s et, contrairement aux gants de cuisine, ils offrent une grande maniabilit\u00e9. Les coussinets de la paume sont en silicone 100%, ce qui offre une meilleure adh\u00e9rence que les gants de cuisine traditionnels, et les gants eux-m\u00eames sont faits d'un m\u00e9lange de coton et d'aramide, ce qui leur conf\u00e8re une grande souplesse. Dot\u00e9s d'un design textur\u00e9 pour une meilleure prise en main, les Blackstone Griddle Gloves sont parfaits pour saisir des plats chauds et d'autres ustensiles de cuisine lourds sans glisser. Vous ne voudrez pas manquer d'ajouter ce superbe accessoire \u00e0 votre collection d'ustensiles de cuisine.<\/p>","protected":false},"featured_media":37602,"template":"","meta":[],"product_brand":[],"product_cat":[138,265],"product_tag":[],"class_list":{"0":"post-37598","1":"product","2":"type-product","3":"status-publish","4":"has-post-thumbnail","6":"product_cat-accessories","7":"product_cat-essential-extras","8":"product_shipping_class-accessories","10":"first","11":"outofstock","12":"taxable","13":"shipping-taxable","14":"purchasable","15":"product-type-simple"},"yoast_head":"<!-- This site is optimized with the Yoast SEO plugin v27.4 - https:\/\/yoast.com\/product\/yoast-seo-wordpress\/ -->\n<title>GE Griddle Gloves Pair - Blackstone Griddles<\/title>\n<meta name=\"description\" content=\"The Blackstone Griddle Gloves are your new best friend when it comes to working around your griddle. These are stylish and functional gloves.\" \/>\n<meta name=\"robots\" content=\"index, follow, max-snippet:-1, max-image-preview:large, max-video-preview:-1\" \/>\n<link rel=\"canonical\" href=\"https:\/\/blackstonegriddles.ca\/fr\/produit\/paire-de-gants-de-cuisine-ge\/\" \/>\n<meta property=\"og:locale\" content=\"fr_CA\" \/>\n<meta property=\"og:type\" content=\"article\" \/>\n<meta property=\"og:title\" content=\"GE Griddle Gloves Pair - Blackstone Griddles\" \/>\n<meta property=\"og:description\" content=\"The Blackstone Griddle Gloves are your new best friend when it comes to working around your griddle. These are stylish and functional gloves.\" \/>\n<meta property=\"og:url\" content=\"https:\/\/blackstonegriddles.ca\/fr\/produit\/paire-de-gants-de-cuisine-ge\/\" \/>\n<meta property=\"og:site_name\" content=\"Blackstone Griddles\" \/>\n<meta property=\"article:publisher\" content=\"https:\/\/www.facebook.com\/blackstoneproducts\/\" \/>\n<meta property=\"article:modified_time\" content=\"2026-04-06T18:33:48+00:00\" \/>\n<meta property=\"og:image\" content=\"https:\/\/blackstonegriddles.ca\/wp-content\/uploads\/2024\/03\/5558_GEGriddleGlovePair_OnWhite_Main_01.jpg\" \/>\n\t<meta property=\"og:image:width\" content=\"800\" \/>\n\t<meta property=\"og:image:height\" content=\"730\" \/>\n\t<meta property=\"og:image:type\" content=\"image\/jpeg\" \/>\n<meta name=\"twitter:card\" content=\"summary_large_image\" \/>\n<meta name=\"twitter:site\" content=\"@weareblackstone\" \/>\n<meta name=\"twitter:label1\" content=\"Estimation du temps de lecture\" \/>\n\t<meta name=\"twitter:data1\" content=\"1 minute\" \/>\n<script type=\"application\/ld+json\" class=\"yoast-schema-graph\">{\"@context\":\"https:\\\/\\\/schema.org\",\"@graph\":[{\"@type\":\"WebPage\",\"@id\":\"https:\\\/\\\/blackstonegriddles.ca\\\/product\\\/ge-griddle-gloves-pair\\\/\",\"url\":\"https:\\\/\\\/blackstonegriddles.ca\\\/product\\\/ge-griddle-gloves-pair\\\/\",\"name\":\"GE Griddle Gloves Pair - Blackstone Griddles\",\"isPartOf\":{\"@id\":\"https:\\\/\\\/blackstonegriddles.ca\\\/#website\"},\"primaryImageOfPage\":{\"@id\":\"https:\\\/\\\/blackstonegriddles.ca\\\/product\\\/ge-griddle-gloves-pair\\\/#primaryimage\"},\"image\":{\"@id\":\"https:\\\/\\\/blackstonegriddles.ca\\\/product\\\/ge-griddle-gloves-pair\\\/#primaryimage\"},\"thumbnailUrl\":\"https:\\\/\\\/blackstonegriddles.ca\\\/wp-content\\\/uploads\\\/2024\\\/03\\\/5558_GEGriddleGlovePair_OnWhite_Main_01.jpg\",\"datePublished\":\"2024-04-01T17:05:53+00:00\",\"dateModified\":\"2026-04-06T18:33:48+00:00\",\"description\":\"The Blackstone Griddle Gloves are your new best friend when it comes to working around your griddle. These are stylish and functional gloves.\",\"breadcrumb\":{\"@id\":\"https:\\\/\\\/blackstonegriddles.ca\\\/product\\\/ge-griddle-gloves-pair\\\/#breadcrumb\"},\"inLanguage\":\"fr-CA\",\"potentialAction\":[{\"@type\":\"ReadAction\",\"target\":[\"https:\\\/\\\/blackstonegriddles.ca\\\/product\\\/ge-griddle-gloves-pair\\\/\"]}]},{\"@type\":\"ImageObject\",\"inLanguage\":\"fr-CA\",\"@id\":\"https:\\\/\\\/blackstonegriddles.ca\\\/product\\\/ge-griddle-gloves-pair\\\/#primaryimage\",\"url\":\"https:\\\/\\\/blackstonegriddles.ca\\\/wp-content\\\/uploads\\\/2024\\\/03\\\/5558_GEGriddleGlovePair_OnWhite_Main_01.jpg\",\"contentUrl\":\"https:\\\/\\\/blackstonegriddles.ca\\\/wp-content\\\/uploads\\\/2024\\\/03\\\/5558_GEGriddleGlovePair_OnWhite_Main_01.jpg\",\"width\":800,\"height\":730,\"caption\":\"Griddle Glove Pair\"},{\"@type\":\"BreadcrumbList\",\"@id\":\"https:\\\/\\\/blackstonegriddles.ca\\\/product\\\/ge-griddle-gloves-pair\\\/#breadcrumb\",\"itemListElement\":[{\"@type\":\"ListItem\",\"position\":1,\"name\":\"Home\",\"item\":\"https:\\\/\\\/blackstonegriddles.ca\\\/\"},{\"@type\":\"ListItem\",\"position\":2,\"name\":\"Shop\",\"item\":\"https:\\\/\\\/blackstonegriddles.ca\\\/shop\\\/\"},{\"@type\":\"ListItem\",\"position\":3,\"name\":\"GE Griddle Gloves Pair\"}]},{\"@type\":\"WebSite\",\"@id\":\"https:\\\/\\\/blackstonegriddles.ca\\\/#website\",\"url\":\"https:\\\/\\\/blackstonegriddles.ca\\\/\",\"name\":\"Blackstone Griddles Canada\",\"description\":\"Blackstone Griddles official licensed dealer Canada\",\"publisher\":{\"@id\":\"https:\\\/\\\/blackstonegriddles.ca\\\/#organization\"},\"potentialAction\":[{\"@type\":\"SearchAction\",\"target\":{\"@type\":\"EntryPoint\",\"urlTemplate\":\"https:\\\/\\\/blackstonegriddles.ca\\\/?s={search_term_string}\"},\"query-input\":{\"@type\":\"PropertyValueSpecification\",\"valueRequired\":true,\"valueName\":\"search_term_string\"}}],\"inLanguage\":\"fr-CA\"},{\"@type\":\"Organization\",\"@id\":\"https:\\\/\\\/blackstonegriddles.ca\\\/#organization\",\"name\":\"Blackstone Griddles Canada\",\"url\":\"https:\\\/\\\/blackstonegriddles.ca\\\/\",\"logo\":{\"@type\":\"ImageObject\",\"inLanguage\":\"fr-CA\",\"@id\":\"https:\\\/\\\/blackstonegriddles.ca\\\/#\\\/schema\\\/logo\\\/image\\\/\",\"url\":\"https:\\\/\\\/blackstonegriddles.ca\\\/wp-content\\\/uploads\\\/2025\\\/02\\\/blackstone-fire-logo.webp\",\"contentUrl\":\"https:\\\/\\\/blackstonegriddles.ca\\\/wp-content\\\/uploads\\\/2025\\\/02\\\/blackstone-fire-logo.webp\",\"width\":53,\"height\":58,\"caption\":\"Blackstone Griddles Canada\"},\"image\":{\"@id\":\"https:\\\/\\\/blackstonegriddles.ca\\\/#\\\/schema\\\/logo\\\/image\\\/\"},\"sameAs\":[\"https:\\\/\\\/www.facebook.com\\\/blackstoneproducts\\\/\",\"https:\\\/\\\/x.com\\\/weareblackstone\",\"https:\\\/\\\/www.instagram.com\\\/blackstoneproducts\\\/\",\"https:\\\/\\\/www.youtube.com\\\/channel\\\/UCr39rimir8y3p-q1iQYidVA\"]}]}<\/script>\n<!-- \/ Yoast SEO plugin. -->","yoast_head_json":{"title":"Paire de gants pour gril GE - Blackstone Griddles","description":"Les gants Blackstone Griddle Gloves sont votre nouveau meilleur ami lorsqu'il s'agit de travailler autour de votre plaque de cuisson. Ce sont des gants \u00e9l\u00e9gants et fonctionnels.","robots":{"index":"index","follow":"follow","max-snippet":"max-snippet:-1","max-image-preview":"max-image-preview:large","max-video-preview":"max-video-preview:-1"},"canonical":"https:\/\/blackstonegriddles.ca\/fr\/produit\/paire-de-gants-de-cuisine-ge\/","og_locale":"fr_CA","og_type":"article","og_title":"GE Griddle Gloves Pair - Blackstone Griddles","og_description":"The Blackstone Griddle Gloves are your new best friend when it comes to working around your griddle. These are stylish and functional gloves.","og_url":"https:\/\/blackstonegriddles.ca\/fr\/produit\/paire-de-gants-de-cuisine-ge\/","og_site_name":"Blackstone Griddles","article_publisher":"https:\/\/www.facebook.com\/blackstoneproducts\/","article_modified_time":"2026-04-06T18:33:48+00:00","og_image":[{"width":800,"height":730,"url":"https:\/\/blackstonegriddles.ca\/wp-content\/uploads\/2024\/03\/5558_GEGriddleGlovePair_OnWhite_Main_01.jpg","type":"image\/jpeg"}],"twitter_card":"summary_large_image","twitter_site":"@weareblackstone","twitter_misc":{"Estimation du temps de lecture":"1 minute"},"schema":{"@context":"https:\/\/schema.org","@graph":[{"@type":"WebPage","@id":"https:\/\/blackstonegriddles.ca\/product\/ge-griddle-gloves-pair\/","url":"https:\/\/blackstonegriddles.ca\/product\/ge-griddle-gloves-pair\/","name":"Paire de gants pour gril GE - Blackstone Griddles","isPartOf":{"@id":"https:\/\/blackstonegriddles.ca\/#website"},"primaryImageOfPage":{"@id":"https:\/\/blackstonegriddles.ca\/product\/ge-griddle-gloves-pair\/#primaryimage"},"image":{"@id":"https:\/\/blackstonegriddles.ca\/product\/ge-griddle-gloves-pair\/#primaryimage"},"thumbnailUrl":"https:\/\/blackstonegriddles.ca\/wp-content\/uploads\/2024\/03\/5558_GEGriddleGlovePair_OnWhite_Main_01.jpg","datePublished":"2024-04-01T17:05:53+00:00","dateModified":"2026-04-06T18:33:48+00:00","description":"Les gants Blackstone Griddle Gloves sont votre nouveau meilleur ami lorsqu'il s'agit de travailler autour de votre plaque de cuisson. Ce sont des gants \u00e9l\u00e9gants et fonctionnels.","breadcrumb":{"@id":"https:\/\/blackstonegriddles.ca\/product\/ge-griddle-gloves-pair\/#breadcrumb"},"inLanguage":"fr-CA","potentialAction":[{"@type":"ReadAction","target":["https:\/\/blackstonegriddles.ca\/product\/ge-griddle-gloves-pair\/"]}]},{"@type":"ImageObject","inLanguage":"fr-CA","@id":"https:\/\/blackstonegriddles.ca\/product\/ge-griddle-gloves-pair\/#primaryimage","url":"https:\/\/blackstonegriddles.ca\/wp-content\/uploads\/2024\/03\/5558_GEGriddleGlovePair_OnWhite_Main_01.jpg","contentUrl":"https:\/\/blackstonegriddles.ca\/wp-content\/uploads\/2024\/03\/5558_GEGriddleGlovePair_OnWhite_Main_01.jpg","width":800,"height":730,"caption":"Griddle Glove Pair"},{"@type":"BreadcrumbList","@id":"https:\/\/blackstonegriddles.ca\/product\/ge-griddle-gloves-pair\/#breadcrumb","itemListElement":[{"@type":"ListItem","position":1,"name":"Home","item":"https:\/\/blackstonegriddles.ca\/"},{"@type":"ListItem","position":2,"name":"Shop","item":"https:\/\/blackstonegriddles.ca\/shop\/"},{"@type":"ListItem","position":3,"name":"GE Griddle Gloves Pair"}]},{"@type":"WebSite","@id":"https:\/\/blackstonegriddles.ca\/#website","url":"https:\/\/blackstonegriddles.ca\/","name":"Grils Blackstone Canada","description":"Blackstone Griddles distributeur officiel agr\u00e9\u00e9 Canada","publisher":{"@id":"https:\/\/blackstonegriddles.ca\/#organization"},"potentialAction":[{"@type":"SearchAction","target":{"@type":"EntryPoint","urlTemplate":"https:\/\/blackstonegriddles.ca\/?s={search_term_string}"},"query-input":{"@type":"PropertyValueSpecification","valueRequired":true,"valueName":"search_term_string"}}],"inLanguage":"fr-CA"},{"@type":"Organization","@id":"https:\/\/blackstonegriddles.ca\/#organization","name":"Grils Blackstone Canada","url":"https:\/\/blackstonegriddles.ca\/","logo":{"@type":"ImageObject","inLanguage":"fr-CA","@id":"https:\/\/blackstonegriddles.ca\/#\/schema\/logo\/image\/","url":"https:\/\/blackstonegriddles.ca\/wp-content\/uploads\/2025\/02\/blackstone-fire-logo.webp","contentUrl":"https:\/\/blackstonegriddles.ca\/wp-content\/uploads\/2025\/02\/blackstone-fire-logo.webp","width":53,"height":58,"caption":"Blackstone Griddles Canada"},"image":{"@id":"https:\/\/blackstonegriddles.ca\/#\/schema\/logo\/image\/"},"sameAs":["https:\/\/www.facebook.com\/blackstoneproducts\/","https:\/\/x.com\/weareblackstone","https:\/\/www.instagram.com\/blackstoneproducts\/","https:\/\/www.youtube.com\/channel\/UCr39rimir8y3p-q1iQYidVA"]}]}},"_links":{"self":[{"href":"https:\/\/blackstonegriddles.ca\/fr\/wp-json\/wp\/v2\/product\/37598","targetHints":{"allow":["GET"]}}],"collection":[{"href":"https:\/\/blackstonegriddles.ca\/fr\/wp-json\/wp\/v2\/product"}],"about":[{"href":"https:\/\/blackstonegriddles.ca\/fr\/wp-json\/wp\/v2\/types\/product"}],"wp:featuredmedia":[{"embeddable":true,"href":"https:\/\/blackstonegriddles.ca\/fr\/wp-json\/wp\/v2\/media\/37602"}],"wp:attachment":[{"href":"https:\/\/blackstonegriddles.ca\/fr\/wp-json\/wp\/v2\/media?parent=37598"}],"wp:term":[{"taxonomy":"product_brand","embeddable":true,"href":"https:\/\/blackstonegriddles.ca\/fr\/wp-json\/wp\/v2\/product_brand?post=37598"},{"taxonomy":"product_cat","embeddable":true,"href":"https:\/\/blackstonegriddles.ca\/fr\/wp-json\/wp\/v2\/product_cat?post=37598"},{"taxonomy":"product_tag","embeddable":true,"href":"https:\/\/blackstonegriddles.ca\/fr\/wp-json\/wp\/v2\/product_tag?post=37598"}],"curies":[{"name":"wp","href":"https:\/\/api.w.org\/{rel}","templated":true}]}}