{"id":37669,"date":"2024-03-23T18:11:58","date_gmt":"2024-03-23T18:11:58","guid":{"rendered":"https:\/\/blackstonegriddles.ca\/?post_type=product&#038;p=37669"},"modified":"2026-04-10T14:18:03","modified_gmt":"2026-04-10T14:18:03","slug":"plat-en-fonte-avec-poignee-amovible-et-dessous-de-plat-en-bois","status":"publish","type":"product","link":"https:\/\/blackstonegriddles.ca\/fr\/product\/cast-iron-dish-w-removable-handle-and-wood-trivet\/","title":{"rendered":"Plat en fonte avec poign\u00e9e amovible et tr\u00e9pied en bois"},"content":{"rendered":"<ul>\n<li>Dimensions int\u00e9rieures de la plaque \u00e0 pizza en fonte : 9.5\" x 9.5\" x 1.25\"<\/li>\n<li>La poign\u00e9e amovible en fonte se verrouille facilement dans la casserole en fonte pour un transport en toute s\u00e9curit\u00e9.<\/li>\n<li>Le dessous-de-plat en bois est con\u00e7u pour prot\u00e9ger les plateaux de table et autres surfaces.<\/li>\n<li>La po\u00eale en fonte et la poign\u00e9e amovible sont pr\u00e9-assaisonn\u00e9es.<\/li>\n<li>1 an de garantie<\/li>\n<\/ul>","protected":false},"excerpt":{"rendered":"<p>Le kit Blackstone's Deep Dish Pizza va r\u00e9volutionner vos soir\u00e9es pizza ! Gr\u00e2ce \u00e0 la polyvalence du plat en fonte, vous pouvez pr\u00e9parer vos pizzas pr\u00e9f\u00e9r\u00e9es, steaks, gressins et bien plus encore. Le kit comprend tout ce dont vous avez besoin : un plateau \u00e0 pizza en fonte, une poign\u00e9e amovible en fonte et un \u00e9l\u00e9gant dessous de plat en bois. Con\u00e7u pour compl\u00e9ter le four \u00e0 pizza Blackstone, ce plat en fonte est \u00e9quip\u00e9 d'une poign\u00e9e amovible pour faciliter sa mise en place et sa r\u00e9cup\u00e9ration. Il ne vous reste plus qu'\u00e0 d\u00e9cider ce que vous allez cuisiner en premier.<\/p>","protected":false},"featured_media":37681,"template":"","meta":[],"product_brand":[],"product_cat":[138,265,249],"product_tag":[],"class_list":{"0":"post-37669","1":"product","2":"type-product","3":"status-publish","4":"has-post-thumbnail","6":"product_cat-accessories","7":"product_cat-essential-extras","8":"product_cat-sale","9":"product_shipping_class-accessories","11":"first","12":"instock","13":"sale","14":"taxable","15":"shipping-taxable","16":"purchasable","17":"product-type-simple"},"yoast_head":"<!-- This site is optimized with the Yoast SEO plugin v27.4 - https:\/\/yoast.com\/product\/yoast-seo-wordpress\/ -->\n<title>Cast Iron Dish w\/ Removable Handle and Wood Trivet - Blackstone Griddles<\/title>\n<meta name=\"description\" content=\"The Blackstone\u2019s Deep Dish Pizza Kit will revolutionize your pizza nights! With the added versatility of the cast-iron dish you can make your favorite deep\" \/>\n<meta name=\"robots\" content=\"index, follow, max-snippet:-1, max-image-preview:large, max-video-preview:-1\" \/>\n<link rel=\"canonical\" href=\"https:\/\/blackstonegriddles.ca\/fr\/produit\/plat-en-fonte-avec-poignee-amovible-et-dessous-de-plat-en-bois\/\" \/>\n<meta property=\"og:locale\" content=\"fr_CA\" \/>\n<meta property=\"og:type\" content=\"article\" \/>\n<meta property=\"og:title\" content=\"Cast Iron Dish w\/ Removable Handle and Wood Trivet - Blackstone Griddles\" \/>\n<meta property=\"og:description\" content=\"The Blackstone\u2019s Deep Dish Pizza Kit will revolutionize your pizza nights! With the added versatility of the cast-iron dish you can make your favorite deep\" \/>\n<meta property=\"og:url\" content=\"https:\/\/blackstonegriddles.ca\/fr\/produit\/plat-en-fonte-avec-poignee-amovible-et-dessous-de-plat-en-bois\/\" \/>\n<meta property=\"og:site_name\" content=\"Blackstone Griddles\" \/>\n<meta property=\"article:publisher\" content=\"https:\/\/www.facebook.com\/blackstoneproducts\/\" \/>\n<meta property=\"article:modified_time\" content=\"2026-04-10T14:18:03+00:00\" \/>\n<meta property=\"og:image\" content=\"https:\/\/blackstonegriddles.ca\/wp-content\/uploads\/2024\/03\/deep-dish-pizza-pan.jpg\" \/>\n\t<meta property=\"og:image:width\" content=\"800\" \/>\n\t<meta property=\"og:image:height\" content=\"800\" \/>\n\t<meta property=\"og:image:type\" content=\"image\/jpeg\" \/>\n<meta name=\"twitter:card\" content=\"summary_large_image\" \/>\n<meta name=\"twitter:site\" content=\"@weareblackstone\" \/>\n<meta name=\"twitter:label1\" content=\"Estimation du temps de lecture\" \/>\n\t<meta name=\"twitter:data1\" content=\"1 minute\" \/>\n<script type=\"application\/ld+json\" class=\"yoast-schema-graph\">{\"@context\":\"https:\\\/\\\/schema.org\",\"@graph\":[{\"@type\":\"WebPage\",\"@id\":\"https:\\\/\\\/blackstonegriddles.ca\\\/product\\\/cast-iron-dish-w-removable-handle-and-wood-trivet\\\/\",\"url\":\"https:\\\/\\\/blackstonegriddles.ca\\\/product\\\/cast-iron-dish-w-removable-handle-and-wood-trivet\\\/\",\"name\":\"Cast Iron Dish w\\\/ Removable Handle and Wood Trivet - Blackstone Griddles\",\"isPartOf\":{\"@id\":\"https:\\\/\\\/blackstonegriddles.ca\\\/#website\"},\"primaryImageOfPage\":{\"@id\":\"https:\\\/\\\/blackstonegriddles.ca\\\/product\\\/cast-iron-dish-w-removable-handle-and-wood-trivet\\\/#primaryimage\"},\"image\":{\"@id\":\"https:\\\/\\\/blackstonegriddles.ca\\\/product\\\/cast-iron-dish-w-removable-handle-and-wood-trivet\\\/#primaryimage\"},\"thumbnailUrl\":\"https:\\\/\\\/blackstonegriddles.ca\\\/wp-content\\\/uploads\\\/2024\\\/03\\\/deep-dish-pizza-pan.jpg\",\"datePublished\":\"2024-03-23T18:11:58+00:00\",\"dateModified\":\"2026-04-10T14:18:03+00:00\",\"description\":\"The Blackstone\u2019s Deep Dish Pizza Kit will revolutionize your pizza nights! With the added versatility of the cast-iron dish you can make your favorite deep\",\"breadcrumb\":{\"@id\":\"https:\\\/\\\/blackstonegriddles.ca\\\/product\\\/cast-iron-dish-w-removable-handle-and-wood-trivet\\\/#breadcrumb\"},\"inLanguage\":\"fr-CA\",\"potentialAction\":[{\"@type\":\"ReadAction\",\"target\":[\"https:\\\/\\\/blackstonegriddles.ca\\\/product\\\/cast-iron-dish-w-removable-handle-and-wood-trivet\\\/\"]}]},{\"@type\":\"ImageObject\",\"inLanguage\":\"fr-CA\",\"@id\":\"https:\\\/\\\/blackstonegriddles.ca\\\/product\\\/cast-iron-dish-w-removable-handle-and-wood-trivet\\\/#primaryimage\",\"url\":\"https:\\\/\\\/blackstonegriddles.ca\\\/wp-content\\\/uploads\\\/2024\\\/03\\\/deep-dish-pizza-pan.jpg\",\"contentUrl\":\"https:\\\/\\\/blackstonegriddles.ca\\\/wp-content\\\/uploads\\\/2024\\\/03\\\/deep-dish-pizza-pan.jpg\",\"width\":800,\"height\":800,\"caption\":\"Cast Iron Dish w\\\/ Removable Handle and Wood Trivet\"},{\"@type\":\"BreadcrumbList\",\"@id\":\"https:\\\/\\\/blackstonegriddles.ca\\\/product\\\/cast-iron-dish-w-removable-handle-and-wood-trivet\\\/#breadcrumb\",\"itemListElement\":[{\"@type\":\"ListItem\",\"position\":1,\"name\":\"Home\",\"item\":\"https:\\\/\\\/blackstonegriddles.ca\\\/\"},{\"@type\":\"ListItem\",\"position\":2,\"name\":\"Shop\",\"item\":\"https:\\\/\\\/blackstonegriddles.ca\\\/shop\\\/\"},{\"@type\":\"ListItem\",\"position\":3,\"name\":\"Cast Iron Dish w\\\/ Removable Handle and Wood Trivet\"}]},{\"@type\":\"WebSite\",\"@id\":\"https:\\\/\\\/blackstonegriddles.ca\\\/#website\",\"url\":\"https:\\\/\\\/blackstonegriddles.ca\\\/\",\"name\":\"Blackstone Griddles Canada\",\"description\":\"Blackstone Griddles official licensed dealer Canada\",\"publisher\":{\"@id\":\"https:\\\/\\\/blackstonegriddles.ca\\\/#organization\"},\"potentialAction\":[{\"@type\":\"SearchAction\",\"target\":{\"@type\":\"EntryPoint\",\"urlTemplate\":\"https:\\\/\\\/blackstonegriddles.ca\\\/?s={search_term_string}\"},\"query-input\":{\"@type\":\"PropertyValueSpecification\",\"valueRequired\":true,\"valueName\":\"search_term_string\"}}],\"inLanguage\":\"fr-CA\"},{\"@type\":\"Organization\",\"@id\":\"https:\\\/\\\/blackstonegriddles.ca\\\/#organization\",\"name\":\"Blackstone Griddles Canada\",\"url\":\"https:\\\/\\\/blackstonegriddles.ca\\\/\",\"logo\":{\"@type\":\"ImageObject\",\"inLanguage\":\"fr-CA\",\"@id\":\"https:\\\/\\\/blackstonegriddles.ca\\\/#\\\/schema\\\/logo\\\/image\\\/\",\"url\":\"https:\\\/\\\/blackstonegriddles.ca\\\/wp-content\\\/uploads\\\/2025\\\/02\\\/blackstone-fire-logo.webp\",\"contentUrl\":\"https:\\\/\\\/blackstonegriddles.ca\\\/wp-content\\\/uploads\\\/2025\\\/02\\\/blackstone-fire-logo.webp\",\"width\":53,\"height\":58,\"caption\":\"Blackstone Griddles Canada\"},\"image\":{\"@id\":\"https:\\\/\\\/blackstonegriddles.ca\\\/#\\\/schema\\\/logo\\\/image\\\/\"},\"sameAs\":[\"https:\\\/\\\/www.facebook.com\\\/blackstoneproducts\\\/\",\"https:\\\/\\\/x.com\\\/weareblackstone\",\"https:\\\/\\\/www.instagram.com\\\/blackstoneproducts\\\/\",\"https:\\\/\\\/www.youtube.com\\\/channel\\\/UCr39rimir8y3p-q1iQYidVA\"]}]}<\/script>\n<!-- \/ Yoast SEO plugin. -->","yoast_head_json":{"title":"Plat en fonte avec poign\u00e9e amovible et dessous de plat en bois - Blackstone Griddles","description":"Le kit Blackstone's Deep Dish Pizza va r\u00e9volutionner vos soir\u00e9es pizza ! Gr\u00e2ce \u00e0 la polyvalence du plat en fonte, vous pouvez pr\u00e9parer vos pizzas profondes pr\u00e9f\u00e9r\u00e9es.","robots":{"index":"index","follow":"follow","max-snippet":"max-snippet:-1","max-image-preview":"max-image-preview:large","max-video-preview":"max-video-preview:-1"},"canonical":"https:\/\/blackstonegriddles.ca\/fr\/produit\/plat-en-fonte-avec-poignee-amovible-et-dessous-de-plat-en-bois\/","og_locale":"fr_CA","og_type":"article","og_title":"Cast Iron Dish w\/ Removable Handle and Wood Trivet - Blackstone Griddles","og_description":"The Blackstone\u2019s Deep Dish Pizza Kit will revolutionize your pizza nights! With the added versatility of the cast-iron dish you can make your favorite deep","og_url":"https:\/\/blackstonegriddles.ca\/fr\/produit\/plat-en-fonte-avec-poignee-amovible-et-dessous-de-plat-en-bois\/","og_site_name":"Blackstone Griddles","article_publisher":"https:\/\/www.facebook.com\/blackstoneproducts\/","article_modified_time":"2026-04-10T14:18:03+00:00","og_image":[{"width":800,"height":800,"url":"https:\/\/blackstonegriddles.ca\/wp-content\/uploads\/2024\/03\/deep-dish-pizza-pan.jpg","type":"image\/jpeg"}],"twitter_card":"summary_large_image","twitter_site":"@weareblackstone","twitter_misc":{"Estimation du temps de lecture":"1 minute"},"schema":{"@context":"https:\/\/schema.org","@graph":[{"@type":"WebPage","@id":"https:\/\/blackstonegriddles.ca\/product\/cast-iron-dish-w-removable-handle-and-wood-trivet\/","url":"https:\/\/blackstonegriddles.ca\/product\/cast-iron-dish-w-removable-handle-and-wood-trivet\/","name":"Plat en fonte avec poign\u00e9e amovible et dessous de plat en bois - Blackstone Griddles","isPartOf":{"@id":"https:\/\/blackstonegriddles.ca\/#website"},"primaryImageOfPage":{"@id":"https:\/\/blackstonegriddles.ca\/product\/cast-iron-dish-w-removable-handle-and-wood-trivet\/#primaryimage"},"image":{"@id":"https:\/\/blackstonegriddles.ca\/product\/cast-iron-dish-w-removable-handle-and-wood-trivet\/#primaryimage"},"thumbnailUrl":"https:\/\/blackstonegriddles.ca\/wp-content\/uploads\/2024\/03\/deep-dish-pizza-pan.jpg","datePublished":"2024-03-23T18:11:58+00:00","dateModified":"2026-04-10T14:18:03+00:00","description":"Le kit Blackstone's Deep Dish Pizza va r\u00e9volutionner vos soir\u00e9es pizza ! Gr\u00e2ce \u00e0 la polyvalence du plat en fonte, vous pouvez pr\u00e9parer vos pizzas profondes pr\u00e9f\u00e9r\u00e9es.","breadcrumb":{"@id":"https:\/\/blackstonegriddles.ca\/product\/cast-iron-dish-w-removable-handle-and-wood-trivet\/#breadcrumb"},"inLanguage":"fr-CA","potentialAction":[{"@type":"ReadAction","target":["https:\/\/blackstonegriddles.ca\/product\/cast-iron-dish-w-removable-handle-and-wood-trivet\/"]}]},{"@type":"ImageObject","inLanguage":"fr-CA","@id":"https:\/\/blackstonegriddles.ca\/product\/cast-iron-dish-w-removable-handle-and-wood-trivet\/#primaryimage","url":"https:\/\/blackstonegriddles.ca\/wp-content\/uploads\/2024\/03\/deep-dish-pizza-pan.jpg","contentUrl":"https:\/\/blackstonegriddles.ca\/wp-content\/uploads\/2024\/03\/deep-dish-pizza-pan.jpg","width":800,"height":800,"caption":"Cast Iron Dish w\/ Removable Handle and Wood Trivet"},{"@type":"BreadcrumbList","@id":"https:\/\/blackstonegriddles.ca\/product\/cast-iron-dish-w-removable-handle-and-wood-trivet\/#breadcrumb","itemListElement":[{"@type":"ListItem","position":1,"name":"Home","item":"https:\/\/blackstonegriddles.ca\/"},{"@type":"ListItem","position":2,"name":"Shop","item":"https:\/\/blackstonegriddles.ca\/shop\/"},{"@type":"ListItem","position":3,"name":"Cast Iron Dish w\/ Removable Handle and Wood Trivet"}]},{"@type":"WebSite","@id":"https:\/\/blackstonegriddles.ca\/#website","url":"https:\/\/blackstonegriddles.ca\/","name":"Grils Blackstone Canada","description":"Blackstone Griddles distributeur officiel agr\u00e9\u00e9 Canada","publisher":{"@id":"https:\/\/blackstonegriddles.ca\/#organization"},"potentialAction":[{"@type":"SearchAction","target":{"@type":"EntryPoint","urlTemplate":"https:\/\/blackstonegriddles.ca\/?s={search_term_string}"},"query-input":{"@type":"PropertyValueSpecification","valueRequired":true,"valueName":"search_term_string"}}],"inLanguage":"fr-CA"},{"@type":"Organization","@id":"https:\/\/blackstonegriddles.ca\/#organization","name":"Grils Blackstone Canada","url":"https:\/\/blackstonegriddles.ca\/","logo":{"@type":"ImageObject","inLanguage":"fr-CA","@id":"https:\/\/blackstonegriddles.ca\/#\/schema\/logo\/image\/","url":"https:\/\/blackstonegriddles.ca\/wp-content\/uploads\/2025\/02\/blackstone-fire-logo.webp","contentUrl":"https:\/\/blackstonegriddles.ca\/wp-content\/uploads\/2025\/02\/blackstone-fire-logo.webp","width":53,"height":58,"caption":"Blackstone Griddles Canada"},"image":{"@id":"https:\/\/blackstonegriddles.ca\/#\/schema\/logo\/image\/"},"sameAs":["https:\/\/www.facebook.com\/blackstoneproducts\/","https:\/\/x.com\/weareblackstone","https:\/\/www.instagram.com\/blackstoneproducts\/","https:\/\/www.youtube.com\/channel\/UCr39rimir8y3p-q1iQYidVA"]}]}},"_links":{"self":[{"href":"https:\/\/blackstonegriddles.ca\/fr\/wp-json\/wp\/v2\/product\/37669","targetHints":{"allow":["GET"]}}],"collection":[{"href":"https:\/\/blackstonegriddles.ca\/fr\/wp-json\/wp\/v2\/product"}],"about":[{"href":"https:\/\/blackstonegriddles.ca\/fr\/wp-json\/wp\/v2\/types\/product"}],"wp:featuredmedia":[{"embeddable":true,"href":"https:\/\/blackstonegriddles.ca\/fr\/wp-json\/wp\/v2\/media\/37681"}],"wp:attachment":[{"href":"https:\/\/blackstonegriddles.ca\/fr\/wp-json\/wp\/v2\/media?parent=37669"}],"wp:term":[{"taxonomy":"product_brand","embeddable":true,"href":"https:\/\/blackstonegriddles.ca\/fr\/wp-json\/wp\/v2\/product_brand?post=37669"},{"taxonomy":"product_cat","embeddable":true,"href":"https:\/\/blackstonegriddles.ca\/fr\/wp-json\/wp\/v2\/product_cat?post=37669"},{"taxonomy":"product_tag","embeddable":true,"href":"https:\/\/blackstonegriddles.ca\/fr\/wp-json\/wp\/v2\/product_tag?post=37669"}],"curies":[{"name":"wp","href":"https:\/\/api.w.org\/{rel}","templated":true}]}}