{"id":37670,"date":"2024-04-01T17:04:27","date_gmt":"2024-04-01T17:04:27","guid":{"rendered":"https:\/\/blackstonegriddles.ca\/?post_type=product&#038;p=37670"},"modified":"2026-05-01T14:13:48","modified_gmt":"2026-05-01T14:13:48","slug":"patio-series-36-inch-cover","status":"publish","type":"product","link":"https:\/\/blackstonegriddles.ca\/fr\/product\/patio-series-36-inch-cover\/","title":{"rendered":"S\u00e9rie Patio 36 pouces"},"content":{"rendered":"<ul>\n<li>Convient au gril de 36\" de la s\u00e9rie Patio<\/li>\n<li>Fabriqu\u00e9 en polyester 600 D tr\u00e8s r\u00e9sistant avec coutures renforc\u00e9es<\/li>\n<li>R\u00e9sistant aux intemp\u00e9ries<\/li>\n<\/ul>","protected":false},"excerpt":{"rendered":"<p>Prenez soin de votre plaque de cuisson avec la housse de la s\u00e9rie Patio 36\". Con\u00e7ue sur mesure pour s'adapter parfaitement \u00e0 la temp\u00eate, elle est dot\u00e9e de boucles solides qui la maintiennent en place. Les coutures renforc\u00e9es vous aideront \u00e0 prendre soin de votre plancha pendant des ann\u00e9es.<\/p>","protected":false},"featured_media":37671,"template":"","meta":[],"product_brand":[],"product_cat":[137],"product_tag":[],"class_list":{"0":"post-37670","1":"product","2":"type-product","3":"status-publish","4":"has-post-thumbnail","6":"product_cat-covers-and-carry-bags","7":"product_shipping_class-accessories","9":"first","10":"instock","11":"taxable","12":"shipping-taxable","13":"purchasable","14":"product-type-simple"},"yoast_head":"<!-- This site is optimized with the Yoast SEO plugin v27.5 - https:\/\/yoast.com\/product\/yoast-seo-wordpress\/ -->\n<title>Patio Series 36 Inch Cover - Blackstone Griddles<\/title>\n<meta name=\"description\" content=\"Care for your griddle with the 36\u201d Patio Series Cover. Custom designed to provide the perfect fit to weather the storm and strong buckles to cinch it tight.\" \/>\n<meta name=\"robots\" content=\"index, follow, max-snippet:-1, max-image-preview:large, max-video-preview:-1\" \/>\n<link rel=\"canonical\" href=\"https:\/\/blackstonegriddles.ca\/fr\/produit\/patio-series-36-inch-cover\/\" \/>\n<meta property=\"og:locale\" content=\"fr_CA\" \/>\n<meta property=\"og:type\" content=\"article\" \/>\n<meta property=\"og:title\" content=\"Patio Series 36 Inch Cover - Blackstone Griddles\" \/>\n<meta property=\"og:description\" content=\"Care for your griddle with the 36\u201d Patio Series Cover. Custom designed to provide the perfect fit to weather the storm and strong buckles to cinch it tight.\" \/>\n<meta property=\"og:url\" content=\"https:\/\/blackstonegriddles.ca\/fr\/produit\/patio-series-36-inch-cover\/\" \/>\n<meta property=\"og:site_name\" content=\"Blackstone Griddles\" \/>\n<meta property=\"article:publisher\" content=\"https:\/\/www.facebook.com\/blackstoneproducts\/\" \/>\n<meta property=\"article:modified_time\" content=\"2026-05-01T14:13:48+00:00\" \/>\n<meta property=\"og:image\" content=\"https:\/\/blackstonegriddles.ca\/wp-content\/uploads\/2024\/03\/5460_36InGriddleCover_Front-1.jpg\" \/>\n\t<meta property=\"og:image:width\" content=\"800\" \/>\n\t<meta property=\"og:image:height\" content=\"533\" \/>\n\t<meta property=\"og:image:type\" content=\"image\/jpeg\" \/>\n<meta name=\"twitter:card\" content=\"summary_large_image\" \/>\n<meta name=\"twitter:site\" content=\"@weareblackstone\" \/>\n<meta name=\"twitter:label1\" content=\"Estimation du temps de lecture\" \/>\n\t<meta name=\"twitter:data1\" content=\"1 minute\" \/>\n<script type=\"application\/ld+json\" class=\"yoast-schema-graph\">{\"@context\":\"https:\\\/\\\/schema.org\",\"@graph\":[{\"@type\":\"WebPage\",\"@id\":\"https:\\\/\\\/blackstonegriddles.ca\\\/product\\\/patio-series-36-inch-cover\\\/\",\"url\":\"https:\\\/\\\/blackstonegriddles.ca\\\/product\\\/patio-series-36-inch-cover\\\/\",\"name\":\"Patio Series 36 Inch Cover - Blackstone Griddles\",\"isPartOf\":{\"@id\":\"https:\\\/\\\/blackstonegriddles.ca\\\/#website\"},\"primaryImageOfPage\":{\"@id\":\"https:\\\/\\\/blackstonegriddles.ca\\\/product\\\/patio-series-36-inch-cover\\\/#primaryimage\"},\"image\":{\"@id\":\"https:\\\/\\\/blackstonegriddles.ca\\\/product\\\/patio-series-36-inch-cover\\\/#primaryimage\"},\"thumbnailUrl\":\"https:\\\/\\\/blackstonegriddles.ca\\\/wp-content\\\/uploads\\\/2024\\\/03\\\/5460_36InGriddleCover_Front-1.jpg\",\"datePublished\":\"2024-04-01T17:04:27+00:00\",\"dateModified\":\"2026-05-01T14:13:48+00:00\",\"description\":\"Care for your griddle with the 36\u201d Patio Series Cover. Custom designed to provide the perfect fit to weather the storm and strong buckles to cinch it tight.\",\"breadcrumb\":{\"@id\":\"https:\\\/\\\/blackstonegriddles.ca\\\/product\\\/patio-series-36-inch-cover\\\/#breadcrumb\"},\"inLanguage\":\"fr-CA\",\"potentialAction\":[{\"@type\":\"ReadAction\",\"target\":[\"https:\\\/\\\/blackstonegriddles.ca\\\/product\\\/patio-series-36-inch-cover\\\/\"]}]},{\"@type\":\"ImageObject\",\"inLanguage\":\"fr-CA\",\"@id\":\"https:\\\/\\\/blackstonegriddles.ca\\\/product\\\/patio-series-36-inch-cover\\\/#primaryimage\",\"url\":\"https:\\\/\\\/blackstonegriddles.ca\\\/wp-content\\\/uploads\\\/2024\\\/03\\\/5460_36InGriddleCover_Front-1.jpg\",\"contentUrl\":\"https:\\\/\\\/blackstonegriddles.ca\\\/wp-content\\\/uploads\\\/2024\\\/03\\\/5460_36InGriddleCover_Front-1.jpg\",\"width\":800,\"height\":533,\"caption\":\"36In Griddle Cove\"},{\"@type\":\"BreadcrumbList\",\"@id\":\"https:\\\/\\\/blackstonegriddles.ca\\\/product\\\/patio-series-36-inch-cover\\\/#breadcrumb\",\"itemListElement\":[{\"@type\":\"ListItem\",\"position\":1,\"name\":\"Home\",\"item\":\"https:\\\/\\\/blackstonegriddles.ca\\\/\"},{\"@type\":\"ListItem\",\"position\":2,\"name\":\"Shop\",\"item\":\"https:\\\/\\\/blackstonegriddles.ca\\\/shop\\\/\"},{\"@type\":\"ListItem\",\"position\":3,\"name\":\"Patio Series 36 Inch Cover\"}]},{\"@type\":\"WebSite\",\"@id\":\"https:\\\/\\\/blackstonegriddles.ca\\\/#website\",\"url\":\"https:\\\/\\\/blackstonegriddles.ca\\\/\",\"name\":\"Blackstone Griddles Canada\",\"description\":\"Blackstone Griddles official licensed dealer Canada\",\"publisher\":{\"@id\":\"https:\\\/\\\/blackstonegriddles.ca\\\/#organization\"},\"potentialAction\":[{\"@type\":\"SearchAction\",\"target\":{\"@type\":\"EntryPoint\",\"urlTemplate\":\"https:\\\/\\\/blackstonegriddles.ca\\\/?s={search_term_string}\"},\"query-input\":{\"@type\":\"PropertyValueSpecification\",\"valueRequired\":true,\"valueName\":\"search_term_string\"}}],\"inLanguage\":\"fr-CA\"},{\"@type\":\"Organization\",\"@id\":\"https:\\\/\\\/blackstonegriddles.ca\\\/#organization\",\"name\":\"Blackstone Griddles Canada\",\"url\":\"https:\\\/\\\/blackstonegriddles.ca\\\/\",\"logo\":{\"@type\":\"ImageObject\",\"inLanguage\":\"fr-CA\",\"@id\":\"https:\\\/\\\/blackstonegriddles.ca\\\/#\\\/schema\\\/logo\\\/image\\\/\",\"url\":\"https:\\\/\\\/blackstonegriddles.ca\\\/wp-content\\\/uploads\\\/2025\\\/02\\\/blackstone-fire-logo.webp\",\"contentUrl\":\"https:\\\/\\\/blackstonegriddles.ca\\\/wp-content\\\/uploads\\\/2025\\\/02\\\/blackstone-fire-logo.webp\",\"width\":53,\"height\":58,\"caption\":\"Blackstone Griddles Canada\"},\"image\":{\"@id\":\"https:\\\/\\\/blackstonegriddles.ca\\\/#\\\/schema\\\/logo\\\/image\\\/\"},\"sameAs\":[\"https:\\\/\\\/www.facebook.com\\\/blackstoneproducts\\\/\",\"https:\\\/\\\/x.com\\\/weareblackstone\",\"https:\\\/\\\/www.instagram.com\\\/blackstoneproducts\\\/\",\"https:\\\/\\\/www.youtube.com\\\/channel\\\/UCr39rimir8y3p-q1iQYidVA\"]}]}<\/script>\n<!-- \/ Yoast SEO plugin. -->","yoast_head_json":{"title":"Couvercle de la s\u00e9rie Patio 36 pouces - Blackstone Griddles","description":"Prenez soin de votre plaque de cuisson avec la housse de la s\u00e9rie Patio 36\". Con\u00e7ue sur mesure pour s'adapter parfaitement \u00e0 la temp\u00eate, elle est dot\u00e9e de boucles solides qui la maintiennent bien en place.","robots":{"index":"index","follow":"follow","max-snippet":"max-snippet:-1","max-image-preview":"max-image-preview:large","max-video-preview":"max-video-preview:-1"},"canonical":"https:\/\/blackstonegriddles.ca\/fr\/produit\/patio-series-36-inch-cover\/","og_locale":"fr_CA","og_type":"article","og_title":"Patio Series 36 Inch Cover - Blackstone Griddles","og_description":"Care for your griddle with the 36\u201d Patio Series Cover. Custom designed to provide the perfect fit to weather the storm and strong buckles to cinch it tight.","og_url":"https:\/\/blackstonegriddles.ca\/fr\/produit\/patio-series-36-inch-cover\/","og_site_name":"Blackstone Griddles","article_publisher":"https:\/\/www.facebook.com\/blackstoneproducts\/","article_modified_time":"2026-05-01T14:13:48+00:00","og_image":[{"width":800,"height":533,"url":"https:\/\/blackstonegriddles.ca\/wp-content\/uploads\/2024\/03\/5460_36InGriddleCover_Front-1.jpg","type":"image\/jpeg"}],"twitter_card":"summary_large_image","twitter_site":"@weareblackstone","twitter_misc":{"Estimation du temps de lecture":"1 minute"},"schema":{"@context":"https:\/\/schema.org","@graph":[{"@type":"WebPage","@id":"https:\/\/blackstonegriddles.ca\/product\/patio-series-36-inch-cover\/","url":"https:\/\/blackstonegriddles.ca\/product\/patio-series-36-inch-cover\/","name":"Couvercle de la s\u00e9rie Patio 36 pouces - Blackstone Griddles","isPartOf":{"@id":"https:\/\/blackstonegriddles.ca\/#website"},"primaryImageOfPage":{"@id":"https:\/\/blackstonegriddles.ca\/product\/patio-series-36-inch-cover\/#primaryimage"},"image":{"@id":"https:\/\/blackstonegriddles.ca\/product\/patio-series-36-inch-cover\/#primaryimage"},"thumbnailUrl":"https:\/\/blackstonegriddles.ca\/wp-content\/uploads\/2024\/03\/5460_36InGriddleCover_Front-1.jpg","datePublished":"2024-04-01T17:04:27+00:00","dateModified":"2026-05-01T14:13:48+00:00","description":"Prenez soin de votre plaque de cuisson avec la housse de la s\u00e9rie Patio 36\". Con\u00e7ue sur mesure pour s'adapter parfaitement \u00e0 la temp\u00eate, elle est dot\u00e9e de boucles solides qui la maintiennent bien en place.","breadcrumb":{"@id":"https:\/\/blackstonegriddles.ca\/product\/patio-series-36-inch-cover\/#breadcrumb"},"inLanguage":"fr-CA","potentialAction":[{"@type":"ReadAction","target":["https:\/\/blackstonegriddles.ca\/product\/patio-series-36-inch-cover\/"]}]},{"@type":"ImageObject","inLanguage":"fr-CA","@id":"https:\/\/blackstonegriddles.ca\/product\/patio-series-36-inch-cover\/#primaryimage","url":"https:\/\/blackstonegriddles.ca\/wp-content\/uploads\/2024\/03\/5460_36InGriddleCover_Front-1.jpg","contentUrl":"https:\/\/blackstonegriddles.ca\/wp-content\/uploads\/2024\/03\/5460_36InGriddleCover_Front-1.jpg","width":800,"height":533,"caption":"36In Griddle Cove"},{"@type":"BreadcrumbList","@id":"https:\/\/blackstonegriddles.ca\/product\/patio-series-36-inch-cover\/#breadcrumb","itemListElement":[{"@type":"ListItem","position":1,"name":"Home","item":"https:\/\/blackstonegriddles.ca\/"},{"@type":"ListItem","position":2,"name":"Shop","item":"https:\/\/blackstonegriddles.ca\/shop\/"},{"@type":"ListItem","position":3,"name":"Patio Series 36 Inch Cover"}]},{"@type":"WebSite","@id":"https:\/\/blackstonegriddles.ca\/#website","url":"https:\/\/blackstonegriddles.ca\/","name":"Grils Blackstone Canada","description":"Blackstone Griddles distributeur officiel agr\u00e9\u00e9 Canada","publisher":{"@id":"https:\/\/blackstonegriddles.ca\/#organization"},"potentialAction":[{"@type":"SearchAction","target":{"@type":"EntryPoint","urlTemplate":"https:\/\/blackstonegriddles.ca\/?s={search_term_string}"},"query-input":{"@type":"PropertyValueSpecification","valueRequired":true,"valueName":"search_term_string"}}],"inLanguage":"fr-CA"},{"@type":"Organization","@id":"https:\/\/blackstonegriddles.ca\/#organization","name":"Grils Blackstone Canada","url":"https:\/\/blackstonegriddles.ca\/","logo":{"@type":"ImageObject","inLanguage":"fr-CA","@id":"https:\/\/blackstonegriddles.ca\/#\/schema\/logo\/image\/","url":"https:\/\/blackstonegriddles.ca\/wp-content\/uploads\/2025\/02\/blackstone-fire-logo.webp","contentUrl":"https:\/\/blackstonegriddles.ca\/wp-content\/uploads\/2025\/02\/blackstone-fire-logo.webp","width":53,"height":58,"caption":"Blackstone Griddles Canada"},"image":{"@id":"https:\/\/blackstonegriddles.ca\/#\/schema\/logo\/image\/"},"sameAs":["https:\/\/www.facebook.com\/blackstoneproducts\/","https:\/\/x.com\/weareblackstone","https:\/\/www.instagram.com\/blackstoneproducts\/","https:\/\/www.youtube.com\/channel\/UCr39rimir8y3p-q1iQYidVA"]}]}},"_links":{"self":[{"href":"https:\/\/blackstonegriddles.ca\/fr\/wp-json\/wp\/v2\/product\/37670","targetHints":{"allow":["GET"]}}],"collection":[{"href":"https:\/\/blackstonegriddles.ca\/fr\/wp-json\/wp\/v2\/product"}],"about":[{"href":"https:\/\/blackstonegriddles.ca\/fr\/wp-json\/wp\/v2\/types\/product"}],"wp:featuredmedia":[{"embeddable":true,"href":"https:\/\/blackstonegriddles.ca\/fr\/wp-json\/wp\/v2\/media\/37671"}],"wp:attachment":[{"href":"https:\/\/blackstonegriddles.ca\/fr\/wp-json\/wp\/v2\/media?parent=37670"}],"wp:term":[{"taxonomy":"product_brand","embeddable":true,"href":"https:\/\/blackstonegriddles.ca\/fr\/wp-json\/wp\/v2\/product_brand?post=37670"},{"taxonomy":"product_cat","embeddable":true,"href":"https:\/\/blackstonegriddles.ca\/fr\/wp-json\/wp\/v2\/product_cat?post=37670"},{"taxonomy":"product_tag","embeddable":true,"href":"https:\/\/blackstonegriddles.ca\/fr\/wp-json\/wp\/v2\/product_tag?post=37670"}],"curies":[{"name":"wp","href":"https:\/\/api.w.org\/{rel}","templated":true}]}}