{"id":38006,"date":"2024-04-03T19:34:29","date_gmt":"2024-04-03T19:34:29","guid":{"rendered":"https:\/\/blackstonegriddles.ca\/?post_type=product&#038;p=38006"},"modified":"2026-04-06T12:39:09","modified_gmt":"2026-04-06T12:39:09","slug":"plaque-a-pizza-en-aluminium-noir","status":"publish","type":"product","link":"https:\/\/blackstonegriddles.ca\/fr\/product\/black-aluminum-pizza-peel\/","title":{"rendered":"Peau \u00e0 pizza en aluminium noir"},"content":{"rendered":"<ul class=\"sc-eJRTFu jFgyke pf-101_ acumin\" data-pf-type=\"MetafieldValue\">\n<li class=\"sc-dtDOqo bEUZPZ metafield-list.single_line_text_field\">Construction en aluminium<\/li>\n<li class=\"sc-dtDOqo bEUZPZ metafield-list.single_line_text_field\">Joint renforc\u00e9 \u00e0 la jonction de la peau et de la poign\u00e9e pour un contr\u00f4le maximal<\/li>\n<li class=\"sc-dtDOqo bEUZPZ metafield-list.single_line_text_field\">La surface perfor\u00e9e permet \u00e0 la farine de s'\u00e9chapper, ce qui facilite le lancement et rend la cro\u00fbte plus homog\u00e8ne.<\/li>\n<li class=\"sc-dtDOqo bEUZPZ metafield-list.single_line_text_field\">Lavage \u00e0 la main uniquement<\/li>\n<li class=\"sc-dtDOqo bEUZPZ metafield-list.single_line_text_field\">13.75\" de largeur de pelure<\/li>\n<\/ul>","protected":false},"excerpt":{"rendered":"<p>Que vous soyez un pizzaiolo chevronn\u00e9 ou que vous d\u00e9butiez dans la fabrication de pizzas, la grande \u00e9plucheuse Blackstone Pizza vous permet de lancer et de r\u00e9cup\u00e9rer vos pizzas sans effort. Fabriqu\u00e9e en aluminium durable, cette \u00e9plucheuse de qualit\u00e9 sup\u00e9rieure est l\u00e9g\u00e8re, ce qui permet un contr\u00f4le pr\u00e9cis lorsque vous faites glisser les pizzas dans le four et hors du four. Sa surface perfor\u00e9e facilite l'\u00e9limination de l'exc\u00e8s de farine de la base de la pizza, ce qui permet des lancements plus doux et des cro\u00fbtes cuites uniform\u00e9ment. L'\u00e9plucheur est m\u00e9ticuleusement con\u00e7u pour am\u00e9liorer votre exp\u00e9rience culinaire, que vous pr\u00e9pariez des pizzas ou d'autres plats d\u00e9licieux dans le four \u00e0 pizza Blackstone.<\/p>","protected":false},"featured_media":38007,"template":"","meta":[],"product_brand":[],"product_cat":[138,265],"product_tag":[],"class_list":{"0":"post-38006","1":"product","2":"type-product","3":"status-publish","4":"has-post-thumbnail","6":"product_cat-accessories","7":"product_cat-essential-extras","8":"product_shipping_class-accessories","10":"first","11":"outofstock","12":"taxable","13":"shipping-taxable","14":"purchasable","15":"product-type-simple"},"yoast_head":"<!-- This site is optimized with the Yoast SEO plugin v27.4 - https:\/\/yoast.com\/product\/yoast-seo-wordpress\/ -->\n<title>Black Aluminum Pizza Peel - Blackstone Griddles<\/title>\n<meta name=\"description\" content=\"Whether you&#039;re a seasoned pizzaiolo or just getting started with pizza-making, the Blackstone Pizza Large Peel ensures effortless pizza launching and retrieval.\" \/>\n<meta name=\"robots\" content=\"index, follow, max-snippet:-1, max-image-preview:large, max-video-preview:-1\" \/>\n<link rel=\"canonical\" href=\"https:\/\/blackstonegriddles.ca\/fr\/produit\/plaque-a-pizza-en-aluminium-noir\/\" \/>\n<meta property=\"og:locale\" content=\"fr_CA\" \/>\n<meta property=\"og:type\" content=\"article\" \/>\n<meta property=\"og:title\" content=\"Black Aluminum Pizza Peel - Blackstone Griddles\" \/>\n<meta property=\"og:description\" content=\"Whether you&#039;re a seasoned pizzaiolo or just getting started with pizza-making, the Blackstone Pizza Large Peel ensures effortless pizza launching and retrieval.\" \/>\n<meta property=\"og:url\" content=\"https:\/\/blackstonegriddles.ca\/fr\/produit\/plaque-a-pizza-en-aluminium-noir\/\" \/>\n<meta property=\"og:site_name\" content=\"Blackstone Griddles\" \/>\n<meta property=\"article:publisher\" content=\"https:\/\/www.facebook.com\/blackstoneproducts\/\" \/>\n<meta property=\"article:modified_time\" content=\"2026-04-06T12:39:09+00:00\" \/>\n<meta property=\"og:image\" content=\"https:\/\/blackstonegriddles.ca\/wp-content\/uploads\/2024\/04\/bi71ytkkyfy5ogsf8rws.jpg\" \/>\n\t<meta property=\"og:image:width\" content=\"800\" \/>\n\t<meta property=\"og:image:height\" content=\"1792\" \/>\n\t<meta property=\"og:image:type\" content=\"image\/jpeg\" \/>\n<meta name=\"twitter:card\" content=\"summary_large_image\" \/>\n<meta name=\"twitter:site\" content=\"@weareblackstone\" \/>\n<meta name=\"twitter:label1\" content=\"Estimation du temps de lecture\" \/>\n\t<meta name=\"twitter:data1\" content=\"1 minute\" \/>\n<script type=\"application\/ld+json\" class=\"yoast-schema-graph\">{\"@context\":\"https:\\\/\\\/schema.org\",\"@graph\":[{\"@type\":\"WebPage\",\"@id\":\"https:\\\/\\\/blackstonegriddles.ca\\\/product\\\/black-aluminum-pizza-peel\\\/\",\"url\":\"https:\\\/\\\/blackstonegriddles.ca\\\/product\\\/black-aluminum-pizza-peel\\\/\",\"name\":\"Black Aluminum Pizza Peel - Blackstone Griddles\",\"isPartOf\":{\"@id\":\"https:\\\/\\\/blackstonegriddles.ca\\\/#website\"},\"primaryImageOfPage\":{\"@id\":\"https:\\\/\\\/blackstonegriddles.ca\\\/product\\\/black-aluminum-pizza-peel\\\/#primaryimage\"},\"image\":{\"@id\":\"https:\\\/\\\/blackstonegriddles.ca\\\/product\\\/black-aluminum-pizza-peel\\\/#primaryimage\"},\"thumbnailUrl\":\"https:\\\/\\\/blackstonegriddles.ca\\\/wp-content\\\/uploads\\\/2024\\\/04\\\/bi71ytkkyfy5ogsf8rws.jpg\",\"datePublished\":\"2024-04-03T19:34:29+00:00\",\"dateModified\":\"2026-04-06T12:39:09+00:00\",\"description\":\"Whether you're a seasoned pizzaiolo or just getting started with pizza-making, the Blackstone Pizza Large Peel ensures effortless pizza launching and retrieval.\",\"breadcrumb\":{\"@id\":\"https:\\\/\\\/blackstonegriddles.ca\\\/product\\\/black-aluminum-pizza-peel\\\/#breadcrumb\"},\"inLanguage\":\"fr-CA\",\"potentialAction\":[{\"@type\":\"ReadAction\",\"target\":[\"https:\\\/\\\/blackstonegriddles.ca\\\/product\\\/black-aluminum-pizza-peel\\\/\"]}]},{\"@type\":\"ImageObject\",\"inLanguage\":\"fr-CA\",\"@id\":\"https:\\\/\\\/blackstonegriddles.ca\\\/product\\\/black-aluminum-pizza-peel\\\/#primaryimage\",\"url\":\"https:\\\/\\\/blackstonegriddles.ca\\\/wp-content\\\/uploads\\\/2024\\\/04\\\/bi71ytkkyfy5ogsf8rws.jpg\",\"contentUrl\":\"https:\\\/\\\/blackstonegriddles.ca\\\/wp-content\\\/uploads\\\/2024\\\/04\\\/bi71ytkkyfy5ogsf8rws.jpg\",\"width\":800,\"height\":1792,\"caption\":\"Black Aluminum Pizza Peel\"},{\"@type\":\"BreadcrumbList\",\"@id\":\"https:\\\/\\\/blackstonegriddles.ca\\\/product\\\/black-aluminum-pizza-peel\\\/#breadcrumb\",\"itemListElement\":[{\"@type\":\"ListItem\",\"position\":1,\"name\":\"Home\",\"item\":\"https:\\\/\\\/blackstonegriddles.ca\\\/\"},{\"@type\":\"ListItem\",\"position\":2,\"name\":\"Shop\",\"item\":\"https:\\\/\\\/blackstonegriddles.ca\\\/shop\\\/\"},{\"@type\":\"ListItem\",\"position\":3,\"name\":\"Black Aluminum Pizza Peel\"}]},{\"@type\":\"WebSite\",\"@id\":\"https:\\\/\\\/blackstonegriddles.ca\\\/#website\",\"url\":\"https:\\\/\\\/blackstonegriddles.ca\\\/\",\"name\":\"Blackstone Griddles Canada\",\"description\":\"Blackstone Griddles official licensed dealer Canada\",\"publisher\":{\"@id\":\"https:\\\/\\\/blackstonegriddles.ca\\\/#organization\"},\"potentialAction\":[{\"@type\":\"SearchAction\",\"target\":{\"@type\":\"EntryPoint\",\"urlTemplate\":\"https:\\\/\\\/blackstonegriddles.ca\\\/?s={search_term_string}\"},\"query-input\":{\"@type\":\"PropertyValueSpecification\",\"valueRequired\":true,\"valueName\":\"search_term_string\"}}],\"inLanguage\":\"fr-CA\"},{\"@type\":\"Organization\",\"@id\":\"https:\\\/\\\/blackstonegriddles.ca\\\/#organization\",\"name\":\"Blackstone Griddles Canada\",\"url\":\"https:\\\/\\\/blackstonegriddles.ca\\\/\",\"logo\":{\"@type\":\"ImageObject\",\"inLanguage\":\"fr-CA\",\"@id\":\"https:\\\/\\\/blackstonegriddles.ca\\\/#\\\/schema\\\/logo\\\/image\\\/\",\"url\":\"https:\\\/\\\/blackstonegriddles.ca\\\/wp-content\\\/uploads\\\/2025\\\/02\\\/blackstone-fire-logo.webp\",\"contentUrl\":\"https:\\\/\\\/blackstonegriddles.ca\\\/wp-content\\\/uploads\\\/2025\\\/02\\\/blackstone-fire-logo.webp\",\"width\":53,\"height\":58,\"caption\":\"Blackstone Griddles Canada\"},\"image\":{\"@id\":\"https:\\\/\\\/blackstonegriddles.ca\\\/#\\\/schema\\\/logo\\\/image\\\/\"},\"sameAs\":[\"https:\\\/\\\/www.facebook.com\\\/blackstoneproducts\\\/\",\"https:\\\/\\\/x.com\\\/weareblackstone\",\"https:\\\/\\\/www.instagram.com\\\/blackstoneproducts\\\/\",\"https:\\\/\\\/www.youtube.com\\\/channel\\\/UCr39rimir8y3p-q1iQYidVA\"]}]}<\/script>\n<!-- \/ Yoast SEO plugin. -->","yoast_head_json":{"title":"Peau \u00e0 pizza en aluminium noir - Blackstone Griddles","description":"Que vous soyez un pizzaiolo chevronn\u00e9 ou que vous d\u00e9butiez dans la fabrication de pizzas, la grande pelle \u00e0 pizza Blackstone Pizza assure le lancement et la r\u00e9cup\u00e9ration des pizzas sans effort.","robots":{"index":"index","follow":"follow","max-snippet":"max-snippet:-1","max-image-preview":"max-image-preview:large","max-video-preview":"max-video-preview:-1"},"canonical":"https:\/\/blackstonegriddles.ca\/fr\/produit\/plaque-a-pizza-en-aluminium-noir\/","og_locale":"fr_CA","og_type":"article","og_title":"Black Aluminum Pizza Peel - Blackstone Griddles","og_description":"Whether you're a seasoned pizzaiolo or just getting started with pizza-making, the Blackstone Pizza Large Peel ensures effortless pizza launching and retrieval.","og_url":"https:\/\/blackstonegriddles.ca\/fr\/produit\/plaque-a-pizza-en-aluminium-noir\/","og_site_name":"Blackstone Griddles","article_publisher":"https:\/\/www.facebook.com\/blackstoneproducts\/","article_modified_time":"2026-04-06T12:39:09+00:00","og_image":[{"width":800,"height":1792,"url":"https:\/\/blackstonegriddles.ca\/wp-content\/uploads\/2024\/04\/bi71ytkkyfy5ogsf8rws.jpg","type":"image\/jpeg"}],"twitter_card":"summary_large_image","twitter_site":"@weareblackstone","twitter_misc":{"Estimation du temps de lecture":"1 minute"},"schema":{"@context":"https:\/\/schema.org","@graph":[{"@type":"WebPage","@id":"https:\/\/blackstonegriddles.ca\/product\/black-aluminum-pizza-peel\/","url":"https:\/\/blackstonegriddles.ca\/product\/black-aluminum-pizza-peel\/","name":"Peau \u00e0 pizza en aluminium noir - Blackstone Griddles","isPartOf":{"@id":"https:\/\/blackstonegriddles.ca\/#website"},"primaryImageOfPage":{"@id":"https:\/\/blackstonegriddles.ca\/product\/black-aluminum-pizza-peel\/#primaryimage"},"image":{"@id":"https:\/\/blackstonegriddles.ca\/product\/black-aluminum-pizza-peel\/#primaryimage"},"thumbnailUrl":"https:\/\/blackstonegriddles.ca\/wp-content\/uploads\/2024\/04\/bi71ytkkyfy5ogsf8rws.jpg","datePublished":"2024-04-03T19:34:29+00:00","dateModified":"2026-04-06T12:39:09+00:00","description":"Que vous soyez un pizzaiolo chevronn\u00e9 ou que vous d\u00e9butiez dans la fabrication de pizzas, la grande pelle \u00e0 pizza Blackstone Pizza assure le lancement et la r\u00e9cup\u00e9ration des pizzas sans effort.","breadcrumb":{"@id":"https:\/\/blackstonegriddles.ca\/product\/black-aluminum-pizza-peel\/#breadcrumb"},"inLanguage":"fr-CA","potentialAction":[{"@type":"ReadAction","target":["https:\/\/blackstonegriddles.ca\/product\/black-aluminum-pizza-peel\/"]}]},{"@type":"ImageObject","inLanguage":"fr-CA","@id":"https:\/\/blackstonegriddles.ca\/product\/black-aluminum-pizza-peel\/#primaryimage","url":"https:\/\/blackstonegriddles.ca\/wp-content\/uploads\/2024\/04\/bi71ytkkyfy5ogsf8rws.jpg","contentUrl":"https:\/\/blackstonegriddles.ca\/wp-content\/uploads\/2024\/04\/bi71ytkkyfy5ogsf8rws.jpg","width":800,"height":1792,"caption":"Black Aluminum Pizza Peel"},{"@type":"BreadcrumbList","@id":"https:\/\/blackstonegriddles.ca\/product\/black-aluminum-pizza-peel\/#breadcrumb","itemListElement":[{"@type":"ListItem","position":1,"name":"Home","item":"https:\/\/blackstonegriddles.ca\/"},{"@type":"ListItem","position":2,"name":"Shop","item":"https:\/\/blackstonegriddles.ca\/shop\/"},{"@type":"ListItem","position":3,"name":"Black Aluminum Pizza Peel"}]},{"@type":"WebSite","@id":"https:\/\/blackstonegriddles.ca\/#website","url":"https:\/\/blackstonegriddles.ca\/","name":"Grils Blackstone Canada","description":"Blackstone Griddles distributeur officiel agr\u00e9\u00e9 Canada","publisher":{"@id":"https:\/\/blackstonegriddles.ca\/#organization"},"potentialAction":[{"@type":"SearchAction","target":{"@type":"EntryPoint","urlTemplate":"https:\/\/blackstonegriddles.ca\/?s={search_term_string}"},"query-input":{"@type":"PropertyValueSpecification","valueRequired":true,"valueName":"search_term_string"}}],"inLanguage":"fr-CA"},{"@type":"Organization","@id":"https:\/\/blackstonegriddles.ca\/#organization","name":"Grils Blackstone Canada","url":"https:\/\/blackstonegriddles.ca\/","logo":{"@type":"ImageObject","inLanguage":"fr-CA","@id":"https:\/\/blackstonegriddles.ca\/#\/schema\/logo\/image\/","url":"https:\/\/blackstonegriddles.ca\/wp-content\/uploads\/2025\/02\/blackstone-fire-logo.webp","contentUrl":"https:\/\/blackstonegriddles.ca\/wp-content\/uploads\/2025\/02\/blackstone-fire-logo.webp","width":53,"height":58,"caption":"Blackstone Griddles Canada"},"image":{"@id":"https:\/\/blackstonegriddles.ca\/#\/schema\/logo\/image\/"},"sameAs":["https:\/\/www.facebook.com\/blackstoneproducts\/","https:\/\/x.com\/weareblackstone","https:\/\/www.instagram.com\/blackstoneproducts\/","https:\/\/www.youtube.com\/channel\/UCr39rimir8y3p-q1iQYidVA"]}]}},"_links":{"self":[{"href":"https:\/\/blackstonegriddles.ca\/fr\/wp-json\/wp\/v2\/product\/38006","targetHints":{"allow":["GET"]}}],"collection":[{"href":"https:\/\/blackstonegriddles.ca\/fr\/wp-json\/wp\/v2\/product"}],"about":[{"href":"https:\/\/blackstonegriddles.ca\/fr\/wp-json\/wp\/v2\/types\/product"}],"wp:featuredmedia":[{"embeddable":true,"href":"https:\/\/blackstonegriddles.ca\/fr\/wp-json\/wp\/v2\/media\/38007"}],"wp:attachment":[{"href":"https:\/\/blackstonegriddles.ca\/fr\/wp-json\/wp\/v2\/media?parent=38006"}],"wp:term":[{"taxonomy":"product_brand","embeddable":true,"href":"https:\/\/blackstonegriddles.ca\/fr\/wp-json\/wp\/v2\/product_brand?post=38006"},{"taxonomy":"product_cat","embeddable":true,"href":"https:\/\/blackstonegriddles.ca\/fr\/wp-json\/wp\/v2\/product_cat?post=38006"},{"taxonomy":"product_tag","embeddable":true,"href":"https:\/\/blackstonegriddles.ca\/fr\/wp-json\/wp\/v2\/product_tag?post=38006"}],"curies":[{"name":"wp","href":"https:\/\/api.w.org\/{rel}","templated":true}]}}