{"id":38008,"date":"2024-04-03T19:45:40","date_gmt":"2024-04-03T19:45:40","guid":{"rendered":"https:\/\/blackstonegriddles.ca\/?post_type=product&#038;p=38008"},"modified":"2026-04-06T18:33:55","modified_gmt":"2026-04-06T18:33:55","slug":"planche-a-decouper-en-bois-12x18","status":"publish","type":"product","link":"https:\/\/blackstonegriddles.ca\/fr\/product\/12x18-wood-carving-board\/","title":{"rendered":"Planche \u00e0 d\u00e9couper en bois 12\u00d718"},"content":{"rendered":"<div class=\"pf-c\">\n<div class=\"sc-GEbAx giDaNS pf-95_\" data-pf-type=\"Column\">\n<div class=\"sc-eVmaCL bDIYPO pf-99_\" data-product-id=\"7285298561068\" data-pf-type=\"ProductMetafield\">\n<ul class=\"sc-eJRTFu jFgyke pf-101_ acumin\" data-pf-type=\"MetafieldValue\">\n<li class=\"sc-dtDOqo bEUZPZ metafield-list.single_line_text_field\">Planche \u00e0 d\u00e9couper en bois d'acacia, belle et durable, 12 po x 18 po<\/li>\n<li class=\"sc-dtDOqo bEUZPZ metafield-list.single_line_text_field\">L'un des c\u00f4t\u00e9s comporte une rainure pour les aliments juteux, tandis que l'autre est une surface plane et solide.<\/li>\n<li class=\"sc-dtDOqo bEUZPZ metafield-list.single_line_text_field\">Poign\u00e9e de transport pratique<\/li>\n<li class=\"sc-dtDOqo bEUZPZ metafield-list.single_line_text_field\">Lavage \u00e0 la main recommand\u00e9<\/li>\n<li class=\"sc-dtDOqo bEUZPZ metafield-list.single_line_text_field\">Finition pr\u00e9-assaisonn\u00e9e<\/li>\n<li class=\"sc-dtDOqo bEUZPZ metafield-list.single_line_text_field\">Con\u00e7u pour cuisiner avec les plaques de cuisson Blackstone les plus modernes.<\/li>\n<\/ul>\n<\/div>\n<\/div>\n<\/div>\n<div class=\"pf-c\"><\/div>","protected":false},"excerpt":{"rendered":"<p>Cette superbe planche \u00e0 d\u00e9couper en bois d'acacia de 12 pouces sur 18 pouces de Blackstone est \u00e0 la fois belle et fonctionnelle. Dot\u00e9e d'une poign\u00e9e de transport et d'une rainure pour recueillir les jus, elle sera la seule planche \u00e0 d\u00e9couper dont vous aurez besoin pour cuisiner tout au long de l'ann\u00e9e. Hachez les l\u00e9gumes ou tranchez la viande pour pr\u00e9parer un d\u00e9licieux repas en plein air sur votre plancha Blackstone.<\/p>","protected":false},"featured_media":38012,"template":"","meta":[],"product_brand":[],"product_cat":[138,265],"product_tag":[],"class_list":{"0":"post-38008","1":"product","2":"type-product","3":"status-publish","4":"has-post-thumbnail","6":"product_cat-accessories","7":"product_cat-essential-extras","8":"product_shipping_class-accessories","10":"first","11":"instock","12":"taxable","13":"shipping-taxable","14":"purchasable","15":"product-type-simple"},"yoast_head":"<!-- This site is optimized with the Yoast SEO plugin v27.5 - https:\/\/yoast.com\/product\/yoast-seo-wordpress\/ -->\n<title>12x18 Wood Carving Board - Blackstone Griddles<\/title>\n<meta name=\"description\" content=\"Find function and beauty in this stunning, durable Blackstone 12-in by 18-in Acacia wood carving board. Complete with a carry handle\" \/>\n<meta name=\"robots\" content=\"index, follow, max-snippet:-1, max-image-preview:large, max-video-preview:-1\" \/>\n<link rel=\"canonical\" href=\"https:\/\/blackstonegriddles.ca\/fr\/produit\/planche-a-decouper-en-bois-12x18\/\" \/>\n<meta property=\"og:locale\" content=\"fr_CA\" \/>\n<meta property=\"og:type\" content=\"article\" \/>\n<meta property=\"og:title\" content=\"12x18 Wood Carving Board - Blackstone Griddles\" \/>\n<meta property=\"og:description\" content=\"Find function and beauty in this stunning, durable Blackstone 12-in by 18-in Acacia wood carving board. Complete with a carry handle\" \/>\n<meta property=\"og:url\" content=\"https:\/\/blackstonegriddles.ca\/fr\/produit\/planche-a-decouper-en-bois-12x18\/\" \/>\n<meta property=\"og:site_name\" content=\"Blackstone Griddles\" \/>\n<meta property=\"article:publisher\" content=\"https:\/\/www.facebook.com\/blackstoneproducts\/\" \/>\n<meta property=\"article:modified_time\" content=\"2026-04-06T18:33:55+00:00\" \/>\n<meta property=\"og:image\" content=\"https:\/\/blackstonegriddles.ca\/wp-content\/uploads\/2024\/04\/bi71ytkkyfy5ogsf8rws-1.jpg\" \/>\n\t<meta property=\"og:image:width\" content=\"800\" \/>\n\t<meta property=\"og:image:height\" content=\"800\" \/>\n\t<meta property=\"og:image:type\" content=\"image\/jpeg\" \/>\n<meta name=\"twitter:card\" content=\"summary_large_image\" \/>\n<meta name=\"twitter:site\" content=\"@weareblackstone\" \/>\n<meta name=\"twitter:label1\" content=\"Estimation du temps de lecture\" \/>\n\t<meta name=\"twitter:data1\" content=\"1 minute\" \/>\n<script type=\"application\/ld+json\" class=\"yoast-schema-graph\">{\"@context\":\"https:\\\/\\\/schema.org\",\"@graph\":[{\"@type\":\"WebPage\",\"@id\":\"https:\\\/\\\/blackstonegriddles.ca\\\/product\\\/12x18-wood-carving-board\\\/\",\"url\":\"https:\\\/\\\/blackstonegriddles.ca\\\/product\\\/12x18-wood-carving-board\\\/\",\"name\":\"12x18 Wood Carving Board - Blackstone Griddles\",\"isPartOf\":{\"@id\":\"https:\\\/\\\/blackstonegriddles.ca\\\/#website\"},\"primaryImageOfPage\":{\"@id\":\"https:\\\/\\\/blackstonegriddles.ca\\\/product\\\/12x18-wood-carving-board\\\/#primaryimage\"},\"image\":{\"@id\":\"https:\\\/\\\/blackstonegriddles.ca\\\/product\\\/12x18-wood-carving-board\\\/#primaryimage\"},\"thumbnailUrl\":\"https:\\\/\\\/blackstonegriddles.ca\\\/wp-content\\\/uploads\\\/2024\\\/04\\\/bi71ytkkyfy5ogsf8rws-1.jpg\",\"datePublished\":\"2024-04-03T19:45:40+00:00\",\"dateModified\":\"2026-04-06T18:33:55+00:00\",\"description\":\"Find function and beauty in this stunning, durable Blackstone 12-in by 18-in Acacia wood carving board. Complete with a carry handle\",\"breadcrumb\":{\"@id\":\"https:\\\/\\\/blackstonegriddles.ca\\\/product\\\/12x18-wood-carving-board\\\/#breadcrumb\"},\"inLanguage\":\"fr-CA\",\"potentialAction\":[{\"@type\":\"ReadAction\",\"target\":[\"https:\\\/\\\/blackstonegriddles.ca\\\/product\\\/12x18-wood-carving-board\\\/\"]}]},{\"@type\":\"ImageObject\",\"inLanguage\":\"fr-CA\",\"@id\":\"https:\\\/\\\/blackstonegriddles.ca\\\/product\\\/12x18-wood-carving-board\\\/#primaryimage\",\"url\":\"https:\\\/\\\/blackstonegriddles.ca\\\/wp-content\\\/uploads\\\/2024\\\/04\\\/bi71ytkkyfy5ogsf8rws-1.jpg\",\"contentUrl\":\"https:\\\/\\\/blackstonegriddles.ca\\\/wp-content\\\/uploads\\\/2024\\\/04\\\/bi71ytkkyfy5ogsf8rws-1.jpg\",\"width\":800,\"height\":800,\"caption\":\"12x18 Wood Carving Board\"},{\"@type\":\"BreadcrumbList\",\"@id\":\"https:\\\/\\\/blackstonegriddles.ca\\\/product\\\/12x18-wood-carving-board\\\/#breadcrumb\",\"itemListElement\":[{\"@type\":\"ListItem\",\"position\":1,\"name\":\"Home\",\"item\":\"https:\\\/\\\/blackstonegriddles.ca\\\/\"},{\"@type\":\"ListItem\",\"position\":2,\"name\":\"Shop\",\"item\":\"https:\\\/\\\/blackstonegriddles.ca\\\/shop\\\/\"},{\"@type\":\"ListItem\",\"position\":3,\"name\":\"12&#215;18 Wood Carving Board\"}]},{\"@type\":\"WebSite\",\"@id\":\"https:\\\/\\\/blackstonegriddles.ca\\\/#website\",\"url\":\"https:\\\/\\\/blackstonegriddles.ca\\\/\",\"name\":\"Blackstone Griddles Canada\",\"description\":\"Blackstone Griddles official licensed dealer Canada\",\"publisher\":{\"@id\":\"https:\\\/\\\/blackstonegriddles.ca\\\/#organization\"},\"potentialAction\":[{\"@type\":\"SearchAction\",\"target\":{\"@type\":\"EntryPoint\",\"urlTemplate\":\"https:\\\/\\\/blackstonegriddles.ca\\\/?s={search_term_string}\"},\"query-input\":{\"@type\":\"PropertyValueSpecification\",\"valueRequired\":true,\"valueName\":\"search_term_string\"}}],\"inLanguage\":\"fr-CA\"},{\"@type\":\"Organization\",\"@id\":\"https:\\\/\\\/blackstonegriddles.ca\\\/#organization\",\"name\":\"Blackstone Griddles Canada\",\"url\":\"https:\\\/\\\/blackstonegriddles.ca\\\/\",\"logo\":{\"@type\":\"ImageObject\",\"inLanguage\":\"fr-CA\",\"@id\":\"https:\\\/\\\/blackstonegriddles.ca\\\/#\\\/schema\\\/logo\\\/image\\\/\",\"url\":\"https:\\\/\\\/blackstonegriddles.ca\\\/wp-content\\\/uploads\\\/2025\\\/02\\\/blackstone-fire-logo.webp\",\"contentUrl\":\"https:\\\/\\\/blackstonegriddles.ca\\\/wp-content\\\/uploads\\\/2025\\\/02\\\/blackstone-fire-logo.webp\",\"width\":53,\"height\":58,\"caption\":\"Blackstone Griddles Canada\"},\"image\":{\"@id\":\"https:\\\/\\\/blackstonegriddles.ca\\\/#\\\/schema\\\/logo\\\/image\\\/\"},\"sameAs\":[\"https:\\\/\\\/www.facebook.com\\\/blackstoneproducts\\\/\",\"https:\\\/\\\/x.com\\\/weareblackstone\",\"https:\\\/\\\/www.instagram.com\\\/blackstoneproducts\\\/\",\"https:\\\/\\\/www.youtube.com\\\/channel\\\/UCr39rimir8y3p-q1iQYidVA\"]}]}<\/script>\n<!-- \/ Yoast SEO plugin. -->","yoast_head_json":{"title":"Planche \u00e0 d\u00e9couper en bois 12x18 - Blackstone Griddles","description":"Cette superbe planche \u00e0 d\u00e9couper en bois d'acacia de 12 pouces par 18 pouces de Blackstone est \u00e0 la fois belle et fonctionnelle. Elle est dot\u00e9e d'une poign\u00e9e de transport","robots":{"index":"index","follow":"follow","max-snippet":"max-snippet:-1","max-image-preview":"max-image-preview:large","max-video-preview":"max-video-preview:-1"},"canonical":"https:\/\/blackstonegriddles.ca\/fr\/produit\/planche-a-decouper-en-bois-12x18\/","og_locale":"fr_CA","og_type":"article","og_title":"12x18 Wood Carving Board - Blackstone Griddles","og_description":"Find function and beauty in this stunning, durable Blackstone 12-in by 18-in Acacia wood carving board. Complete with a carry handle","og_url":"https:\/\/blackstonegriddles.ca\/fr\/produit\/planche-a-decouper-en-bois-12x18\/","og_site_name":"Blackstone Griddles","article_publisher":"https:\/\/www.facebook.com\/blackstoneproducts\/","article_modified_time":"2026-04-06T18:33:55+00:00","og_image":[{"width":800,"height":800,"url":"https:\/\/blackstonegriddles.ca\/wp-content\/uploads\/2024\/04\/bi71ytkkyfy5ogsf8rws-1.jpg","type":"image\/jpeg"}],"twitter_card":"summary_large_image","twitter_site":"@weareblackstone","twitter_misc":{"Estimation du temps de lecture":"1 minute"},"schema":{"@context":"https:\/\/schema.org","@graph":[{"@type":"WebPage","@id":"https:\/\/blackstonegriddles.ca\/product\/12x18-wood-carving-board\/","url":"https:\/\/blackstonegriddles.ca\/product\/12x18-wood-carving-board\/","name":"Planche \u00e0 d\u00e9couper en bois 12x18 - Blackstone Griddles","isPartOf":{"@id":"https:\/\/blackstonegriddles.ca\/#website"},"primaryImageOfPage":{"@id":"https:\/\/blackstonegriddles.ca\/product\/12x18-wood-carving-board\/#primaryimage"},"image":{"@id":"https:\/\/blackstonegriddles.ca\/product\/12x18-wood-carving-board\/#primaryimage"},"thumbnailUrl":"https:\/\/blackstonegriddles.ca\/wp-content\/uploads\/2024\/04\/bi71ytkkyfy5ogsf8rws-1.jpg","datePublished":"2024-04-03T19:45:40+00:00","dateModified":"2026-04-06T18:33:55+00:00","description":"Cette superbe planche \u00e0 d\u00e9couper en bois d'acacia de 12 pouces par 18 pouces de Blackstone est \u00e0 la fois belle et fonctionnelle. Elle est dot\u00e9e d'une poign\u00e9e de transport","breadcrumb":{"@id":"https:\/\/blackstonegriddles.ca\/product\/12x18-wood-carving-board\/#breadcrumb"},"inLanguage":"fr-CA","potentialAction":[{"@type":"ReadAction","target":["https:\/\/blackstonegriddles.ca\/product\/12x18-wood-carving-board\/"]}]},{"@type":"ImageObject","inLanguage":"fr-CA","@id":"https:\/\/blackstonegriddles.ca\/product\/12x18-wood-carving-board\/#primaryimage","url":"https:\/\/blackstonegriddles.ca\/wp-content\/uploads\/2024\/04\/bi71ytkkyfy5ogsf8rws-1.jpg","contentUrl":"https:\/\/blackstonegriddles.ca\/wp-content\/uploads\/2024\/04\/bi71ytkkyfy5ogsf8rws-1.jpg","width":800,"height":800,"caption":"12x18 Wood Carving Board"},{"@type":"BreadcrumbList","@id":"https:\/\/blackstonegriddles.ca\/product\/12x18-wood-carving-board\/#breadcrumb","itemListElement":[{"@type":"ListItem","position":1,"name":"Home","item":"https:\/\/blackstonegriddles.ca\/"},{"@type":"ListItem","position":2,"name":"Shop","item":"https:\/\/blackstonegriddles.ca\/shop\/"},{"@type":"ListItem","position":3,"name":"12&#215;18 Wood Carving Board"}]},{"@type":"WebSite","@id":"https:\/\/blackstonegriddles.ca\/#website","url":"https:\/\/blackstonegriddles.ca\/","name":"Grils Blackstone Canada","description":"Blackstone Griddles distributeur officiel agr\u00e9\u00e9 Canada","publisher":{"@id":"https:\/\/blackstonegriddles.ca\/#organization"},"potentialAction":[{"@type":"SearchAction","target":{"@type":"EntryPoint","urlTemplate":"https:\/\/blackstonegriddles.ca\/?s={search_term_string}"},"query-input":{"@type":"PropertyValueSpecification","valueRequired":true,"valueName":"search_term_string"}}],"inLanguage":"fr-CA"},{"@type":"Organization","@id":"https:\/\/blackstonegriddles.ca\/#organization","name":"Grils Blackstone Canada","url":"https:\/\/blackstonegriddles.ca\/","logo":{"@type":"ImageObject","inLanguage":"fr-CA","@id":"https:\/\/blackstonegriddles.ca\/#\/schema\/logo\/image\/","url":"https:\/\/blackstonegriddles.ca\/wp-content\/uploads\/2025\/02\/blackstone-fire-logo.webp","contentUrl":"https:\/\/blackstonegriddles.ca\/wp-content\/uploads\/2025\/02\/blackstone-fire-logo.webp","width":53,"height":58,"caption":"Blackstone Griddles Canada"},"image":{"@id":"https:\/\/blackstonegriddles.ca\/#\/schema\/logo\/image\/"},"sameAs":["https:\/\/www.facebook.com\/blackstoneproducts\/","https:\/\/x.com\/weareblackstone","https:\/\/www.instagram.com\/blackstoneproducts\/","https:\/\/www.youtube.com\/channel\/UCr39rimir8y3p-q1iQYidVA"]}]}},"_links":{"self":[{"href":"https:\/\/blackstonegriddles.ca\/fr\/wp-json\/wp\/v2\/product\/38008","targetHints":{"allow":["GET"]}}],"collection":[{"href":"https:\/\/blackstonegriddles.ca\/fr\/wp-json\/wp\/v2\/product"}],"about":[{"href":"https:\/\/blackstonegriddles.ca\/fr\/wp-json\/wp\/v2\/types\/product"}],"wp:featuredmedia":[{"embeddable":true,"href":"https:\/\/blackstonegriddles.ca\/fr\/wp-json\/wp\/v2\/media\/38012"}],"wp:attachment":[{"href":"https:\/\/blackstonegriddles.ca\/fr\/wp-json\/wp\/v2\/media?parent=38008"}],"wp:term":[{"taxonomy":"product_brand","embeddable":true,"href":"https:\/\/blackstonegriddles.ca\/fr\/wp-json\/wp\/v2\/product_brand?post=38008"},{"taxonomy":"product_cat","embeddable":true,"href":"https:\/\/blackstonegriddles.ca\/fr\/wp-json\/wp\/v2\/product_cat?post=38008"},{"taxonomy":"product_tag","embeddable":true,"href":"https:\/\/blackstonegriddles.ca\/fr\/wp-json\/wp\/v2\/product_tag?post=38008"}],"curies":[{"name":"wp","href":"https:\/\/api.w.org\/{rel}","templated":true}]}}