{"id":38374,"date":"2024-04-17T14:08:13","date_gmt":"2024-04-17T14:08:13","guid":{"rendered":"https:\/\/blackstonegriddles.ca\/?post_type=product&#038;p=38374"},"modified":"2026-04-18T20:30:37","modified_gmt":"2026-04-18T20:30:37","slug":"kit-de-conversion-au-gaz-naturel-avec-pare-vent","status":"publish","type":"product","link":"https:\/\/blackstonegriddles.ca\/fr\/product\/natural-gas-conversion-kit-w-wind-guards\/","title":{"rendered":"KIT DE CONVERSION AU GAZ NATUREL AVEC PARE-VENT"},"content":{"rendered":"","protected":false},"excerpt":{"rendered":"<p>Le kit de conversion au gaz naturel Blackstone avec connexion orange vous permet de convertir votre plaque de cuisson au propane en plaque de cuisson au gaz naturel rapidement et facilement.<strong>Remarque : toutes les plaques de cuisson Blackstone ne peuvent pas \u00eatre converties au gaz naturel.\u00a0\u00a0<\/strong><\/p>\n<div>Nous proposons un kit de conversion au gaz naturel pour la plupart de nos appareils de 28\", 30\u2033, 36\" et tailgater. Cela exclut les appareils \u00e9num\u00e9r\u00e9s dans le tableau ci-dessous et les friteuses \u00e0 air fonctionnant au propane. Les plaques de cuisson Culinary Pro et Culinary Collection** ne sont pas optimis\u00e9es pour la conversion au gaz naturel.<\/div>\n<div><\/div>\n<div>Pour passer au gaz naturel, vous devrez remplacer les orifices de vos vannes par les orifices fournis qui sont de la bonne taille pour le gaz naturel, et remplacer votre r\u00e9gulateur par le tuyau de gaz naturel fourni. Veillez \u00e0 faire preuve de d\u00e9licatesse lorsque vous retirez et remplacez vos orifices afin d'\u00e9viter de d\u00e9monter vos vannes.<\/div>\n<div><\/div>\n<p>Blackstone propose deux kits de conversion au gaz naturel pour les plaques de cuisson de 28\u2033 \u00e0 36\u2033. Le kit de conversion dont vous avez besoin d\u00e9pend du type de plaque que vous poss\u00e9dez. Pour les plaques de cuisson standard ou de style Omnivore, le meilleur kit de conversion est ici : Mod\u00e8le# 5395Pour les cuisines ext\u00e9rieures encastrables, le seul kit de conversion au gaz naturel compatible est notre mod\u00e8le# 5249.<\/p>\n<div>\n<div>\n<h2 id=\"28_and_36_Units_NOT_compatible_with_the_Blackstone_natural_gas_conversion_kit\" class=\"toc_anchors\">Les unit\u00e9s 28\u2033 et 36\u2033 ne sont pas compatibles avec le kit de conversion au gaz naturel Blackstone :<\/h2>\n<table>\n<tbody>\n<tr>\n<td>\n<div><strong>Num\u00e9ro de mod\u00e8le \/ S\u00e9rie<\/strong><\/div>\n<\/td>\n<td>\n<div><strong>Description<\/strong><\/div>\n<\/td>\n<\/tr>\n<tr>\n<td>1868<\/td>\n<td>Blackstone 36\u2033 Gril avec Air Fryer<\/td>\n<\/tr>\n<tr>\n<td>1902<\/td>\n<td>Blackstone 36\u2033 Culinary Pro Cabinet Griddle w\/ Hood<\/td>\n<\/tr>\n<tr>\n<td>1916<\/td>\n<td>Blackstone 28\u2033 Culinary Cabinet Griddle avec Air Fryer<\/td>\n<\/tr>\n<tr>\n<td>1923<\/td>\n<td>Blackstone 36\u2033 Griddle avec Air Fryer &amp; Cabinets<\/td>\n<\/tr>\n<tr>\n<td>2022<\/td>\n<td>Blackstone Culinary 22\u2033 XL Pellet Combo<\/td>\n<\/tr>\n<tr>\n<td>6825<\/td>\n<td>Four \u00e0 pizza Blackstone avec chariot<\/td>\n<\/tr>\n<\/tbody>\n<\/table>\n<div><\/div>\n<\/div>\n<div>\n<div>*Ne convertissez pas votre friteuse au propane en friteuse au gaz naturel. Cette op\u00e9ration n'est pas recommand\u00e9e et peut entra\u00eener des probl\u00e8mes avec votre appareil et des dommages potentiels.<\/div>\n<div><\/div>\n<div>**Les grilles Culinary Collection ne sont pas compatibles avec la cl\u00e9 \u00e0 orifice fournie. Cependant, les orifices de remplacement fournis dans le kit sont compatibles avec les grilles Culinary Collection. Pour convertir ces grilles au gaz naturel, il est n\u00e9cessaire de se procurer une cl\u00e9 \u00e0 orifice compatible.<\/div>\n<div><\/div>\n<div><strong>Besoins en gaz naturel :<\/strong><\/div>\n<\/div>\n<div>Pour une performance optimale, notre kit de conversion au gaz naturel n\u00e9cessite une pression de 7 pouces de colonne d'eau \u00e0 l'entr\u00e9e de l'appareil. Veuillez consulter un professionnel du gaz naturel pour vous assurer que votre conduite de gaz est r\u00e9gl\u00e9e \u00e0 la bonne pression.<\/div>\n<\/div>","protected":false},"featured_media":38375,"template":"","meta":[],"product_brand":[],"product_cat":[138,265],"product_tag":[],"class_list":{"0":"post-38374","1":"product","2":"type-product","3":"status-publish","4":"has-post-thumbnail","6":"product_cat-accessories","7":"product_cat-essential-extras","8":"product_shipping_class-accessories","10":"first","11":"instock","12":"taxable","13":"shipping-taxable","14":"purchasable","15":"product-type-simple"},"yoast_head":"<!-- This site is optimized with the Yoast SEO plugin v27.4 - https:\/\/yoast.com\/product\/yoast-seo-wordpress\/ -->\n<title>NATURAL GAS CONVERSION KIT W\/ WIND GUARDS - Blackstone Griddles<\/title>\n<meta name=\"description\" content=\"The Blackstone Natural Gas Conversion Kit with Orange Connection allows you to convert your propane griddle to a natural gas griddle quickly and easily.\" \/>\n<meta name=\"robots\" content=\"index, follow, max-snippet:-1, max-image-preview:large, max-video-preview:-1\" \/>\n<link rel=\"canonical\" href=\"https:\/\/blackstonegriddles.ca\/fr\/produit\/kit-de-conversion-au-gaz-naturel-avec-pare-vent\/\" \/>\n<meta property=\"og:locale\" content=\"fr_CA\" \/>\n<meta property=\"og:type\" content=\"article\" \/>\n<meta property=\"og:title\" content=\"NATURAL GAS CONVERSION KIT W\/ WIND GUARDS - Blackstone Griddles\" \/>\n<meta property=\"og:description\" content=\"The Blackstone Natural Gas Conversion Kit with Orange Connection allows you to convert your propane griddle to a natural gas griddle quickly and easily.\" \/>\n<meta property=\"og:url\" content=\"https:\/\/blackstonegriddles.ca\/fr\/produit\/kit-de-conversion-au-gaz-naturel-avec-pare-vent\/\" \/>\n<meta property=\"og:site_name\" content=\"Blackstone Griddles\" \/>\n<meta property=\"article:publisher\" content=\"https:\/\/www.facebook.com\/blackstoneproducts\/\" \/>\n<meta property=\"article:modified_time\" content=\"2026-04-18T20:30:37+00:00\" \/>\n<meta property=\"og:image\" content=\"https:\/\/blackstonegriddles.ca\/wp-content\/uploads\/2024\/04\/NATURAL-GAS-CONVERSION-KIT-WIND-GUARDS.jpg\" \/>\n\t<meta property=\"og:image:width\" content=\"800\" \/>\n\t<meta property=\"og:image:height\" content=\"720\" \/>\n\t<meta property=\"og:image:type\" content=\"image\/jpeg\" \/>\n<meta name=\"twitter:card\" content=\"summary_large_image\" \/>\n<meta name=\"twitter:site\" content=\"@weareblackstone\" \/>\n<meta name=\"twitter:label1\" content=\"Estimation du temps de lecture\" \/>\n\t<meta name=\"twitter:data1\" content=\"1 minute\" \/>\n<script type=\"application\/ld+json\" class=\"yoast-schema-graph\">{\"@context\":\"https:\\\/\\\/schema.org\",\"@graph\":[{\"@type\":\"WebPage\",\"@id\":\"https:\\\/\\\/blackstonegriddles.ca\\\/product\\\/natural-gas-conversion-kit-w-wind-guards\\\/\",\"url\":\"https:\\\/\\\/blackstonegriddles.ca\\\/product\\\/natural-gas-conversion-kit-w-wind-guards\\\/\",\"name\":\"NATURAL GAS CONVERSION KIT W\\\/ WIND GUARDS - Blackstone Griddles\",\"isPartOf\":{\"@id\":\"https:\\\/\\\/blackstonegriddles.ca\\\/#website\"},\"primaryImageOfPage\":{\"@id\":\"https:\\\/\\\/blackstonegriddles.ca\\\/product\\\/natural-gas-conversion-kit-w-wind-guards\\\/#primaryimage\"},\"image\":{\"@id\":\"https:\\\/\\\/blackstonegriddles.ca\\\/product\\\/natural-gas-conversion-kit-w-wind-guards\\\/#primaryimage\"},\"thumbnailUrl\":\"https:\\\/\\\/blackstonegriddles.ca\\\/wp-content\\\/uploads\\\/2024\\\/04\\\/NATURAL-GAS-CONVERSION-KIT-WIND-GUARDS.jpg\",\"datePublished\":\"2024-04-17T14:08:13+00:00\",\"dateModified\":\"2026-04-18T20:30:37+00:00\",\"description\":\"The Blackstone Natural Gas Conversion Kit with Orange Connection allows you to convert your propane griddle to a natural gas griddle quickly and easily.\",\"breadcrumb\":{\"@id\":\"https:\\\/\\\/blackstonegriddles.ca\\\/product\\\/natural-gas-conversion-kit-w-wind-guards\\\/#breadcrumb\"},\"inLanguage\":\"fr-CA\",\"potentialAction\":[{\"@type\":\"ReadAction\",\"target\":[\"https:\\\/\\\/blackstonegriddles.ca\\\/product\\\/natural-gas-conversion-kit-w-wind-guards\\\/\"]}]},{\"@type\":\"ImageObject\",\"inLanguage\":\"fr-CA\",\"@id\":\"https:\\\/\\\/blackstonegriddles.ca\\\/product\\\/natural-gas-conversion-kit-w-wind-guards\\\/#primaryimage\",\"url\":\"https:\\\/\\\/blackstonegriddles.ca\\\/wp-content\\\/uploads\\\/2024\\\/04\\\/NATURAL-GAS-CONVERSION-KIT-WIND-GUARDS.jpg\",\"contentUrl\":\"https:\\\/\\\/blackstonegriddles.ca\\\/wp-content\\\/uploads\\\/2024\\\/04\\\/NATURAL-GAS-CONVERSION-KIT-WIND-GUARDS.jpg\",\"width\":800,\"height\":720,\"caption\":\"SKU: 5395 NATURAL GAS CONVERSION KIT W\\\/ WIND GUARDS\"},{\"@type\":\"BreadcrumbList\",\"@id\":\"https:\\\/\\\/blackstonegriddles.ca\\\/product\\\/natural-gas-conversion-kit-w-wind-guards\\\/#breadcrumb\",\"itemListElement\":[{\"@type\":\"ListItem\",\"position\":1,\"name\":\"Home\",\"item\":\"https:\\\/\\\/blackstonegriddles.ca\\\/\"},{\"@type\":\"ListItem\",\"position\":2,\"name\":\"Shop\",\"item\":\"https:\\\/\\\/blackstonegriddles.ca\\\/shop\\\/\"},{\"@type\":\"ListItem\",\"position\":3,\"name\":\"NATURAL GAS CONVERSION KIT W\\\/ WIND GUARDS\"}]},{\"@type\":\"WebSite\",\"@id\":\"https:\\\/\\\/blackstonegriddles.ca\\\/#website\",\"url\":\"https:\\\/\\\/blackstonegriddles.ca\\\/\",\"name\":\"Blackstone Griddles Canada\",\"description\":\"Blackstone Griddles official licensed dealer Canada\",\"publisher\":{\"@id\":\"https:\\\/\\\/blackstonegriddles.ca\\\/#organization\"},\"potentialAction\":[{\"@type\":\"SearchAction\",\"target\":{\"@type\":\"EntryPoint\",\"urlTemplate\":\"https:\\\/\\\/blackstonegriddles.ca\\\/?s={search_term_string}\"},\"query-input\":{\"@type\":\"PropertyValueSpecification\",\"valueRequired\":true,\"valueName\":\"search_term_string\"}}],\"inLanguage\":\"fr-CA\"},{\"@type\":\"Organization\",\"@id\":\"https:\\\/\\\/blackstonegriddles.ca\\\/#organization\",\"name\":\"Blackstone Griddles Canada\",\"url\":\"https:\\\/\\\/blackstonegriddles.ca\\\/\",\"logo\":{\"@type\":\"ImageObject\",\"inLanguage\":\"fr-CA\",\"@id\":\"https:\\\/\\\/blackstonegriddles.ca\\\/#\\\/schema\\\/logo\\\/image\\\/\",\"url\":\"https:\\\/\\\/blackstonegriddles.ca\\\/wp-content\\\/uploads\\\/2025\\\/02\\\/blackstone-fire-logo.webp\",\"contentUrl\":\"https:\\\/\\\/blackstonegriddles.ca\\\/wp-content\\\/uploads\\\/2025\\\/02\\\/blackstone-fire-logo.webp\",\"width\":53,\"height\":58,\"caption\":\"Blackstone Griddles Canada\"},\"image\":{\"@id\":\"https:\\\/\\\/blackstonegriddles.ca\\\/#\\\/schema\\\/logo\\\/image\\\/\"},\"sameAs\":[\"https:\\\/\\\/www.facebook.com\\\/blackstoneproducts\\\/\",\"https:\\\/\\\/x.com\\\/weareblackstone\",\"https:\\\/\\\/www.instagram.com\\\/blackstoneproducts\\\/\",\"https:\\\/\\\/www.youtube.com\\\/channel\\\/UCr39rimir8y3p-q1iQYidVA\"]}]}<\/script>\n<!-- \/ Yoast SEO plugin. -->","yoast_head_json":{"title":"KIT DE CONVERSION AU GAZ NATUREL AVEC PARE-VENT - Blackstone Griddles","description":"Le kit de conversion au gaz naturel Blackstone avec connexion orange vous permet de convertir votre plaque de cuisson au propane en plaque de cuisson au gaz naturel rapidement et facilement.","robots":{"index":"index","follow":"follow","max-snippet":"max-snippet:-1","max-image-preview":"max-image-preview:large","max-video-preview":"max-video-preview:-1"},"canonical":"https:\/\/blackstonegriddles.ca\/fr\/produit\/kit-de-conversion-au-gaz-naturel-avec-pare-vent\/","og_locale":"fr_CA","og_type":"article","og_title":"NATURAL GAS CONVERSION KIT W\/ WIND GUARDS - Blackstone Griddles","og_description":"The Blackstone Natural Gas Conversion Kit with Orange Connection allows you to convert your propane griddle to a natural gas griddle quickly and easily.","og_url":"https:\/\/blackstonegriddles.ca\/fr\/produit\/kit-de-conversion-au-gaz-naturel-avec-pare-vent\/","og_site_name":"Blackstone Griddles","article_publisher":"https:\/\/www.facebook.com\/blackstoneproducts\/","article_modified_time":"2026-04-18T20:30:37+00:00","og_image":[{"width":800,"height":720,"url":"https:\/\/blackstonegriddles.ca\/wp-content\/uploads\/2024\/04\/NATURAL-GAS-CONVERSION-KIT-WIND-GUARDS.jpg","type":"image\/jpeg"}],"twitter_card":"summary_large_image","twitter_site":"@weareblackstone","twitter_misc":{"Estimation du temps de lecture":"1 minute"},"schema":{"@context":"https:\/\/schema.org","@graph":[{"@type":"WebPage","@id":"https:\/\/blackstonegriddles.ca\/product\/natural-gas-conversion-kit-w-wind-guards\/","url":"https:\/\/blackstonegriddles.ca\/product\/natural-gas-conversion-kit-w-wind-guards\/","name":"KIT DE CONVERSION AU GAZ NATUREL AVEC PARE-VENT - Blackstone Griddles","isPartOf":{"@id":"https:\/\/blackstonegriddles.ca\/#website"},"primaryImageOfPage":{"@id":"https:\/\/blackstonegriddles.ca\/product\/natural-gas-conversion-kit-w-wind-guards\/#primaryimage"},"image":{"@id":"https:\/\/blackstonegriddles.ca\/product\/natural-gas-conversion-kit-w-wind-guards\/#primaryimage"},"thumbnailUrl":"https:\/\/blackstonegriddles.ca\/wp-content\/uploads\/2024\/04\/NATURAL-GAS-CONVERSION-KIT-WIND-GUARDS.jpg","datePublished":"2024-04-17T14:08:13+00:00","dateModified":"2026-04-18T20:30:37+00:00","description":"Le kit de conversion au gaz naturel Blackstone avec connexion orange vous permet de convertir votre plaque de cuisson au propane en plaque de cuisson au gaz naturel rapidement et facilement.","breadcrumb":{"@id":"https:\/\/blackstonegriddles.ca\/product\/natural-gas-conversion-kit-w-wind-guards\/#breadcrumb"},"inLanguage":"fr-CA","potentialAction":[{"@type":"ReadAction","target":["https:\/\/blackstonegriddles.ca\/product\/natural-gas-conversion-kit-w-wind-guards\/"]}]},{"@type":"ImageObject","inLanguage":"fr-CA","@id":"https:\/\/blackstonegriddles.ca\/product\/natural-gas-conversion-kit-w-wind-guards\/#primaryimage","url":"https:\/\/blackstonegriddles.ca\/wp-content\/uploads\/2024\/04\/NATURAL-GAS-CONVERSION-KIT-WIND-GUARDS.jpg","contentUrl":"https:\/\/blackstonegriddles.ca\/wp-content\/uploads\/2024\/04\/NATURAL-GAS-CONVERSION-KIT-WIND-GUARDS.jpg","width":800,"height":720,"caption":"SKU: 5395 NATURAL GAS CONVERSION KIT W\/ WIND GUARDS"},{"@type":"BreadcrumbList","@id":"https:\/\/blackstonegriddles.ca\/product\/natural-gas-conversion-kit-w-wind-guards\/#breadcrumb","itemListElement":[{"@type":"ListItem","position":1,"name":"Home","item":"https:\/\/blackstonegriddles.ca\/"},{"@type":"ListItem","position":2,"name":"Shop","item":"https:\/\/blackstonegriddles.ca\/shop\/"},{"@type":"ListItem","position":3,"name":"NATURAL GAS CONVERSION KIT W\/ WIND GUARDS"}]},{"@type":"WebSite","@id":"https:\/\/blackstonegriddles.ca\/#website","url":"https:\/\/blackstonegriddles.ca\/","name":"Grils Blackstone Canada","description":"Blackstone Griddles distributeur officiel agr\u00e9\u00e9 Canada","publisher":{"@id":"https:\/\/blackstonegriddles.ca\/#organization"},"potentialAction":[{"@type":"SearchAction","target":{"@type":"EntryPoint","urlTemplate":"https:\/\/blackstonegriddles.ca\/?s={search_term_string}"},"query-input":{"@type":"PropertyValueSpecification","valueRequired":true,"valueName":"search_term_string"}}],"inLanguage":"fr-CA"},{"@type":"Organization","@id":"https:\/\/blackstonegriddles.ca\/#organization","name":"Grils Blackstone Canada","url":"https:\/\/blackstonegriddles.ca\/","logo":{"@type":"ImageObject","inLanguage":"fr-CA","@id":"https:\/\/blackstonegriddles.ca\/#\/schema\/logo\/image\/","url":"https:\/\/blackstonegriddles.ca\/wp-content\/uploads\/2025\/02\/blackstone-fire-logo.webp","contentUrl":"https:\/\/blackstonegriddles.ca\/wp-content\/uploads\/2025\/02\/blackstone-fire-logo.webp","width":53,"height":58,"caption":"Blackstone Griddles Canada"},"image":{"@id":"https:\/\/blackstonegriddles.ca\/#\/schema\/logo\/image\/"},"sameAs":["https:\/\/www.facebook.com\/blackstoneproducts\/","https:\/\/x.com\/weareblackstone","https:\/\/www.instagram.com\/blackstoneproducts\/","https:\/\/www.youtube.com\/channel\/UCr39rimir8y3p-q1iQYidVA"]}]}},"_links":{"self":[{"href":"https:\/\/blackstonegriddles.ca\/fr\/wp-json\/wp\/v2\/product\/38374","targetHints":{"allow":["GET"]}}],"collection":[{"href":"https:\/\/blackstonegriddles.ca\/fr\/wp-json\/wp\/v2\/product"}],"about":[{"href":"https:\/\/blackstonegriddles.ca\/fr\/wp-json\/wp\/v2\/types\/product"}],"wp:featuredmedia":[{"embeddable":true,"href":"https:\/\/blackstonegriddles.ca\/fr\/wp-json\/wp\/v2\/media\/38375"}],"wp:attachment":[{"href":"https:\/\/blackstonegriddles.ca\/fr\/wp-json\/wp\/v2\/media?parent=38374"}],"wp:term":[{"taxonomy":"product_brand","embeddable":true,"href":"https:\/\/blackstonegriddles.ca\/fr\/wp-json\/wp\/v2\/product_brand?post=38374"},{"taxonomy":"product_cat","embeddable":true,"href":"https:\/\/blackstonegriddles.ca\/fr\/wp-json\/wp\/v2\/product_cat?post=38374"},{"taxonomy":"product_tag","embeddable":true,"href":"https:\/\/blackstonegriddles.ca\/fr\/wp-json\/wp\/v2\/product_tag?post=38374"}],"curies":[{"name":"wp","href":"https:\/\/api.w.org\/{rel}","templated":true}]}}