{"id":38376,"date":"2024-04-17T14:15:19","date_gmt":"2024-04-17T14:15:19","guid":{"rendered":"https:\/\/blackstonegriddles.ca\/?post_type=product&#038;p=38376"},"modified":"2026-04-27T19:01:18","modified_gmt":"2026-04-27T19:01:18","slug":"kit-de-base-pour-la-pizza","status":"publish","type":"product","link":"https:\/\/blackstonegriddles.ca\/fr\/product\/pizza-basics-kit\/","title":{"rendered":"Kit de base pour la pizza"},"content":{"rendered":"<ul class=\"sc-eJRTFu jFgyke pf-48_ acumin\" data-pf-type=\"MetafieldValue\">\n<li data-section-id=\"mymbfp\" data-start=\"620\" data-end=\"724\"><strong data-start=\"622\" data-end=\"654\">Kit Complet d'Accessoires pour Pizza<\/strong><br data-start=\"654\" data-end=\"657\" \/>Con\u00e7u pour la pr\u00e9paration de pizzas maison, de la pr\u00e9paration au service.<\/li>\n<li data-section-id=\"1yi6iem\" data-start=\"726\" data-end=\"844\"><strong data-start=\"728\" data-end=\"747\">Comprend (Qt\u00e9.)<\/strong>\n<ul data-start=\"752\" data-end=\"844\">\n<li data-section-id=\"1vtowr3\" data-start=\"752\" data-end=\"783\">Pelle \u00e0 pizza pliable (Qt\u00e9. 1)<\/li>\n<li data-section-id=\"y05eys\" data-start=\"786\" data-end=\"814\">Plaques \u00e0 pizza 14\u201d (Qt\u00e9 2)<\/li>\n<li data-section-id=\"blia1q\" data-start=\"817\" data-end=\"844\">Balan\u00e7oire de coupe (Qt\u00e9 1)<\/li>\n<\/ul>\n<\/li>\n<li data-section-id=\"sw7kp0\" data-start=\"846\" data-end=\"931\"><strong data-start=\"848\" data-end=\"871\">Manipulation Facile de Pizza<\/strong><br data-start=\"871\" data-end=\"874\" \/>La pelle pliante permet un transfert fluide du plateau au four<\/li>\n<li data-section-id=\"1p5017m\" data-start=\"933\" data-end=\"1016\"><strong data-start=\"935\" data-end=\"957\">Service pratique<\/strong><br data-start=\"957\" data-end=\"960\" \/>La coupe-balancier permet de trancher rapidement et uniform\u00e9ment les pizzas<\/li>\n<li data-section-id=\"ygh8ti\" data-start=\"1018\" data-end=\"1061\"><strong data-start=\"1020\" data-end=\"1041\">Instructions d'entretien<\/strong><br data-start=\"1041\" data-end=\"1044\" \/>Lavage \u00e0 la main uniquement<\/li>\n<\/ul>","protected":false},"excerpt":{"rendered":"<p data-start=\"143\" data-end=\"323\">Trouvez tout ce dont vous avez besoin pour commencer \u00e0 cuisiner avec votre four \u00e0 pizza Blackstone. Ce kit d'accessoires est con\u00e7u pour prendre en charge l'ensemble du processus de fabrication de la pizza, de la pr\u00e9paration au service.<\/p>\n<p data-start=\"325\" data-end=\"592\">Utilisez les deux plaques \u00e0 pizza comme base pour pr\u00e9parer vos pizzas, puis transf\u00e9rez-les facilement au four gr\u00e2ce \u00e0 la pelle \u00e0 pizza pliable. Une fois cuites, la roulette \u00e0 pizza incluse vous permet de d\u00e9couper et de servir facilement, ce qui en fait un ajout pratique \u00e0 toute installation de pizza.<\/p>","protected":false},"featured_media":38382,"template":"","meta":[],"product_brand":[],"product_cat":[138,237,198],"product_tag":[],"class_list":{"0":"post-38376","1":"product","2":"type-product","3":"status-publish","4":"has-post-thumbnail","6":"product_cat-accessories","7":"product_cat-pizza-accessories","8":"product_cat-pizza-series","9":"product_shipping_class-accessories","11":"first","12":"instock","13":"taxable","14":"shipping-taxable","15":"purchasable","16":"product-type-simple"},"yoast_head":"<!-- This site is optimized with the Yoast SEO plugin v27.5 - https:\/\/yoast.com\/product\/yoast-seo-wordpress\/ -->\n<title>Pizza Basics Kit - Blackstone Griddles<\/title>\n<meta name=\"description\" content=\"Find everything you need to start cooking with your Blackstone Pizza oven. Use the two Blackstone branded pizza trays as your canvas to create a pizza masterpiece.\" \/>\n<meta name=\"robots\" content=\"index, follow, max-snippet:-1, max-image-preview:large, max-video-preview:-1\" \/>\n<link rel=\"canonical\" href=\"https:\/\/blackstonegriddles.ca\/fr\/produit\/kit-de-base-pour-la-pizza\/\" \/>\n<meta property=\"og:locale\" content=\"fr_CA\" \/>\n<meta property=\"og:type\" content=\"article\" \/>\n<meta property=\"og:title\" content=\"Pizza Basics Kit - Blackstone Griddles\" \/>\n<meta property=\"og:description\" content=\"Find everything you need to start cooking with your Blackstone Pizza oven. Use the two Blackstone branded pizza trays as your canvas to create a pizza masterpiece.\" \/>\n<meta property=\"og:url\" content=\"https:\/\/blackstonegriddles.ca\/fr\/produit\/kit-de-base-pour-la-pizza\/\" \/>\n<meta property=\"og:site_name\" content=\"Blackstone Griddles\" \/>\n<meta property=\"article:publisher\" content=\"https:\/\/www.facebook.com\/blackstoneproducts\/\" \/>\n<meta property=\"article:modified_time\" content=\"2026-04-27T19:01:18+00:00\" \/>\n<meta property=\"og:image\" content=\"https:\/\/blackstonegriddles.ca\/wp-content\/uploads\/2024\/04\/Pizza-Basics-Kit.jpg\" \/>\n\t<meta property=\"og:image:width\" content=\"800\" \/>\n\t<meta property=\"og:image:height\" content=\"800\" \/>\n\t<meta property=\"og:image:type\" content=\"image\/jpeg\" \/>\n<meta name=\"twitter:card\" content=\"summary_large_image\" \/>\n<meta name=\"twitter:site\" content=\"@weareblackstone\" \/>\n<meta name=\"twitter:label1\" content=\"Estimation du temps de lecture\" \/>\n\t<meta name=\"twitter:data1\" content=\"1 minute\" \/>\n<script type=\"application\/ld+json\" class=\"yoast-schema-graph\">{\"@context\":\"https:\\\/\\\/schema.org\",\"@graph\":[{\"@type\":\"WebPage\",\"@id\":\"https:\\\/\\\/blackstonegriddles.ca\\\/product\\\/pizza-basics-kit\\\/\",\"url\":\"https:\\\/\\\/blackstonegriddles.ca\\\/product\\\/pizza-basics-kit\\\/\",\"name\":\"Pizza Basics Kit - Blackstone Griddles\",\"isPartOf\":{\"@id\":\"https:\\\/\\\/blackstonegriddles.ca\\\/#website\"},\"primaryImageOfPage\":{\"@id\":\"https:\\\/\\\/blackstonegriddles.ca\\\/product\\\/pizza-basics-kit\\\/#primaryimage\"},\"image\":{\"@id\":\"https:\\\/\\\/blackstonegriddles.ca\\\/product\\\/pizza-basics-kit\\\/#primaryimage\"},\"thumbnailUrl\":\"https:\\\/\\\/blackstonegriddles.ca\\\/wp-content\\\/uploads\\\/2024\\\/04\\\/Pizza-Basics-Kit.jpg\",\"datePublished\":\"2024-04-17T14:15:19+00:00\",\"dateModified\":\"2026-04-27T19:01:18+00:00\",\"description\":\"Find everything you need to start cooking with your Blackstone Pizza oven. Use the two Blackstone branded pizza trays as your canvas to create a pizza masterpiece.\",\"breadcrumb\":{\"@id\":\"https:\\\/\\\/blackstonegriddles.ca\\\/product\\\/pizza-basics-kit\\\/#breadcrumb\"},\"inLanguage\":\"fr-CA\",\"potentialAction\":[{\"@type\":\"ReadAction\",\"target\":[\"https:\\\/\\\/blackstonegriddles.ca\\\/product\\\/pizza-basics-kit\\\/\"]}]},{\"@type\":\"ImageObject\",\"inLanguage\":\"fr-CA\",\"@id\":\"https:\\\/\\\/blackstonegriddles.ca\\\/product\\\/pizza-basics-kit\\\/#primaryimage\",\"url\":\"https:\\\/\\\/blackstonegriddles.ca\\\/wp-content\\\/uploads\\\/2024\\\/04\\\/Pizza-Basics-Kit.jpg\",\"contentUrl\":\"https:\\\/\\\/blackstonegriddles.ca\\\/wp-content\\\/uploads\\\/2024\\\/04\\\/Pizza-Basics-Kit.jpg\",\"width\":800,\"height\":800,\"caption\":\"Pizza Basics Kit\"},{\"@type\":\"BreadcrumbList\",\"@id\":\"https:\\\/\\\/blackstonegriddles.ca\\\/product\\\/pizza-basics-kit\\\/#breadcrumb\",\"itemListElement\":[{\"@type\":\"ListItem\",\"position\":1,\"name\":\"Home\",\"item\":\"https:\\\/\\\/blackstonegriddles.ca\\\/\"},{\"@type\":\"ListItem\",\"position\":2,\"name\":\"Shop\",\"item\":\"https:\\\/\\\/blackstonegriddles.ca\\\/shop\\\/\"},{\"@type\":\"ListItem\",\"position\":3,\"name\":\"Pizza Basics Kit\"}]},{\"@type\":\"WebSite\",\"@id\":\"https:\\\/\\\/blackstonegriddles.ca\\\/#website\",\"url\":\"https:\\\/\\\/blackstonegriddles.ca\\\/\",\"name\":\"Blackstone Griddles Canada\",\"description\":\"Blackstone Griddles official licensed dealer Canada\",\"publisher\":{\"@id\":\"https:\\\/\\\/blackstonegriddles.ca\\\/#organization\"},\"potentialAction\":[{\"@type\":\"SearchAction\",\"target\":{\"@type\":\"EntryPoint\",\"urlTemplate\":\"https:\\\/\\\/blackstonegriddles.ca\\\/?s={search_term_string}\"},\"query-input\":{\"@type\":\"PropertyValueSpecification\",\"valueRequired\":true,\"valueName\":\"search_term_string\"}}],\"inLanguage\":\"fr-CA\"},{\"@type\":\"Organization\",\"@id\":\"https:\\\/\\\/blackstonegriddles.ca\\\/#organization\",\"name\":\"Blackstone Griddles Canada\",\"url\":\"https:\\\/\\\/blackstonegriddles.ca\\\/\",\"logo\":{\"@type\":\"ImageObject\",\"inLanguage\":\"fr-CA\",\"@id\":\"https:\\\/\\\/blackstonegriddles.ca\\\/#\\\/schema\\\/logo\\\/image\\\/\",\"url\":\"https:\\\/\\\/blackstonegriddles.ca\\\/wp-content\\\/uploads\\\/2025\\\/02\\\/blackstone-fire-logo.webp\",\"contentUrl\":\"https:\\\/\\\/blackstonegriddles.ca\\\/wp-content\\\/uploads\\\/2025\\\/02\\\/blackstone-fire-logo.webp\",\"width\":53,\"height\":58,\"caption\":\"Blackstone Griddles Canada\"},\"image\":{\"@id\":\"https:\\\/\\\/blackstonegriddles.ca\\\/#\\\/schema\\\/logo\\\/image\\\/\"},\"sameAs\":[\"https:\\\/\\\/www.facebook.com\\\/blackstoneproducts\\\/\",\"https:\\\/\\\/x.com\\\/weareblackstone\",\"https:\\\/\\\/www.instagram.com\\\/blackstoneproducts\\\/\",\"https:\\\/\\\/www.youtube.com\\\/channel\\\/UCr39rimir8y3p-q1iQYidVA\"]}]}<\/script>\n<!-- \/ Yoast SEO plugin. -->","yoast_head_json":{"title":"Kit de base pour la pizza - Blackstone Griddles","description":"Trouvez tout ce dont vous avez besoin pour commencer \u00e0 cuisiner avec votre four \u00e0 pizza Blackstone. Utilisez les deux plaques \u00e0 pizza de marque Blackstone comme toile pour cr\u00e9er un chef-d'\u0153uvre de pizza.","robots":{"index":"index","follow":"follow","max-snippet":"max-snippet:-1","max-image-preview":"max-image-preview:large","max-video-preview":"max-video-preview:-1"},"canonical":"https:\/\/blackstonegriddles.ca\/fr\/produit\/kit-de-base-pour-la-pizza\/","og_locale":"fr_CA","og_type":"article","og_title":"Pizza Basics Kit - Blackstone Griddles","og_description":"Find everything you need to start cooking with your Blackstone Pizza oven. Use the two Blackstone branded pizza trays as your canvas to create a pizza masterpiece.","og_url":"https:\/\/blackstonegriddles.ca\/fr\/produit\/kit-de-base-pour-la-pizza\/","og_site_name":"Blackstone Griddles","article_publisher":"https:\/\/www.facebook.com\/blackstoneproducts\/","article_modified_time":"2026-04-27T19:01:18+00:00","og_image":[{"width":800,"height":800,"url":"https:\/\/blackstonegriddles.ca\/wp-content\/uploads\/2024\/04\/Pizza-Basics-Kit.jpg","type":"image\/jpeg"}],"twitter_card":"summary_large_image","twitter_site":"@weareblackstone","twitter_misc":{"Estimation du temps de lecture":"1 minute"},"schema":{"@context":"https:\/\/schema.org","@graph":[{"@type":"WebPage","@id":"https:\/\/blackstonegriddles.ca\/product\/pizza-basics-kit\/","url":"https:\/\/blackstonegriddles.ca\/product\/pizza-basics-kit\/","name":"Kit de base pour la pizza - Blackstone Griddles","isPartOf":{"@id":"https:\/\/blackstonegriddles.ca\/#website"},"primaryImageOfPage":{"@id":"https:\/\/blackstonegriddles.ca\/product\/pizza-basics-kit\/#primaryimage"},"image":{"@id":"https:\/\/blackstonegriddles.ca\/product\/pizza-basics-kit\/#primaryimage"},"thumbnailUrl":"https:\/\/blackstonegriddles.ca\/wp-content\/uploads\/2024\/04\/Pizza-Basics-Kit.jpg","datePublished":"2024-04-17T14:15:19+00:00","dateModified":"2026-04-27T19:01:18+00:00","description":"Trouvez tout ce dont vous avez besoin pour commencer \u00e0 cuisiner avec votre four \u00e0 pizza Blackstone. Utilisez les deux plaques \u00e0 pizza de marque Blackstone comme toile pour cr\u00e9er un chef-d'\u0153uvre de pizza.","breadcrumb":{"@id":"https:\/\/blackstonegriddles.ca\/product\/pizza-basics-kit\/#breadcrumb"},"inLanguage":"fr-CA","potentialAction":[{"@type":"ReadAction","target":["https:\/\/blackstonegriddles.ca\/product\/pizza-basics-kit\/"]}]},{"@type":"ImageObject","inLanguage":"fr-CA","@id":"https:\/\/blackstonegriddles.ca\/product\/pizza-basics-kit\/#primaryimage","url":"https:\/\/blackstonegriddles.ca\/wp-content\/uploads\/2024\/04\/Pizza-Basics-Kit.jpg","contentUrl":"https:\/\/blackstonegriddles.ca\/wp-content\/uploads\/2024\/04\/Pizza-Basics-Kit.jpg","width":800,"height":800,"caption":"Pizza Basics Kit"},{"@type":"BreadcrumbList","@id":"https:\/\/blackstonegriddles.ca\/product\/pizza-basics-kit\/#breadcrumb","itemListElement":[{"@type":"ListItem","position":1,"name":"Home","item":"https:\/\/blackstonegriddles.ca\/"},{"@type":"ListItem","position":2,"name":"Shop","item":"https:\/\/blackstonegriddles.ca\/shop\/"},{"@type":"ListItem","position":3,"name":"Pizza Basics Kit"}]},{"@type":"WebSite","@id":"https:\/\/blackstonegriddles.ca\/#website","url":"https:\/\/blackstonegriddles.ca\/","name":"Grils Blackstone Canada","description":"Blackstone Griddles distributeur officiel agr\u00e9\u00e9 Canada","publisher":{"@id":"https:\/\/blackstonegriddles.ca\/#organization"},"potentialAction":[{"@type":"SearchAction","target":{"@type":"EntryPoint","urlTemplate":"https:\/\/blackstonegriddles.ca\/?s={search_term_string}"},"query-input":{"@type":"PropertyValueSpecification","valueRequired":true,"valueName":"search_term_string"}}],"inLanguage":"fr-CA"},{"@type":"Organization","@id":"https:\/\/blackstonegriddles.ca\/#organization","name":"Grils Blackstone Canada","url":"https:\/\/blackstonegriddles.ca\/","logo":{"@type":"ImageObject","inLanguage":"fr-CA","@id":"https:\/\/blackstonegriddles.ca\/#\/schema\/logo\/image\/","url":"https:\/\/blackstonegriddles.ca\/wp-content\/uploads\/2025\/02\/blackstone-fire-logo.webp","contentUrl":"https:\/\/blackstonegriddles.ca\/wp-content\/uploads\/2025\/02\/blackstone-fire-logo.webp","width":53,"height":58,"caption":"Blackstone Griddles Canada"},"image":{"@id":"https:\/\/blackstonegriddles.ca\/#\/schema\/logo\/image\/"},"sameAs":["https:\/\/www.facebook.com\/blackstoneproducts\/","https:\/\/x.com\/weareblackstone","https:\/\/www.instagram.com\/blackstoneproducts\/","https:\/\/www.youtube.com\/channel\/UCr39rimir8y3p-q1iQYidVA"]}]}},"_links":{"self":[{"href":"https:\/\/blackstonegriddles.ca\/fr\/wp-json\/wp\/v2\/product\/38376","targetHints":{"allow":["GET"]}}],"collection":[{"href":"https:\/\/blackstonegriddles.ca\/fr\/wp-json\/wp\/v2\/product"}],"about":[{"href":"https:\/\/blackstonegriddles.ca\/fr\/wp-json\/wp\/v2\/types\/product"}],"wp:featuredmedia":[{"embeddable":true,"href":"https:\/\/blackstonegriddles.ca\/fr\/wp-json\/wp\/v2\/media\/38382"}],"wp:attachment":[{"href":"https:\/\/blackstonegriddles.ca\/fr\/wp-json\/wp\/v2\/media?parent=38376"}],"wp:term":[{"taxonomy":"product_brand","embeddable":true,"href":"https:\/\/blackstonegriddles.ca\/fr\/wp-json\/wp\/v2\/product_brand?post=38376"},{"taxonomy":"product_cat","embeddable":true,"href":"https:\/\/blackstonegriddles.ca\/fr\/wp-json\/wp\/v2\/product_cat?post=38376"},{"taxonomy":"product_tag","embeddable":true,"href":"https:\/\/blackstonegriddles.ca\/fr\/wp-json\/wp\/v2\/product_tag?post=38376"}],"curies":[{"name":"wp","href":"https:\/\/api.w.org\/{rel}","templated":true}]}}