{"id":38383,"date":"2024-04-17T14:27:37","date_gmt":"2024-04-17T14:27:37","guid":{"rendered":"https:\/\/blackstonegriddles.ca\/?post_type=product&#038;p=38383"},"modified":"2026-05-04T17:00:32","modified_gmt":"2026-05-04T17:00:32","slug":"38383","status":"publish","type":"product","link":"https:\/\/blackstonegriddles.ca\/fr\/product\/38383\/","title":{"rendered":"Ensemble d'outils en acier inoxydable pour crochets magn\u00e9tiques et portes de graissage"},"content":{"rendered":"<ul class=\"bullets\">\n<li data-section-id=\"m8o79k\" data-start=\"744\" data-end=\"845\"><strong data-start=\"746\" data-end=\"772\">Protection du carter de graisse<\/strong><br data-start=\"772\" data-end=\"775\" \/>Emp\u00eache les gros morceaux de nourriture de tomber dans le pi\u00e8ge \u00e0 graisse arri\u00e8re<\/li>\n<li data-section-id=\"1uf4c4i\" data-start=\"847\" data-end=\"937\"><strong data-start=\"849\" data-end=\"874\">Maintient le flux de graisse<\/strong><br data-start=\"874\" data-end=\"877\" \/>Permet \u00e0 la graisse de s'\u00e9vacuer correctement sans obstruer le drainage<\/li>\n<li data-section-id=\"1pvm90m\" data-start=\"939\" data-end=\"1021\"><strong data-start=\"941\" data-end=\"962\">Installation facile<\/strong><br data-start=\"962\" data-end=\"965\" \/>Glisse sur le bac \u00e0 graisse int\u00e9gr\u00e9 pour une installation rapide<\/li>\n<li data-section-id=\"12ium02\" data-start=\"1023\" data-end=\"1143\"><strong data-start=\"1025\" data-end=\"1051\">Conception de r\u00e9glage s\u00e9curis\u00e9<\/strong><br data-start=\"1051\" data-end=\"1054\" \/>Utilisez une spatule, une pince ou un grattoir pour repositionner la trappe \u00e0 graisse en utilisant la languette int\u00e9gr\u00e9e<\/li>\n<li data-section-id=\"5ifmff\" data-start=\"1145\" data-end=\"1231\"><strong data-start=\"1147\" data-end=\"1187\">Construction durable en acier inoxydable<\/strong><br data-start=\"1187\" data-end=\"1190\" \/>Con\u00e7u pour une utilisation ext\u00e9rieure de longue dur\u00e9e<\/li>\n<\/ul>","protected":false},"excerpt":{"rendered":"<p data-start=\"187\" data-end=\"443\">Ajoutez fonctionnalit\u00e9 et protection \u00e0 votre installation de plancha avec le lot d'outils en acier inoxydable Magnetic Hooks and Grease Gate Combo. Con\u00e7u pour compl\u00e9ter les planchas Blackstone, cet ensemble aide \u00e0 am\u00e9liorer l'organisation tout en emp\u00eachant la perte d'aliments pendant la cuisson.<\/p>\n<p data-start=\"445\" data-end=\"716\">Le couvercle antigraisse se fixe facilement sur le bac de r\u00e9cup\u00e9ration des graisses arri\u00e8re, aidant \u00e0 emp\u00eacher les gros morceaux de nourriture de tomber tout en permettant \u00e0 la graisse de s'\u00e9couler correctement. Sa conception simple et durable s'int\u00e8gre parfaitement \u00e0 votre appareil de cuisson et contribue \u00e0 une exp\u00e9rience de cuisson plus fluide.<\/p>","protected":false},"featured_media":38390,"template":"","meta":[],"product_brand":[],"product_cat":[138,249,262],"product_tag":[],"class_list":{"0":"post-38383","1":"product","2":"type-product","3":"status-publish","4":"has-post-thumbnail","6":"product_cat-accessories","7":"product_cat-sale","8":"product_cat-tool-kits","9":"product_shipping_class-accessories","11":"first","12":"instock","13":"taxable","14":"shipping-taxable","15":"purchasable","16":"product-type-simple"},"yoast_head":"<!-- This site is optimized with the Yoast SEO plugin v27.5 - https:\/\/yoast.com\/product\/yoast-seo-wordpress\/ -->\n<title>Magnetic Hooks and Grease Gate Combo Stainless Steel Tool Set - Blackstone Griddles<\/title>\n<meta name=\"description\" content=\"The perfect addition to your Blackstone is this grease gate. The simple design matches the sleek look of Blackstone Griddles while helping to protect your meal.\" \/>\n<meta name=\"robots\" content=\"index, follow, max-snippet:-1, max-image-preview:large, max-video-preview:-1\" \/>\n<link rel=\"canonical\" href=\"https:\/\/blackstonegriddles.ca\/fr\/produit\/38383\/\" \/>\n<meta property=\"og:locale\" content=\"fr_CA\" \/>\n<meta property=\"og:type\" content=\"article\" \/>\n<meta property=\"og:title\" content=\"Magnetic Hooks and Grease Gate Combo Stainless Steel Tool Set - Blackstone Griddles\" \/>\n<meta property=\"og:description\" content=\"The perfect addition to your Blackstone is this grease gate. The simple design matches the sleek look of Blackstone Griddles while helping to protect your meal.\" \/>\n<meta property=\"og:url\" content=\"https:\/\/blackstonegriddles.ca\/fr\/produit\/38383\/\" \/>\n<meta property=\"og:site_name\" content=\"Blackstone Griddles\" \/>\n<meta property=\"article:publisher\" content=\"https:\/\/www.facebook.com\/blackstoneproducts\/\" \/>\n<meta property=\"article:modified_time\" content=\"2026-05-04T17:00:32+00:00\" \/>\n<meta property=\"og:image\" content=\"https:\/\/blackstonegriddles.ca\/wp-content\/uploads\/2024\/04\/Magnetic-Hooks-and-Grease-Gate-Combo-Stainless-Steel-Tool-Set1-1.jpeg\" \/>\n\t<meta property=\"og:image:width\" content=\"646\" \/>\n\t<meta property=\"og:image:height\" content=\"646\" \/>\n\t<meta property=\"og:image:type\" content=\"image\/jpeg\" \/>\n<meta name=\"twitter:card\" content=\"summary_large_image\" \/>\n<meta name=\"twitter:site\" content=\"@weareblackstone\" \/>\n<meta name=\"twitter:label1\" content=\"Estimation du temps de lecture\" \/>\n\t<meta name=\"twitter:data1\" content=\"1 minute\" \/>\n<script type=\"application\/ld+json\" class=\"yoast-schema-graph\">{\"@context\":\"https:\\\/\\\/schema.org\",\"@graph\":[{\"@type\":\"WebPage\",\"@id\":\"https:\\\/\\\/blackstonegriddles.ca\\\/product\\\/38383\\\/\",\"url\":\"https:\\\/\\\/blackstonegriddles.ca\\\/product\\\/38383\\\/\",\"name\":\"Magnetic Hooks and Grease Gate Combo Stainless Steel Tool Set - Blackstone Griddles\",\"isPartOf\":{\"@id\":\"https:\\\/\\\/blackstonegriddles.ca\\\/#website\"},\"primaryImageOfPage\":{\"@id\":\"https:\\\/\\\/blackstonegriddles.ca\\\/product\\\/38383\\\/#primaryimage\"},\"image\":{\"@id\":\"https:\\\/\\\/blackstonegriddles.ca\\\/product\\\/38383\\\/#primaryimage\"},\"thumbnailUrl\":\"https:\\\/\\\/blackstonegriddles.ca\\\/wp-content\\\/uploads\\\/2024\\\/04\\\/Magnetic-Hooks-and-Grease-Gate-Combo-Stainless-Steel-Tool-Set1-1.jpeg\",\"datePublished\":\"2024-04-17T14:27:37+00:00\",\"dateModified\":\"2026-05-04T17:00:32+00:00\",\"description\":\"The perfect addition to your Blackstone is this grease gate. The simple design matches the sleek look of Blackstone Griddles while helping to protect your meal.\",\"breadcrumb\":{\"@id\":\"https:\\\/\\\/blackstonegriddles.ca\\\/product\\\/38383\\\/#breadcrumb\"},\"inLanguage\":\"fr-CA\",\"potentialAction\":[{\"@type\":\"ReadAction\",\"target\":[\"https:\\\/\\\/blackstonegriddles.ca\\\/product\\\/38383\\\/\"]}]},{\"@type\":\"ImageObject\",\"inLanguage\":\"fr-CA\",\"@id\":\"https:\\\/\\\/blackstonegriddles.ca\\\/product\\\/38383\\\/#primaryimage\",\"url\":\"https:\\\/\\\/blackstonegriddles.ca\\\/wp-content\\\/uploads\\\/2024\\\/04\\\/Magnetic-Hooks-and-Grease-Gate-Combo-Stainless-Steel-Tool-Set1-1.jpeg\",\"contentUrl\":\"https:\\\/\\\/blackstonegriddles.ca\\\/wp-content\\\/uploads\\\/2024\\\/04\\\/Magnetic-Hooks-and-Grease-Gate-Combo-Stainless-Steel-Tool-Set1-1.jpeg\",\"width\":646,\"height\":646},{\"@type\":\"BreadcrumbList\",\"@id\":\"https:\\\/\\\/blackstonegriddles.ca\\\/product\\\/38383\\\/#breadcrumb\",\"itemListElement\":[{\"@type\":\"ListItem\",\"position\":1,\"name\":\"Home\",\"item\":\"https:\\\/\\\/blackstonegriddles.ca\\\/\"},{\"@type\":\"ListItem\",\"position\":2,\"name\":\"Shop\",\"item\":\"https:\\\/\\\/blackstonegriddles.ca\\\/shop\\\/\"},{\"@type\":\"ListItem\",\"position\":3,\"name\":\"Magnetic Hooks and Grease Gate Combo Stainless Steel Tool Set\"}]},{\"@type\":\"WebSite\",\"@id\":\"https:\\\/\\\/blackstonegriddles.ca\\\/#website\",\"url\":\"https:\\\/\\\/blackstonegriddles.ca\\\/\",\"name\":\"Blackstone Griddles Canada\",\"description\":\"Blackstone Griddles official licensed dealer Canada\",\"publisher\":{\"@id\":\"https:\\\/\\\/blackstonegriddles.ca\\\/#organization\"},\"potentialAction\":[{\"@type\":\"SearchAction\",\"target\":{\"@type\":\"EntryPoint\",\"urlTemplate\":\"https:\\\/\\\/blackstonegriddles.ca\\\/?s={search_term_string}\"},\"query-input\":{\"@type\":\"PropertyValueSpecification\",\"valueRequired\":true,\"valueName\":\"search_term_string\"}}],\"inLanguage\":\"fr-CA\"},{\"@type\":\"Organization\",\"@id\":\"https:\\\/\\\/blackstonegriddles.ca\\\/#organization\",\"name\":\"Blackstone Griddles Canada\",\"url\":\"https:\\\/\\\/blackstonegriddles.ca\\\/\",\"logo\":{\"@type\":\"ImageObject\",\"inLanguage\":\"fr-CA\",\"@id\":\"https:\\\/\\\/blackstonegriddles.ca\\\/#\\\/schema\\\/logo\\\/image\\\/\",\"url\":\"https:\\\/\\\/blackstonegriddles.ca\\\/wp-content\\\/uploads\\\/2025\\\/02\\\/blackstone-fire-logo.webp\",\"contentUrl\":\"https:\\\/\\\/blackstonegriddles.ca\\\/wp-content\\\/uploads\\\/2025\\\/02\\\/blackstone-fire-logo.webp\",\"width\":53,\"height\":58,\"caption\":\"Blackstone Griddles Canada\"},\"image\":{\"@id\":\"https:\\\/\\\/blackstonegriddles.ca\\\/#\\\/schema\\\/logo\\\/image\\\/\"},\"sameAs\":[\"https:\\\/\\\/www.facebook.com\\\/blackstoneproducts\\\/\",\"https:\\\/\\\/x.com\\\/weareblackstone\",\"https:\\\/\\\/www.instagram.com\\\/blackstoneproducts\\\/\",\"https:\\\/\\\/www.youtube.com\\\/channel\\\/UCr39rimir8y3p-q1iQYidVA\"]}]}<\/script>\n<!-- \/ Yoast SEO plugin. -->","yoast_head_json":{"title":"Ensemble d'outils en acier inoxydable avec crochets magn\u00e9tiques et porte \u00e0 graisse - Blackstone Griddles","description":"Cette trappe \u00e0 graisse est le compl\u00e9ment id\u00e9al de votre Blackstone. Son design simple s'harmonise avec l'aspect \u00e9l\u00e9gant des grils Blackstone tout en aidant \u00e0 prot\u00e9ger votre repas.","robots":{"index":"index","follow":"follow","max-snippet":"max-snippet:-1","max-image-preview":"max-image-preview:large","max-video-preview":"max-video-preview:-1"},"canonical":"https:\/\/blackstonegriddles.ca\/fr\/produit\/38383\/","og_locale":"fr_CA","og_type":"article","og_title":"Magnetic Hooks and Grease Gate Combo Stainless Steel Tool Set - Blackstone Griddles","og_description":"The perfect addition to your Blackstone is this grease gate. The simple design matches the sleek look of Blackstone Griddles while helping to protect your meal.","og_url":"https:\/\/blackstonegriddles.ca\/fr\/produit\/38383\/","og_site_name":"Blackstone Griddles","article_publisher":"https:\/\/www.facebook.com\/blackstoneproducts\/","article_modified_time":"2026-05-04T17:00:32+00:00","og_image":[{"width":646,"height":646,"url":"https:\/\/blackstonegriddles.ca\/wp-content\/uploads\/2024\/04\/Magnetic-Hooks-and-Grease-Gate-Combo-Stainless-Steel-Tool-Set1-1.jpeg","type":"image\/jpeg"}],"twitter_card":"summary_large_image","twitter_site":"@weareblackstone","twitter_misc":{"Estimation du temps de lecture":"1 minute"},"schema":{"@context":"https:\/\/schema.org","@graph":[{"@type":"WebPage","@id":"https:\/\/blackstonegriddles.ca\/product\/38383\/","url":"https:\/\/blackstonegriddles.ca\/product\/38383\/","name":"Ensemble d'outils en acier inoxydable avec crochets magn\u00e9tiques et porte \u00e0 graisse - Blackstone Griddles","isPartOf":{"@id":"https:\/\/blackstonegriddles.ca\/#website"},"primaryImageOfPage":{"@id":"https:\/\/blackstonegriddles.ca\/product\/38383\/#primaryimage"},"image":{"@id":"https:\/\/blackstonegriddles.ca\/product\/38383\/#primaryimage"},"thumbnailUrl":"https:\/\/blackstonegriddles.ca\/wp-content\/uploads\/2024\/04\/Magnetic-Hooks-and-Grease-Gate-Combo-Stainless-Steel-Tool-Set1-1.jpeg","datePublished":"2024-04-17T14:27:37+00:00","dateModified":"2026-05-04T17:00:32+00:00","description":"Cette trappe \u00e0 graisse est le compl\u00e9ment id\u00e9al de votre Blackstone. Son design simple s'harmonise avec l'aspect \u00e9l\u00e9gant des grils Blackstone tout en aidant \u00e0 prot\u00e9ger votre repas.","breadcrumb":{"@id":"https:\/\/blackstonegriddles.ca\/product\/38383\/#breadcrumb"},"inLanguage":"fr-CA","potentialAction":[{"@type":"ReadAction","target":["https:\/\/blackstonegriddles.ca\/product\/38383\/"]}]},{"@type":"ImageObject","inLanguage":"fr-CA","@id":"https:\/\/blackstonegriddles.ca\/product\/38383\/#primaryimage","url":"https:\/\/blackstonegriddles.ca\/wp-content\/uploads\/2024\/04\/Magnetic-Hooks-and-Grease-Gate-Combo-Stainless-Steel-Tool-Set1-1.jpeg","contentUrl":"https:\/\/blackstonegriddles.ca\/wp-content\/uploads\/2024\/04\/Magnetic-Hooks-and-Grease-Gate-Combo-Stainless-Steel-Tool-Set1-1.jpeg","width":646,"height":646},{"@type":"BreadcrumbList","@id":"https:\/\/blackstonegriddles.ca\/product\/38383\/#breadcrumb","itemListElement":[{"@type":"ListItem","position":1,"name":"Home","item":"https:\/\/blackstonegriddles.ca\/"},{"@type":"ListItem","position":2,"name":"Shop","item":"https:\/\/blackstonegriddles.ca\/shop\/"},{"@type":"ListItem","position":3,"name":"Magnetic Hooks and Grease Gate Combo Stainless Steel Tool Set"}]},{"@type":"WebSite","@id":"https:\/\/blackstonegriddles.ca\/#website","url":"https:\/\/blackstonegriddles.ca\/","name":"Grils Blackstone Canada","description":"Blackstone Griddles distributeur officiel agr\u00e9\u00e9 Canada","publisher":{"@id":"https:\/\/blackstonegriddles.ca\/#organization"},"potentialAction":[{"@type":"SearchAction","target":{"@type":"EntryPoint","urlTemplate":"https:\/\/blackstonegriddles.ca\/?s={search_term_string}"},"query-input":{"@type":"PropertyValueSpecification","valueRequired":true,"valueName":"search_term_string"}}],"inLanguage":"fr-CA"},{"@type":"Organization","@id":"https:\/\/blackstonegriddles.ca\/#organization","name":"Grils Blackstone Canada","url":"https:\/\/blackstonegriddles.ca\/","logo":{"@type":"ImageObject","inLanguage":"fr-CA","@id":"https:\/\/blackstonegriddles.ca\/#\/schema\/logo\/image\/","url":"https:\/\/blackstonegriddles.ca\/wp-content\/uploads\/2025\/02\/blackstone-fire-logo.webp","contentUrl":"https:\/\/blackstonegriddles.ca\/wp-content\/uploads\/2025\/02\/blackstone-fire-logo.webp","width":53,"height":58,"caption":"Blackstone Griddles Canada"},"image":{"@id":"https:\/\/blackstonegriddles.ca\/#\/schema\/logo\/image\/"},"sameAs":["https:\/\/www.facebook.com\/blackstoneproducts\/","https:\/\/x.com\/weareblackstone","https:\/\/www.instagram.com\/blackstoneproducts\/","https:\/\/www.youtube.com\/channel\/UCr39rimir8y3p-q1iQYidVA"]}]}},"_links":{"self":[{"href":"https:\/\/blackstonegriddles.ca\/fr\/wp-json\/wp\/v2\/product\/38383","targetHints":{"allow":["GET"]}}],"collection":[{"href":"https:\/\/blackstonegriddles.ca\/fr\/wp-json\/wp\/v2\/product"}],"about":[{"href":"https:\/\/blackstonegriddles.ca\/fr\/wp-json\/wp\/v2\/types\/product"}],"wp:featuredmedia":[{"embeddable":true,"href":"https:\/\/blackstonegriddles.ca\/fr\/wp-json\/wp\/v2\/media\/38390"}],"wp:attachment":[{"href":"https:\/\/blackstonegriddles.ca\/fr\/wp-json\/wp\/v2\/media?parent=38383"}],"wp:term":[{"taxonomy":"product_brand","embeddable":true,"href":"https:\/\/blackstonegriddles.ca\/fr\/wp-json\/wp\/v2\/product_brand?post=38383"},{"taxonomy":"product_cat","embeddable":true,"href":"https:\/\/blackstonegriddles.ca\/fr\/wp-json\/wp\/v2\/product_cat?post=38383"},{"taxonomy":"product_tag","embeddable":true,"href":"https:\/\/blackstonegriddles.ca\/fr\/wp-json\/wp\/v2\/product_tag?post=38383"}],"curies":[{"name":"wp","href":"https:\/\/api.w.org\/{rel}","templated":true}]}}