{"id":38483,"date":"2024-04-19T15:42:46","date_gmt":"2024-04-19T15:42:46","guid":{"rendered":"https:\/\/blackstonegriddles.ca\/?post_type=product&#038;p=38483"},"modified":"2026-04-29T13:00:24","modified_gmt":"2026-04-29T13:00:24","slug":"36-plaque-de-cuisson-au-propane-a-4-bruleurs-avec-four-a-pizza-et-friteuse","status":"publish","type":"product","link":"https:\/\/blackstonegriddles.ca\/fr\/product\/36-4-burner-propane-griddle-with-pizza-oven-and-air-fryer\/","title":{"rendered":"Gril au propane de 36 po \u00e0 4 br\u00fbleurs avec four \u00e0 pizza et friteuse \u00e0 air comprim\u00e9"},"content":{"rendered":"<ul>\n<li><strong>Gril au propane \u00e0 4 br\u00fbleurs de 36 po avec four \u00e0 pizza et friteuse \u00e0 air chaud<\/strong><\/li>\n<li>4 br\u00fbleurs chauff\u00e9s ind\u00e9pendamment avec 60 000 BTU et une surface de cuisson combin\u00e9e de 768 pouces carr\u00e9s offrent suffisamment d'espace pour pr\u00e9parer simultan\u00e9ment des plats principaux et des accompagnements.<\/li>\n<li>Le four \u00e0 pizza de 13 000 BTU sert \u00e9galement de friteuse et est suffisamment grand pour cuire une pizza de 12\u2033 ou pour contenir 2,6 litres en tant que friteuse (jusqu'\u00e0 600 degr\u00e9s Fahrenheit).<\/li>\n<li>Syst\u00e8me de gestion des graisses \u00e0 l'arri\u00e8re pour maintenir la zone de cuisson propre tout au long du processus de cuisson<\/li>\n<li>Tablettes lat\u00e9rales rabattables avec crochets \u00e0 outils et barre \u00e0 outils magn\u00e9tique pour un rangement plus compact et des endroits faciles d'acc\u00e8s pour ranger les outils pendant la cuisson.<\/li>\n<li>Capot de protection pour prot\u00e9ger le dessus de la plaque et garder la zone de cuisson propre<\/li>\n<li>Rangement des plateaux pour conserver les plateaux de cuisson et de service<\/li>\n<\/ul>","protected":false},"excerpt":{"rendered":"<p>Que vous planifiez un barbecue, une soir\u00e9e pizza ou que vous souhaitiez simplement pr\u00e9parer un bon repas en plein air, la plaque de cuisson au propane Blackstone \u00e0 4 br\u00fbleurs de 36 pouces avec four \u00e0 pizza et friteuse \u00e0 air a ce qu'il vous faut. Une plaque de cuisson de 36 pouces et un four \u00e0 pizza int\u00e9gr\u00e9 qui sert \u00e9galement de friteuse vous permettent de pr\u00e9parer des hamburgers, des c\u00f4tes, des nuggets de poulet, des frites, des pizzas ou tout autre plat dont vous avez envie. Quatre br\u00fbleurs chauff\u00e9s ind\u00e9pendamment et une surface de cuisson combin\u00e9e de 768 pouces carr\u00e9s permettent de pr\u00e9parer diff\u00e9rents plats simultan\u00e9ment. Des \u00e9tag\u00e8res lat\u00e9rales spacieuses avec des crochets pour les outils et une barre magn\u00e9tique pour les outils vous offrent un grand espace de pr\u00e9paration et vous permettent de garder vos outils \u00e0 port\u00e9e de main pendant la cuisson. Rabattez les \u00e9tag\u00e8res apr\u00e8s utilisation pour un rangement plus compact. Le compartiment de rangement lat\u00e9ral est con\u00e7u pour garder \u00e0 port\u00e9e de main les plateaux de service et de cuisson. Cuisinez efficacement tous vos plats pr\u00e9f\u00e9r\u00e9s en un seul endroit gr\u00e2ce \u00e0 cette plaque de cuisson. Vous pourrez ainsi passer plus de temps \u00e0 manger et \u00e0 cr\u00e9er des souvenirs avec votre famille et vos amis.<\/p>","protected":false},"featured_media":38490,"template":"","meta":[],"product_brand":[],"product_cat":[158,154],"product_tag":[],"class_list":{"0":"post-38483","1":"product","2":"type-product","3":"status-publish","4":"has-post-thumbnail","6":"product_cat-158","7":"product_cat-griddles","8":"product_shipping_class-36-griddle","10":"first","11":"instock","12":"taxable","13":"shipping-taxable","14":"purchasable","15":"product-type-simple"},"yoast_head":"<!-- This site is optimized with the Yoast SEO plugin v27.5 - https:\/\/yoast.com\/product\/yoast-seo-wordpress\/ -->\n<title>36\u201d 4-Burner Propane Griddle with Pizza Oven and Air Fryer - Blackstone Griddles<\/title>\n<meta name=\"description\" content=\"Whether you are planning a barbeque, pizza party, or just want to make a nice outdoor meal, the Blackstone 4-Burner 36\u201d Propane Griddle with Pizza Oven and Air Fryer has what you need.\" \/>\n<meta name=\"robots\" content=\"index, follow, max-snippet:-1, max-image-preview:large, max-video-preview:-1\" \/>\n<link rel=\"canonical\" href=\"https:\/\/blackstonegriddles.ca\/fr\/produit\/36-plaque-de-cuisson-au-propane-a-4-bruleurs-avec-four-a-pizza-et-friteuse\/\" \/>\n<meta property=\"og:locale\" content=\"fr_CA\" \/>\n<meta property=\"og:type\" content=\"article\" \/>\n<meta property=\"og:title\" content=\"36\u201d 4-Burner Propane Griddle with Pizza Oven and Air Fryer - Blackstone Griddles\" \/>\n<meta property=\"og:description\" content=\"Whether you are planning a barbeque, pizza party, or just want to make a nice outdoor meal, the Blackstone 4-Burner 36\u201d Propane Griddle with Pizza Oven and Air Fryer has what you need.\" \/>\n<meta property=\"og:url\" content=\"https:\/\/blackstonegriddles.ca\/fr\/produit\/36-plaque-de-cuisson-au-propane-a-4-bruleurs-avec-four-a-pizza-et-friteuse\/\" \/>\n<meta property=\"og:site_name\" content=\"Blackstone Griddles\" \/>\n<meta property=\"article:publisher\" content=\"https:\/\/www.facebook.com\/blackstoneproducts\/\" \/>\n<meta property=\"article:modified_time\" content=\"2026-04-29T13:00:24+00:00\" \/>\n<meta property=\"og:image\" content=\"https:\/\/blackstonegriddles.ca\/wp-content\/uploads\/2024\/04\/Blackstone-4-Burner-36-Propane-Griddle-with-Pizza-Oven-and-Air-Fryer.jpg\" \/>\n\t<meta property=\"og:image:width\" content=\"640\" \/>\n\t<meta property=\"og:image:height\" content=\"640\" \/>\n\t<meta property=\"og:image:type\" content=\"image\/jpeg\" \/>\n<meta name=\"twitter:card\" content=\"summary_large_image\" \/>\n<meta name=\"twitter:site\" content=\"@weareblackstone\" \/>\n<meta name=\"twitter:label1\" content=\"Estimation du temps de lecture\" \/>\n\t<meta name=\"twitter:data1\" content=\"1 minute\" \/>\n<script type=\"application\/ld+json\" class=\"yoast-schema-graph\">{\"@context\":\"https:\\\/\\\/schema.org\",\"@graph\":[{\"@type\":\"WebPage\",\"@id\":\"https:\\\/\\\/blackstonegriddles.ca\\\/product\\\/36-4-burner-propane-griddle-with-pizza-oven-and-air-fryer\\\/\",\"url\":\"https:\\\/\\\/blackstonegriddles.ca\\\/product\\\/36-4-burner-propane-griddle-with-pizza-oven-and-air-fryer\\\/\",\"name\":\"36\u201d 4-Burner Propane Griddle with Pizza Oven and Air Fryer - Blackstone Griddles\",\"isPartOf\":{\"@id\":\"https:\\\/\\\/blackstonegriddles.ca\\\/#website\"},\"primaryImageOfPage\":{\"@id\":\"https:\\\/\\\/blackstonegriddles.ca\\\/product\\\/36-4-burner-propane-griddle-with-pizza-oven-and-air-fryer\\\/#primaryimage\"},\"image\":{\"@id\":\"https:\\\/\\\/blackstonegriddles.ca\\\/product\\\/36-4-burner-propane-griddle-with-pizza-oven-and-air-fryer\\\/#primaryimage\"},\"thumbnailUrl\":\"https:\\\/\\\/blackstonegriddles.ca\\\/wp-content\\\/uploads\\\/2024\\\/04\\\/Blackstone-4-Burner-36-Propane-Griddle-with-Pizza-Oven-and-Air-Fryer.jpg\",\"datePublished\":\"2024-04-19T15:42:46+00:00\",\"dateModified\":\"2026-04-29T13:00:24+00:00\",\"description\":\"Whether you are planning a barbeque, pizza party, or just want to make a nice outdoor meal, the Blackstone 4-Burner 36\u201d Propane Griddle with Pizza Oven and Air Fryer has what you need.\",\"breadcrumb\":{\"@id\":\"https:\\\/\\\/blackstonegriddles.ca\\\/product\\\/36-4-burner-propane-griddle-with-pizza-oven-and-air-fryer\\\/#breadcrumb\"},\"inLanguage\":\"fr-CA\",\"potentialAction\":[{\"@type\":\"ReadAction\",\"target\":[\"https:\\\/\\\/blackstonegriddles.ca\\\/product\\\/36-4-burner-propane-griddle-with-pizza-oven-and-air-fryer\\\/\"]}]},{\"@type\":\"ImageObject\",\"inLanguage\":\"fr-CA\",\"@id\":\"https:\\\/\\\/blackstonegriddles.ca\\\/product\\\/36-4-burner-propane-griddle-with-pizza-oven-and-air-fryer\\\/#primaryimage\",\"url\":\"https:\\\/\\\/blackstonegriddles.ca\\\/wp-content\\\/uploads\\\/2024\\\/04\\\/Blackstone-4-Burner-36-Propane-Griddle-with-Pizza-Oven-and-Air-Fryer.jpg\",\"contentUrl\":\"https:\\\/\\\/blackstonegriddles.ca\\\/wp-content\\\/uploads\\\/2024\\\/04\\\/Blackstone-4-Burner-36-Propane-Griddle-with-Pizza-Oven-and-Air-Fryer.jpg\",\"width\":640,\"height\":640,\"caption\":\"Blackstone 4-Burner 36\u201d Propane Griddle with Pizza Oven and Air Fryer\"},{\"@type\":\"BreadcrumbList\",\"@id\":\"https:\\\/\\\/blackstonegriddles.ca\\\/product\\\/36-4-burner-propane-griddle-with-pizza-oven-and-air-fryer\\\/#breadcrumb\",\"itemListElement\":[{\"@type\":\"ListItem\",\"position\":1,\"name\":\"Home\",\"item\":\"https:\\\/\\\/blackstonegriddles.ca\\\/\"},{\"@type\":\"ListItem\",\"position\":2,\"name\":\"Shop\",\"item\":\"https:\\\/\\\/blackstonegriddles.ca\\\/shop\\\/\"},{\"@type\":\"ListItem\",\"position\":3,\"name\":\"36\u201d 4-Burner Propane Griddle with Pizza Oven and Air Fryer\"}]},{\"@type\":\"WebSite\",\"@id\":\"https:\\\/\\\/blackstonegriddles.ca\\\/#website\",\"url\":\"https:\\\/\\\/blackstonegriddles.ca\\\/\",\"name\":\"Blackstone Griddles Canada\",\"description\":\"Blackstone Griddles official licensed dealer Canada\",\"publisher\":{\"@id\":\"https:\\\/\\\/blackstonegriddles.ca\\\/#organization\"},\"potentialAction\":[{\"@type\":\"SearchAction\",\"target\":{\"@type\":\"EntryPoint\",\"urlTemplate\":\"https:\\\/\\\/blackstonegriddles.ca\\\/?s={search_term_string}\"},\"query-input\":{\"@type\":\"PropertyValueSpecification\",\"valueRequired\":true,\"valueName\":\"search_term_string\"}}],\"inLanguage\":\"fr-CA\"},{\"@type\":\"Organization\",\"@id\":\"https:\\\/\\\/blackstonegriddles.ca\\\/#organization\",\"name\":\"Blackstone Griddles Canada\",\"url\":\"https:\\\/\\\/blackstonegriddles.ca\\\/\",\"logo\":{\"@type\":\"ImageObject\",\"inLanguage\":\"fr-CA\",\"@id\":\"https:\\\/\\\/blackstonegriddles.ca\\\/#\\\/schema\\\/logo\\\/image\\\/\",\"url\":\"https:\\\/\\\/blackstonegriddles.ca\\\/wp-content\\\/uploads\\\/2025\\\/02\\\/blackstone-fire-logo.webp\",\"contentUrl\":\"https:\\\/\\\/blackstonegriddles.ca\\\/wp-content\\\/uploads\\\/2025\\\/02\\\/blackstone-fire-logo.webp\",\"width\":53,\"height\":58,\"caption\":\"Blackstone Griddles Canada\"},\"image\":{\"@id\":\"https:\\\/\\\/blackstonegriddles.ca\\\/#\\\/schema\\\/logo\\\/image\\\/\"},\"sameAs\":[\"https:\\\/\\\/www.facebook.com\\\/blackstoneproducts\\\/\",\"https:\\\/\\\/x.com\\\/weareblackstone\",\"https:\\\/\\\/www.instagram.com\\\/blackstoneproducts\\\/\",\"https:\\\/\\\/www.youtube.com\\\/channel\\\/UCr39rimir8y3p-q1iQYidVA\"]}]}<\/script>\n<!-- \/ Yoast SEO plugin. -->","yoast_head_json":{"title":"Gril au propane 36\" \u00e0 4 br\u00fbleurs avec four \u00e0 pizza et friteuse - Blackstone Griddles","description":"Que vous organisiez un barbecue, une soir\u00e9e pizza ou que vous souhaitiez simplement pr\u00e9parer un bon repas en plein air, le gril au propane Blackstone \u00e0 4 br\u00fbleurs de 36 pouces avec four \u00e0 pizza et friteuse \u00e0 air a ce qu'il vous faut.","robots":{"index":"index","follow":"follow","max-snippet":"max-snippet:-1","max-image-preview":"max-image-preview:large","max-video-preview":"max-video-preview:-1"},"canonical":"https:\/\/blackstonegriddles.ca\/fr\/produit\/36-plaque-de-cuisson-au-propane-a-4-bruleurs-avec-four-a-pizza-et-friteuse\/","og_locale":"fr_CA","og_type":"article","og_title":"36\u201d 4-Burner Propane Griddle with Pizza Oven and Air Fryer - Blackstone Griddles","og_description":"Whether you are planning a barbeque, pizza party, or just want to make a nice outdoor meal, the Blackstone 4-Burner 36\u201d Propane Griddle with Pizza Oven and Air Fryer has what you need.","og_url":"https:\/\/blackstonegriddles.ca\/fr\/produit\/36-plaque-de-cuisson-au-propane-a-4-bruleurs-avec-four-a-pizza-et-friteuse\/","og_site_name":"Blackstone Griddles","article_publisher":"https:\/\/www.facebook.com\/blackstoneproducts\/","article_modified_time":"2026-04-29T13:00:24+00:00","og_image":[{"width":640,"height":640,"url":"https:\/\/blackstonegriddles.ca\/wp-content\/uploads\/2024\/04\/Blackstone-4-Burner-36-Propane-Griddle-with-Pizza-Oven-and-Air-Fryer.jpg","type":"image\/jpeg"}],"twitter_card":"summary_large_image","twitter_site":"@weareblackstone","twitter_misc":{"Estimation du temps de lecture":"1 minute"},"schema":{"@context":"https:\/\/schema.org","@graph":[{"@type":"WebPage","@id":"https:\/\/blackstonegriddles.ca\/product\/36-4-burner-propane-griddle-with-pizza-oven-and-air-fryer\/","url":"https:\/\/blackstonegriddles.ca\/product\/36-4-burner-propane-griddle-with-pizza-oven-and-air-fryer\/","name":"Gril au propane 36\" \u00e0 4 br\u00fbleurs avec four \u00e0 pizza et friteuse - Blackstone Griddles","isPartOf":{"@id":"https:\/\/blackstonegriddles.ca\/#website"},"primaryImageOfPage":{"@id":"https:\/\/blackstonegriddles.ca\/product\/36-4-burner-propane-griddle-with-pizza-oven-and-air-fryer\/#primaryimage"},"image":{"@id":"https:\/\/blackstonegriddles.ca\/product\/36-4-burner-propane-griddle-with-pizza-oven-and-air-fryer\/#primaryimage"},"thumbnailUrl":"https:\/\/blackstonegriddles.ca\/wp-content\/uploads\/2024\/04\/Blackstone-4-Burner-36-Propane-Griddle-with-Pizza-Oven-and-Air-Fryer.jpg","datePublished":"2024-04-19T15:42:46+00:00","dateModified":"2026-04-29T13:00:24+00:00","description":"Que vous organisiez un barbecue, une soir\u00e9e pizza ou que vous souhaitiez simplement pr\u00e9parer un bon repas en plein air, le gril au propane Blackstone \u00e0 4 br\u00fbleurs de 36 pouces avec four \u00e0 pizza et friteuse \u00e0 air a ce qu'il vous faut.","breadcrumb":{"@id":"https:\/\/blackstonegriddles.ca\/product\/36-4-burner-propane-griddle-with-pizza-oven-and-air-fryer\/#breadcrumb"},"inLanguage":"fr-CA","potentialAction":[{"@type":"ReadAction","target":["https:\/\/blackstonegriddles.ca\/product\/36-4-burner-propane-griddle-with-pizza-oven-and-air-fryer\/"]}]},{"@type":"ImageObject","inLanguage":"fr-CA","@id":"https:\/\/blackstonegriddles.ca\/product\/36-4-burner-propane-griddle-with-pizza-oven-and-air-fryer\/#primaryimage","url":"https:\/\/blackstonegriddles.ca\/wp-content\/uploads\/2024\/04\/Blackstone-4-Burner-36-Propane-Griddle-with-Pizza-Oven-and-Air-Fryer.jpg","contentUrl":"https:\/\/blackstonegriddles.ca\/wp-content\/uploads\/2024\/04\/Blackstone-4-Burner-36-Propane-Griddle-with-Pizza-Oven-and-Air-Fryer.jpg","width":640,"height":640,"caption":"Blackstone 4-Burner 36\u201d Propane Griddle with Pizza Oven and Air Fryer"},{"@type":"BreadcrumbList","@id":"https:\/\/blackstonegriddles.ca\/product\/36-4-burner-propane-griddle-with-pizza-oven-and-air-fryer\/#breadcrumb","itemListElement":[{"@type":"ListItem","position":1,"name":"Home","item":"https:\/\/blackstonegriddles.ca\/"},{"@type":"ListItem","position":2,"name":"Shop","item":"https:\/\/blackstonegriddles.ca\/shop\/"},{"@type":"ListItem","position":3,"name":"36\u201d 4-Burner Propane Griddle with Pizza Oven and Air Fryer"}]},{"@type":"WebSite","@id":"https:\/\/blackstonegriddles.ca\/#website","url":"https:\/\/blackstonegriddles.ca\/","name":"Grils Blackstone Canada","description":"Blackstone Griddles distributeur officiel agr\u00e9\u00e9 Canada","publisher":{"@id":"https:\/\/blackstonegriddles.ca\/#organization"},"potentialAction":[{"@type":"SearchAction","target":{"@type":"EntryPoint","urlTemplate":"https:\/\/blackstonegriddles.ca\/?s={search_term_string}"},"query-input":{"@type":"PropertyValueSpecification","valueRequired":true,"valueName":"search_term_string"}}],"inLanguage":"fr-CA"},{"@type":"Organization","@id":"https:\/\/blackstonegriddles.ca\/#organization","name":"Grils Blackstone Canada","url":"https:\/\/blackstonegriddles.ca\/","logo":{"@type":"ImageObject","inLanguage":"fr-CA","@id":"https:\/\/blackstonegriddles.ca\/#\/schema\/logo\/image\/","url":"https:\/\/blackstonegriddles.ca\/wp-content\/uploads\/2025\/02\/blackstone-fire-logo.webp","contentUrl":"https:\/\/blackstonegriddles.ca\/wp-content\/uploads\/2025\/02\/blackstone-fire-logo.webp","width":53,"height":58,"caption":"Blackstone Griddles Canada"},"image":{"@id":"https:\/\/blackstonegriddles.ca\/#\/schema\/logo\/image\/"},"sameAs":["https:\/\/www.facebook.com\/blackstoneproducts\/","https:\/\/x.com\/weareblackstone","https:\/\/www.instagram.com\/blackstoneproducts\/","https:\/\/www.youtube.com\/channel\/UCr39rimir8y3p-q1iQYidVA"]}]}},"_links":{"self":[{"href":"https:\/\/blackstonegriddles.ca\/fr\/wp-json\/wp\/v2\/product\/38483","targetHints":{"allow":["GET"]}}],"collection":[{"href":"https:\/\/blackstonegriddles.ca\/fr\/wp-json\/wp\/v2\/product"}],"about":[{"href":"https:\/\/blackstonegriddles.ca\/fr\/wp-json\/wp\/v2\/types\/product"}],"wp:featuredmedia":[{"embeddable":true,"href":"https:\/\/blackstonegriddles.ca\/fr\/wp-json\/wp\/v2\/media\/38490"}],"wp:attachment":[{"href":"https:\/\/blackstonegriddles.ca\/fr\/wp-json\/wp\/v2\/media?parent=38483"}],"wp:term":[{"taxonomy":"product_brand","embeddable":true,"href":"https:\/\/blackstonegriddles.ca\/fr\/wp-json\/wp\/v2\/product_brand?post=38483"},{"taxonomy":"product_cat","embeddable":true,"href":"https:\/\/blackstonegriddles.ca\/fr\/wp-json\/wp\/v2\/product_cat?post=38483"},{"taxonomy":"product_tag","embeddable":true,"href":"https:\/\/blackstonegriddles.ca\/fr\/wp-json\/wp\/v2\/product_tag?post=38483"}],"curies":[{"name":"wp","href":"https:\/\/api.w.org\/{rel}","templated":true}]}}