{"id":38499,"date":"2024-04-19T16:01:59","date_gmt":"2024-04-19T16:01:59","guid":{"rendered":"https:\/\/blackstonegriddles.ca\/?post_type=product&#038;p=38499"},"modified":"2026-04-06T16:01:23","modified_gmt":"2026-04-06T16:01:23","slug":"blackstone-adventure-ready-14-grille-de-camping-au-propane-avec-bruleur-lateral","status":"publish","type":"product","link":"https:\/\/blackstonegriddles.ca\/fr\/product\/blackstone-adventure-ready-14-propane-camping-griddle-with-side-burner\/","title":{"rendered":"Blackstone Adventure Ready 14\" Gril de camping au propane avec br\u00fbleur lat\u00e9ral"},"content":{"rendered":"<p><strong>Blackstone Adventure Ready 14\" Gril de camping au propane avec br\u00fbleur lat\u00e9ral<\/strong><\/p>\n<ul>\n<li>Surface de cuisson de la plaque de cuisson de 168 pouces carr\u00e9s et br\u00fbleur lat\u00e9ral avec une puissance combin\u00e9e de 14 400 BTU<\/li>\n<li>Planche \u00e0 griller de 12\" x 14\" avec rev\u00eatement c\u00e9ramique en titane pour un nettoyage plus facile<\/li>\n<li>Conception compacte avec poign\u00e9e de transport<\/li>\n<li>Le bac \u00e0 graisse arri\u00e8re se range et s'en va pour faciliter le transport et le stockage<\/li>\n<li>Couvercle protecteur de la plaque de cuisson avec fermetures en T pour maintenir le couvercle de la plaque en place lors des d\u00e9placements ou lorsqu'elle n'est pas utilis\u00e9e<\/li>\n<li>Syst\u00e8me de gestion de la graisse arri\u00e8re brevet\u00e9 par Blackstone<\/li>\n<li>Pieds de nivellement r\u00e9glables pour maintenir la surface de la plaque plus uniforme sur diff\u00e9rents terrains<\/li>\n<\/ul>","protected":false},"excerpt":{"rendered":"<p>Chargez votre gril de camping Blackstone Adventure Ready 14\" dans la voiture et savourez de d\u00e9licieux repas o\u00f9 que vous alliez. Dot\u00e9e d'un capot de protection, de loquets, d'une poign\u00e9e et d'un bac \u00e0 graisse arri\u00e8re \u00e0 ranger et \u00e0 emporter, cette plaque se range comme une mallette facile \u00e0 transporter. Un gril et un br\u00fbleur lat\u00e9ral de 280 po2 La plaque de cuisson et le br\u00fbleur lat\u00e9ral de 14 400 BTU combin\u00e9s facilitent la pr\u00e9paration de vos plats pr\u00e9f\u00e9r\u00e9s avec la possibilit\u00e9 de chauffer de l'eau ou de faire cuire de la soupe sur le br\u00fbleur lat\u00e9ral. Pr\u00e9parez simultan\u00e9ment un petit-d\u00e9jeuner et un chocolat chaud lors d'une matin\u00e9e froide en camping ou pr\u00e9parez une soupe pour accompagner votre viande et vos l\u00e9gumes pr\u00e9f\u00e9r\u00e9s pour le d\u00eener. L'allumage par bouton-poussoir facilite le d\u00e9marrage et le chauffage de votre plancha, et les pieds de nivellement vous offrent une surface de cuisson plus uniforme, quel que soit le terrain. Savourez vos plats pr\u00e9f\u00e9r\u00e9s o\u00f9 que vous soyez gr\u00e2ce \u00e0 cette plaque de cuisson Blackstone Adventure Ready, pr\u00eate \u00e0 partir \u00e0 l'aventure \u00e0 tout moment.<\/p>","protected":false},"featured_media":38507,"template":"","meta":[],"product_brand":[],"product_cat":[156,267,154],"product_tag":[],"class_list":{"0":"post-38499","1":"product","2":"type-product","3":"status-publish","4":"has-post-thumbnail","6":"product_cat-156","7":"product_cat-camping-series","8":"product_cat-griddles","9":"product_shipping_class-17-griddles","11":"first","12":"instock","13":"taxable","14":"shipping-taxable","15":"purchasable","16":"product-type-simple"},"yoast_head":"<!-- This site is optimized with the Yoast SEO plugin v27.3 - https:\/\/yoast.com\/product\/yoast-seo-wordpress\/ -->\n<title>Blackstone Adventure Ready 14\u201d Propane Camping Griddle with Side Burner - Blackstone Griddles<\/title>\n<meta name=\"description\" content=\"Load your Blackstone Adventure Ready 14\u201d Camping Griddle in the car and enjoy delicious meals wherever you end up\" \/>\n<meta name=\"robots\" content=\"index, follow, max-snippet:-1, max-image-preview:large, max-video-preview:-1\" \/>\n<link rel=\"canonical\" href=\"https:\/\/blackstonegriddles.ca\/fr\/produit\/blackstone-adventure-ready-14-grille-de-camping-au-propane-avec-bruleur-lateral\/\" \/>\n<meta property=\"og:locale\" content=\"fr_CA\" \/>\n<meta property=\"og:type\" content=\"article\" \/>\n<meta property=\"og:title\" content=\"Blackstone Adventure Ready 14\u201d Propane Camping Griddle with Side Burner - Blackstone Griddles\" \/>\n<meta property=\"og:description\" content=\"Load your Blackstone Adventure Ready 14\u201d Camping Griddle in the car and enjoy delicious meals wherever you end up\" \/>\n<meta property=\"og:url\" content=\"https:\/\/blackstonegriddles.ca\/fr\/produit\/blackstone-adventure-ready-14-grille-de-camping-au-propane-avec-bruleur-lateral\/\" \/>\n<meta property=\"og:site_name\" content=\"Blackstone Griddles\" \/>\n<meta property=\"article:publisher\" content=\"https:\/\/www.facebook.com\/blackstoneproducts\/\" \/>\n<meta property=\"article:modified_time\" content=\"2026-04-06T16:01:23+00:00\" \/>\n<meta property=\"og:image\" content=\"https:\/\/blackstonegriddles.ca\/wp-content\/uploads\/2024\/04\/Blackstone-Adventure-Ready-14-Propane-Camping-Griddle-with-Side-Burner6-1.jpg\" \/>\n\t<meta property=\"og:image:width\" content=\"640\" \/>\n\t<meta property=\"og:image:height\" content=\"640\" \/>\n\t<meta property=\"og:image:type\" content=\"image\/jpeg\" \/>\n<meta name=\"twitter:card\" content=\"summary_large_image\" \/>\n<meta name=\"twitter:site\" content=\"@weareblackstone\" \/>\n<meta name=\"twitter:label1\" content=\"Estimation du temps de lecture\" \/>\n\t<meta name=\"twitter:data1\" content=\"1 minute\" \/>\n<script type=\"application\/ld+json\" class=\"yoast-schema-graph\">{\"@context\":\"https:\\\/\\\/schema.org\",\"@graph\":[{\"@type\":\"WebPage\",\"@id\":\"https:\\\/\\\/blackstonegriddles.ca\\\/product\\\/blackstone-adventure-ready-14-propane-camping-griddle-with-side-burner\\\/\",\"url\":\"https:\\\/\\\/blackstonegriddles.ca\\\/product\\\/blackstone-adventure-ready-14-propane-camping-griddle-with-side-burner\\\/\",\"name\":\"Blackstone Adventure Ready 14\u201d Propane Camping Griddle with Side Burner - Blackstone Griddles\",\"isPartOf\":{\"@id\":\"https:\\\/\\\/blackstonegriddles.ca\\\/#website\"},\"primaryImageOfPage\":{\"@id\":\"https:\\\/\\\/blackstonegriddles.ca\\\/product\\\/blackstone-adventure-ready-14-propane-camping-griddle-with-side-burner\\\/#primaryimage\"},\"image\":{\"@id\":\"https:\\\/\\\/blackstonegriddles.ca\\\/product\\\/blackstone-adventure-ready-14-propane-camping-griddle-with-side-burner\\\/#primaryimage\"},\"thumbnailUrl\":\"https:\\\/\\\/blackstonegriddles.ca\\\/wp-content\\\/uploads\\\/2024\\\/04\\\/Blackstone-Adventure-Ready-14-Propane-Camping-Griddle-with-Side-Burner6-1.jpg\",\"datePublished\":\"2024-04-19T16:01:59+00:00\",\"dateModified\":\"2026-04-06T16:01:23+00:00\",\"description\":\"Load your Blackstone Adventure Ready 14\u201d Camping Griddle in the car and enjoy delicious meals wherever you end up\",\"breadcrumb\":{\"@id\":\"https:\\\/\\\/blackstonegriddles.ca\\\/product\\\/blackstone-adventure-ready-14-propane-camping-griddle-with-side-burner\\\/#breadcrumb\"},\"inLanguage\":\"fr-CA\",\"potentialAction\":[{\"@type\":\"ReadAction\",\"target\":[\"https:\\\/\\\/blackstonegriddles.ca\\\/product\\\/blackstone-adventure-ready-14-propane-camping-griddle-with-side-burner\\\/\"]}]},{\"@type\":\"ImageObject\",\"inLanguage\":\"fr-CA\",\"@id\":\"https:\\\/\\\/blackstonegriddles.ca\\\/product\\\/blackstone-adventure-ready-14-propane-camping-griddle-with-side-burner\\\/#primaryimage\",\"url\":\"https:\\\/\\\/blackstonegriddles.ca\\\/wp-content\\\/uploads\\\/2024\\\/04\\\/Blackstone-Adventure-Ready-14-Propane-Camping-Griddle-with-Side-Burner6-1.jpg\",\"contentUrl\":\"https:\\\/\\\/blackstonegriddles.ca\\\/wp-content\\\/uploads\\\/2024\\\/04\\\/Blackstone-Adventure-Ready-14-Propane-Camping-Griddle-with-Side-Burner6-1.jpg\",\"width\":640,\"height\":640,\"caption\":\"Blackstone Adventure Ready 14\u201d Propane Camping Griddle with Side Burner\"},{\"@type\":\"BreadcrumbList\",\"@id\":\"https:\\\/\\\/blackstonegriddles.ca\\\/product\\\/blackstone-adventure-ready-14-propane-camping-griddle-with-side-burner\\\/#breadcrumb\",\"itemListElement\":[{\"@type\":\"ListItem\",\"position\":1,\"name\":\"Home\",\"item\":\"https:\\\/\\\/blackstonegriddles.ca\\\/\"},{\"@type\":\"ListItem\",\"position\":2,\"name\":\"Shop\",\"item\":\"https:\\\/\\\/blackstonegriddles.ca\\\/shop\\\/\"},{\"@type\":\"ListItem\",\"position\":3,\"name\":\"Blackstone Adventure Ready 14\u201d Propane Camping Griddle with Side Burner\"}]},{\"@type\":\"WebSite\",\"@id\":\"https:\\\/\\\/blackstonegriddles.ca\\\/#website\",\"url\":\"https:\\\/\\\/blackstonegriddles.ca\\\/\",\"name\":\"Blackstone Griddles Canada\",\"description\":\"Blackstone Griddles official licensed dealer Canada\",\"publisher\":{\"@id\":\"https:\\\/\\\/blackstonegriddles.ca\\\/#organization\"},\"potentialAction\":[{\"@type\":\"SearchAction\",\"target\":{\"@type\":\"EntryPoint\",\"urlTemplate\":\"https:\\\/\\\/blackstonegriddles.ca\\\/?s={search_term_string}\"},\"query-input\":{\"@type\":\"PropertyValueSpecification\",\"valueRequired\":true,\"valueName\":\"search_term_string\"}}],\"inLanguage\":\"fr-CA\"},{\"@type\":\"Organization\",\"@id\":\"https:\\\/\\\/blackstonegriddles.ca\\\/#organization\",\"name\":\"Blackstone Griddles Canada\",\"url\":\"https:\\\/\\\/blackstonegriddles.ca\\\/\",\"logo\":{\"@type\":\"ImageObject\",\"inLanguage\":\"fr-CA\",\"@id\":\"https:\\\/\\\/blackstonegriddles.ca\\\/#\\\/schema\\\/logo\\\/image\\\/\",\"url\":\"https:\\\/\\\/blackstonegriddles.ca\\\/wp-content\\\/uploads\\\/2025\\\/02\\\/blackstone-fire-logo.webp\",\"contentUrl\":\"https:\\\/\\\/blackstonegriddles.ca\\\/wp-content\\\/uploads\\\/2025\\\/02\\\/blackstone-fire-logo.webp\",\"width\":53,\"height\":58,\"caption\":\"Blackstone Griddles Canada\"},\"image\":{\"@id\":\"https:\\\/\\\/blackstonegriddles.ca\\\/#\\\/schema\\\/logo\\\/image\\\/\"},\"sameAs\":[\"https:\\\/\\\/www.facebook.com\\\/blackstoneproducts\\\/\",\"https:\\\/\\\/x.com\\\/weareblackstone\",\"https:\\\/\\\/www.instagram.com\\\/blackstoneproducts\\\/\",\"https:\\\/\\\/www.youtube.com\\\/channel\\\/UCr39rimir8y3p-q1iQYidVA\"]}]}<\/script>\n<!-- \/ Yoast SEO plugin. -->","yoast_head_json":{"title":"Blackstone Adventure Ready 14\" Propane Camping Griddle avec br\u00fbleur lat\u00e9ral - Blackstone Griddles","description":"Chargez votre gril de camping Blackstone Adventure Ready 14\" dans la voiture et savourez de d\u00e9licieux repas o\u00f9 que vous alliez.","robots":{"index":"index","follow":"follow","max-snippet":"max-snippet:-1","max-image-preview":"max-image-preview:large","max-video-preview":"max-video-preview:-1"},"canonical":"https:\/\/blackstonegriddles.ca\/fr\/produit\/blackstone-adventure-ready-14-grille-de-camping-au-propane-avec-bruleur-lateral\/","og_locale":"fr_CA","og_type":"article","og_title":"Blackstone Adventure Ready 14\u201d Propane Camping Griddle with Side Burner - Blackstone Griddles","og_description":"Load your Blackstone Adventure Ready 14\u201d Camping Griddle in the car and enjoy delicious meals wherever you end up","og_url":"https:\/\/blackstonegriddles.ca\/fr\/produit\/blackstone-adventure-ready-14-grille-de-camping-au-propane-avec-bruleur-lateral\/","og_site_name":"Blackstone Griddles","article_publisher":"https:\/\/www.facebook.com\/blackstoneproducts\/","article_modified_time":"2026-04-06T16:01:23+00:00","og_image":[{"width":640,"height":640,"url":"https:\/\/blackstonegriddles.ca\/wp-content\/uploads\/2024\/04\/Blackstone-Adventure-Ready-14-Propane-Camping-Griddle-with-Side-Burner6-1.jpg","type":"image\/jpeg"}],"twitter_card":"summary_large_image","twitter_site":"@weareblackstone","twitter_misc":{"Estimation du temps de lecture":"1 minute"},"schema":{"@context":"https:\/\/schema.org","@graph":[{"@type":"WebPage","@id":"https:\/\/blackstonegriddles.ca\/product\/blackstone-adventure-ready-14-propane-camping-griddle-with-side-burner\/","url":"https:\/\/blackstonegriddles.ca\/product\/blackstone-adventure-ready-14-propane-camping-griddle-with-side-burner\/","name":"Blackstone Adventure Ready 14\" Propane Camping Griddle avec br\u00fbleur lat\u00e9ral - Blackstone Griddles","isPartOf":{"@id":"https:\/\/blackstonegriddles.ca\/#website"},"primaryImageOfPage":{"@id":"https:\/\/blackstonegriddles.ca\/product\/blackstone-adventure-ready-14-propane-camping-griddle-with-side-burner\/#primaryimage"},"image":{"@id":"https:\/\/blackstonegriddles.ca\/product\/blackstone-adventure-ready-14-propane-camping-griddle-with-side-burner\/#primaryimage"},"thumbnailUrl":"https:\/\/blackstonegriddles.ca\/wp-content\/uploads\/2024\/04\/Blackstone-Adventure-Ready-14-Propane-Camping-Griddle-with-Side-Burner6-1.jpg","datePublished":"2024-04-19T16:01:59+00:00","dateModified":"2026-04-06T16:01:23+00:00","description":"Chargez votre gril de camping Blackstone Adventure Ready 14\" dans la voiture et savourez de d\u00e9licieux repas o\u00f9 que vous alliez.","breadcrumb":{"@id":"https:\/\/blackstonegriddles.ca\/product\/blackstone-adventure-ready-14-propane-camping-griddle-with-side-burner\/#breadcrumb"},"inLanguage":"fr-CA","potentialAction":[{"@type":"ReadAction","target":["https:\/\/blackstonegriddles.ca\/product\/blackstone-adventure-ready-14-propane-camping-griddle-with-side-burner\/"]}]},{"@type":"ImageObject","inLanguage":"fr-CA","@id":"https:\/\/blackstonegriddles.ca\/product\/blackstone-adventure-ready-14-propane-camping-griddle-with-side-burner\/#primaryimage","url":"https:\/\/blackstonegriddles.ca\/wp-content\/uploads\/2024\/04\/Blackstone-Adventure-Ready-14-Propane-Camping-Griddle-with-Side-Burner6-1.jpg","contentUrl":"https:\/\/blackstonegriddles.ca\/wp-content\/uploads\/2024\/04\/Blackstone-Adventure-Ready-14-Propane-Camping-Griddle-with-Side-Burner6-1.jpg","width":640,"height":640,"caption":"Blackstone Adventure Ready 14\u201d Propane Camping Griddle with Side Burner"},{"@type":"BreadcrumbList","@id":"https:\/\/blackstonegriddles.ca\/product\/blackstone-adventure-ready-14-propane-camping-griddle-with-side-burner\/#breadcrumb","itemListElement":[{"@type":"ListItem","position":1,"name":"Home","item":"https:\/\/blackstonegriddles.ca\/"},{"@type":"ListItem","position":2,"name":"Shop","item":"https:\/\/blackstonegriddles.ca\/shop\/"},{"@type":"ListItem","position":3,"name":"Blackstone Adventure Ready 14\u201d Propane Camping Griddle with Side Burner"}]},{"@type":"WebSite","@id":"https:\/\/blackstonegriddles.ca\/#website","url":"https:\/\/blackstonegriddles.ca\/","name":"Grils Blackstone Canada","description":"Blackstone Griddles distributeur officiel agr\u00e9\u00e9 Canada","publisher":{"@id":"https:\/\/blackstonegriddles.ca\/#organization"},"potentialAction":[{"@type":"SearchAction","target":{"@type":"EntryPoint","urlTemplate":"https:\/\/blackstonegriddles.ca\/?s={search_term_string}"},"query-input":{"@type":"PropertyValueSpecification","valueRequired":true,"valueName":"search_term_string"}}],"inLanguage":"fr-CA"},{"@type":"Organization","@id":"https:\/\/blackstonegriddles.ca\/#organization","name":"Grils Blackstone Canada","url":"https:\/\/blackstonegriddles.ca\/","logo":{"@type":"ImageObject","inLanguage":"fr-CA","@id":"https:\/\/blackstonegriddles.ca\/#\/schema\/logo\/image\/","url":"https:\/\/blackstonegriddles.ca\/wp-content\/uploads\/2025\/02\/blackstone-fire-logo.webp","contentUrl":"https:\/\/blackstonegriddles.ca\/wp-content\/uploads\/2025\/02\/blackstone-fire-logo.webp","width":53,"height":58,"caption":"Blackstone Griddles Canada"},"image":{"@id":"https:\/\/blackstonegriddles.ca\/#\/schema\/logo\/image\/"},"sameAs":["https:\/\/www.facebook.com\/blackstoneproducts\/","https:\/\/x.com\/weareblackstone","https:\/\/www.instagram.com\/blackstoneproducts\/","https:\/\/www.youtube.com\/channel\/UCr39rimir8y3p-q1iQYidVA"]}]}},"_links":{"self":[{"href":"https:\/\/blackstonegriddles.ca\/fr\/wp-json\/wp\/v2\/product\/38499","targetHints":{"allow":["GET"]}}],"collection":[{"href":"https:\/\/blackstonegriddles.ca\/fr\/wp-json\/wp\/v2\/product"}],"about":[{"href":"https:\/\/blackstonegriddles.ca\/fr\/wp-json\/wp\/v2\/types\/product"}],"wp:featuredmedia":[{"embeddable":true,"href":"https:\/\/blackstonegriddles.ca\/fr\/wp-json\/wp\/v2\/media\/38507"}],"wp:attachment":[{"href":"https:\/\/blackstonegriddles.ca\/fr\/wp-json\/wp\/v2\/media?parent=38499"}],"wp:term":[{"taxonomy":"product_brand","embeddable":true,"href":"https:\/\/blackstonegriddles.ca\/fr\/wp-json\/wp\/v2\/product_brand?post=38499"},{"taxonomy":"product_cat","embeddable":true,"href":"https:\/\/blackstonegriddles.ca\/fr\/wp-json\/wp\/v2\/product_cat?post=38499"},{"taxonomy":"product_tag","embeddable":true,"href":"https:\/\/blackstonegriddles.ca\/fr\/wp-json\/wp\/v2\/product_tag?post=38499"}],"curies":[{"name":"wp","href":"https:\/\/api.w.org\/{rel}","templated":true}]}}