{"id":38692,"date":"2024-04-25T13:37:05","date_gmt":"2024-04-25T13:37:05","guid":{"rendered":"https:\/\/blackstonegriddles.ca\/?post_type=product&#038;p=38692"},"modified":"2026-04-20T14:51:54","modified_gmt":"2026-04-20T14:51:54","slug":"select-28-griddle-w-cabinets","status":"publish","type":"product","link":"https:\/\/blackstonegriddles.ca\/fr\/product\/select-28-griddle-w-cabinets\/","title":{"rendered":"Select 28\u2033 Griddle W\/Cabinets"},"content":{"rendered":"<ul class=\"sc-eJRTFu jFgyke pf-48_ acumin\" data-pf-type=\"MetafieldValue\">\n<li class=\"sc-dtDOqo bEUZPZ metafield-list.single_line_text_field\">Tablettes lat\u00e9rales rabattables avec crochets lat\u00e9raux<\/li>\n<li class=\"sc-dtDOqo bEUZPZ metafield-list.single_line_text_field\">Plaque de cuisson Omnivore de 28\" \u00e0 haut rendement, chauff\u00e9e par 3 br\u00fbleurs \u00e0 commande ind\u00e9pendante<\/li>\n<li class=\"sc-dtDOqo bEUZPZ metafield-list.single_line_text_field\">Construction en acier inoxydable de calibre 304 avec embellissements en laiton \u00e9lectroplaqu\u00e9<\/li>\n<li class=\"sc-dtDOqo bEUZPZ metafield-list.single_line_text_field\">Allumage \u00e9lectronique aliment\u00e9 par batterie<\/li>\n<li class=\"sc-dtDOqo bEUZPZ metafield-list.single_line_text_field\">Armoire de stockage de propane<\/li>\n<\/ul>","protected":false},"excerpt":{"rendered":"<p>Transformez votre cuisine d'ext\u00e9rieur avec la plaque de cuisson Blackstone Select 28\", qui allie pr\u00e9cision, sophistication et facilit\u00e9. Fabriqu\u00e9e en acier inoxydable durable de calibre 304, cette plaque de cuisson de 28 pouces pr\u00e9sente un design qui \u00e9largit la polyvalence de votre cuisine ext\u00e9rieure. Son rangement int\u00e9gr\u00e9 pour le propane offre suffisamment d'espace pour ranger tous les ingr\u00e9dients essentiels \u00e0 la cuisson et les assaisonnements. Faites l'exp\u00e9rience d'une pr\u00e9cision accrue gr\u00e2ce \u00e0 la technologie innovante de la plaque de gril Omnivore et aux 3 br\u00fbleurs \u00e0 commande ind\u00e9pendante, qui vous permettent de cr\u00e9er une vari\u00e9t\u00e9 de plats simultan\u00e9ment. Des cr\u00eapes du matin aux barbecues du soir, cette plancha dynamique et efficace est une championne de l'arri\u00e8re-cour.<\/p>","protected":false},"featured_media":38686,"template":"","meta":[],"product_brand":[],"product_cat":[157,154,266],"product_tag":[],"class_list":{"0":"post-38692","1":"product","2":"type-product","3":"status-publish","4":"has-post-thumbnail","6":"product_cat-157","7":"product_cat-griddles","8":"product_cat-select-series","9":"product_shipping_class-140","11":"first","12":"instock","13":"taxable","14":"shipping-taxable","15":"purchasable","16":"product-type-simple"},"yoast_head":"<!-- This site is optimized with the Yoast SEO plugin v27.4 - https:\/\/yoast.com\/product\/yoast-seo-wordpress\/ -->\n<title>Select 28&quot; Griddle W\/Cabinets - Blackstone Griddles<\/title>\n<meta name=\"description\" content=\"Transform your outdoor cooking with the Blackstone Select 28\u201d Griddle featuring a sleek fusion of accuracy, sophistication, and ease.\" \/>\n<meta name=\"robots\" content=\"index, follow, max-snippet:-1, max-image-preview:large, max-video-preview:-1\" \/>\n<link rel=\"canonical\" href=\"https:\/\/blackstonegriddles.ca\/fr\/produit\/select-28-griddle-w-cabinets\/\" \/>\n<meta property=\"og:locale\" content=\"fr_CA\" \/>\n<meta property=\"og:type\" content=\"article\" \/>\n<meta property=\"og:title\" content=\"Select 28&quot; Griddle W\/Cabinets - Blackstone Griddles\" \/>\n<meta property=\"og:description\" content=\"Transform your outdoor cooking with the Blackstone Select 28\u201d Griddle featuring a sleek fusion of accuracy, sophistication, and ease.\" \/>\n<meta property=\"og:url\" content=\"https:\/\/blackstonegriddles.ca\/fr\/produit\/select-28-griddle-w-cabinets\/\" \/>\n<meta property=\"og:site_name\" content=\"Blackstone Griddles\" \/>\n<meta property=\"article:publisher\" content=\"https:\/\/www.facebook.com\/blackstoneproducts\/\" \/>\n<meta property=\"article:modified_time\" content=\"2026-04-20T14:51:54+00:00\" \/>\n<meta property=\"og:image\" content=\"https:\/\/blackstonegriddles.ca\/wp-content\/uploads\/2024\/04\/Select-28-Griddle-W-Cabinets.jpg\" \/>\n\t<meta property=\"og:image:width\" content=\"800\" \/>\n\t<meta property=\"og:image:height\" content=\"800\" \/>\n\t<meta property=\"og:image:type\" content=\"image\/jpeg\" \/>\n<meta name=\"twitter:card\" content=\"summary_large_image\" \/>\n<meta name=\"twitter:site\" content=\"@weareblackstone\" \/>\n<meta name=\"twitter:label1\" content=\"Estimation du temps de lecture\" \/>\n\t<meta name=\"twitter:data1\" content=\"1 minute\" \/>\n<script type=\"application\/ld+json\" class=\"yoast-schema-graph\">{\"@context\":\"https:\\\/\\\/schema.org\",\"@graph\":[{\"@type\":\"WebPage\",\"@id\":\"https:\\\/\\\/blackstonegriddles.ca\\\/product\\\/select-28-griddle-w-cabinets\\\/\",\"url\":\"https:\\\/\\\/blackstonegriddles.ca\\\/product\\\/select-28-griddle-w-cabinets\\\/\",\"name\":\"Select 28\\\" Griddle W\\\/Cabinets - Blackstone Griddles\",\"isPartOf\":{\"@id\":\"https:\\\/\\\/blackstonegriddles.ca\\\/#website\"},\"primaryImageOfPage\":{\"@id\":\"https:\\\/\\\/blackstonegriddles.ca\\\/product\\\/select-28-griddle-w-cabinets\\\/#primaryimage\"},\"image\":{\"@id\":\"https:\\\/\\\/blackstonegriddles.ca\\\/product\\\/select-28-griddle-w-cabinets\\\/#primaryimage\"},\"thumbnailUrl\":\"https:\\\/\\\/blackstonegriddles.ca\\\/wp-content\\\/uploads\\\/2024\\\/04\\\/Select-28-Griddle-W-Cabinets.jpg\",\"datePublished\":\"2024-04-25T13:37:05+00:00\",\"dateModified\":\"2026-04-20T14:51:54+00:00\",\"description\":\"Transform your outdoor cooking with the Blackstone Select 28\u201d Griddle featuring a sleek fusion of accuracy, sophistication, and ease.\",\"breadcrumb\":{\"@id\":\"https:\\\/\\\/blackstonegriddles.ca\\\/product\\\/select-28-griddle-w-cabinets\\\/#breadcrumb\"},\"inLanguage\":\"fr-CA\",\"potentialAction\":[{\"@type\":\"ReadAction\",\"target\":[\"https:\\\/\\\/blackstonegriddles.ca\\\/product\\\/select-28-griddle-w-cabinets\\\/\"]}]},{\"@type\":\"ImageObject\",\"inLanguage\":\"fr-CA\",\"@id\":\"https:\\\/\\\/blackstonegriddles.ca\\\/product\\\/select-28-griddle-w-cabinets\\\/#primaryimage\",\"url\":\"https:\\\/\\\/blackstonegriddles.ca\\\/wp-content\\\/uploads\\\/2024\\\/04\\\/Select-28-Griddle-W-Cabinets.jpg\",\"contentUrl\":\"https:\\\/\\\/blackstonegriddles.ca\\\/wp-content\\\/uploads\\\/2024\\\/04\\\/Select-28-Griddle-W-Cabinets.jpg\",\"width\":800,\"height\":800,\"caption\":\"Select 28 Griddle W Cabinets\"},{\"@type\":\"BreadcrumbList\",\"@id\":\"https:\\\/\\\/blackstonegriddles.ca\\\/product\\\/select-28-griddle-w-cabinets\\\/#breadcrumb\",\"itemListElement\":[{\"@type\":\"ListItem\",\"position\":1,\"name\":\"Home\",\"item\":\"https:\\\/\\\/blackstonegriddles.ca\\\/\"},{\"@type\":\"ListItem\",\"position\":2,\"name\":\"Shop\",\"item\":\"https:\\\/\\\/blackstonegriddles.ca\\\/shop\\\/\"},{\"@type\":\"ListItem\",\"position\":3,\"name\":\"Select 28&#8243; Griddle W\\\/Cabinets\"}]},{\"@type\":\"WebSite\",\"@id\":\"https:\\\/\\\/blackstonegriddles.ca\\\/#website\",\"url\":\"https:\\\/\\\/blackstonegriddles.ca\\\/\",\"name\":\"Blackstone Griddles Canada\",\"description\":\"Blackstone Griddles official licensed dealer Canada\",\"publisher\":{\"@id\":\"https:\\\/\\\/blackstonegriddles.ca\\\/#organization\"},\"potentialAction\":[{\"@type\":\"SearchAction\",\"target\":{\"@type\":\"EntryPoint\",\"urlTemplate\":\"https:\\\/\\\/blackstonegriddles.ca\\\/?s={search_term_string}\"},\"query-input\":{\"@type\":\"PropertyValueSpecification\",\"valueRequired\":true,\"valueName\":\"search_term_string\"}}],\"inLanguage\":\"fr-CA\"},{\"@type\":\"Organization\",\"@id\":\"https:\\\/\\\/blackstonegriddles.ca\\\/#organization\",\"name\":\"Blackstone Griddles Canada\",\"url\":\"https:\\\/\\\/blackstonegriddles.ca\\\/\",\"logo\":{\"@type\":\"ImageObject\",\"inLanguage\":\"fr-CA\",\"@id\":\"https:\\\/\\\/blackstonegriddles.ca\\\/#\\\/schema\\\/logo\\\/image\\\/\",\"url\":\"https:\\\/\\\/blackstonegriddles.ca\\\/wp-content\\\/uploads\\\/2025\\\/02\\\/blackstone-fire-logo.webp\",\"contentUrl\":\"https:\\\/\\\/blackstonegriddles.ca\\\/wp-content\\\/uploads\\\/2025\\\/02\\\/blackstone-fire-logo.webp\",\"width\":53,\"height\":58,\"caption\":\"Blackstone Griddles Canada\"},\"image\":{\"@id\":\"https:\\\/\\\/blackstonegriddles.ca\\\/#\\\/schema\\\/logo\\\/image\\\/\"},\"sameAs\":[\"https:\\\/\\\/www.facebook.com\\\/blackstoneproducts\\\/\",\"https:\\\/\\\/x.com\\\/weareblackstone\",\"https:\\\/\\\/www.instagram.com\\\/blackstoneproducts\\\/\",\"https:\\\/\\\/www.youtube.com\\\/channel\\\/UCr39rimir8y3p-q1iQYidVA\"]}]}<\/script>\n<!-- \/ Yoast SEO plugin. -->","yoast_head_json":{"title":"Gril Select 28\" avec armoires - Blackstone Griddles","description":"Transformez votre cuisine en plein air avec le gril Blackstone Select 28\", qui allie pr\u00e9cision, sophistication et facilit\u00e9.","robots":{"index":"index","follow":"follow","max-snippet":"max-snippet:-1","max-image-preview":"max-image-preview:large","max-video-preview":"max-video-preview:-1"},"canonical":"https:\/\/blackstonegriddles.ca\/fr\/produit\/select-28-griddle-w-cabinets\/","og_locale":"fr_CA","og_type":"article","og_title":"Select 28\" Griddle W\/Cabinets - Blackstone Griddles","og_description":"Transform your outdoor cooking with the Blackstone Select 28\u201d Griddle featuring a sleek fusion of accuracy, sophistication, and ease.","og_url":"https:\/\/blackstonegriddles.ca\/fr\/produit\/select-28-griddle-w-cabinets\/","og_site_name":"Blackstone Griddles","article_publisher":"https:\/\/www.facebook.com\/blackstoneproducts\/","article_modified_time":"2026-04-20T14:51:54+00:00","og_image":[{"width":800,"height":800,"url":"https:\/\/blackstonegriddles.ca\/wp-content\/uploads\/2024\/04\/Select-28-Griddle-W-Cabinets.jpg","type":"image\/jpeg"}],"twitter_card":"summary_large_image","twitter_site":"@weareblackstone","twitter_misc":{"Estimation du temps de lecture":"1 minute"},"schema":{"@context":"https:\/\/schema.org","@graph":[{"@type":"WebPage","@id":"https:\/\/blackstonegriddles.ca\/product\/select-28-griddle-w-cabinets\/","url":"https:\/\/blackstonegriddles.ca\/product\/select-28-griddle-w-cabinets\/","name":"Gril Select 28\" avec armoires - Blackstone Griddles","isPartOf":{"@id":"https:\/\/blackstonegriddles.ca\/#website"},"primaryImageOfPage":{"@id":"https:\/\/blackstonegriddles.ca\/product\/select-28-griddle-w-cabinets\/#primaryimage"},"image":{"@id":"https:\/\/blackstonegriddles.ca\/product\/select-28-griddle-w-cabinets\/#primaryimage"},"thumbnailUrl":"https:\/\/blackstonegriddles.ca\/wp-content\/uploads\/2024\/04\/Select-28-Griddle-W-Cabinets.jpg","datePublished":"2024-04-25T13:37:05+00:00","dateModified":"2026-04-20T14:51:54+00:00","description":"Transformez votre cuisine en plein air avec le gril Blackstone Select 28\", qui allie pr\u00e9cision, sophistication et facilit\u00e9.","breadcrumb":{"@id":"https:\/\/blackstonegriddles.ca\/product\/select-28-griddle-w-cabinets\/#breadcrumb"},"inLanguage":"fr-CA","potentialAction":[{"@type":"ReadAction","target":["https:\/\/blackstonegriddles.ca\/product\/select-28-griddle-w-cabinets\/"]}]},{"@type":"ImageObject","inLanguage":"fr-CA","@id":"https:\/\/blackstonegriddles.ca\/product\/select-28-griddle-w-cabinets\/#primaryimage","url":"https:\/\/blackstonegriddles.ca\/wp-content\/uploads\/2024\/04\/Select-28-Griddle-W-Cabinets.jpg","contentUrl":"https:\/\/blackstonegriddles.ca\/wp-content\/uploads\/2024\/04\/Select-28-Griddle-W-Cabinets.jpg","width":800,"height":800,"caption":"Select 28 Griddle W Cabinets"},{"@type":"BreadcrumbList","@id":"https:\/\/blackstonegriddles.ca\/product\/select-28-griddle-w-cabinets\/#breadcrumb","itemListElement":[{"@type":"ListItem","position":1,"name":"Home","item":"https:\/\/blackstonegriddles.ca\/"},{"@type":"ListItem","position":2,"name":"Shop","item":"https:\/\/blackstonegriddles.ca\/shop\/"},{"@type":"ListItem","position":3,"name":"Select 28&#8243; Griddle W\/Cabinets"}]},{"@type":"WebSite","@id":"https:\/\/blackstonegriddles.ca\/#website","url":"https:\/\/blackstonegriddles.ca\/","name":"Grils Blackstone Canada","description":"Blackstone Griddles distributeur officiel agr\u00e9\u00e9 Canada","publisher":{"@id":"https:\/\/blackstonegriddles.ca\/#organization"},"potentialAction":[{"@type":"SearchAction","target":{"@type":"EntryPoint","urlTemplate":"https:\/\/blackstonegriddles.ca\/?s={search_term_string}"},"query-input":{"@type":"PropertyValueSpecification","valueRequired":true,"valueName":"search_term_string"}}],"inLanguage":"fr-CA"},{"@type":"Organization","@id":"https:\/\/blackstonegriddles.ca\/#organization","name":"Grils Blackstone Canada","url":"https:\/\/blackstonegriddles.ca\/","logo":{"@type":"ImageObject","inLanguage":"fr-CA","@id":"https:\/\/blackstonegriddles.ca\/#\/schema\/logo\/image\/","url":"https:\/\/blackstonegriddles.ca\/wp-content\/uploads\/2025\/02\/blackstone-fire-logo.webp","contentUrl":"https:\/\/blackstonegriddles.ca\/wp-content\/uploads\/2025\/02\/blackstone-fire-logo.webp","width":53,"height":58,"caption":"Blackstone Griddles Canada"},"image":{"@id":"https:\/\/blackstonegriddles.ca\/#\/schema\/logo\/image\/"},"sameAs":["https:\/\/www.facebook.com\/blackstoneproducts\/","https:\/\/x.com\/weareblackstone","https:\/\/www.instagram.com\/blackstoneproducts\/","https:\/\/www.youtube.com\/channel\/UCr39rimir8y3p-q1iQYidVA"]}]}},"_links":{"self":[{"href":"https:\/\/blackstonegriddles.ca\/fr\/wp-json\/wp\/v2\/product\/38692","targetHints":{"allow":["GET"]}}],"collection":[{"href":"https:\/\/blackstonegriddles.ca\/fr\/wp-json\/wp\/v2\/product"}],"about":[{"href":"https:\/\/blackstonegriddles.ca\/fr\/wp-json\/wp\/v2\/types\/product"}],"wp:featuredmedia":[{"embeddable":true,"href":"https:\/\/blackstonegriddles.ca\/fr\/wp-json\/wp\/v2\/media\/38686"}],"wp:attachment":[{"href":"https:\/\/blackstonegriddles.ca\/fr\/wp-json\/wp\/v2\/media?parent=38692"}],"wp:term":[{"taxonomy":"product_brand","embeddable":true,"href":"https:\/\/blackstonegriddles.ca\/fr\/wp-json\/wp\/v2\/product_brand?post=38692"},{"taxonomy":"product_cat","embeddable":true,"href":"https:\/\/blackstonegriddles.ca\/fr\/wp-json\/wp\/v2\/product_cat?post=38692"},{"taxonomy":"product_tag","embeddable":true,"href":"https:\/\/blackstonegriddles.ca\/fr\/wp-json\/wp\/v2\/product_tag?post=38692"}],"curies":[{"name":"wp","href":"https:\/\/api.w.org\/{rel}","templated":true}]}}