{"id":38704,"date":"2024-04-25T18:24:20","date_gmt":"2024-04-25T18:24:20","guid":{"rendered":"https:\/\/blackstonegriddles.ca\/?post_type=product&#038;p=38704"},"modified":"2026-04-24T14:00:49","modified_gmt":"2026-04-24T14:00:49","slug":"original-28in-omnivore-griddle-cooking-station","status":"publish","type":"product","link":"https:\/\/blackstonegriddles.ca\/fr\/product\/original-28in-omnivore-griddle-cooking-station\/","title":{"rendered":"Station de cuisson Omnivore Original 28in Griddle"},"content":{"rendered":"<ul class=\"title-block_features__6IcHW\" data-testid=\"product-features\">\n<li data-section-id=\"1k70kbs\" data-start=\"858\" data-end=\"940\"><strong data-start=\"860\" data-end=\"883\">Surface de cuisson 28\u201d<\/strong><br data-start=\"883\" data-end=\"886\" \/>Convient aux repas de tous les jours et aux petites r\u00e9unions<\/li>\n<li data-section-id=\"zd0ub4\" data-start=\"942\" data-end=\"1044\"><strong data-start=\"944\" data-end=\"970\">Plaque de gril Omnivore<\/strong><br data-start=\"970\" data-end=\"973\" \/>Con\u00e7u pour une distribution uniforme de la chaleur et une performance efficace<\/li>\n<li data-section-id=\"95ceuz\" data-start=\"1046\" data-end=\"1133\"><strong data-start=\"1048\" data-end=\"1072\">R\u00e9sultats de cuisson uniformes<\/strong><br data-start=\"1072\" data-end=\"1075\" \/>Aide \u00e0 maintenir des temp\u00e9ratures uniformes sur la surface<\/li>\n<li data-section-id=\"54pb9b\" data-start=\"1135\" data-end=\"1213\"><strong data-start=\"1137\" data-end=\"1171\">Conception de poste de cuisson compact<\/strong><br data-start=\"1171\" data-end=\"1174\" \/>Convient bien aux petits espaces ext\u00e9rieurs<\/li>\n<li data-section-id=\"hnbdrm\" data-start=\"1215\" data-end=\"1283\"><strong data-start=\"1217\" data-end=\"1248\">Construction durable et pratique<\/strong><br data-start=\"1248\" data-end=\"1251\" \/>Fabriqu\u00e9 pour une utilisation ext\u00e9rieure r\u00e9guli\u00e8re<\/li>\n<\/ul>","protected":false},"excerpt":{"rendered":"<p data-start=\"147\" data-end=\"440\">La plancha originale Blackstone Omnivore 28\u201d est con\u00e7ue pour une cuisine ext\u00e9rieure fiable, ax\u00e9e sur l'efficacit\u00e9 et la facilit\u00e9 d'utilisation. Sa surface de cuisson pratique offre suffisamment d'espace pour pr\u00e9parer une vari\u00e9t\u00e9 de repas, ce qui la rend bien adapt\u00e9e \u00e0 une utilisation quotidienne et aux petites r\u00e9unions.<\/p>\n<p data-start=\"442\" data-end=\"701\">Dot\u00e9e de la plaque de cuisson Omnivore, elle est con\u00e7ue pour assurer une distribution uniforme de la chaleur et am\u00e9liorer les performances de carburant, tout en aidant \u00e0 maintenir des r\u00e9sultats de cuisson constants. Sa conception simple permet une exp\u00e9rience de cuisson fluide sans complexit\u00e9 inutile.<\/p>\n<p data-start=\"703\" data-end=\"830\">Id\u00e9al pour les patios, les terrasses et les petits espaces ext\u00e9rieurs, ce gril offre une solution fiable et efficace pour la cuisine en plein air.<\/p>","protected":false},"featured_media":38705,"template":"","meta":[],"product_brand":[],"product_cat":[157,154],"product_tag":[],"class_list":{"0":"post-38704","1":"product","2":"type-product","3":"status-publish","4":"has-post-thumbnail","6":"product_cat-157","7":"product_cat-griddles","8":"product_shipping_class-140","10":"first","11":"instock","12":"taxable","13":"shipping-taxable","14":"purchasable","15":"product-type-simple"},"yoast_head":"<!-- This site is optimized with the Yoast SEO plugin v27.4 - https:\/\/yoast.com\/product\/yoast-seo-wordpress\/ -->\n<title>Original 28in Omnivore Griddle Cooking Station - Blackstone Griddles<\/title>\n<meta name=\"robots\" content=\"index, follow, max-snippet:-1, max-image-preview:large, max-video-preview:-1\" \/>\n<link rel=\"canonical\" href=\"https:\/\/blackstonegriddles.ca\/fr\/produit\/original-28in-omnivore-griddle-cooking-station\/\" \/>\n<meta property=\"og:locale\" content=\"fr_CA\" \/>\n<meta property=\"og:type\" content=\"article\" \/>\n<meta property=\"og:title\" content=\"Original 28in Omnivore Griddle Cooking Station - Blackstone Griddles\" \/>\n<meta property=\"og:description\" content=\"The Blackstone Original 28\u201d Omnivore Griddle Cooking Station is designed for dependable outdoor cooking with a focus on efficiency and ease of use. Its practical cooking surface provides enough space to prepare a variety of meals, making it well-suited for everyday use and small gatherings. Featuring the Omnivore griddle plate, it is built to support even heat distribution and improved fuel performance, helping maintain consistent cooking results. The straightforward design allows for a smooth cooking experience without unnecessary complexity. Ideal for patios, decks, and compact outdoor spaces, this griddle offers a reliable and efficient solution for outdoor cooking.\" \/>\n<meta property=\"og:url\" content=\"https:\/\/blackstonegriddles.ca\/fr\/produit\/original-28in-omnivore-griddle-cooking-station\/\" \/>\n<meta property=\"og:site_name\" content=\"Blackstone Griddles\" \/>\n<meta property=\"article:publisher\" content=\"https:\/\/www.facebook.com\/blackstoneproducts\/\" \/>\n<meta property=\"article:modified_time\" content=\"2026-04-24T14:00:49+00:00\" \/>\n<meta property=\"og:image\" content=\"https:\/\/blackstonegriddles.ca\/wp-content\/uploads\/2024\/04\/2206_28OriginalOmniGriddleCookingStation.jpg\" \/>\n\t<meta property=\"og:image:width\" content=\"800\" \/>\n\t<meta property=\"og:image:height\" content=\"800\" \/>\n\t<meta property=\"og:image:type\" content=\"image\/jpeg\" \/>\n<meta name=\"twitter:card\" content=\"summary_large_image\" \/>\n<meta name=\"twitter:site\" content=\"@weareblackstone\" \/>\n<meta name=\"twitter:label1\" content=\"Estimation du temps de lecture\" \/>\n\t<meta name=\"twitter:data1\" content=\"1 minute\" \/>\n<script type=\"application\/ld+json\" class=\"yoast-schema-graph\">{\"@context\":\"https:\\\/\\\/schema.org\",\"@graph\":[{\"@type\":\"WebPage\",\"@id\":\"https:\\\/\\\/blackstonegriddles.ca\\\/product\\\/original-28in-omnivore-griddle-cooking-station\\\/\",\"url\":\"https:\\\/\\\/blackstonegriddles.ca\\\/product\\\/original-28in-omnivore-griddle-cooking-station\\\/\",\"name\":\"Original 28in Omnivore Griddle Cooking Station - Blackstone Griddles\",\"isPartOf\":{\"@id\":\"https:\\\/\\\/blackstonegriddles.ca\\\/#website\"},\"primaryImageOfPage\":{\"@id\":\"https:\\\/\\\/blackstonegriddles.ca\\\/product\\\/original-28in-omnivore-griddle-cooking-station\\\/#primaryimage\"},\"image\":{\"@id\":\"https:\\\/\\\/blackstonegriddles.ca\\\/product\\\/original-28in-omnivore-griddle-cooking-station\\\/#primaryimage\"},\"thumbnailUrl\":\"https:\\\/\\\/blackstonegriddles.ca\\\/wp-content\\\/uploads\\\/2024\\\/04\\\/2206_28OriginalOmniGriddleCookingStation.jpg\",\"datePublished\":\"2024-04-25T18:24:20+00:00\",\"dateModified\":\"2026-04-24T14:00:49+00:00\",\"breadcrumb\":{\"@id\":\"https:\\\/\\\/blackstonegriddles.ca\\\/product\\\/original-28in-omnivore-griddle-cooking-station\\\/#breadcrumb\"},\"inLanguage\":\"fr-CA\",\"potentialAction\":[{\"@type\":\"ReadAction\",\"target\":[\"https:\\\/\\\/blackstonegriddles.ca\\\/product\\\/original-28in-omnivore-griddle-cooking-station\\\/\"]}]},{\"@type\":\"ImageObject\",\"inLanguage\":\"fr-CA\",\"@id\":\"https:\\\/\\\/blackstonegriddles.ca\\\/product\\\/original-28in-omnivore-griddle-cooking-station\\\/#primaryimage\",\"url\":\"https:\\\/\\\/blackstonegriddles.ca\\\/wp-content\\\/uploads\\\/2024\\\/04\\\/2206_28OriginalOmniGriddleCookingStation.jpg\",\"contentUrl\":\"https:\\\/\\\/blackstonegriddles.ca\\\/wp-content\\\/uploads\\\/2024\\\/04\\\/2206_28OriginalOmniGriddleCookingStation.jpg\",\"width\":800,\"height\":800,\"caption\":\"28 Original Omni Griddle Cooking Station\"},{\"@type\":\"BreadcrumbList\",\"@id\":\"https:\\\/\\\/blackstonegriddles.ca\\\/product\\\/original-28in-omnivore-griddle-cooking-station\\\/#breadcrumb\",\"itemListElement\":[{\"@type\":\"ListItem\",\"position\":1,\"name\":\"Home\",\"item\":\"https:\\\/\\\/blackstonegriddles.ca\\\/\"},{\"@type\":\"ListItem\",\"position\":2,\"name\":\"Shop\",\"item\":\"https:\\\/\\\/blackstonegriddles.ca\\\/shop\\\/\"},{\"@type\":\"ListItem\",\"position\":3,\"name\":\"Original 28in Omnivore Griddle Cooking Station\"}]},{\"@type\":\"WebSite\",\"@id\":\"https:\\\/\\\/blackstonegriddles.ca\\\/#website\",\"url\":\"https:\\\/\\\/blackstonegriddles.ca\\\/\",\"name\":\"Blackstone Griddles Canada\",\"description\":\"Blackstone Griddles official licensed dealer Canada\",\"publisher\":{\"@id\":\"https:\\\/\\\/blackstonegriddles.ca\\\/#organization\"},\"potentialAction\":[{\"@type\":\"SearchAction\",\"target\":{\"@type\":\"EntryPoint\",\"urlTemplate\":\"https:\\\/\\\/blackstonegriddles.ca\\\/?s={search_term_string}\"},\"query-input\":{\"@type\":\"PropertyValueSpecification\",\"valueRequired\":true,\"valueName\":\"search_term_string\"}}],\"inLanguage\":\"fr-CA\"},{\"@type\":\"Organization\",\"@id\":\"https:\\\/\\\/blackstonegriddles.ca\\\/#organization\",\"name\":\"Blackstone Griddles Canada\",\"url\":\"https:\\\/\\\/blackstonegriddles.ca\\\/\",\"logo\":{\"@type\":\"ImageObject\",\"inLanguage\":\"fr-CA\",\"@id\":\"https:\\\/\\\/blackstonegriddles.ca\\\/#\\\/schema\\\/logo\\\/image\\\/\",\"url\":\"https:\\\/\\\/blackstonegriddles.ca\\\/wp-content\\\/uploads\\\/2025\\\/02\\\/blackstone-fire-logo.webp\",\"contentUrl\":\"https:\\\/\\\/blackstonegriddles.ca\\\/wp-content\\\/uploads\\\/2025\\\/02\\\/blackstone-fire-logo.webp\",\"width\":53,\"height\":58,\"caption\":\"Blackstone Griddles Canada\"},\"image\":{\"@id\":\"https:\\\/\\\/blackstonegriddles.ca\\\/#\\\/schema\\\/logo\\\/image\\\/\"},\"sameAs\":[\"https:\\\/\\\/www.facebook.com\\\/blackstoneproducts\\\/\",\"https:\\\/\\\/x.com\\\/weareblackstone\",\"https:\\\/\\\/www.instagram.com\\\/blackstoneproducts\\\/\",\"https:\\\/\\\/www.youtube.com\\\/channel\\\/UCr39rimir8y3p-q1iQYidVA\"]}]}<\/script>\n<!-- \/ Yoast SEO plugin. -->","yoast_head_json":{"title":"Original 28in Omnivore Griddle Cooking Station - Blackstone Griddles","robots":{"index":"index","follow":"follow","max-snippet":"max-snippet:-1","max-image-preview":"max-image-preview:large","max-video-preview":"max-video-preview:-1"},"canonical":"https:\/\/blackstonegriddles.ca\/fr\/produit\/original-28in-omnivore-griddle-cooking-station\/","og_locale":"fr_CA","og_type":"article","og_title":"Original 28in Omnivore Griddle Cooking Station - Blackstone Griddles","og_description":"The Blackstone Original 28\u201d Omnivore Griddle Cooking Station is designed for dependable outdoor cooking with a focus on efficiency and ease of use. Its practical cooking surface provides enough space to prepare a variety of meals, making it well-suited for everyday use and small gatherings. Featuring the Omnivore griddle plate, it is built to support even heat distribution and improved fuel performance, helping maintain consistent cooking results. The straightforward design allows for a smooth cooking experience without unnecessary complexity. Ideal for patios, decks, and compact outdoor spaces, this griddle offers a reliable and efficient solution for outdoor cooking.","og_url":"https:\/\/blackstonegriddles.ca\/fr\/produit\/original-28in-omnivore-griddle-cooking-station\/","og_site_name":"Blackstone Griddles","article_publisher":"https:\/\/www.facebook.com\/blackstoneproducts\/","article_modified_time":"2026-04-24T14:00:49+00:00","og_image":[{"width":800,"height":800,"url":"https:\/\/blackstonegriddles.ca\/wp-content\/uploads\/2024\/04\/2206_28OriginalOmniGriddleCookingStation.jpg","type":"image\/jpeg"}],"twitter_card":"summary_large_image","twitter_site":"@weareblackstone","twitter_misc":{"Estimation du temps de lecture":"1 minute"},"schema":{"@context":"https:\/\/schema.org","@graph":[{"@type":"WebPage","@id":"https:\/\/blackstonegriddles.ca\/product\/original-28in-omnivore-griddle-cooking-station\/","url":"https:\/\/blackstonegriddles.ca\/product\/original-28in-omnivore-griddle-cooking-station\/","name":"Original 28in Omnivore Griddle Cooking Station - Blackstone Griddles","isPartOf":{"@id":"https:\/\/blackstonegriddles.ca\/#website"},"primaryImageOfPage":{"@id":"https:\/\/blackstonegriddles.ca\/product\/original-28in-omnivore-griddle-cooking-station\/#primaryimage"},"image":{"@id":"https:\/\/blackstonegriddles.ca\/product\/original-28in-omnivore-griddle-cooking-station\/#primaryimage"},"thumbnailUrl":"https:\/\/blackstonegriddles.ca\/wp-content\/uploads\/2024\/04\/2206_28OriginalOmniGriddleCookingStation.jpg","datePublished":"2024-04-25T18:24:20+00:00","dateModified":"2026-04-24T14:00:49+00:00","breadcrumb":{"@id":"https:\/\/blackstonegriddles.ca\/product\/original-28in-omnivore-griddle-cooking-station\/#breadcrumb"},"inLanguage":"fr-CA","potentialAction":[{"@type":"ReadAction","target":["https:\/\/blackstonegriddles.ca\/product\/original-28in-omnivore-griddle-cooking-station\/"]}]},{"@type":"ImageObject","inLanguage":"fr-CA","@id":"https:\/\/blackstonegriddles.ca\/product\/original-28in-omnivore-griddle-cooking-station\/#primaryimage","url":"https:\/\/blackstonegriddles.ca\/wp-content\/uploads\/2024\/04\/2206_28OriginalOmniGriddleCookingStation.jpg","contentUrl":"https:\/\/blackstonegriddles.ca\/wp-content\/uploads\/2024\/04\/2206_28OriginalOmniGriddleCookingStation.jpg","width":800,"height":800,"caption":"28 Original Omni Griddle Cooking Station"},{"@type":"BreadcrumbList","@id":"https:\/\/blackstonegriddles.ca\/product\/original-28in-omnivore-griddle-cooking-station\/#breadcrumb","itemListElement":[{"@type":"ListItem","position":1,"name":"Home","item":"https:\/\/blackstonegriddles.ca\/"},{"@type":"ListItem","position":2,"name":"Shop","item":"https:\/\/blackstonegriddles.ca\/shop\/"},{"@type":"ListItem","position":3,"name":"Original 28in Omnivore Griddle Cooking Station"}]},{"@type":"WebSite","@id":"https:\/\/blackstonegriddles.ca\/#website","url":"https:\/\/blackstonegriddles.ca\/","name":"Grils Blackstone Canada","description":"Blackstone Griddles distributeur officiel agr\u00e9\u00e9 Canada","publisher":{"@id":"https:\/\/blackstonegriddles.ca\/#organization"},"potentialAction":[{"@type":"SearchAction","target":{"@type":"EntryPoint","urlTemplate":"https:\/\/blackstonegriddles.ca\/?s={search_term_string}"},"query-input":{"@type":"PropertyValueSpecification","valueRequired":true,"valueName":"search_term_string"}}],"inLanguage":"fr-CA"},{"@type":"Organization","@id":"https:\/\/blackstonegriddles.ca\/#organization","name":"Grils Blackstone Canada","url":"https:\/\/blackstonegriddles.ca\/","logo":{"@type":"ImageObject","inLanguage":"fr-CA","@id":"https:\/\/blackstonegriddles.ca\/#\/schema\/logo\/image\/","url":"https:\/\/blackstonegriddles.ca\/wp-content\/uploads\/2025\/02\/blackstone-fire-logo.webp","contentUrl":"https:\/\/blackstonegriddles.ca\/wp-content\/uploads\/2025\/02\/blackstone-fire-logo.webp","width":53,"height":58,"caption":"Blackstone Griddles Canada"},"image":{"@id":"https:\/\/blackstonegriddles.ca\/#\/schema\/logo\/image\/"},"sameAs":["https:\/\/www.facebook.com\/blackstoneproducts\/","https:\/\/x.com\/weareblackstone","https:\/\/www.instagram.com\/blackstoneproducts\/","https:\/\/www.youtube.com\/channel\/UCr39rimir8y3p-q1iQYidVA"]}]}},"_links":{"self":[{"href":"https:\/\/blackstonegriddles.ca\/fr\/wp-json\/wp\/v2\/product\/38704","targetHints":{"allow":["GET"]}}],"collection":[{"href":"https:\/\/blackstonegriddles.ca\/fr\/wp-json\/wp\/v2\/product"}],"about":[{"href":"https:\/\/blackstonegriddles.ca\/fr\/wp-json\/wp\/v2\/types\/product"}],"wp:featuredmedia":[{"embeddable":true,"href":"https:\/\/blackstonegriddles.ca\/fr\/wp-json\/wp\/v2\/media\/38705"}],"wp:attachment":[{"href":"https:\/\/blackstonegriddles.ca\/fr\/wp-json\/wp\/v2\/media?parent=38704"}],"wp:term":[{"taxonomy":"product_brand","embeddable":true,"href":"https:\/\/blackstonegriddles.ca\/fr\/wp-json\/wp\/v2\/product_brand?post=38704"},{"taxonomy":"product_cat","embeddable":true,"href":"https:\/\/blackstonegriddles.ca\/fr\/wp-json\/wp\/v2\/product_cat?post=38704"},{"taxonomy":"product_tag","embeddable":true,"href":"https:\/\/blackstonegriddles.ca\/fr\/wp-json\/wp\/v2\/product_tag?post=38704"}],"curies":[{"name":"wp","href":"https:\/\/api.w.org\/{rel}","templated":true}]}}