{"id":39306,"date":"2024-06-03T19:46:43","date_gmt":"2024-06-03T19:46:43","guid":{"rendered":"https:\/\/blackstonegriddles.ca\/?post_type=product&#038;p=39306"},"modified":"2026-04-06T12:42:28","modified_gmt":"2026-04-06T12:42:28","slug":"36-premium-encastrable-griddle-w-hood","status":"publish","type":"product","link":"https:\/\/blackstonegriddles.ca\/fr\/product\/36-premium-built-in-griddle-w-hood\/","title":{"rendered":"Gril encastr\u00e9 36\u2033 Premium avec hotte"},"content":{"rendered":"<ul class=\"sc-hcupDf iBooxU pf-48_ acumin\" data-pf-type=\"MetafieldValue\">\n<li class=\"sc-xiLah hUMvDY metafield-list.single_line_text_field\">Configuration pr\u00eate pour le propane<\/li>\n<li class=\"sc-xiLah hUMvDY metafield-list.single_line_text_field\">Construction en acier inoxydable 304<\/li>\n<li class=\"sc-xiLah hUMvDY metafield-list.single_line_text_field\">Dispositif de d\u00e9faillance de la flamme : si le gaz circule et qu'il n'y a pas de flamme, le gaz s'\u00e9teint automatiquement.<\/li>\n<li class=\"sc-xiLah hUMvDY metafield-list.single_line_text_field\">4 br\u00fbleurs en U \u00e0 commande ind\u00e9pendante<\/li>\n<li class=\"sc-xiLah hUMvDY metafield-list.single_line_text_field\">Syst\u00e8me de gestion des graisses \u00e0 l'avant et \u00e0 l'arri\u00e8re<\/li>\n<li class=\"sc-xiLah hUMvDY metafield-list.single_line_text_field\">\u00c9clairage de flaques d'eau<\/li>\n<li class=\"sc-xiLah hUMvDY metafield-list.single_line_text_field\">Technologie de la plaque de gril Omnivore<\/li>\n<li class=\"sc-xiLah hUMvDY metafield-list.single_line_text_field\">Plage de temp\u00e9rature de 350 \u00e0 650 degr\u00e9s Fahrenheit<\/li>\n<li class=\"sc-xiLah hUMvDY metafield-list.single_line_text_field\">1 an de garantie<\/li>\n<li class=\"sc-xiLah hUMvDY metafield-list.single_line_text_field\">Si une partie de l'armoire ou de la structure que vous avez choisie pour votre plancha est faite de mat\u00e9riaux combustibles (bois, plastique, etc.), votre plancha DOIT \u00eatre utilis\u00e9e avec l'enveloppe isolante Blackstone (num\u00e9ro de pi\u00e8ce : #6430), disponible exclusivement sur le site http:\/\/blackstoneproducts.com. Pour votre s\u00e9curit\u00e9, l'enveloppe isolante doit \u00eatre fix\u00e9e de mani\u00e8re permanente \u00e0 votre armoire ou \u00e0 votre structure. Veuillez noter que m\u00eame avec l'utilisation d'une enveloppe isolante, toute construction combustible verticale (murs, dosseret, etc.) doit \u00eatre \u00e0 6 pouces de l'appareil.<\/li>\n<\/ul>","protected":false},"excerpt":{"rendered":"<p>Am\u00e9liorez votre exp\u00e9rience culinaire en plein air avec la plaque de cuisson \u00e0 4 br\u00fbleurs Blackstone, dot\u00e9e d'une hotte et d'une configuration pr\u00eate \u00e0 l'emploi pour le propane. Cette plaque de cuisson robuste est pr\u00eate \u00e0 fonctionner, que vous pr\u00e9pariez le petit d\u00e9jeuner, le d\u00e9jeuner ou le d\u00eener. Dot\u00e9e de caract\u00e9ristiques de pointe telles que des voyants DEL sur les boutons pour l'allumage et l'\u00e9tat de la flamme, un \u00e9clairage de flaque ambiant, un dispositif de d\u00e9faillance de la flamme et quatre br\u00fbleurs en forme de U \u00e0 commande ind\u00e9pendante, cette plaque est le premier choix. Le syst\u00e8me de gestion de la graisse arri\u00e8re \u00e0 acc\u00e8s frontal ajoute \u00e0 la commodit\u00e9 en permettant un acc\u00e8s facile au bac \u00e0 graisse arri\u00e8re depuis l'avant de la plancha. Que vous construisiez votre cuisine ext\u00e9rieure personnalis\u00e9e ou un \u00eelot de barbecue, cette plaque est le choix ultime pour faire de vos r\u00eaves culinaires une r\u00e9alit\u00e9.<\/p>","protected":false},"featured_media":39314,"template":"","meta":[],"product_brand":[],"product_cat":[158,224],"product_tag":[],"class_list":{"0":"post-39306","1":"product","2":"type-product","3":"status-publish","4":"has-post-thumbnail","6":"product_cat-158","7":"product_cat-outdoor-living","8":"product_shipping_class-36-griddle","10":"first","11":"instock","12":"taxable","13":"shipping-taxable","14":"purchasable","15":"product-type-simple"},"yoast_head":"<!-- This site is optimized with the Yoast SEO plugin v27.6 - https:\/\/yoast.com\/product\/yoast-seo-wordpress\/ -->\n<title>36&quot; Premium Built in Griddle w\/hood - Blackstone Griddles<\/title>\n<meta name=\"description\" content=\"Elevate your outdoor culinary experience with the Blackstone 4 Burner Drop-In Griddle featuring a Hood and Propane Ready Configuration.\" \/>\n<meta name=\"robots\" content=\"index, follow, max-snippet:-1, max-image-preview:large, max-video-preview:-1\" \/>\n<link rel=\"canonical\" href=\"https:\/\/blackstonegriddles.ca\/fr\/produit\/36-premium-encastrable-griddle-w-hood\/\" \/>\n<meta property=\"og:locale\" content=\"fr_CA\" \/>\n<meta property=\"og:type\" content=\"article\" \/>\n<meta property=\"og:title\" content=\"36&quot; Premium Built in Griddle w\/hood - Blackstone Griddles\" \/>\n<meta property=\"og:description\" content=\"Elevate your outdoor culinary experience with the Blackstone 4 Burner Drop-In Griddle featuring a Hood and Propane Ready Configuration.\" \/>\n<meta property=\"og:url\" content=\"https:\/\/blackstonegriddles.ca\/fr\/produit\/36-premium-encastrable-griddle-w-hood\/\" \/>\n<meta property=\"og:site_name\" content=\"Blackstone Griddles\" \/>\n<meta property=\"article:publisher\" content=\"https:\/\/www.facebook.com\/blackstoneproducts\/\" \/>\n<meta property=\"article:modified_time\" content=\"2026-04-06T12:42:28+00:00\" \/>\n<meta property=\"og:image\" content=\"https:\/\/blackstonegriddles.ca\/wp-content\/uploads\/2024\/05\/36-Premium-Built-in-Griddle-whood.jpg\" \/>\n\t<meta property=\"og:image:width\" content=\"800\" \/>\n\t<meta property=\"og:image:height\" content=\"800\" \/>\n\t<meta property=\"og:image:type\" content=\"image\/jpeg\" \/>\n<meta name=\"twitter:card\" content=\"summary_large_image\" \/>\n<meta name=\"twitter:site\" content=\"@weareblackstone\" \/>\n<meta name=\"twitter:label1\" content=\"Estimation du temps de lecture\" \/>\n\t<meta name=\"twitter:data1\" content=\"1 minute\" \/>\n<script type=\"application\/ld+json\" class=\"yoast-schema-graph\">{\"@context\":\"https:\\\/\\\/schema.org\",\"@graph\":[{\"@type\":\"WebPage\",\"@id\":\"https:\\\/\\\/blackstonegriddles.ca\\\/product\\\/36-premium-built-in-griddle-w-hood\\\/\",\"url\":\"https:\\\/\\\/blackstonegriddles.ca\\\/product\\\/36-premium-built-in-griddle-w-hood\\\/\",\"name\":\"36\\\" Premium Built in Griddle w\\\/hood - Blackstone Griddles\",\"isPartOf\":{\"@id\":\"https:\\\/\\\/blackstonegriddles.ca\\\/#website\"},\"primaryImageOfPage\":{\"@id\":\"https:\\\/\\\/blackstonegriddles.ca\\\/product\\\/36-premium-built-in-griddle-w-hood\\\/#primaryimage\"},\"image\":{\"@id\":\"https:\\\/\\\/blackstonegriddles.ca\\\/product\\\/36-premium-built-in-griddle-w-hood\\\/#primaryimage\"},\"thumbnailUrl\":\"https:\\\/\\\/blackstonegriddles.ca\\\/wp-content\\\/uploads\\\/2024\\\/05\\\/36-Premium-Built-in-Griddle-whood.jpg\",\"datePublished\":\"2024-06-03T19:46:43+00:00\",\"dateModified\":\"2026-04-06T12:42:28+00:00\",\"description\":\"Elevate your outdoor culinary experience with the Blackstone 4 Burner Drop-In Griddle featuring a Hood and Propane Ready Configuration.\",\"breadcrumb\":{\"@id\":\"https:\\\/\\\/blackstonegriddles.ca\\\/product\\\/36-premium-built-in-griddle-w-hood\\\/#breadcrumb\"},\"inLanguage\":\"fr-CA\",\"potentialAction\":[{\"@type\":\"ReadAction\",\"target\":[\"https:\\\/\\\/blackstonegriddles.ca\\\/product\\\/36-premium-built-in-griddle-w-hood\\\/\"]}]},{\"@type\":\"ImageObject\",\"inLanguage\":\"fr-CA\",\"@id\":\"https:\\\/\\\/blackstonegriddles.ca\\\/product\\\/36-premium-built-in-griddle-w-hood\\\/#primaryimage\",\"url\":\"https:\\\/\\\/blackstonegriddles.ca\\\/wp-content\\\/uploads\\\/2024\\\/05\\\/36-Premium-Built-in-Griddle-whood.jpg\",\"contentUrl\":\"https:\\\/\\\/blackstonegriddles.ca\\\/wp-content\\\/uploads\\\/2024\\\/05\\\/36-Premium-Built-in-Griddle-whood.jpg\",\"width\":800,\"height\":800,\"caption\":\"36 Premium Built in Griddle whood\"},{\"@type\":\"BreadcrumbList\",\"@id\":\"https:\\\/\\\/blackstonegriddles.ca\\\/product\\\/36-premium-built-in-griddle-w-hood\\\/#breadcrumb\",\"itemListElement\":[{\"@type\":\"ListItem\",\"position\":1,\"name\":\"Home\",\"item\":\"https:\\\/\\\/blackstonegriddles.ca\\\/\"},{\"@type\":\"ListItem\",\"position\":2,\"name\":\"Shop\",\"item\":\"https:\\\/\\\/blackstonegriddles.ca\\\/shop\\\/\"},{\"@type\":\"ListItem\",\"position\":3,\"name\":\"36&#8243; Premium Built in Griddle w\\\/hood\"}]},{\"@type\":\"WebSite\",\"@id\":\"https:\\\/\\\/blackstonegriddles.ca\\\/#website\",\"url\":\"https:\\\/\\\/blackstonegriddles.ca\\\/\",\"name\":\"Blackstone Griddles Canada\",\"description\":\"Blackstone Griddles official licensed dealer Canada\",\"publisher\":{\"@id\":\"https:\\\/\\\/blackstonegriddles.ca\\\/#organization\"},\"potentialAction\":[{\"@type\":\"SearchAction\",\"target\":{\"@type\":\"EntryPoint\",\"urlTemplate\":\"https:\\\/\\\/blackstonegriddles.ca\\\/?s={search_term_string}\"},\"query-input\":{\"@type\":\"PropertyValueSpecification\",\"valueRequired\":true,\"valueName\":\"search_term_string\"}}],\"inLanguage\":\"fr-CA\"},{\"@type\":\"Organization\",\"@id\":\"https:\\\/\\\/blackstonegriddles.ca\\\/#organization\",\"name\":\"Blackstone Griddles Canada\",\"url\":\"https:\\\/\\\/blackstonegriddles.ca\\\/\",\"logo\":{\"@type\":\"ImageObject\",\"inLanguage\":\"fr-CA\",\"@id\":\"https:\\\/\\\/blackstonegriddles.ca\\\/#\\\/schema\\\/logo\\\/image\\\/\",\"url\":\"https:\\\/\\\/blackstonegriddles.ca\\\/wp-content\\\/uploads\\\/2025\\\/02\\\/blackstone-fire-logo.webp\",\"contentUrl\":\"https:\\\/\\\/blackstonegriddles.ca\\\/wp-content\\\/uploads\\\/2025\\\/02\\\/blackstone-fire-logo.webp\",\"width\":53,\"height\":58,\"caption\":\"Blackstone Griddles Canada\"},\"image\":{\"@id\":\"https:\\\/\\\/blackstonegriddles.ca\\\/#\\\/schema\\\/logo\\\/image\\\/\"},\"sameAs\":[\"https:\\\/\\\/www.facebook.com\\\/blackstoneproducts\\\/\",\"https:\\\/\\\/x.com\\\/weareblackstone\",\"https:\\\/\\\/www.instagram.com\\\/blackstoneproducts\\\/\",\"https:\\\/\\\/www.youtube.com\\\/channel\\\/UCr39rimir8y3p-q1iQYidVA\"]}]}<\/script>\n<!-- \/ Yoast SEO plugin. -->","yoast_head_json":{"title":"36\" Premium Built in Griddle w\/hood - Blackstone Griddles","description":"Am\u00e9liorez votre exp\u00e9rience culinaire en plein air avec le gril encastrable \u00e0 4 br\u00fbleurs Blackstone, dot\u00e9 d'une hotte et d'une configuration pr\u00eate pour le propane.","robots":{"index":"index","follow":"follow","max-snippet":"max-snippet:-1","max-image-preview":"max-image-preview:large","max-video-preview":"max-video-preview:-1"},"canonical":"https:\/\/blackstonegriddles.ca\/fr\/produit\/36-premium-encastrable-griddle-w-hood\/","og_locale":"fr_CA","og_type":"article","og_title":"36\" Premium Built in Griddle w\/hood - Blackstone Griddles","og_description":"Elevate your outdoor culinary experience with the Blackstone 4 Burner Drop-In Griddle featuring a Hood and Propane Ready Configuration.","og_url":"https:\/\/blackstonegriddles.ca\/fr\/produit\/36-premium-encastrable-griddle-w-hood\/","og_site_name":"Blackstone Griddles","article_publisher":"https:\/\/www.facebook.com\/blackstoneproducts\/","article_modified_time":"2026-04-06T12:42:28+00:00","og_image":[{"width":800,"height":800,"url":"https:\/\/blackstonegriddles.ca\/wp-content\/uploads\/2024\/05\/36-Premium-Built-in-Griddle-whood.jpg","type":"image\/jpeg"}],"twitter_card":"summary_large_image","twitter_site":"@weareblackstone","twitter_misc":{"Estimation du temps de lecture":"1 minute"},"schema":{"@context":"https:\/\/schema.org","@graph":[{"@type":"WebPage","@id":"https:\/\/blackstonegriddles.ca\/product\/36-premium-built-in-griddle-w-hood\/","url":"https:\/\/blackstonegriddles.ca\/product\/36-premium-built-in-griddle-w-hood\/","name":"36\" Premium Built in Griddle w\/hood - Blackstone Griddles","isPartOf":{"@id":"https:\/\/blackstonegriddles.ca\/#website"},"primaryImageOfPage":{"@id":"https:\/\/blackstonegriddles.ca\/product\/36-premium-built-in-griddle-w-hood\/#primaryimage"},"image":{"@id":"https:\/\/blackstonegriddles.ca\/product\/36-premium-built-in-griddle-w-hood\/#primaryimage"},"thumbnailUrl":"https:\/\/blackstonegriddles.ca\/wp-content\/uploads\/2024\/05\/36-Premium-Built-in-Griddle-whood.jpg","datePublished":"2024-06-03T19:46:43+00:00","dateModified":"2026-04-06T12:42:28+00:00","description":"Am\u00e9liorez votre exp\u00e9rience culinaire en plein air avec le gril encastrable \u00e0 4 br\u00fbleurs Blackstone, dot\u00e9 d'une hotte et d'une configuration pr\u00eate pour le propane.","breadcrumb":{"@id":"https:\/\/blackstonegriddles.ca\/product\/36-premium-built-in-griddle-w-hood\/#breadcrumb"},"inLanguage":"fr-CA","potentialAction":[{"@type":"ReadAction","target":["https:\/\/blackstonegriddles.ca\/product\/36-premium-built-in-griddle-w-hood\/"]}]},{"@type":"ImageObject","inLanguage":"fr-CA","@id":"https:\/\/blackstonegriddles.ca\/product\/36-premium-built-in-griddle-w-hood\/#primaryimage","url":"https:\/\/blackstonegriddles.ca\/wp-content\/uploads\/2024\/05\/36-Premium-Built-in-Griddle-whood.jpg","contentUrl":"https:\/\/blackstonegriddles.ca\/wp-content\/uploads\/2024\/05\/36-Premium-Built-in-Griddle-whood.jpg","width":800,"height":800,"caption":"36 Premium Built in Griddle whood"},{"@type":"BreadcrumbList","@id":"https:\/\/blackstonegriddles.ca\/product\/36-premium-built-in-griddle-w-hood\/#breadcrumb","itemListElement":[{"@type":"ListItem","position":1,"name":"Home","item":"https:\/\/blackstonegriddles.ca\/"},{"@type":"ListItem","position":2,"name":"Shop","item":"https:\/\/blackstonegriddles.ca\/shop\/"},{"@type":"ListItem","position":3,"name":"36&#8243; Premium Built in Griddle w\/hood"}]},{"@type":"WebSite","@id":"https:\/\/blackstonegriddles.ca\/#website","url":"https:\/\/blackstonegriddles.ca\/","name":"Grils Blackstone Canada","description":"Blackstone Griddles distributeur officiel agr\u00e9\u00e9 Canada","publisher":{"@id":"https:\/\/blackstonegriddles.ca\/#organization"},"potentialAction":[{"@type":"SearchAction","target":{"@type":"EntryPoint","urlTemplate":"https:\/\/blackstonegriddles.ca\/?s={search_term_string}"},"query-input":{"@type":"PropertyValueSpecification","valueRequired":true,"valueName":"search_term_string"}}],"inLanguage":"fr-CA"},{"@type":"Organization","@id":"https:\/\/blackstonegriddles.ca\/#organization","name":"Grils Blackstone Canada","url":"https:\/\/blackstonegriddles.ca\/","logo":{"@type":"ImageObject","inLanguage":"fr-CA","@id":"https:\/\/blackstonegriddles.ca\/#\/schema\/logo\/image\/","url":"https:\/\/blackstonegriddles.ca\/wp-content\/uploads\/2025\/02\/blackstone-fire-logo.webp","contentUrl":"https:\/\/blackstonegriddles.ca\/wp-content\/uploads\/2025\/02\/blackstone-fire-logo.webp","width":53,"height":58,"caption":"Blackstone Griddles Canada"},"image":{"@id":"https:\/\/blackstonegriddles.ca\/#\/schema\/logo\/image\/"},"sameAs":["https:\/\/www.facebook.com\/blackstoneproducts\/","https:\/\/x.com\/weareblackstone","https:\/\/www.instagram.com\/blackstoneproducts\/","https:\/\/www.youtube.com\/channel\/UCr39rimir8y3p-q1iQYidVA"]}]}},"_links":{"self":[{"href":"https:\/\/blackstonegriddles.ca\/fr\/wp-json\/wp\/v2\/product\/39306","targetHints":{"allow":["GET"]}}],"collection":[{"href":"https:\/\/blackstonegriddles.ca\/fr\/wp-json\/wp\/v2\/product"}],"about":[{"href":"https:\/\/blackstonegriddles.ca\/fr\/wp-json\/wp\/v2\/types\/product"}],"wp:featuredmedia":[{"embeddable":true,"href":"https:\/\/blackstonegriddles.ca\/fr\/wp-json\/wp\/v2\/media\/39314"}],"wp:attachment":[{"href":"https:\/\/blackstonegriddles.ca\/fr\/wp-json\/wp\/v2\/media?parent=39306"}],"wp:term":[{"taxonomy":"product_brand","embeddable":true,"href":"https:\/\/blackstonegriddles.ca\/fr\/wp-json\/wp\/v2\/product_brand?post=39306"},{"taxonomy":"product_cat","embeddable":true,"href":"https:\/\/blackstonegriddles.ca\/fr\/wp-json\/wp\/v2\/product_cat?post=39306"},{"taxonomy":"product_tag","embeddable":true,"href":"https:\/\/blackstonegriddles.ca\/fr\/wp-json\/wp\/v2\/product_tag?post=39306"}],"curies":[{"name":"wp","href":"https:\/\/api.w.org\/{rel}","templated":true}]}}