{"id":39323,"date":"2024-06-03T19:47:08","date_gmt":"2024-06-03T19:47:08","guid":{"rendered":"https:\/\/blackstonegriddles.ca\/?post_type=product&#038;p=39323"},"modified":"2026-04-15T13:01:14","modified_gmt":"2026-04-15T13:01:14","slug":"combine-plancha-culinaire-et-grill-a-pellets-housse-pour-grill-a-pellets","status":"publish","type":"product","link":"https:\/\/blackstonegriddles.ca\/fr\/product\/culinary-griddle-and-pellet-grill-combo-pellet-grill-cover\/","title":{"rendered":"Gril culinaire et gril \u00e0 pellets Combo Couvercle de gril \u00e0 pellets"},"content":{"rendered":"<ul class=\"bullets\">\n<li>Convient \u00e0 l'unit\u00e9 combin\u00e9e de gril et de gril \u00e0 granules Blackstone : Num\u00e9ro d'article 3810063<\/li>\n<li>R\u00e9sistant aux intemp\u00e9ries et trait\u00e9 contre les UV pour prot\u00e9ger contre les \u00e9l\u00e9ments ext\u00e9rieurs<\/li>\n<li>Mesures approximatives : 79,6 pouces de longueur x 30,1 pouces de profondeur x 43,1 pouces de hauteur -Le tissu peut s'adapter \u00e0 des articles de dimensions similaires.<\/li>\n<li>Toile de polyester 600D tr\u00e8s r\u00e9sistante avec coins et coutures renforc\u00e9s<\/li>\n<li>Boucles en r\u00e9sine de poly\u00e9thyl\u00e8ne durable et r\u00e9sistante \u00e0 l'impact qui se resserrent pour s'ajuster parfaitement.<\/li>\n<li>Design culinaire \u00e9l\u00e9gant \u00e0 deux tons avec logo Blackstone brod\u00e9<\/li>\n<li>Lavage \u00e0 la main recommand\u00e9<\/li>\n<\/ul>","protected":false},"excerpt":{"rendered":"<p>Prot\u00e9gez votre gril 22\" et votre gril \u00e0 granul\u00e9s Blackstone Combo avec cette housse durable et r\u00e9sistante aux intemp\u00e9ries. Fabriqu\u00e9e en toile de polyester 600D trait\u00e9e contre les UV, avec des coins et des coutures renforc\u00e9s, cette housse est id\u00e9ale pour prot\u00e9ger votre gril lorsqu'il n'est pas utilis\u00e9. Les boucles en polyr\u00e9sine \u00e0 fort impact situ\u00e9es de part et d'autre de la housse sont con\u00e7ues pour se resserrer, afin que la housse reste bien ajust\u00e9e autour de votre plaque de cuisson. En plus des caract\u00e9ristiques de protection de haute qualit\u00e9, vous appr\u00e9cierez le design \u00e9l\u00e9gant et bicolore Culinary de cette housse avec un logo Blackstone brod\u00e9.<\/p>","protected":false},"featured_media":39327,"template":"","meta":[],"product_brand":[],"product_cat":[137],"product_tag":[],"class_list":{"0":"post-39323","1":"product","2":"type-product","3":"status-publish","4":"has-post-thumbnail","6":"product_cat-covers-and-carry-bags","7":"product_shipping_class-accessories","9":"first","10":"instock","11":"taxable","12":"shipping-taxable","13":"purchasable","14":"product-type-simple"},"yoast_head":"<!-- This site is optimized with the Yoast SEO plugin v27.4 - https:\/\/yoast.com\/product\/yoast-seo-wordpress\/ -->\n<title>Culinary Griddle and Pellet Grill Combo Pellet Grill Cover - Blackstone Griddles<\/title>\n<meta name=\"robots\" content=\"index, follow, max-snippet:-1, max-image-preview:large, max-video-preview:-1\" \/>\n<link rel=\"canonical\" href=\"https:\/\/blackstonegriddles.ca\/fr\/produit\/combine-plancha-culinaire-et-grill-a-pellets-housse-pour-grill-a-pellets\/\" \/>\n<meta property=\"og:locale\" content=\"fr_CA\" \/>\n<meta property=\"og:type\" content=\"article\" \/>\n<meta property=\"og:title\" content=\"Culinary Griddle and Pellet Grill Combo Pellet Grill Cover - Blackstone Griddles\" \/>\n<meta property=\"og:description\" content=\"Protect your Blackstone 22\u201d Griddle and Pellet Grill Combo with this durable, weather-resistant cover. Made with UV-treated 600D polyester canvas with reinforced corners and seams, this cover is great for protecting your griddle when it is not in use. High-impact poly resin buckles on both sides of the cover are made to cinch, keeping this cover fitted snugly around your griddle. In addition to high-quality protective features, enjoy the sleek, two-toned Culinary design of this cover with an embroidered Blackstone logo.\" \/>\n<meta property=\"og:url\" content=\"https:\/\/blackstonegriddles.ca\/fr\/produit\/combine-plancha-culinaire-et-grill-a-pellets-housse-pour-grill-a-pellets\/\" \/>\n<meta property=\"og:site_name\" content=\"Blackstone Griddles\" \/>\n<meta property=\"article:publisher\" content=\"https:\/\/www.facebook.com\/blackstoneproducts\/\" \/>\n<meta property=\"article:modified_time\" content=\"2026-04-15T13:01:14+00:00\" \/>\n<meta property=\"og:image\" content=\"https:\/\/blackstonegriddles.ca\/wp-content\/uploads\/2024\/05\/Culinary-Griddle-and-Pellet-Grill-Combo-Pellet-Grill-Cover.jpeg\" \/>\n\t<meta property=\"og:image:width\" content=\"646\" \/>\n\t<meta property=\"og:image:height\" content=\"646\" \/>\n\t<meta property=\"og:image:type\" content=\"image\/jpeg\" \/>\n<meta name=\"twitter:card\" content=\"summary_large_image\" \/>\n<meta name=\"twitter:site\" content=\"@weareblackstone\" \/>\n<meta name=\"twitter:label1\" content=\"Estimation du temps de lecture\" \/>\n\t<meta name=\"twitter:data1\" content=\"1 minute\" \/>\n<script type=\"application\/ld+json\" class=\"yoast-schema-graph\">{\"@context\":\"https:\\\/\\\/schema.org\",\"@graph\":[{\"@type\":\"WebPage\",\"@id\":\"https:\\\/\\\/blackstonegriddles.ca\\\/product\\\/culinary-griddle-and-pellet-grill-combo-pellet-grill-cover\\\/\",\"url\":\"https:\\\/\\\/blackstonegriddles.ca\\\/product\\\/culinary-griddle-and-pellet-grill-combo-pellet-grill-cover\\\/\",\"name\":\"Culinary Griddle and Pellet Grill Combo Pellet Grill Cover - Blackstone Griddles\",\"isPartOf\":{\"@id\":\"https:\\\/\\\/blackstonegriddles.ca\\\/#website\"},\"primaryImageOfPage\":{\"@id\":\"https:\\\/\\\/blackstonegriddles.ca\\\/product\\\/culinary-griddle-and-pellet-grill-combo-pellet-grill-cover\\\/#primaryimage\"},\"image\":{\"@id\":\"https:\\\/\\\/blackstonegriddles.ca\\\/product\\\/culinary-griddle-and-pellet-grill-combo-pellet-grill-cover\\\/#primaryimage\"},\"thumbnailUrl\":\"https:\\\/\\\/blackstonegriddles.ca\\\/wp-content\\\/uploads\\\/2024\\\/05\\\/Culinary-Griddle-and-Pellet-Grill-Combo-Pellet-Grill-Cover.jpeg\",\"datePublished\":\"2024-06-03T19:47:08+00:00\",\"dateModified\":\"2026-04-15T13:01:14+00:00\",\"breadcrumb\":{\"@id\":\"https:\\\/\\\/blackstonegriddles.ca\\\/product\\\/culinary-griddle-and-pellet-grill-combo-pellet-grill-cover\\\/#breadcrumb\"},\"inLanguage\":\"fr-CA\",\"potentialAction\":[{\"@type\":\"ReadAction\",\"target\":[\"https:\\\/\\\/blackstonegriddles.ca\\\/product\\\/culinary-griddle-and-pellet-grill-combo-pellet-grill-cover\\\/\"]}]},{\"@type\":\"ImageObject\",\"inLanguage\":\"fr-CA\",\"@id\":\"https:\\\/\\\/blackstonegriddles.ca\\\/product\\\/culinary-griddle-and-pellet-grill-combo-pellet-grill-cover\\\/#primaryimage\",\"url\":\"https:\\\/\\\/blackstonegriddles.ca\\\/wp-content\\\/uploads\\\/2024\\\/05\\\/Culinary-Griddle-and-Pellet-Grill-Combo-Pellet-Grill-Cover.jpeg\",\"contentUrl\":\"https:\\\/\\\/blackstonegriddles.ca\\\/wp-content\\\/uploads\\\/2024\\\/05\\\/Culinary-Griddle-and-Pellet-Grill-Combo-Pellet-Grill-Cover.jpeg\",\"width\":646,\"height\":646,\"caption\":\"Culinary Griddle and Pellet Grill Combo Pellet Grill Cover\"},{\"@type\":\"BreadcrumbList\",\"@id\":\"https:\\\/\\\/blackstonegriddles.ca\\\/product\\\/culinary-griddle-and-pellet-grill-combo-pellet-grill-cover\\\/#breadcrumb\",\"itemListElement\":[{\"@type\":\"ListItem\",\"position\":1,\"name\":\"Home\",\"item\":\"https:\\\/\\\/blackstonegriddles.ca\\\/\"},{\"@type\":\"ListItem\",\"position\":2,\"name\":\"Shop\",\"item\":\"https:\\\/\\\/blackstonegriddles.ca\\\/shop\\\/\"},{\"@type\":\"ListItem\",\"position\":3,\"name\":\"Culinary Griddle and Pellet Grill Combo Pellet Grill Cover\"}]},{\"@type\":\"WebSite\",\"@id\":\"https:\\\/\\\/blackstonegriddles.ca\\\/#website\",\"url\":\"https:\\\/\\\/blackstonegriddles.ca\\\/\",\"name\":\"Blackstone Griddles Canada\",\"description\":\"Blackstone Griddles official licensed dealer Canada\",\"publisher\":{\"@id\":\"https:\\\/\\\/blackstonegriddles.ca\\\/#organization\"},\"potentialAction\":[{\"@type\":\"SearchAction\",\"target\":{\"@type\":\"EntryPoint\",\"urlTemplate\":\"https:\\\/\\\/blackstonegriddles.ca\\\/?s={search_term_string}\"},\"query-input\":{\"@type\":\"PropertyValueSpecification\",\"valueRequired\":true,\"valueName\":\"search_term_string\"}}],\"inLanguage\":\"fr-CA\"},{\"@type\":\"Organization\",\"@id\":\"https:\\\/\\\/blackstonegriddles.ca\\\/#organization\",\"name\":\"Blackstone Griddles Canada\",\"url\":\"https:\\\/\\\/blackstonegriddles.ca\\\/\",\"logo\":{\"@type\":\"ImageObject\",\"inLanguage\":\"fr-CA\",\"@id\":\"https:\\\/\\\/blackstonegriddles.ca\\\/#\\\/schema\\\/logo\\\/image\\\/\",\"url\":\"https:\\\/\\\/blackstonegriddles.ca\\\/wp-content\\\/uploads\\\/2025\\\/02\\\/blackstone-fire-logo.webp\",\"contentUrl\":\"https:\\\/\\\/blackstonegriddles.ca\\\/wp-content\\\/uploads\\\/2025\\\/02\\\/blackstone-fire-logo.webp\",\"width\":53,\"height\":58,\"caption\":\"Blackstone Griddles Canada\"},\"image\":{\"@id\":\"https:\\\/\\\/blackstonegriddles.ca\\\/#\\\/schema\\\/logo\\\/image\\\/\"},\"sameAs\":[\"https:\\\/\\\/www.facebook.com\\\/blackstoneproducts\\\/\",\"https:\\\/\\\/x.com\\\/weareblackstone\",\"https:\\\/\\\/www.instagram.com\\\/blackstoneproducts\\\/\",\"https:\\\/\\\/www.youtube.com\\\/channel\\\/UCr39rimir8y3p-q1iQYidVA\"]}]}<\/script>\n<!-- \/ Yoast SEO plugin. -->","yoast_head_json":{"title":"Gril culinaire et gril \u00e0 pellets Combo Couverture pour gril \u00e0 pellets - Blackstone Griddles","robots":{"index":"index","follow":"follow","max-snippet":"max-snippet:-1","max-image-preview":"max-image-preview:large","max-video-preview":"max-video-preview:-1"},"canonical":"https:\/\/blackstonegriddles.ca\/fr\/produit\/combine-plancha-culinaire-et-grill-a-pellets-housse-pour-grill-a-pellets\/","og_locale":"fr_CA","og_type":"article","og_title":"Culinary Griddle and Pellet Grill Combo Pellet Grill Cover - Blackstone Griddles","og_description":"Protect your Blackstone 22\u201d Griddle and Pellet Grill Combo with this durable, weather-resistant cover. Made with UV-treated 600D polyester canvas with reinforced corners and seams, this cover is great for protecting your griddle when it is not in use. High-impact poly resin buckles on both sides of the cover are made to cinch, keeping this cover fitted snugly around your griddle. In addition to high-quality protective features, enjoy the sleek, two-toned Culinary design of this cover with an embroidered Blackstone logo.","og_url":"https:\/\/blackstonegriddles.ca\/fr\/produit\/combine-plancha-culinaire-et-grill-a-pellets-housse-pour-grill-a-pellets\/","og_site_name":"Blackstone Griddles","article_publisher":"https:\/\/www.facebook.com\/blackstoneproducts\/","article_modified_time":"2026-04-15T13:01:14+00:00","og_image":[{"width":646,"height":646,"url":"https:\/\/blackstonegriddles.ca\/wp-content\/uploads\/2024\/05\/Culinary-Griddle-and-Pellet-Grill-Combo-Pellet-Grill-Cover.jpeg","type":"image\/jpeg"}],"twitter_card":"summary_large_image","twitter_site":"@weareblackstone","twitter_misc":{"Estimation du temps de lecture":"1 minute"},"schema":{"@context":"https:\/\/schema.org","@graph":[{"@type":"WebPage","@id":"https:\/\/blackstonegriddles.ca\/product\/culinary-griddle-and-pellet-grill-combo-pellet-grill-cover\/","url":"https:\/\/blackstonegriddles.ca\/product\/culinary-griddle-and-pellet-grill-combo-pellet-grill-cover\/","name":"Gril culinaire et gril \u00e0 pellets Combo Couverture pour gril \u00e0 pellets - Blackstone Griddles","isPartOf":{"@id":"https:\/\/blackstonegriddles.ca\/#website"},"primaryImageOfPage":{"@id":"https:\/\/blackstonegriddles.ca\/product\/culinary-griddle-and-pellet-grill-combo-pellet-grill-cover\/#primaryimage"},"image":{"@id":"https:\/\/blackstonegriddles.ca\/product\/culinary-griddle-and-pellet-grill-combo-pellet-grill-cover\/#primaryimage"},"thumbnailUrl":"https:\/\/blackstonegriddles.ca\/wp-content\/uploads\/2024\/05\/Culinary-Griddle-and-Pellet-Grill-Combo-Pellet-Grill-Cover.jpeg","datePublished":"2024-06-03T19:47:08+00:00","dateModified":"2026-04-15T13:01:14+00:00","breadcrumb":{"@id":"https:\/\/blackstonegriddles.ca\/product\/culinary-griddle-and-pellet-grill-combo-pellet-grill-cover\/#breadcrumb"},"inLanguage":"fr-CA","potentialAction":[{"@type":"ReadAction","target":["https:\/\/blackstonegriddles.ca\/product\/culinary-griddle-and-pellet-grill-combo-pellet-grill-cover\/"]}]},{"@type":"ImageObject","inLanguage":"fr-CA","@id":"https:\/\/blackstonegriddles.ca\/product\/culinary-griddle-and-pellet-grill-combo-pellet-grill-cover\/#primaryimage","url":"https:\/\/blackstonegriddles.ca\/wp-content\/uploads\/2024\/05\/Culinary-Griddle-and-Pellet-Grill-Combo-Pellet-Grill-Cover.jpeg","contentUrl":"https:\/\/blackstonegriddles.ca\/wp-content\/uploads\/2024\/05\/Culinary-Griddle-and-Pellet-Grill-Combo-Pellet-Grill-Cover.jpeg","width":646,"height":646,"caption":"Culinary Griddle and Pellet Grill Combo Pellet Grill Cover"},{"@type":"BreadcrumbList","@id":"https:\/\/blackstonegriddles.ca\/product\/culinary-griddle-and-pellet-grill-combo-pellet-grill-cover\/#breadcrumb","itemListElement":[{"@type":"ListItem","position":1,"name":"Home","item":"https:\/\/blackstonegriddles.ca\/"},{"@type":"ListItem","position":2,"name":"Shop","item":"https:\/\/blackstonegriddles.ca\/shop\/"},{"@type":"ListItem","position":3,"name":"Culinary Griddle and Pellet Grill Combo Pellet Grill Cover"}]},{"@type":"WebSite","@id":"https:\/\/blackstonegriddles.ca\/#website","url":"https:\/\/blackstonegriddles.ca\/","name":"Grils Blackstone Canada","description":"Blackstone Griddles distributeur officiel agr\u00e9\u00e9 Canada","publisher":{"@id":"https:\/\/blackstonegriddles.ca\/#organization"},"potentialAction":[{"@type":"SearchAction","target":{"@type":"EntryPoint","urlTemplate":"https:\/\/blackstonegriddles.ca\/?s={search_term_string}"},"query-input":{"@type":"PropertyValueSpecification","valueRequired":true,"valueName":"search_term_string"}}],"inLanguage":"fr-CA"},{"@type":"Organization","@id":"https:\/\/blackstonegriddles.ca\/#organization","name":"Grils Blackstone Canada","url":"https:\/\/blackstonegriddles.ca\/","logo":{"@type":"ImageObject","inLanguage":"fr-CA","@id":"https:\/\/blackstonegriddles.ca\/#\/schema\/logo\/image\/","url":"https:\/\/blackstonegriddles.ca\/wp-content\/uploads\/2025\/02\/blackstone-fire-logo.webp","contentUrl":"https:\/\/blackstonegriddles.ca\/wp-content\/uploads\/2025\/02\/blackstone-fire-logo.webp","width":53,"height":58,"caption":"Blackstone Griddles Canada"},"image":{"@id":"https:\/\/blackstonegriddles.ca\/#\/schema\/logo\/image\/"},"sameAs":["https:\/\/www.facebook.com\/blackstoneproducts\/","https:\/\/x.com\/weareblackstone","https:\/\/www.instagram.com\/blackstoneproducts\/","https:\/\/www.youtube.com\/channel\/UCr39rimir8y3p-q1iQYidVA"]}]}},"_links":{"self":[{"href":"https:\/\/blackstonegriddles.ca\/fr\/wp-json\/wp\/v2\/product\/39323","targetHints":{"allow":["GET"]}}],"collection":[{"href":"https:\/\/blackstonegriddles.ca\/fr\/wp-json\/wp\/v2\/product"}],"about":[{"href":"https:\/\/blackstonegriddles.ca\/fr\/wp-json\/wp\/v2\/types\/product"}],"wp:featuredmedia":[{"embeddable":true,"href":"https:\/\/blackstonegriddles.ca\/fr\/wp-json\/wp\/v2\/media\/39327"}],"wp:attachment":[{"href":"https:\/\/blackstonegriddles.ca\/fr\/wp-json\/wp\/v2\/media?parent=39323"}],"wp:term":[{"taxonomy":"product_brand","embeddable":true,"href":"https:\/\/blackstonegriddles.ca\/fr\/wp-json\/wp\/v2\/product_brand?post=39323"},{"taxonomy":"product_cat","embeddable":true,"href":"https:\/\/blackstonegriddles.ca\/fr\/wp-json\/wp\/v2\/product_cat?post=39323"},{"taxonomy":"product_tag","embeddable":true,"href":"https:\/\/blackstonegriddles.ca\/fr\/wp-json\/wp\/v2\/product_tag?post=39323"}],"curies":[{"name":"wp","href":"https:\/\/api.w.org\/{rel}","templated":true}]}}