{"id":39337,"date":"2024-06-03T19:38:19","date_gmt":"2024-06-03T19:38:19","guid":{"rendered":"https:\/\/blackstonegriddles.ca\/?post_type=product&#038;p=39337"},"modified":"2026-04-06T12:39:06","modified_gmt":"2026-04-06T12:39:06","slug":"7-foyer-sans-fumee","status":"publish","type":"product","link":"https:\/\/blackstonegriddles.ca\/fr\/product\/7-smokeless-fire-pit\/","title":{"rendered":"Foyer de 7\u2033 sans fum\u00e9e"},"content":{"rendered":"<ul class=\"sc-hcupDf iBooxU pf-48_ acumin\" data-pf-type=\"MetafieldValue\">\n<li class=\"sc-xiLah hUMvDY metafield-list.single_line_text_field\">Adapt\u00e9e \u00e0 la table gr\u00e2ce \u00e0 son support int\u00e9gr\u00e9<\/li>\n<li class=\"sc-xiLah hUMvDY metafield-list.single_line_text_field\">Base amovible pour faciliter le nettoyage et l'entretien<\/li>\n<li class=\"sc-xiLah hUMvDY metafield-list.single_line_text_field\">Technologie du feu sans fum\u00e9e<\/li>\n<li class=\"sc-xiLah hUMvDY metafield-list.single_line_text_field\">Pour usage ext\u00e9rieur uniquement<\/li>\n<\/ul>","protected":false},"excerpt":{"rendered":"<p>Illuminez votre espace avec le foyer sans fum\u00e9e Blackstone 7\". Ce foyer de table rehausse toute exp\u00e9rience, qu'il s'agisse de griller des s'mores en famille, de cr\u00e9er l'ambiance d'une soir\u00e9e entre amis ou simplement de partager de bons repas entre amis. Dot\u00e9 d'un support int\u00e9gr\u00e9 et d'une base amovible pour un nettoyage facile, vous vous rassemblerez autour de ce petit foyer d\u00e8s que l'occasion se pr\u00e9sentera.<\/p>","protected":false},"featured_media":39345,"template":"","meta":[],"product_brand":[],"product_cat":[224],"product_tag":[],"class_list":{"0":"post-39337","1":"product","2":"type-product","3":"status-publish","4":"has-post-thumbnail","6":"product_cat-outdoor-living","7":"product_shipping_class-firepits-stands","9":"first","10":"instock","11":"featured","12":"taxable","13":"shipping-taxable","14":"purchasable","15":"product-type-simple"},"yoast_head":"<!-- This site is optimized with the Yoast SEO plugin v27.3 - https:\/\/yoast.com\/product\/yoast-seo-wordpress\/ -->\n<title>7&quot; Smokeless Fire Pit - Blackstone Griddles<\/title>\n<meta name=\"robots\" content=\"index, follow, max-snippet:-1, max-image-preview:large, max-video-preview:-1\" \/>\n<link rel=\"canonical\" href=\"https:\/\/blackstonegriddles.ca\/fr\/produit\/7-foyer-sans-fumee\/\" \/>\n<meta property=\"og:locale\" content=\"fr_CA\" \/>\n<meta property=\"og:type\" content=\"article\" \/>\n<meta property=\"og:title\" content=\"7&quot; Smokeless Fire Pit - Blackstone Griddles\" \/>\n<meta property=\"og:description\" content=\"Illuminate your space with the Blackstone 7\u201d Smokeless Firepit. This tabletop firepit elevates any experience, from roasting s\u2019mores with the family, creating that date night ambiance, or just sharing good food with friends. Featuring a built-in stand and a removable base for easy clean-up, you be gathering around this little firepit at every opportunity.\" \/>\n<meta property=\"og:url\" content=\"https:\/\/blackstonegriddles.ca\/fr\/produit\/7-foyer-sans-fumee\/\" \/>\n<meta property=\"og:site_name\" content=\"Blackstone Griddles\" \/>\n<meta property=\"article:publisher\" content=\"https:\/\/www.facebook.com\/blackstoneproducts\/\" \/>\n<meta property=\"article:modified_time\" content=\"2026-04-06T12:39:06+00:00\" \/>\n<meta property=\"og:image\" content=\"https:\/\/blackstonegriddles.ca\/wp-content\/uploads\/2024\/05\/7-Smokeless-Fire-Pit.jpg\" \/>\n\t<meta property=\"og:image:width\" content=\"800\" \/>\n\t<meta property=\"og:image:height\" content=\"800\" \/>\n\t<meta property=\"og:image:type\" content=\"image\/jpeg\" \/>\n<meta name=\"twitter:card\" content=\"summary_large_image\" \/>\n<meta name=\"twitter:site\" content=\"@weareblackstone\" \/>\n<meta name=\"twitter:label1\" content=\"Estimation du temps de lecture\" \/>\n\t<meta name=\"twitter:data1\" content=\"1 minute\" \/>\n<script type=\"application\/ld+json\" class=\"yoast-schema-graph\">{\"@context\":\"https:\\\/\\\/schema.org\",\"@graph\":[{\"@type\":\"WebPage\",\"@id\":\"https:\\\/\\\/blackstonegriddles.ca\\\/product\\\/7-smokeless-fire-pit\\\/\",\"url\":\"https:\\\/\\\/blackstonegriddles.ca\\\/product\\\/7-smokeless-fire-pit\\\/\",\"name\":\"7\\\" Smokeless Fire Pit - Blackstone Griddles\",\"isPartOf\":{\"@id\":\"https:\\\/\\\/blackstonegriddles.ca\\\/#website\"},\"primaryImageOfPage\":{\"@id\":\"https:\\\/\\\/blackstonegriddles.ca\\\/product\\\/7-smokeless-fire-pit\\\/#primaryimage\"},\"image\":{\"@id\":\"https:\\\/\\\/blackstonegriddles.ca\\\/product\\\/7-smokeless-fire-pit\\\/#primaryimage\"},\"thumbnailUrl\":\"https:\\\/\\\/blackstonegriddles.ca\\\/wp-content\\\/uploads\\\/2024\\\/05\\\/7-Smokeless-Fire-Pit.jpg\",\"datePublished\":\"2024-06-03T19:38:19+00:00\",\"dateModified\":\"2026-04-06T12:39:06+00:00\",\"breadcrumb\":{\"@id\":\"https:\\\/\\\/blackstonegriddles.ca\\\/product\\\/7-smokeless-fire-pit\\\/#breadcrumb\"},\"inLanguage\":\"fr-CA\",\"potentialAction\":[{\"@type\":\"ReadAction\",\"target\":[\"https:\\\/\\\/blackstonegriddles.ca\\\/product\\\/7-smokeless-fire-pit\\\/\"]}]},{\"@type\":\"ImageObject\",\"inLanguage\":\"fr-CA\",\"@id\":\"https:\\\/\\\/blackstonegriddles.ca\\\/product\\\/7-smokeless-fire-pit\\\/#primaryimage\",\"url\":\"https:\\\/\\\/blackstonegriddles.ca\\\/wp-content\\\/uploads\\\/2024\\\/05\\\/7-Smokeless-Fire-Pit.jpg\",\"contentUrl\":\"https:\\\/\\\/blackstonegriddles.ca\\\/wp-content\\\/uploads\\\/2024\\\/05\\\/7-Smokeless-Fire-Pit.jpg\",\"width\":800,\"height\":800,\"caption\":\"7 Smokeless Fire Pit\"},{\"@type\":\"BreadcrumbList\",\"@id\":\"https:\\\/\\\/blackstonegriddles.ca\\\/product\\\/7-smokeless-fire-pit\\\/#breadcrumb\",\"itemListElement\":[{\"@type\":\"ListItem\",\"position\":1,\"name\":\"Home\",\"item\":\"https:\\\/\\\/blackstonegriddles.ca\\\/\"},{\"@type\":\"ListItem\",\"position\":2,\"name\":\"Shop\",\"item\":\"https:\\\/\\\/blackstonegriddles.ca\\\/shop\\\/\"},{\"@type\":\"ListItem\",\"position\":3,\"name\":\"7&#8243; Smokeless Fire Pit\"}]},{\"@type\":\"WebSite\",\"@id\":\"https:\\\/\\\/blackstonegriddles.ca\\\/#website\",\"url\":\"https:\\\/\\\/blackstonegriddles.ca\\\/\",\"name\":\"Blackstone Griddles Canada\",\"description\":\"Blackstone Griddles official licensed dealer Canada\",\"publisher\":{\"@id\":\"https:\\\/\\\/blackstonegriddles.ca\\\/#organization\"},\"potentialAction\":[{\"@type\":\"SearchAction\",\"target\":{\"@type\":\"EntryPoint\",\"urlTemplate\":\"https:\\\/\\\/blackstonegriddles.ca\\\/?s={search_term_string}\"},\"query-input\":{\"@type\":\"PropertyValueSpecification\",\"valueRequired\":true,\"valueName\":\"search_term_string\"}}],\"inLanguage\":\"fr-CA\"},{\"@type\":\"Organization\",\"@id\":\"https:\\\/\\\/blackstonegriddles.ca\\\/#organization\",\"name\":\"Blackstone Griddles Canada\",\"url\":\"https:\\\/\\\/blackstonegriddles.ca\\\/\",\"logo\":{\"@type\":\"ImageObject\",\"inLanguage\":\"fr-CA\",\"@id\":\"https:\\\/\\\/blackstonegriddles.ca\\\/#\\\/schema\\\/logo\\\/image\\\/\",\"url\":\"https:\\\/\\\/blackstonegriddles.ca\\\/wp-content\\\/uploads\\\/2025\\\/02\\\/blackstone-fire-logo.webp\",\"contentUrl\":\"https:\\\/\\\/blackstonegriddles.ca\\\/wp-content\\\/uploads\\\/2025\\\/02\\\/blackstone-fire-logo.webp\",\"width\":53,\"height\":58,\"caption\":\"Blackstone Griddles Canada\"},\"image\":{\"@id\":\"https:\\\/\\\/blackstonegriddles.ca\\\/#\\\/schema\\\/logo\\\/image\\\/\"},\"sameAs\":[\"https:\\\/\\\/www.facebook.com\\\/blackstoneproducts\\\/\",\"https:\\\/\\\/x.com\\\/weareblackstone\",\"https:\\\/\\\/www.instagram.com\\\/blackstoneproducts\\\/\",\"https:\\\/\\\/www.youtube.com\\\/channel\\\/UCr39rimir8y3p-q1iQYidVA\"]}]}<\/script>\n<!-- \/ Yoast SEO plugin. -->","yoast_head_json":{"title":"Foyer sans fum\u00e9e de 7\" - Blackstone Griddles","robots":{"index":"index","follow":"follow","max-snippet":"max-snippet:-1","max-image-preview":"max-image-preview:large","max-video-preview":"max-video-preview:-1"},"canonical":"https:\/\/blackstonegriddles.ca\/fr\/produit\/7-foyer-sans-fumee\/","og_locale":"fr_CA","og_type":"article","og_title":"7\" Smokeless Fire Pit - Blackstone Griddles","og_description":"Illuminate your space with the Blackstone 7\u201d Smokeless Firepit. This tabletop firepit elevates any experience, from roasting s\u2019mores with the family, creating that date night ambiance, or just sharing good food with friends. Featuring a built-in stand and a removable base for easy clean-up, you be gathering around this little firepit at every opportunity.","og_url":"https:\/\/blackstonegriddles.ca\/fr\/produit\/7-foyer-sans-fumee\/","og_site_name":"Blackstone Griddles","article_publisher":"https:\/\/www.facebook.com\/blackstoneproducts\/","article_modified_time":"2026-04-06T12:39:06+00:00","og_image":[{"width":800,"height":800,"url":"https:\/\/blackstonegriddles.ca\/wp-content\/uploads\/2024\/05\/7-Smokeless-Fire-Pit.jpg","type":"image\/jpeg"}],"twitter_card":"summary_large_image","twitter_site":"@weareblackstone","twitter_misc":{"Estimation du temps de lecture":"1 minute"},"schema":{"@context":"https:\/\/schema.org","@graph":[{"@type":"WebPage","@id":"https:\/\/blackstonegriddles.ca\/product\/7-smokeless-fire-pit\/","url":"https:\/\/blackstonegriddles.ca\/product\/7-smokeless-fire-pit\/","name":"Foyer sans fum\u00e9e de 7\" - Blackstone Griddles","isPartOf":{"@id":"https:\/\/blackstonegriddles.ca\/#website"},"primaryImageOfPage":{"@id":"https:\/\/blackstonegriddles.ca\/product\/7-smokeless-fire-pit\/#primaryimage"},"image":{"@id":"https:\/\/blackstonegriddles.ca\/product\/7-smokeless-fire-pit\/#primaryimage"},"thumbnailUrl":"https:\/\/blackstonegriddles.ca\/wp-content\/uploads\/2024\/05\/7-Smokeless-Fire-Pit.jpg","datePublished":"2024-06-03T19:38:19+00:00","dateModified":"2026-04-06T12:39:06+00:00","breadcrumb":{"@id":"https:\/\/blackstonegriddles.ca\/product\/7-smokeless-fire-pit\/#breadcrumb"},"inLanguage":"fr-CA","potentialAction":[{"@type":"ReadAction","target":["https:\/\/blackstonegriddles.ca\/product\/7-smokeless-fire-pit\/"]}]},{"@type":"ImageObject","inLanguage":"fr-CA","@id":"https:\/\/blackstonegriddles.ca\/product\/7-smokeless-fire-pit\/#primaryimage","url":"https:\/\/blackstonegriddles.ca\/wp-content\/uploads\/2024\/05\/7-Smokeless-Fire-Pit.jpg","contentUrl":"https:\/\/blackstonegriddles.ca\/wp-content\/uploads\/2024\/05\/7-Smokeless-Fire-Pit.jpg","width":800,"height":800,"caption":"7 Smokeless Fire Pit"},{"@type":"BreadcrumbList","@id":"https:\/\/blackstonegriddles.ca\/product\/7-smokeless-fire-pit\/#breadcrumb","itemListElement":[{"@type":"ListItem","position":1,"name":"Home","item":"https:\/\/blackstonegriddles.ca\/"},{"@type":"ListItem","position":2,"name":"Shop","item":"https:\/\/blackstonegriddles.ca\/shop\/"},{"@type":"ListItem","position":3,"name":"7&#8243; Smokeless Fire Pit"}]},{"@type":"WebSite","@id":"https:\/\/blackstonegriddles.ca\/#website","url":"https:\/\/blackstonegriddles.ca\/","name":"Grils Blackstone Canada","description":"Blackstone Griddles distributeur officiel agr\u00e9\u00e9 Canada","publisher":{"@id":"https:\/\/blackstonegriddles.ca\/#organization"},"potentialAction":[{"@type":"SearchAction","target":{"@type":"EntryPoint","urlTemplate":"https:\/\/blackstonegriddles.ca\/?s={search_term_string}"},"query-input":{"@type":"PropertyValueSpecification","valueRequired":true,"valueName":"search_term_string"}}],"inLanguage":"fr-CA"},{"@type":"Organization","@id":"https:\/\/blackstonegriddles.ca\/#organization","name":"Grils Blackstone Canada","url":"https:\/\/blackstonegriddles.ca\/","logo":{"@type":"ImageObject","inLanguage":"fr-CA","@id":"https:\/\/blackstonegriddles.ca\/#\/schema\/logo\/image\/","url":"https:\/\/blackstonegriddles.ca\/wp-content\/uploads\/2025\/02\/blackstone-fire-logo.webp","contentUrl":"https:\/\/blackstonegriddles.ca\/wp-content\/uploads\/2025\/02\/blackstone-fire-logo.webp","width":53,"height":58,"caption":"Blackstone Griddles Canada"},"image":{"@id":"https:\/\/blackstonegriddles.ca\/#\/schema\/logo\/image\/"},"sameAs":["https:\/\/www.facebook.com\/blackstoneproducts\/","https:\/\/x.com\/weareblackstone","https:\/\/www.instagram.com\/blackstoneproducts\/","https:\/\/www.youtube.com\/channel\/UCr39rimir8y3p-q1iQYidVA"]}]}},"_links":{"self":[{"href":"https:\/\/blackstonegriddles.ca\/fr\/wp-json\/wp\/v2\/product\/39337","targetHints":{"allow":["GET"]}}],"collection":[{"href":"https:\/\/blackstonegriddles.ca\/fr\/wp-json\/wp\/v2\/product"}],"about":[{"href":"https:\/\/blackstonegriddles.ca\/fr\/wp-json\/wp\/v2\/types\/product"}],"wp:featuredmedia":[{"embeddable":true,"href":"https:\/\/blackstonegriddles.ca\/fr\/wp-json\/wp\/v2\/media\/39345"}],"wp:attachment":[{"href":"https:\/\/blackstonegriddles.ca\/fr\/wp-json\/wp\/v2\/media?parent=39337"}],"wp:term":[{"taxonomy":"product_brand","embeddable":true,"href":"https:\/\/blackstonegriddles.ca\/fr\/wp-json\/wp\/v2\/product_brand?post=39337"},{"taxonomy":"product_cat","embeddable":true,"href":"https:\/\/blackstonegriddles.ca\/fr\/wp-json\/wp\/v2\/product_cat?post=39337"},{"taxonomy":"product_tag","embeddable":true,"href":"https:\/\/blackstonegriddles.ca\/fr\/wp-json\/wp\/v2\/product_tag?post=39337"}],"curies":[{"name":"wp","href":"https:\/\/api.w.org\/{rel}","templated":true}]}}