{"id":40749,"date":"2024-06-18T15:08:28","date_gmt":"2024-06-18T15:08:28","guid":{"rendered":"https:\/\/blackstonegriddles.ca\/?post_type=product&#038;p=40749"},"modified":"2026-04-18T23:30:38","modified_gmt":"2026-04-18T23:30:38","slug":"22-omnivore-grille-de-table-a-panneau-frontal-en-acier-inoxydable","status":"publish","type":"product","link":"https:\/\/blackstonegriddles.ca\/fr\/product\/22-omnivore-stainless-front-panel-tabletop-griddle\/","title":{"rendered":"Gril de table 22\u2033 Omnivore \u00e0 panneau frontal en acier inoxydable"},"content":{"rendered":"<ul class=\"sc-hcupDf iBooxU pf-47_ acumin\" data-pf-type=\"MetafieldValue\">\n<li class=\"sc-xiLah hUMvDY metafield-list.single_line_text_field\">22\u2033 espace de cuisson-361 In2<\/li>\n<li class=\"sc-xiLah hUMvDY metafield-list.single_line_text_field\">Deux zones de cuisson contr\u00f4l\u00e9es ind\u00e9pendamment avec un total de 20 000 BTU<\/li>\n<li class=\"sc-xiLah hUMvDY metafield-list.single_line_text_field\">Capot peint de style classique int\u00e9gr\u00e9<\/li>\n<li class=\"sc-xiLah hUMvDY metafield-list.single_line_text_field\">Syst\u00e8me brevet\u00e9 de gestion des graisses \u00e0 l'arri\u00e8re<\/li>\n<li class=\"sc-xiLah hUMvDY metafield-list.single_line_text_field\">Mise \u00e0 jour des boutons de commande nationaux<\/li>\n<li class=\"sc-xiLah hUMvDY metafield-list.single_line_text_field\">Panneau frontal en acier inoxydable n\u00e9cessitant peu d'entretien<\/li>\n<li class=\"sc-xiLah hUMvDY metafield-list.single_line_text_field\">Utilise un r\u00e9gulateur d'une livre, le tuyau adaptateur n'est pas inclus.<\/li>\n<\/ul>","protected":false},"excerpt":{"rendered":"<p>Red\u00e9couvrez les joies de la cuisine en plein air avec la plaque de cuisson de table Original 22 pouces. Avec 21 000 BTU, deux zones de chaleur ind\u00e9pendantes et notre syst\u00e8me brevet\u00e9 de gestion des graisses \u00e0 l'arri\u00e8re, vous pourrez allumer la plaque rapidement et nettoyer facilement une fois que tout le monde sera rassasi\u00e9. La conception portable de ce gril plat le rend parfait pour partir \u00e0 l'aventure.<\/p>","protected":false},"featured_media":40756,"template":"","meta":[],"product_brand":[],"product_cat":[156,154],"product_tag":[],"class_list":{"0":"post-40749","1":"product","2":"type-product","3":"status-publish","4":"has-post-thumbnail","6":"product_cat-156","7":"product_cat-griddles","8":"product_shipping_class-22-griddles","10":"first","11":"instock","12":"taxable","13":"shipping-taxable","14":"purchasable","15":"product-type-simple"},"yoast_head":"<!-- This site is optimized with the Yoast SEO plugin v27.4 - https:\/\/yoast.com\/product\/yoast-seo-wordpress\/ -->\n<title>22&quot; Omnivore Stainless Front Panel Tabletop Griddle - Blackstone Griddles<\/title>\n<meta name=\"robots\" content=\"index, follow, max-snippet:-1, max-image-preview:large, max-video-preview:-1\" \/>\n<link rel=\"canonical\" href=\"https:\/\/blackstonegriddles.ca\/fr\/produit\/22-omnivore-grille-de-table-a-panneau-frontal-en-acier-inoxydable\/\" \/>\n<meta property=\"og:locale\" content=\"fr_CA\" \/>\n<meta property=\"og:type\" content=\"article\" \/>\n<meta property=\"og:title\" content=\"22&quot; Omnivore Stainless Front Panel Tabletop Griddle - Blackstone Griddles\" \/>\n<meta property=\"og:description\" content=\"Rediscover the joy of outdoor cooking with the Original 22-in Tabletop Griddle. With 21,000 BTU&#039;s, two independent heat zones, and our patented rear grease management system you&#039;ll be able to fire up the griddle fast and have an easy clean-up once everyone is full. This flat top grill&#039;s portable design makes it perfect to take on adventures.\" \/>\n<meta property=\"og:url\" content=\"https:\/\/blackstonegriddles.ca\/fr\/produit\/22-omnivore-grille-de-table-a-panneau-frontal-en-acier-inoxydable\/\" \/>\n<meta property=\"og:site_name\" content=\"Blackstone Griddles\" \/>\n<meta property=\"article:publisher\" content=\"https:\/\/www.facebook.com\/blackstoneproducts\/\" \/>\n<meta property=\"article:modified_time\" content=\"2026-04-18T23:30:38+00:00\" \/>\n<meta property=\"og:image\" content=\"https:\/\/blackstonegriddles.ca\/wp-content\/uploads\/2024\/06\/22-Omnivore-Stainless-Front-Panel-Tabletop-Griddle.jpg\" \/>\n\t<meta property=\"og:image:width\" content=\"800\" \/>\n\t<meta property=\"og:image:height\" content=\"800\" \/>\n\t<meta property=\"og:image:type\" content=\"image\/jpeg\" \/>\n<meta name=\"twitter:card\" content=\"summary_large_image\" \/>\n<meta name=\"twitter:site\" content=\"@weareblackstone\" \/>\n<meta name=\"twitter:label1\" content=\"Estimation du temps de lecture\" \/>\n\t<meta name=\"twitter:data1\" content=\"1 minute\" \/>\n<script type=\"application\/ld+json\" class=\"yoast-schema-graph\">{\"@context\":\"https:\\\/\\\/schema.org\",\"@graph\":[{\"@type\":\"WebPage\",\"@id\":\"https:\\\/\\\/blackstonegriddles.ca\\\/product\\\/22-omnivore-stainless-front-panel-tabletop-griddle\\\/\",\"url\":\"https:\\\/\\\/blackstonegriddles.ca\\\/product\\\/22-omnivore-stainless-front-panel-tabletop-griddle\\\/\",\"name\":\"22\\\" Omnivore Stainless Front Panel Tabletop Griddle - Blackstone Griddles\",\"isPartOf\":{\"@id\":\"https:\\\/\\\/blackstonegriddles.ca\\\/#website\"},\"primaryImageOfPage\":{\"@id\":\"https:\\\/\\\/blackstonegriddles.ca\\\/product\\\/22-omnivore-stainless-front-panel-tabletop-griddle\\\/#primaryimage\"},\"image\":{\"@id\":\"https:\\\/\\\/blackstonegriddles.ca\\\/product\\\/22-omnivore-stainless-front-panel-tabletop-griddle\\\/#primaryimage\"},\"thumbnailUrl\":\"https:\\\/\\\/blackstonegriddles.ca\\\/wp-content\\\/uploads\\\/2024\\\/06\\\/22-Omnivore-Stainless-Front-Panel-Tabletop-Griddle.jpg\",\"datePublished\":\"2024-06-18T15:08:28+00:00\",\"dateModified\":\"2026-04-18T23:30:38+00:00\",\"breadcrumb\":{\"@id\":\"https:\\\/\\\/blackstonegriddles.ca\\\/product\\\/22-omnivore-stainless-front-panel-tabletop-griddle\\\/#breadcrumb\"},\"inLanguage\":\"fr-CA\",\"potentialAction\":[{\"@type\":\"ReadAction\",\"target\":[\"https:\\\/\\\/blackstonegriddles.ca\\\/product\\\/22-omnivore-stainless-front-panel-tabletop-griddle\\\/\"]}]},{\"@type\":\"ImageObject\",\"inLanguage\":\"fr-CA\",\"@id\":\"https:\\\/\\\/blackstonegriddles.ca\\\/product\\\/22-omnivore-stainless-front-panel-tabletop-griddle\\\/#primaryimage\",\"url\":\"https:\\\/\\\/blackstonegriddles.ca\\\/wp-content\\\/uploads\\\/2024\\\/06\\\/22-Omnivore-Stainless-Front-Panel-Tabletop-Griddle.jpg\",\"contentUrl\":\"https:\\\/\\\/blackstonegriddles.ca\\\/wp-content\\\/uploads\\\/2024\\\/06\\\/22-Omnivore-Stainless-Front-Panel-Tabletop-Griddle.jpg\",\"width\":800,\"height\":800,\"caption\":\"22 Omnivore Stainless Front Panel Tabletop Griddle\"},{\"@type\":\"BreadcrumbList\",\"@id\":\"https:\\\/\\\/blackstonegriddles.ca\\\/product\\\/22-omnivore-stainless-front-panel-tabletop-griddle\\\/#breadcrumb\",\"itemListElement\":[{\"@type\":\"ListItem\",\"position\":1,\"name\":\"Home\",\"item\":\"https:\\\/\\\/blackstonegriddles.ca\\\/\"},{\"@type\":\"ListItem\",\"position\":2,\"name\":\"Shop\",\"item\":\"https:\\\/\\\/blackstonegriddles.ca\\\/shop\\\/\"},{\"@type\":\"ListItem\",\"position\":3,\"name\":\"22&#8243; Omnivore Stainless Front Panel Tabletop Griddle\"}]},{\"@type\":\"WebSite\",\"@id\":\"https:\\\/\\\/blackstonegriddles.ca\\\/#website\",\"url\":\"https:\\\/\\\/blackstonegriddles.ca\\\/\",\"name\":\"Blackstone Griddles Canada\",\"description\":\"Blackstone Griddles official licensed dealer Canada\",\"publisher\":{\"@id\":\"https:\\\/\\\/blackstonegriddles.ca\\\/#organization\"},\"potentialAction\":[{\"@type\":\"SearchAction\",\"target\":{\"@type\":\"EntryPoint\",\"urlTemplate\":\"https:\\\/\\\/blackstonegriddles.ca\\\/?s={search_term_string}\"},\"query-input\":{\"@type\":\"PropertyValueSpecification\",\"valueRequired\":true,\"valueName\":\"search_term_string\"}}],\"inLanguage\":\"fr-CA\"},{\"@type\":\"Organization\",\"@id\":\"https:\\\/\\\/blackstonegriddles.ca\\\/#organization\",\"name\":\"Blackstone Griddles Canada\",\"url\":\"https:\\\/\\\/blackstonegriddles.ca\\\/\",\"logo\":{\"@type\":\"ImageObject\",\"inLanguage\":\"fr-CA\",\"@id\":\"https:\\\/\\\/blackstonegriddles.ca\\\/#\\\/schema\\\/logo\\\/image\\\/\",\"url\":\"https:\\\/\\\/blackstonegriddles.ca\\\/wp-content\\\/uploads\\\/2025\\\/02\\\/blackstone-fire-logo.webp\",\"contentUrl\":\"https:\\\/\\\/blackstonegriddles.ca\\\/wp-content\\\/uploads\\\/2025\\\/02\\\/blackstone-fire-logo.webp\",\"width\":53,\"height\":58,\"caption\":\"Blackstone Griddles Canada\"},\"image\":{\"@id\":\"https:\\\/\\\/blackstonegriddles.ca\\\/#\\\/schema\\\/logo\\\/image\\\/\"},\"sameAs\":[\"https:\\\/\\\/www.facebook.com\\\/blackstoneproducts\\\/\",\"https:\\\/\\\/x.com\\\/weareblackstone\",\"https:\\\/\\\/www.instagram.com\\\/blackstoneproducts\\\/\",\"https:\\\/\\\/www.youtube.com\\\/channel\\\/UCr39rimir8y3p-q1iQYidVA\"]}]}<\/script>\n<!-- \/ Yoast SEO plugin. -->","yoast_head_json":{"title":"Gril de table 22\" Omnivore \u00e0 panneau frontal en acier inoxydable - Blackstone Griddles","robots":{"index":"index","follow":"follow","max-snippet":"max-snippet:-1","max-image-preview":"max-image-preview:large","max-video-preview":"max-video-preview:-1"},"canonical":"https:\/\/blackstonegriddles.ca\/fr\/produit\/22-omnivore-grille-de-table-a-panneau-frontal-en-acier-inoxydable\/","og_locale":"fr_CA","og_type":"article","og_title":"22\" Omnivore Stainless Front Panel Tabletop Griddle - Blackstone Griddles","og_description":"Rediscover the joy of outdoor cooking with the Original 22-in Tabletop Griddle. With 21,000 BTU's, two independent heat zones, and our patented rear grease management system you'll be able to fire up the griddle fast and have an easy clean-up once everyone is full. This flat top grill's portable design makes it perfect to take on adventures.","og_url":"https:\/\/blackstonegriddles.ca\/fr\/produit\/22-omnivore-grille-de-table-a-panneau-frontal-en-acier-inoxydable\/","og_site_name":"Blackstone Griddles","article_publisher":"https:\/\/www.facebook.com\/blackstoneproducts\/","article_modified_time":"2026-04-18T23:30:38+00:00","og_image":[{"width":800,"height":800,"url":"https:\/\/blackstonegriddles.ca\/wp-content\/uploads\/2024\/06\/22-Omnivore-Stainless-Front-Panel-Tabletop-Griddle.jpg","type":"image\/jpeg"}],"twitter_card":"summary_large_image","twitter_site":"@weareblackstone","twitter_misc":{"Estimation du temps de lecture":"1 minute"},"schema":{"@context":"https:\/\/schema.org","@graph":[{"@type":"WebPage","@id":"https:\/\/blackstonegriddles.ca\/product\/22-omnivore-stainless-front-panel-tabletop-griddle\/","url":"https:\/\/blackstonegriddles.ca\/product\/22-omnivore-stainless-front-panel-tabletop-griddle\/","name":"Gril de table 22\" Omnivore \u00e0 panneau frontal en acier inoxydable - Blackstone Griddles","isPartOf":{"@id":"https:\/\/blackstonegriddles.ca\/#website"},"primaryImageOfPage":{"@id":"https:\/\/blackstonegriddles.ca\/product\/22-omnivore-stainless-front-panel-tabletop-griddle\/#primaryimage"},"image":{"@id":"https:\/\/blackstonegriddles.ca\/product\/22-omnivore-stainless-front-panel-tabletop-griddle\/#primaryimage"},"thumbnailUrl":"https:\/\/blackstonegriddles.ca\/wp-content\/uploads\/2024\/06\/22-Omnivore-Stainless-Front-Panel-Tabletop-Griddle.jpg","datePublished":"2024-06-18T15:08:28+00:00","dateModified":"2026-04-18T23:30:38+00:00","breadcrumb":{"@id":"https:\/\/blackstonegriddles.ca\/product\/22-omnivore-stainless-front-panel-tabletop-griddle\/#breadcrumb"},"inLanguage":"fr-CA","potentialAction":[{"@type":"ReadAction","target":["https:\/\/blackstonegriddles.ca\/product\/22-omnivore-stainless-front-panel-tabletop-griddle\/"]}]},{"@type":"ImageObject","inLanguage":"fr-CA","@id":"https:\/\/blackstonegriddles.ca\/product\/22-omnivore-stainless-front-panel-tabletop-griddle\/#primaryimage","url":"https:\/\/blackstonegriddles.ca\/wp-content\/uploads\/2024\/06\/22-Omnivore-Stainless-Front-Panel-Tabletop-Griddle.jpg","contentUrl":"https:\/\/blackstonegriddles.ca\/wp-content\/uploads\/2024\/06\/22-Omnivore-Stainless-Front-Panel-Tabletop-Griddle.jpg","width":800,"height":800,"caption":"22 Omnivore Stainless Front Panel Tabletop Griddle"},{"@type":"BreadcrumbList","@id":"https:\/\/blackstonegriddles.ca\/product\/22-omnivore-stainless-front-panel-tabletop-griddle\/#breadcrumb","itemListElement":[{"@type":"ListItem","position":1,"name":"Home","item":"https:\/\/blackstonegriddles.ca\/"},{"@type":"ListItem","position":2,"name":"Shop","item":"https:\/\/blackstonegriddles.ca\/shop\/"},{"@type":"ListItem","position":3,"name":"22&#8243; Omnivore Stainless Front Panel Tabletop Griddle"}]},{"@type":"WebSite","@id":"https:\/\/blackstonegriddles.ca\/#website","url":"https:\/\/blackstonegriddles.ca\/","name":"Grils Blackstone Canada","description":"Blackstone Griddles distributeur officiel agr\u00e9\u00e9 Canada","publisher":{"@id":"https:\/\/blackstonegriddles.ca\/#organization"},"potentialAction":[{"@type":"SearchAction","target":{"@type":"EntryPoint","urlTemplate":"https:\/\/blackstonegriddles.ca\/?s={search_term_string}"},"query-input":{"@type":"PropertyValueSpecification","valueRequired":true,"valueName":"search_term_string"}}],"inLanguage":"fr-CA"},{"@type":"Organization","@id":"https:\/\/blackstonegriddles.ca\/#organization","name":"Grils Blackstone Canada","url":"https:\/\/blackstonegriddles.ca\/","logo":{"@type":"ImageObject","inLanguage":"fr-CA","@id":"https:\/\/blackstonegriddles.ca\/#\/schema\/logo\/image\/","url":"https:\/\/blackstonegriddles.ca\/wp-content\/uploads\/2025\/02\/blackstone-fire-logo.webp","contentUrl":"https:\/\/blackstonegriddles.ca\/wp-content\/uploads\/2025\/02\/blackstone-fire-logo.webp","width":53,"height":58,"caption":"Blackstone Griddles Canada"},"image":{"@id":"https:\/\/blackstonegriddles.ca\/#\/schema\/logo\/image\/"},"sameAs":["https:\/\/www.facebook.com\/blackstoneproducts\/","https:\/\/x.com\/weareblackstone","https:\/\/www.instagram.com\/blackstoneproducts\/","https:\/\/www.youtube.com\/channel\/UCr39rimir8y3p-q1iQYidVA"]}]}},"_links":{"self":[{"href":"https:\/\/blackstonegriddles.ca\/fr\/wp-json\/wp\/v2\/product\/40749","targetHints":{"allow":["GET"]}}],"collection":[{"href":"https:\/\/blackstonegriddles.ca\/fr\/wp-json\/wp\/v2\/product"}],"about":[{"href":"https:\/\/blackstonegriddles.ca\/fr\/wp-json\/wp\/v2\/types\/product"}],"wp:featuredmedia":[{"embeddable":true,"href":"https:\/\/blackstonegriddles.ca\/fr\/wp-json\/wp\/v2\/media\/40756"}],"wp:attachment":[{"href":"https:\/\/blackstonegriddles.ca\/fr\/wp-json\/wp\/v2\/media?parent=40749"}],"wp:term":[{"taxonomy":"product_brand","embeddable":true,"href":"https:\/\/blackstonegriddles.ca\/fr\/wp-json\/wp\/v2\/product_brand?post=40749"},{"taxonomy":"product_cat","embeddable":true,"href":"https:\/\/blackstonegriddles.ca\/fr\/wp-json\/wp\/v2\/product_cat?post=40749"},{"taxonomy":"product_tag","embeddable":true,"href":"https:\/\/blackstonegriddles.ca\/fr\/wp-json\/wp\/v2\/product_tag?post=40749"}],"curies":[{"name":"wp","href":"https:\/\/api.w.org\/{rel}","templated":true}]}}