{"id":42048,"date":"2024-07-12T14:33:57","date_gmt":"2024-07-12T14:33:57","guid":{"rendered":"https:\/\/blackstonegriddles.ca\/?post_type=product&#038;p=42048"},"modified":"2026-04-10T18:00:27","modified_gmt":"2026-04-10T18:00:27","slug":"combo-friteuse-de-pizzas","status":"publish","type":"product","link":"https:\/\/blackstonegriddles.ca\/fr\/product\/pizza-air-fryer-combo\/","title":{"rendered":"Combo Pizza \/ Friteuse \u00e0 air"},"content":{"rendered":"<ul class=\"sc-hcupDf iBooxU pf-47_ acumin\" data-pf-type=\"MetafieldValue\">\n<li class=\"sc-xiLah hUMvDY metafield-list.single_line_text_field\">Four \u00e0 pizza \u00e9lectrique 120V et friteuse combin\u00e9e<\/li>\n<li class=\"sc-xiLah hUMvDY metafield-list.single_line_text_field\">Plaque \u00e0 pizza rotative de 14\" en acier<\/li>\n<li class=\"sc-xiLah hUMvDY metafield-list.single_line_text_field\">Plateau de cuisson pouvant servir de panier pour la friteuse \u00e0 air puls\u00e9<\/li>\n<li class=\"sc-xiLah hUMvDY metafield-list.single_line_text_field\">Commandes de l'\u00e9cran tactile du panneau avant<\/li>\n<li class=\"sc-xiLah hUMvDY metafield-list.single_line_text_field\">Pour l'int\u00e9rieur et l'ext\u00e9rieur<\/li>\n<li class=\"sc-xiLah hUMvDY metafield-list.single_line_text_field\">Longueur du cordon de 5 pieds<\/li>\n<\/ul>","protected":false},"excerpt":{"rendered":"<p>Faites entrer la f\u00eate de la pizza \u00e0 l'int\u00e9rieur avec le four \u00e0 pizza et la friteuse \u00e0 air de la s\u00e9rie E de Blackstone. Aliment\u00e9 par l'\u00e9lectricit\u00e9 et con\u00e7u avec la polyvalence embl\u00e9matique de la marque Blackstone, vous ne serez limit\u00e9 que par votre imagination. Avec une plaque \u00e0 pizza rotative en acier de 14\" et un plateau de cuisson qui peut servir de panier pour la friteuse, vous pouvez cr\u00e9er des pizzas, des frites et bien plus encore avec un seul four. Son design \u00e9l\u00e9gant s'harmonise avec toutes les cuisines et les commandes \u00e0 \u00e9cran tactile se trouvent sur le panneau avant. Affichage de la temp\u00e9rature :  R\u00e9glage de la temp\u00e9rature.  Modes de minuterie :  Pizza fra\u00eeche Pizza congel\u00e9e R\u00e9chauffer Friteuse Inclusions :  Plateau de cuisson circulaire de 14 pouces Plateau de 14 pouces qui, une fois ins\u00e9r\u00e9 dans le plateau de cuisson, sert de panier pour la friteuse \u00e0 air comprim\u00e9 Plateau ramasse-miettes amovible sous le plateau rotatif pour faciliter le nettoyage<\/p>","protected":false},"featured_media":42061,"template":"","meta":[],"product_brand":[],"product_cat":[184,198],"product_tag":[],"class_list":{"0":"post-42048","1":"product","2":"type-product","3":"status-publish","4":"has-post-thumbnail","6":"product_cat-electric-series","7":"product_cat-pizza-series","8":"product_shipping_class-36-griddle","10":"first","11":"instock","12":"featured","13":"taxable","14":"shipping-taxable","15":"purchasable","16":"product-type-simple"},"yoast_head":"<!-- This site is optimized with the Yoast SEO plugin v27.4 - https:\/\/yoast.com\/product\/yoast-seo-wordpress\/ -->\n<title>Pizza \/ Air Fryer Combo - Blackstone Griddles<\/title>\n<meta name=\"description\" content=\"Bring the pizza party indoors with Blackstone\u2019s E-Series Pizza Oven and Air Fryer. Powered by electricity and designed with the iconic versatility of the Blackstone brand you\u2019ll only be limited by your imagination.\" \/>\n<meta name=\"robots\" content=\"index, follow, max-snippet:-1, max-image-preview:large, max-video-preview:-1\" \/>\n<link rel=\"canonical\" href=\"https:\/\/blackstonegriddles.ca\/fr\/produit\/combo-friteuse-de-pizzas\/\" \/>\n<meta property=\"og:locale\" content=\"fr_CA\" \/>\n<meta property=\"og:type\" content=\"article\" \/>\n<meta property=\"og:title\" content=\"Pizza \/ Air Fryer Combo - Blackstone Griddles\" \/>\n<meta property=\"og:description\" content=\"Bring the pizza party indoors with Blackstone\u2019s E-Series Pizza Oven and Air Fryer. Powered by electricity and designed with the iconic versatility of the Blackstone brand you\u2019ll only be limited by your imagination.\" \/>\n<meta property=\"og:url\" content=\"https:\/\/blackstonegriddles.ca\/fr\/produit\/combo-friteuse-de-pizzas\/\" \/>\n<meta property=\"og:site_name\" content=\"Blackstone Griddles\" \/>\n<meta property=\"article:publisher\" content=\"https:\/\/www.facebook.com\/blackstoneproducts\/\" \/>\n<meta property=\"article:modified_time\" content=\"2026-04-10T18:00:27+00:00\" \/>\n<meta property=\"og:image\" content=\"https:\/\/blackstonegriddles.ca\/wp-content\/uploads\/2024\/07\/Pizza-AirFyer33.jpg\" \/>\n\t<meta property=\"og:image:width\" content=\"800\" \/>\n\t<meta property=\"og:image:height\" content=\"500\" \/>\n\t<meta property=\"og:image:type\" content=\"image\/jpeg\" \/>\n<meta name=\"twitter:card\" content=\"summary_large_image\" \/>\n<meta name=\"twitter:site\" content=\"@weareblackstone\" \/>\n<meta name=\"twitter:label1\" content=\"Estimation du temps de lecture\" \/>\n\t<meta name=\"twitter:data1\" content=\"1 minute\" \/>\n<script type=\"application\/ld+json\" class=\"yoast-schema-graph\">{\"@context\":\"https:\\\/\\\/schema.org\",\"@graph\":[{\"@type\":\"WebPage\",\"@id\":\"https:\\\/\\\/blackstonegriddles.ca\\\/product\\\/pizza-air-fryer-combo\\\/\",\"url\":\"https:\\\/\\\/blackstonegriddles.ca\\\/product\\\/pizza-air-fryer-combo\\\/\",\"name\":\"Pizza \\\/ Air Fryer Combo - Blackstone Griddles\",\"isPartOf\":{\"@id\":\"https:\\\/\\\/blackstonegriddles.ca\\\/#website\"},\"primaryImageOfPage\":{\"@id\":\"https:\\\/\\\/blackstonegriddles.ca\\\/product\\\/pizza-air-fryer-combo\\\/#primaryimage\"},\"image\":{\"@id\":\"https:\\\/\\\/blackstonegriddles.ca\\\/product\\\/pizza-air-fryer-combo\\\/#primaryimage\"},\"thumbnailUrl\":\"https:\\\/\\\/blackstonegriddles.ca\\\/wp-content\\\/uploads\\\/2024\\\/07\\\/Pizza-AirFyer33.jpg\",\"datePublished\":\"2024-07-12T14:33:57+00:00\",\"dateModified\":\"2026-04-10T18:00:27+00:00\",\"description\":\"Bring the pizza party indoors with Blackstone\u2019s E-Series Pizza Oven and Air Fryer. Powered by electricity and designed with the iconic versatility of the Blackstone brand you\u2019ll only be limited by your imagination.\",\"breadcrumb\":{\"@id\":\"https:\\\/\\\/blackstonegriddles.ca\\\/product\\\/pizza-air-fryer-combo\\\/#breadcrumb\"},\"inLanguage\":\"fr-CA\",\"potentialAction\":[{\"@type\":\"ReadAction\",\"target\":[\"https:\\\/\\\/blackstonegriddles.ca\\\/product\\\/pizza-air-fryer-combo\\\/\"]}]},{\"@type\":\"ImageObject\",\"inLanguage\":\"fr-CA\",\"@id\":\"https:\\\/\\\/blackstonegriddles.ca\\\/product\\\/pizza-air-fryer-combo\\\/#primaryimage\",\"url\":\"https:\\\/\\\/blackstonegriddles.ca\\\/wp-content\\\/uploads\\\/2024\\\/07\\\/Pizza-AirFyer33.jpg\",\"contentUrl\":\"https:\\\/\\\/blackstonegriddles.ca\\\/wp-content\\\/uploads\\\/2024\\\/07\\\/Pizza-AirFyer33.jpg\",\"width\":800,\"height\":500},{\"@type\":\"BreadcrumbList\",\"@id\":\"https:\\\/\\\/blackstonegriddles.ca\\\/product\\\/pizza-air-fryer-combo\\\/#breadcrumb\",\"itemListElement\":[{\"@type\":\"ListItem\",\"position\":1,\"name\":\"Home\",\"item\":\"https:\\\/\\\/blackstonegriddles.ca\\\/\"},{\"@type\":\"ListItem\",\"position\":2,\"name\":\"Shop\",\"item\":\"https:\\\/\\\/blackstonegriddles.ca\\\/shop\\\/\"},{\"@type\":\"ListItem\",\"position\":3,\"name\":\"Pizza \\\/ Air Fryer Combo\"}]},{\"@type\":\"WebSite\",\"@id\":\"https:\\\/\\\/blackstonegriddles.ca\\\/#website\",\"url\":\"https:\\\/\\\/blackstonegriddles.ca\\\/\",\"name\":\"Blackstone Griddles Canada\",\"description\":\"Blackstone Griddles official licensed dealer Canada\",\"publisher\":{\"@id\":\"https:\\\/\\\/blackstonegriddles.ca\\\/#organization\"},\"potentialAction\":[{\"@type\":\"SearchAction\",\"target\":{\"@type\":\"EntryPoint\",\"urlTemplate\":\"https:\\\/\\\/blackstonegriddles.ca\\\/?s={search_term_string}\"},\"query-input\":{\"@type\":\"PropertyValueSpecification\",\"valueRequired\":true,\"valueName\":\"search_term_string\"}}],\"inLanguage\":\"fr-CA\"},{\"@type\":\"Organization\",\"@id\":\"https:\\\/\\\/blackstonegriddles.ca\\\/#organization\",\"name\":\"Blackstone Griddles Canada\",\"url\":\"https:\\\/\\\/blackstonegriddles.ca\\\/\",\"logo\":{\"@type\":\"ImageObject\",\"inLanguage\":\"fr-CA\",\"@id\":\"https:\\\/\\\/blackstonegriddles.ca\\\/#\\\/schema\\\/logo\\\/image\\\/\",\"url\":\"https:\\\/\\\/blackstonegriddles.ca\\\/wp-content\\\/uploads\\\/2025\\\/02\\\/blackstone-fire-logo.webp\",\"contentUrl\":\"https:\\\/\\\/blackstonegriddles.ca\\\/wp-content\\\/uploads\\\/2025\\\/02\\\/blackstone-fire-logo.webp\",\"width\":53,\"height\":58,\"caption\":\"Blackstone Griddles Canada\"},\"image\":{\"@id\":\"https:\\\/\\\/blackstonegriddles.ca\\\/#\\\/schema\\\/logo\\\/image\\\/\"},\"sameAs\":[\"https:\\\/\\\/www.facebook.com\\\/blackstoneproducts\\\/\",\"https:\\\/\\\/x.com\\\/weareblackstone\",\"https:\\\/\\\/www.instagram.com\\\/blackstoneproducts\\\/\",\"https:\\\/\\\/www.youtube.com\\\/channel\\\/UCr39rimir8y3p-q1iQYidVA\"]}]}<\/script>\n<!-- \/ Yoast SEO plugin. -->","yoast_head_json":{"title":"Combo pizza \/ friteuse - Blackstone Griddles","description":"Faites entrer la f\u00eate de la pizza \u00e0 l'int\u00e9rieur avec le four \u00e0 pizza et la friteuse \u00e0 air de la s\u00e9rie E de Blackstone. Aliment\u00e9 par l'\u00e9lectricit\u00e9 et con\u00e7u avec la polyvalence embl\u00e9matique de la marque Blackstone, vous ne serez limit\u00e9 que par votre imagination.","robots":{"index":"index","follow":"follow","max-snippet":"max-snippet:-1","max-image-preview":"max-image-preview:large","max-video-preview":"max-video-preview:-1"},"canonical":"https:\/\/blackstonegriddles.ca\/fr\/produit\/combo-friteuse-de-pizzas\/","og_locale":"fr_CA","og_type":"article","og_title":"Pizza \/ Air Fryer Combo - Blackstone Griddles","og_description":"Bring the pizza party indoors with Blackstone\u2019s E-Series Pizza Oven and Air Fryer. Powered by electricity and designed with the iconic versatility of the Blackstone brand you\u2019ll only be limited by your imagination.","og_url":"https:\/\/blackstonegriddles.ca\/fr\/produit\/combo-friteuse-de-pizzas\/","og_site_name":"Blackstone Griddles","article_publisher":"https:\/\/www.facebook.com\/blackstoneproducts\/","article_modified_time":"2026-04-10T18:00:27+00:00","og_image":[{"width":800,"height":500,"url":"https:\/\/blackstonegriddles.ca\/wp-content\/uploads\/2024\/07\/Pizza-AirFyer33.jpg","type":"image\/jpeg"}],"twitter_card":"summary_large_image","twitter_site":"@weareblackstone","twitter_misc":{"Estimation du temps de lecture":"1 minute"},"schema":{"@context":"https:\/\/schema.org","@graph":[{"@type":"WebPage","@id":"https:\/\/blackstonegriddles.ca\/product\/pizza-air-fryer-combo\/","url":"https:\/\/blackstonegriddles.ca\/product\/pizza-air-fryer-combo\/","name":"Combo pizza \/ friteuse - Blackstone Griddles","isPartOf":{"@id":"https:\/\/blackstonegriddles.ca\/#website"},"primaryImageOfPage":{"@id":"https:\/\/blackstonegriddles.ca\/product\/pizza-air-fryer-combo\/#primaryimage"},"image":{"@id":"https:\/\/blackstonegriddles.ca\/product\/pizza-air-fryer-combo\/#primaryimage"},"thumbnailUrl":"https:\/\/blackstonegriddles.ca\/wp-content\/uploads\/2024\/07\/Pizza-AirFyer33.jpg","datePublished":"2024-07-12T14:33:57+00:00","dateModified":"2026-04-10T18:00:27+00:00","description":"Faites entrer la f\u00eate de la pizza \u00e0 l'int\u00e9rieur avec le four \u00e0 pizza et la friteuse \u00e0 air de la s\u00e9rie E de Blackstone. Aliment\u00e9 par l'\u00e9lectricit\u00e9 et con\u00e7u avec la polyvalence embl\u00e9matique de la marque Blackstone, vous ne serez limit\u00e9 que par votre imagination.","breadcrumb":{"@id":"https:\/\/blackstonegriddles.ca\/product\/pizza-air-fryer-combo\/#breadcrumb"},"inLanguage":"fr-CA","potentialAction":[{"@type":"ReadAction","target":["https:\/\/blackstonegriddles.ca\/product\/pizza-air-fryer-combo\/"]}]},{"@type":"ImageObject","inLanguage":"fr-CA","@id":"https:\/\/blackstonegriddles.ca\/product\/pizza-air-fryer-combo\/#primaryimage","url":"https:\/\/blackstonegriddles.ca\/wp-content\/uploads\/2024\/07\/Pizza-AirFyer33.jpg","contentUrl":"https:\/\/blackstonegriddles.ca\/wp-content\/uploads\/2024\/07\/Pizza-AirFyer33.jpg","width":800,"height":500},{"@type":"BreadcrumbList","@id":"https:\/\/blackstonegriddles.ca\/product\/pizza-air-fryer-combo\/#breadcrumb","itemListElement":[{"@type":"ListItem","position":1,"name":"Home","item":"https:\/\/blackstonegriddles.ca\/"},{"@type":"ListItem","position":2,"name":"Shop","item":"https:\/\/blackstonegriddles.ca\/shop\/"},{"@type":"ListItem","position":3,"name":"Pizza \/ Air Fryer Combo"}]},{"@type":"WebSite","@id":"https:\/\/blackstonegriddles.ca\/#website","url":"https:\/\/blackstonegriddles.ca\/","name":"Grils Blackstone Canada","description":"Blackstone Griddles distributeur officiel agr\u00e9\u00e9 Canada","publisher":{"@id":"https:\/\/blackstonegriddles.ca\/#organization"},"potentialAction":[{"@type":"SearchAction","target":{"@type":"EntryPoint","urlTemplate":"https:\/\/blackstonegriddles.ca\/?s={search_term_string}"},"query-input":{"@type":"PropertyValueSpecification","valueRequired":true,"valueName":"search_term_string"}}],"inLanguage":"fr-CA"},{"@type":"Organization","@id":"https:\/\/blackstonegriddles.ca\/#organization","name":"Grils Blackstone Canada","url":"https:\/\/blackstonegriddles.ca\/","logo":{"@type":"ImageObject","inLanguage":"fr-CA","@id":"https:\/\/blackstonegriddles.ca\/#\/schema\/logo\/image\/","url":"https:\/\/blackstonegriddles.ca\/wp-content\/uploads\/2025\/02\/blackstone-fire-logo.webp","contentUrl":"https:\/\/blackstonegriddles.ca\/wp-content\/uploads\/2025\/02\/blackstone-fire-logo.webp","width":53,"height":58,"caption":"Blackstone Griddles Canada"},"image":{"@id":"https:\/\/blackstonegriddles.ca\/#\/schema\/logo\/image\/"},"sameAs":["https:\/\/www.facebook.com\/blackstoneproducts\/","https:\/\/x.com\/weareblackstone","https:\/\/www.instagram.com\/blackstoneproducts\/","https:\/\/www.youtube.com\/channel\/UCr39rimir8y3p-q1iQYidVA"]}]}},"_links":{"self":[{"href":"https:\/\/blackstonegriddles.ca\/fr\/wp-json\/wp\/v2\/product\/42048","targetHints":{"allow":["GET"]}}],"collection":[{"href":"https:\/\/blackstonegriddles.ca\/fr\/wp-json\/wp\/v2\/product"}],"about":[{"href":"https:\/\/blackstonegriddles.ca\/fr\/wp-json\/wp\/v2\/types\/product"}],"wp:featuredmedia":[{"embeddable":true,"href":"https:\/\/blackstonegriddles.ca\/fr\/wp-json\/wp\/v2\/media\/42061"}],"wp:attachment":[{"href":"https:\/\/blackstonegriddles.ca\/fr\/wp-json\/wp\/v2\/media?parent=42048"}],"wp:term":[{"taxonomy":"product_brand","embeddable":true,"href":"https:\/\/blackstonegriddles.ca\/fr\/wp-json\/wp\/v2\/product_brand?post=42048"},{"taxonomy":"product_cat","embeddable":true,"href":"https:\/\/blackstonegriddles.ca\/fr\/wp-json\/wp\/v2\/product_cat?post=42048"},{"taxonomy":"product_tag","embeddable":true,"href":"https:\/\/blackstonegriddles.ca\/fr\/wp-json\/wp\/v2\/product_tag?post=42048"}],"curies":[{"name":"wp","href":"https:\/\/api.w.org\/{rel}","templated":true}]}}