{"id":42075,"date":"2024-07-12T15:04:00","date_gmt":"2024-07-12T15:04:00","guid":{"rendered":"https:\/\/blackstonegriddles.ca\/?post_type=product&#038;p=42075"},"modified":"2026-04-24T22:00:47","modified_gmt":"2026-04-24T22:00:47","slug":"kit-daccessoires-de-30-pieces","status":"publish","type":"product","link":"https:\/\/blackstonegriddles.ca\/fr\/product\/30-piece-accessory-kit\/","title":{"rendered":"Kit d'accessoires 30 pi\u00e8ces"},"content":{"rendered":"<ul class=\"sc-hcupDf iBooxU pf-47_ acumin\" data-pf-type=\"MetafieldValue\">\n<li data-section-id=\"bm4pe8\" data-start=\"614\" data-end=\"700\"><strong data-start=\"616\" data-end=\"646\">Kit d'outils complet de 30 pi\u00e8ces<\/strong><br data-start=\"646\" data-end=\"649\" \/>Couvre la cuisine, la pr\u00e9paration, le service et le nettoyage<\/li>\n<li data-section-id=\"1e1w1vv\" data-start=\"702\" data-end=\"1137\"><strong data-start=\"704\" data-end=\"723\">Comprend (Qt\u00e9.)<\/strong>\n<ul data-start=\"728\" data-end=\"1137\">\n<li data-section-id=\"anjlup\" data-start=\"728\" data-end=\"757\">Spatules \u00e0 plaque (Qt\u00e9. 2)<\/li>\n<li data-section-id=\"131k9yt\" data-start=\"760\" data-end=\"790\">Spatule \u00e0 hamburger (Qt\u00e9. 1)<\/li>\n<li data-section-id=\"cm9ajy\" data-start=\"793\" data-end=\"813\">Grattoir (Qt\u00e9 1)<\/li>\n<li data-section-id=\"3e5jm4\" data-start=\"816\" data-end=\"845\">Anneaux \u00e0 \u0153ufs carr\u00e9s (Qt\u00e9. 2)<\/li>\n<li data-section-id=\"1sik9kf\" data-start=\"848\" data-end=\"876\">Rondes anneaux \u00e0 \u0153ufs (Qt\u00e9 2)<\/li>\n<li data-section-id=\"157a56r\" data-start=\"879\" data-end=\"909\">Douilles de godet \u00e0 graisse (Qt\u00e9. 6)<\/li>\n<li data-section-id=\"8ka0iz\" data-start=\"912\" data-end=\"930\">Pince (Qt\u00e9 1)<\/li>\n<li data-section-id=\"e9nl67\" data-start=\"933\" data-end=\"977\">Bouteilles souples \u00e0 bouchon \u00e0 visser de 16 oz (Qt\u00e9 2)<\/li>\n<li data-section-id=\"4hgli9\" data-start=\"980\" data-end=\"1009\">Petits supports \u00e0 tacos (Qt\u00e9 4)<\/li>\n<li data-section-id=\"1v3sntu\" data-start=\"1012\" data-end=\"1036\">Anneau \u00e0 omelette (Qt\u00e9 1)<\/li>\n<li data-section-id=\"e5ih0e\" data-start=\"1039\" data-end=\"1062\">Tampons r\u00e9curants (Qt\u00e9. 6)<\/li>\n<li data-section-id=\"1vtegzk\" data-start=\"1065\" data-end=\"1094\">Manche pour tampon r\u00e9curant (Qt\u00e9. 1)<\/li>\n<li data-section-id=\"vo56nn\" data-start=\"1097\" data-end=\"1137\">Cahier de recettes Plancha essentiel (Quantit\u00e9 1)<\/li>\n<\/ul>\n<\/li>\n<li data-section-id=\"1aouavu\" data-start=\"1139\" data-end=\"1234\"><strong data-start=\"1141\" data-end=\"1168\">Outils de cuisine polyvalents<\/strong><br data-start=\"1168\" data-end=\"1171\" \/>Convient \u00e0 une large gamme de repas, du petit-d\u00e9jeuner au d\u00eener<\/li>\n<li data-section-id=\"106443z\" data-start=\"1236\" data-end=\"1321\"><strong data-start=\"1238\" data-end=\"1267\">Support de nettoyage efficace<\/strong><br data-start=\"1267\" data-end=\"1270\" \/>Comprend un grattoir, des tampons r\u00e9curants et des doublures anti-graisse<\/li>\n<li data-section-id=\"c7vtkx\" data-start=\"1323\" data-end=\"1416\"><strong data-start=\"1325\" data-end=\"1351\">Tout-en-un pratique<\/strong><br data-start=\"1351\" data-end=\"1354\" \/>Id\u00e9al pour les nouveaux utilisateurs ou comme mise \u00e0 niveau compl\u00e8te de votre configuration<\/li>\n<\/ul>","protected":false},"excerpt":{"rendered":"<p data-start=\"154\" data-end=\"401\">Am\u00e9liorez votre installation de plancha avec la trousse d'accessoires Blackstone de 30 pi\u00e8ces. Con\u00e7u pour la polyvalence et la commodit\u00e9, ce kit rassemble un m\u00e9lange d'outils essentiels, d'articles pr\u00e9f\u00e9r\u00e9s des clients et d'accessoires uniques pour soutenir chaque \u00e9tape de la cuisson.<\/p>\n<p data-start=\"403\" data-end=\"586\">Que vous pr\u00e9pariez le petit-d\u00e9jeuner, le d\u00e9jeuner ou le d\u00eener, ce kit tout-en-un vous aide \u00e0 cuisiner, \u00e0 servir et \u00e0 nettoyer facilement, ce qui en fait un excellent ajout pour les cuisiniers d\u00e9butants et exp\u00e9riment\u00e9s.<\/p>","protected":false},"featured_media":42087,"template":"","meta":[],"product_brand":[],"product_cat":[138,262],"product_tag":[],"class_list":{"0":"post-42075","1":"product","2":"type-product","3":"status-publish","4":"has-post-thumbnail","6":"product_cat-accessories","7":"product_cat-tool-kits","8":"product_shipping_class-accessories","10":"first","11":"instock","12":"taxable","13":"shipping-taxable","14":"purchasable","15":"product-type-simple"},"yoast_head":"<!-- This site is optimized with the Yoast SEO plugin v27.4 - https:\/\/yoast.com\/product\/yoast-seo-wordpress\/ -->\n<title>30 Piece Accessory Kit - Blackstone Griddles<\/title>\n<meta name=\"robots\" content=\"index, follow, max-snippet:-1, max-image-preview:large, max-video-preview:-1\" \/>\n<link rel=\"canonical\" href=\"https:\/\/blackstonegriddles.ca\/fr\/produit\/kit-daccessoires-de-30-pieces\/\" \/>\n<meta property=\"og:locale\" content=\"fr_CA\" \/>\n<meta property=\"og:type\" content=\"article\" \/>\n<meta property=\"og:title\" content=\"30 Piece Accessory Kit - Blackstone Griddles\" \/>\n<meta property=\"og:description\" content=\"Upgrade your griddle setup with the Blackstone 30-Piece Accessory Toolkit. Designed for versatility and convenience, this kit brings together a mix of essential tools, customer favorites, and unique accessories to support every stage of cooking. Whether you&#039;re preparing breakfast, lunch, or dinner, this all-in-one kit helps you cook, serve, and clean with ease making it a great addition for both new and experienced griddlers.\" \/>\n<meta property=\"og:url\" content=\"https:\/\/blackstonegriddles.ca\/fr\/produit\/kit-daccessoires-de-30-pieces\/\" \/>\n<meta property=\"og:site_name\" content=\"Blackstone Griddles\" \/>\n<meta property=\"article:publisher\" content=\"https:\/\/www.facebook.com\/blackstoneproducts\/\" \/>\n<meta property=\"article:modified_time\" content=\"2026-04-24T22:00:47+00:00\" \/>\n<meta property=\"og:image\" content=\"https:\/\/blackstonegriddles.ca\/wp-content\/uploads\/2024\/07\/30-Piece-Accessory-Kit.jpg\" \/>\n\t<meta property=\"og:image:width\" content=\"768\" \/>\n\t<meta property=\"og:image:height\" content=\"768\" \/>\n\t<meta property=\"og:image:type\" content=\"image\/jpeg\" \/>\n<meta name=\"twitter:card\" content=\"summary_large_image\" \/>\n<meta name=\"twitter:site\" content=\"@weareblackstone\" \/>\n<meta name=\"twitter:label1\" content=\"Estimation du temps de lecture\" \/>\n\t<meta name=\"twitter:data1\" content=\"1 minute\" \/>\n<script type=\"application\/ld+json\" class=\"yoast-schema-graph\">{\"@context\":\"https:\\\/\\\/schema.org\",\"@graph\":[{\"@type\":\"WebPage\",\"@id\":\"https:\\\/\\\/blackstonegriddles.ca\\\/product\\\/30-piece-accessory-kit\\\/\",\"url\":\"https:\\\/\\\/blackstonegriddles.ca\\\/product\\\/30-piece-accessory-kit\\\/\",\"name\":\"30 Piece Accessory Kit - Blackstone Griddles\",\"isPartOf\":{\"@id\":\"https:\\\/\\\/blackstonegriddles.ca\\\/#website\"},\"primaryImageOfPage\":{\"@id\":\"https:\\\/\\\/blackstonegriddles.ca\\\/product\\\/30-piece-accessory-kit\\\/#primaryimage\"},\"image\":{\"@id\":\"https:\\\/\\\/blackstonegriddles.ca\\\/product\\\/30-piece-accessory-kit\\\/#primaryimage\"},\"thumbnailUrl\":\"https:\\\/\\\/blackstonegriddles.ca\\\/wp-content\\\/uploads\\\/2024\\\/07\\\/30-Piece-Accessory-Kit.jpg\",\"datePublished\":\"2024-07-12T15:04:00+00:00\",\"dateModified\":\"2026-04-24T22:00:47+00:00\",\"breadcrumb\":{\"@id\":\"https:\\\/\\\/blackstonegriddles.ca\\\/product\\\/30-piece-accessory-kit\\\/#breadcrumb\"},\"inLanguage\":\"fr-CA\",\"potentialAction\":[{\"@type\":\"ReadAction\",\"target\":[\"https:\\\/\\\/blackstonegriddles.ca\\\/product\\\/30-piece-accessory-kit\\\/\"]}]},{\"@type\":\"ImageObject\",\"inLanguage\":\"fr-CA\",\"@id\":\"https:\\\/\\\/blackstonegriddles.ca\\\/product\\\/30-piece-accessory-kit\\\/#primaryimage\",\"url\":\"https:\\\/\\\/blackstonegriddles.ca\\\/wp-content\\\/uploads\\\/2024\\\/07\\\/30-Piece-Accessory-Kit.jpg\",\"contentUrl\":\"https:\\\/\\\/blackstonegriddles.ca\\\/wp-content\\\/uploads\\\/2024\\\/07\\\/30-Piece-Accessory-Kit.jpg\",\"width\":768,\"height\":768,\"caption\":\"30 Piece Accessory Kit\"},{\"@type\":\"BreadcrumbList\",\"@id\":\"https:\\\/\\\/blackstonegriddles.ca\\\/product\\\/30-piece-accessory-kit\\\/#breadcrumb\",\"itemListElement\":[{\"@type\":\"ListItem\",\"position\":1,\"name\":\"Home\",\"item\":\"https:\\\/\\\/blackstonegriddles.ca\\\/\"},{\"@type\":\"ListItem\",\"position\":2,\"name\":\"Shop\",\"item\":\"https:\\\/\\\/blackstonegriddles.ca\\\/shop\\\/\"},{\"@type\":\"ListItem\",\"position\":3,\"name\":\"30 Piece Accessory Kit\"}]},{\"@type\":\"WebSite\",\"@id\":\"https:\\\/\\\/blackstonegriddles.ca\\\/#website\",\"url\":\"https:\\\/\\\/blackstonegriddles.ca\\\/\",\"name\":\"Blackstone Griddles Canada\",\"description\":\"Blackstone Griddles official licensed dealer Canada\",\"publisher\":{\"@id\":\"https:\\\/\\\/blackstonegriddles.ca\\\/#organization\"},\"potentialAction\":[{\"@type\":\"SearchAction\",\"target\":{\"@type\":\"EntryPoint\",\"urlTemplate\":\"https:\\\/\\\/blackstonegriddles.ca\\\/?s={search_term_string}\"},\"query-input\":{\"@type\":\"PropertyValueSpecification\",\"valueRequired\":true,\"valueName\":\"search_term_string\"}}],\"inLanguage\":\"fr-CA\"},{\"@type\":\"Organization\",\"@id\":\"https:\\\/\\\/blackstonegriddles.ca\\\/#organization\",\"name\":\"Blackstone Griddles Canada\",\"url\":\"https:\\\/\\\/blackstonegriddles.ca\\\/\",\"logo\":{\"@type\":\"ImageObject\",\"inLanguage\":\"fr-CA\",\"@id\":\"https:\\\/\\\/blackstonegriddles.ca\\\/#\\\/schema\\\/logo\\\/image\\\/\",\"url\":\"https:\\\/\\\/blackstonegriddles.ca\\\/wp-content\\\/uploads\\\/2025\\\/02\\\/blackstone-fire-logo.webp\",\"contentUrl\":\"https:\\\/\\\/blackstonegriddles.ca\\\/wp-content\\\/uploads\\\/2025\\\/02\\\/blackstone-fire-logo.webp\",\"width\":53,\"height\":58,\"caption\":\"Blackstone Griddles Canada\"},\"image\":{\"@id\":\"https:\\\/\\\/blackstonegriddles.ca\\\/#\\\/schema\\\/logo\\\/image\\\/\"},\"sameAs\":[\"https:\\\/\\\/www.facebook.com\\\/blackstoneproducts\\\/\",\"https:\\\/\\\/x.com\\\/weareblackstone\",\"https:\\\/\\\/www.instagram.com\\\/blackstoneproducts\\\/\",\"https:\\\/\\\/www.youtube.com\\\/channel\\\/UCr39rimir8y3p-q1iQYidVA\"]}]}<\/script>\n<!-- \/ Yoast SEO plugin. -->","yoast_head_json":{"title":"Kit d'accessoires 30 pi\u00e8ces - Blackstone Griddles","robots":{"index":"index","follow":"follow","max-snippet":"max-snippet:-1","max-image-preview":"max-image-preview:large","max-video-preview":"max-video-preview:-1"},"canonical":"https:\/\/blackstonegriddles.ca\/fr\/produit\/kit-daccessoires-de-30-pieces\/","og_locale":"fr_CA","og_type":"article","og_title":"30 Piece Accessory Kit - Blackstone Griddles","og_description":"Upgrade your griddle setup with the Blackstone 30-Piece Accessory Toolkit. Designed for versatility and convenience, this kit brings together a mix of essential tools, customer favorites, and unique accessories to support every stage of cooking. Whether you're preparing breakfast, lunch, or dinner, this all-in-one kit helps you cook, serve, and clean with ease making it a great addition for both new and experienced griddlers.","og_url":"https:\/\/blackstonegriddles.ca\/fr\/produit\/kit-daccessoires-de-30-pieces\/","og_site_name":"Blackstone Griddles","article_publisher":"https:\/\/www.facebook.com\/blackstoneproducts\/","article_modified_time":"2026-04-24T22:00:47+00:00","og_image":[{"width":768,"height":768,"url":"https:\/\/blackstonegriddles.ca\/wp-content\/uploads\/2024\/07\/30-Piece-Accessory-Kit.jpg","type":"image\/jpeg"}],"twitter_card":"summary_large_image","twitter_site":"@weareblackstone","twitter_misc":{"Estimation du temps de lecture":"1 minute"},"schema":{"@context":"https:\/\/schema.org","@graph":[{"@type":"WebPage","@id":"https:\/\/blackstonegriddles.ca\/product\/30-piece-accessory-kit\/","url":"https:\/\/blackstonegriddles.ca\/product\/30-piece-accessory-kit\/","name":"Kit d'accessoires 30 pi\u00e8ces - Blackstone Griddles","isPartOf":{"@id":"https:\/\/blackstonegriddles.ca\/#website"},"primaryImageOfPage":{"@id":"https:\/\/blackstonegriddles.ca\/product\/30-piece-accessory-kit\/#primaryimage"},"image":{"@id":"https:\/\/blackstonegriddles.ca\/product\/30-piece-accessory-kit\/#primaryimage"},"thumbnailUrl":"https:\/\/blackstonegriddles.ca\/wp-content\/uploads\/2024\/07\/30-Piece-Accessory-Kit.jpg","datePublished":"2024-07-12T15:04:00+00:00","dateModified":"2026-04-24T22:00:47+00:00","breadcrumb":{"@id":"https:\/\/blackstonegriddles.ca\/product\/30-piece-accessory-kit\/#breadcrumb"},"inLanguage":"fr-CA","potentialAction":[{"@type":"ReadAction","target":["https:\/\/blackstonegriddles.ca\/product\/30-piece-accessory-kit\/"]}]},{"@type":"ImageObject","inLanguage":"fr-CA","@id":"https:\/\/blackstonegriddles.ca\/product\/30-piece-accessory-kit\/#primaryimage","url":"https:\/\/blackstonegriddles.ca\/wp-content\/uploads\/2024\/07\/30-Piece-Accessory-Kit.jpg","contentUrl":"https:\/\/blackstonegriddles.ca\/wp-content\/uploads\/2024\/07\/30-Piece-Accessory-Kit.jpg","width":768,"height":768,"caption":"30 Piece Accessory Kit"},{"@type":"BreadcrumbList","@id":"https:\/\/blackstonegriddles.ca\/product\/30-piece-accessory-kit\/#breadcrumb","itemListElement":[{"@type":"ListItem","position":1,"name":"Home","item":"https:\/\/blackstonegriddles.ca\/"},{"@type":"ListItem","position":2,"name":"Shop","item":"https:\/\/blackstonegriddles.ca\/shop\/"},{"@type":"ListItem","position":3,"name":"30 Piece Accessory Kit"}]},{"@type":"WebSite","@id":"https:\/\/blackstonegriddles.ca\/#website","url":"https:\/\/blackstonegriddles.ca\/","name":"Grils Blackstone Canada","description":"Blackstone Griddles distributeur officiel agr\u00e9\u00e9 Canada","publisher":{"@id":"https:\/\/blackstonegriddles.ca\/#organization"},"potentialAction":[{"@type":"SearchAction","target":{"@type":"EntryPoint","urlTemplate":"https:\/\/blackstonegriddles.ca\/?s={search_term_string}"},"query-input":{"@type":"PropertyValueSpecification","valueRequired":true,"valueName":"search_term_string"}}],"inLanguage":"fr-CA"},{"@type":"Organization","@id":"https:\/\/blackstonegriddles.ca\/#organization","name":"Grils Blackstone Canada","url":"https:\/\/blackstonegriddles.ca\/","logo":{"@type":"ImageObject","inLanguage":"fr-CA","@id":"https:\/\/blackstonegriddles.ca\/#\/schema\/logo\/image\/","url":"https:\/\/blackstonegriddles.ca\/wp-content\/uploads\/2025\/02\/blackstone-fire-logo.webp","contentUrl":"https:\/\/blackstonegriddles.ca\/wp-content\/uploads\/2025\/02\/blackstone-fire-logo.webp","width":53,"height":58,"caption":"Blackstone Griddles Canada"},"image":{"@id":"https:\/\/blackstonegriddles.ca\/#\/schema\/logo\/image\/"},"sameAs":["https:\/\/www.facebook.com\/blackstoneproducts\/","https:\/\/x.com\/weareblackstone","https:\/\/www.instagram.com\/blackstoneproducts\/","https:\/\/www.youtube.com\/channel\/UCr39rimir8y3p-q1iQYidVA"]}]}},"_links":{"self":[{"href":"https:\/\/blackstonegriddles.ca\/fr\/wp-json\/wp\/v2\/product\/42075","targetHints":{"allow":["GET"]}}],"collection":[{"href":"https:\/\/blackstonegriddles.ca\/fr\/wp-json\/wp\/v2\/product"}],"about":[{"href":"https:\/\/blackstonegriddles.ca\/fr\/wp-json\/wp\/v2\/types\/product"}],"wp:featuredmedia":[{"embeddable":true,"href":"https:\/\/blackstonegriddles.ca\/fr\/wp-json\/wp\/v2\/media\/42087"}],"wp:attachment":[{"href":"https:\/\/blackstonegriddles.ca\/fr\/wp-json\/wp\/v2\/media?parent=42075"}],"wp:term":[{"taxonomy":"product_brand","embeddable":true,"href":"https:\/\/blackstonegriddles.ca\/fr\/wp-json\/wp\/v2\/product_brand?post=42075"},{"taxonomy":"product_cat","embeddable":true,"href":"https:\/\/blackstonegriddles.ca\/fr\/wp-json\/wp\/v2\/product_cat?post=42075"},{"taxonomy":"product_tag","embeddable":true,"href":"https:\/\/blackstonegriddles.ca\/fr\/wp-json\/wp\/v2\/product_tag?post=42075"}],"curies":[{"name":"wp","href":"https:\/\/api.w.org\/{rel}","templated":true}]}}