{"id":42102,"date":"2024-07-12T15:57:41","date_gmt":"2024-07-12T15:57:41","guid":{"rendered":"https:\/\/blackstonegriddles.ca\/?post_type=product&#038;p=42102"},"modified":"2026-04-06T12:38:20","modified_gmt":"2026-04-06T12:38:20","slug":"pelle-a-griller-en-acier-inoxydable-avec-base-plate","status":"publish","type":"product","link":"https:\/\/blackstonegriddles.ca\/fr\/product\/stainless-steel-griddle-scoop-with-flat-base\/","title":{"rendered":"Pelle \u00e0 grillades en acier inoxydable avec base plate"},"content":{"rendered":"<ul>\n<li><strong>Blackstone Scoop 15\" en acier inoxydable pour gril avec base plate<\/strong><\/li>\n<li>Ramasser de grandes quantit\u00e9s de riz, de l\u00e9gumes, de pommes de terre, etc.<\/li>\n<li>Fabriqu\u00e9 en acier inoxydable pour plus de solidit\u00e9 et de durabilit\u00e9<\/li>\n<li>Fond plat permettant de retourner les aliments<\/li>\n<li>La pelle est con\u00e7ue pour contenir plus d'aliments qu'une spatule<\/li>\n<li>Col arrondi pour une plus grande r\u00e9sistance<\/li>\n<li>Boucle de suspension \u00e0 l'extr\u00e9mit\u00e9 de la poign\u00e9e pour un rangement pratique<\/li>\n<li>Lavable au lave-vaisselle pour un nettoyage rapide<\/li>\n<\/ul>","protected":false},"excerpt":{"rendered":"<p>D\u00e9barrassez votre plaque de cuisson rapidement et passez \u00e0 table plus vite gr\u00e2ce \u00e0 cette pelle pour plaque de cuisson Blackstone. La pelle est fabriqu\u00e9e en acier inoxydable et a \u00e9t\u00e9 con\u00e7ue pour contenir de plus grandes quantit\u00e9s d'aliments qu'une spatule traditionnelle, afin que vous puissiez pr\u00e9parer du riz frit, des l\u00e9gumes, des plats saut\u00e9s, des pommes de terre et bien plus encore en moins de temps. Le col arrondi de la cuill\u00e8re renforce sa r\u00e9sistance et lui permet de supporter une charge plus lourde. Le fond de la cuill\u00e8re est plat, ce qui vous permet de retourner les aliments et de les retirer de la plaque. La poign\u00e9e ergonomique r\u00e9sistante \u00e0 la chaleur permet de tenir plus d'aliments sans compromettre la prise en main ou rendre la charge accrue trop inconfortable pour les mains. Mettez la pelle au lave-vaisselle lorsque vous avez fini de l'utiliser pour un nettoyage plus rapide et accrochez-la \u00e0 des crochets \u00e0 outils gr\u00e2ce \u00e0 la boucle de suspension situ\u00e9e \u00e0 l'extr\u00e9mit\u00e9 du manche pour un rangement pratique.<\/p>","protected":false},"featured_media":42103,"template":"","meta":[],"product_brand":[],"product_cat":[138,265],"product_tag":[],"class_list":{"0":"post-42102","1":"product","2":"type-product","3":"status-publish","4":"has-post-thumbnail","6":"product_cat-accessories","7":"product_cat-essential-extras","8":"product_shipping_class-accessories","10":"first","11":"outofstock","12":"taxable","13":"shipping-taxable","14":"purchasable","15":"product-type-simple"},"yoast_head":"<!-- This site is optimized with the Yoast SEO plugin v27.3 - https:\/\/yoast.com\/product\/yoast-seo-wordpress\/ -->\n<title>Stainless Steel Griddle Scoop with Flat Base - Blackstone Griddles<\/title>\n<meta name=\"description\" content=\"Clear your griddle quickly and get to eating faster with this Blackstone Griddle Scoop.\" \/>\n<meta name=\"robots\" content=\"index, follow, max-snippet:-1, max-image-preview:large, max-video-preview:-1\" \/>\n<link rel=\"canonical\" href=\"https:\/\/blackstonegriddles.ca\/fr\/produit\/pelle-a-griller-en-acier-inoxydable-avec-base-plate\/\" \/>\n<meta property=\"og:locale\" content=\"fr_CA\" \/>\n<meta property=\"og:type\" content=\"article\" \/>\n<meta property=\"og:title\" content=\"Stainless Steel Griddle Scoop with Flat Base - Blackstone Griddles\" \/>\n<meta property=\"og:description\" content=\"Clear your griddle quickly and get to eating faster with this Blackstone Griddle Scoop.\" \/>\n<meta property=\"og:url\" content=\"https:\/\/blackstonegriddles.ca\/fr\/produit\/pelle-a-griller-en-acier-inoxydable-avec-base-plate\/\" \/>\n<meta property=\"og:site_name\" content=\"Blackstone Griddles\" \/>\n<meta property=\"article:publisher\" content=\"https:\/\/www.facebook.com\/blackstoneproducts\/\" \/>\n<meta property=\"article:modified_time\" content=\"2026-04-06T12:38:20+00:00\" \/>\n<meta property=\"og:image\" content=\"https:\/\/blackstonegriddles.ca\/wp-content\/uploads\/2024\/07\/Stainless-Steel-Griddle-Scoop-with-Flat-Base.jpg\" \/>\n\t<meta property=\"og:image:width\" content=\"800\" \/>\n\t<meta property=\"og:image:height\" content=\"800\" \/>\n\t<meta property=\"og:image:type\" content=\"image\/jpeg\" \/>\n<meta name=\"twitter:card\" content=\"summary_large_image\" \/>\n<meta name=\"twitter:site\" content=\"@weareblackstone\" \/>\n<meta name=\"twitter:label1\" content=\"Estimation du temps de lecture\" \/>\n\t<meta name=\"twitter:data1\" content=\"1 minute\" \/>\n<script type=\"application\/ld+json\" class=\"yoast-schema-graph\">{\"@context\":\"https:\\\/\\\/schema.org\",\"@graph\":[{\"@type\":\"WebPage\",\"@id\":\"https:\\\/\\\/blackstonegriddles.ca\\\/product\\\/stainless-steel-griddle-scoop-with-flat-base\\\/\",\"url\":\"https:\\\/\\\/blackstonegriddles.ca\\\/product\\\/stainless-steel-griddle-scoop-with-flat-base\\\/\",\"name\":\"Stainless Steel Griddle Scoop with Flat Base - Blackstone Griddles\",\"isPartOf\":{\"@id\":\"https:\\\/\\\/blackstonegriddles.ca\\\/#website\"},\"primaryImageOfPage\":{\"@id\":\"https:\\\/\\\/blackstonegriddles.ca\\\/product\\\/stainless-steel-griddle-scoop-with-flat-base\\\/#primaryimage\"},\"image\":{\"@id\":\"https:\\\/\\\/blackstonegriddles.ca\\\/product\\\/stainless-steel-griddle-scoop-with-flat-base\\\/#primaryimage\"},\"thumbnailUrl\":\"https:\\\/\\\/blackstonegriddles.ca\\\/wp-content\\\/uploads\\\/2024\\\/07\\\/Stainless-Steel-Griddle-Scoop-with-Flat-Base.jpg\",\"datePublished\":\"2024-07-12T15:57:41+00:00\",\"dateModified\":\"2026-04-06T12:38:20+00:00\",\"description\":\"Clear your griddle quickly and get to eating faster with this Blackstone Griddle Scoop.\",\"breadcrumb\":{\"@id\":\"https:\\\/\\\/blackstonegriddles.ca\\\/product\\\/stainless-steel-griddle-scoop-with-flat-base\\\/#breadcrumb\"},\"inLanguage\":\"fr-CA\",\"potentialAction\":[{\"@type\":\"ReadAction\",\"target\":[\"https:\\\/\\\/blackstonegriddles.ca\\\/product\\\/stainless-steel-griddle-scoop-with-flat-base\\\/\"]}]},{\"@type\":\"ImageObject\",\"inLanguage\":\"fr-CA\",\"@id\":\"https:\\\/\\\/blackstonegriddles.ca\\\/product\\\/stainless-steel-griddle-scoop-with-flat-base\\\/#primaryimage\",\"url\":\"https:\\\/\\\/blackstonegriddles.ca\\\/wp-content\\\/uploads\\\/2024\\\/07\\\/Stainless-Steel-Griddle-Scoop-with-Flat-Base.jpg\",\"contentUrl\":\"https:\\\/\\\/blackstonegriddles.ca\\\/wp-content\\\/uploads\\\/2024\\\/07\\\/Stainless-Steel-Griddle-Scoop-with-Flat-Base.jpg\",\"width\":800,\"height\":800,\"caption\":\"Stainless Steel Griddle Scoop with Flat Base\"},{\"@type\":\"BreadcrumbList\",\"@id\":\"https:\\\/\\\/blackstonegriddles.ca\\\/product\\\/stainless-steel-griddle-scoop-with-flat-base\\\/#breadcrumb\",\"itemListElement\":[{\"@type\":\"ListItem\",\"position\":1,\"name\":\"Home\",\"item\":\"https:\\\/\\\/blackstonegriddles.ca\\\/\"},{\"@type\":\"ListItem\",\"position\":2,\"name\":\"Shop\",\"item\":\"https:\\\/\\\/blackstonegriddles.ca\\\/shop\\\/\"},{\"@type\":\"ListItem\",\"position\":3,\"name\":\"Stainless Steel Griddle Scoop with Flat Base\"}]},{\"@type\":\"WebSite\",\"@id\":\"https:\\\/\\\/blackstonegriddles.ca\\\/#website\",\"url\":\"https:\\\/\\\/blackstonegriddles.ca\\\/\",\"name\":\"Blackstone Griddles Canada\",\"description\":\"Blackstone Griddles official licensed dealer Canada\",\"publisher\":{\"@id\":\"https:\\\/\\\/blackstonegriddles.ca\\\/#organization\"},\"potentialAction\":[{\"@type\":\"SearchAction\",\"target\":{\"@type\":\"EntryPoint\",\"urlTemplate\":\"https:\\\/\\\/blackstonegriddles.ca\\\/?s={search_term_string}\"},\"query-input\":{\"@type\":\"PropertyValueSpecification\",\"valueRequired\":true,\"valueName\":\"search_term_string\"}}],\"inLanguage\":\"fr-CA\"},{\"@type\":\"Organization\",\"@id\":\"https:\\\/\\\/blackstonegriddles.ca\\\/#organization\",\"name\":\"Blackstone Griddles Canada\",\"url\":\"https:\\\/\\\/blackstonegriddles.ca\\\/\",\"logo\":{\"@type\":\"ImageObject\",\"inLanguage\":\"fr-CA\",\"@id\":\"https:\\\/\\\/blackstonegriddles.ca\\\/#\\\/schema\\\/logo\\\/image\\\/\",\"url\":\"https:\\\/\\\/blackstonegriddles.ca\\\/wp-content\\\/uploads\\\/2025\\\/02\\\/blackstone-fire-logo.webp\",\"contentUrl\":\"https:\\\/\\\/blackstonegriddles.ca\\\/wp-content\\\/uploads\\\/2025\\\/02\\\/blackstone-fire-logo.webp\",\"width\":53,\"height\":58,\"caption\":\"Blackstone Griddles Canada\"},\"image\":{\"@id\":\"https:\\\/\\\/blackstonegriddles.ca\\\/#\\\/schema\\\/logo\\\/image\\\/\"},\"sameAs\":[\"https:\\\/\\\/www.facebook.com\\\/blackstoneproducts\\\/\",\"https:\\\/\\\/x.com\\\/weareblackstone\",\"https:\\\/\\\/www.instagram.com\\\/blackstoneproducts\\\/\",\"https:\\\/\\\/www.youtube.com\\\/channel\\\/UCr39rimir8y3p-q1iQYidVA\"]}]}<\/script>\n<!-- \/ Yoast SEO plugin. -->","yoast_head_json":{"title":"Pelle \u00e0 gril en acier inoxydable avec base plate - Blackstone Griddles","description":"D\u00e9gagez rapidement votre plaque de cuisson et passez plus vite \u00e0 table gr\u00e2ce \u00e0 cette pelle pour plaque de cuisson Blackstone.","robots":{"index":"index","follow":"follow","max-snippet":"max-snippet:-1","max-image-preview":"max-image-preview:large","max-video-preview":"max-video-preview:-1"},"canonical":"https:\/\/blackstonegriddles.ca\/fr\/produit\/pelle-a-griller-en-acier-inoxydable-avec-base-plate\/","og_locale":"fr_CA","og_type":"article","og_title":"Stainless Steel Griddle Scoop with Flat Base - Blackstone Griddles","og_description":"Clear your griddle quickly and get to eating faster with this Blackstone Griddle Scoop.","og_url":"https:\/\/blackstonegriddles.ca\/fr\/produit\/pelle-a-griller-en-acier-inoxydable-avec-base-plate\/","og_site_name":"Blackstone Griddles","article_publisher":"https:\/\/www.facebook.com\/blackstoneproducts\/","article_modified_time":"2026-04-06T12:38:20+00:00","og_image":[{"width":800,"height":800,"url":"https:\/\/blackstonegriddles.ca\/wp-content\/uploads\/2024\/07\/Stainless-Steel-Griddle-Scoop-with-Flat-Base.jpg","type":"image\/jpeg"}],"twitter_card":"summary_large_image","twitter_site":"@weareblackstone","twitter_misc":{"Estimation du temps de lecture":"1 minute"},"schema":{"@context":"https:\/\/schema.org","@graph":[{"@type":"WebPage","@id":"https:\/\/blackstonegriddles.ca\/product\/stainless-steel-griddle-scoop-with-flat-base\/","url":"https:\/\/blackstonegriddles.ca\/product\/stainless-steel-griddle-scoop-with-flat-base\/","name":"Pelle \u00e0 gril en acier inoxydable avec base plate - Blackstone Griddles","isPartOf":{"@id":"https:\/\/blackstonegriddles.ca\/#website"},"primaryImageOfPage":{"@id":"https:\/\/blackstonegriddles.ca\/product\/stainless-steel-griddle-scoop-with-flat-base\/#primaryimage"},"image":{"@id":"https:\/\/blackstonegriddles.ca\/product\/stainless-steel-griddle-scoop-with-flat-base\/#primaryimage"},"thumbnailUrl":"https:\/\/blackstonegriddles.ca\/wp-content\/uploads\/2024\/07\/Stainless-Steel-Griddle-Scoop-with-Flat-Base.jpg","datePublished":"2024-07-12T15:57:41+00:00","dateModified":"2026-04-06T12:38:20+00:00","description":"D\u00e9gagez rapidement votre plaque de cuisson et passez plus vite \u00e0 table gr\u00e2ce \u00e0 cette pelle pour plaque de cuisson Blackstone.","breadcrumb":{"@id":"https:\/\/blackstonegriddles.ca\/product\/stainless-steel-griddle-scoop-with-flat-base\/#breadcrumb"},"inLanguage":"fr-CA","potentialAction":[{"@type":"ReadAction","target":["https:\/\/blackstonegriddles.ca\/product\/stainless-steel-griddle-scoop-with-flat-base\/"]}]},{"@type":"ImageObject","inLanguage":"fr-CA","@id":"https:\/\/blackstonegriddles.ca\/product\/stainless-steel-griddle-scoop-with-flat-base\/#primaryimage","url":"https:\/\/blackstonegriddles.ca\/wp-content\/uploads\/2024\/07\/Stainless-Steel-Griddle-Scoop-with-Flat-Base.jpg","contentUrl":"https:\/\/blackstonegriddles.ca\/wp-content\/uploads\/2024\/07\/Stainless-Steel-Griddle-Scoop-with-Flat-Base.jpg","width":800,"height":800,"caption":"Stainless Steel Griddle Scoop with Flat Base"},{"@type":"BreadcrumbList","@id":"https:\/\/blackstonegriddles.ca\/product\/stainless-steel-griddle-scoop-with-flat-base\/#breadcrumb","itemListElement":[{"@type":"ListItem","position":1,"name":"Home","item":"https:\/\/blackstonegriddles.ca\/"},{"@type":"ListItem","position":2,"name":"Shop","item":"https:\/\/blackstonegriddles.ca\/shop\/"},{"@type":"ListItem","position":3,"name":"Stainless Steel Griddle Scoop with Flat Base"}]},{"@type":"WebSite","@id":"https:\/\/blackstonegriddles.ca\/#website","url":"https:\/\/blackstonegriddles.ca\/","name":"Grils Blackstone Canada","description":"Blackstone Griddles distributeur officiel agr\u00e9\u00e9 Canada","publisher":{"@id":"https:\/\/blackstonegriddles.ca\/#organization"},"potentialAction":[{"@type":"SearchAction","target":{"@type":"EntryPoint","urlTemplate":"https:\/\/blackstonegriddles.ca\/?s={search_term_string}"},"query-input":{"@type":"PropertyValueSpecification","valueRequired":true,"valueName":"search_term_string"}}],"inLanguage":"fr-CA"},{"@type":"Organization","@id":"https:\/\/blackstonegriddles.ca\/#organization","name":"Grils Blackstone Canada","url":"https:\/\/blackstonegriddles.ca\/","logo":{"@type":"ImageObject","inLanguage":"fr-CA","@id":"https:\/\/blackstonegriddles.ca\/#\/schema\/logo\/image\/","url":"https:\/\/blackstonegriddles.ca\/wp-content\/uploads\/2025\/02\/blackstone-fire-logo.webp","contentUrl":"https:\/\/blackstonegriddles.ca\/wp-content\/uploads\/2025\/02\/blackstone-fire-logo.webp","width":53,"height":58,"caption":"Blackstone Griddles Canada"},"image":{"@id":"https:\/\/blackstonegriddles.ca\/#\/schema\/logo\/image\/"},"sameAs":["https:\/\/www.facebook.com\/blackstoneproducts\/","https:\/\/x.com\/weareblackstone","https:\/\/www.instagram.com\/blackstoneproducts\/","https:\/\/www.youtube.com\/channel\/UCr39rimir8y3p-q1iQYidVA"]}]}},"_links":{"self":[{"href":"https:\/\/blackstonegriddles.ca\/fr\/wp-json\/wp\/v2\/product\/42102","targetHints":{"allow":["GET"]}}],"collection":[{"href":"https:\/\/blackstonegriddles.ca\/fr\/wp-json\/wp\/v2\/product"}],"about":[{"href":"https:\/\/blackstonegriddles.ca\/fr\/wp-json\/wp\/v2\/types\/product"}],"wp:featuredmedia":[{"embeddable":true,"href":"https:\/\/blackstonegriddles.ca\/fr\/wp-json\/wp\/v2\/media\/42103"}],"wp:attachment":[{"href":"https:\/\/blackstonegriddles.ca\/fr\/wp-json\/wp\/v2\/media?parent=42102"}],"wp:term":[{"taxonomy":"product_brand","embeddable":true,"href":"https:\/\/blackstonegriddles.ca\/fr\/wp-json\/wp\/v2\/product_brand?post=42102"},{"taxonomy":"product_cat","embeddable":true,"href":"https:\/\/blackstonegriddles.ca\/fr\/wp-json\/wp\/v2\/product_cat?post=42102"},{"taxonomy":"product_tag","embeddable":true,"href":"https:\/\/blackstonegriddles.ca\/fr\/wp-json\/wp\/v2\/product_tag?post=42102"}],"curies":[{"name":"wp","href":"https:\/\/api.w.org\/{rel}","templated":true}]}}