{"id":42467,"date":"2024-07-23T20:40:40","date_gmt":"2024-07-23T20:40:40","guid":{"rendered":"https:\/\/blackstonegriddles.ca\/?post_type=product&#038;p=42467"},"modified":"2026-04-08T19:30:35","modified_gmt":"2026-04-08T19:30:35","slug":"gril-a-pellets-900","status":"publish","type":"product","link":"https:\/\/blackstonegriddles.ca\/fr\/product\/900-pellet-grill\/","title":{"rendered":"Gril \u00e0 pellets 900"},"content":{"rendered":"<ul class=\"title-block_features__oR3xh\" data-testid=\"product-features\">\n<li>884 m\u00b2 d'espace de cuisson<\/li>\n<li>Plage de temp\u00e9rature de 180\u00b0 F \u00e0 500\u00b0 F<\/li>\n<li>Capacit\u00e9 de connexion Wi-Fi et Bluetooth<\/li>\n<li>Tablette avant rabattable<\/li>\n<li>Tr\u00e9mie de 20 livres avec fen\u00eatre de remplissage facile \u00e0 voir<\/li>\n<li>L'\u00e9tag\u00e8re sup\u00e9rieure \u00e0 l'int\u00e9rieur du tonneau vous permet de modifier l'espace de cuisson en fonction de vos besoins.<\/li>\n<li>Capot enroulable pour un acc\u00e8s plus facile \u00e0 l'espace de cuisson<\/li>\n<li>Comprend 2 sondes \u00e0 viande et supporte jusqu'\u00e0 4 sondes \u00e0 viande.<\/li>\n<li>4 roues pour un d\u00e9placement ais\u00e9<\/li>\n<\/ul>","protected":false},"excerpt":{"rendered":"<p>Infusez de la saveur dans chaque repas avec le Blackstone 900 Pellet Grill. Le 900 Pellet Grill est \u00e9quip\u00e9 d'une connexion Wi-Fi et Bluetooth ainsi que d'un panneau de contr\u00f4le LED \u00e0 \u00e9cran tactile, vous permettant de r\u00e9gler m\u00eame vos cuissons les plus longues. Cette b\u00eate de gril \u00e0 pellets a \u00e9t\u00e9 con\u00e7ue pour des performances optimales avec un espace de cuisson de 884 sq. In. Il est dot\u00e9 d'un espace de cuisson de 884 pouces carr\u00e9s, d'une \u00e9tag\u00e8re sup\u00e9rieure amovible \u00e0 l'int\u00e9rieur du baril et d'une solide \u00e9tag\u00e8re avant rabattable. La tr\u00e9mie de 20 lb est dot\u00e9e d'une fen\u00eatre de remplissage facile \u00e0 voir pour que le gril \u00e0 granul\u00e9s soit toujours aliment\u00e9 et pr\u00eat \u00e0 fonctionner. Lancez-vous dans de nouvelles aventures culinaires avec le dernier-n\u00e9 de Blackstone : le 900 Pellet Grill.<\/p>","protected":false},"featured_media":42470,"template":"","meta":[],"product_brand":[],"product_cat":[242,249],"product_tag":[],"class_list":{"0":"post-42467","1":"product","2":"type-product","3":"status-publish","4":"has-post-thumbnail","6":"product_cat-pellet-series","7":"product_cat-sale","8":"product_shipping_class-pellets-select","10":"first","11":"instock","12":"taxable","13":"shipping-taxable","14":"purchasable","15":"product-type-simple"},"yoast_head":"<!-- This site is optimized with the Yoast SEO plugin v27.3 - https:\/\/yoast.com\/product\/yoast-seo-wordpress\/ -->\n<title>900 Pellet Grill - Blackstone Griddles<\/title>\n<meta name=\"robots\" content=\"index, follow, max-snippet:-1, max-image-preview:large, max-video-preview:-1\" \/>\n<link rel=\"canonical\" href=\"https:\/\/blackstonegriddles.ca\/fr\/produit\/gril-a-pellets-900\/\" \/>\n<meta property=\"og:locale\" content=\"fr_CA\" \/>\n<meta property=\"og:type\" content=\"article\" \/>\n<meta property=\"og:title\" content=\"900 Pellet Grill - Blackstone Griddles\" \/>\n<meta property=\"og:description\" content=\"Infuse flavor into every meal with the Blackstone 900 Pellet Grill. The 900 Pellet Grill is equipped with Wi-Fi and Bluetooth connect ability along with a touchscreen LED control panel, allowing you to regulate even your longest cooks. This beast of a pellet grill has been designed for peak performance with 884 sq. In. Of cooking space, a stowable top shelf within the barrel, and a sturdy folding front shelf. The 20 lb. Hopper features an easy to see fill window so you can keep the pellet grill fueled and ready to go. Embark on new culinary adventures with Blackstone\u2019s newest addition: the 900 Pellet Grill.\" \/>\n<meta property=\"og:url\" content=\"https:\/\/blackstonegriddles.ca\/fr\/produit\/gril-a-pellets-900\/\" \/>\n<meta property=\"og:site_name\" content=\"Blackstone Griddles\" \/>\n<meta property=\"article:publisher\" content=\"https:\/\/www.facebook.com\/blackstoneproducts\/\" \/>\n<meta property=\"article:modified_time\" content=\"2026-04-08T19:30:35+00:00\" \/>\n<meta property=\"og:image\" content=\"https:\/\/blackstonegriddles.ca\/wp-content\/uploads\/2024\/07\/2191-850-sq-in-Pellet-Grill.2790.jpg\" \/>\n\t<meta property=\"og:image:width\" content=\"800\" \/>\n\t<meta property=\"og:image:height\" content=\"800\" \/>\n\t<meta property=\"og:image:type\" content=\"image\/jpeg\" \/>\n<meta name=\"twitter:card\" content=\"summary_large_image\" \/>\n<meta name=\"twitter:site\" content=\"@weareblackstone\" \/>\n<meta name=\"twitter:label1\" content=\"Estimation du temps de lecture\" \/>\n\t<meta name=\"twitter:data1\" content=\"1 minute\" \/>\n<script type=\"application\/ld+json\" class=\"yoast-schema-graph\">{\"@context\":\"https:\\\/\\\/schema.org\",\"@graph\":[{\"@type\":\"WebPage\",\"@id\":\"https:\\\/\\\/blackstonegriddles.ca\\\/product\\\/900-pellet-grill\\\/\",\"url\":\"https:\\\/\\\/blackstonegriddles.ca\\\/product\\\/900-pellet-grill\\\/\",\"name\":\"900 Pellet Grill - Blackstone Griddles\",\"isPartOf\":{\"@id\":\"https:\\\/\\\/blackstonegriddles.ca\\\/#website\"},\"primaryImageOfPage\":{\"@id\":\"https:\\\/\\\/blackstonegriddles.ca\\\/product\\\/900-pellet-grill\\\/#primaryimage\"},\"image\":{\"@id\":\"https:\\\/\\\/blackstonegriddles.ca\\\/product\\\/900-pellet-grill\\\/#primaryimage\"},\"thumbnailUrl\":\"https:\\\/\\\/blackstonegriddles.ca\\\/wp-content\\\/uploads\\\/2024\\\/07\\\/2191-850-sq-in-Pellet-Grill.2790.jpg\",\"datePublished\":\"2024-07-23T20:40:40+00:00\",\"dateModified\":\"2026-04-08T19:30:35+00:00\",\"breadcrumb\":{\"@id\":\"https:\\\/\\\/blackstonegriddles.ca\\\/product\\\/900-pellet-grill\\\/#breadcrumb\"},\"inLanguage\":\"fr-CA\",\"potentialAction\":[{\"@type\":\"ReadAction\",\"target\":[\"https:\\\/\\\/blackstonegriddles.ca\\\/product\\\/900-pellet-grill\\\/\"]}]},{\"@type\":\"ImageObject\",\"inLanguage\":\"fr-CA\",\"@id\":\"https:\\\/\\\/blackstonegriddles.ca\\\/product\\\/900-pellet-grill\\\/#primaryimage\",\"url\":\"https:\\\/\\\/blackstonegriddles.ca\\\/wp-content\\\/uploads\\\/2024\\\/07\\\/2191-850-sq-in-Pellet-Grill.2790.jpg\",\"contentUrl\":\"https:\\\/\\\/blackstonegriddles.ca\\\/wp-content\\\/uploads\\\/2024\\\/07\\\/2191-850-sq-in-Pellet-Grill.2790.jpg\",\"width\":800,\"height\":800,\"caption\":\"900 Pellet Grill\"},{\"@type\":\"BreadcrumbList\",\"@id\":\"https:\\\/\\\/blackstonegriddles.ca\\\/product\\\/900-pellet-grill\\\/#breadcrumb\",\"itemListElement\":[{\"@type\":\"ListItem\",\"position\":1,\"name\":\"Home\",\"item\":\"https:\\\/\\\/blackstonegriddles.ca\\\/\"},{\"@type\":\"ListItem\",\"position\":2,\"name\":\"Shop\",\"item\":\"https:\\\/\\\/blackstonegriddles.ca\\\/shop\\\/\"},{\"@type\":\"ListItem\",\"position\":3,\"name\":\"900 Pellet Grill\"}]},{\"@type\":\"WebSite\",\"@id\":\"https:\\\/\\\/blackstonegriddles.ca\\\/#website\",\"url\":\"https:\\\/\\\/blackstonegriddles.ca\\\/\",\"name\":\"Blackstone Griddles Canada\",\"description\":\"Blackstone Griddles official licensed dealer Canada\",\"publisher\":{\"@id\":\"https:\\\/\\\/blackstonegriddles.ca\\\/#organization\"},\"potentialAction\":[{\"@type\":\"SearchAction\",\"target\":{\"@type\":\"EntryPoint\",\"urlTemplate\":\"https:\\\/\\\/blackstonegriddles.ca\\\/?s={search_term_string}\"},\"query-input\":{\"@type\":\"PropertyValueSpecification\",\"valueRequired\":true,\"valueName\":\"search_term_string\"}}],\"inLanguage\":\"fr-CA\"},{\"@type\":\"Organization\",\"@id\":\"https:\\\/\\\/blackstonegriddles.ca\\\/#organization\",\"name\":\"Blackstone Griddles Canada\",\"url\":\"https:\\\/\\\/blackstonegriddles.ca\\\/\",\"logo\":{\"@type\":\"ImageObject\",\"inLanguage\":\"fr-CA\",\"@id\":\"https:\\\/\\\/blackstonegriddles.ca\\\/#\\\/schema\\\/logo\\\/image\\\/\",\"url\":\"https:\\\/\\\/blackstonegriddles.ca\\\/wp-content\\\/uploads\\\/2025\\\/02\\\/blackstone-fire-logo.webp\",\"contentUrl\":\"https:\\\/\\\/blackstonegriddles.ca\\\/wp-content\\\/uploads\\\/2025\\\/02\\\/blackstone-fire-logo.webp\",\"width\":53,\"height\":58,\"caption\":\"Blackstone Griddles Canada\"},\"image\":{\"@id\":\"https:\\\/\\\/blackstonegriddles.ca\\\/#\\\/schema\\\/logo\\\/image\\\/\"},\"sameAs\":[\"https:\\\/\\\/www.facebook.com\\\/blackstoneproducts\\\/\",\"https:\\\/\\\/x.com\\\/weareblackstone\",\"https:\\\/\\\/www.instagram.com\\\/blackstoneproducts\\\/\",\"https:\\\/\\\/www.youtube.com\\\/channel\\\/UCr39rimir8y3p-q1iQYidVA\"]}]}<\/script>\n<!-- \/ Yoast SEO plugin. -->","yoast_head_json":{"title":"Gril \u00e0 granul\u00e9s 900 - Blackstone Griddles","robots":{"index":"index","follow":"follow","max-snippet":"max-snippet:-1","max-image-preview":"max-image-preview:large","max-video-preview":"max-video-preview:-1"},"canonical":"https:\/\/blackstonegriddles.ca\/fr\/produit\/gril-a-pellets-900\/","og_locale":"fr_CA","og_type":"article","og_title":"900 Pellet Grill - Blackstone Griddles","og_description":"Infuse flavor into every meal with the Blackstone 900 Pellet Grill. The 900 Pellet Grill is equipped with Wi-Fi and Bluetooth connect ability along with a touchscreen LED control panel, allowing you to regulate even your longest cooks. This beast of a pellet grill has been designed for peak performance with 884 sq. In. Of cooking space, a stowable top shelf within the barrel, and a sturdy folding front shelf. The 20 lb. Hopper features an easy to see fill window so you can keep the pellet grill fueled and ready to go. Embark on new culinary adventures with Blackstone\u2019s newest addition: the 900 Pellet Grill.","og_url":"https:\/\/blackstonegriddles.ca\/fr\/produit\/gril-a-pellets-900\/","og_site_name":"Blackstone Griddles","article_publisher":"https:\/\/www.facebook.com\/blackstoneproducts\/","article_modified_time":"2026-04-08T19:30:35+00:00","og_image":[{"width":800,"height":800,"url":"https:\/\/blackstonegriddles.ca\/wp-content\/uploads\/2024\/07\/2191-850-sq-in-Pellet-Grill.2790.jpg","type":"image\/jpeg"}],"twitter_card":"summary_large_image","twitter_site":"@weareblackstone","twitter_misc":{"Estimation du temps de lecture":"1 minute"},"schema":{"@context":"https:\/\/schema.org","@graph":[{"@type":"WebPage","@id":"https:\/\/blackstonegriddles.ca\/product\/900-pellet-grill\/","url":"https:\/\/blackstonegriddles.ca\/product\/900-pellet-grill\/","name":"Gril \u00e0 granul\u00e9s 900 - Blackstone Griddles","isPartOf":{"@id":"https:\/\/blackstonegriddles.ca\/#website"},"primaryImageOfPage":{"@id":"https:\/\/blackstonegriddles.ca\/product\/900-pellet-grill\/#primaryimage"},"image":{"@id":"https:\/\/blackstonegriddles.ca\/product\/900-pellet-grill\/#primaryimage"},"thumbnailUrl":"https:\/\/blackstonegriddles.ca\/wp-content\/uploads\/2024\/07\/2191-850-sq-in-Pellet-Grill.2790.jpg","datePublished":"2024-07-23T20:40:40+00:00","dateModified":"2026-04-08T19:30:35+00:00","breadcrumb":{"@id":"https:\/\/blackstonegriddles.ca\/product\/900-pellet-grill\/#breadcrumb"},"inLanguage":"fr-CA","potentialAction":[{"@type":"ReadAction","target":["https:\/\/blackstonegriddles.ca\/product\/900-pellet-grill\/"]}]},{"@type":"ImageObject","inLanguage":"fr-CA","@id":"https:\/\/blackstonegriddles.ca\/product\/900-pellet-grill\/#primaryimage","url":"https:\/\/blackstonegriddles.ca\/wp-content\/uploads\/2024\/07\/2191-850-sq-in-Pellet-Grill.2790.jpg","contentUrl":"https:\/\/blackstonegriddles.ca\/wp-content\/uploads\/2024\/07\/2191-850-sq-in-Pellet-Grill.2790.jpg","width":800,"height":800,"caption":"900 Pellet Grill"},{"@type":"BreadcrumbList","@id":"https:\/\/blackstonegriddles.ca\/product\/900-pellet-grill\/#breadcrumb","itemListElement":[{"@type":"ListItem","position":1,"name":"Home","item":"https:\/\/blackstonegriddles.ca\/"},{"@type":"ListItem","position":2,"name":"Shop","item":"https:\/\/blackstonegriddles.ca\/shop\/"},{"@type":"ListItem","position":3,"name":"900 Pellet Grill"}]},{"@type":"WebSite","@id":"https:\/\/blackstonegriddles.ca\/#website","url":"https:\/\/blackstonegriddles.ca\/","name":"Grils Blackstone Canada","description":"Blackstone Griddles distributeur officiel agr\u00e9\u00e9 Canada","publisher":{"@id":"https:\/\/blackstonegriddles.ca\/#organization"},"potentialAction":[{"@type":"SearchAction","target":{"@type":"EntryPoint","urlTemplate":"https:\/\/blackstonegriddles.ca\/?s={search_term_string}"},"query-input":{"@type":"PropertyValueSpecification","valueRequired":true,"valueName":"search_term_string"}}],"inLanguage":"fr-CA"},{"@type":"Organization","@id":"https:\/\/blackstonegriddles.ca\/#organization","name":"Grils Blackstone Canada","url":"https:\/\/blackstonegriddles.ca\/","logo":{"@type":"ImageObject","inLanguage":"fr-CA","@id":"https:\/\/blackstonegriddles.ca\/#\/schema\/logo\/image\/","url":"https:\/\/blackstonegriddles.ca\/wp-content\/uploads\/2025\/02\/blackstone-fire-logo.webp","contentUrl":"https:\/\/blackstonegriddles.ca\/wp-content\/uploads\/2025\/02\/blackstone-fire-logo.webp","width":53,"height":58,"caption":"Blackstone Griddles Canada"},"image":{"@id":"https:\/\/blackstonegriddles.ca\/#\/schema\/logo\/image\/"},"sameAs":["https:\/\/www.facebook.com\/blackstoneproducts\/","https:\/\/x.com\/weareblackstone","https:\/\/www.instagram.com\/blackstoneproducts\/","https:\/\/www.youtube.com\/channel\/UCr39rimir8y3p-q1iQYidVA"]}]}},"_links":{"self":[{"href":"https:\/\/blackstonegriddles.ca\/fr\/wp-json\/wp\/v2\/product\/42467","targetHints":{"allow":["GET"]}}],"collection":[{"href":"https:\/\/blackstonegriddles.ca\/fr\/wp-json\/wp\/v2\/product"}],"about":[{"href":"https:\/\/blackstonegriddles.ca\/fr\/wp-json\/wp\/v2\/types\/product"}],"wp:featuredmedia":[{"embeddable":true,"href":"https:\/\/blackstonegriddles.ca\/fr\/wp-json\/wp\/v2\/media\/42470"}],"wp:attachment":[{"href":"https:\/\/blackstonegriddles.ca\/fr\/wp-json\/wp\/v2\/media?parent=42467"}],"wp:term":[{"taxonomy":"product_brand","embeddable":true,"href":"https:\/\/blackstonegriddles.ca\/fr\/wp-json\/wp\/v2\/product_brand?post=42467"},{"taxonomy":"product_cat","embeddable":true,"href":"https:\/\/blackstonegriddles.ca\/fr\/wp-json\/wp\/v2\/product_cat?post=42467"},{"taxonomy":"product_tag","embeddable":true,"href":"https:\/\/blackstonegriddles.ca\/fr\/wp-json\/wp\/v2\/product_tag?post=42467"}],"curies":[{"name":"wp","href":"https:\/\/api.w.org\/{rel}","templated":true}]}}