{"id":43345,"date":"2024-08-29T19:56:16","date_gmt":"2024-08-29T19:56:16","guid":{"rendered":"https:\/\/blackstonegriddles.ca\/?post_type=product&#038;p=43345"},"modified":"2026-04-17T19:03:30","modified_gmt":"2026-04-17T19:03:30","slug":"original-44in-5-burner-griddle-cooking-station","status":"publish","type":"product","link":"https:\/\/blackstonegriddles.ca\/fr\/product\/original-44in-5-burner-griddle-cooking-station\/","title":{"rendered":"Original 44in 5 Burner Griddle Cooking Station"},"content":{"rendered":"<ul class=\"title-block_features__oR3xh\" data-testid=\"product-features\">\n<li>Housse rigide : La housse robuste prot\u00e8ge votre plaque de cuisson des intemp\u00e9ries.<\/li>\n<li>49 000 BTU avec cinq zones de chaleur contr\u00f4l\u00e9es ind\u00e9pendamment : Faites cuire vos plats principaux et secondaires simultan\u00e9ment \u00e0 des temp\u00e9ratures diff\u00e9rentes.<\/li>\n<li>Deux tablettes lat\u00e9rales rabattables avec crochets pour tablettes lat\u00e9rales : Espace de pr\u00e9paration suppl\u00e9mentaire gr\u00e2ce \u00e0 un rangement pratique et compact, et acc\u00e8s facile \u00e0 vos ustensiles de cuisine gr\u00e2ce aux crochets des \u00e9tag\u00e8res lat\u00e9rales.<\/li>\n<li>Barre d'outils magn\u00e9tique : Les spatules, grattoirs et autres ustensiles sont toujours \u00e0 port\u00e9e de main.<\/li>\n<li>Allumage \u00e9lectronique par bouton-poussoir : Syst\u00e8me d'allumage pratique et fiable fonctionnant avec une seule pile AA (non fournie).<\/li>\n<li>Syst\u00e8me brevet\u00e9 de gestion des graisses \u00e0 l'arri\u00e8re : Pousse la graisse et les d\u00e9bris alimentaires vers l'arri\u00e8re de la plaque pour faciliter le nettoyage.<\/li>\n<li>Quatre roues pivotantes verrouillables : Elles permettent \u00e0 la plaque de rester en place ou de se d\u00e9placer facilement sur votre terrasse.<\/li>\n<\/ul>","protected":false},"excerpt":{"rendered":"<p>La plaque de gril Blackstone 44\" Omnivore avec couvercle rigide est parfaite pour servir des montagnes de nourriture \u00e0 votre famille ou \u00e0 tout autre \u00e9v\u00e9nement. \u00c9quip\u00e9e de la plaque de gril Omnivore pour une meilleure r\u00e9partition de la chaleur et un meilleur rendement \u00e9nerg\u00e9tique, ainsi que de cinq zones de chaleur contr\u00f4l\u00e9es ind\u00e9pendamment, vous pourrez pr\u00e9parer le petit-d\u00e9jeuner, le d\u00e9jeuner et le d\u00eener pour tout le voisinage. Avec les tablettes lat\u00e9rales rabattables pour un espace de pr\u00e9paration suppl\u00e9mentaire sans sacrifier l'espace de rangement et la barre d'outils magn\u00e9tique pour ranger votre mat\u00e9riel de gril, vous aurez tout ce dont vous avez besoin pour n'importe quel repas. Compl\u00e9tez votre cuisine d'arri\u00e8re-cour avec la plaque de gril Omnivore 44\u2033 avec couvercle rigide ! Les temps de pr\u00e9chauffage et de r\u00e9cup\u00e9ration sont plus rapides, la r\u00e9partition de la chaleur est uniforme, le rendement \u00e9nerg\u00e9tique est plus \u00e9lev\u00e9 avec moins de BTU requis pour des temp\u00e9ratures de cuisson optimales, et les pare-vent int\u00e9gr\u00e9s gardent l'air chaud \u00e0 l'int\u00e9rieur et l'air frais \u00e0 l'ext\u00e9rieur.<\/p>","protected":false},"featured_media":43346,"template":"","meta":[],"product_brand":[],"product_cat":[158,154,249],"product_tag":[],"class_list":{"0":"post-43345","1":"product","2":"type-product","3":"status-publish","4":"has-post-thumbnail","6":"product_cat-158","7":"product_cat-griddles","8":"product_cat-sale","9":"product_shipping_class-44-drop-ins","11":"first","12":"outofstock","13":"taxable","14":"shipping-taxable","15":"purchasable","16":"product-type-simple"},"yoast_head":"<!-- This site is optimized with the Yoast SEO plugin v27.4 - https:\/\/yoast.com\/product\/yoast-seo-wordpress\/ -->\n<title>Original 44in 5 Burner Griddle Cooking Station - Blackstone Griddles<\/title>\n<meta name=\"robots\" content=\"index, follow, max-snippet:-1, max-image-preview:large, max-video-preview:-1\" \/>\n<link rel=\"canonical\" href=\"https:\/\/blackstonegriddles.ca\/fr\/produit\/original-44in-5-burner-griddle-cooking-station\/\" \/>\n<meta property=\"og:locale\" content=\"fr_CA\" \/>\n<meta property=\"og:type\" content=\"article\" \/>\n<meta property=\"og:title\" content=\"Original 44in 5 Burner Griddle Cooking Station - Blackstone Griddles\" \/>\n<meta property=\"og:description\" content=\"The Blackstone 44\u201d Omnivore Griddle with Hard Cover is perfect for serving mountains of food for your family or for any event. Equipped with the Omnivore Griddle Plate for better heat distribution and fuel efficiency and five independently controlled heat zones, you\u2019ll be cooking breakfast, lunch, and dinner for the entire neighborhood. With folding side shelves for extra prep space without sacrificing storage space and the magnetic toolbar for holding your griddle gear, you\u2019ll have everything you need for any meal. Complete your backyard kitchen with the 44&quot; Omnivore Griddle with Hard Cover!Omnivore Griddle Plate Technology: Quicker preheat and recovery times, even heat distribution, higher fuel efficiency with fewer BTUs required for optimal cooking temperatures, and built-in wind guards keep the hot air in and the cool air out.\" \/>\n<meta property=\"og:url\" content=\"https:\/\/blackstonegriddles.ca\/fr\/produit\/original-44in-5-burner-griddle-cooking-station\/\" \/>\n<meta property=\"og:site_name\" content=\"Blackstone Griddles\" \/>\n<meta property=\"article:publisher\" content=\"https:\/\/www.facebook.com\/blackstoneproducts\/\" \/>\n<meta property=\"article:modified_time\" content=\"2026-04-17T19:03:30+00:00\" \/>\n<meta property=\"og:image\" content=\"https:\/\/blackstonegriddles.ca\/wp-content\/uploads\/2024\/08\/Original-44in-5-Burner-Griddle-Cooking-Station.jpeg\" \/>\n\t<meta property=\"og:image:width\" content=\"640\" \/>\n\t<meta property=\"og:image:height\" content=\"495\" \/>\n\t<meta property=\"og:image:type\" content=\"image\/jpeg\" \/>\n<meta name=\"twitter:card\" content=\"summary_large_image\" \/>\n<meta name=\"twitter:site\" content=\"@weareblackstone\" \/>\n<meta name=\"twitter:label1\" content=\"Estimation du temps de lecture\" \/>\n\t<meta name=\"twitter:data1\" content=\"1 minute\" \/>\n<script type=\"application\/ld+json\" class=\"yoast-schema-graph\">{\"@context\":\"https:\\\/\\\/schema.org\",\"@graph\":[{\"@type\":\"WebPage\",\"@id\":\"https:\\\/\\\/blackstonegriddles.ca\\\/product\\\/original-44in-5-burner-griddle-cooking-station\\\/\",\"url\":\"https:\\\/\\\/blackstonegriddles.ca\\\/product\\\/original-44in-5-burner-griddle-cooking-station\\\/\",\"name\":\"Original 44in 5 Burner Griddle Cooking Station - Blackstone Griddles\",\"isPartOf\":{\"@id\":\"https:\\\/\\\/blackstonegriddles.ca\\\/#website\"},\"primaryImageOfPage\":{\"@id\":\"https:\\\/\\\/blackstonegriddles.ca\\\/product\\\/original-44in-5-burner-griddle-cooking-station\\\/#primaryimage\"},\"image\":{\"@id\":\"https:\\\/\\\/blackstonegriddles.ca\\\/product\\\/original-44in-5-burner-griddle-cooking-station\\\/#primaryimage\"},\"thumbnailUrl\":\"https:\\\/\\\/blackstonegriddles.ca\\\/wp-content\\\/uploads\\\/2024\\\/08\\\/Original-44in-5-Burner-Griddle-Cooking-Station.jpeg\",\"datePublished\":\"2024-08-29T19:56:16+00:00\",\"dateModified\":\"2026-04-17T19:03:30+00:00\",\"breadcrumb\":{\"@id\":\"https:\\\/\\\/blackstonegriddles.ca\\\/product\\\/original-44in-5-burner-griddle-cooking-station\\\/#breadcrumb\"},\"inLanguage\":\"fr-CA\",\"potentialAction\":[{\"@type\":\"ReadAction\",\"target\":[\"https:\\\/\\\/blackstonegriddles.ca\\\/product\\\/original-44in-5-burner-griddle-cooking-station\\\/\"]}]},{\"@type\":\"ImageObject\",\"inLanguage\":\"fr-CA\",\"@id\":\"https:\\\/\\\/blackstonegriddles.ca\\\/product\\\/original-44in-5-burner-griddle-cooking-station\\\/#primaryimage\",\"url\":\"https:\\\/\\\/blackstonegriddles.ca\\\/wp-content\\\/uploads\\\/2024\\\/08\\\/Original-44in-5-Burner-Griddle-Cooking-Station.jpeg\",\"contentUrl\":\"https:\\\/\\\/blackstonegriddles.ca\\\/wp-content\\\/uploads\\\/2024\\\/08\\\/Original-44in-5-Burner-Griddle-Cooking-Station.jpeg\",\"width\":640,\"height\":495},{\"@type\":\"BreadcrumbList\",\"@id\":\"https:\\\/\\\/blackstonegriddles.ca\\\/product\\\/original-44in-5-burner-griddle-cooking-station\\\/#breadcrumb\",\"itemListElement\":[{\"@type\":\"ListItem\",\"position\":1,\"name\":\"Home\",\"item\":\"https:\\\/\\\/blackstonegriddles.ca\\\/\"},{\"@type\":\"ListItem\",\"position\":2,\"name\":\"Shop\",\"item\":\"https:\\\/\\\/blackstonegriddles.ca\\\/shop\\\/\"},{\"@type\":\"ListItem\",\"position\":3,\"name\":\"Original 44in 5 Burner Griddle Cooking Station\"}]},{\"@type\":\"WebSite\",\"@id\":\"https:\\\/\\\/blackstonegriddles.ca\\\/#website\",\"url\":\"https:\\\/\\\/blackstonegriddles.ca\\\/\",\"name\":\"Blackstone Griddles Canada\",\"description\":\"Blackstone Griddles official licensed dealer Canada\",\"publisher\":{\"@id\":\"https:\\\/\\\/blackstonegriddles.ca\\\/#organization\"},\"potentialAction\":[{\"@type\":\"SearchAction\",\"target\":{\"@type\":\"EntryPoint\",\"urlTemplate\":\"https:\\\/\\\/blackstonegriddles.ca\\\/?s={search_term_string}\"},\"query-input\":{\"@type\":\"PropertyValueSpecification\",\"valueRequired\":true,\"valueName\":\"search_term_string\"}}],\"inLanguage\":\"fr-CA\"},{\"@type\":\"Organization\",\"@id\":\"https:\\\/\\\/blackstonegriddles.ca\\\/#organization\",\"name\":\"Blackstone Griddles Canada\",\"url\":\"https:\\\/\\\/blackstonegriddles.ca\\\/\",\"logo\":{\"@type\":\"ImageObject\",\"inLanguage\":\"fr-CA\",\"@id\":\"https:\\\/\\\/blackstonegriddles.ca\\\/#\\\/schema\\\/logo\\\/image\\\/\",\"url\":\"https:\\\/\\\/blackstonegriddles.ca\\\/wp-content\\\/uploads\\\/2025\\\/02\\\/blackstone-fire-logo.webp\",\"contentUrl\":\"https:\\\/\\\/blackstonegriddles.ca\\\/wp-content\\\/uploads\\\/2025\\\/02\\\/blackstone-fire-logo.webp\",\"width\":53,\"height\":58,\"caption\":\"Blackstone Griddles Canada\"},\"image\":{\"@id\":\"https:\\\/\\\/blackstonegriddles.ca\\\/#\\\/schema\\\/logo\\\/image\\\/\"},\"sameAs\":[\"https:\\\/\\\/www.facebook.com\\\/blackstoneproducts\\\/\",\"https:\\\/\\\/x.com\\\/weareblackstone\",\"https:\\\/\\\/www.instagram.com\\\/blackstoneproducts\\\/\",\"https:\\\/\\\/www.youtube.com\\\/channel\\\/UCr39rimir8y3p-q1iQYidVA\"]}]}<\/script>\n<!-- \/ Yoast SEO plugin. -->","yoast_head_json":{"title":"Original 44in 5 Burner Griddle Cooking Station - Blackstone Griddles","robots":{"index":"index","follow":"follow","max-snippet":"max-snippet:-1","max-image-preview":"max-image-preview:large","max-video-preview":"max-video-preview:-1"},"canonical":"https:\/\/blackstonegriddles.ca\/fr\/produit\/original-44in-5-burner-griddle-cooking-station\/","og_locale":"fr_CA","og_type":"article","og_title":"Original 44in 5 Burner Griddle Cooking Station - Blackstone Griddles","og_description":"The Blackstone 44\u201d Omnivore Griddle with Hard Cover is perfect for serving mountains of food for your family or for any event. Equipped with the Omnivore Griddle Plate for better heat distribution and fuel efficiency and five independently controlled heat zones, you\u2019ll be cooking breakfast, lunch, and dinner for the entire neighborhood. With folding side shelves for extra prep space without sacrificing storage space and the magnetic toolbar for holding your griddle gear, you\u2019ll have everything you need for any meal. Complete your backyard kitchen with the 44\" Omnivore Griddle with Hard Cover!Omnivore Griddle Plate Technology: Quicker preheat and recovery times, even heat distribution, higher fuel efficiency with fewer BTUs required for optimal cooking temperatures, and built-in wind guards keep the hot air in and the cool air out.","og_url":"https:\/\/blackstonegriddles.ca\/fr\/produit\/original-44in-5-burner-griddle-cooking-station\/","og_site_name":"Blackstone Griddles","article_publisher":"https:\/\/www.facebook.com\/blackstoneproducts\/","article_modified_time":"2026-04-17T19:03:30+00:00","og_image":[{"width":640,"height":495,"url":"https:\/\/blackstonegriddles.ca\/wp-content\/uploads\/2024\/08\/Original-44in-5-Burner-Griddle-Cooking-Station.jpeg","type":"image\/jpeg"}],"twitter_card":"summary_large_image","twitter_site":"@weareblackstone","twitter_misc":{"Estimation du temps de lecture":"1 minute"},"schema":{"@context":"https:\/\/schema.org","@graph":[{"@type":"WebPage","@id":"https:\/\/blackstonegriddles.ca\/product\/original-44in-5-burner-griddle-cooking-station\/","url":"https:\/\/blackstonegriddles.ca\/product\/original-44in-5-burner-griddle-cooking-station\/","name":"Original 44in 5 Burner Griddle Cooking Station - Blackstone Griddles","isPartOf":{"@id":"https:\/\/blackstonegriddles.ca\/#website"},"primaryImageOfPage":{"@id":"https:\/\/blackstonegriddles.ca\/product\/original-44in-5-burner-griddle-cooking-station\/#primaryimage"},"image":{"@id":"https:\/\/blackstonegriddles.ca\/product\/original-44in-5-burner-griddle-cooking-station\/#primaryimage"},"thumbnailUrl":"https:\/\/blackstonegriddles.ca\/wp-content\/uploads\/2024\/08\/Original-44in-5-Burner-Griddle-Cooking-Station.jpeg","datePublished":"2024-08-29T19:56:16+00:00","dateModified":"2026-04-17T19:03:30+00:00","breadcrumb":{"@id":"https:\/\/blackstonegriddles.ca\/product\/original-44in-5-burner-griddle-cooking-station\/#breadcrumb"},"inLanguage":"fr-CA","potentialAction":[{"@type":"ReadAction","target":["https:\/\/blackstonegriddles.ca\/product\/original-44in-5-burner-griddle-cooking-station\/"]}]},{"@type":"ImageObject","inLanguage":"fr-CA","@id":"https:\/\/blackstonegriddles.ca\/product\/original-44in-5-burner-griddle-cooking-station\/#primaryimage","url":"https:\/\/blackstonegriddles.ca\/wp-content\/uploads\/2024\/08\/Original-44in-5-Burner-Griddle-Cooking-Station.jpeg","contentUrl":"https:\/\/blackstonegriddles.ca\/wp-content\/uploads\/2024\/08\/Original-44in-5-Burner-Griddle-Cooking-Station.jpeg","width":640,"height":495},{"@type":"BreadcrumbList","@id":"https:\/\/blackstonegriddles.ca\/product\/original-44in-5-burner-griddle-cooking-station\/#breadcrumb","itemListElement":[{"@type":"ListItem","position":1,"name":"Home","item":"https:\/\/blackstonegriddles.ca\/"},{"@type":"ListItem","position":2,"name":"Shop","item":"https:\/\/blackstonegriddles.ca\/shop\/"},{"@type":"ListItem","position":3,"name":"Original 44in 5 Burner Griddle Cooking Station"}]},{"@type":"WebSite","@id":"https:\/\/blackstonegriddles.ca\/#website","url":"https:\/\/blackstonegriddles.ca\/","name":"Grils Blackstone Canada","description":"Blackstone Griddles distributeur officiel agr\u00e9\u00e9 Canada","publisher":{"@id":"https:\/\/blackstonegriddles.ca\/#organization"},"potentialAction":[{"@type":"SearchAction","target":{"@type":"EntryPoint","urlTemplate":"https:\/\/blackstonegriddles.ca\/?s={search_term_string}"},"query-input":{"@type":"PropertyValueSpecification","valueRequired":true,"valueName":"search_term_string"}}],"inLanguage":"fr-CA"},{"@type":"Organization","@id":"https:\/\/blackstonegriddles.ca\/#organization","name":"Grils Blackstone Canada","url":"https:\/\/blackstonegriddles.ca\/","logo":{"@type":"ImageObject","inLanguage":"fr-CA","@id":"https:\/\/blackstonegriddles.ca\/#\/schema\/logo\/image\/","url":"https:\/\/blackstonegriddles.ca\/wp-content\/uploads\/2025\/02\/blackstone-fire-logo.webp","contentUrl":"https:\/\/blackstonegriddles.ca\/wp-content\/uploads\/2025\/02\/blackstone-fire-logo.webp","width":53,"height":58,"caption":"Blackstone Griddles Canada"},"image":{"@id":"https:\/\/blackstonegriddles.ca\/#\/schema\/logo\/image\/"},"sameAs":["https:\/\/www.facebook.com\/blackstoneproducts\/","https:\/\/x.com\/weareblackstone","https:\/\/www.instagram.com\/blackstoneproducts\/","https:\/\/www.youtube.com\/channel\/UCr39rimir8y3p-q1iQYidVA"]}]}},"_links":{"self":[{"href":"https:\/\/blackstonegriddles.ca\/fr\/wp-json\/wp\/v2\/product\/43345","targetHints":{"allow":["GET"]}}],"collection":[{"href":"https:\/\/blackstonegriddles.ca\/fr\/wp-json\/wp\/v2\/product"}],"about":[{"href":"https:\/\/blackstonegriddles.ca\/fr\/wp-json\/wp\/v2\/types\/product"}],"wp:featuredmedia":[{"embeddable":true,"href":"https:\/\/blackstonegriddles.ca\/fr\/wp-json\/wp\/v2\/media\/43346"}],"wp:attachment":[{"href":"https:\/\/blackstonegriddles.ca\/fr\/wp-json\/wp\/v2\/media?parent=43345"}],"wp:term":[{"taxonomy":"product_brand","embeddable":true,"href":"https:\/\/blackstonegriddles.ca\/fr\/wp-json\/wp\/v2\/product_brand?post=43345"},{"taxonomy":"product_cat","embeddable":true,"href":"https:\/\/blackstonegriddles.ca\/fr\/wp-json\/wp\/v2\/product_cat?post=43345"},{"taxonomy":"product_tag","embeddable":true,"href":"https:\/\/blackstonegriddles.ca\/fr\/wp-json\/wp\/v2\/product_tag?post=43345"}],"curies":[{"name":"wp","href":"https:\/\/api.w.org\/{rel}","templated":true}]}}