{"id":44205,"date":"2024-10-10T20:25:15","date_gmt":"2024-10-10T20:25:15","guid":{"rendered":"https:\/\/blackstonegriddles.ca\/?post_type=product&#038;p=44205"},"modified":"2026-04-06T12:42:48","modified_gmt":"2026-04-06T12:42:48","slug":"plaque-de-cuisson-de-28-pouces-en-acier-inoxydable-avec-hotte","status":"publish","type":"product","link":"https:\/\/blackstonegriddles.ca\/fr\/product\/28-deep-kitchen-griddle-in-stainless-steel-w-hood\/","title":{"rendered":"Plaque de cuisson 28\u2033 en acier inoxydable avec hotte"},"content":{"rendered":"<p>Am\u00e9liorez votre exp\u00e9rience culinaire en plein air avec la plaque de cuisson Blackstone 28\" avec hotte. Cette plaque robuste est pr\u00eate \u00e0 fonctionner, que vous pr\u00e9pariez le petit d\u00e9jeuner, le d\u00e9jeuner ou le d\u00eener. Dot\u00e9e de caract\u00e9ristiques de pointe telles que des voyants DEL sur les boutons pour l'allumage et l'\u00e9tat de la flamme, un \u00e9clairage ambiant des flaques d'eau, un allumage s\u00fbr et trois zones de chaleur contr\u00f4l\u00e9es ind\u00e9pendamment, cette plaque est le premier choix. Le syst\u00e8me de gestion de la graisse arri\u00e8re \u00e0 acc\u00e8s frontal ajoute \u00e0 la commodit\u00e9 en permettant d'acc\u00e9der facilement au bac \u00e0 graisse arri\u00e8re depuis l'avant de la plancha. Que vous construisiez votre cuisine ext\u00e9rieure personnalis\u00e9e ou un \u00eelot de barbecue, cette plaque est le choix ultime pour faire de vos r\u00eaves culinaires une r\u00e9alit\u00e9.<\/p>","protected":false},"excerpt":{"rendered":"<ul class=\"title-block_features__oR3xh\" data-testid=\"product-features\">\n<li>Technologie de plaque de gril Omnivore : Des temps de pr\u00e9chauffage et de r\u00e9cup\u00e9ration plus rapides, une r\u00e9partition uniforme de la chaleur, un meilleur rendement \u00e9nerg\u00e9tique avec moins de BTU n\u00e9cessaires pour des temp\u00e9ratures de cuisson optimales, et des pare-vent int\u00e9gr\u00e9s qui maintiennent l'air chaud \u00e0 l'int\u00e9rieur et l'air frais \u00e0 l'ext\u00e9rieur.<\/li>\n<li>Capot int\u00e9gr\u00e9 : con\u00e7u pour prot\u00e9ger la surface de votre plancha et la garder propre entre les utilisations.<\/li>\n<li>Allumage \u00e9lectrique automatique \"Safe Start\" : Coupe automatiquement l'alimentation en gaz si l'allumage ne se fait pas afin d'\u00e9viter l'accumulation de gaz.<\/li>\n<li>Trois zones de chaleur contr\u00f4l\u00e9es ind\u00e9pendamment les unes des autres : Cuisez simultan\u00e9ment vos plats principaux et vos accompagnements \u00e0 des temp\u00e9ratures diff\u00e9rentes.<\/li>\n<li>Gestion de la graisse \u00e0 l'avant et \u00e0 l'arri\u00e8re : Raclez facilement la graisse et les autres d\u00e9bris dans le bac \u00e0 graisse arri\u00e8re et utilisez le bac \u00e0 graisse avant pour vous d\u00e9barrasser commod\u00e9ment de la graisse.<\/li>\n<li>\u00c9clairage par flaques d'eau : \u00c9clairage pratique de votre espace de cuisson.<\/li>\n<li>Configuration pr\u00eate pour le propane<\/li>\n<li>Gaine isolante requise pour l'installation dans des environnements combustibles (Gaine isolante vendue s\u00e9par\u00e9ment)<\/li>\n<\/ul>","protected":false},"featured_media":44214,"template":"","meta":[],"product_brand":[],"product_cat":[157,224],"product_tag":[],"class_list":{"0":"post-44205","1":"product","2":"type-product","3":"status-publish","4":"has-post-thumbnail","6":"product_cat-157","7":"product_cat-outdoor-living","8":"product_shipping_class-140","10":"first","11":"instock","12":"taxable","13":"shipping-taxable","14":"purchasable","15":"product-type-simple"},"yoast_head":"<!-- This site is optimized with the Yoast SEO plugin v27.3 - https:\/\/yoast.com\/product\/yoast-seo-wordpress\/ -->\n<title>28&quot; Deep Kitchen Griddle in Stainless Steel w\/Hood - Blackstone Griddles<\/title>\n<meta name=\"robots\" content=\"index, follow, max-snippet:-1, max-image-preview:large, max-video-preview:-1\" \/>\n<link rel=\"canonical\" href=\"https:\/\/blackstonegriddles.ca\/fr\/produit\/plaque-de-cuisson-de-28-pouces-en-acier-inoxydable-avec-hotte\/\" \/>\n<meta property=\"og:locale\" content=\"fr_CA\" \/>\n<meta property=\"og:type\" content=\"article\" \/>\n<meta property=\"og:title\" content=\"28&quot; Deep Kitchen Griddle in Stainless Steel w\/Hood - Blackstone Griddles\" \/>\n<meta property=\"og:description\" content=\"Omnivore Griddle Plate Technology: Quicker preheat and recovery times, even heat distribution, higher fuel efficiency with fewer BTUs required for optimal cooking temperatures, and built-in wind guards keep the hot air in and the cool air out.  Built-in Hood: Designed to protect your griddle surface and keep it clean between uses.  Electric auto \u2018Safe Start\u2019 ignition: Automatically cuts off gas supply if ignition does not light to prevent accumulation of gas.  Three independently controlled heat zones: Cook your main and side dishes simultaneously at different temperatures.  Front access Rear Grease Management: Easily scrape grease and other debris through the rear grease and use the front grease tray to conveniently dispose of grease.  Puddle lighting: Conveniently illuminate your cooking space.  Propane ready configuration  Insulating Jacket required for installation in combustible environments (Insulating Jacket sold separately)\" \/>\n<meta property=\"og:url\" content=\"https:\/\/blackstonegriddles.ca\/fr\/produit\/plaque-de-cuisson-de-28-pouces-en-acier-inoxydable-avec-hotte\/\" \/>\n<meta property=\"og:site_name\" content=\"Blackstone Griddles\" \/>\n<meta property=\"article:publisher\" content=\"https:\/\/www.facebook.com\/blackstoneproducts\/\" \/>\n<meta property=\"article:modified_time\" content=\"2026-04-06T12:42:48+00:00\" \/>\n<meta property=\"og:image\" content=\"https:\/\/blackstonegriddles.ca\/wp-content\/uploads\/2024\/10\/Blackstone-28-Deep-Kitchen.jpg\" \/>\n\t<meta property=\"og:image:width\" content=\"800\" \/>\n\t<meta property=\"og:image:height\" content=\"800\" \/>\n\t<meta property=\"og:image:type\" content=\"image\/jpeg\" \/>\n<meta name=\"twitter:card\" content=\"summary_large_image\" \/>\n<meta name=\"twitter:site\" content=\"@weareblackstone\" \/>\n<meta name=\"twitter:label1\" content=\"Estimation du temps de lecture\" \/>\n\t<meta name=\"twitter:data1\" content=\"1 minute\" \/>\n<script type=\"application\/ld+json\" class=\"yoast-schema-graph\">{\"@context\":\"https:\\\/\\\/schema.org\",\"@graph\":[{\"@type\":\"WebPage\",\"@id\":\"https:\\\/\\\/blackstonegriddles.ca\\\/product\\\/28-deep-kitchen-griddle-in-stainless-steel-w-hood\\\/\",\"url\":\"https:\\\/\\\/blackstonegriddles.ca\\\/product\\\/28-deep-kitchen-griddle-in-stainless-steel-w-hood\\\/\",\"name\":\"28\\\" Deep Kitchen Griddle in Stainless Steel w\\\/Hood - Blackstone Griddles\",\"isPartOf\":{\"@id\":\"https:\\\/\\\/blackstonegriddles.ca\\\/#website\"},\"primaryImageOfPage\":{\"@id\":\"https:\\\/\\\/blackstonegriddles.ca\\\/product\\\/28-deep-kitchen-griddle-in-stainless-steel-w-hood\\\/#primaryimage\"},\"image\":{\"@id\":\"https:\\\/\\\/blackstonegriddles.ca\\\/product\\\/28-deep-kitchen-griddle-in-stainless-steel-w-hood\\\/#primaryimage\"},\"thumbnailUrl\":\"https:\\\/\\\/blackstonegriddles.ca\\\/wp-content\\\/uploads\\\/2024\\\/10\\\/Blackstone-28-Deep-Kitchen.jpg\",\"datePublished\":\"2024-10-10T20:25:15+00:00\",\"dateModified\":\"2026-04-06T12:42:48+00:00\",\"breadcrumb\":{\"@id\":\"https:\\\/\\\/blackstonegriddles.ca\\\/product\\\/28-deep-kitchen-griddle-in-stainless-steel-w-hood\\\/#breadcrumb\"},\"inLanguage\":\"fr-CA\",\"potentialAction\":[{\"@type\":\"ReadAction\",\"target\":[\"https:\\\/\\\/blackstonegriddles.ca\\\/product\\\/28-deep-kitchen-griddle-in-stainless-steel-w-hood\\\/\"]}]},{\"@type\":\"ImageObject\",\"inLanguage\":\"fr-CA\",\"@id\":\"https:\\\/\\\/blackstonegriddles.ca\\\/product\\\/28-deep-kitchen-griddle-in-stainless-steel-w-hood\\\/#primaryimage\",\"url\":\"https:\\\/\\\/blackstonegriddles.ca\\\/wp-content\\\/uploads\\\/2024\\\/10\\\/Blackstone-28-Deep-Kitchen.jpg\",\"contentUrl\":\"https:\\\/\\\/blackstonegriddles.ca\\\/wp-content\\\/uploads\\\/2024\\\/10\\\/Blackstone-28-Deep-Kitchen.jpg\",\"width\":800,\"height\":800,\"caption\":\"Blackstone 28 Deep Kitchen\"},{\"@type\":\"BreadcrumbList\",\"@id\":\"https:\\\/\\\/blackstonegriddles.ca\\\/product\\\/28-deep-kitchen-griddle-in-stainless-steel-w-hood\\\/#breadcrumb\",\"itemListElement\":[{\"@type\":\"ListItem\",\"position\":1,\"name\":\"Home\",\"item\":\"https:\\\/\\\/blackstonegriddles.ca\\\/\"},{\"@type\":\"ListItem\",\"position\":2,\"name\":\"Shop\",\"item\":\"https:\\\/\\\/blackstonegriddles.ca\\\/shop\\\/\"},{\"@type\":\"ListItem\",\"position\":3,\"name\":\"28&#8243; Deep Kitchen Griddle in Stainless Steel w\\\/Hood\"}]},{\"@type\":\"WebSite\",\"@id\":\"https:\\\/\\\/blackstonegriddles.ca\\\/#website\",\"url\":\"https:\\\/\\\/blackstonegriddles.ca\\\/\",\"name\":\"Blackstone Griddles Canada\",\"description\":\"Blackstone Griddles official licensed dealer Canada\",\"publisher\":{\"@id\":\"https:\\\/\\\/blackstonegriddles.ca\\\/#organization\"},\"potentialAction\":[{\"@type\":\"SearchAction\",\"target\":{\"@type\":\"EntryPoint\",\"urlTemplate\":\"https:\\\/\\\/blackstonegriddles.ca\\\/?s={search_term_string}\"},\"query-input\":{\"@type\":\"PropertyValueSpecification\",\"valueRequired\":true,\"valueName\":\"search_term_string\"}}],\"inLanguage\":\"fr-CA\"},{\"@type\":\"Organization\",\"@id\":\"https:\\\/\\\/blackstonegriddles.ca\\\/#organization\",\"name\":\"Blackstone Griddles Canada\",\"url\":\"https:\\\/\\\/blackstonegriddles.ca\\\/\",\"logo\":{\"@type\":\"ImageObject\",\"inLanguage\":\"fr-CA\",\"@id\":\"https:\\\/\\\/blackstonegriddles.ca\\\/#\\\/schema\\\/logo\\\/image\\\/\",\"url\":\"https:\\\/\\\/blackstonegriddles.ca\\\/wp-content\\\/uploads\\\/2025\\\/02\\\/blackstone-fire-logo.webp\",\"contentUrl\":\"https:\\\/\\\/blackstonegriddles.ca\\\/wp-content\\\/uploads\\\/2025\\\/02\\\/blackstone-fire-logo.webp\",\"width\":53,\"height\":58,\"caption\":\"Blackstone Griddles Canada\"},\"image\":{\"@id\":\"https:\\\/\\\/blackstonegriddles.ca\\\/#\\\/schema\\\/logo\\\/image\\\/\"},\"sameAs\":[\"https:\\\/\\\/www.facebook.com\\\/blackstoneproducts\\\/\",\"https:\\\/\\\/x.com\\\/weareblackstone\",\"https:\\\/\\\/www.instagram.com\\\/blackstoneproducts\\\/\",\"https:\\\/\\\/www.youtube.com\\\/channel\\\/UCr39rimir8y3p-q1iQYidVA\"]}]}<\/script>\n<!-- \/ Yoast SEO plugin. -->","yoast_head_json":{"title":"Gril de cuisine 28\" en acier inoxydable avec hotte - Blackstone Griddles","robots":{"index":"index","follow":"follow","max-snippet":"max-snippet:-1","max-image-preview":"max-image-preview:large","max-video-preview":"max-video-preview:-1"},"canonical":"https:\/\/blackstonegriddles.ca\/fr\/produit\/plaque-de-cuisson-de-28-pouces-en-acier-inoxydable-avec-hotte\/","og_locale":"fr_CA","og_type":"article","og_title":"28\" Deep Kitchen Griddle in Stainless Steel w\/Hood - Blackstone Griddles","og_description":"Omnivore Griddle Plate Technology: Quicker preheat and recovery times, even heat distribution, higher fuel efficiency with fewer BTUs required for optimal cooking temperatures, and built-in wind guards keep the hot air in and the cool air out.  Built-in Hood: Designed to protect your griddle surface and keep it clean between uses.  Electric auto \u2018Safe Start\u2019 ignition: Automatically cuts off gas supply if ignition does not light to prevent accumulation of gas.  Three independently controlled heat zones: Cook your main and side dishes simultaneously at different temperatures.  Front access Rear Grease Management: Easily scrape grease and other debris through the rear grease and use the front grease tray to conveniently dispose of grease.  Puddle lighting: Conveniently illuminate your cooking space.  Propane ready configuration  Insulating Jacket required for installation in combustible environments (Insulating Jacket sold separately)","og_url":"https:\/\/blackstonegriddles.ca\/fr\/produit\/plaque-de-cuisson-de-28-pouces-en-acier-inoxydable-avec-hotte\/","og_site_name":"Blackstone Griddles","article_publisher":"https:\/\/www.facebook.com\/blackstoneproducts\/","article_modified_time":"2026-04-06T12:42:48+00:00","og_image":[{"width":800,"height":800,"url":"https:\/\/blackstonegriddles.ca\/wp-content\/uploads\/2024\/10\/Blackstone-28-Deep-Kitchen.jpg","type":"image\/jpeg"}],"twitter_card":"summary_large_image","twitter_site":"@weareblackstone","twitter_misc":{"Estimation du temps de lecture":"1 minute"},"schema":{"@context":"https:\/\/schema.org","@graph":[{"@type":"WebPage","@id":"https:\/\/blackstonegriddles.ca\/product\/28-deep-kitchen-griddle-in-stainless-steel-w-hood\/","url":"https:\/\/blackstonegriddles.ca\/product\/28-deep-kitchen-griddle-in-stainless-steel-w-hood\/","name":"Gril de cuisine 28\" en acier inoxydable avec hotte - Blackstone Griddles","isPartOf":{"@id":"https:\/\/blackstonegriddles.ca\/#website"},"primaryImageOfPage":{"@id":"https:\/\/blackstonegriddles.ca\/product\/28-deep-kitchen-griddle-in-stainless-steel-w-hood\/#primaryimage"},"image":{"@id":"https:\/\/blackstonegriddles.ca\/product\/28-deep-kitchen-griddle-in-stainless-steel-w-hood\/#primaryimage"},"thumbnailUrl":"https:\/\/blackstonegriddles.ca\/wp-content\/uploads\/2024\/10\/Blackstone-28-Deep-Kitchen.jpg","datePublished":"2024-10-10T20:25:15+00:00","dateModified":"2026-04-06T12:42:48+00:00","breadcrumb":{"@id":"https:\/\/blackstonegriddles.ca\/product\/28-deep-kitchen-griddle-in-stainless-steel-w-hood\/#breadcrumb"},"inLanguage":"fr-CA","potentialAction":[{"@type":"ReadAction","target":["https:\/\/blackstonegriddles.ca\/product\/28-deep-kitchen-griddle-in-stainless-steel-w-hood\/"]}]},{"@type":"ImageObject","inLanguage":"fr-CA","@id":"https:\/\/blackstonegriddles.ca\/product\/28-deep-kitchen-griddle-in-stainless-steel-w-hood\/#primaryimage","url":"https:\/\/blackstonegriddles.ca\/wp-content\/uploads\/2024\/10\/Blackstone-28-Deep-Kitchen.jpg","contentUrl":"https:\/\/blackstonegriddles.ca\/wp-content\/uploads\/2024\/10\/Blackstone-28-Deep-Kitchen.jpg","width":800,"height":800,"caption":"Blackstone 28 Deep Kitchen"},{"@type":"BreadcrumbList","@id":"https:\/\/blackstonegriddles.ca\/product\/28-deep-kitchen-griddle-in-stainless-steel-w-hood\/#breadcrumb","itemListElement":[{"@type":"ListItem","position":1,"name":"Home","item":"https:\/\/blackstonegriddles.ca\/"},{"@type":"ListItem","position":2,"name":"Shop","item":"https:\/\/blackstonegriddles.ca\/shop\/"},{"@type":"ListItem","position":3,"name":"28&#8243; Deep Kitchen Griddle in Stainless Steel w\/Hood"}]},{"@type":"WebSite","@id":"https:\/\/blackstonegriddles.ca\/#website","url":"https:\/\/blackstonegriddles.ca\/","name":"Grils Blackstone Canada","description":"Blackstone Griddles distributeur officiel agr\u00e9\u00e9 Canada","publisher":{"@id":"https:\/\/blackstonegriddles.ca\/#organization"},"potentialAction":[{"@type":"SearchAction","target":{"@type":"EntryPoint","urlTemplate":"https:\/\/blackstonegriddles.ca\/?s={search_term_string}"},"query-input":{"@type":"PropertyValueSpecification","valueRequired":true,"valueName":"search_term_string"}}],"inLanguage":"fr-CA"},{"@type":"Organization","@id":"https:\/\/blackstonegriddles.ca\/#organization","name":"Grils Blackstone Canada","url":"https:\/\/blackstonegriddles.ca\/","logo":{"@type":"ImageObject","inLanguage":"fr-CA","@id":"https:\/\/blackstonegriddles.ca\/#\/schema\/logo\/image\/","url":"https:\/\/blackstonegriddles.ca\/wp-content\/uploads\/2025\/02\/blackstone-fire-logo.webp","contentUrl":"https:\/\/blackstonegriddles.ca\/wp-content\/uploads\/2025\/02\/blackstone-fire-logo.webp","width":53,"height":58,"caption":"Blackstone Griddles Canada"},"image":{"@id":"https:\/\/blackstonegriddles.ca\/#\/schema\/logo\/image\/"},"sameAs":["https:\/\/www.facebook.com\/blackstoneproducts\/","https:\/\/x.com\/weareblackstone","https:\/\/www.instagram.com\/blackstoneproducts\/","https:\/\/www.youtube.com\/channel\/UCr39rimir8y3p-q1iQYidVA"]}]}},"_links":{"self":[{"href":"https:\/\/blackstonegriddles.ca\/fr\/wp-json\/wp\/v2\/product\/44205","targetHints":{"allow":["GET"]}}],"collection":[{"href":"https:\/\/blackstonegriddles.ca\/fr\/wp-json\/wp\/v2\/product"}],"about":[{"href":"https:\/\/blackstonegriddles.ca\/fr\/wp-json\/wp\/v2\/types\/product"}],"wp:featuredmedia":[{"embeddable":true,"href":"https:\/\/blackstonegriddles.ca\/fr\/wp-json\/wp\/v2\/media\/44214"}],"wp:attachment":[{"href":"https:\/\/blackstonegriddles.ca\/fr\/wp-json\/wp\/v2\/media?parent=44205"}],"wp:term":[{"taxonomy":"product_brand","embeddable":true,"href":"https:\/\/blackstonegriddles.ca\/fr\/wp-json\/wp\/v2\/product_brand?post=44205"},{"taxonomy":"product_cat","embeddable":true,"href":"https:\/\/blackstonegriddles.ca\/fr\/wp-json\/wp\/v2\/product_cat?post=44205"},{"taxonomy":"product_tag","embeddable":true,"href":"https:\/\/blackstonegriddles.ca\/fr\/wp-json\/wp\/v2\/product_tag?post=44205"}],"curies":[{"name":"wp","href":"https:\/\/api.w.org\/{rel}","templated":true}]}}