{"id":46174,"date":"2025-01-15T22:15:46","date_gmt":"2025-01-15T22:15:46","guid":{"rendered":"https:\/\/blackstonegriddles.ca\/?post_type=product&#038;p=46174"},"modified":"2026-04-15T19:01:41","modified_gmt":"2026-04-15T19:01:41","slug":"original-17-tabletop-griddle","status":"publish","type":"product","link":"https:\/\/blackstonegriddles.ca\/fr\/product\/original-17-tabletop-griddle\/","title":{"rendered":"Gril de table 17\" Blackstone Original Series"},"content":{"rendered":"<ul class=\"features-specs-list\">\n<li class=\"acumin\"><strong>Conception portable :<\/strong>\u00a0Emportez cette plancha avec vous dans toutes vos aventures.<\/li>\n<li class=\"acumin\"><strong>Zone de chaleur facilement contr\u00f4lable :<\/strong>\u00a0Cuisinez plus efficacement et mangez plus vite.<\/li>\n<li class=\"acumin\"><strong>Syst\u00e8me de gestion de la graisse \u00e0 l'arri\u00e8re :<\/strong>\u00a0Poussez la graisse et les d\u00e9bris alimentaires vers l'arri\u00e8re de la plaque pour faciliter le nettoyage.<\/li>\n<li class=\"acumin\"><strong>Allumage pi\u00e9zo\u00e9lectrique :<\/strong>\u00a0Syst\u00e8me d'allumage facile \u00e0 utiliser et fiable.<\/li>\n<li class=\"acumin\">Garantie d'un an.<\/li>\n<\/ul>","protected":false},"excerpt":{"rendered":"<p>L'exp\u00e9rience de la cuisine en plein air vient d'\u00eatre am\u00e9lior\u00e9e avec la plaque de cuisson 17\" de Blackstone. Emportez cette plaque portative avec vous pour alimenter toute aventure, que vous soyez en train de faire du tailgating avant le grand match, de camper avec des amis ou de faire un pique-nique dans le parc. Pr\u00e9parez une grande vari\u00e9t\u00e9 de plats, du petit-d\u00e9jeuner aux saut\u00e9s en passant par les hamburgers. Vous adorerez cuisiner n'importe quoi, n'importe quand et n'importe o\u00f9 avec la plaque de cuisson de 17 pouces !<\/p>","protected":false},"featured_media":46175,"template":"","meta":[],"product_brand":[],"product_cat":[155,154,249],"product_tag":[],"class_list":{"0":"post-46174","1":"product","2":"type-product","3":"status-publish","4":"has-post-thumbnail","6":"product_cat-155","7":"product_cat-griddles","8":"product_cat-sale","9":"product_shipping_class-17-griddles","11":"first","12":"outofstock","13":"taxable","14":"shipping-taxable","15":"purchasable","16":"product-type-simple"},"yoast_head":"<!-- This site is optimized with the Yoast SEO plugin v27.4 - https:\/\/yoast.com\/product\/yoast-seo-wordpress\/ -->\n<title>Blackstone Original Series 17\u201d Tabletop Griddle - Blackstone Griddles<\/title>\n<meta name=\"robots\" content=\"index, follow, max-snippet:-1, max-image-preview:large, max-video-preview:-1\" \/>\n<link rel=\"canonical\" href=\"https:\/\/blackstonegriddles.ca\/fr\/produit\/original-17-tabletop-griddle\/\" \/>\n<meta property=\"og:locale\" content=\"fr_CA\" \/>\n<meta property=\"og:type\" content=\"article\" \/>\n<meta property=\"og:title\" content=\"Blackstone Original Series 17\u201d Tabletop Griddle - Blackstone Griddles\" \/>\n<meta property=\"og:description\" content=\"The outdoor cooking experience just got better with the Blackstone 17\u201d Griddle. Take this portable griddle with you to fuel any adventure, whether you\u2019re tailgating before the big game, camping with friends, or having a picnic in the park. Make a variety of dishes from breakfast foods to stir fry to smash burgers. You&#039;ll love cooking anything, anytime, anywhere with the 17\u201d Griddle!\" \/>\n<meta property=\"og:url\" content=\"https:\/\/blackstonegriddles.ca\/fr\/produit\/original-17-tabletop-griddle\/\" \/>\n<meta property=\"og:site_name\" content=\"Blackstone Griddles\" \/>\n<meta property=\"article:publisher\" content=\"https:\/\/www.facebook.com\/blackstoneproducts\/\" \/>\n<meta property=\"article:modified_time\" content=\"2026-04-15T19:01:41+00:00\" \/>\n<meta property=\"og:image\" content=\"https:\/\/blackstonegriddles.ca\/wp-content\/uploads\/2025\/01\/2142_17GriddleTabletopStainless_AmazonSequence_01-copy.webp\" \/>\n\t<meta property=\"og:image:width\" content=\"2201\" \/>\n\t<meta property=\"og:image:height\" content=\"2201\" \/>\n\t<meta property=\"og:image:type\" content=\"image\/webp\" \/>\n<meta name=\"twitter:card\" content=\"summary_large_image\" \/>\n<meta name=\"twitter:site\" content=\"@weareblackstone\" \/>\n<meta name=\"twitter:label1\" content=\"Estimation du temps de lecture\" \/>\n\t<meta name=\"twitter:data1\" content=\"1 minute\" \/>\n<script type=\"application\/ld+json\" class=\"yoast-schema-graph\">{\"@context\":\"https:\\\/\\\/schema.org\",\"@graph\":[{\"@type\":\"WebPage\",\"@id\":\"https:\\\/\\\/blackstonegriddles.ca\\\/product\\\/original-17-tabletop-griddle\\\/\",\"url\":\"https:\\\/\\\/blackstonegriddles.ca\\\/product\\\/original-17-tabletop-griddle\\\/\",\"name\":\"Blackstone Original Series 17\u201d Tabletop Griddle - Blackstone Griddles\",\"isPartOf\":{\"@id\":\"https:\\\/\\\/blackstonegriddles.ca\\\/#website\"},\"primaryImageOfPage\":{\"@id\":\"https:\\\/\\\/blackstonegriddles.ca\\\/product\\\/original-17-tabletop-griddle\\\/#primaryimage\"},\"image\":{\"@id\":\"https:\\\/\\\/blackstonegriddles.ca\\\/product\\\/original-17-tabletop-griddle\\\/#primaryimage\"},\"thumbnailUrl\":\"https:\\\/\\\/blackstonegriddles.ca\\\/wp-content\\\/uploads\\\/2025\\\/01\\\/2142_17GriddleTabletopStainless_AmazonSequence_01-copy.webp\",\"datePublished\":\"2025-01-15T22:15:46+00:00\",\"dateModified\":\"2026-04-15T19:01:41+00:00\",\"breadcrumb\":{\"@id\":\"https:\\\/\\\/blackstonegriddles.ca\\\/product\\\/original-17-tabletop-griddle\\\/#breadcrumb\"},\"inLanguage\":\"fr-CA\",\"potentialAction\":[{\"@type\":\"ReadAction\",\"target\":[\"https:\\\/\\\/blackstonegriddles.ca\\\/product\\\/original-17-tabletop-griddle\\\/\"]}]},{\"@type\":\"ImageObject\",\"inLanguage\":\"fr-CA\",\"@id\":\"https:\\\/\\\/blackstonegriddles.ca\\\/product\\\/original-17-tabletop-griddle\\\/#primaryimage\",\"url\":\"https:\\\/\\\/blackstonegriddles.ca\\\/wp-content\\\/uploads\\\/2025\\\/01\\\/2142_17GriddleTabletopStainless_AmazonSequence_01-copy.webp\",\"contentUrl\":\"https:\\\/\\\/blackstonegriddles.ca\\\/wp-content\\\/uploads\\\/2025\\\/01\\\/2142_17GriddleTabletopStainless_AmazonSequence_01-copy.webp\",\"width\":2201,\"height\":2201,\"caption\":\"17 Griddle Table top Stainless\"},{\"@type\":\"BreadcrumbList\",\"@id\":\"https:\\\/\\\/blackstonegriddles.ca\\\/product\\\/original-17-tabletop-griddle\\\/#breadcrumb\",\"itemListElement\":[{\"@type\":\"ListItem\",\"position\":1,\"name\":\"Home\",\"item\":\"https:\\\/\\\/blackstonegriddles.ca\\\/\"},{\"@type\":\"ListItem\",\"position\":2,\"name\":\"Shop\",\"item\":\"https:\\\/\\\/blackstonegriddles.ca\\\/shop\\\/\"},{\"@type\":\"ListItem\",\"position\":3,\"name\":\"Blackstone Original Series 17\u201d Tabletop Griddle\"}]},{\"@type\":\"WebSite\",\"@id\":\"https:\\\/\\\/blackstonegriddles.ca\\\/#website\",\"url\":\"https:\\\/\\\/blackstonegriddles.ca\\\/\",\"name\":\"Blackstone Griddles Canada\",\"description\":\"Blackstone Griddles official licensed dealer Canada\",\"publisher\":{\"@id\":\"https:\\\/\\\/blackstonegriddles.ca\\\/#organization\"},\"potentialAction\":[{\"@type\":\"SearchAction\",\"target\":{\"@type\":\"EntryPoint\",\"urlTemplate\":\"https:\\\/\\\/blackstonegriddles.ca\\\/?s={search_term_string}\"},\"query-input\":{\"@type\":\"PropertyValueSpecification\",\"valueRequired\":true,\"valueName\":\"search_term_string\"}}],\"inLanguage\":\"fr-CA\"},{\"@type\":\"Organization\",\"@id\":\"https:\\\/\\\/blackstonegriddles.ca\\\/#organization\",\"name\":\"Blackstone Griddles Canada\",\"url\":\"https:\\\/\\\/blackstonegriddles.ca\\\/\",\"logo\":{\"@type\":\"ImageObject\",\"inLanguage\":\"fr-CA\",\"@id\":\"https:\\\/\\\/blackstonegriddles.ca\\\/#\\\/schema\\\/logo\\\/image\\\/\",\"url\":\"https:\\\/\\\/blackstonegriddles.ca\\\/wp-content\\\/uploads\\\/2025\\\/02\\\/blackstone-fire-logo.webp\",\"contentUrl\":\"https:\\\/\\\/blackstonegriddles.ca\\\/wp-content\\\/uploads\\\/2025\\\/02\\\/blackstone-fire-logo.webp\",\"width\":53,\"height\":58,\"caption\":\"Blackstone Griddles Canada\"},\"image\":{\"@id\":\"https:\\\/\\\/blackstonegriddles.ca\\\/#\\\/schema\\\/logo\\\/image\\\/\"},\"sameAs\":[\"https:\\\/\\\/www.facebook.com\\\/blackstoneproducts\\\/\",\"https:\\\/\\\/x.com\\\/weareblackstone\",\"https:\\\/\\\/www.instagram.com\\\/blackstoneproducts\\\/\",\"https:\\\/\\\/www.youtube.com\\\/channel\\\/UCr39rimir8y3p-q1iQYidVA\"]}]}<\/script>\n<!-- \/ Yoast SEO plugin. -->","yoast_head_json":{"title":"Gril de table Blackstone Original Series 17\" - Grils Blackstone","robots":{"index":"index","follow":"follow","max-snippet":"max-snippet:-1","max-image-preview":"max-image-preview:large","max-video-preview":"max-video-preview:-1"},"canonical":"https:\/\/blackstonegriddles.ca\/fr\/produit\/original-17-tabletop-griddle\/","og_locale":"fr_CA","og_type":"article","og_title":"Blackstone Original Series 17\u201d Tabletop Griddle - Blackstone Griddles","og_description":"The outdoor cooking experience just got better with the Blackstone 17\u201d Griddle. Take this portable griddle with you to fuel any adventure, whether you\u2019re tailgating before the big game, camping with friends, or having a picnic in the park. Make a variety of dishes from breakfast foods to stir fry to smash burgers. You'll love cooking anything, anytime, anywhere with the 17\u201d Griddle!","og_url":"https:\/\/blackstonegriddles.ca\/fr\/produit\/original-17-tabletop-griddle\/","og_site_name":"Blackstone Griddles","article_publisher":"https:\/\/www.facebook.com\/blackstoneproducts\/","article_modified_time":"2026-04-15T19:01:41+00:00","og_image":[{"width":2201,"height":2201,"url":"https:\/\/blackstonegriddles.ca\/wp-content\/uploads\/2025\/01\/2142_17GriddleTabletopStainless_AmazonSequence_01-copy.webp","type":"image\/webp"}],"twitter_card":"summary_large_image","twitter_site":"@weareblackstone","twitter_misc":{"Estimation du temps de lecture":"1 minute"},"schema":{"@context":"https:\/\/schema.org","@graph":[{"@type":"WebPage","@id":"https:\/\/blackstonegriddles.ca\/product\/original-17-tabletop-griddle\/","url":"https:\/\/blackstonegriddles.ca\/product\/original-17-tabletop-griddle\/","name":"Gril de table Blackstone Original Series 17\" - Grils Blackstone","isPartOf":{"@id":"https:\/\/blackstonegriddles.ca\/#website"},"primaryImageOfPage":{"@id":"https:\/\/blackstonegriddles.ca\/product\/original-17-tabletop-griddle\/#primaryimage"},"image":{"@id":"https:\/\/blackstonegriddles.ca\/product\/original-17-tabletop-griddle\/#primaryimage"},"thumbnailUrl":"https:\/\/blackstonegriddles.ca\/wp-content\/uploads\/2025\/01\/2142_17GriddleTabletopStainless_AmazonSequence_01-copy.webp","datePublished":"2025-01-15T22:15:46+00:00","dateModified":"2026-04-15T19:01:41+00:00","breadcrumb":{"@id":"https:\/\/blackstonegriddles.ca\/product\/original-17-tabletop-griddle\/#breadcrumb"},"inLanguage":"fr-CA","potentialAction":[{"@type":"ReadAction","target":["https:\/\/blackstonegriddles.ca\/product\/original-17-tabletop-griddle\/"]}]},{"@type":"ImageObject","inLanguage":"fr-CA","@id":"https:\/\/blackstonegriddles.ca\/product\/original-17-tabletop-griddle\/#primaryimage","url":"https:\/\/blackstonegriddles.ca\/wp-content\/uploads\/2025\/01\/2142_17GriddleTabletopStainless_AmazonSequence_01-copy.webp","contentUrl":"https:\/\/blackstonegriddles.ca\/wp-content\/uploads\/2025\/01\/2142_17GriddleTabletopStainless_AmazonSequence_01-copy.webp","width":2201,"height":2201,"caption":"17 Griddle Table top Stainless"},{"@type":"BreadcrumbList","@id":"https:\/\/blackstonegriddles.ca\/product\/original-17-tabletop-griddle\/#breadcrumb","itemListElement":[{"@type":"ListItem","position":1,"name":"Home","item":"https:\/\/blackstonegriddles.ca\/"},{"@type":"ListItem","position":2,"name":"Shop","item":"https:\/\/blackstonegriddles.ca\/shop\/"},{"@type":"ListItem","position":3,"name":"Blackstone Original Series 17\u201d Tabletop Griddle"}]},{"@type":"WebSite","@id":"https:\/\/blackstonegriddles.ca\/#website","url":"https:\/\/blackstonegriddles.ca\/","name":"Grils Blackstone Canada","description":"Blackstone Griddles distributeur officiel agr\u00e9\u00e9 Canada","publisher":{"@id":"https:\/\/blackstonegriddles.ca\/#organization"},"potentialAction":[{"@type":"SearchAction","target":{"@type":"EntryPoint","urlTemplate":"https:\/\/blackstonegriddles.ca\/?s={search_term_string}"},"query-input":{"@type":"PropertyValueSpecification","valueRequired":true,"valueName":"search_term_string"}}],"inLanguage":"fr-CA"},{"@type":"Organization","@id":"https:\/\/blackstonegriddles.ca\/#organization","name":"Grils Blackstone Canada","url":"https:\/\/blackstonegriddles.ca\/","logo":{"@type":"ImageObject","inLanguage":"fr-CA","@id":"https:\/\/blackstonegriddles.ca\/#\/schema\/logo\/image\/","url":"https:\/\/blackstonegriddles.ca\/wp-content\/uploads\/2025\/02\/blackstone-fire-logo.webp","contentUrl":"https:\/\/blackstonegriddles.ca\/wp-content\/uploads\/2025\/02\/blackstone-fire-logo.webp","width":53,"height":58,"caption":"Blackstone Griddles Canada"},"image":{"@id":"https:\/\/blackstonegriddles.ca\/#\/schema\/logo\/image\/"},"sameAs":["https:\/\/www.facebook.com\/blackstoneproducts\/","https:\/\/x.com\/weareblackstone","https:\/\/www.instagram.com\/blackstoneproducts\/","https:\/\/www.youtube.com\/channel\/UCr39rimir8y3p-q1iQYidVA"]}]}},"_links":{"self":[{"href":"https:\/\/blackstonegriddles.ca\/fr\/wp-json\/wp\/v2\/product\/46174","targetHints":{"allow":["GET"]}}],"collection":[{"href":"https:\/\/blackstonegriddles.ca\/fr\/wp-json\/wp\/v2\/product"}],"about":[{"href":"https:\/\/blackstonegriddles.ca\/fr\/wp-json\/wp\/v2\/types\/product"}],"wp:featuredmedia":[{"embeddable":true,"href":"https:\/\/blackstonegriddles.ca\/fr\/wp-json\/wp\/v2\/media\/46175"}],"wp:attachment":[{"href":"https:\/\/blackstonegriddles.ca\/fr\/wp-json\/wp\/v2\/media?parent=46174"}],"wp:term":[{"taxonomy":"product_brand","embeddable":true,"href":"https:\/\/blackstonegriddles.ca\/fr\/wp-json\/wp\/v2\/product_brand?post=46174"},{"taxonomy":"product_cat","embeddable":true,"href":"https:\/\/blackstonegriddles.ca\/fr\/wp-json\/wp\/v2\/product_cat?post=46174"},{"taxonomy":"product_tag","embeddable":true,"href":"https:\/\/blackstonegriddles.ca\/fr\/wp-json\/wp\/v2\/product_tag?post=46174"}],"curies":[{"name":"wp","href":"https:\/\/api.w.org\/{rel}","templated":true}]}}