{"id":46880,"date":"2025-04-09T20:03:39","date_gmt":"2025-04-09T20:03:39","guid":{"rendered":"https:\/\/blackstonegriddles.ca\/?post_type=product&#038;p=46880"},"modified":"2026-04-20T19:30:55","modified_gmt":"2026-04-20T19:30:55","slug":"28-chute-dans-lenveloppe-isolante-de-la-plaque-de-cuisson","status":"publish","type":"product","link":"https:\/\/blackstonegriddles.ca\/fr\/product\/28-drop-in-griddle-insulating-jacket\/","title":{"rendered":"28\u2033 Drop-in Griddle Veste isolante"},"content":{"rendered":"<ul class=\"features-specs-list\">\n<li class=\"acumin\">L'enveloppe isolante est configur\u00e9e pour s'adapter \u00e0 la plaque de cuisson Blackstone 3 Burner Drop-In Griddle (compatible avec les configurations gaz naturel et propane de la plaque de cuisson).<\/li>\n<li class=\"acumin\">Fabriqu\u00e9 en acier inoxydable 304<\/li>\n<li class=\"acumin\">\u00c9quip\u00e9 d'un syst\u00e8me de drainage de l'eau et d'un port pour le passage des c\u00e2bles et des services publics.<\/li>\n<li class=\"acumin\">Bride de comptoir incluse pour s'int\u00e9grer parfaitement \u00e0 votre comptoir<\/li>\n<li class=\"acumin\">N\u00e9cessite un soutien de la sous-structure<\/li>\n<li class=\"acumin\">N\u00e9cessaire pour l'installation d'une plaque de cuisson Blackstone 3 Burner Drop-in Griddle dans un environnement combustible.<\/li>\n<li class=\"acumin\">Garantie de 3 ans<\/li>\n<li class=\"acumin\">Dimensions : Hauteur : 9.16\" Largeur : 35.392\" Profondeur : 26.09\"<\/li>\n<\/ul>","protected":false},"excerpt":{"rendered":"<p>La s\u00e9curit\u00e9 avant tout avec cette gaine isolante de 28\". Con\u00e7ue pour le gril encastrable \u00e0 3 br\u00fbleurs Blackstone, cette gaine isolante est essentielle lors de l'installation du gril encastrable dans une enceinte combustible telle qu'une cuisine ext\u00e9rieure ou un \u00eelot de barbecue. Construite en acier inoxydable 304 durable, elle est dot\u00e9e d'un syst\u00e8me d'\u00e9vacuation de l'eau et d'un port d'acheminement des c\u00e2bles. Cette gaine isolante n\u00e9cessite un support de sous-structure. Ajoutez une couche de protection sans faille \u00e0 votre cuisine ext\u00e9rieure et profitez de la tranquillit\u00e9 d'esprit qu'elle procure.<\/p>","protected":false},"featured_media":46879,"template":"","meta":[],"product_brand":[],"product_cat":[224],"product_tag":[],"class_list":{"0":"post-46880","1":"product","2":"type-product","3":"status-publish","4":"has-post-thumbnail","6":"product_cat-outdoor-living","7":"product_shipping_class-accessories","9":"first","10":"instock","11":"taxable","12":"shipping-taxable","13":"purchasable","14":"product-type-simple"},"yoast_head":"<!-- This site is optimized with the Yoast SEO plugin v27.5 - https:\/\/yoast.com\/product\/yoast-seo-wordpress\/ -->\n<title>28&quot; Drop-in Griddle Insulating Jacket - Blackstone Griddles<\/title>\n<meta name=\"robots\" content=\"index, follow, max-snippet:-1, max-image-preview:large, max-video-preview:-1\" \/>\n<link rel=\"canonical\" href=\"https:\/\/blackstonegriddles.ca\/fr\/produit\/28-chute-dans-lenveloppe-isolante-de-la-plaque-de-cuisson\/\" \/>\n<meta property=\"og:locale\" content=\"fr_CA\" \/>\n<meta property=\"og:type\" content=\"article\" \/>\n<meta property=\"og:title\" content=\"28&quot; Drop-in Griddle Insulating Jacket - Blackstone Griddles\" \/>\n<meta property=\"og:description\" content=\"It\u2019s safety first with this 28\u201d Insulating Jacket. Designed for the Blackstone 3 Burner Drop-In Griddle, this Insulated Jacket is essential when installing the Drop-In Griddle into a combustible enclosure such as an outdoor kitchen or BBQ Island. Constructed of durable 304 Stainless Steel with a water drainage system and cable utility routing port. This Insulating Jacket requires substructure support. Add a layer of seamless protection to your outdoor kitchen and enjoy the peace of mind it brings.\" \/>\n<meta property=\"og:url\" content=\"https:\/\/blackstonegriddles.ca\/fr\/produit\/28-chute-dans-lenveloppe-isolante-de-la-plaque-de-cuisson\/\" \/>\n<meta property=\"og:site_name\" content=\"Blackstone Griddles\" \/>\n<meta property=\"article:publisher\" content=\"https:\/\/www.facebook.com\/blackstoneproducts\/\" \/>\n<meta property=\"article:modified_time\" content=\"2026-04-20T19:30:55+00:00\" \/>\n<meta property=\"og:image\" content=\"https:\/\/blackstonegriddles.ca\/wp-content\/uploads\/2025\/03\/36-Drop-in-Griddle-Insulating-Jacket-.webp\" \/>\n\t<meta property=\"og:image:width\" content=\"800\" \/>\n\t<meta property=\"og:image:height\" content=\"358\" \/>\n\t<meta property=\"og:image:type\" content=\"image\/webp\" \/>\n<meta name=\"twitter:card\" content=\"summary_large_image\" \/>\n<meta name=\"twitter:site\" content=\"@weareblackstone\" \/>\n<meta name=\"twitter:label1\" content=\"Estimation du temps de lecture\" \/>\n\t<meta name=\"twitter:data1\" content=\"1 minute\" \/>\n<script type=\"application\/ld+json\" class=\"yoast-schema-graph\">{\"@context\":\"https:\\\/\\\/schema.org\",\"@graph\":[{\"@type\":\"WebPage\",\"@id\":\"https:\\\/\\\/blackstonegriddles.ca\\\/product\\\/28-drop-in-griddle-insulating-jacket\\\/\",\"url\":\"https:\\\/\\\/blackstonegriddles.ca\\\/product\\\/28-drop-in-griddle-insulating-jacket\\\/\",\"name\":\"28\\\" Drop-in Griddle Insulating Jacket - Blackstone Griddles\",\"isPartOf\":{\"@id\":\"https:\\\/\\\/blackstonegriddles.ca\\\/#website\"},\"primaryImageOfPage\":{\"@id\":\"https:\\\/\\\/blackstonegriddles.ca\\\/product\\\/28-drop-in-griddle-insulating-jacket\\\/#primaryimage\"},\"image\":{\"@id\":\"https:\\\/\\\/blackstonegriddles.ca\\\/product\\\/28-drop-in-griddle-insulating-jacket\\\/#primaryimage\"},\"thumbnailUrl\":\"https:\\\/\\\/blackstonegriddles.ca\\\/wp-content\\\/uploads\\\/2025\\\/03\\\/36-Drop-in-Griddle-Insulating-Jacket-.webp\",\"datePublished\":\"2025-04-09T20:03:39+00:00\",\"dateModified\":\"2026-04-20T19:30:55+00:00\",\"breadcrumb\":{\"@id\":\"https:\\\/\\\/blackstonegriddles.ca\\\/product\\\/28-drop-in-griddle-insulating-jacket\\\/#breadcrumb\"},\"inLanguage\":\"fr-CA\",\"potentialAction\":[{\"@type\":\"ReadAction\",\"target\":[\"https:\\\/\\\/blackstonegriddles.ca\\\/product\\\/28-drop-in-griddle-insulating-jacket\\\/\"]}]},{\"@type\":\"ImageObject\",\"inLanguage\":\"fr-CA\",\"@id\":\"https:\\\/\\\/blackstonegriddles.ca\\\/product\\\/28-drop-in-griddle-insulating-jacket\\\/#primaryimage\",\"url\":\"https:\\\/\\\/blackstonegriddles.ca\\\/wp-content\\\/uploads\\\/2025\\\/03\\\/36-Drop-in-Griddle-Insulating-Jacket-.webp\",\"contentUrl\":\"https:\\\/\\\/blackstonegriddles.ca\\\/wp-content\\\/uploads\\\/2025\\\/03\\\/36-Drop-in-Griddle-Insulating-Jacket-.webp\",\"width\":800,\"height\":358,\"caption\":\"an image of 36\\\/28 Drop-in Griddle Insulating Jacket\"},{\"@type\":\"BreadcrumbList\",\"@id\":\"https:\\\/\\\/blackstonegriddles.ca\\\/product\\\/28-drop-in-griddle-insulating-jacket\\\/#breadcrumb\",\"itemListElement\":[{\"@type\":\"ListItem\",\"position\":1,\"name\":\"Home\",\"item\":\"https:\\\/\\\/blackstonegriddles.ca\\\/\"},{\"@type\":\"ListItem\",\"position\":2,\"name\":\"Shop\",\"item\":\"https:\\\/\\\/blackstonegriddles.ca\\\/shop\\\/\"},{\"@type\":\"ListItem\",\"position\":3,\"name\":\"28&#8243; Drop-in Griddle Insulating Jacket\"}]},{\"@type\":\"WebSite\",\"@id\":\"https:\\\/\\\/blackstonegriddles.ca\\\/#website\",\"url\":\"https:\\\/\\\/blackstonegriddles.ca\\\/\",\"name\":\"Blackstone Griddles Canada\",\"description\":\"Blackstone Griddles official licensed dealer Canada\",\"publisher\":{\"@id\":\"https:\\\/\\\/blackstonegriddles.ca\\\/#organization\"},\"potentialAction\":[{\"@type\":\"SearchAction\",\"target\":{\"@type\":\"EntryPoint\",\"urlTemplate\":\"https:\\\/\\\/blackstonegriddles.ca\\\/?s={search_term_string}\"},\"query-input\":{\"@type\":\"PropertyValueSpecification\",\"valueRequired\":true,\"valueName\":\"search_term_string\"}}],\"inLanguage\":\"fr-CA\"},{\"@type\":\"Organization\",\"@id\":\"https:\\\/\\\/blackstonegriddles.ca\\\/#organization\",\"name\":\"Blackstone Griddles Canada\",\"url\":\"https:\\\/\\\/blackstonegriddles.ca\\\/\",\"logo\":{\"@type\":\"ImageObject\",\"inLanguage\":\"fr-CA\",\"@id\":\"https:\\\/\\\/blackstonegriddles.ca\\\/#\\\/schema\\\/logo\\\/image\\\/\",\"url\":\"https:\\\/\\\/blackstonegriddles.ca\\\/wp-content\\\/uploads\\\/2025\\\/02\\\/blackstone-fire-logo.webp\",\"contentUrl\":\"https:\\\/\\\/blackstonegriddles.ca\\\/wp-content\\\/uploads\\\/2025\\\/02\\\/blackstone-fire-logo.webp\",\"width\":53,\"height\":58,\"caption\":\"Blackstone Griddles Canada\"},\"image\":{\"@id\":\"https:\\\/\\\/blackstonegriddles.ca\\\/#\\\/schema\\\/logo\\\/image\\\/\"},\"sameAs\":[\"https:\\\/\\\/www.facebook.com\\\/blackstoneproducts\\\/\",\"https:\\\/\\\/x.com\\\/weareblackstone\",\"https:\\\/\\\/www.instagram.com\\\/blackstoneproducts\\\/\",\"https:\\\/\\\/www.youtube.com\\\/channel\\\/UCr39rimir8y3p-q1iQYidVA\"]}]}<\/script>\n<!-- \/ Yoast SEO plugin. -->","yoast_head_json":{"title":"Veste isolante pour gril de 28\" - Blackstone Griddles","robots":{"index":"index","follow":"follow","max-snippet":"max-snippet:-1","max-image-preview":"max-image-preview:large","max-video-preview":"max-video-preview:-1"},"canonical":"https:\/\/blackstonegriddles.ca\/fr\/produit\/28-chute-dans-lenveloppe-isolante-de-la-plaque-de-cuisson\/","og_locale":"fr_CA","og_type":"article","og_title":"28\" Drop-in Griddle Insulating Jacket - Blackstone Griddles","og_description":"It\u2019s safety first with this 28\u201d Insulating Jacket. Designed for the Blackstone 3 Burner Drop-In Griddle, this Insulated Jacket is essential when installing the Drop-In Griddle into a combustible enclosure such as an outdoor kitchen or BBQ Island. Constructed of durable 304 Stainless Steel with a water drainage system and cable utility routing port. This Insulating Jacket requires substructure support. Add a layer of seamless protection to your outdoor kitchen and enjoy the peace of mind it brings.","og_url":"https:\/\/blackstonegriddles.ca\/fr\/produit\/28-chute-dans-lenveloppe-isolante-de-la-plaque-de-cuisson\/","og_site_name":"Blackstone Griddles","article_publisher":"https:\/\/www.facebook.com\/blackstoneproducts\/","article_modified_time":"2026-04-20T19:30:55+00:00","og_image":[{"width":800,"height":358,"url":"https:\/\/blackstonegriddles.ca\/wp-content\/uploads\/2025\/03\/36-Drop-in-Griddle-Insulating-Jacket-.webp","type":"image\/webp"}],"twitter_card":"summary_large_image","twitter_site":"@weareblackstone","twitter_misc":{"Estimation du temps de lecture":"1 minute"},"schema":{"@context":"https:\/\/schema.org","@graph":[{"@type":"WebPage","@id":"https:\/\/blackstonegriddles.ca\/product\/28-drop-in-griddle-insulating-jacket\/","url":"https:\/\/blackstonegriddles.ca\/product\/28-drop-in-griddle-insulating-jacket\/","name":"Veste isolante pour gril de 28\" - Blackstone Griddles","isPartOf":{"@id":"https:\/\/blackstonegriddles.ca\/#website"},"primaryImageOfPage":{"@id":"https:\/\/blackstonegriddles.ca\/product\/28-drop-in-griddle-insulating-jacket\/#primaryimage"},"image":{"@id":"https:\/\/blackstonegriddles.ca\/product\/28-drop-in-griddle-insulating-jacket\/#primaryimage"},"thumbnailUrl":"https:\/\/blackstonegriddles.ca\/wp-content\/uploads\/2025\/03\/36-Drop-in-Griddle-Insulating-Jacket-.webp","datePublished":"2025-04-09T20:03:39+00:00","dateModified":"2026-04-20T19:30:55+00:00","breadcrumb":{"@id":"https:\/\/blackstonegriddles.ca\/product\/28-drop-in-griddle-insulating-jacket\/#breadcrumb"},"inLanguage":"fr-CA","potentialAction":[{"@type":"ReadAction","target":["https:\/\/blackstonegriddles.ca\/product\/28-drop-in-griddle-insulating-jacket\/"]}]},{"@type":"ImageObject","inLanguage":"fr-CA","@id":"https:\/\/blackstonegriddles.ca\/product\/28-drop-in-griddle-insulating-jacket\/#primaryimage","url":"https:\/\/blackstonegriddles.ca\/wp-content\/uploads\/2025\/03\/36-Drop-in-Griddle-Insulating-Jacket-.webp","contentUrl":"https:\/\/blackstonegriddles.ca\/wp-content\/uploads\/2025\/03\/36-Drop-in-Griddle-Insulating-Jacket-.webp","width":800,"height":358,"caption":"an image of 36\/28 Drop-in Griddle Insulating Jacket"},{"@type":"BreadcrumbList","@id":"https:\/\/blackstonegriddles.ca\/product\/28-drop-in-griddle-insulating-jacket\/#breadcrumb","itemListElement":[{"@type":"ListItem","position":1,"name":"Home","item":"https:\/\/blackstonegriddles.ca\/"},{"@type":"ListItem","position":2,"name":"Shop","item":"https:\/\/blackstonegriddles.ca\/shop\/"},{"@type":"ListItem","position":3,"name":"28&#8243; Drop-in Griddle Insulating Jacket"}]},{"@type":"WebSite","@id":"https:\/\/blackstonegriddles.ca\/#website","url":"https:\/\/blackstonegriddles.ca\/","name":"Grils Blackstone Canada","description":"Blackstone Griddles distributeur officiel agr\u00e9\u00e9 Canada","publisher":{"@id":"https:\/\/blackstonegriddles.ca\/#organization"},"potentialAction":[{"@type":"SearchAction","target":{"@type":"EntryPoint","urlTemplate":"https:\/\/blackstonegriddles.ca\/?s={search_term_string}"},"query-input":{"@type":"PropertyValueSpecification","valueRequired":true,"valueName":"search_term_string"}}],"inLanguage":"fr-CA"},{"@type":"Organization","@id":"https:\/\/blackstonegriddles.ca\/#organization","name":"Grils Blackstone Canada","url":"https:\/\/blackstonegriddles.ca\/","logo":{"@type":"ImageObject","inLanguage":"fr-CA","@id":"https:\/\/blackstonegriddles.ca\/#\/schema\/logo\/image\/","url":"https:\/\/blackstonegriddles.ca\/wp-content\/uploads\/2025\/02\/blackstone-fire-logo.webp","contentUrl":"https:\/\/blackstonegriddles.ca\/wp-content\/uploads\/2025\/02\/blackstone-fire-logo.webp","width":53,"height":58,"caption":"Blackstone Griddles Canada"},"image":{"@id":"https:\/\/blackstonegriddles.ca\/#\/schema\/logo\/image\/"},"sameAs":["https:\/\/www.facebook.com\/blackstoneproducts\/","https:\/\/x.com\/weareblackstone","https:\/\/www.instagram.com\/blackstoneproducts\/","https:\/\/www.youtube.com\/channel\/UCr39rimir8y3p-q1iQYidVA"]}]}},"_links":{"self":[{"href":"https:\/\/blackstonegriddles.ca\/fr\/wp-json\/wp\/v2\/product\/46880","targetHints":{"allow":["GET"]}}],"collection":[{"href":"https:\/\/blackstonegriddles.ca\/fr\/wp-json\/wp\/v2\/product"}],"about":[{"href":"https:\/\/blackstonegriddles.ca\/fr\/wp-json\/wp\/v2\/types\/product"}],"wp:featuredmedia":[{"embeddable":true,"href":"https:\/\/blackstonegriddles.ca\/fr\/wp-json\/wp\/v2\/media\/46879"}],"wp:attachment":[{"href":"https:\/\/blackstonegriddles.ca\/fr\/wp-json\/wp\/v2\/media?parent=46880"}],"wp:term":[{"taxonomy":"product_brand","embeddable":true,"href":"https:\/\/blackstonegriddles.ca\/fr\/wp-json\/wp\/v2\/product_brand?post=46880"},{"taxonomy":"product_cat","embeddable":true,"href":"https:\/\/blackstonegriddles.ca\/fr\/wp-json\/wp\/v2\/product_cat?post=46880"},{"taxonomy":"product_tag","embeddable":true,"href":"https:\/\/blackstonegriddles.ca\/fr\/wp-json\/wp\/v2\/product_tag?post=46880"}],"curies":[{"name":"wp","href":"https:\/\/api.w.org\/{rel}","templated":true}]}}