{"id":46896,"date":"2025-04-09T20:00:32","date_gmt":"2025-04-09T20:00:32","guid":{"rendered":"https:\/\/blackstonegriddles.ca\/?post_type=product&#038;p=46896"},"modified":"2026-05-09T12:00:23","modified_gmt":"2026-05-09T12:00:23","slug":"kit-de-restauration-de-la-plaque-de-cuisson","status":"publish","type":"product","link":"https:\/\/blackstonegriddles.ca\/fr\/product\/griddle-top-restoration-kit\/","title":{"rendered":"Kit de restauration de la plaque de gril"},"content":{"rendered":"<ul>\n<li data-section-id=\"1u7z52f\" data-start=\"683\" data-end=\"783\"><strong data-start=\"685\" data-end=\"718\">Solution de restauration compl\u00e8te<\/strong><br data-start=\"718\" data-end=\"721\" \/>Con\u00e7u pour nettoyer et rafra\u00eechir votre dessus de plaque et votre station<\/li>\n<li data-section-id=\"aqi7na\" data-start=\"785\" data-end=\"887\"><strong data-start=\"787\" data-end=\"813\">Nettoyage toutes surfaces<\/strong><br data-start=\"813\" data-end=\"816\" \/>Le d\u00e9graissant \u00e9limine la graisse des \u00e9tag\u00e8res, des boutons et des zones environnantes<\/li>\n<li data-section-id=\"bsslsh\" data-start=\"889\" data-end=\"990\"><strong data-start=\"891\" data-end=\"918\">Restauration de la plaque de cuisson<\/strong><br data-start=\"918\" data-end=\"921\" \/>Le restorer et le scrubber aident \u00e0 renouveler et \u00e0 entretenir la surface de cuisson<\/li>\n<li data-section-id=\"1kb63e4\" data-start=\"992\" data-end=\"1072\"><strong data-start=\"994\" data-end=\"1014\">Entretien facile<\/strong><br data-start=\"1014\" data-end=\"1017\" \/>Prend en charge le nettoyage r\u00e9gulier et la restauration en profondeur<\/li>\n<\/ul>","protected":false},"excerpt":{"rendered":"<p data-start=\"157\" data-end=\"378\">Donnez \u00e0 votre plaque de cuisson l'attention qu'elle m\u00e9rite avec le kit de restauration de plaque de cuisson Blackstone. Con\u00e7u pour rafra\u00eechir votre plaque de cuisson et les surfaces environnantes, ce kit aide \u00e0 restaurer les performances et \u00e0 maintenir un espace de cuisson propre.<\/p>\n<p data-start=\"380\" data-end=\"655\">Utilisez le d\u00e9graissant pour \u00e9liminer la graisse et l'accumulation sur les \u00e9tag\u00e8res, les boutons et autres zones, tandis que le r\u00e9novateur et la brosse travaillent ensemble pour redonner vie \u00e0 la surface de votre plaque chauffante. Id\u00e9al pour l'entretien courant ou un nettoyage en profondeur, ce kit permet de maintenir votre plaque chauffante en parfait \u00e9tat.<\/p>","protected":false},"featured_media":46907,"template":"","meta":[],"product_brand":[],"product_cat":[138,263],"product_tag":[],"class_list":{"0":"post-46896","1":"product","2":"type-product","3":"status-publish","4":"has-post-thumbnail","6":"product_cat-accessories","7":"product_cat-conditioners-cleaning","8":"product_shipping_class-accessories","10":"first","11":"instock","12":"taxable","13":"shipping-taxable","14":"purchasable","15":"product-type-simple"},"yoast_head":"<!-- This site is optimized with the Yoast SEO plugin v27.5 - https:\/\/yoast.com\/product\/yoast-seo-wordpress\/ -->\n<title>Griddle Top Restoration Kit - Blackstone Griddles<\/title>\n<meta name=\"robots\" content=\"index, follow, max-snippet:-1, max-image-preview:large, max-video-preview:-1\" \/>\n<link rel=\"canonical\" href=\"https:\/\/blackstonegriddles.ca\/fr\/produit\/kit-de-restauration-de-la-plaque-de-cuisson\/\" \/>\n<meta property=\"og:locale\" content=\"fr_CA\" \/>\n<meta property=\"og:type\" content=\"article\" \/>\n<meta property=\"og:title\" content=\"Griddle Top Restoration Kit - Blackstone Griddles\" \/>\n<meta property=\"og:description\" content=\"Give your griddle the care it needs with the Blackstone Griddle Restoration Kit. Designed to refresh both your griddle top and surrounding surfaces, this kit helps restore performance and maintain a clean cooking setup. Use the degreaser to remove grease and buildup from shelves, knobs, and other areas, while the restorer and scrubber work together to bring your griddle surface back to life. Ideal for routine maintenance or deeper cleaning, this kit helps keep your griddle in top condition.\" \/>\n<meta property=\"og:url\" content=\"https:\/\/blackstonegriddles.ca\/fr\/produit\/kit-de-restauration-de-la-plaque-de-cuisson\/\" \/>\n<meta property=\"og:site_name\" content=\"Blackstone Griddles\" \/>\n<meta property=\"article:publisher\" content=\"https:\/\/www.facebook.com\/blackstoneproducts\/\" \/>\n<meta property=\"article:modified_time\" content=\"2026-05-09T12:00:23+00:00\" \/>\n<meta property=\"og:image\" content=\"https:\/\/blackstonegriddles.ca\/wp-content\/uploads\/2025\/03\/Griddle-Top-Restoration-Kit.webp\" \/>\n\t<meta property=\"og:image:width\" content=\"800\" \/>\n\t<meta property=\"og:image:height\" content=\"800\" \/>\n\t<meta property=\"og:image:type\" content=\"image\/webp\" \/>\n<meta name=\"twitter:card\" content=\"summary_large_image\" \/>\n<meta name=\"twitter:site\" content=\"@weareblackstone\" \/>\n<meta name=\"twitter:label1\" content=\"Estimation du temps de lecture\" \/>\n\t<meta name=\"twitter:data1\" content=\"1 minute\" \/>\n<script type=\"application\/ld+json\" class=\"yoast-schema-graph\">{\"@context\":\"https:\\\/\\\/schema.org\",\"@graph\":[{\"@type\":\"WebPage\",\"@id\":\"https:\\\/\\\/blackstonegriddles.ca\\\/product\\\/griddle-top-restoration-kit\\\/\",\"url\":\"https:\\\/\\\/blackstonegriddles.ca\\\/product\\\/griddle-top-restoration-kit\\\/\",\"name\":\"Griddle Top Restoration Kit - Blackstone Griddles\",\"isPartOf\":{\"@id\":\"https:\\\/\\\/blackstonegriddles.ca\\\/#website\"},\"primaryImageOfPage\":{\"@id\":\"https:\\\/\\\/blackstonegriddles.ca\\\/product\\\/griddle-top-restoration-kit\\\/#primaryimage\"},\"image\":{\"@id\":\"https:\\\/\\\/blackstonegriddles.ca\\\/product\\\/griddle-top-restoration-kit\\\/#primaryimage\"},\"thumbnailUrl\":\"https:\\\/\\\/blackstonegriddles.ca\\\/wp-content\\\/uploads\\\/2025\\\/03\\\/Griddle-Top-Restoration-Kit.webp\",\"datePublished\":\"2025-04-09T20:00:32+00:00\",\"dateModified\":\"2026-05-09T12:00:23+00:00\",\"breadcrumb\":{\"@id\":\"https:\\\/\\\/blackstonegriddles.ca\\\/product\\\/griddle-top-restoration-kit\\\/#breadcrumb\"},\"inLanguage\":\"fr-CA\",\"potentialAction\":[{\"@type\":\"ReadAction\",\"target\":[\"https:\\\/\\\/blackstonegriddles.ca\\\/product\\\/griddle-top-restoration-kit\\\/\"]}]},{\"@type\":\"ImageObject\",\"inLanguage\":\"fr-CA\",\"@id\":\"https:\\\/\\\/blackstonegriddles.ca\\\/product\\\/griddle-top-restoration-kit\\\/#primaryimage\",\"url\":\"https:\\\/\\\/blackstonegriddles.ca\\\/wp-content\\\/uploads\\\/2025\\\/03\\\/Griddle-Top-Restoration-Kit.webp\",\"contentUrl\":\"https:\\\/\\\/blackstonegriddles.ca\\\/wp-content\\\/uploads\\\/2025\\\/03\\\/Griddle-Top-Restoration-Kit.webp\",\"width\":800,\"height\":800,\"caption\":\"Griddle Top Restoration Kit\"},{\"@type\":\"BreadcrumbList\",\"@id\":\"https:\\\/\\\/blackstonegriddles.ca\\\/product\\\/griddle-top-restoration-kit\\\/#breadcrumb\",\"itemListElement\":[{\"@type\":\"ListItem\",\"position\":1,\"name\":\"Home\",\"item\":\"https:\\\/\\\/blackstonegriddles.ca\\\/\"},{\"@type\":\"ListItem\",\"position\":2,\"name\":\"Shop\",\"item\":\"https:\\\/\\\/blackstonegriddles.ca\\\/shop\\\/\"},{\"@type\":\"ListItem\",\"position\":3,\"name\":\"Griddle Top Restoration Kit\"}]},{\"@type\":\"WebSite\",\"@id\":\"https:\\\/\\\/blackstonegriddles.ca\\\/#website\",\"url\":\"https:\\\/\\\/blackstonegriddles.ca\\\/\",\"name\":\"Blackstone Griddles Canada\",\"description\":\"Blackstone Griddles official licensed dealer Canada\",\"publisher\":{\"@id\":\"https:\\\/\\\/blackstonegriddles.ca\\\/#organization\"},\"potentialAction\":[{\"@type\":\"SearchAction\",\"target\":{\"@type\":\"EntryPoint\",\"urlTemplate\":\"https:\\\/\\\/blackstonegriddles.ca\\\/?s={search_term_string}\"},\"query-input\":{\"@type\":\"PropertyValueSpecification\",\"valueRequired\":true,\"valueName\":\"search_term_string\"}}],\"inLanguage\":\"fr-CA\"},{\"@type\":\"Organization\",\"@id\":\"https:\\\/\\\/blackstonegriddles.ca\\\/#organization\",\"name\":\"Blackstone Griddles Canada\",\"url\":\"https:\\\/\\\/blackstonegriddles.ca\\\/\",\"logo\":{\"@type\":\"ImageObject\",\"inLanguage\":\"fr-CA\",\"@id\":\"https:\\\/\\\/blackstonegriddles.ca\\\/#\\\/schema\\\/logo\\\/image\\\/\",\"url\":\"https:\\\/\\\/blackstonegriddles.ca\\\/wp-content\\\/uploads\\\/2025\\\/02\\\/blackstone-fire-logo.webp\",\"contentUrl\":\"https:\\\/\\\/blackstonegriddles.ca\\\/wp-content\\\/uploads\\\/2025\\\/02\\\/blackstone-fire-logo.webp\",\"width\":53,\"height\":58,\"caption\":\"Blackstone Griddles Canada\"},\"image\":{\"@id\":\"https:\\\/\\\/blackstonegriddles.ca\\\/#\\\/schema\\\/logo\\\/image\\\/\"},\"sameAs\":[\"https:\\\/\\\/www.facebook.com\\\/blackstoneproducts\\\/\",\"https:\\\/\\\/x.com\\\/weareblackstone\",\"https:\\\/\\\/www.instagram.com\\\/blackstoneproducts\\\/\",\"https:\\\/\\\/www.youtube.com\\\/channel\\\/UCr39rimir8y3p-q1iQYidVA\"]}]}<\/script>\n<!-- \/ Yoast SEO plugin. -->","yoast_head_json":{"title":"Kit de restauration du dessus de gril - Blackstone Griddles","robots":{"index":"index","follow":"follow","max-snippet":"max-snippet:-1","max-image-preview":"max-image-preview:large","max-video-preview":"max-video-preview:-1"},"canonical":"https:\/\/blackstonegriddles.ca\/fr\/produit\/kit-de-restauration-de-la-plaque-de-cuisson\/","og_locale":"fr_CA","og_type":"article","og_title":"Griddle Top Restoration Kit - Blackstone Griddles","og_description":"Give your griddle the care it needs with the Blackstone Griddle Restoration Kit. Designed to refresh both your griddle top and surrounding surfaces, this kit helps restore performance and maintain a clean cooking setup. Use the degreaser to remove grease and buildup from shelves, knobs, and other areas, while the restorer and scrubber work together to bring your griddle surface back to life. Ideal for routine maintenance or deeper cleaning, this kit helps keep your griddle in top condition.","og_url":"https:\/\/blackstonegriddles.ca\/fr\/produit\/kit-de-restauration-de-la-plaque-de-cuisson\/","og_site_name":"Blackstone Griddles","article_publisher":"https:\/\/www.facebook.com\/blackstoneproducts\/","article_modified_time":"2026-05-09T12:00:23+00:00","og_image":[{"width":800,"height":800,"url":"https:\/\/blackstonegriddles.ca\/wp-content\/uploads\/2025\/03\/Griddle-Top-Restoration-Kit.webp","type":"image\/webp"}],"twitter_card":"summary_large_image","twitter_site":"@weareblackstone","twitter_misc":{"Estimation du temps de lecture":"1 minute"},"schema":{"@context":"https:\/\/schema.org","@graph":[{"@type":"WebPage","@id":"https:\/\/blackstonegriddles.ca\/product\/griddle-top-restoration-kit\/","url":"https:\/\/blackstonegriddles.ca\/product\/griddle-top-restoration-kit\/","name":"Kit de restauration du dessus de gril - Blackstone Griddles","isPartOf":{"@id":"https:\/\/blackstonegriddles.ca\/#website"},"primaryImageOfPage":{"@id":"https:\/\/blackstonegriddles.ca\/product\/griddle-top-restoration-kit\/#primaryimage"},"image":{"@id":"https:\/\/blackstonegriddles.ca\/product\/griddle-top-restoration-kit\/#primaryimage"},"thumbnailUrl":"https:\/\/blackstonegriddles.ca\/wp-content\/uploads\/2025\/03\/Griddle-Top-Restoration-Kit.webp","datePublished":"2025-04-09T20:00:32+00:00","dateModified":"2026-05-09T12:00:23+00:00","breadcrumb":{"@id":"https:\/\/blackstonegriddles.ca\/product\/griddle-top-restoration-kit\/#breadcrumb"},"inLanguage":"fr-CA","potentialAction":[{"@type":"ReadAction","target":["https:\/\/blackstonegriddles.ca\/product\/griddle-top-restoration-kit\/"]}]},{"@type":"ImageObject","inLanguage":"fr-CA","@id":"https:\/\/blackstonegriddles.ca\/product\/griddle-top-restoration-kit\/#primaryimage","url":"https:\/\/blackstonegriddles.ca\/wp-content\/uploads\/2025\/03\/Griddle-Top-Restoration-Kit.webp","contentUrl":"https:\/\/blackstonegriddles.ca\/wp-content\/uploads\/2025\/03\/Griddle-Top-Restoration-Kit.webp","width":800,"height":800,"caption":"Griddle Top Restoration Kit"},{"@type":"BreadcrumbList","@id":"https:\/\/blackstonegriddles.ca\/product\/griddle-top-restoration-kit\/#breadcrumb","itemListElement":[{"@type":"ListItem","position":1,"name":"Home","item":"https:\/\/blackstonegriddles.ca\/"},{"@type":"ListItem","position":2,"name":"Shop","item":"https:\/\/blackstonegriddles.ca\/shop\/"},{"@type":"ListItem","position":3,"name":"Griddle Top Restoration Kit"}]},{"@type":"WebSite","@id":"https:\/\/blackstonegriddles.ca\/#website","url":"https:\/\/blackstonegriddles.ca\/","name":"Grils Blackstone Canada","description":"Blackstone Griddles distributeur officiel agr\u00e9\u00e9 Canada","publisher":{"@id":"https:\/\/blackstonegriddles.ca\/#organization"},"potentialAction":[{"@type":"SearchAction","target":{"@type":"EntryPoint","urlTemplate":"https:\/\/blackstonegriddles.ca\/?s={search_term_string}"},"query-input":{"@type":"PropertyValueSpecification","valueRequired":true,"valueName":"search_term_string"}}],"inLanguage":"fr-CA"},{"@type":"Organization","@id":"https:\/\/blackstonegriddles.ca\/#organization","name":"Grils Blackstone Canada","url":"https:\/\/blackstonegriddles.ca\/","logo":{"@type":"ImageObject","inLanguage":"fr-CA","@id":"https:\/\/blackstonegriddles.ca\/#\/schema\/logo\/image\/","url":"https:\/\/blackstonegriddles.ca\/wp-content\/uploads\/2025\/02\/blackstone-fire-logo.webp","contentUrl":"https:\/\/blackstonegriddles.ca\/wp-content\/uploads\/2025\/02\/blackstone-fire-logo.webp","width":53,"height":58,"caption":"Blackstone Griddles Canada"},"image":{"@id":"https:\/\/blackstonegriddles.ca\/#\/schema\/logo\/image\/"},"sameAs":["https:\/\/www.facebook.com\/blackstoneproducts\/","https:\/\/x.com\/weareblackstone","https:\/\/www.instagram.com\/blackstoneproducts\/","https:\/\/www.youtube.com\/channel\/UCr39rimir8y3p-q1iQYidVA"]}]}},"_links":{"self":[{"href":"https:\/\/blackstonegriddles.ca\/fr\/wp-json\/wp\/v2\/product\/46896","targetHints":{"allow":["GET"]}}],"collection":[{"href":"https:\/\/blackstonegriddles.ca\/fr\/wp-json\/wp\/v2\/product"}],"about":[{"href":"https:\/\/blackstonegriddles.ca\/fr\/wp-json\/wp\/v2\/types\/product"}],"wp:featuredmedia":[{"embeddable":true,"href":"https:\/\/blackstonegriddles.ca\/fr\/wp-json\/wp\/v2\/media\/46907"}],"wp:attachment":[{"href":"https:\/\/blackstonegriddles.ca\/fr\/wp-json\/wp\/v2\/media?parent=46896"}],"wp:term":[{"taxonomy":"product_brand","embeddable":true,"href":"https:\/\/blackstonegriddles.ca\/fr\/wp-json\/wp\/v2\/product_brand?post=46896"},{"taxonomy":"product_cat","embeddable":true,"href":"https:\/\/blackstonegriddles.ca\/fr\/wp-json\/wp\/v2\/product_cat?post=46896"},{"taxonomy":"product_tag","embeddable":true,"href":"https:\/\/blackstonegriddles.ca\/fr\/wp-json\/wp\/v2\/product_tag?post=46896"}],"curies":[{"name":"wp","href":"https:\/\/api.w.org\/{rel}","templated":true}]}}