{"id":46899,"date":"2025-03-27T15:45:02","date_gmt":"2025-03-27T15:45:02","guid":{"rendered":"https:\/\/blackstonegriddles.ca\/?post_type=product&#038;p=46899"},"modified":"2026-01-28T20:25:03","modified_gmt":"2026-01-28T20:25:03","slug":"culinary-series-burger-kit-4-pc-2","status":"publish","type":"product","link":"https:\/\/blackstonegriddles.ca\/fr\/product\/culinary-series-burger-kit-4-pc-2\/","title":{"rendered":"Blackstone Culinary Series 4-Piece Smash Burger Accessory Kit (Kit d'accessoires Smash Burger)"},"content":{"rendered":"<div class=\"tabs-information-layout\">\n<div class=\"tabs-information-content\">\n<div id=\"tabs-information\" class=\"col-md-12 tabs-information\">\n<div class=\"col-md-12 tabs-content\">\n<div class=\"tab-content\">\n<div id=\"desc\" class=\"tab-pane active\">\n<ul>\n<li>Une spatule \u00e0 hamburger XL - acier inoxydable, bords biseaut\u00e9s et poign\u00e9e en plastique<\/li>\n<li>Presse hamburger 6 pouces - acier inoxydable et poign\u00e9e en plastique<\/li>\n<li>D\u00f4me \u00e0 r\u00f4tir de 12 pouces - acier inoxydable et poign\u00e9e en plastique<\/li>\n<li>25 feuilles de papier sulfuris\u00e9 recouvertes de silicone, 8 x 8 pouces<\/li>\n<li>Le d\u00f4me \u00e0 badigeonner, la spatule \u00e0 hamburger XL et la presse \u00e0 hamburger vont au lave-vaisselle.<\/li>\n<\/ul>\n<\/div>\n<\/div>\n<\/div>\n<\/div>\n<\/div>\n<\/div>\n<div class=\"related-products-layout\">\n<div class=\"related-products-content related-products-full\">\n<div class=\"related-products\">\n<div class=\"page-title\"><\/div>\n<\/div>\n<\/div>\n<\/div>","protected":false},"excerpt":{"rendered":"<div class=\"description\">\u00a0Le fait d'\u00e9craser son hamburger est une technique utilis\u00e9e dans le monde entier dans les meilleurs restaurants de hamburgers. En pressant et en saisissant vos hamburgers, vous en emprisonnez toute la saveur, tout en cr\u00e9ant cette cro\u00fbte de hamburger tr\u00e8s convoit\u00e9e. La large spatule \u00e0 hamburger Blackstone est id\u00e9ale pour retourner ces hamburgers et steaks monstrueux. Le papier sulfuris\u00e9 est parfait pour tapisser vos ustensiles de cuisine et pr\u00e9parer des hamburgers. Ce papier parchemin est s\u00fbr jusqu'\u00e0 420 degr\u00e9s Fahrenheit. De plus, sa nature r\u00e9sistante \u00e0 la graisse et \u00e0 l'humidit\u00e9 le rend id\u00e9al pour la cuisson du poisson et le r\u00f4tissage des l\u00e9gumes.<\/div>\n<div class=\"product-options no-options\">\n<div class=\"purchase-section\">\n<div class=\"quantity-wrapper clearfix\">\n<div class=\"wrapper\"><\/div>\n<\/div>\n<\/div>\n<\/div>","protected":false},"featured_media":25098,"template":"","meta":[],"product_brand":[],"product_cat":[138,262],"product_tag":[],"class_list":{"0":"post-46899","1":"product","2":"type-product","3":"status-publish","4":"has-post-thumbnail","6":"product_cat-accessories","7":"product_cat-tool-kits","8":"product_shipping_class-accessories","10":"first","11":"outofstock","12":"taxable","13":"shipping-taxable","14":"purchasable","15":"product-type-simple"},"yoast_head":"<!-- This site is optimized with the Yoast SEO plugin v27.4 - https:\/\/yoast.com\/product\/yoast-seo-wordpress\/ -->\n<title>Blackstone Culinary Series 4-Piece Smash Burger Accessory Kit - Blackstone Griddles<\/title>\n<meta name=\"robots\" content=\"index, follow, max-snippet:-1, max-image-preview:large, max-video-preview:-1\" \/>\n<link rel=\"canonical\" href=\"https:\/\/blackstonegriddles.ca\/fr\/produit\/culinary-series-burger-kit-4-pc-2\/\" \/>\n<meta property=\"og:locale\" content=\"fr_CA\" \/>\n<meta property=\"og:type\" content=\"article\" \/>\n<meta property=\"og:title\" content=\"Blackstone Culinary Series 4-Piece Smash Burger Accessory Kit - Blackstone Griddles\" \/>\n<meta property=\"og:description\" content=\"\u00a0The act of smashing your burger is a technique used around the world in the best burger joints. By pressing and searing your burgers you lock in all the flavor, while simultaneously creating that coveted smash burger crust. The Blackstone heavy duty wide Hamburger Spatula is ideal for flipping over those monster burgers and steaks. The parchment paper is perfect for lining your cookware and making smash burgers. This parchment paper is safe up to 420 degrees Fahrenheit.\u00a0Plus, its grease and moisture-resistant nature makes it\u00a0great for cooking fish and roasting vegetables.\" \/>\n<meta property=\"og:url\" content=\"https:\/\/blackstonegriddles.ca\/fr\/produit\/culinary-series-burger-kit-4-pc-2\/\" \/>\n<meta property=\"og:site_name\" content=\"Blackstone Griddles\" \/>\n<meta property=\"article:publisher\" content=\"https:\/\/www.facebook.com\/blackstoneproducts\/\" \/>\n<meta property=\"article:modified_time\" content=\"2026-01-28T20:25:03+00:00\" \/>\n<meta property=\"og:image\" content=\"https:\/\/blackstonegriddles.ca\/wp-content\/uploads\/2022\/01\/5326.jpeg\" \/>\n\t<meta property=\"og:image:width\" content=\"587\" \/>\n\t<meta property=\"og:image:height\" content=\"586\" \/>\n\t<meta property=\"og:image:type\" content=\"image\/jpeg\" \/>\n<meta name=\"twitter:card\" content=\"summary_large_image\" \/>\n<meta name=\"twitter:site\" content=\"@weareblackstone\" \/>\n<meta name=\"twitter:label1\" content=\"Estimation du temps de lecture\" \/>\n\t<meta name=\"twitter:data1\" content=\"1 minute\" \/>\n<script type=\"application\/ld+json\" class=\"yoast-schema-graph\">{\"@context\":\"https:\\\/\\\/schema.org\",\"@graph\":[{\"@type\":\"WebPage\",\"@id\":\"https:\\\/\\\/blackstonegriddles.ca\\\/product\\\/culinary-series-burger-kit-4-pc-2\\\/\",\"url\":\"https:\\\/\\\/blackstonegriddles.ca\\\/product\\\/culinary-series-burger-kit-4-pc-2\\\/\",\"name\":\"Blackstone Culinary Series 4-Piece Smash Burger Accessory Kit - Blackstone Griddles\",\"isPartOf\":{\"@id\":\"https:\\\/\\\/blackstonegriddles.ca\\\/#website\"},\"primaryImageOfPage\":{\"@id\":\"https:\\\/\\\/blackstonegriddles.ca\\\/product\\\/culinary-series-burger-kit-4-pc-2\\\/#primaryimage\"},\"image\":{\"@id\":\"https:\\\/\\\/blackstonegriddles.ca\\\/product\\\/culinary-series-burger-kit-4-pc-2\\\/#primaryimage\"},\"thumbnailUrl\":\"https:\\\/\\\/blackstonegriddles.ca\\\/wp-content\\\/uploads\\\/2022\\\/01\\\/5326.jpeg\",\"datePublished\":\"2025-03-27T15:45:02+00:00\",\"dateModified\":\"2026-01-28T20:25:03+00:00\",\"breadcrumb\":{\"@id\":\"https:\\\/\\\/blackstonegriddles.ca\\\/product\\\/culinary-series-burger-kit-4-pc-2\\\/#breadcrumb\"},\"inLanguage\":\"fr-CA\",\"potentialAction\":[{\"@type\":\"ReadAction\",\"target\":[\"https:\\\/\\\/blackstonegriddles.ca\\\/product\\\/culinary-series-burger-kit-4-pc-2\\\/\"]}]},{\"@type\":\"ImageObject\",\"inLanguage\":\"fr-CA\",\"@id\":\"https:\\\/\\\/blackstonegriddles.ca\\\/product\\\/culinary-series-burger-kit-4-pc-2\\\/#primaryimage\",\"url\":\"https:\\\/\\\/blackstonegriddles.ca\\\/wp-content\\\/uploads\\\/2022\\\/01\\\/5326.jpeg\",\"contentUrl\":\"https:\\\/\\\/blackstonegriddles.ca\\\/wp-content\\\/uploads\\\/2022\\\/01\\\/5326.jpeg\",\"width\":587,\"height\":586},{\"@type\":\"BreadcrumbList\",\"@id\":\"https:\\\/\\\/blackstonegriddles.ca\\\/product\\\/culinary-series-burger-kit-4-pc-2\\\/#breadcrumb\",\"itemListElement\":[{\"@type\":\"ListItem\",\"position\":1,\"name\":\"Home\",\"item\":\"https:\\\/\\\/blackstonegriddles.ca\\\/\"},{\"@type\":\"ListItem\",\"position\":2,\"name\":\"Shop\",\"item\":\"https:\\\/\\\/blackstonegriddles.ca\\\/shop\\\/\"},{\"@type\":\"ListItem\",\"position\":3,\"name\":\"Blackstone Culinary Series 4-Piece Smash Burger Accessory Kit\"}]},{\"@type\":\"WebSite\",\"@id\":\"https:\\\/\\\/blackstonegriddles.ca\\\/#website\",\"url\":\"https:\\\/\\\/blackstonegriddles.ca\\\/\",\"name\":\"Blackstone Griddles Canada\",\"description\":\"Blackstone Griddles official licensed dealer Canada\",\"publisher\":{\"@id\":\"https:\\\/\\\/blackstonegriddles.ca\\\/#organization\"},\"potentialAction\":[{\"@type\":\"SearchAction\",\"target\":{\"@type\":\"EntryPoint\",\"urlTemplate\":\"https:\\\/\\\/blackstonegriddles.ca\\\/?s={search_term_string}\"},\"query-input\":{\"@type\":\"PropertyValueSpecification\",\"valueRequired\":true,\"valueName\":\"search_term_string\"}}],\"inLanguage\":\"fr-CA\"},{\"@type\":\"Organization\",\"@id\":\"https:\\\/\\\/blackstonegriddles.ca\\\/#organization\",\"name\":\"Blackstone Griddles Canada\",\"url\":\"https:\\\/\\\/blackstonegriddles.ca\\\/\",\"logo\":{\"@type\":\"ImageObject\",\"inLanguage\":\"fr-CA\",\"@id\":\"https:\\\/\\\/blackstonegriddles.ca\\\/#\\\/schema\\\/logo\\\/image\\\/\",\"url\":\"https:\\\/\\\/blackstonegriddles.ca\\\/wp-content\\\/uploads\\\/2025\\\/02\\\/blackstone-fire-logo.webp\",\"contentUrl\":\"https:\\\/\\\/blackstonegriddles.ca\\\/wp-content\\\/uploads\\\/2025\\\/02\\\/blackstone-fire-logo.webp\",\"width\":53,\"height\":58,\"caption\":\"Blackstone Griddles Canada\"},\"image\":{\"@id\":\"https:\\\/\\\/blackstonegriddles.ca\\\/#\\\/schema\\\/logo\\\/image\\\/\"},\"sameAs\":[\"https:\\\/\\\/www.facebook.com\\\/blackstoneproducts\\\/\",\"https:\\\/\\\/x.com\\\/weareblackstone\",\"https:\\\/\\\/www.instagram.com\\\/blackstoneproducts\\\/\",\"https:\\\/\\\/www.youtube.com\\\/channel\\\/UCr39rimir8y3p-q1iQYidVA\"]}]}<\/script>\n<!-- \/ Yoast SEO plugin. -->","yoast_head_json":{"title":"Blackstone Culinary Series 4-Piece Smash Burger Accessory Kit - Blackstone Griddles","robots":{"index":"index","follow":"follow","max-snippet":"max-snippet:-1","max-image-preview":"max-image-preview:large","max-video-preview":"max-video-preview:-1"},"canonical":"https:\/\/blackstonegriddles.ca\/fr\/produit\/culinary-series-burger-kit-4-pc-2\/","og_locale":"fr_CA","og_type":"article","og_title":"Blackstone Culinary Series 4-Piece Smash Burger Accessory Kit - Blackstone Griddles","og_description":"\u00a0The act of smashing your burger is a technique used around the world in the best burger joints. By pressing and searing your burgers you lock in all the flavor, while simultaneously creating that coveted smash burger crust. The Blackstone heavy duty wide Hamburger Spatula is ideal for flipping over those monster burgers and steaks. The parchment paper is perfect for lining your cookware and making smash burgers. This parchment paper is safe up to 420 degrees Fahrenheit.\u00a0Plus, its grease and moisture-resistant nature makes it\u00a0great for cooking fish and roasting vegetables.","og_url":"https:\/\/blackstonegriddles.ca\/fr\/produit\/culinary-series-burger-kit-4-pc-2\/","og_site_name":"Blackstone Griddles","article_publisher":"https:\/\/www.facebook.com\/blackstoneproducts\/","article_modified_time":"2026-01-28T20:25:03+00:00","og_image":[{"width":587,"height":586,"url":"https:\/\/blackstonegriddles.ca\/wp-content\/uploads\/2022\/01\/5326.jpeg","type":"image\/jpeg"}],"twitter_card":"summary_large_image","twitter_site":"@weareblackstone","twitter_misc":{"Estimation du temps de lecture":"1 minute"},"schema":{"@context":"https:\/\/schema.org","@graph":[{"@type":"WebPage","@id":"https:\/\/blackstonegriddles.ca\/product\/culinary-series-burger-kit-4-pc-2\/","url":"https:\/\/blackstonegriddles.ca\/product\/culinary-series-burger-kit-4-pc-2\/","name":"Blackstone Culinary Series 4-Piece Smash Burger Accessory Kit - Blackstone Griddles","isPartOf":{"@id":"https:\/\/blackstonegriddles.ca\/#website"},"primaryImageOfPage":{"@id":"https:\/\/blackstonegriddles.ca\/product\/culinary-series-burger-kit-4-pc-2\/#primaryimage"},"image":{"@id":"https:\/\/blackstonegriddles.ca\/product\/culinary-series-burger-kit-4-pc-2\/#primaryimage"},"thumbnailUrl":"https:\/\/blackstonegriddles.ca\/wp-content\/uploads\/2022\/01\/5326.jpeg","datePublished":"2025-03-27T15:45:02+00:00","dateModified":"2026-01-28T20:25:03+00:00","breadcrumb":{"@id":"https:\/\/blackstonegriddles.ca\/product\/culinary-series-burger-kit-4-pc-2\/#breadcrumb"},"inLanguage":"fr-CA","potentialAction":[{"@type":"ReadAction","target":["https:\/\/blackstonegriddles.ca\/product\/culinary-series-burger-kit-4-pc-2\/"]}]},{"@type":"ImageObject","inLanguage":"fr-CA","@id":"https:\/\/blackstonegriddles.ca\/product\/culinary-series-burger-kit-4-pc-2\/#primaryimage","url":"https:\/\/blackstonegriddles.ca\/wp-content\/uploads\/2022\/01\/5326.jpeg","contentUrl":"https:\/\/blackstonegriddles.ca\/wp-content\/uploads\/2022\/01\/5326.jpeg","width":587,"height":586},{"@type":"BreadcrumbList","@id":"https:\/\/blackstonegriddles.ca\/product\/culinary-series-burger-kit-4-pc-2\/#breadcrumb","itemListElement":[{"@type":"ListItem","position":1,"name":"Home","item":"https:\/\/blackstonegriddles.ca\/"},{"@type":"ListItem","position":2,"name":"Shop","item":"https:\/\/blackstonegriddles.ca\/shop\/"},{"@type":"ListItem","position":3,"name":"Blackstone Culinary Series 4-Piece Smash Burger Accessory Kit"}]},{"@type":"WebSite","@id":"https:\/\/blackstonegriddles.ca\/#website","url":"https:\/\/blackstonegriddles.ca\/","name":"Grils Blackstone Canada","description":"Blackstone Griddles distributeur officiel agr\u00e9\u00e9 Canada","publisher":{"@id":"https:\/\/blackstonegriddles.ca\/#organization"},"potentialAction":[{"@type":"SearchAction","target":{"@type":"EntryPoint","urlTemplate":"https:\/\/blackstonegriddles.ca\/?s={search_term_string}"},"query-input":{"@type":"PropertyValueSpecification","valueRequired":true,"valueName":"search_term_string"}}],"inLanguage":"fr-CA"},{"@type":"Organization","@id":"https:\/\/blackstonegriddles.ca\/#organization","name":"Grils Blackstone Canada","url":"https:\/\/blackstonegriddles.ca\/","logo":{"@type":"ImageObject","inLanguage":"fr-CA","@id":"https:\/\/blackstonegriddles.ca\/#\/schema\/logo\/image\/","url":"https:\/\/blackstonegriddles.ca\/wp-content\/uploads\/2025\/02\/blackstone-fire-logo.webp","contentUrl":"https:\/\/blackstonegriddles.ca\/wp-content\/uploads\/2025\/02\/blackstone-fire-logo.webp","width":53,"height":58,"caption":"Blackstone Griddles Canada"},"image":{"@id":"https:\/\/blackstonegriddles.ca\/#\/schema\/logo\/image\/"},"sameAs":["https:\/\/www.facebook.com\/blackstoneproducts\/","https:\/\/x.com\/weareblackstone","https:\/\/www.instagram.com\/blackstoneproducts\/","https:\/\/www.youtube.com\/channel\/UCr39rimir8y3p-q1iQYidVA"]}]}},"_links":{"self":[{"href":"https:\/\/blackstonegriddles.ca\/fr\/wp-json\/wp\/v2\/product\/46899","targetHints":{"allow":["GET"]}}],"collection":[{"href":"https:\/\/blackstonegriddles.ca\/fr\/wp-json\/wp\/v2\/product"}],"about":[{"href":"https:\/\/blackstonegriddles.ca\/fr\/wp-json\/wp\/v2\/types\/product"}],"wp:featuredmedia":[{"embeddable":true,"href":"https:\/\/blackstonegriddles.ca\/fr\/wp-json\/wp\/v2\/media\/25098"}],"wp:attachment":[{"href":"https:\/\/blackstonegriddles.ca\/fr\/wp-json\/wp\/v2\/media?parent=46899"}],"wp:term":[{"taxonomy":"product_brand","embeddable":true,"href":"https:\/\/blackstonegriddles.ca\/fr\/wp-json\/wp\/v2\/product_brand?post=46899"},{"taxonomy":"product_cat","embeddable":true,"href":"https:\/\/blackstonegriddles.ca\/fr\/wp-json\/wp\/v2\/product_cat?post=46899"},{"taxonomy":"product_tag","embeddable":true,"href":"https:\/\/blackstonegriddles.ca\/fr\/wp-json\/wp\/v2\/product_tag?post=46899"}],"curies":[{"name":"wp","href":"https:\/\/api.w.org\/{rel}","templated":true}]}}