{"id":47811,"date":"2025-05-07T15:56:54","date_gmt":"2025-05-07T15:56:54","guid":{"rendered":"https:\/\/blackstonegriddles.ca\/?post_type=product&#038;p=47811"},"modified":"2026-04-26T23:30:43","modified_gmt":"2026-04-26T23:30:43","slug":"original-17-tabletop-griddle-with-hood-2","status":"publish","type":"product","link":"https:\/\/blackstonegriddles.ca\/fr\/product\/original-17-tabletop-griddle-with-hood-2\/","title":{"rendered":"Original 17\u2033 Tabletop Griddle with Hood (gril de table avec hotte)"},"content":{"rendered":"<p>O\u00f9 que vous alliez, emportez votre Original 17\u2033 Tabletop Griddle avec Hood. Que vous fassiez du tailgating avant le grand match, du camping avec des amis ou un pique-nique dans le parc, la conception portable signifie que vous aurez de la nourriture de qualit\u00e9 restaurant avec vous o\u00f9 que vous alliez. Le syst\u00e8me de gestion des graisses \u00e0 l'arri\u00e8re pour un nettoyage facile et une zone de chaleur facile \u00e0 contr\u00f4ler pour une cuisson rapide et efficace vous permettent de pr\u00e9parer facilement le petit-d\u00e9jeuner, le d\u00e9jeuner et le d\u00eener lors de chaque aventure.<\/p>","protected":false},"excerpt":{"rendered":"<ul class=\"features-specs-list\">\n<li class=\"acumin\"><strong>Hotte int\u00e9gr\u00e9e :<\/strong>\u00a0Con\u00e7u pour prot\u00e9ger la surface de votre plancha et la garder propre entre les utilisations.<\/li>\n<li class=\"acumin\"><strong>Conception portable :<\/strong>\u00a0Emportez cette plancha avec vous dans toutes vos aventures.<\/li>\n<li class=\"acumin\"><strong>Zone de chaleur facilement contr\u00f4lable :<\/strong>\u00a0Cuisinez plus efficacement et mangez plus vite.<\/li>\n<li class=\"acumin\"><strong>Syst\u00e8me de gestion de la graisse \u00e0 l'arri\u00e8re :<\/strong>\u00a0Poussez la graisse et les d\u00e9bris alimentaires vers l'arri\u00e8re de la plaque pour faciliter le nettoyage.<\/li>\n<li class=\"acumin\"><strong>Allumage pi\u00e9zo\u00e9lectrique :<\/strong>\u00a0Syst\u00e8me d'allumage facile \u00e0 utiliser et fiable.<\/li>\n<\/ul>","protected":false},"featured_media":47812,"template":"","meta":[],"product_brand":[],"product_cat":[155],"product_tag":[],"class_list":{"0":"post-47811","1":"product","2":"type-product","3":"status-publish","4":"has-post-thumbnail","6":"product_cat-155","7":"product_shipping_class-17-griddles","9":"first","10":"instock","11":"taxable","12":"shipping-taxable","13":"purchasable","14":"product-type-simple"},"yoast_head":"<!-- This site is optimized with the Yoast SEO plugin v27.4 - https:\/\/yoast.com\/product\/yoast-seo-wordpress\/ -->\n<title>Original 17&quot; Tabletop Griddle with Hood - Blackstone Griddles<\/title>\n<meta name=\"robots\" content=\"index, follow, max-snippet:-1, max-image-preview:large, max-video-preview:-1\" \/>\n<link rel=\"canonical\" href=\"https:\/\/blackstonegriddles.ca\/fr\/produit\/original-17-tabletop-griddle-with-hood-2\/\" \/>\n<meta property=\"og:locale\" content=\"fr_CA\" \/>\n<meta property=\"og:type\" content=\"article\" \/>\n<meta property=\"og:title\" content=\"Original 17&quot; Tabletop Griddle with Hood - Blackstone Griddles\" \/>\n<meta property=\"og:description\" content=\"Built-in hood:\u00a0Designed to protect your griddle surface and keep it clean between uses\u202f.  Portable design:\u00a0Take this griddle with you on all your adventures.  Easily controlled heat zone:\u00a0Cook more efficiently and get to eating faster.  Rear Grease Management System:\u00a0Push grease and food debris to the back of the griddle for easy cleanup.  Piezo ignition:\u00a0Easy-to-use and reliable ignition system.\" \/>\n<meta property=\"og:url\" content=\"https:\/\/blackstonegriddles.ca\/fr\/produit\/original-17-tabletop-griddle-with-hood-2\/\" \/>\n<meta property=\"og:site_name\" content=\"Blackstone Griddles\" \/>\n<meta property=\"article:publisher\" content=\"https:\/\/www.facebook.com\/blackstoneproducts\/\" \/>\n<meta property=\"article:modified_time\" content=\"2026-04-26T23:30:43+00:00\" \/>\n<meta property=\"og:image\" content=\"https:\/\/blackstonegriddles.ca\/wp-content\/uploads\/2025\/05\/2143_17GriddlewithHood_WSQ_01.jpg\" \/>\n\t<meta property=\"og:image:width\" content=\"2201\" \/>\n\t<meta property=\"og:image:height\" content=\"2201\" \/>\n\t<meta property=\"og:image:type\" content=\"image\/jpeg\" \/>\n<meta name=\"twitter:card\" content=\"summary_large_image\" \/>\n<meta name=\"twitter:site\" content=\"@weareblackstone\" \/>\n<meta name=\"twitter:label1\" content=\"Estimation du temps de lecture\" \/>\n\t<meta name=\"twitter:data1\" content=\"1 minute\" \/>\n<script type=\"application\/ld+json\" class=\"yoast-schema-graph\">{\"@context\":\"https:\\\/\\\/schema.org\",\"@graph\":[{\"@type\":\"WebPage\",\"@id\":\"https:\\\/\\\/blackstonegriddles.ca\\\/product\\\/original-17-tabletop-griddle-with-hood-2\\\/\",\"url\":\"https:\\\/\\\/blackstonegriddles.ca\\\/product\\\/original-17-tabletop-griddle-with-hood-2\\\/\",\"name\":\"Original 17\\\" Tabletop Griddle with Hood - Blackstone Griddles\",\"isPartOf\":{\"@id\":\"https:\\\/\\\/blackstonegriddles.ca\\\/#website\"},\"primaryImageOfPage\":{\"@id\":\"https:\\\/\\\/blackstonegriddles.ca\\\/product\\\/original-17-tabletop-griddle-with-hood-2\\\/#primaryimage\"},\"image\":{\"@id\":\"https:\\\/\\\/blackstonegriddles.ca\\\/product\\\/original-17-tabletop-griddle-with-hood-2\\\/#primaryimage\"},\"thumbnailUrl\":\"https:\\\/\\\/blackstonegriddles.ca\\\/wp-content\\\/uploads\\\/2025\\\/05\\\/2143_17GriddlewithHood_WSQ_01.jpg\",\"datePublished\":\"2025-05-07T15:56:54+00:00\",\"dateModified\":\"2026-04-26T23:30:43+00:00\",\"breadcrumb\":{\"@id\":\"https:\\\/\\\/blackstonegriddles.ca\\\/product\\\/original-17-tabletop-griddle-with-hood-2\\\/#breadcrumb\"},\"inLanguage\":\"fr-CA\",\"potentialAction\":[{\"@type\":\"ReadAction\",\"target\":[\"https:\\\/\\\/blackstonegriddles.ca\\\/product\\\/original-17-tabletop-griddle-with-hood-2\\\/\"]}]},{\"@type\":\"ImageObject\",\"inLanguage\":\"fr-CA\",\"@id\":\"https:\\\/\\\/blackstonegriddles.ca\\\/product\\\/original-17-tabletop-griddle-with-hood-2\\\/#primaryimage\",\"url\":\"https:\\\/\\\/blackstonegriddles.ca\\\/wp-content\\\/uploads\\\/2025\\\/05\\\/2143_17GriddlewithHood_WSQ_01.jpg\",\"contentUrl\":\"https:\\\/\\\/blackstonegriddles.ca\\\/wp-content\\\/uploads\\\/2025\\\/05\\\/2143_17GriddlewithHood_WSQ_01.jpg\",\"width\":2201,\"height\":2201},{\"@type\":\"BreadcrumbList\",\"@id\":\"https:\\\/\\\/blackstonegriddles.ca\\\/product\\\/original-17-tabletop-griddle-with-hood-2\\\/#breadcrumb\",\"itemListElement\":[{\"@type\":\"ListItem\",\"position\":1,\"name\":\"Home\",\"item\":\"https:\\\/\\\/blackstonegriddles.ca\\\/\"},{\"@type\":\"ListItem\",\"position\":2,\"name\":\"Shop\",\"item\":\"https:\\\/\\\/blackstonegriddles.ca\\\/shop\\\/\"},{\"@type\":\"ListItem\",\"position\":3,\"name\":\"Original 17&#8243; Tabletop Griddle with Hood\"}]},{\"@type\":\"WebSite\",\"@id\":\"https:\\\/\\\/blackstonegriddles.ca\\\/#website\",\"url\":\"https:\\\/\\\/blackstonegriddles.ca\\\/\",\"name\":\"Blackstone Griddles Canada\",\"description\":\"Blackstone Griddles official licensed dealer Canada\",\"publisher\":{\"@id\":\"https:\\\/\\\/blackstonegriddles.ca\\\/#organization\"},\"potentialAction\":[{\"@type\":\"SearchAction\",\"target\":{\"@type\":\"EntryPoint\",\"urlTemplate\":\"https:\\\/\\\/blackstonegriddles.ca\\\/?s={search_term_string}\"},\"query-input\":{\"@type\":\"PropertyValueSpecification\",\"valueRequired\":true,\"valueName\":\"search_term_string\"}}],\"inLanguage\":\"fr-CA\"},{\"@type\":\"Organization\",\"@id\":\"https:\\\/\\\/blackstonegriddles.ca\\\/#organization\",\"name\":\"Blackstone Griddles Canada\",\"url\":\"https:\\\/\\\/blackstonegriddles.ca\\\/\",\"logo\":{\"@type\":\"ImageObject\",\"inLanguage\":\"fr-CA\",\"@id\":\"https:\\\/\\\/blackstonegriddles.ca\\\/#\\\/schema\\\/logo\\\/image\\\/\",\"url\":\"https:\\\/\\\/blackstonegriddles.ca\\\/wp-content\\\/uploads\\\/2025\\\/02\\\/blackstone-fire-logo.webp\",\"contentUrl\":\"https:\\\/\\\/blackstonegriddles.ca\\\/wp-content\\\/uploads\\\/2025\\\/02\\\/blackstone-fire-logo.webp\",\"width\":53,\"height\":58,\"caption\":\"Blackstone Griddles Canada\"},\"image\":{\"@id\":\"https:\\\/\\\/blackstonegriddles.ca\\\/#\\\/schema\\\/logo\\\/image\\\/\"},\"sameAs\":[\"https:\\\/\\\/www.facebook.com\\\/blackstoneproducts\\\/\",\"https:\\\/\\\/x.com\\\/weareblackstone\",\"https:\\\/\\\/www.instagram.com\\\/blackstoneproducts\\\/\",\"https:\\\/\\\/www.youtube.com\\\/channel\\\/UCr39rimir8y3p-q1iQYidVA\"]}]}<\/script>\n<!-- \/ Yoast SEO plugin. -->","yoast_head_json":{"title":"Original 17\" Tabletop Griddle with Hood - Blackstone Griddles","robots":{"index":"index","follow":"follow","max-snippet":"max-snippet:-1","max-image-preview":"max-image-preview:large","max-video-preview":"max-video-preview:-1"},"canonical":"https:\/\/blackstonegriddles.ca\/fr\/produit\/original-17-tabletop-griddle-with-hood-2\/","og_locale":"fr_CA","og_type":"article","og_title":"Original 17\" Tabletop Griddle with Hood - Blackstone Griddles","og_description":"Built-in hood:\u00a0Designed to protect your griddle surface and keep it clean between uses\u202f.  Portable design:\u00a0Take this griddle with you on all your adventures.  Easily controlled heat zone:\u00a0Cook more efficiently and get to eating faster.  Rear Grease Management System:\u00a0Push grease and food debris to the back of the griddle for easy cleanup.  Piezo ignition:\u00a0Easy-to-use and reliable ignition system.","og_url":"https:\/\/blackstonegriddles.ca\/fr\/produit\/original-17-tabletop-griddle-with-hood-2\/","og_site_name":"Blackstone Griddles","article_publisher":"https:\/\/www.facebook.com\/blackstoneproducts\/","article_modified_time":"2026-04-26T23:30:43+00:00","og_image":[{"width":2201,"height":2201,"url":"https:\/\/blackstonegriddles.ca\/wp-content\/uploads\/2025\/05\/2143_17GriddlewithHood_WSQ_01.jpg","type":"image\/jpeg"}],"twitter_card":"summary_large_image","twitter_site":"@weareblackstone","twitter_misc":{"Estimation du temps de lecture":"1 minute"},"schema":{"@context":"https:\/\/schema.org","@graph":[{"@type":"WebPage","@id":"https:\/\/blackstonegriddles.ca\/product\/original-17-tabletop-griddle-with-hood-2\/","url":"https:\/\/blackstonegriddles.ca\/product\/original-17-tabletop-griddle-with-hood-2\/","name":"Original 17\" Tabletop Griddle with Hood - Blackstone Griddles","isPartOf":{"@id":"https:\/\/blackstonegriddles.ca\/#website"},"primaryImageOfPage":{"@id":"https:\/\/blackstonegriddles.ca\/product\/original-17-tabletop-griddle-with-hood-2\/#primaryimage"},"image":{"@id":"https:\/\/blackstonegriddles.ca\/product\/original-17-tabletop-griddle-with-hood-2\/#primaryimage"},"thumbnailUrl":"https:\/\/blackstonegriddles.ca\/wp-content\/uploads\/2025\/05\/2143_17GriddlewithHood_WSQ_01.jpg","datePublished":"2025-05-07T15:56:54+00:00","dateModified":"2026-04-26T23:30:43+00:00","breadcrumb":{"@id":"https:\/\/blackstonegriddles.ca\/product\/original-17-tabletop-griddle-with-hood-2\/#breadcrumb"},"inLanguage":"fr-CA","potentialAction":[{"@type":"ReadAction","target":["https:\/\/blackstonegriddles.ca\/product\/original-17-tabletop-griddle-with-hood-2\/"]}]},{"@type":"ImageObject","inLanguage":"fr-CA","@id":"https:\/\/blackstonegriddles.ca\/product\/original-17-tabletop-griddle-with-hood-2\/#primaryimage","url":"https:\/\/blackstonegriddles.ca\/wp-content\/uploads\/2025\/05\/2143_17GriddlewithHood_WSQ_01.jpg","contentUrl":"https:\/\/blackstonegriddles.ca\/wp-content\/uploads\/2025\/05\/2143_17GriddlewithHood_WSQ_01.jpg","width":2201,"height":2201},{"@type":"BreadcrumbList","@id":"https:\/\/blackstonegriddles.ca\/product\/original-17-tabletop-griddle-with-hood-2\/#breadcrumb","itemListElement":[{"@type":"ListItem","position":1,"name":"Home","item":"https:\/\/blackstonegriddles.ca\/"},{"@type":"ListItem","position":2,"name":"Shop","item":"https:\/\/blackstonegriddles.ca\/shop\/"},{"@type":"ListItem","position":3,"name":"Original 17&#8243; Tabletop Griddle with Hood"}]},{"@type":"WebSite","@id":"https:\/\/blackstonegriddles.ca\/#website","url":"https:\/\/blackstonegriddles.ca\/","name":"Grils Blackstone Canada","description":"Blackstone Griddles distributeur officiel agr\u00e9\u00e9 Canada","publisher":{"@id":"https:\/\/blackstonegriddles.ca\/#organization"},"potentialAction":[{"@type":"SearchAction","target":{"@type":"EntryPoint","urlTemplate":"https:\/\/blackstonegriddles.ca\/?s={search_term_string}"},"query-input":{"@type":"PropertyValueSpecification","valueRequired":true,"valueName":"search_term_string"}}],"inLanguage":"fr-CA"},{"@type":"Organization","@id":"https:\/\/blackstonegriddles.ca\/#organization","name":"Grils Blackstone Canada","url":"https:\/\/blackstonegriddles.ca\/","logo":{"@type":"ImageObject","inLanguage":"fr-CA","@id":"https:\/\/blackstonegriddles.ca\/#\/schema\/logo\/image\/","url":"https:\/\/blackstonegriddles.ca\/wp-content\/uploads\/2025\/02\/blackstone-fire-logo.webp","contentUrl":"https:\/\/blackstonegriddles.ca\/wp-content\/uploads\/2025\/02\/blackstone-fire-logo.webp","width":53,"height":58,"caption":"Blackstone Griddles Canada"},"image":{"@id":"https:\/\/blackstonegriddles.ca\/#\/schema\/logo\/image\/"},"sameAs":["https:\/\/www.facebook.com\/blackstoneproducts\/","https:\/\/x.com\/weareblackstone","https:\/\/www.instagram.com\/blackstoneproducts\/","https:\/\/www.youtube.com\/channel\/UCr39rimir8y3p-q1iQYidVA"]}]}},"_links":{"self":[{"href":"https:\/\/blackstonegriddles.ca\/fr\/wp-json\/wp\/v2\/product\/47811","targetHints":{"allow":["GET"]}}],"collection":[{"href":"https:\/\/blackstonegriddles.ca\/fr\/wp-json\/wp\/v2\/product"}],"about":[{"href":"https:\/\/blackstonegriddles.ca\/fr\/wp-json\/wp\/v2\/types\/product"}],"wp:featuredmedia":[{"embeddable":true,"href":"https:\/\/blackstonegriddles.ca\/fr\/wp-json\/wp\/v2\/media\/47812"}],"wp:attachment":[{"href":"https:\/\/blackstonegriddles.ca\/fr\/wp-json\/wp\/v2\/media?parent=47811"}],"wp:term":[{"taxonomy":"product_brand","embeddable":true,"href":"https:\/\/blackstonegriddles.ca\/fr\/wp-json\/wp\/v2\/product_brand?post=47811"},{"taxonomy":"product_cat","embeddable":true,"href":"https:\/\/blackstonegriddles.ca\/fr\/wp-json\/wp\/v2\/product_cat?post=47811"},{"taxonomy":"product_tag","embeddable":true,"href":"https:\/\/blackstonegriddles.ca\/fr\/wp-json\/wp\/v2\/product_tag?post=47811"}],"curies":[{"name":"wp","href":"https:\/\/api.w.org\/{rel}","templated":true}]}}