{"id":47926,"date":"2025-05-13T13:33:11","date_gmt":"2025-05-13T13:33:11","guid":{"rendered":"https:\/\/blackstonegriddles.ca\/?post_type=product&#038;p=47926"},"modified":"2026-04-19T12:06:07","modified_gmt":"2026-04-19T12:06:07","slug":"blackstone-proseries-2-burner-22-propane-omnivore-griddle-with-dual-side-shelves","status":"publish","type":"product","link":"https:\/\/blackstonegriddles.ca\/fr\/product\/blackstone-proseries-2-burner-22-propane-omnivore-griddle-with-dual-side-shelves\/","title":{"rendered":"Blackstone ProSeries 2-Burner 22\u2033 Propane Omnivore Griddle with Dual Side Shelves (gril omnivore au propane avec deux tablettes lat\u00e9rales)"},"content":{"rendered":"<ul>\n<li>La plaque de gril Omnivore de Blackstone est con\u00e7ue et test\u00e9e pour avoir des temps de pr\u00e9chauffage et de r\u00e9cup\u00e9ration plus rapides, chauffer plus uniform\u00e9ment sur toute la surface du gril et utiliser moins de combustible pour maintenir une chaleur \u00e9lev\u00e9e.<\/li>\n<li>Utilisez l'armoire de rangement de la bouteille de propane pour ranger votre bouteille de propane.<\/li>\n<li>La hotte int\u00e9gr\u00e9e prot\u00e8ge la plaque de cuisson du contact direct avec les \u00e9l\u00e9ments et permet de la nettoyer entre deux utilisations.<\/li>\n<li>Deux \u00e9tag\u00e8res lat\u00e9rales avec crochets pour outils vous offrent un espace suppl\u00e9mentaire pour la pr\u00e9paration des repas et un acc\u00e8s facile \u00e0 vos outils de cuisine pour une cuisson plus efficace.<\/li>\n<li>361 pouces carr\u00e9s d'espace de cuisson avec deux zones de chaleur ind\u00e9pendantes<\/li>\n<li>Le syst\u00e8me brevet\u00e9 de gestion des graisses \u00e0 l'arri\u00e8re et le support pour essuie-tout facilitent le nettoyage.<\/li>\n<li>21 000 BTU - La plaque de cuisson Omni n\u00e9cessite moins de BTU pour maintenir des temp\u00e9ratures de cuisson optimales, ce qui permet d'utiliser moins de propane par cuisson.<\/li>\n<li>Garantie limit\u00e9e de 1 an<\/li>\n<\/ul>","protected":false},"excerpt":{"rendered":"<p>Le gril Blackstone Omnivore offre un pr\u00e9chauffage rapide, une chaleur uniforme et une efficacit\u00e9 \u00e9nerg\u00e9tique avec 21 000 BTU sur 361 pouces carr\u00e9s de cuisson \u00e0 deux zones. Les caract\u00e9ristiques comprennent une hotte int\u00e9gr\u00e9e, un syst\u00e8me de graissage arri\u00e8re, un rangement pour la bouteille de propane, des tablettes lat\u00e9rales avec crochets pour les outils et une garantie d'un an.<\/p>","protected":false},"featured_media":47932,"template":"","meta":[],"product_brand":[],"product_cat":[156,248,249],"product_tag":[],"class_list":{"0":"post-47926","1":"product","2":"type-product","3":"status-publish","4":"has-post-thumbnail","6":"product_cat-156","7":"product_cat-sale-featured","8":"product_cat-sale","9":"product_shipping_class-22-griddles","11":"first","12":"instock","13":"sale","14":"taxable","15":"shipping-taxable","16":"purchasable","17":"product-type-simple"},"yoast_head":"<!-- This site is optimized with the Yoast SEO plugin v27.4 - https:\/\/yoast.com\/product\/yoast-seo-wordpress\/ -->\n<title>Blackstone ProSeries 2-Burner 22&quot; Propane Omnivore Griddle with Dual Side Shelves - Blackstone Griddles<\/title>\n<meta name=\"robots\" content=\"index, follow, max-snippet:-1, max-image-preview:large, max-video-preview:-1\" \/>\n<link rel=\"canonical\" href=\"https:\/\/blackstonegriddles.ca\/fr\/produit\/blackstone-proseries-2-burner-22-propane-omnivore-griddle-with-dual-side-shelves\/\" \/>\n<meta property=\"og:locale\" content=\"fr_CA\" \/>\n<meta property=\"og:type\" content=\"article\" \/>\n<meta property=\"og:title\" content=\"Blackstone ProSeries 2-Burner 22&quot; Propane Omnivore Griddle with Dual Side Shelves - Blackstone Griddles\" \/>\n<meta property=\"og:description\" content=\"The Blackstone Omnivore Griddle offers fast preheat, even heat, and fuel efficiency with 21,000 BTUs over 361 sq. in. of dual-zone cooking. Features include a built-in hood, rear grease system, propane tank storage, side shelves with tool hooks, and a 1-year warranty.\" \/>\n<meta property=\"og:url\" content=\"https:\/\/blackstonegriddles.ca\/fr\/produit\/blackstone-proseries-2-burner-22-propane-omnivore-griddle-with-dual-side-shelves\/\" \/>\n<meta property=\"og:site_name\" content=\"Blackstone Griddles\" \/>\n<meta property=\"article:publisher\" content=\"https:\/\/www.facebook.com\/blackstoneproducts\/\" \/>\n<meta property=\"article:modified_time\" content=\"2026-04-19T12:06:07+00:00\" \/>\n<meta property=\"og:image\" content=\"https:\/\/blackstonegriddles.ca\/wp-content\/uploads\/2025\/05\/2414_main.jpg\" \/>\n\t<meta property=\"og:image:width\" content=\"590\" \/>\n\t<meta property=\"og:image:height\" content=\"706\" \/>\n\t<meta property=\"og:image:type\" content=\"image\/jpeg\" \/>\n<meta name=\"twitter:card\" content=\"summary_large_image\" \/>\n<meta name=\"twitter:site\" content=\"@weareblackstone\" \/>\n<meta name=\"twitter:label1\" content=\"Estimation du temps de lecture\" \/>\n\t<meta name=\"twitter:data1\" content=\"1 minute\" \/>\n<script type=\"application\/ld+json\" class=\"yoast-schema-graph\">{\"@context\":\"https:\\\/\\\/schema.org\",\"@graph\":[{\"@type\":\"WebPage\",\"@id\":\"https:\\\/\\\/blackstonegriddles.ca\\\/product\\\/blackstone-proseries-2-burner-22-propane-omnivore-griddle-with-dual-side-shelves\\\/\",\"url\":\"https:\\\/\\\/blackstonegriddles.ca\\\/product\\\/blackstone-proseries-2-burner-22-propane-omnivore-griddle-with-dual-side-shelves\\\/\",\"name\":\"Blackstone ProSeries 2-Burner 22\\\" Propane Omnivore Griddle with Dual Side Shelves - Blackstone Griddles\",\"isPartOf\":{\"@id\":\"https:\\\/\\\/blackstonegriddles.ca\\\/#website\"},\"primaryImageOfPage\":{\"@id\":\"https:\\\/\\\/blackstonegriddles.ca\\\/product\\\/blackstone-proseries-2-burner-22-propane-omnivore-griddle-with-dual-side-shelves\\\/#primaryimage\"},\"image\":{\"@id\":\"https:\\\/\\\/blackstonegriddles.ca\\\/product\\\/blackstone-proseries-2-burner-22-propane-omnivore-griddle-with-dual-side-shelves\\\/#primaryimage\"},\"thumbnailUrl\":\"https:\\\/\\\/blackstonegriddles.ca\\\/wp-content\\\/uploads\\\/2025\\\/05\\\/2414_main.jpg\",\"datePublished\":\"2025-05-13T13:33:11+00:00\",\"dateModified\":\"2026-04-19T12:06:07+00:00\",\"breadcrumb\":{\"@id\":\"https:\\\/\\\/blackstonegriddles.ca\\\/product\\\/blackstone-proseries-2-burner-22-propane-omnivore-griddle-with-dual-side-shelves\\\/#breadcrumb\"},\"inLanguage\":\"fr-CA\",\"potentialAction\":[{\"@type\":\"ReadAction\",\"target\":[\"https:\\\/\\\/blackstonegriddles.ca\\\/product\\\/blackstone-proseries-2-burner-22-propane-omnivore-griddle-with-dual-side-shelves\\\/\"]}]},{\"@type\":\"ImageObject\",\"inLanguage\":\"fr-CA\",\"@id\":\"https:\\\/\\\/blackstonegriddles.ca\\\/product\\\/blackstone-proseries-2-burner-22-propane-omnivore-griddle-with-dual-side-shelves\\\/#primaryimage\",\"url\":\"https:\\\/\\\/blackstonegriddles.ca\\\/wp-content\\\/uploads\\\/2025\\\/05\\\/2414_main.jpg\",\"contentUrl\":\"https:\\\/\\\/blackstonegriddles.ca\\\/wp-content\\\/uploads\\\/2025\\\/05\\\/2414_main.jpg\",\"width\":590,\"height\":706},{\"@type\":\"BreadcrumbList\",\"@id\":\"https:\\\/\\\/blackstonegriddles.ca\\\/product\\\/blackstone-proseries-2-burner-22-propane-omnivore-griddle-with-dual-side-shelves\\\/#breadcrumb\",\"itemListElement\":[{\"@type\":\"ListItem\",\"position\":1,\"name\":\"Home\",\"item\":\"https:\\\/\\\/blackstonegriddles.ca\\\/\"},{\"@type\":\"ListItem\",\"position\":2,\"name\":\"Shop\",\"item\":\"https:\\\/\\\/blackstonegriddles.ca\\\/shop\\\/\"},{\"@type\":\"ListItem\",\"position\":3,\"name\":\"Blackstone ProSeries 2-Burner 22&#8243; Propane Omnivore Griddle with Dual Side Shelves\"}]},{\"@type\":\"WebSite\",\"@id\":\"https:\\\/\\\/blackstonegriddles.ca\\\/#website\",\"url\":\"https:\\\/\\\/blackstonegriddles.ca\\\/\",\"name\":\"Blackstone Griddles Canada\",\"description\":\"Blackstone Griddles official licensed dealer Canada\",\"publisher\":{\"@id\":\"https:\\\/\\\/blackstonegriddles.ca\\\/#organization\"},\"potentialAction\":[{\"@type\":\"SearchAction\",\"target\":{\"@type\":\"EntryPoint\",\"urlTemplate\":\"https:\\\/\\\/blackstonegriddles.ca\\\/?s={search_term_string}\"},\"query-input\":{\"@type\":\"PropertyValueSpecification\",\"valueRequired\":true,\"valueName\":\"search_term_string\"}}],\"inLanguage\":\"fr-CA\"},{\"@type\":\"Organization\",\"@id\":\"https:\\\/\\\/blackstonegriddles.ca\\\/#organization\",\"name\":\"Blackstone Griddles Canada\",\"url\":\"https:\\\/\\\/blackstonegriddles.ca\\\/\",\"logo\":{\"@type\":\"ImageObject\",\"inLanguage\":\"fr-CA\",\"@id\":\"https:\\\/\\\/blackstonegriddles.ca\\\/#\\\/schema\\\/logo\\\/image\\\/\",\"url\":\"https:\\\/\\\/blackstonegriddles.ca\\\/wp-content\\\/uploads\\\/2025\\\/02\\\/blackstone-fire-logo.webp\",\"contentUrl\":\"https:\\\/\\\/blackstonegriddles.ca\\\/wp-content\\\/uploads\\\/2025\\\/02\\\/blackstone-fire-logo.webp\",\"width\":53,\"height\":58,\"caption\":\"Blackstone Griddles Canada\"},\"image\":{\"@id\":\"https:\\\/\\\/blackstonegriddles.ca\\\/#\\\/schema\\\/logo\\\/image\\\/\"},\"sameAs\":[\"https:\\\/\\\/www.facebook.com\\\/blackstoneproducts\\\/\",\"https:\\\/\\\/x.com\\\/weareblackstone\",\"https:\\\/\\\/www.instagram.com\\\/blackstoneproducts\\\/\",\"https:\\\/\\\/www.youtube.com\\\/channel\\\/UCr39rimir8y3p-q1iQYidVA\"]}]}<\/script>\n<!-- \/ Yoast SEO plugin. -->","yoast_head_json":{"title":"Blackstone ProSeries 2-Burner 22\" Propane Omnivore Griddle with Dual Side Shelves - Blackstone Griddles","robots":{"index":"index","follow":"follow","max-snippet":"max-snippet:-1","max-image-preview":"max-image-preview:large","max-video-preview":"max-video-preview:-1"},"canonical":"https:\/\/blackstonegriddles.ca\/fr\/produit\/blackstone-proseries-2-burner-22-propane-omnivore-griddle-with-dual-side-shelves\/","og_locale":"fr_CA","og_type":"article","og_title":"Blackstone ProSeries 2-Burner 22\" Propane Omnivore Griddle with Dual Side Shelves - Blackstone Griddles","og_description":"The Blackstone Omnivore Griddle offers fast preheat, even heat, and fuel efficiency with 21,000 BTUs over 361 sq. in. of dual-zone cooking. Features include a built-in hood, rear grease system, propane tank storage, side shelves with tool hooks, and a 1-year warranty.","og_url":"https:\/\/blackstonegriddles.ca\/fr\/produit\/blackstone-proseries-2-burner-22-propane-omnivore-griddle-with-dual-side-shelves\/","og_site_name":"Blackstone Griddles","article_publisher":"https:\/\/www.facebook.com\/blackstoneproducts\/","article_modified_time":"2026-04-19T12:06:07+00:00","og_image":[{"width":590,"height":706,"url":"https:\/\/blackstonegriddles.ca\/wp-content\/uploads\/2025\/05\/2414_main.jpg","type":"image\/jpeg"}],"twitter_card":"summary_large_image","twitter_site":"@weareblackstone","twitter_misc":{"Estimation du temps de lecture":"1 minute"},"schema":{"@context":"https:\/\/schema.org","@graph":[{"@type":"WebPage","@id":"https:\/\/blackstonegriddles.ca\/product\/blackstone-proseries-2-burner-22-propane-omnivore-griddle-with-dual-side-shelves\/","url":"https:\/\/blackstonegriddles.ca\/product\/blackstone-proseries-2-burner-22-propane-omnivore-griddle-with-dual-side-shelves\/","name":"Blackstone ProSeries 2-Burner 22\" Propane Omnivore Griddle with Dual Side Shelves - Blackstone Griddles","isPartOf":{"@id":"https:\/\/blackstonegriddles.ca\/#website"},"primaryImageOfPage":{"@id":"https:\/\/blackstonegriddles.ca\/product\/blackstone-proseries-2-burner-22-propane-omnivore-griddle-with-dual-side-shelves\/#primaryimage"},"image":{"@id":"https:\/\/blackstonegriddles.ca\/product\/blackstone-proseries-2-burner-22-propane-omnivore-griddle-with-dual-side-shelves\/#primaryimage"},"thumbnailUrl":"https:\/\/blackstonegriddles.ca\/wp-content\/uploads\/2025\/05\/2414_main.jpg","datePublished":"2025-05-13T13:33:11+00:00","dateModified":"2026-04-19T12:06:07+00:00","breadcrumb":{"@id":"https:\/\/blackstonegriddles.ca\/product\/blackstone-proseries-2-burner-22-propane-omnivore-griddle-with-dual-side-shelves\/#breadcrumb"},"inLanguage":"fr-CA","potentialAction":[{"@type":"ReadAction","target":["https:\/\/blackstonegriddles.ca\/product\/blackstone-proseries-2-burner-22-propane-omnivore-griddle-with-dual-side-shelves\/"]}]},{"@type":"ImageObject","inLanguage":"fr-CA","@id":"https:\/\/blackstonegriddles.ca\/product\/blackstone-proseries-2-burner-22-propane-omnivore-griddle-with-dual-side-shelves\/#primaryimage","url":"https:\/\/blackstonegriddles.ca\/wp-content\/uploads\/2025\/05\/2414_main.jpg","contentUrl":"https:\/\/blackstonegriddles.ca\/wp-content\/uploads\/2025\/05\/2414_main.jpg","width":590,"height":706},{"@type":"BreadcrumbList","@id":"https:\/\/blackstonegriddles.ca\/product\/blackstone-proseries-2-burner-22-propane-omnivore-griddle-with-dual-side-shelves\/#breadcrumb","itemListElement":[{"@type":"ListItem","position":1,"name":"Home","item":"https:\/\/blackstonegriddles.ca\/"},{"@type":"ListItem","position":2,"name":"Shop","item":"https:\/\/blackstonegriddles.ca\/shop\/"},{"@type":"ListItem","position":3,"name":"Blackstone ProSeries 2-Burner 22&#8243; Propane Omnivore Griddle with Dual Side Shelves"}]},{"@type":"WebSite","@id":"https:\/\/blackstonegriddles.ca\/#website","url":"https:\/\/blackstonegriddles.ca\/","name":"Grils Blackstone Canada","description":"Blackstone Griddles distributeur officiel agr\u00e9\u00e9 Canada","publisher":{"@id":"https:\/\/blackstonegriddles.ca\/#organization"},"potentialAction":[{"@type":"SearchAction","target":{"@type":"EntryPoint","urlTemplate":"https:\/\/blackstonegriddles.ca\/?s={search_term_string}"},"query-input":{"@type":"PropertyValueSpecification","valueRequired":true,"valueName":"search_term_string"}}],"inLanguage":"fr-CA"},{"@type":"Organization","@id":"https:\/\/blackstonegriddles.ca\/#organization","name":"Grils Blackstone Canada","url":"https:\/\/blackstonegriddles.ca\/","logo":{"@type":"ImageObject","inLanguage":"fr-CA","@id":"https:\/\/blackstonegriddles.ca\/#\/schema\/logo\/image\/","url":"https:\/\/blackstonegriddles.ca\/wp-content\/uploads\/2025\/02\/blackstone-fire-logo.webp","contentUrl":"https:\/\/blackstonegriddles.ca\/wp-content\/uploads\/2025\/02\/blackstone-fire-logo.webp","width":53,"height":58,"caption":"Blackstone Griddles Canada"},"image":{"@id":"https:\/\/blackstonegriddles.ca\/#\/schema\/logo\/image\/"},"sameAs":["https:\/\/www.facebook.com\/blackstoneproducts\/","https:\/\/x.com\/weareblackstone","https:\/\/www.instagram.com\/blackstoneproducts\/","https:\/\/www.youtube.com\/channel\/UCr39rimir8y3p-q1iQYidVA"]}]}},"_links":{"self":[{"href":"https:\/\/blackstonegriddles.ca\/fr\/wp-json\/wp\/v2\/product\/47926","targetHints":{"allow":["GET"]}}],"collection":[{"href":"https:\/\/blackstonegriddles.ca\/fr\/wp-json\/wp\/v2\/product"}],"about":[{"href":"https:\/\/blackstonegriddles.ca\/fr\/wp-json\/wp\/v2\/types\/product"}],"wp:featuredmedia":[{"embeddable":true,"href":"https:\/\/blackstonegriddles.ca\/fr\/wp-json\/wp\/v2\/media\/47932"}],"wp:attachment":[{"href":"https:\/\/blackstonegriddles.ca\/fr\/wp-json\/wp\/v2\/media?parent=47926"}],"wp:term":[{"taxonomy":"product_brand","embeddable":true,"href":"https:\/\/blackstonegriddles.ca\/fr\/wp-json\/wp\/v2\/product_brand?post=47926"},{"taxonomy":"product_cat","embeddable":true,"href":"https:\/\/blackstonegriddles.ca\/fr\/wp-json\/wp\/v2\/product_cat?post=47926"},{"taxonomy":"product_tag","embeddable":true,"href":"https:\/\/blackstonegriddles.ca\/fr\/wp-json\/wp\/v2\/product_tag?post=47926"}],"curies":[{"name":"wp","href":"https:\/\/api.w.org\/{rel}","templated":true}]}}