{"id":48005,"date":"2025-05-16T16:49:09","date_gmt":"2025-05-16T16:49:09","guid":{"rendered":"https:\/\/blackstonegriddles.ca\/?post_type=product&#038;p=48005"},"modified":"2026-04-20T15:09:01","modified_gmt":"2026-04-20T15:09:01","slug":"four-a-pizza-blackstone-16-propane","status":"publish","type":"product","link":"https:\/\/blackstonegriddles.ca\/fr\/product\/blackstone-16-propane-pizza-oven\/","title":{"rendered":"Blackstone\u00ae 16\u2033 Four \u00e0 pizza au propane et support mobile"},"content":{"rendered":"<p>Mod\u00e8le #6824<\/p>\n<ul>\n<li>Capable d'atteindre jusqu'\u00e0 900\u00b0 degr\u00e9s Fahrenheit.<\/li>\n<li>Base en fonte pour une r\u00e9partition uniforme de la chaleur sur la pierre du fond.<\/li>\n<li>Allumage \u00e9lectrique \u00e0 s\u00e9curit\u00e9 automatique.<\/li>\n<li>R\u00e9gulateur de haute pression r\u00e9glable.<\/li>\n<li>Base mobile d\u00e9tachable du chariot pour une utilisation sur le comptoir.<\/li>\n<li>Pierres en cordi\u00e9rite de 16\u2033 pour des pizzas jusqu'\u00e0 16\u2033 de diam\u00e8tre.<\/li>\n<li>Technologie brevet\u00e9e \u00e0 2 pierres, avec une pierre fixe sur le toit du four et une pierre rotative sur la base.<\/li>\n<li>Cuit les pizzas en 90 secondes seulement.<\/li>\n<li>4 roues pivotantes verrouillables.<\/li>\n<li>Berceau pour bouteille de propane en vrac \u00e0 la base du chariot (les bouteilles de propane sont vendues s\u00e9par\u00e9ment).<\/li>\n<\/ul>","protected":false},"excerpt":{"rendered":"<p><strong>Four \u00e0 pizza au propane pour l'ext\u00e9rieur Blackstone\u00ae - avec pierre rotative en cordi\u00e9rite de 16\u2033 et support mobile<br \/>\n<\/strong><\/p>\n<p data-start=\"226\" data-end=\"477\">Le four \u00e0 pizza Blackstone Pizza Series avec chariot est con\u00e7u pour apporter une cuisson fiable et homog\u00e8ne \u00e0 votre espace ext\u00e9rieur. Construit avec une pierre rotative et une chaleur constante au propane, il produit des pizzas uniform\u00e9ment cuites avec une base croustillante et une finition \u00e9quilibr\u00e9e.<\/p>\n<p data-start=\"479\" data-end=\"729\">Le chariot int\u00e9gr\u00e9 offre une surface de cuisson stable et une mobilit\u00e9 pratique, facilitant ainsi le positionnement du four o\u00f9 vous le souhaitez. Con\u00e7u avec soin pour un usage quotidien, il offre une configuration pratique pour les repas rapides comme pour les r\u00e9unions d\u00e9contract\u00e9es.<\/p>\n<p data-start=\"731\" data-end=\"876\">Que vous pr\u00e9pariez des pizzas classiques ou que vous essayiez quelque chose de nouveau, ce four offre des performances constantes dans un design simple et facile \u00e0 utiliser.<\/p>\n<p><strong>\u00a0<\/strong><\/p>","protected":false},"featured_media":48006,"template":"","meta":[],"product_brand":[],"product_cat":[198,249],"product_tag":[],"class_list":{"0":"post-48005","1":"product","2":"type-product","3":"status-publish","4":"has-post-thumbnail","6":"product_cat-pizza-series","7":"product_cat-sale","8":"product_shipping_class-pizza-oven-w-stand","10":"first","11":"instock","12":"sale","13":"taxable","14":"shipping-taxable","15":"purchasable","16":"product-type-simple"},"yoast_head":"<!-- This site is optimized with the Yoast SEO plugin v27.4 - https:\/\/yoast.com\/product\/yoast-seo-wordpress\/ -->\n<title>Blackstone\u00ae 16&quot; Propane Pizza Oven And Mobile Stand - Blackstone Griddles<\/title>\n<meta name=\"robots\" content=\"index, follow, max-snippet:-1, max-image-preview:large, max-video-preview:-1\" \/>\n<link rel=\"canonical\" href=\"https:\/\/blackstonegriddles.ca\/fr\/produit\/four-a-pizza-blackstone-16-propane\/\" \/>\n<meta property=\"og:locale\" content=\"fr_CA\" \/>\n<meta property=\"og:type\" content=\"article\" \/>\n<meta property=\"og:title\" content=\"Blackstone\u00ae 16&quot; Propane Pizza Oven And Mobile Stand - Blackstone Griddles\" \/>\n<meta property=\"og:description\" content=\"Blackstone\u00ae Outdoor Propane Pizza Oven - Including 16&quot; Rotating Cordierite Stone and Mobile Stand  The Blackstone Pizza Series Pizza Oven with Cart is designed to bring reliable, even cooking to your outdoor space. Built with a rotating stone and consistent propane heat, it produces evenly cooked pizzas with a crisp base and well-balanced finish. The integrated cart provides a stable cooking surface and convenient mobility, making it easy to position the oven wherever you need it. Thoughtfully designed for everyday use, it offers a practical setup for both quick meals and casual gatherings. Whether you&#039;re making classic pizzas or trying something new, this oven delivers consistent performance in a straightforward, easy-to-use design. \u00a0\" \/>\n<meta property=\"og:url\" content=\"https:\/\/blackstonegriddles.ca\/fr\/produit\/four-a-pizza-blackstone-16-propane\/\" \/>\n<meta property=\"og:site_name\" content=\"Blackstone Griddles\" \/>\n<meta property=\"article:publisher\" content=\"https:\/\/www.facebook.com\/blackstoneproducts\/\" \/>\n<meta property=\"article:modified_time\" content=\"2026-04-20T15:09:01+00:00\" \/>\n<meta property=\"og:image\" content=\"https:\/\/blackstonegriddles.ca\/wp-content\/uploads\/2025\/05\/Screenshot-2025-05-16-121150.png\" \/>\n\t<meta property=\"og:image:width\" content=\"790\" \/>\n\t<meta property=\"og:image:height\" content=\"736\" \/>\n\t<meta property=\"og:image:type\" content=\"image\/png\" \/>\n<meta name=\"twitter:card\" content=\"summary_large_image\" \/>\n<meta name=\"twitter:site\" content=\"@weareblackstone\" \/>\n<meta name=\"twitter:label1\" content=\"Estimation du temps de lecture\" \/>\n\t<meta name=\"twitter:data1\" content=\"1 minute\" \/>\n<script type=\"application\/ld+json\" class=\"yoast-schema-graph\">{\"@context\":\"https:\\\/\\\/schema.org\",\"@graph\":[{\"@type\":\"WebPage\",\"@id\":\"https:\\\/\\\/blackstonegriddles.ca\\\/product\\\/blackstone-16-propane-pizza-oven\\\/\",\"url\":\"https:\\\/\\\/blackstonegriddles.ca\\\/product\\\/blackstone-16-propane-pizza-oven\\\/\",\"name\":\"Blackstone\u00ae 16\\\" Propane Pizza Oven And Mobile Stand - Blackstone Griddles\",\"isPartOf\":{\"@id\":\"https:\\\/\\\/blackstonegriddles.ca\\\/#website\"},\"primaryImageOfPage\":{\"@id\":\"https:\\\/\\\/blackstonegriddles.ca\\\/product\\\/blackstone-16-propane-pizza-oven\\\/#primaryimage\"},\"image\":{\"@id\":\"https:\\\/\\\/blackstonegriddles.ca\\\/product\\\/blackstone-16-propane-pizza-oven\\\/#primaryimage\"},\"thumbnailUrl\":\"https:\\\/\\\/blackstonegriddles.ca\\\/wp-content\\\/uploads\\\/2025\\\/05\\\/Screenshot-2025-05-16-121150.png\",\"datePublished\":\"2025-05-16T16:49:09+00:00\",\"dateModified\":\"2026-04-20T15:09:01+00:00\",\"breadcrumb\":{\"@id\":\"https:\\\/\\\/blackstonegriddles.ca\\\/product\\\/blackstone-16-propane-pizza-oven\\\/#breadcrumb\"},\"inLanguage\":\"fr-CA\",\"potentialAction\":[{\"@type\":\"ReadAction\",\"target\":[\"https:\\\/\\\/blackstonegriddles.ca\\\/product\\\/blackstone-16-propane-pizza-oven\\\/\"]}]},{\"@type\":\"ImageObject\",\"inLanguage\":\"fr-CA\",\"@id\":\"https:\\\/\\\/blackstonegriddles.ca\\\/product\\\/blackstone-16-propane-pizza-oven\\\/#primaryimage\",\"url\":\"https:\\\/\\\/blackstonegriddles.ca\\\/wp-content\\\/uploads\\\/2025\\\/05\\\/Screenshot-2025-05-16-121150.png\",\"contentUrl\":\"https:\\\/\\\/blackstonegriddles.ca\\\/wp-content\\\/uploads\\\/2025\\\/05\\\/Screenshot-2025-05-16-121150.png\",\"width\":790,\"height\":736},{\"@type\":\"BreadcrumbList\",\"@id\":\"https:\\\/\\\/blackstonegriddles.ca\\\/product\\\/blackstone-16-propane-pizza-oven\\\/#breadcrumb\",\"itemListElement\":[{\"@type\":\"ListItem\",\"position\":1,\"name\":\"Home\",\"item\":\"https:\\\/\\\/blackstonegriddles.ca\\\/\"},{\"@type\":\"ListItem\",\"position\":2,\"name\":\"Shop\",\"item\":\"https:\\\/\\\/blackstonegriddles.ca\\\/shop\\\/\"},{\"@type\":\"ListItem\",\"position\":3,\"name\":\"Blackstone\u00ae 16&#8243; Propane Pizza Oven And Mobile Stand\"}]},{\"@type\":\"WebSite\",\"@id\":\"https:\\\/\\\/blackstonegriddles.ca\\\/#website\",\"url\":\"https:\\\/\\\/blackstonegriddles.ca\\\/\",\"name\":\"Blackstone Griddles Canada\",\"description\":\"Blackstone Griddles official licensed dealer Canada\",\"publisher\":{\"@id\":\"https:\\\/\\\/blackstonegriddles.ca\\\/#organization\"},\"potentialAction\":[{\"@type\":\"SearchAction\",\"target\":{\"@type\":\"EntryPoint\",\"urlTemplate\":\"https:\\\/\\\/blackstonegriddles.ca\\\/?s={search_term_string}\"},\"query-input\":{\"@type\":\"PropertyValueSpecification\",\"valueRequired\":true,\"valueName\":\"search_term_string\"}}],\"inLanguage\":\"fr-CA\"},{\"@type\":\"Organization\",\"@id\":\"https:\\\/\\\/blackstonegriddles.ca\\\/#organization\",\"name\":\"Blackstone Griddles Canada\",\"url\":\"https:\\\/\\\/blackstonegriddles.ca\\\/\",\"logo\":{\"@type\":\"ImageObject\",\"inLanguage\":\"fr-CA\",\"@id\":\"https:\\\/\\\/blackstonegriddles.ca\\\/#\\\/schema\\\/logo\\\/image\\\/\",\"url\":\"https:\\\/\\\/blackstonegriddles.ca\\\/wp-content\\\/uploads\\\/2025\\\/02\\\/blackstone-fire-logo.webp\",\"contentUrl\":\"https:\\\/\\\/blackstonegriddles.ca\\\/wp-content\\\/uploads\\\/2025\\\/02\\\/blackstone-fire-logo.webp\",\"width\":53,\"height\":58,\"caption\":\"Blackstone Griddles Canada\"},\"image\":{\"@id\":\"https:\\\/\\\/blackstonegriddles.ca\\\/#\\\/schema\\\/logo\\\/image\\\/\"},\"sameAs\":[\"https:\\\/\\\/www.facebook.com\\\/blackstoneproducts\\\/\",\"https:\\\/\\\/x.com\\\/weareblackstone\",\"https:\\\/\\\/www.instagram.com\\\/blackstoneproducts\\\/\",\"https:\\\/\\\/www.youtube.com\\\/channel\\\/UCr39rimir8y3p-q1iQYidVA\"]}]}<\/script>\n<!-- \/ Yoast SEO plugin. -->","yoast_head_json":{"title":"Blackstone\u00ae Four \u00e0 pizza au propane de 16 po et support mobile - Blackstone Griddles","robots":{"index":"index","follow":"follow","max-snippet":"max-snippet:-1","max-image-preview":"max-image-preview:large","max-video-preview":"max-video-preview:-1"},"canonical":"https:\/\/blackstonegriddles.ca\/fr\/produit\/four-a-pizza-blackstone-16-propane\/","og_locale":"fr_CA","og_type":"article","og_title":"Blackstone\u00ae 16\" Propane Pizza Oven And Mobile Stand - Blackstone Griddles","og_description":"Blackstone\u00ae Outdoor Propane Pizza Oven - Including 16\" Rotating Cordierite Stone and Mobile Stand  The Blackstone Pizza Series Pizza Oven with Cart is designed to bring reliable, even cooking to your outdoor space. Built with a rotating stone and consistent propane heat, it produces evenly cooked pizzas with a crisp base and well-balanced finish. The integrated cart provides a stable cooking surface and convenient mobility, making it easy to position the oven wherever you need it. Thoughtfully designed for everyday use, it offers a practical setup for both quick meals and casual gatherings. Whether you're making classic pizzas or trying something new, this oven delivers consistent performance in a straightforward, easy-to-use design. \u00a0","og_url":"https:\/\/blackstonegriddles.ca\/fr\/produit\/four-a-pizza-blackstone-16-propane\/","og_site_name":"Blackstone Griddles","article_publisher":"https:\/\/www.facebook.com\/blackstoneproducts\/","article_modified_time":"2026-04-20T15:09:01+00:00","og_image":[{"width":790,"height":736,"url":"https:\/\/blackstonegriddles.ca\/wp-content\/uploads\/2025\/05\/Screenshot-2025-05-16-121150.png","type":"image\/png"}],"twitter_card":"summary_large_image","twitter_site":"@weareblackstone","twitter_misc":{"Estimation du temps de lecture":"1 minute"},"schema":{"@context":"https:\/\/schema.org","@graph":[{"@type":"WebPage","@id":"https:\/\/blackstonegriddles.ca\/product\/blackstone-16-propane-pizza-oven\/","url":"https:\/\/blackstonegriddles.ca\/product\/blackstone-16-propane-pizza-oven\/","name":"Blackstone\u00ae Four \u00e0 pizza au propane de 16 po et support mobile - Blackstone Griddles","isPartOf":{"@id":"https:\/\/blackstonegriddles.ca\/#website"},"primaryImageOfPage":{"@id":"https:\/\/blackstonegriddles.ca\/product\/blackstone-16-propane-pizza-oven\/#primaryimage"},"image":{"@id":"https:\/\/blackstonegriddles.ca\/product\/blackstone-16-propane-pizza-oven\/#primaryimage"},"thumbnailUrl":"https:\/\/blackstonegriddles.ca\/wp-content\/uploads\/2025\/05\/Screenshot-2025-05-16-121150.png","datePublished":"2025-05-16T16:49:09+00:00","dateModified":"2026-04-20T15:09:01+00:00","breadcrumb":{"@id":"https:\/\/blackstonegriddles.ca\/product\/blackstone-16-propane-pizza-oven\/#breadcrumb"},"inLanguage":"fr-CA","potentialAction":[{"@type":"ReadAction","target":["https:\/\/blackstonegriddles.ca\/product\/blackstone-16-propane-pizza-oven\/"]}]},{"@type":"ImageObject","inLanguage":"fr-CA","@id":"https:\/\/blackstonegriddles.ca\/product\/blackstone-16-propane-pizza-oven\/#primaryimage","url":"https:\/\/blackstonegriddles.ca\/wp-content\/uploads\/2025\/05\/Screenshot-2025-05-16-121150.png","contentUrl":"https:\/\/blackstonegriddles.ca\/wp-content\/uploads\/2025\/05\/Screenshot-2025-05-16-121150.png","width":790,"height":736},{"@type":"BreadcrumbList","@id":"https:\/\/blackstonegriddles.ca\/product\/blackstone-16-propane-pizza-oven\/#breadcrumb","itemListElement":[{"@type":"ListItem","position":1,"name":"Home","item":"https:\/\/blackstonegriddles.ca\/"},{"@type":"ListItem","position":2,"name":"Shop","item":"https:\/\/blackstonegriddles.ca\/shop\/"},{"@type":"ListItem","position":3,"name":"Blackstone\u00ae 16&#8243; Propane Pizza Oven And Mobile Stand"}]},{"@type":"WebSite","@id":"https:\/\/blackstonegriddles.ca\/#website","url":"https:\/\/blackstonegriddles.ca\/","name":"Grils Blackstone Canada","description":"Blackstone Griddles distributeur officiel agr\u00e9\u00e9 Canada","publisher":{"@id":"https:\/\/blackstonegriddles.ca\/#organization"},"potentialAction":[{"@type":"SearchAction","target":{"@type":"EntryPoint","urlTemplate":"https:\/\/blackstonegriddles.ca\/?s={search_term_string}"},"query-input":{"@type":"PropertyValueSpecification","valueRequired":true,"valueName":"search_term_string"}}],"inLanguage":"fr-CA"},{"@type":"Organization","@id":"https:\/\/blackstonegriddles.ca\/#organization","name":"Grils Blackstone Canada","url":"https:\/\/blackstonegriddles.ca\/","logo":{"@type":"ImageObject","inLanguage":"fr-CA","@id":"https:\/\/blackstonegriddles.ca\/#\/schema\/logo\/image\/","url":"https:\/\/blackstonegriddles.ca\/wp-content\/uploads\/2025\/02\/blackstone-fire-logo.webp","contentUrl":"https:\/\/blackstonegriddles.ca\/wp-content\/uploads\/2025\/02\/blackstone-fire-logo.webp","width":53,"height":58,"caption":"Blackstone Griddles Canada"},"image":{"@id":"https:\/\/blackstonegriddles.ca\/#\/schema\/logo\/image\/"},"sameAs":["https:\/\/www.facebook.com\/blackstoneproducts\/","https:\/\/x.com\/weareblackstone","https:\/\/www.instagram.com\/blackstoneproducts\/","https:\/\/www.youtube.com\/channel\/UCr39rimir8y3p-q1iQYidVA"]}]}},"_links":{"self":[{"href":"https:\/\/blackstonegriddles.ca\/fr\/wp-json\/wp\/v2\/product\/48005","targetHints":{"allow":["GET"]}}],"collection":[{"href":"https:\/\/blackstonegriddles.ca\/fr\/wp-json\/wp\/v2\/product"}],"about":[{"href":"https:\/\/blackstonegriddles.ca\/fr\/wp-json\/wp\/v2\/types\/product"}],"wp:featuredmedia":[{"embeddable":true,"href":"https:\/\/blackstonegriddles.ca\/fr\/wp-json\/wp\/v2\/media\/48006"}],"wp:attachment":[{"href":"https:\/\/blackstonegriddles.ca\/fr\/wp-json\/wp\/v2\/media?parent=48005"}],"wp:term":[{"taxonomy":"product_brand","embeddable":true,"href":"https:\/\/blackstonegriddles.ca\/fr\/wp-json\/wp\/v2\/product_brand?post=48005"},{"taxonomy":"product_cat","embeddable":true,"href":"https:\/\/blackstonegriddles.ca\/fr\/wp-json\/wp\/v2\/product_cat?post=48005"},{"taxonomy":"product_tag","embeddable":true,"href":"https:\/\/blackstonegriddles.ca\/fr\/wp-json\/wp\/v2\/product_tag?post=48005"}],"curies":[{"name":"wp","href":"https:\/\/api.w.org\/{rel}","templated":true}]}}