{"id":48277,"date":"2025-05-28T15:18:18","date_gmt":"2025-05-28T15:18:18","guid":{"rendered":"https:\/\/blackstonegriddles.ca\/?post_type=product&#038;p=48277"},"modified":"2026-04-06T12:40:23","modified_gmt":"2026-04-06T12:40:23","slug":"blackstone-20-gril-de-camping-bundle","status":"publish","type":"product","link":"https:\/\/blackstonegriddles.ca\/fr\/product\/blackstone-20-camping-griddle-bundle\/","title":{"rendered":"Ensemble de grilles de camping 20\" Blackstone"},"content":{"rendered":"<ul class=\"title-block_features__oR3xh\" data-testid=\"product-features\">\n<li>Apportez des repas de qualit\u00e9 restaurant avec vous dans toutes vos aventures gr\u00e2ce \u00e0 l'ensemble de grillades de camping 20\". Le support r\u00e9glable inclus permet de tenir votre plancha rapidement et solidement, et le sac de transport extensible, les spatules et le d\u00f4me d'arrosage pliable sont des accessoires parfaits pour la cuisine en d\u00e9placement !<\/li>\n<li>Capot peint de style classique int\u00e9gr\u00e9<\/li>\n<li>L'ensemble comprend un gril de camping de 20 po x 14 po (Qt\u00e9 1), un support de gril r\u00e9glable (Qt\u00e9 1), un sac de transport extensible (Qt\u00e9 1), des spatules (Qt\u00e9 2) et un d\u00f4me d'arrosage pliable (Qt\u00e9 1).<\/li>\n<li>Plaque de cuisson de 20\" x 14\" avec rev\u00eatement c\u00e9ramique en titane : Permet un nettoyage facile et pratique.<\/li>\n<li>Couvercle int\u00e9gr\u00e9 avec loquets : Prot\u00e8ge la surface de la plaque et se verrouille pour un rangement s\u00fbr.<\/li>\n<li>Deux zones de chaleur contr\u00f4l\u00e9es ind\u00e9pendamment l'une de l'autre : Cuire simultan\u00e9ment plusieurs plats \u00e0 des temp\u00e9ratures diff\u00e9rentes.<\/li>\n<li>Pieds de nivellement pour table : La plancha peut \u00eatre facilement convertie de la configuration sur pied \u00e0 la configuration de table et ajust\u00e9e pour la cuisson sur des surfaces irr\u00e9guli\u00e8res.<\/li>\n<li>Rangement de la graisse \u00e0 l'arri\u00e8re : Poussez la graisse et les d\u00e9bris alimentaires vers l'arri\u00e8re de la plaque pour faciliter le nettoyage et rangez le gobelet lorsque vous avez termin\u00e9 et que vous \u00eates pr\u00eat \u00e0 partir en voyage.<\/li>\n<li>La plaque de gril n'est pas compatible avec les ustensiles en m\u00e9tal ou les tampons \u00e0 r\u00e9curer orange de Blackstone.<\/li>\n<\/ul>","protected":false},"excerpt":{"rendered":"<p>Gril Blackstone 20\" x 14\" - Support de gril r\u00e9glable - Sac de transport extensible - 2 spatules - D\u00f4me \u00e0 badigeonner pliable<\/p>","protected":false},"featured_media":48279,"template":"","meta":[],"product_brand":[],"product_cat":[156,154],"product_tag":[],"class_list":{"0":"post-48277","1":"product","2":"type-product","3":"status-publish","4":"has-post-thumbnail","6":"product_cat-156","7":"product_cat-griddles","8":"product_shipping_class-22-griddles","10":"first","11":"outofstock","12":"taxable","13":"shipping-taxable","14":"purchasable","15":"product-type-simple"},"yoast_head":"<!-- This site is optimized with the Yoast SEO plugin v27.3 - https:\/\/yoast.com\/product\/yoast-seo-wordpress\/ -->\n<title>Blackstone 20\u201d Camping Griddle Bundle - Blackstone Griddles<\/title>\n<meta name=\"robots\" content=\"index, follow, max-snippet:-1, max-image-preview:large, max-video-preview:-1\" \/>\n<link rel=\"canonical\" href=\"https:\/\/blackstonegriddles.ca\/fr\/produit\/blackstone-20-gril-de-camping-bundle\/\" \/>\n<meta property=\"og:locale\" content=\"fr_CA\" \/>\n<meta property=\"og:type\" content=\"article\" \/>\n<meta property=\"og:title\" content=\"Blackstone 20\u201d Camping Griddle Bundle - Blackstone Griddles\" \/>\n<meta property=\"og:description\" content=\"20\u201d x 14\u201d Blackstone Griddle - Adjustable Griddle Stand - Expandable Carry Bag - 2 Spatulas -\u00a0Collapsible Basting Dome\" \/>\n<meta property=\"og:url\" content=\"https:\/\/blackstonegriddles.ca\/fr\/produit\/blackstone-20-gril-de-camping-bundle\/\" \/>\n<meta property=\"og:site_name\" content=\"Blackstone Griddles\" \/>\n<meta property=\"article:publisher\" content=\"https:\/\/www.facebook.com\/blackstoneproducts\/\" \/>\n<meta property=\"article:modified_time\" content=\"2026-04-06T12:40:23+00:00\" \/>\n<meta property=\"og:image\" content=\"https:\/\/blackstonegriddles.ca\/wp-content\/uploads\/2025\/05\/Screenshot-2025-05-28-074331.png\" \/>\n\t<meta property=\"og:image:width\" content=\"484\" \/>\n\t<meta property=\"og:image:height\" content=\"464\" \/>\n\t<meta property=\"og:image:type\" content=\"image\/png\" \/>\n<meta name=\"twitter:card\" content=\"summary_large_image\" \/>\n<meta name=\"twitter:site\" content=\"@weareblackstone\" \/>\n<meta name=\"twitter:label1\" content=\"Estimation du temps de lecture\" \/>\n\t<meta name=\"twitter:data1\" content=\"1 minute\" \/>\n<script type=\"application\/ld+json\" class=\"yoast-schema-graph\">{\"@context\":\"https:\\\/\\\/schema.org\",\"@graph\":[{\"@type\":\"WebPage\",\"@id\":\"https:\\\/\\\/blackstonegriddles.ca\\\/product\\\/blackstone-20-camping-griddle-bundle\\\/\",\"url\":\"https:\\\/\\\/blackstonegriddles.ca\\\/product\\\/blackstone-20-camping-griddle-bundle\\\/\",\"name\":\"Blackstone 20\u201d Camping Griddle Bundle - Blackstone Griddles\",\"isPartOf\":{\"@id\":\"https:\\\/\\\/blackstonegriddles.ca\\\/#website\"},\"primaryImageOfPage\":{\"@id\":\"https:\\\/\\\/blackstonegriddles.ca\\\/product\\\/blackstone-20-camping-griddle-bundle\\\/#primaryimage\"},\"image\":{\"@id\":\"https:\\\/\\\/blackstonegriddles.ca\\\/product\\\/blackstone-20-camping-griddle-bundle\\\/#primaryimage\"},\"thumbnailUrl\":\"https:\\\/\\\/blackstonegriddles.ca\\\/wp-content\\\/uploads\\\/2025\\\/05\\\/Screenshot-2025-05-28-074331.png\",\"datePublished\":\"2025-05-28T15:18:18+00:00\",\"dateModified\":\"2026-04-06T12:40:23+00:00\",\"breadcrumb\":{\"@id\":\"https:\\\/\\\/blackstonegriddles.ca\\\/product\\\/blackstone-20-camping-griddle-bundle\\\/#breadcrumb\"},\"inLanguage\":\"fr-CA\",\"potentialAction\":[{\"@type\":\"ReadAction\",\"target\":[\"https:\\\/\\\/blackstonegriddles.ca\\\/product\\\/blackstone-20-camping-griddle-bundle\\\/\"]}]},{\"@type\":\"ImageObject\",\"inLanguage\":\"fr-CA\",\"@id\":\"https:\\\/\\\/blackstonegriddles.ca\\\/product\\\/blackstone-20-camping-griddle-bundle\\\/#primaryimage\",\"url\":\"https:\\\/\\\/blackstonegriddles.ca\\\/wp-content\\\/uploads\\\/2025\\\/05\\\/Screenshot-2025-05-28-074331.png\",\"contentUrl\":\"https:\\\/\\\/blackstonegriddles.ca\\\/wp-content\\\/uploads\\\/2025\\\/05\\\/Screenshot-2025-05-28-074331.png\",\"width\":484,\"height\":464},{\"@type\":\"BreadcrumbList\",\"@id\":\"https:\\\/\\\/blackstonegriddles.ca\\\/product\\\/blackstone-20-camping-griddle-bundle\\\/#breadcrumb\",\"itemListElement\":[{\"@type\":\"ListItem\",\"position\":1,\"name\":\"Home\",\"item\":\"https:\\\/\\\/blackstonegriddles.ca\\\/\"},{\"@type\":\"ListItem\",\"position\":2,\"name\":\"Shop\",\"item\":\"https:\\\/\\\/blackstonegriddles.ca\\\/shop\\\/\"},{\"@type\":\"ListItem\",\"position\":3,\"name\":\"Blackstone 20\u201d Camping Griddle Bundle\"}]},{\"@type\":\"WebSite\",\"@id\":\"https:\\\/\\\/blackstonegriddles.ca\\\/#website\",\"url\":\"https:\\\/\\\/blackstonegriddles.ca\\\/\",\"name\":\"Blackstone Griddles Canada\",\"description\":\"Blackstone Griddles official licensed dealer Canada\",\"publisher\":{\"@id\":\"https:\\\/\\\/blackstonegriddles.ca\\\/#organization\"},\"potentialAction\":[{\"@type\":\"SearchAction\",\"target\":{\"@type\":\"EntryPoint\",\"urlTemplate\":\"https:\\\/\\\/blackstonegriddles.ca\\\/?s={search_term_string}\"},\"query-input\":{\"@type\":\"PropertyValueSpecification\",\"valueRequired\":true,\"valueName\":\"search_term_string\"}}],\"inLanguage\":\"fr-CA\"},{\"@type\":\"Organization\",\"@id\":\"https:\\\/\\\/blackstonegriddles.ca\\\/#organization\",\"name\":\"Blackstone Griddles Canada\",\"url\":\"https:\\\/\\\/blackstonegriddles.ca\\\/\",\"logo\":{\"@type\":\"ImageObject\",\"inLanguage\":\"fr-CA\",\"@id\":\"https:\\\/\\\/blackstonegriddles.ca\\\/#\\\/schema\\\/logo\\\/image\\\/\",\"url\":\"https:\\\/\\\/blackstonegriddles.ca\\\/wp-content\\\/uploads\\\/2025\\\/02\\\/blackstone-fire-logo.webp\",\"contentUrl\":\"https:\\\/\\\/blackstonegriddles.ca\\\/wp-content\\\/uploads\\\/2025\\\/02\\\/blackstone-fire-logo.webp\",\"width\":53,\"height\":58,\"caption\":\"Blackstone Griddles Canada\"},\"image\":{\"@id\":\"https:\\\/\\\/blackstonegriddles.ca\\\/#\\\/schema\\\/logo\\\/image\\\/\"},\"sameAs\":[\"https:\\\/\\\/www.facebook.com\\\/blackstoneproducts\\\/\",\"https:\\\/\\\/x.com\\\/weareblackstone\",\"https:\\\/\\\/www.instagram.com\\\/blackstoneproducts\\\/\",\"https:\\\/\\\/www.youtube.com\\\/channel\\\/UCr39rimir8y3p-q1iQYidVA\"]}]}<\/script>\n<!-- \/ Yoast SEO plugin. -->","yoast_head_json":{"title":"Ensemble de grilles de camping Blackstone 20\" - Blackstone Griddles","robots":{"index":"index","follow":"follow","max-snippet":"max-snippet:-1","max-image-preview":"max-image-preview:large","max-video-preview":"max-video-preview:-1"},"canonical":"https:\/\/blackstonegriddles.ca\/fr\/produit\/blackstone-20-gril-de-camping-bundle\/","og_locale":"fr_CA","og_type":"article","og_title":"Blackstone 20\u201d Camping Griddle Bundle - Blackstone Griddles","og_description":"20\u201d x 14\u201d Blackstone Griddle - Adjustable Griddle Stand - Expandable Carry Bag - 2 Spatulas -\u00a0Collapsible Basting Dome","og_url":"https:\/\/blackstonegriddles.ca\/fr\/produit\/blackstone-20-gril-de-camping-bundle\/","og_site_name":"Blackstone Griddles","article_publisher":"https:\/\/www.facebook.com\/blackstoneproducts\/","article_modified_time":"2026-04-06T12:40:23+00:00","og_image":[{"width":484,"height":464,"url":"https:\/\/blackstonegriddles.ca\/wp-content\/uploads\/2025\/05\/Screenshot-2025-05-28-074331.png","type":"image\/png"}],"twitter_card":"summary_large_image","twitter_site":"@weareblackstone","twitter_misc":{"Estimation du temps de lecture":"1 minute"},"schema":{"@context":"https:\/\/schema.org","@graph":[{"@type":"WebPage","@id":"https:\/\/blackstonegriddles.ca\/product\/blackstone-20-camping-griddle-bundle\/","url":"https:\/\/blackstonegriddles.ca\/product\/blackstone-20-camping-griddle-bundle\/","name":"Ensemble de grilles de camping Blackstone 20\" - Blackstone Griddles","isPartOf":{"@id":"https:\/\/blackstonegriddles.ca\/#website"},"primaryImageOfPage":{"@id":"https:\/\/blackstonegriddles.ca\/product\/blackstone-20-camping-griddle-bundle\/#primaryimage"},"image":{"@id":"https:\/\/blackstonegriddles.ca\/product\/blackstone-20-camping-griddle-bundle\/#primaryimage"},"thumbnailUrl":"https:\/\/blackstonegriddles.ca\/wp-content\/uploads\/2025\/05\/Screenshot-2025-05-28-074331.png","datePublished":"2025-05-28T15:18:18+00:00","dateModified":"2026-04-06T12:40:23+00:00","breadcrumb":{"@id":"https:\/\/blackstonegriddles.ca\/product\/blackstone-20-camping-griddle-bundle\/#breadcrumb"},"inLanguage":"fr-CA","potentialAction":[{"@type":"ReadAction","target":["https:\/\/blackstonegriddles.ca\/product\/blackstone-20-camping-griddle-bundle\/"]}]},{"@type":"ImageObject","inLanguage":"fr-CA","@id":"https:\/\/blackstonegriddles.ca\/product\/blackstone-20-camping-griddle-bundle\/#primaryimage","url":"https:\/\/blackstonegriddles.ca\/wp-content\/uploads\/2025\/05\/Screenshot-2025-05-28-074331.png","contentUrl":"https:\/\/blackstonegriddles.ca\/wp-content\/uploads\/2025\/05\/Screenshot-2025-05-28-074331.png","width":484,"height":464},{"@type":"BreadcrumbList","@id":"https:\/\/blackstonegriddles.ca\/product\/blackstone-20-camping-griddle-bundle\/#breadcrumb","itemListElement":[{"@type":"ListItem","position":1,"name":"Home","item":"https:\/\/blackstonegriddles.ca\/"},{"@type":"ListItem","position":2,"name":"Shop","item":"https:\/\/blackstonegriddles.ca\/shop\/"},{"@type":"ListItem","position":3,"name":"Blackstone 20\u201d Camping Griddle Bundle"}]},{"@type":"WebSite","@id":"https:\/\/blackstonegriddles.ca\/#website","url":"https:\/\/blackstonegriddles.ca\/","name":"Grils Blackstone Canada","description":"Blackstone Griddles distributeur officiel agr\u00e9\u00e9 Canada","publisher":{"@id":"https:\/\/blackstonegriddles.ca\/#organization"},"potentialAction":[{"@type":"SearchAction","target":{"@type":"EntryPoint","urlTemplate":"https:\/\/blackstonegriddles.ca\/?s={search_term_string}"},"query-input":{"@type":"PropertyValueSpecification","valueRequired":true,"valueName":"search_term_string"}}],"inLanguage":"fr-CA"},{"@type":"Organization","@id":"https:\/\/blackstonegriddles.ca\/#organization","name":"Grils Blackstone Canada","url":"https:\/\/blackstonegriddles.ca\/","logo":{"@type":"ImageObject","inLanguage":"fr-CA","@id":"https:\/\/blackstonegriddles.ca\/#\/schema\/logo\/image\/","url":"https:\/\/blackstonegriddles.ca\/wp-content\/uploads\/2025\/02\/blackstone-fire-logo.webp","contentUrl":"https:\/\/blackstonegriddles.ca\/wp-content\/uploads\/2025\/02\/blackstone-fire-logo.webp","width":53,"height":58,"caption":"Blackstone Griddles Canada"},"image":{"@id":"https:\/\/blackstonegriddles.ca\/#\/schema\/logo\/image\/"},"sameAs":["https:\/\/www.facebook.com\/blackstoneproducts\/","https:\/\/x.com\/weareblackstone","https:\/\/www.instagram.com\/blackstoneproducts\/","https:\/\/www.youtube.com\/channel\/UCr39rimir8y3p-q1iQYidVA"]}]}},"_links":{"self":[{"href":"https:\/\/blackstonegriddles.ca\/fr\/wp-json\/wp\/v2\/product\/48277","targetHints":{"allow":["GET"]}}],"collection":[{"href":"https:\/\/blackstonegriddles.ca\/fr\/wp-json\/wp\/v2\/product"}],"about":[{"href":"https:\/\/blackstonegriddles.ca\/fr\/wp-json\/wp\/v2\/types\/product"}],"wp:featuredmedia":[{"embeddable":true,"href":"https:\/\/blackstonegriddles.ca\/fr\/wp-json\/wp\/v2\/media\/48279"}],"wp:attachment":[{"href":"https:\/\/blackstonegriddles.ca\/fr\/wp-json\/wp\/v2\/media?parent=48277"}],"wp:term":[{"taxonomy":"product_brand","embeddable":true,"href":"https:\/\/blackstonegriddles.ca\/fr\/wp-json\/wp\/v2\/product_brand?post=48277"},{"taxonomy":"product_cat","embeddable":true,"href":"https:\/\/blackstonegriddles.ca\/fr\/wp-json\/wp\/v2\/product_cat?post=48277"},{"taxonomy":"product_tag","embeddable":true,"href":"https:\/\/blackstonegriddles.ca\/fr\/wp-json\/wp\/v2\/product_tag?post=48277"}],"curies":[{"name":"wp","href":"https:\/\/api.w.org\/{rel}","templated":true}]}}