{"id":48588,"date":"2025-06-06T15:10:03","date_gmt":"2025-06-06T15:10:03","guid":{"rendered":"https:\/\/blackstonegriddles.ca\/?post_type=product&#038;p=48588"},"modified":"2026-04-06T12:35:45","modified_gmt":"2026-04-06T12:35:45","slug":"blackstone-28-omnivore-griddle-bundle","status":"publish","type":"product","link":"https:\/\/blackstonegriddles.ca\/fr\/product\/blackstone-28-omnivore-griddle-bundle\/","title":{"rendered":"Ensemble de grilles Omnivore 28\" Blackstone"},"content":{"rendered":"<p>&nbsp;<\/p>\n<ul class=\"features-specs-list\">\n<li class=\"acumin\"><strong>Technologie de plaque de gril Omnivore :<\/strong>\u00a0Des temps de pr\u00e9chauffage et de r\u00e9cup\u00e9ration plus rapides, une r\u00e9partition uniforme de la chaleur, un meilleur rendement \u00e9nerg\u00e9tique avec moins de BTU n\u00e9cessaires pour des temp\u00e9ratures de cuisson optimales, et des pare-vent int\u00e9gr\u00e9s qui maintiennent l'air chaud \u00e0 l'int\u00e9rieur et l'air frais \u00e0 l'ext\u00e9rieur.<\/li>\n<li class=\"acumin\"><strong>Couverture rigide :<\/strong>\u00a0La housse robuste prot\u00e8ge votre plaque de cuisson des intemp\u00e9ries. Les crochets situ\u00e9s \u00e0 l'int\u00e9rieur de la housse permettent de la suspendre \u00e0 l'arri\u00e8re de la plaque pendant la cuisson.<\/li>\n<li class=\"acumin\"><strong>Deux zones de chaleur contr\u00f4l\u00e9es ind\u00e9pendamment l'une de l'autre :<\/strong>\u00a0Faites cuire simultan\u00e9ment vos plats principaux et vos accompagnements \u00e0 des temp\u00e9ratures diff\u00e9rentes.<\/li>\n<li class=\"acumin\"><strong>Deux tablettes lat\u00e9rales fixes avec crochets lat\u00e9raux :<\/strong>\u00a0Un espace de pr\u00e9paration suppl\u00e9mentaire avec un acc\u00e8s facile \u00e0 vos outils de cuisine sur les crochets de l'\u00e9tag\u00e8re lat\u00e9rale.<\/li>\n<li class=\"acumin\"><strong>Allumage \u00e9lectrique par bouton-poussoir :<\/strong>\u00a0Syst\u00e8me d'allumage pratique et fiable.<\/li>\n<li class=\"acumin\"><strong>Syst\u00e8me BAR :<\/strong>\u00a0Syst\u00e8me innovant pour des arrangements d'accessoires personnalis\u00e9s.<\/li>\n<li class=\"acumin\"><strong>Syst\u00e8me brevet\u00e9 de gestion de la graisse \u00e0 l'arri\u00e8re :<\/strong>\u00a0Poussez la graisse et les d\u00e9bris alimentaires vers l'arri\u00e8re de la plaque pour faciliter le nettoyage.<\/li>\n<li class=\"acumin\"><strong>Deux roues pivotantes :<\/strong>\u00a0D\u00e9placez facilement la plaque de cuisson pour l'adapter \u00e0 vos besoins.<\/li>\n<\/ul>","protected":false},"excerpt":{"rendered":"<p><strong>L'ensemble comprend un gril Omnivore de 28\u2033 avec couvercle rigide, un couvercle de gril de 28\" et un ensemble de spatules noires.<\/strong><\/p>\n<p>Le gril Omnivore de 28 po avec ensemble de couvertures rigides est parfait pour les foules, grandes et petites. La technologie innovante de la plaque de gril Omnivore assure une distribution uniforme de la chaleur et une efficacit\u00e9 optimis\u00e9e du propane. Le syst\u00e8me de gestion des graisses \u00e0 l'arri\u00e8re facilite le nettoyage, ce qui vous permet de passer plus de temps avec votre famille et vos amis. D\u00e9couvrez un nouveau monde de cuisine en plein air avec la plaque de gril Omnivore de 28 pouces avec couvercle rigide. Lorsque vous avez fini de cuisiner, utilisez la housse durable incluse pour prot\u00e9ger votre plancha des intemp\u00e9ries.<\/p>","protected":false},"featured_media":48594,"template":"","meta":[],"product_brand":[],"product_cat":[157,154,249],"product_tag":[],"class_list":{"0":"post-48588","1":"product","2":"type-product","3":"status-publish","4":"has-post-thumbnail","6":"product_cat-157","7":"product_cat-griddles","8":"product_cat-sale","9":"product_shipping_class-140","11":"first","12":"instock","13":"taxable","14":"shipping-taxable","15":"purchasable","16":"product-type-simple"},"yoast_head":"<!-- This site is optimized with the Yoast SEO plugin v27.3 - https:\/\/yoast.com\/product\/yoast-seo-wordpress\/ -->\n<title>Blackstone 28\u201d Omnivore Griddle Bundle - Blackstone Griddles<\/title>\n<meta name=\"robots\" content=\"index, follow, max-snippet:-1, max-image-preview:large, max-video-preview:-1\" \/>\n<link rel=\"canonical\" href=\"https:\/\/blackstonegriddles.ca\/fr\/produit\/blackstone-28-omnivore-griddle-bundle\/\" \/>\n<meta property=\"og:locale\" content=\"fr_CA\" \/>\n<meta property=\"og:type\" content=\"article\" \/>\n<meta property=\"og:title\" content=\"Blackstone 28\u201d Omnivore Griddle Bundle - Blackstone Griddles\" \/>\n<meta property=\"og:description\" content=\"Bundle includes 28&quot; Omnivore Griddle with Hard Cover, 28 &quot; Griddle Cover, and black spatula set.  The 28\u201d Omnivore Griddle with Hard Cover Bundle is perfect for crowds, big and small. The innovative Omnivore Griddle Plate Technology provides even heat distribution and optimized propane efficiency and the Rear Grease Management System makes for easy cleanup, so you\u2019ll spend more time with family and friends. Discover a new world of outdoor cooking with the 28\u201d Omnivore Griddle with Hard Cover Bundle. When you\u2019re done cooking use the included durable griddle cover to keep your griddle protected from elements.\" \/>\n<meta property=\"og:url\" content=\"https:\/\/blackstonegriddles.ca\/fr\/produit\/blackstone-28-omnivore-griddle-bundle\/\" \/>\n<meta property=\"og:site_name\" content=\"Blackstone Griddles\" \/>\n<meta property=\"article:publisher\" content=\"https:\/\/www.facebook.com\/blackstoneproducts\/\" \/>\n<meta property=\"article:modified_time\" content=\"2026-04-06T12:35:45+00:00\" \/>\n<meta property=\"og:image\" content=\"https:\/\/blackstonegriddles.ca\/wp-content\/uploads\/2025\/06\/Screenshot-2025-06-06-110204.png\" \/>\n\t<meta property=\"og:image:width\" content=\"718\" \/>\n\t<meta property=\"og:image:height\" content=\"723\" \/>\n\t<meta property=\"og:image:type\" content=\"image\/png\" \/>\n<meta name=\"twitter:card\" content=\"summary_large_image\" \/>\n<meta name=\"twitter:site\" content=\"@weareblackstone\" \/>\n<meta name=\"twitter:label1\" content=\"Estimation du temps de lecture\" \/>\n\t<meta name=\"twitter:data1\" content=\"1 minute\" \/>\n<script type=\"application\/ld+json\" class=\"yoast-schema-graph\">{\"@context\":\"https:\\\/\\\/schema.org\",\"@graph\":[{\"@type\":\"WebPage\",\"@id\":\"https:\\\/\\\/blackstonegriddles.ca\\\/product\\\/blackstone-28-omnivore-griddle-bundle\\\/\",\"url\":\"https:\\\/\\\/blackstonegriddles.ca\\\/product\\\/blackstone-28-omnivore-griddle-bundle\\\/\",\"name\":\"Blackstone 28\u201d Omnivore Griddle Bundle - Blackstone Griddles\",\"isPartOf\":{\"@id\":\"https:\\\/\\\/blackstonegriddles.ca\\\/#website\"},\"primaryImageOfPage\":{\"@id\":\"https:\\\/\\\/blackstonegriddles.ca\\\/product\\\/blackstone-28-omnivore-griddle-bundle\\\/#primaryimage\"},\"image\":{\"@id\":\"https:\\\/\\\/blackstonegriddles.ca\\\/product\\\/blackstone-28-omnivore-griddle-bundle\\\/#primaryimage\"},\"thumbnailUrl\":\"https:\\\/\\\/blackstonegriddles.ca\\\/wp-content\\\/uploads\\\/2025\\\/06\\\/Screenshot-2025-06-06-110204.png\",\"datePublished\":\"2025-06-06T15:10:03+00:00\",\"dateModified\":\"2026-04-06T12:35:45+00:00\",\"breadcrumb\":{\"@id\":\"https:\\\/\\\/blackstonegriddles.ca\\\/product\\\/blackstone-28-omnivore-griddle-bundle\\\/#breadcrumb\"},\"inLanguage\":\"fr-CA\",\"potentialAction\":[{\"@type\":\"ReadAction\",\"target\":[\"https:\\\/\\\/blackstonegriddles.ca\\\/product\\\/blackstone-28-omnivore-griddle-bundle\\\/\"]}]},{\"@type\":\"ImageObject\",\"inLanguage\":\"fr-CA\",\"@id\":\"https:\\\/\\\/blackstonegriddles.ca\\\/product\\\/blackstone-28-omnivore-griddle-bundle\\\/#primaryimage\",\"url\":\"https:\\\/\\\/blackstonegriddles.ca\\\/wp-content\\\/uploads\\\/2025\\\/06\\\/Screenshot-2025-06-06-110204.png\",\"contentUrl\":\"https:\\\/\\\/blackstonegriddles.ca\\\/wp-content\\\/uploads\\\/2025\\\/06\\\/Screenshot-2025-06-06-110204.png\",\"width\":718,\"height\":723},{\"@type\":\"BreadcrumbList\",\"@id\":\"https:\\\/\\\/blackstonegriddles.ca\\\/product\\\/blackstone-28-omnivore-griddle-bundle\\\/#breadcrumb\",\"itemListElement\":[{\"@type\":\"ListItem\",\"position\":1,\"name\":\"Home\",\"item\":\"https:\\\/\\\/blackstonegriddles.ca\\\/\"},{\"@type\":\"ListItem\",\"position\":2,\"name\":\"Shop\",\"item\":\"https:\\\/\\\/blackstonegriddles.ca\\\/shop\\\/\"},{\"@type\":\"ListItem\",\"position\":3,\"name\":\"Blackstone 28\u201d Omnivore Griddle Bundle\"}]},{\"@type\":\"WebSite\",\"@id\":\"https:\\\/\\\/blackstonegriddles.ca\\\/#website\",\"url\":\"https:\\\/\\\/blackstonegriddles.ca\\\/\",\"name\":\"Blackstone Griddles Canada\",\"description\":\"Blackstone Griddles official licensed dealer Canada\",\"publisher\":{\"@id\":\"https:\\\/\\\/blackstonegriddles.ca\\\/#organization\"},\"potentialAction\":[{\"@type\":\"SearchAction\",\"target\":{\"@type\":\"EntryPoint\",\"urlTemplate\":\"https:\\\/\\\/blackstonegriddles.ca\\\/?s={search_term_string}\"},\"query-input\":{\"@type\":\"PropertyValueSpecification\",\"valueRequired\":true,\"valueName\":\"search_term_string\"}}],\"inLanguage\":\"fr-CA\"},{\"@type\":\"Organization\",\"@id\":\"https:\\\/\\\/blackstonegriddles.ca\\\/#organization\",\"name\":\"Blackstone Griddles Canada\",\"url\":\"https:\\\/\\\/blackstonegriddles.ca\\\/\",\"logo\":{\"@type\":\"ImageObject\",\"inLanguage\":\"fr-CA\",\"@id\":\"https:\\\/\\\/blackstonegriddles.ca\\\/#\\\/schema\\\/logo\\\/image\\\/\",\"url\":\"https:\\\/\\\/blackstonegriddles.ca\\\/wp-content\\\/uploads\\\/2025\\\/02\\\/blackstone-fire-logo.webp\",\"contentUrl\":\"https:\\\/\\\/blackstonegriddles.ca\\\/wp-content\\\/uploads\\\/2025\\\/02\\\/blackstone-fire-logo.webp\",\"width\":53,\"height\":58,\"caption\":\"Blackstone Griddles Canada\"},\"image\":{\"@id\":\"https:\\\/\\\/blackstonegriddles.ca\\\/#\\\/schema\\\/logo\\\/image\\\/\"},\"sameAs\":[\"https:\\\/\\\/www.facebook.com\\\/blackstoneproducts\\\/\",\"https:\\\/\\\/x.com\\\/weareblackstone\",\"https:\\\/\\\/www.instagram.com\\\/blackstoneproducts\\\/\",\"https:\\\/\\\/www.youtube.com\\\/channel\\\/UCr39rimir8y3p-q1iQYidVA\"]}]}<\/script>\n<!-- \/ Yoast SEO plugin. -->","yoast_head_json":{"title":"Ensemble de grilles Blackstone 28\" Omnivore - Blackstone Griddles","robots":{"index":"index","follow":"follow","max-snippet":"max-snippet:-1","max-image-preview":"max-image-preview:large","max-video-preview":"max-video-preview:-1"},"canonical":"https:\/\/blackstonegriddles.ca\/fr\/produit\/blackstone-28-omnivore-griddle-bundle\/","og_locale":"fr_CA","og_type":"article","og_title":"Blackstone 28\u201d Omnivore Griddle Bundle - Blackstone Griddles","og_description":"Bundle includes 28\" Omnivore Griddle with Hard Cover, 28 \" Griddle Cover, and black spatula set.  The 28\u201d Omnivore Griddle with Hard Cover Bundle is perfect for crowds, big and small. The innovative Omnivore Griddle Plate Technology provides even heat distribution and optimized propane efficiency and the Rear Grease Management System makes for easy cleanup, so you\u2019ll spend more time with family and friends. Discover a new world of outdoor cooking with the 28\u201d Omnivore Griddle with Hard Cover Bundle. When you\u2019re done cooking use the included durable griddle cover to keep your griddle protected from elements.","og_url":"https:\/\/blackstonegriddles.ca\/fr\/produit\/blackstone-28-omnivore-griddle-bundle\/","og_site_name":"Blackstone Griddles","article_publisher":"https:\/\/www.facebook.com\/blackstoneproducts\/","article_modified_time":"2026-04-06T12:35:45+00:00","og_image":[{"width":718,"height":723,"url":"https:\/\/blackstonegriddles.ca\/wp-content\/uploads\/2025\/06\/Screenshot-2025-06-06-110204.png","type":"image\/png"}],"twitter_card":"summary_large_image","twitter_site":"@weareblackstone","twitter_misc":{"Estimation du temps de lecture":"1 minute"},"schema":{"@context":"https:\/\/schema.org","@graph":[{"@type":"WebPage","@id":"https:\/\/blackstonegriddles.ca\/product\/blackstone-28-omnivore-griddle-bundle\/","url":"https:\/\/blackstonegriddles.ca\/product\/blackstone-28-omnivore-griddle-bundle\/","name":"Ensemble de grilles Blackstone 28\" Omnivore - Blackstone Griddles","isPartOf":{"@id":"https:\/\/blackstonegriddles.ca\/#website"},"primaryImageOfPage":{"@id":"https:\/\/blackstonegriddles.ca\/product\/blackstone-28-omnivore-griddle-bundle\/#primaryimage"},"image":{"@id":"https:\/\/blackstonegriddles.ca\/product\/blackstone-28-omnivore-griddle-bundle\/#primaryimage"},"thumbnailUrl":"https:\/\/blackstonegriddles.ca\/wp-content\/uploads\/2025\/06\/Screenshot-2025-06-06-110204.png","datePublished":"2025-06-06T15:10:03+00:00","dateModified":"2026-04-06T12:35:45+00:00","breadcrumb":{"@id":"https:\/\/blackstonegriddles.ca\/product\/blackstone-28-omnivore-griddle-bundle\/#breadcrumb"},"inLanguage":"fr-CA","potentialAction":[{"@type":"ReadAction","target":["https:\/\/blackstonegriddles.ca\/product\/blackstone-28-omnivore-griddle-bundle\/"]}]},{"@type":"ImageObject","inLanguage":"fr-CA","@id":"https:\/\/blackstonegriddles.ca\/product\/blackstone-28-omnivore-griddle-bundle\/#primaryimage","url":"https:\/\/blackstonegriddles.ca\/wp-content\/uploads\/2025\/06\/Screenshot-2025-06-06-110204.png","contentUrl":"https:\/\/blackstonegriddles.ca\/wp-content\/uploads\/2025\/06\/Screenshot-2025-06-06-110204.png","width":718,"height":723},{"@type":"BreadcrumbList","@id":"https:\/\/blackstonegriddles.ca\/product\/blackstone-28-omnivore-griddle-bundle\/#breadcrumb","itemListElement":[{"@type":"ListItem","position":1,"name":"Home","item":"https:\/\/blackstonegriddles.ca\/"},{"@type":"ListItem","position":2,"name":"Shop","item":"https:\/\/blackstonegriddles.ca\/shop\/"},{"@type":"ListItem","position":3,"name":"Blackstone 28\u201d Omnivore Griddle Bundle"}]},{"@type":"WebSite","@id":"https:\/\/blackstonegriddles.ca\/#website","url":"https:\/\/blackstonegriddles.ca\/","name":"Grils Blackstone Canada","description":"Blackstone Griddles distributeur officiel agr\u00e9\u00e9 Canada","publisher":{"@id":"https:\/\/blackstonegriddles.ca\/#organization"},"potentialAction":[{"@type":"SearchAction","target":{"@type":"EntryPoint","urlTemplate":"https:\/\/blackstonegriddles.ca\/?s={search_term_string}"},"query-input":{"@type":"PropertyValueSpecification","valueRequired":true,"valueName":"search_term_string"}}],"inLanguage":"fr-CA"},{"@type":"Organization","@id":"https:\/\/blackstonegriddles.ca\/#organization","name":"Grils Blackstone Canada","url":"https:\/\/blackstonegriddles.ca\/","logo":{"@type":"ImageObject","inLanguage":"fr-CA","@id":"https:\/\/blackstonegriddles.ca\/#\/schema\/logo\/image\/","url":"https:\/\/blackstonegriddles.ca\/wp-content\/uploads\/2025\/02\/blackstone-fire-logo.webp","contentUrl":"https:\/\/blackstonegriddles.ca\/wp-content\/uploads\/2025\/02\/blackstone-fire-logo.webp","width":53,"height":58,"caption":"Blackstone Griddles Canada"},"image":{"@id":"https:\/\/blackstonegriddles.ca\/#\/schema\/logo\/image\/"},"sameAs":["https:\/\/www.facebook.com\/blackstoneproducts\/","https:\/\/x.com\/weareblackstone","https:\/\/www.instagram.com\/blackstoneproducts\/","https:\/\/www.youtube.com\/channel\/UCr39rimir8y3p-q1iQYidVA"]}]}},"_links":{"self":[{"href":"https:\/\/blackstonegriddles.ca\/fr\/wp-json\/wp\/v2\/product\/48588","targetHints":{"allow":["GET"]}}],"collection":[{"href":"https:\/\/blackstonegriddles.ca\/fr\/wp-json\/wp\/v2\/product"}],"about":[{"href":"https:\/\/blackstonegriddles.ca\/fr\/wp-json\/wp\/v2\/types\/product"}],"wp:featuredmedia":[{"embeddable":true,"href":"https:\/\/blackstonegriddles.ca\/fr\/wp-json\/wp\/v2\/media\/48594"}],"wp:attachment":[{"href":"https:\/\/blackstonegriddles.ca\/fr\/wp-json\/wp\/v2\/media?parent=48588"}],"wp:term":[{"taxonomy":"product_brand","embeddable":true,"href":"https:\/\/blackstonegriddles.ca\/fr\/wp-json\/wp\/v2\/product_brand?post=48588"},{"taxonomy":"product_cat","embeddable":true,"href":"https:\/\/blackstonegriddles.ca\/fr\/wp-json\/wp\/v2\/product_cat?post=48588"},{"taxonomy":"product_tag","embeddable":true,"href":"https:\/\/blackstonegriddles.ca\/fr\/wp-json\/wp\/v2\/product_tag?post=48588"}],"curies":[{"name":"wp","href":"https:\/\/api.w.org\/{rel}","templated":true}]}}