{"id":48611,"date":"2025-06-06T17:24:09","date_gmt":"2025-06-06T17:24:09","guid":{"rendered":"https:\/\/blackstonegriddles.ca\/?post_type=product&#038;p=48611"},"modified":"2026-05-08T20:31:08","modified_gmt":"2026-05-08T20:31:08","slug":"blackstone-culinary-series-medium-griddle-press","status":"publish","type":"product","link":"https:\/\/blackstonegriddles.ca\/fr\/product\/blackstone-culinary-series-medium-griddle-press\/","title":{"rendered":"Blackstone Culinary Series Medium Griddle Press (presse \u00e0 griller moyenne)"},"content":{"rendered":"<ul>\n<li data-section-id=\"uz1poj\" data-start=\"528\" data-end=\"612\"><strong data-start=\"530\" data-end=\"553\">Conception \u00e0 ajustement flexible<\/strong><br data-start=\"553\" data-end=\"556\" \/>Peut \u00eatre d\u00e9coup\u00e9 ou pli\u00e9 pour s'adapter aux dessus de plancha de 28\u201d et 36\u201d<\/li>\n<li data-section-id=\"12sgy65\" data-start=\"614\" data-end=\"726\"><strong data-start=\"616\" data-end=\"643\">Protection int\u00e9grale de la surface<\/strong><br data-start=\"643\" data-end=\"646\" \/>Aide \u00e0 garder votre plaque de cuisson propre et prot\u00e9g\u00e9e des d\u00e9bris et des \u00e9l\u00e9ments ext\u00e9rieurs<\/li>\n<li data-section-id=\"14jyufr\" data-start=\"728\" data-end=\"824\"><strong data-start=\"730\" data-end=\"752\">Stabilit\u00e9 magn\u00e9tique<\/strong><br data-start=\"752\" data-end=\"755\" \/>Des aimants int\u00e9gr\u00e9s aident \u00e0 fixer le tapis sur l'ouverture arri\u00e8re de la graisse<\/li>\n<li data-section-id=\"wpvcnx\" data-start=\"826\" data-end=\"894\"><strong data-start=\"828\" data-end=\"843\">Facile \u00e0 utiliser<\/strong><br data-start=\"843\" data-end=\"846\" \/>Placement simple sur une plaque refroidie<\/li>\n<li data-section-id=\"15qmou8\" data-start=\"896\" data-end=\"960\"><strong data-start=\"898\" data-end=\"913\">Note de s\u00e9curit\u00e9<\/strong><br data-start=\"913\" data-end=\"916\" \/>Ne pas placer sur des plaques de cuisson chaudes ou ti\u00e8des.<\/li>\n<\/ul>","protected":false},"excerpt":{"rendered":"<p data-start=\"140\" data-end=\"342\">Prot\u00e9gez la surface de votre plancha avec le tapis de plancha Blackstone. Con\u00e7u pour la polyvalence et la commodit\u00e9, ce tapis aide \u00e0 prot\u00e9ger votre plancha des d\u00e9bris, des parasites et des \u00e9l\u00e9ments ext\u00e9rieurs lorsqu'elle n'est pas utilis\u00e9e.<\/p>\n<p data-start=\"344\" data-end=\"500\">D\u00e9coupez ou pliez facilement le tapis pour l'adapter aux couvercles de plancha de 28 pouces et 36 pouces. Des aimants int\u00e9gr\u00e9s aident \u00e0 le maintenir solidement en place, assurant une couverture et une protection fiables.<\/p>","protected":false},"featured_media":48612,"template":"","meta":[],"product_brand":[],"product_cat":[138,265],"product_tag":[],"class_list":{"0":"post-48611","1":"product","2":"type-product","3":"status-publish","4":"has-post-thumbnail","6":"product_cat-accessories","7":"product_cat-essential-extras","8":"product_shipping_class-accessories","10":"first","11":"instock","12":"taxable","13":"shipping-taxable","14":"purchasable","15":"product-type-simple"},"yoast_head":"<!-- This site is optimized with the Yoast SEO plugin v27.5 - https:\/\/yoast.com\/product\/yoast-seo-wordpress\/ -->\n<title>Blackstone Culinary Series Medium Griddle Press - Blackstone Griddles<\/title>\n<meta name=\"robots\" content=\"index, follow, max-snippet:-1, max-image-preview:large, max-video-preview:-1\" \/>\n<link rel=\"canonical\" href=\"https:\/\/blackstonegriddles.ca\/fr\/produit\/blackstone-culinary-series-medium-griddle-press\/\" \/>\n<meta property=\"og:locale\" content=\"fr_CA\" \/>\n<meta property=\"og:type\" content=\"article\" \/>\n<meta property=\"og:title\" content=\"Blackstone Culinary Series Medium Griddle Press - Blackstone Griddles\" \/>\n<meta property=\"og:description\" content=\"Protect your griddle surface with the Blackstone Griddle Top Mat. Designed for versatility and convenience, this mat helps shield your griddle from debris, pests, and outdoor elements when not in use. Easily cut or fold the mat to fit both 28\u201d and 36\u201d griddle tops. Built-in magnets help keep it securely in place, ensuring reliable coverage and protection.\" \/>\n<meta property=\"og:url\" content=\"https:\/\/blackstonegriddles.ca\/fr\/produit\/blackstone-culinary-series-medium-griddle-press\/\" \/>\n<meta property=\"og:site_name\" content=\"Blackstone Griddles\" \/>\n<meta property=\"article:publisher\" content=\"https:\/\/www.facebook.com\/blackstoneproducts\/\" \/>\n<meta property=\"article:modified_time\" content=\"2026-05-08T20:31:08+00:00\" \/>\n<meta property=\"og:image\" content=\"https:\/\/blackstonegriddles.ca\/wp-content\/uploads\/2025\/06\/Screenshot-2025-06-06-132121.png\" \/>\n\t<meta property=\"og:image:width\" content=\"451\" \/>\n\t<meta property=\"og:image:height\" content=\"401\" \/>\n\t<meta property=\"og:image:type\" content=\"image\/png\" \/>\n<meta name=\"twitter:card\" content=\"summary_large_image\" \/>\n<meta name=\"twitter:site\" content=\"@weareblackstone\" \/>\n<meta name=\"twitter:label1\" content=\"Estimation du temps de lecture\" \/>\n\t<meta name=\"twitter:data1\" content=\"1 minute\" \/>\n<script type=\"application\/ld+json\" class=\"yoast-schema-graph\">{\"@context\":\"https:\\\/\\\/schema.org\",\"@graph\":[{\"@type\":\"WebPage\",\"@id\":\"https:\\\/\\\/blackstonegriddles.ca\\\/product\\\/blackstone-culinary-series-medium-griddle-press\\\/\",\"url\":\"https:\\\/\\\/blackstonegriddles.ca\\\/product\\\/blackstone-culinary-series-medium-griddle-press\\\/\",\"name\":\"Blackstone Culinary Series Medium Griddle Press - Blackstone Griddles\",\"isPartOf\":{\"@id\":\"https:\\\/\\\/blackstonegriddles.ca\\\/#website\"},\"primaryImageOfPage\":{\"@id\":\"https:\\\/\\\/blackstonegriddles.ca\\\/product\\\/blackstone-culinary-series-medium-griddle-press\\\/#primaryimage\"},\"image\":{\"@id\":\"https:\\\/\\\/blackstonegriddles.ca\\\/product\\\/blackstone-culinary-series-medium-griddle-press\\\/#primaryimage\"},\"thumbnailUrl\":\"https:\\\/\\\/blackstonegriddles.ca\\\/wp-content\\\/uploads\\\/2025\\\/06\\\/Screenshot-2025-06-06-132121.png\",\"datePublished\":\"2025-06-06T17:24:09+00:00\",\"dateModified\":\"2026-05-08T20:31:08+00:00\",\"breadcrumb\":{\"@id\":\"https:\\\/\\\/blackstonegriddles.ca\\\/product\\\/blackstone-culinary-series-medium-griddle-press\\\/#breadcrumb\"},\"inLanguage\":\"fr-CA\",\"potentialAction\":[{\"@type\":\"ReadAction\",\"target\":[\"https:\\\/\\\/blackstonegriddles.ca\\\/product\\\/blackstone-culinary-series-medium-griddle-press\\\/\"]}]},{\"@type\":\"ImageObject\",\"inLanguage\":\"fr-CA\",\"@id\":\"https:\\\/\\\/blackstonegriddles.ca\\\/product\\\/blackstone-culinary-series-medium-griddle-press\\\/#primaryimage\",\"url\":\"https:\\\/\\\/blackstonegriddles.ca\\\/wp-content\\\/uploads\\\/2025\\\/06\\\/Screenshot-2025-06-06-132121.png\",\"contentUrl\":\"https:\\\/\\\/blackstonegriddles.ca\\\/wp-content\\\/uploads\\\/2025\\\/06\\\/Screenshot-2025-06-06-132121.png\",\"width\":451,\"height\":401},{\"@type\":\"BreadcrumbList\",\"@id\":\"https:\\\/\\\/blackstonegriddles.ca\\\/product\\\/blackstone-culinary-series-medium-griddle-press\\\/#breadcrumb\",\"itemListElement\":[{\"@type\":\"ListItem\",\"position\":1,\"name\":\"Home\",\"item\":\"https:\\\/\\\/blackstonegriddles.ca\\\/\"},{\"@type\":\"ListItem\",\"position\":2,\"name\":\"Shop\",\"item\":\"https:\\\/\\\/blackstonegriddles.ca\\\/shop\\\/\"},{\"@type\":\"ListItem\",\"position\":3,\"name\":\"Blackstone Culinary Series Medium Griddle Press\"}]},{\"@type\":\"WebSite\",\"@id\":\"https:\\\/\\\/blackstonegriddles.ca\\\/#website\",\"url\":\"https:\\\/\\\/blackstonegriddles.ca\\\/\",\"name\":\"Blackstone Griddles Canada\",\"description\":\"Blackstone Griddles official licensed dealer Canada\",\"publisher\":{\"@id\":\"https:\\\/\\\/blackstonegriddles.ca\\\/#organization\"},\"potentialAction\":[{\"@type\":\"SearchAction\",\"target\":{\"@type\":\"EntryPoint\",\"urlTemplate\":\"https:\\\/\\\/blackstonegriddles.ca\\\/?s={search_term_string}\"},\"query-input\":{\"@type\":\"PropertyValueSpecification\",\"valueRequired\":true,\"valueName\":\"search_term_string\"}}],\"inLanguage\":\"fr-CA\"},{\"@type\":\"Organization\",\"@id\":\"https:\\\/\\\/blackstonegriddles.ca\\\/#organization\",\"name\":\"Blackstone Griddles Canada\",\"url\":\"https:\\\/\\\/blackstonegriddles.ca\\\/\",\"logo\":{\"@type\":\"ImageObject\",\"inLanguage\":\"fr-CA\",\"@id\":\"https:\\\/\\\/blackstonegriddles.ca\\\/#\\\/schema\\\/logo\\\/image\\\/\",\"url\":\"https:\\\/\\\/blackstonegriddles.ca\\\/wp-content\\\/uploads\\\/2025\\\/02\\\/blackstone-fire-logo.webp\",\"contentUrl\":\"https:\\\/\\\/blackstonegriddles.ca\\\/wp-content\\\/uploads\\\/2025\\\/02\\\/blackstone-fire-logo.webp\",\"width\":53,\"height\":58,\"caption\":\"Blackstone Griddles Canada\"},\"image\":{\"@id\":\"https:\\\/\\\/blackstonegriddles.ca\\\/#\\\/schema\\\/logo\\\/image\\\/\"},\"sameAs\":[\"https:\\\/\\\/www.facebook.com\\\/blackstoneproducts\\\/\",\"https:\\\/\\\/x.com\\\/weareblackstone\",\"https:\\\/\\\/www.instagram.com\\\/blackstoneproducts\\\/\",\"https:\\\/\\\/www.youtube.com\\\/channel\\\/UCr39rimir8y3p-q1iQYidVA\"]}]}<\/script>\n<!-- \/ Yoast SEO plugin. -->","yoast_head_json":{"title":"Blackstone Culinary Series Medium Griddle Press - Blackstone Griddles","robots":{"index":"index","follow":"follow","max-snippet":"max-snippet:-1","max-image-preview":"max-image-preview:large","max-video-preview":"max-video-preview:-1"},"canonical":"https:\/\/blackstonegriddles.ca\/fr\/produit\/blackstone-culinary-series-medium-griddle-press\/","og_locale":"fr_CA","og_type":"article","og_title":"Blackstone Culinary Series Medium Griddle Press - Blackstone Griddles","og_description":"Protect your griddle surface with the Blackstone Griddle Top Mat. Designed for versatility and convenience, this mat helps shield your griddle from debris, pests, and outdoor elements when not in use. Easily cut or fold the mat to fit both 28\u201d and 36\u201d griddle tops. Built-in magnets help keep it securely in place, ensuring reliable coverage and protection.","og_url":"https:\/\/blackstonegriddles.ca\/fr\/produit\/blackstone-culinary-series-medium-griddle-press\/","og_site_name":"Blackstone Griddles","article_publisher":"https:\/\/www.facebook.com\/blackstoneproducts\/","article_modified_time":"2026-05-08T20:31:08+00:00","og_image":[{"width":451,"height":401,"url":"https:\/\/blackstonegriddles.ca\/wp-content\/uploads\/2025\/06\/Screenshot-2025-06-06-132121.png","type":"image\/png"}],"twitter_card":"summary_large_image","twitter_site":"@weareblackstone","twitter_misc":{"Estimation du temps de lecture":"1 minute"},"schema":{"@context":"https:\/\/schema.org","@graph":[{"@type":"WebPage","@id":"https:\/\/blackstonegriddles.ca\/product\/blackstone-culinary-series-medium-griddle-press\/","url":"https:\/\/blackstonegriddles.ca\/product\/blackstone-culinary-series-medium-griddle-press\/","name":"Blackstone Culinary Series Medium Griddle Press - Blackstone Griddles","isPartOf":{"@id":"https:\/\/blackstonegriddles.ca\/#website"},"primaryImageOfPage":{"@id":"https:\/\/blackstonegriddles.ca\/product\/blackstone-culinary-series-medium-griddle-press\/#primaryimage"},"image":{"@id":"https:\/\/blackstonegriddles.ca\/product\/blackstone-culinary-series-medium-griddle-press\/#primaryimage"},"thumbnailUrl":"https:\/\/blackstonegriddles.ca\/wp-content\/uploads\/2025\/06\/Screenshot-2025-06-06-132121.png","datePublished":"2025-06-06T17:24:09+00:00","dateModified":"2026-05-08T20:31:08+00:00","breadcrumb":{"@id":"https:\/\/blackstonegriddles.ca\/product\/blackstone-culinary-series-medium-griddle-press\/#breadcrumb"},"inLanguage":"fr-CA","potentialAction":[{"@type":"ReadAction","target":["https:\/\/blackstonegriddles.ca\/product\/blackstone-culinary-series-medium-griddle-press\/"]}]},{"@type":"ImageObject","inLanguage":"fr-CA","@id":"https:\/\/blackstonegriddles.ca\/product\/blackstone-culinary-series-medium-griddle-press\/#primaryimage","url":"https:\/\/blackstonegriddles.ca\/wp-content\/uploads\/2025\/06\/Screenshot-2025-06-06-132121.png","contentUrl":"https:\/\/blackstonegriddles.ca\/wp-content\/uploads\/2025\/06\/Screenshot-2025-06-06-132121.png","width":451,"height":401},{"@type":"BreadcrumbList","@id":"https:\/\/blackstonegriddles.ca\/product\/blackstone-culinary-series-medium-griddle-press\/#breadcrumb","itemListElement":[{"@type":"ListItem","position":1,"name":"Home","item":"https:\/\/blackstonegriddles.ca\/"},{"@type":"ListItem","position":2,"name":"Shop","item":"https:\/\/blackstonegriddles.ca\/shop\/"},{"@type":"ListItem","position":3,"name":"Blackstone Culinary Series Medium Griddle Press"}]},{"@type":"WebSite","@id":"https:\/\/blackstonegriddles.ca\/#website","url":"https:\/\/blackstonegriddles.ca\/","name":"Grils Blackstone Canada","description":"Blackstone Griddles distributeur officiel agr\u00e9\u00e9 Canada","publisher":{"@id":"https:\/\/blackstonegriddles.ca\/#organization"},"potentialAction":[{"@type":"SearchAction","target":{"@type":"EntryPoint","urlTemplate":"https:\/\/blackstonegriddles.ca\/?s={search_term_string}"},"query-input":{"@type":"PropertyValueSpecification","valueRequired":true,"valueName":"search_term_string"}}],"inLanguage":"fr-CA"},{"@type":"Organization","@id":"https:\/\/blackstonegriddles.ca\/#organization","name":"Grils Blackstone Canada","url":"https:\/\/blackstonegriddles.ca\/","logo":{"@type":"ImageObject","inLanguage":"fr-CA","@id":"https:\/\/blackstonegriddles.ca\/#\/schema\/logo\/image\/","url":"https:\/\/blackstonegriddles.ca\/wp-content\/uploads\/2025\/02\/blackstone-fire-logo.webp","contentUrl":"https:\/\/blackstonegriddles.ca\/wp-content\/uploads\/2025\/02\/blackstone-fire-logo.webp","width":53,"height":58,"caption":"Blackstone Griddles Canada"},"image":{"@id":"https:\/\/blackstonegriddles.ca\/#\/schema\/logo\/image\/"},"sameAs":["https:\/\/www.facebook.com\/blackstoneproducts\/","https:\/\/x.com\/weareblackstone","https:\/\/www.instagram.com\/blackstoneproducts\/","https:\/\/www.youtube.com\/channel\/UCr39rimir8y3p-q1iQYidVA"]}]}},"_links":{"self":[{"href":"https:\/\/blackstonegriddles.ca\/fr\/wp-json\/wp\/v2\/product\/48611","targetHints":{"allow":["GET"]}}],"collection":[{"href":"https:\/\/blackstonegriddles.ca\/fr\/wp-json\/wp\/v2\/product"}],"about":[{"href":"https:\/\/blackstonegriddles.ca\/fr\/wp-json\/wp\/v2\/types\/product"}],"wp:featuredmedia":[{"embeddable":true,"href":"https:\/\/blackstonegriddles.ca\/fr\/wp-json\/wp\/v2\/media\/48612"}],"wp:attachment":[{"href":"https:\/\/blackstonegriddles.ca\/fr\/wp-json\/wp\/v2\/media?parent=48611"}],"wp:term":[{"taxonomy":"product_brand","embeddable":true,"href":"https:\/\/blackstonegriddles.ca\/fr\/wp-json\/wp\/v2\/product_brand?post=48611"},{"taxonomy":"product_cat","embeddable":true,"href":"https:\/\/blackstonegriddles.ca\/fr\/wp-json\/wp\/v2\/product_cat?post=48611"},{"taxonomy":"product_tag","embeddable":true,"href":"https:\/\/blackstonegriddles.ca\/fr\/wp-json\/wp\/v2\/product_tag?post=48611"}],"curies":[{"name":"wp","href":"https:\/\/api.w.org\/{rel}","templated":true}]}}