{"id":51000,"date":"2025-12-11T15:30:56","date_gmt":"2025-12-11T15:30:56","guid":{"rendered":"https:\/\/blackstonegriddles.ca\/?post_type=product&#038;p=51000"},"modified":"2026-04-23T18:41:46","modified_gmt":"2026-04-23T18:41:46","slug":"blackstone-original-series-griddle-top-carrying-bag-for-36inch-griddle","status":"publish","type":"product","link":"https:\/\/blackstonegriddles.ca\/fr\/product\/blackstone-original-series-griddle-top-carrying-bag-for-36inch-griddle\/","title":{"rendered":"Blackstone Original Series Griddle Top Carrying Bag for 36inch Griddle (Sac de transport pour gril de 36 pouces)"},"content":{"rendered":"<ul>\n<li data-section-id=\"dge2cj\" data-start=\"571\" data-end=\"665\"><strong data-start=\"573\" data-end=\"591\">Compatibilit\u00e9 Fit<\/strong><br data-start=\"591\" data-end=\"594\" \/>Con\u00e7u pour s'adapter aux plaques de cuisson de 36 pouces et \u00e0 l'accessoire bo\u00eete de gril de 36 pouces (1514).<\/li>\n<li data-section-id=\"6ud10f\" data-start=\"667\" data-end=\"760\"><strong data-start=\"669\" data-end=\"693\">Construction durable<\/strong><br data-start=\"693\" data-end=\"696\" \/>Fabriqu\u00e9 en toile de polyester 600D r\u00e9sistante, trait\u00e9e anti-UV<\/li>\n<li data-section-id=\"1eibo91\" data-start=\"762\" data-end=\"850\"><strong data-start=\"764\" data-end=\"795\">Fermetures \u00e9clair industrielles<\/strong><br data-start=\"795\" data-end=\"798\" \/>Con\u00e7u pour r\u00e9sister \u00e0 des charges lourdes et \u00e0 une utilisation fr\u00e9quente<\/li>\n<li data-section-id=\"1219mqh\" data-start=\"852\" data-end=\"930\"><strong data-start=\"854\" data-end=\"876\">Poign\u00e9es renforc\u00e9es<\/strong><br data-start=\"876\" data-end=\"879\" \/>Poign\u00e9es robustes et r\u00e9sistantes pour un transport facile<\/li>\n<li data-section-id=\"pz1luq\" data-start=\"932\" data-end=\"1026\"><strong data-start=\"934\" data-end=\"962\">Poche de rangement pour accessoires<\/strong><br data-start=\"962\" data-end=\"965\" \/>Offre un espace suppl\u00e9mentaire pour les petits outils et accessoires<\/li>\n<\/ul>","protected":false},"excerpt":{"rendered":"<p data-start=\"151\" data-end=\"372\">Le sac de transport Blackstone 36\u201d est con\u00e7u pour le transport et la protection pratiques de votre plancha et de ses accessoires. Fabriqu\u00e9 \u00e0 partir de mat\u00e9riaux robustes, il permet de maintenir votre \u00e9quipement en s\u00e9curit\u00e9 lors de vos d\u00e9placements ou de son stockage.<\/p>\n<p data-start=\"374\" data-end=\"543\">Avec des poign\u00e9es renforc\u00e9es, des fermetures \u00e9clair durables et une poche \u00e0 accessoires suppl\u00e9mentaire, ce sac est con\u00e7u pour supporter le poids tout en gardant les composants de votre plancha organis\u00e9s et prot\u00e9g\u00e9s.<\/p>","protected":false},"featured_media":51001,"template":"","meta":[],"product_brand":[],"product_cat":[137],"product_tag":[],"class_list":{"0":"post-51000","1":"product","2":"type-product","3":"status-publish","4":"has-post-thumbnail","6":"product_cat-covers-and-carry-bags","7":"product_shipping_class-accessories","9":"first","10":"instock","11":"taxable","12":"shipping-taxable","13":"purchasable","14":"product-type-simple"},"yoast_head":"<!-- This site is optimized with the Yoast SEO plugin v27.5 - https:\/\/yoast.com\/product\/yoast-seo-wordpress\/ -->\n<title>Blackstone Original Series Griddle Top Carrying Bag for 36inch Griddle - Blackstone Griddles<\/title>\n<meta name=\"robots\" content=\"index, follow, max-snippet:-1, max-image-preview:large, max-video-preview:-1\" \/>\n<link rel=\"canonical\" href=\"https:\/\/blackstonegriddles.ca\/fr\/produit\/blackstone-original-series-griddle-top-carrying-bag-for-36inch-griddle\/\" \/>\n<meta property=\"og:locale\" content=\"fr_CA\" \/>\n<meta property=\"og:type\" content=\"article\" \/>\n<meta property=\"og:title\" content=\"Blackstone Original Series Griddle Top Carrying Bag for 36inch Griddle - Blackstone Griddles\" \/>\n<meta property=\"og:description\" content=\"The Blackstone 36\u201d Carry Bag is designed for convenient transport and protection of your griddle top and accessories. Built from heavy-duty materials, it helps keep your equipment secure while on the move or in storage. With reinforced handles, durable zippers, and an added accessory pocket, this bag is made to handle weight while keeping your griddle components organized and protected.\" \/>\n<meta property=\"og:url\" content=\"https:\/\/blackstonegriddles.ca\/fr\/produit\/blackstone-original-series-griddle-top-carrying-bag-for-36inch-griddle\/\" \/>\n<meta property=\"og:site_name\" content=\"Blackstone Griddles\" \/>\n<meta property=\"article:publisher\" content=\"https:\/\/www.facebook.com\/blackstoneproducts\/\" \/>\n<meta property=\"article:modified_time\" content=\"2026-04-23T18:41:46+00:00\" \/>\n<meta property=\"og:image\" content=\"https:\/\/blackstonegriddles.ca\/wp-content\/uploads\/2025\/12\/1131_main.webp\" \/>\n\t<meta property=\"og:image:width\" content=\"800\" \/>\n\t<meta property=\"og:image:height\" content=\"640\" \/>\n\t<meta property=\"og:image:type\" content=\"image\/webp\" \/>\n<meta name=\"twitter:card\" content=\"summary_large_image\" \/>\n<meta name=\"twitter:site\" content=\"@weareblackstone\" \/>\n<meta name=\"twitter:label1\" content=\"Estimation du temps de lecture\" \/>\n\t<meta name=\"twitter:data1\" content=\"1 minute\" \/>\n<script type=\"application\/ld+json\" class=\"yoast-schema-graph\">{\"@context\":\"https:\\\/\\\/schema.org\",\"@graph\":[{\"@type\":\"WebPage\",\"@id\":\"https:\\\/\\\/blackstonegriddles.ca\\\/product\\\/blackstone-original-series-griddle-top-carrying-bag-for-36inch-griddle\\\/\",\"url\":\"https:\\\/\\\/blackstonegriddles.ca\\\/product\\\/blackstone-original-series-griddle-top-carrying-bag-for-36inch-griddle\\\/\",\"name\":\"Blackstone Original Series Griddle Top Carrying Bag for 36inch Griddle - Blackstone Griddles\",\"isPartOf\":{\"@id\":\"https:\\\/\\\/blackstonegriddles.ca\\\/#website\"},\"primaryImageOfPage\":{\"@id\":\"https:\\\/\\\/blackstonegriddles.ca\\\/product\\\/blackstone-original-series-griddle-top-carrying-bag-for-36inch-griddle\\\/#primaryimage\"},\"image\":{\"@id\":\"https:\\\/\\\/blackstonegriddles.ca\\\/product\\\/blackstone-original-series-griddle-top-carrying-bag-for-36inch-griddle\\\/#primaryimage\"},\"thumbnailUrl\":\"https:\\\/\\\/blackstonegriddles.ca\\\/wp-content\\\/uploads\\\/2025\\\/12\\\/1131_main.webp\",\"datePublished\":\"2025-12-11T15:30:56+00:00\",\"dateModified\":\"2026-04-23T18:41:46+00:00\",\"breadcrumb\":{\"@id\":\"https:\\\/\\\/blackstonegriddles.ca\\\/product\\\/blackstone-original-series-griddle-top-carrying-bag-for-36inch-griddle\\\/#breadcrumb\"},\"inLanguage\":\"fr-CA\",\"potentialAction\":[{\"@type\":\"ReadAction\",\"target\":[\"https:\\\/\\\/blackstonegriddles.ca\\\/product\\\/blackstone-original-series-griddle-top-carrying-bag-for-36inch-griddle\\\/\"]}]},{\"@type\":\"ImageObject\",\"inLanguage\":\"fr-CA\",\"@id\":\"https:\\\/\\\/blackstonegriddles.ca\\\/product\\\/blackstone-original-series-griddle-top-carrying-bag-for-36inch-griddle\\\/#primaryimage\",\"url\":\"https:\\\/\\\/blackstonegriddles.ca\\\/wp-content\\\/uploads\\\/2025\\\/12\\\/1131_main.webp\",\"contentUrl\":\"https:\\\/\\\/blackstonegriddles.ca\\\/wp-content\\\/uploads\\\/2025\\\/12\\\/1131_main.webp\",\"width\":800,\"height\":640},{\"@type\":\"BreadcrumbList\",\"@id\":\"https:\\\/\\\/blackstonegriddles.ca\\\/product\\\/blackstone-original-series-griddle-top-carrying-bag-for-36inch-griddle\\\/#breadcrumb\",\"itemListElement\":[{\"@type\":\"ListItem\",\"position\":1,\"name\":\"Home\",\"item\":\"https:\\\/\\\/blackstonegriddles.ca\\\/\"},{\"@type\":\"ListItem\",\"position\":2,\"name\":\"Shop\",\"item\":\"https:\\\/\\\/blackstonegriddles.ca\\\/shop\\\/\"},{\"@type\":\"ListItem\",\"position\":3,\"name\":\"Blackstone Original Series Griddle Top Carrying Bag for 36inch Griddle\"}]},{\"@type\":\"WebSite\",\"@id\":\"https:\\\/\\\/blackstonegriddles.ca\\\/#website\",\"url\":\"https:\\\/\\\/blackstonegriddles.ca\\\/\",\"name\":\"Blackstone Griddles Canada\",\"description\":\"Blackstone Griddles official licensed dealer Canada\",\"publisher\":{\"@id\":\"https:\\\/\\\/blackstonegriddles.ca\\\/#organization\"},\"potentialAction\":[{\"@type\":\"SearchAction\",\"target\":{\"@type\":\"EntryPoint\",\"urlTemplate\":\"https:\\\/\\\/blackstonegriddles.ca\\\/?s={search_term_string}\"},\"query-input\":{\"@type\":\"PropertyValueSpecification\",\"valueRequired\":true,\"valueName\":\"search_term_string\"}}],\"inLanguage\":\"fr-CA\"},{\"@type\":\"Organization\",\"@id\":\"https:\\\/\\\/blackstonegriddles.ca\\\/#organization\",\"name\":\"Blackstone Griddles Canada\",\"url\":\"https:\\\/\\\/blackstonegriddles.ca\\\/\",\"logo\":{\"@type\":\"ImageObject\",\"inLanguage\":\"fr-CA\",\"@id\":\"https:\\\/\\\/blackstonegriddles.ca\\\/#\\\/schema\\\/logo\\\/image\\\/\",\"url\":\"https:\\\/\\\/blackstonegriddles.ca\\\/wp-content\\\/uploads\\\/2025\\\/02\\\/blackstone-fire-logo.webp\",\"contentUrl\":\"https:\\\/\\\/blackstonegriddles.ca\\\/wp-content\\\/uploads\\\/2025\\\/02\\\/blackstone-fire-logo.webp\",\"width\":53,\"height\":58,\"caption\":\"Blackstone Griddles Canada\"},\"image\":{\"@id\":\"https:\\\/\\\/blackstonegriddles.ca\\\/#\\\/schema\\\/logo\\\/image\\\/\"},\"sameAs\":[\"https:\\\/\\\/www.facebook.com\\\/blackstoneproducts\\\/\",\"https:\\\/\\\/x.com\\\/weareblackstone\",\"https:\\\/\\\/www.instagram.com\\\/blackstoneproducts\\\/\",\"https:\\\/\\\/www.youtube.com\\\/channel\\\/UCr39rimir8y3p-q1iQYidVA\"]}]}<\/script>\n<!-- \/ Yoast SEO plugin. -->","yoast_head_json":{"title":"Blackstone Original Series Griddle Top Carrying Bag for 36inch Griddle - Blackstone Griddles","robots":{"index":"index","follow":"follow","max-snippet":"max-snippet:-1","max-image-preview":"max-image-preview:large","max-video-preview":"max-video-preview:-1"},"canonical":"https:\/\/blackstonegriddles.ca\/fr\/produit\/blackstone-original-series-griddle-top-carrying-bag-for-36inch-griddle\/","og_locale":"fr_CA","og_type":"article","og_title":"Blackstone Original Series Griddle Top Carrying Bag for 36inch Griddle - Blackstone Griddles","og_description":"The Blackstone 36\u201d Carry Bag is designed for convenient transport and protection of your griddle top and accessories. Built from heavy-duty materials, it helps keep your equipment secure while on the move or in storage. With reinforced handles, durable zippers, and an added accessory pocket, this bag is made to handle weight while keeping your griddle components organized and protected.","og_url":"https:\/\/blackstonegriddles.ca\/fr\/produit\/blackstone-original-series-griddle-top-carrying-bag-for-36inch-griddle\/","og_site_name":"Blackstone Griddles","article_publisher":"https:\/\/www.facebook.com\/blackstoneproducts\/","article_modified_time":"2026-04-23T18:41:46+00:00","og_image":[{"width":800,"height":640,"url":"https:\/\/blackstonegriddles.ca\/wp-content\/uploads\/2025\/12\/1131_main.webp","type":"image\/webp"}],"twitter_card":"summary_large_image","twitter_site":"@weareblackstone","twitter_misc":{"Estimation du temps de lecture":"1 minute"},"schema":{"@context":"https:\/\/schema.org","@graph":[{"@type":"WebPage","@id":"https:\/\/blackstonegriddles.ca\/product\/blackstone-original-series-griddle-top-carrying-bag-for-36inch-griddle\/","url":"https:\/\/blackstonegriddles.ca\/product\/blackstone-original-series-griddle-top-carrying-bag-for-36inch-griddle\/","name":"Blackstone Original Series Griddle Top Carrying Bag for 36inch Griddle - Blackstone Griddles","isPartOf":{"@id":"https:\/\/blackstonegriddles.ca\/#website"},"primaryImageOfPage":{"@id":"https:\/\/blackstonegriddles.ca\/product\/blackstone-original-series-griddle-top-carrying-bag-for-36inch-griddle\/#primaryimage"},"image":{"@id":"https:\/\/blackstonegriddles.ca\/product\/blackstone-original-series-griddle-top-carrying-bag-for-36inch-griddle\/#primaryimage"},"thumbnailUrl":"https:\/\/blackstonegriddles.ca\/wp-content\/uploads\/2025\/12\/1131_main.webp","datePublished":"2025-12-11T15:30:56+00:00","dateModified":"2026-04-23T18:41:46+00:00","breadcrumb":{"@id":"https:\/\/blackstonegriddles.ca\/product\/blackstone-original-series-griddle-top-carrying-bag-for-36inch-griddle\/#breadcrumb"},"inLanguage":"fr-CA","potentialAction":[{"@type":"ReadAction","target":["https:\/\/blackstonegriddles.ca\/product\/blackstone-original-series-griddle-top-carrying-bag-for-36inch-griddle\/"]}]},{"@type":"ImageObject","inLanguage":"fr-CA","@id":"https:\/\/blackstonegriddles.ca\/product\/blackstone-original-series-griddle-top-carrying-bag-for-36inch-griddle\/#primaryimage","url":"https:\/\/blackstonegriddles.ca\/wp-content\/uploads\/2025\/12\/1131_main.webp","contentUrl":"https:\/\/blackstonegriddles.ca\/wp-content\/uploads\/2025\/12\/1131_main.webp","width":800,"height":640},{"@type":"BreadcrumbList","@id":"https:\/\/blackstonegriddles.ca\/product\/blackstone-original-series-griddle-top-carrying-bag-for-36inch-griddle\/#breadcrumb","itemListElement":[{"@type":"ListItem","position":1,"name":"Home","item":"https:\/\/blackstonegriddles.ca\/"},{"@type":"ListItem","position":2,"name":"Shop","item":"https:\/\/blackstonegriddles.ca\/shop\/"},{"@type":"ListItem","position":3,"name":"Blackstone Original Series Griddle Top Carrying Bag for 36inch Griddle"}]},{"@type":"WebSite","@id":"https:\/\/blackstonegriddles.ca\/#website","url":"https:\/\/blackstonegriddles.ca\/","name":"Grils Blackstone Canada","description":"Blackstone Griddles distributeur officiel agr\u00e9\u00e9 Canada","publisher":{"@id":"https:\/\/blackstonegriddles.ca\/#organization"},"potentialAction":[{"@type":"SearchAction","target":{"@type":"EntryPoint","urlTemplate":"https:\/\/blackstonegriddles.ca\/?s={search_term_string}"},"query-input":{"@type":"PropertyValueSpecification","valueRequired":true,"valueName":"search_term_string"}}],"inLanguage":"fr-CA"},{"@type":"Organization","@id":"https:\/\/blackstonegriddles.ca\/#organization","name":"Grils Blackstone Canada","url":"https:\/\/blackstonegriddles.ca\/","logo":{"@type":"ImageObject","inLanguage":"fr-CA","@id":"https:\/\/blackstonegriddles.ca\/#\/schema\/logo\/image\/","url":"https:\/\/blackstonegriddles.ca\/wp-content\/uploads\/2025\/02\/blackstone-fire-logo.webp","contentUrl":"https:\/\/blackstonegriddles.ca\/wp-content\/uploads\/2025\/02\/blackstone-fire-logo.webp","width":53,"height":58,"caption":"Blackstone Griddles Canada"},"image":{"@id":"https:\/\/blackstonegriddles.ca\/#\/schema\/logo\/image\/"},"sameAs":["https:\/\/www.facebook.com\/blackstoneproducts\/","https:\/\/x.com\/weareblackstone","https:\/\/www.instagram.com\/blackstoneproducts\/","https:\/\/www.youtube.com\/channel\/UCr39rimir8y3p-q1iQYidVA"]}]}},"_links":{"self":[{"href":"https:\/\/blackstonegriddles.ca\/fr\/wp-json\/wp\/v2\/product\/51000","targetHints":{"allow":["GET"]}}],"collection":[{"href":"https:\/\/blackstonegriddles.ca\/fr\/wp-json\/wp\/v2\/product"}],"about":[{"href":"https:\/\/blackstonegriddles.ca\/fr\/wp-json\/wp\/v2\/types\/product"}],"wp:featuredmedia":[{"embeddable":true,"href":"https:\/\/blackstonegriddles.ca\/fr\/wp-json\/wp\/v2\/media\/51001"}],"wp:attachment":[{"href":"https:\/\/blackstonegriddles.ca\/fr\/wp-json\/wp\/v2\/media?parent=51000"}],"wp:term":[{"taxonomy":"product_brand","embeddable":true,"href":"https:\/\/blackstonegriddles.ca\/fr\/wp-json\/wp\/v2\/product_brand?post=51000"},{"taxonomy":"product_cat","embeddable":true,"href":"https:\/\/blackstonegriddles.ca\/fr\/wp-json\/wp\/v2\/product_cat?post=51000"},{"taxonomy":"product_tag","embeddable":true,"href":"https:\/\/blackstonegriddles.ca\/fr\/wp-json\/wp\/v2\/product_tag?post=51000"}],"curies":[{"name":"wp","href":"https:\/\/api.w.org\/{rel}","templated":true}]}}