{"id":51019,"date":"2025-12-12T18:03:16","date_gmt":"2025-12-12T18:03:16","guid":{"rendered":"https:\/\/blackstonegriddles.ca\/?post_type=product&#038;p=51019"},"modified":"2026-05-08T19:01:30","modified_gmt":"2026-05-08T19:01:30","slug":"blackstone-original-series-7-piece-hibachi-tool-accessory-kit","status":"publish","type":"product","link":"https:\/\/blackstonegriddles.ca\/fr\/product\/blackstone-original-series-7-piece-hibachi-tool-accessory-kit\/","title":{"rendered":"Blackstone Original Series 7-piece Hibachi Tool Accessory Kit (Kit d'accessoires pour hibachi)"},"content":{"rendered":"<ul class=\"title-block_features__oR3xh\" data-testid=\"product-features\">\n<li data-section-id=\"1bm21ea\" data-start=\"660\" data-end=\"765\"><strong data-start=\"662\" data-end=\"699\">Kit d'outils Hibachi 7 pi\u00e8ces compl\u00e8tes<\/strong><br data-start=\"699\" data-end=\"702\" \/>Comprend les outils essentiels pour cuisiner, pr\u00e9parer et servir<\/li>\n<li data-section-id=\"9ggzm7\" data-start=\"767\" data-end=\"964\"><strong data-start=\"769\" data-end=\"788\">Comprend (Qt\u00e9.)<\/strong>\n<ul data-start=\"793\" data-end=\"964\">\n<li data-section-id=\"1ezbw50\" data-start=\"793\" data-end=\"822\">Spatules hibachi (Quantit\u00e9 2)<\/li>\n<li data-section-id=\"6803vg\" data-start=\"825\" data-end=\"850\">Fourchette \u00e0 d\u00e9couper (Qt\u00e9. 1)<\/li>\n<li data-section-id=\"tpuk7d\" data-start=\"853\" data-end=\"896\">Couteau de chef 8 pouces avec housse de lame (Qt\u00e9. 1)<\/li>\n<li data-section-id=\"j5f8xd\" data-start=\"899\" data-end=\"927\">Spatule de plat (Qt\u00e9. 1)<\/li>\n<li data-section-id=\"1u0ik04\" data-start=\"930\" data-end=\"964\">Bouteilles souples de 16 oz (Qt\u00e9. 2)<\/li>\n<\/ul>\n<\/li>\n<li data-section-id=\"144iym1\" data-start=\"966\" data-end=\"1055\"><strong data-start=\"968\" data-end=\"995\">Outils de cuisine polyvalents<\/strong><br data-start=\"995\" data-end=\"998\" \/>Id\u00e9al pour les saut\u00e9s, le riz frit, retourner et trancher<\/li>\n<li data-section-id=\"mb31rl\" data-start=\"1057\" data-end=\"1139\"><strong data-start=\"1059\" data-end=\"1083\">Construction durable<\/strong><br data-start=\"1083\" data-end=\"1086\" \/>Con\u00e7u pour des performances fiables lors d'une utilisation r\u00e9guli\u00e8re<\/li>\n<li data-section-id=\"17b83fs\" data-start=\"1141\" data-end=\"1249\"><strong data-start=\"1143\" data-end=\"1163\">Entretien facile<\/strong><br data-start=\"1163\" data-end=\"1166\" \/>Les ustensiles de plancha vont au lave-vaisselle ; le couteau et les bouteilles souples uniquement lav\u00e9s \u00e0 la main.<\/li>\n<\/ul>","protected":false},"excerpt":{"rendered":"<p data-start=\"175\" data-end=\"419\">Apportez l'exp\u00e9rience hibachi \u00e0 votre installation de cuisine avec le kit d'accessoires d'outils hibachi Blackstone Original Series 7 pi\u00e8ces. Con\u00e7u pour la polyvalence et le contr\u00f4le, ce kit comprend des outils essentiels pour vous aider \u00e0 pr\u00e9parer, retourner et servir en toute simplicit\u00e9.<\/p>\n<p data-start=\"421\" data-end=\"632\">Des saut\u00e9s et du riz frit \u00e0 la d\u00e9coupe et au dressage, chaque ustensile soutient un processus culinaire fluide. Avec une combinaison d'outils de plancha et d'essentiels de pr\u00e9paration, ce kit vous aide \u00e0 cr\u00e9er une exp\u00e9rience culinaire compl\u00e8te.<\/p>","protected":false},"featured_media":51020,"template":"","meta":[],"product_brand":[],"product_cat":[249,262],"product_tag":[],"class_list":{"0":"post-51019","1":"product","2":"type-product","3":"status-publish","4":"has-post-thumbnail","6":"product_cat-sale","7":"product_cat-tool-kits","8":"product_shipping_class-accessories","10":"first","11":"instock","12":"sale","13":"taxable","14":"shipping-taxable","15":"purchasable","16":"product-type-simple"},"yoast_head":"<!-- This site is optimized with the Yoast SEO plugin v27.5 - https:\/\/yoast.com\/product\/yoast-seo-wordpress\/ -->\n<title>Blackstone Original Series 7-piece Hibachi Tool Accessory Kit - Blackstone Griddles<\/title>\n<meta name=\"robots\" content=\"index, follow, max-snippet:-1, max-image-preview:large, max-video-preview:-1\" \/>\n<link rel=\"canonical\" href=\"https:\/\/blackstonegriddles.ca\/fr\/produit\/blackstone-original-series-7-piece-hibachi-tool-accessory-kit\/\" \/>\n<meta property=\"og:locale\" content=\"fr_CA\" \/>\n<meta property=\"og:type\" content=\"article\" \/>\n<meta property=\"og:title\" content=\"Blackstone Original Series 7-piece Hibachi Tool Accessory Kit - Blackstone Griddles\" \/>\n<meta property=\"og:description\" content=\"Bring the hibachi experience to your cooking setup with the Blackstone Original Series 7-Piece Hibachi Tool Accessory Kit. Designed for versatility and control, this kit includes essential tools to help you prepare, flip, and serve with ease. From stir fry and fried rice to slicing and plating, each tool supports a smooth cooking process. With a combination of griddle tools and prep essentials, this kit helps you create a complete cooking experience.\" \/>\n<meta property=\"og:url\" content=\"https:\/\/blackstonegriddles.ca\/fr\/produit\/blackstone-original-series-7-piece-hibachi-tool-accessory-kit\/\" \/>\n<meta property=\"og:site_name\" content=\"Blackstone Griddles\" \/>\n<meta property=\"article:publisher\" content=\"https:\/\/www.facebook.com\/blackstoneproducts\/\" \/>\n<meta property=\"article:modified_time\" content=\"2026-05-08T19:01:30+00:00\" \/>\n<meta property=\"og:image\" content=\"https:\/\/blackstonegriddles.ca\/wp-content\/uploads\/2025\/12\/1_5301_HibachiKit_OnWhite_Sequence_WEB.jpg\" \/>\n\t<meta property=\"og:image:width\" content=\"2501\" \/>\n\t<meta property=\"og:image:height\" content=\"2501\" \/>\n\t<meta property=\"og:image:type\" content=\"image\/jpeg\" \/>\n<meta name=\"twitter:card\" content=\"summary_large_image\" \/>\n<meta name=\"twitter:site\" content=\"@weareblackstone\" \/>\n<meta name=\"twitter:label1\" content=\"Estimation du temps de lecture\" \/>\n\t<meta name=\"twitter:data1\" content=\"1 minute\" \/>\n<script type=\"application\/ld+json\" class=\"yoast-schema-graph\">{\"@context\":\"https:\\\/\\\/schema.org\",\"@graph\":[{\"@type\":\"WebPage\",\"@id\":\"https:\\\/\\\/blackstonegriddles.ca\\\/product\\\/blackstone-original-series-7-piece-hibachi-tool-accessory-kit\\\/\",\"url\":\"https:\\\/\\\/blackstonegriddles.ca\\\/product\\\/blackstone-original-series-7-piece-hibachi-tool-accessory-kit\\\/\",\"name\":\"Blackstone Original Series 7-piece Hibachi Tool Accessory Kit - Blackstone Griddles\",\"isPartOf\":{\"@id\":\"https:\\\/\\\/blackstonegriddles.ca\\\/#website\"},\"primaryImageOfPage\":{\"@id\":\"https:\\\/\\\/blackstonegriddles.ca\\\/product\\\/blackstone-original-series-7-piece-hibachi-tool-accessory-kit\\\/#primaryimage\"},\"image\":{\"@id\":\"https:\\\/\\\/blackstonegriddles.ca\\\/product\\\/blackstone-original-series-7-piece-hibachi-tool-accessory-kit\\\/#primaryimage\"},\"thumbnailUrl\":\"https:\\\/\\\/blackstonegriddles.ca\\\/wp-content\\\/uploads\\\/2025\\\/12\\\/1_5301_HibachiKit_OnWhite_Sequence_WEB.jpg\",\"datePublished\":\"2025-12-12T18:03:16+00:00\",\"dateModified\":\"2026-05-08T19:01:30+00:00\",\"breadcrumb\":{\"@id\":\"https:\\\/\\\/blackstonegriddles.ca\\\/product\\\/blackstone-original-series-7-piece-hibachi-tool-accessory-kit\\\/#breadcrumb\"},\"inLanguage\":\"fr-CA\",\"potentialAction\":[{\"@type\":\"ReadAction\",\"target\":[\"https:\\\/\\\/blackstonegriddles.ca\\\/product\\\/blackstone-original-series-7-piece-hibachi-tool-accessory-kit\\\/\"]}]},{\"@type\":\"ImageObject\",\"inLanguage\":\"fr-CA\",\"@id\":\"https:\\\/\\\/blackstonegriddles.ca\\\/product\\\/blackstone-original-series-7-piece-hibachi-tool-accessory-kit\\\/#primaryimage\",\"url\":\"https:\\\/\\\/blackstonegriddles.ca\\\/wp-content\\\/uploads\\\/2025\\\/12\\\/1_5301_HibachiKit_OnWhite_Sequence_WEB.jpg\",\"contentUrl\":\"https:\\\/\\\/blackstonegriddles.ca\\\/wp-content\\\/uploads\\\/2025\\\/12\\\/1_5301_HibachiKit_OnWhite_Sequence_WEB.jpg\",\"width\":2501,\"height\":2501},{\"@type\":\"BreadcrumbList\",\"@id\":\"https:\\\/\\\/blackstonegriddles.ca\\\/product\\\/blackstone-original-series-7-piece-hibachi-tool-accessory-kit\\\/#breadcrumb\",\"itemListElement\":[{\"@type\":\"ListItem\",\"position\":1,\"name\":\"Home\",\"item\":\"https:\\\/\\\/blackstonegriddles.ca\\\/\"},{\"@type\":\"ListItem\",\"position\":2,\"name\":\"Shop\",\"item\":\"https:\\\/\\\/blackstonegriddles.ca\\\/shop\\\/\"},{\"@type\":\"ListItem\",\"position\":3,\"name\":\"Blackstone Original Series 7-piece Hibachi Tool Accessory Kit\"}]},{\"@type\":\"WebSite\",\"@id\":\"https:\\\/\\\/blackstonegriddles.ca\\\/#website\",\"url\":\"https:\\\/\\\/blackstonegriddles.ca\\\/\",\"name\":\"Blackstone Griddles Canada\",\"description\":\"Blackstone Griddles official licensed dealer Canada\",\"publisher\":{\"@id\":\"https:\\\/\\\/blackstonegriddles.ca\\\/#organization\"},\"potentialAction\":[{\"@type\":\"SearchAction\",\"target\":{\"@type\":\"EntryPoint\",\"urlTemplate\":\"https:\\\/\\\/blackstonegriddles.ca\\\/?s={search_term_string}\"},\"query-input\":{\"@type\":\"PropertyValueSpecification\",\"valueRequired\":true,\"valueName\":\"search_term_string\"}}],\"inLanguage\":\"fr-CA\"},{\"@type\":\"Organization\",\"@id\":\"https:\\\/\\\/blackstonegriddles.ca\\\/#organization\",\"name\":\"Blackstone Griddles Canada\",\"url\":\"https:\\\/\\\/blackstonegriddles.ca\\\/\",\"logo\":{\"@type\":\"ImageObject\",\"inLanguage\":\"fr-CA\",\"@id\":\"https:\\\/\\\/blackstonegriddles.ca\\\/#\\\/schema\\\/logo\\\/image\\\/\",\"url\":\"https:\\\/\\\/blackstonegriddles.ca\\\/wp-content\\\/uploads\\\/2025\\\/02\\\/blackstone-fire-logo.webp\",\"contentUrl\":\"https:\\\/\\\/blackstonegriddles.ca\\\/wp-content\\\/uploads\\\/2025\\\/02\\\/blackstone-fire-logo.webp\",\"width\":53,\"height\":58,\"caption\":\"Blackstone Griddles Canada\"},\"image\":{\"@id\":\"https:\\\/\\\/blackstonegriddles.ca\\\/#\\\/schema\\\/logo\\\/image\\\/\"},\"sameAs\":[\"https:\\\/\\\/www.facebook.com\\\/blackstoneproducts\\\/\",\"https:\\\/\\\/x.com\\\/weareblackstone\",\"https:\\\/\\\/www.instagram.com\\\/blackstoneproducts\\\/\",\"https:\\\/\\\/www.youtube.com\\\/channel\\\/UCr39rimir8y3p-q1iQYidVA\"]}]}<\/script>\n<!-- \/ Yoast SEO plugin. -->","yoast_head_json":{"title":"Blackstone Original Series 7-piece Hibachi Tool Accessory Kit - Blackstone Griddles","robots":{"index":"index","follow":"follow","max-snippet":"max-snippet:-1","max-image-preview":"max-image-preview:large","max-video-preview":"max-video-preview:-1"},"canonical":"https:\/\/blackstonegriddles.ca\/fr\/produit\/blackstone-original-series-7-piece-hibachi-tool-accessory-kit\/","og_locale":"fr_CA","og_type":"article","og_title":"Blackstone Original Series 7-piece Hibachi Tool Accessory Kit - Blackstone Griddles","og_description":"Bring the hibachi experience to your cooking setup with the Blackstone Original Series 7-Piece Hibachi Tool Accessory Kit. Designed for versatility and control, this kit includes essential tools to help you prepare, flip, and serve with ease. From stir fry and fried rice to slicing and plating, each tool supports a smooth cooking process. With a combination of griddle tools and prep essentials, this kit helps you create a complete cooking experience.","og_url":"https:\/\/blackstonegriddles.ca\/fr\/produit\/blackstone-original-series-7-piece-hibachi-tool-accessory-kit\/","og_site_name":"Blackstone Griddles","article_publisher":"https:\/\/www.facebook.com\/blackstoneproducts\/","article_modified_time":"2026-05-08T19:01:30+00:00","og_image":[{"width":2501,"height":2501,"url":"https:\/\/blackstonegriddles.ca\/wp-content\/uploads\/2025\/12\/1_5301_HibachiKit_OnWhite_Sequence_WEB.jpg","type":"image\/jpeg"}],"twitter_card":"summary_large_image","twitter_site":"@weareblackstone","twitter_misc":{"Estimation du temps de lecture":"1 minute"},"schema":{"@context":"https:\/\/schema.org","@graph":[{"@type":"WebPage","@id":"https:\/\/blackstonegriddles.ca\/product\/blackstone-original-series-7-piece-hibachi-tool-accessory-kit\/","url":"https:\/\/blackstonegriddles.ca\/product\/blackstone-original-series-7-piece-hibachi-tool-accessory-kit\/","name":"Blackstone Original Series 7-piece Hibachi Tool Accessory Kit - Blackstone Griddles","isPartOf":{"@id":"https:\/\/blackstonegriddles.ca\/#website"},"primaryImageOfPage":{"@id":"https:\/\/blackstonegriddles.ca\/product\/blackstone-original-series-7-piece-hibachi-tool-accessory-kit\/#primaryimage"},"image":{"@id":"https:\/\/blackstonegriddles.ca\/product\/blackstone-original-series-7-piece-hibachi-tool-accessory-kit\/#primaryimage"},"thumbnailUrl":"https:\/\/blackstonegriddles.ca\/wp-content\/uploads\/2025\/12\/1_5301_HibachiKit_OnWhite_Sequence_WEB.jpg","datePublished":"2025-12-12T18:03:16+00:00","dateModified":"2026-05-08T19:01:30+00:00","breadcrumb":{"@id":"https:\/\/blackstonegriddles.ca\/product\/blackstone-original-series-7-piece-hibachi-tool-accessory-kit\/#breadcrumb"},"inLanguage":"fr-CA","potentialAction":[{"@type":"ReadAction","target":["https:\/\/blackstonegriddles.ca\/product\/blackstone-original-series-7-piece-hibachi-tool-accessory-kit\/"]}]},{"@type":"ImageObject","inLanguage":"fr-CA","@id":"https:\/\/blackstonegriddles.ca\/product\/blackstone-original-series-7-piece-hibachi-tool-accessory-kit\/#primaryimage","url":"https:\/\/blackstonegriddles.ca\/wp-content\/uploads\/2025\/12\/1_5301_HibachiKit_OnWhite_Sequence_WEB.jpg","contentUrl":"https:\/\/blackstonegriddles.ca\/wp-content\/uploads\/2025\/12\/1_5301_HibachiKit_OnWhite_Sequence_WEB.jpg","width":2501,"height":2501},{"@type":"BreadcrumbList","@id":"https:\/\/blackstonegriddles.ca\/product\/blackstone-original-series-7-piece-hibachi-tool-accessory-kit\/#breadcrumb","itemListElement":[{"@type":"ListItem","position":1,"name":"Home","item":"https:\/\/blackstonegriddles.ca\/"},{"@type":"ListItem","position":2,"name":"Shop","item":"https:\/\/blackstonegriddles.ca\/shop\/"},{"@type":"ListItem","position":3,"name":"Blackstone Original Series 7-piece Hibachi Tool Accessory Kit"}]},{"@type":"WebSite","@id":"https:\/\/blackstonegriddles.ca\/#website","url":"https:\/\/blackstonegriddles.ca\/","name":"Grils Blackstone Canada","description":"Blackstone Griddles distributeur officiel agr\u00e9\u00e9 Canada","publisher":{"@id":"https:\/\/blackstonegriddles.ca\/#organization"},"potentialAction":[{"@type":"SearchAction","target":{"@type":"EntryPoint","urlTemplate":"https:\/\/blackstonegriddles.ca\/?s={search_term_string}"},"query-input":{"@type":"PropertyValueSpecification","valueRequired":true,"valueName":"search_term_string"}}],"inLanguage":"fr-CA"},{"@type":"Organization","@id":"https:\/\/blackstonegriddles.ca\/#organization","name":"Grils Blackstone Canada","url":"https:\/\/blackstonegriddles.ca\/","logo":{"@type":"ImageObject","inLanguage":"fr-CA","@id":"https:\/\/blackstonegriddles.ca\/#\/schema\/logo\/image\/","url":"https:\/\/blackstonegriddles.ca\/wp-content\/uploads\/2025\/02\/blackstone-fire-logo.webp","contentUrl":"https:\/\/blackstonegriddles.ca\/wp-content\/uploads\/2025\/02\/blackstone-fire-logo.webp","width":53,"height":58,"caption":"Blackstone Griddles Canada"},"image":{"@id":"https:\/\/blackstonegriddles.ca\/#\/schema\/logo\/image\/"},"sameAs":["https:\/\/www.facebook.com\/blackstoneproducts\/","https:\/\/x.com\/weareblackstone","https:\/\/www.instagram.com\/blackstoneproducts\/","https:\/\/www.youtube.com\/channel\/UCr39rimir8y3p-q1iQYidVA"]}]}},"_links":{"self":[{"href":"https:\/\/blackstonegriddles.ca\/fr\/wp-json\/wp\/v2\/product\/51019","targetHints":{"allow":["GET"]}}],"collection":[{"href":"https:\/\/blackstonegriddles.ca\/fr\/wp-json\/wp\/v2\/product"}],"about":[{"href":"https:\/\/blackstonegriddles.ca\/fr\/wp-json\/wp\/v2\/types\/product"}],"wp:featuredmedia":[{"embeddable":true,"href":"https:\/\/blackstonegriddles.ca\/fr\/wp-json\/wp\/v2\/media\/51020"}],"wp:attachment":[{"href":"https:\/\/blackstonegriddles.ca\/fr\/wp-json\/wp\/v2\/media?parent=51019"}],"wp:term":[{"taxonomy":"product_brand","embeddable":true,"href":"https:\/\/blackstonegriddles.ca\/fr\/wp-json\/wp\/v2\/product_brand?post=51019"},{"taxonomy":"product_cat","embeddable":true,"href":"https:\/\/blackstonegriddles.ca\/fr\/wp-json\/wp\/v2\/product_cat?post=51019"},{"taxonomy":"product_tag","embeddable":true,"href":"https:\/\/blackstonegriddles.ca\/fr\/wp-json\/wp\/v2\/product_tag?post=51019"}],"curies":[{"name":"wp","href":"https:\/\/api.w.org\/{rel}","templated":true}]}}