{"id":51023,"date":"2025-12-12T18:05:30","date_gmt":"2025-12-12T18:05:30","guid":{"rendered":"https:\/\/blackstonegriddles.ca\/?post_type=product&#038;p=51023"},"modified":"2026-04-24T12:31:41","modified_gmt":"2026-04-24T12:31:41","slug":"blackstone-original-series-25-piece-ultimate-tool-kit","status":"publish","type":"product","link":"https:\/\/blackstonegriddles.ca\/fr\/product\/blackstone-original-series-25-piece-ultimate-tool-kit\/","title":{"rendered":"Blackstone Original Series 25-piece Ultimate Tool Kit"},"content":{"rendered":"<ul class=\"title-block_features__oR3xh\" data-testid=\"product-features\">\n<li data-section-id=\"tyjook\" data-start=\"637\" data-end=\"726\"><strong data-start=\"639\" data-end=\"677\">Kit d'outils complet pour plancha, 25 pi\u00e8ces<\/strong><br data-start=\"677\" data-end=\"680\" \/>Couvre la pr\u00e9paration, la cuisson, le service et le nettoyage<\/li>\n<li data-section-id=\"1y7bakj\" data-start=\"728\" data-end=\"1114\"><strong data-start=\"730\" data-end=\"749\">Comprend (Qt\u00e9.)<\/strong>\n<ul data-start=\"754\" data-end=\"1114\">\n<li data-section-id=\"anjlup\" data-start=\"754\" data-end=\"783\">Spatules \u00e0 plaque (Qt\u00e9. 2)<\/li>\n<li data-section-id=\"b8x39a\" data-start=\"786\" data-end=\"821\">Raclette d'angle pour plaque de cuisson (Qt\u00e9 : 1)<\/li>\n<li data-section-id=\"iggxip\" data-start=\"824\" data-end=\"851\">Spatule \u00e0 burger (Qt\u00e9. 1)<\/li>\n<li data-section-id=\"17vzz9c\" data-start=\"854\" data-end=\"880\">Pinces de verrouillage (Qt\u00e9. 1)<\/li>\n<li data-section-id=\"10hqvcu\" data-start=\"883\" data-end=\"912\">Graisse arri\u00e8re portail (Quantit\u00e9 1)<\/li>\n<li data-section-id=\"1gagt1e\" data-start=\"915\" data-end=\"949\">Bouteilles souples de 32 oz (Qt\u00e9. 2)<\/li>\n<li data-section-id=\"1398bme\" data-start=\"952\" data-end=\"978\">Plateaux de service (Qt\u00e9. 2)<\/li>\n<li data-section-id=\"bxcl7p\" data-start=\"981\" data-end=\"1018\">2 plateaux d'\u0153ufs \u00e0 2 compartiments (Qt\u00e9 2)<\/li>\n<li data-section-id=\"e5ih0e\" data-start=\"1021\" data-end=\"1044\">Tampons r\u00e9curants (Qt\u00e9. 6)<\/li>\n<li data-section-id=\"1vtegzk\" data-start=\"1047\" data-end=\"1076\">Manche pour tampon r\u00e9curant (Qt\u00e9. 1)<\/li>\n<li data-section-id=\"hlu77r\" data-start=\"1079\" data-end=\"1114\">Garnitures de godets de graisse arri\u00e8re (Qt\u00e9. 6)<\/li>\n<\/ul>\n<\/li>\n<li data-section-id=\"t2we7b\" data-start=\"1116\" data-end=\"1225\"><strong data-start=\"1118\" data-end=\"1144\">Poign\u00e9es r\u00e9sistantes \u00e0 la chaleur<\/strong><br data-start=\"1144\" data-end=\"1147\" \/>Les spatules, racloirs et pinces sont con\u00e7us pour une manipulation s\u00fbre pendant la cuisson<\/li>\n<li data-section-id=\"b2kaut\" data-start=\"1227\" data-end=\"1303\"><strong data-start=\"1229\" data-end=\"1251\">Boucles d'accrochage d'outils<\/strong><br data-start=\"1251\" data-end=\"1254\" \/>Permet un rangement pratique et un acc\u00e8s facile<\/li>\n<li data-section-id=\"186sco7\" data-start=\"1305\" data-end=\"1407\"><strong data-start=\"1307\" data-end=\"1338\">Support de cuisson multi-\u00e9tapes<\/strong><br data-start=\"1338\" data-end=\"1341\" \/>Outils con\u00e7us pour la pr\u00e9paration, la cuisson, le service et le nettoyage<\/li>\n<li data-section-id=\"t945og\" data-start=\"1409\" data-end=\"1465\"><strong data-start=\"1411\" data-end=\"1432\">Garantie d'un an<\/strong><br data-start=\"1432\" data-end=\"1435\" \/>Offre une fiabilit\u00e9 accrue<\/li>\n<\/ul>","protected":false},"excerpt":{"rendered":"<p data-start=\"172\" data-end=\"464\">De la pr\u00e9paration de votre plaque de cuisson au nettoyage apr\u00e8s chaque repas, la trousse d'outils ultime Blackstone Original Series 25 pi\u00e8ces offre tout ce dont vous avez besoin pour une exp\u00e9rience de cuisine en plein air compl\u00e8te. Con\u00e7ue pour la commodit\u00e9 et l'efficacit\u00e9, cette trousse permet de simplifier votre flux de travail du d\u00e9but \u00e0 la fin.<\/p>\n<p data-start=\"466\" data-end=\"609\">Avec une large gamme d'outils pour la cuisine, le service et le nettoyage, il soutient chaque \u00e9tape du processus, rendant le repas plus facile et plus agr\u00e9able.<\/p>","protected":false},"featured_media":51024,"template":"","meta":[],"product_brand":[],"product_cat":[249,262],"product_tag":[],"class_list":{"0":"post-51023","1":"product","2":"type-product","3":"status-publish","4":"has-post-thumbnail","6":"product_cat-sale","7":"product_cat-tool-kits","8":"product_shipping_class-accessories","10":"first","11":"instock","12":"sale","13":"taxable","14":"shipping-taxable","15":"purchasable","16":"product-type-simple"},"yoast_head":"<!-- This site is optimized with the Yoast SEO plugin v27.4 - https:\/\/yoast.com\/product\/yoast-seo-wordpress\/ -->\n<title>Blackstone Original Series 25-piece Ultimate Tool Kit - Blackstone Griddles<\/title>\n<meta name=\"robots\" content=\"index, follow, max-snippet:-1, max-image-preview:large, max-video-preview:-1\" \/>\n<link rel=\"canonical\" href=\"https:\/\/blackstonegriddles.ca\/fr\/produit\/blackstone-original-series-25-piece-ultimate-tool-kit\/\" \/>\n<meta property=\"og:locale\" content=\"fr_CA\" \/>\n<meta property=\"og:type\" content=\"article\" \/>\n<meta property=\"og:title\" content=\"Blackstone Original Series 25-piece Ultimate Tool Kit - Blackstone Griddles\" \/>\n<meta property=\"og:description\" content=\"From prepping your griddle to cleaning up after any meal, the Blackstone Original Series 25-Piece Ultimate Tool Kit provides everything you need for a complete outdoor cooking experience. Designed for convenience and efficiency, this kit helps streamline your workflow from start to finish. With a wide range of tools for cooking, serving, and cleaning, it supports every step of the process making mealtime easier and more enjoyable.\" \/>\n<meta property=\"og:url\" content=\"https:\/\/blackstonegriddles.ca\/fr\/produit\/blackstone-original-series-25-piece-ultimate-tool-kit\/\" \/>\n<meta property=\"og:site_name\" content=\"Blackstone Griddles\" \/>\n<meta property=\"article:publisher\" content=\"https:\/\/www.facebook.com\/blackstoneproducts\/\" \/>\n<meta property=\"article:modified_time\" content=\"2026-04-24T12:31:41+00:00\" \/>\n<meta property=\"og:image\" content=\"https:\/\/blackstonegriddles.ca\/wp-content\/uploads\/2025\/12\/1_5321_25pcUltimateGriddleKit_OnWhite_Sequence_WM.jpg\" \/>\n\t<meta property=\"og:image:width\" content=\"2501\" \/>\n\t<meta property=\"og:image:height\" content=\"2501\" \/>\n\t<meta property=\"og:image:type\" content=\"image\/jpeg\" \/>\n<meta name=\"twitter:card\" content=\"summary_large_image\" \/>\n<meta name=\"twitter:site\" content=\"@weareblackstone\" \/>\n<meta name=\"twitter:label1\" content=\"Estimation du temps de lecture\" \/>\n\t<meta name=\"twitter:data1\" content=\"1 minute\" \/>\n<script type=\"application\/ld+json\" class=\"yoast-schema-graph\">{\"@context\":\"https:\\\/\\\/schema.org\",\"@graph\":[{\"@type\":\"WebPage\",\"@id\":\"https:\\\/\\\/blackstonegriddles.ca\\\/product\\\/blackstone-original-series-25-piece-ultimate-tool-kit\\\/\",\"url\":\"https:\\\/\\\/blackstonegriddles.ca\\\/product\\\/blackstone-original-series-25-piece-ultimate-tool-kit\\\/\",\"name\":\"Blackstone Original Series 25-piece Ultimate Tool Kit - Blackstone Griddles\",\"isPartOf\":{\"@id\":\"https:\\\/\\\/blackstonegriddles.ca\\\/#website\"},\"primaryImageOfPage\":{\"@id\":\"https:\\\/\\\/blackstonegriddles.ca\\\/product\\\/blackstone-original-series-25-piece-ultimate-tool-kit\\\/#primaryimage\"},\"image\":{\"@id\":\"https:\\\/\\\/blackstonegriddles.ca\\\/product\\\/blackstone-original-series-25-piece-ultimate-tool-kit\\\/#primaryimage\"},\"thumbnailUrl\":\"https:\\\/\\\/blackstonegriddles.ca\\\/wp-content\\\/uploads\\\/2025\\\/12\\\/1_5321_25pcUltimateGriddleKit_OnWhite_Sequence_WM.jpg\",\"datePublished\":\"2025-12-12T18:05:30+00:00\",\"dateModified\":\"2026-04-24T12:31:41+00:00\",\"breadcrumb\":{\"@id\":\"https:\\\/\\\/blackstonegriddles.ca\\\/product\\\/blackstone-original-series-25-piece-ultimate-tool-kit\\\/#breadcrumb\"},\"inLanguage\":\"fr-CA\",\"potentialAction\":[{\"@type\":\"ReadAction\",\"target\":[\"https:\\\/\\\/blackstonegriddles.ca\\\/product\\\/blackstone-original-series-25-piece-ultimate-tool-kit\\\/\"]}]},{\"@type\":\"ImageObject\",\"inLanguage\":\"fr-CA\",\"@id\":\"https:\\\/\\\/blackstonegriddles.ca\\\/product\\\/blackstone-original-series-25-piece-ultimate-tool-kit\\\/#primaryimage\",\"url\":\"https:\\\/\\\/blackstonegriddles.ca\\\/wp-content\\\/uploads\\\/2025\\\/12\\\/1_5321_25pcUltimateGriddleKit_OnWhite_Sequence_WM.jpg\",\"contentUrl\":\"https:\\\/\\\/blackstonegriddles.ca\\\/wp-content\\\/uploads\\\/2025\\\/12\\\/1_5321_25pcUltimateGriddleKit_OnWhite_Sequence_WM.jpg\",\"width\":2501,\"height\":2501},{\"@type\":\"BreadcrumbList\",\"@id\":\"https:\\\/\\\/blackstonegriddles.ca\\\/product\\\/blackstone-original-series-25-piece-ultimate-tool-kit\\\/#breadcrumb\",\"itemListElement\":[{\"@type\":\"ListItem\",\"position\":1,\"name\":\"Home\",\"item\":\"https:\\\/\\\/blackstonegriddles.ca\\\/\"},{\"@type\":\"ListItem\",\"position\":2,\"name\":\"Shop\",\"item\":\"https:\\\/\\\/blackstonegriddles.ca\\\/shop\\\/\"},{\"@type\":\"ListItem\",\"position\":3,\"name\":\"Blackstone Original Series 25-piece Ultimate Tool Kit\"}]},{\"@type\":\"WebSite\",\"@id\":\"https:\\\/\\\/blackstonegriddles.ca\\\/#website\",\"url\":\"https:\\\/\\\/blackstonegriddles.ca\\\/\",\"name\":\"Blackstone Griddles Canada\",\"description\":\"Blackstone Griddles official licensed dealer Canada\",\"publisher\":{\"@id\":\"https:\\\/\\\/blackstonegriddles.ca\\\/#organization\"},\"potentialAction\":[{\"@type\":\"SearchAction\",\"target\":{\"@type\":\"EntryPoint\",\"urlTemplate\":\"https:\\\/\\\/blackstonegriddles.ca\\\/?s={search_term_string}\"},\"query-input\":{\"@type\":\"PropertyValueSpecification\",\"valueRequired\":true,\"valueName\":\"search_term_string\"}}],\"inLanguage\":\"fr-CA\"},{\"@type\":\"Organization\",\"@id\":\"https:\\\/\\\/blackstonegriddles.ca\\\/#organization\",\"name\":\"Blackstone Griddles Canada\",\"url\":\"https:\\\/\\\/blackstonegriddles.ca\\\/\",\"logo\":{\"@type\":\"ImageObject\",\"inLanguage\":\"fr-CA\",\"@id\":\"https:\\\/\\\/blackstonegriddles.ca\\\/#\\\/schema\\\/logo\\\/image\\\/\",\"url\":\"https:\\\/\\\/blackstonegriddles.ca\\\/wp-content\\\/uploads\\\/2025\\\/02\\\/blackstone-fire-logo.webp\",\"contentUrl\":\"https:\\\/\\\/blackstonegriddles.ca\\\/wp-content\\\/uploads\\\/2025\\\/02\\\/blackstone-fire-logo.webp\",\"width\":53,\"height\":58,\"caption\":\"Blackstone Griddles Canada\"},\"image\":{\"@id\":\"https:\\\/\\\/blackstonegriddles.ca\\\/#\\\/schema\\\/logo\\\/image\\\/\"},\"sameAs\":[\"https:\\\/\\\/www.facebook.com\\\/blackstoneproducts\\\/\",\"https:\\\/\\\/x.com\\\/weareblackstone\",\"https:\\\/\\\/www.instagram.com\\\/blackstoneproducts\\\/\",\"https:\\\/\\\/www.youtube.com\\\/channel\\\/UCr39rimir8y3p-q1iQYidVA\"]}]}<\/script>\n<!-- \/ Yoast SEO plugin. -->","yoast_head_json":{"title":"Blackstone Original Series 25-piece Ultimate Tool Kit - Blackstone Griddles","robots":{"index":"index","follow":"follow","max-snippet":"max-snippet:-1","max-image-preview":"max-image-preview:large","max-video-preview":"max-video-preview:-1"},"canonical":"https:\/\/blackstonegriddles.ca\/fr\/produit\/blackstone-original-series-25-piece-ultimate-tool-kit\/","og_locale":"fr_CA","og_type":"article","og_title":"Blackstone Original Series 25-piece Ultimate Tool Kit - Blackstone Griddles","og_description":"From prepping your griddle to cleaning up after any meal, the Blackstone Original Series 25-Piece Ultimate Tool Kit provides everything you need for a complete outdoor cooking experience. Designed for convenience and efficiency, this kit helps streamline your workflow from start to finish. With a wide range of tools for cooking, serving, and cleaning, it supports every step of the process making mealtime easier and more enjoyable.","og_url":"https:\/\/blackstonegriddles.ca\/fr\/produit\/blackstone-original-series-25-piece-ultimate-tool-kit\/","og_site_name":"Blackstone Griddles","article_publisher":"https:\/\/www.facebook.com\/blackstoneproducts\/","article_modified_time":"2026-04-24T12:31:41+00:00","og_image":[{"width":2501,"height":2501,"url":"https:\/\/blackstonegriddles.ca\/wp-content\/uploads\/2025\/12\/1_5321_25pcUltimateGriddleKit_OnWhite_Sequence_WM.jpg","type":"image\/jpeg"}],"twitter_card":"summary_large_image","twitter_site":"@weareblackstone","twitter_misc":{"Estimation du temps de lecture":"1 minute"},"schema":{"@context":"https:\/\/schema.org","@graph":[{"@type":"WebPage","@id":"https:\/\/blackstonegriddles.ca\/product\/blackstone-original-series-25-piece-ultimate-tool-kit\/","url":"https:\/\/blackstonegriddles.ca\/product\/blackstone-original-series-25-piece-ultimate-tool-kit\/","name":"Blackstone Original Series 25-piece Ultimate Tool Kit - Blackstone Griddles","isPartOf":{"@id":"https:\/\/blackstonegriddles.ca\/#website"},"primaryImageOfPage":{"@id":"https:\/\/blackstonegriddles.ca\/product\/blackstone-original-series-25-piece-ultimate-tool-kit\/#primaryimage"},"image":{"@id":"https:\/\/blackstonegriddles.ca\/product\/blackstone-original-series-25-piece-ultimate-tool-kit\/#primaryimage"},"thumbnailUrl":"https:\/\/blackstonegriddles.ca\/wp-content\/uploads\/2025\/12\/1_5321_25pcUltimateGriddleKit_OnWhite_Sequence_WM.jpg","datePublished":"2025-12-12T18:05:30+00:00","dateModified":"2026-04-24T12:31:41+00:00","breadcrumb":{"@id":"https:\/\/blackstonegriddles.ca\/product\/blackstone-original-series-25-piece-ultimate-tool-kit\/#breadcrumb"},"inLanguage":"fr-CA","potentialAction":[{"@type":"ReadAction","target":["https:\/\/blackstonegriddles.ca\/product\/blackstone-original-series-25-piece-ultimate-tool-kit\/"]}]},{"@type":"ImageObject","inLanguage":"fr-CA","@id":"https:\/\/blackstonegriddles.ca\/product\/blackstone-original-series-25-piece-ultimate-tool-kit\/#primaryimage","url":"https:\/\/blackstonegriddles.ca\/wp-content\/uploads\/2025\/12\/1_5321_25pcUltimateGriddleKit_OnWhite_Sequence_WM.jpg","contentUrl":"https:\/\/blackstonegriddles.ca\/wp-content\/uploads\/2025\/12\/1_5321_25pcUltimateGriddleKit_OnWhite_Sequence_WM.jpg","width":2501,"height":2501},{"@type":"BreadcrumbList","@id":"https:\/\/blackstonegriddles.ca\/product\/blackstone-original-series-25-piece-ultimate-tool-kit\/#breadcrumb","itemListElement":[{"@type":"ListItem","position":1,"name":"Home","item":"https:\/\/blackstonegriddles.ca\/"},{"@type":"ListItem","position":2,"name":"Shop","item":"https:\/\/blackstonegriddles.ca\/shop\/"},{"@type":"ListItem","position":3,"name":"Blackstone Original Series 25-piece Ultimate Tool Kit"}]},{"@type":"WebSite","@id":"https:\/\/blackstonegriddles.ca\/#website","url":"https:\/\/blackstonegriddles.ca\/","name":"Grils Blackstone Canada","description":"Blackstone Griddles distributeur officiel agr\u00e9\u00e9 Canada","publisher":{"@id":"https:\/\/blackstonegriddles.ca\/#organization"},"potentialAction":[{"@type":"SearchAction","target":{"@type":"EntryPoint","urlTemplate":"https:\/\/blackstonegriddles.ca\/?s={search_term_string}"},"query-input":{"@type":"PropertyValueSpecification","valueRequired":true,"valueName":"search_term_string"}}],"inLanguage":"fr-CA"},{"@type":"Organization","@id":"https:\/\/blackstonegriddles.ca\/#organization","name":"Grils Blackstone Canada","url":"https:\/\/blackstonegriddles.ca\/","logo":{"@type":"ImageObject","inLanguage":"fr-CA","@id":"https:\/\/blackstonegriddles.ca\/#\/schema\/logo\/image\/","url":"https:\/\/blackstonegriddles.ca\/wp-content\/uploads\/2025\/02\/blackstone-fire-logo.webp","contentUrl":"https:\/\/blackstonegriddles.ca\/wp-content\/uploads\/2025\/02\/blackstone-fire-logo.webp","width":53,"height":58,"caption":"Blackstone Griddles Canada"},"image":{"@id":"https:\/\/blackstonegriddles.ca\/#\/schema\/logo\/image\/"},"sameAs":["https:\/\/www.facebook.com\/blackstoneproducts\/","https:\/\/x.com\/weareblackstone","https:\/\/www.instagram.com\/blackstoneproducts\/","https:\/\/www.youtube.com\/channel\/UCr39rimir8y3p-q1iQYidVA"]}]}},"_links":{"self":[{"href":"https:\/\/blackstonegriddles.ca\/fr\/wp-json\/wp\/v2\/product\/51023","targetHints":{"allow":["GET"]}}],"collection":[{"href":"https:\/\/blackstonegriddles.ca\/fr\/wp-json\/wp\/v2\/product"}],"about":[{"href":"https:\/\/blackstonegriddles.ca\/fr\/wp-json\/wp\/v2\/types\/product"}],"wp:featuredmedia":[{"embeddable":true,"href":"https:\/\/blackstonegriddles.ca\/fr\/wp-json\/wp\/v2\/media\/51024"}],"wp:attachment":[{"href":"https:\/\/blackstonegriddles.ca\/fr\/wp-json\/wp\/v2\/media?parent=51023"}],"wp:term":[{"taxonomy":"product_brand","embeddable":true,"href":"https:\/\/blackstonegriddles.ca\/fr\/wp-json\/wp\/v2\/product_brand?post=51023"},{"taxonomy":"product_cat","embeddable":true,"href":"https:\/\/blackstonegriddles.ca\/fr\/wp-json\/wp\/v2\/product_cat?post=51023"},{"taxonomy":"product_tag","embeddable":true,"href":"https:\/\/blackstonegriddles.ca\/fr\/wp-json\/wp\/v2\/product_tag?post=51023"}],"curies":[{"name":"wp","href":"https:\/\/api.w.org\/{rel}","templated":true}]}}