{"id":51257,"date":"2026-01-27T16:21:28","date_gmt":"2026-01-27T16:21:28","guid":{"rendered":"https:\/\/blackstonegriddles.ca\/?post_type=product&#038;p=51257"},"modified":"2026-04-20T19:23:10","modified_gmt":"2026-04-20T19:23:10","slug":"blackstone-17inch-griddle-top","status":"publish","type":"product","link":"https:\/\/blackstonegriddles.ca\/fr\/product\/blackstone-17inch-griddle-top\/","title":{"rendered":"Blackstone 17inch Griddle Top"},"content":{"rendered":"<ul>\n<li data-section-id=\"1yuau7b\" data-start=\"707\" data-end=\"801\"><strong data-start=\"709\" data-end=\"738\">Surface de cuisson 16 po x 16 po<\/strong><br data-start=\"738\" data-end=\"741\" \/>Coin cuisine compact adapt\u00e9 aux repas ext\u00e9rieurs quotidiens<\/li>\n<li data-section-id=\"mf8y2q\" data-start=\"803\" data-end=\"897\"><strong data-start=\"805\" data-end=\"844\">Con\u00e7u pour le Tailgater (mod\u00e8le 1555)<\/strong><br data-start=\"844\" data-end=\"847\" \/>Con\u00e7u pour s'adapter au Blackstone Tailgater d'origine<\/li>\n<li data-section-id=\"muizq9\" data-start=\"899\" data-end=\"993\"><strong data-start=\"901\" data-end=\"922\">Mod\u00e8les compatibles<\/strong>\n<ul data-start=\"927\" data-end=\"993\">\n<li data-section-id=\"1crsk0k\" data-start=\"927\" data-end=\"947\">1504 \u2013 Po\u00eale de masse<\/li>\n<li data-section-id=\"n7rsy2\" data-start=\"950\" data-end=\"970\">1555 \u2013 Lancier de voiture<\/li>\n<li data-section-id=\"1sd23he\" data-start=\"973\" data-end=\"993\">1827 \u2013 Rabatteur<\/li>\n<\/ul>\n<\/li>\n<li data-section-id=\"we214v\" data-start=\"995\" data-end=\"1093\"><strong data-start=\"997\" data-end=\"1024\">Plaque de cuisson de remplacement<\/strong><br data-start=\"1024\" data-end=\"1027\" \/>Id\u00e9al pour remplacer ou am\u00e9liorer votre surface de plaque de cuisson existante<\/li>\n<\/ul>","protected":false},"excerpt":{"rendered":"<p data-start=\"173\" data-end=\"403\">Le dessus de plancha Blackstone 17 po est con\u00e7u comme remplacement ou am\u00e9lioration pour les syst\u00e8mes de cuisson Blackstone compatibles. Con\u00e7u pour s'adapter au Tailgater d'origine, il offre une surface de cuisson compacte et pratique pour une utilisation quotidienne en ext\u00e9rieur.<\/p>\n<p data-start=\"405\" data-end=\"622\">Avec une surface de cuisson de 16 pouces x 16 pouces, il offre suffisamment d'espace pour pr\u00e9parer une vari\u00e9t\u00e9 de repas tout en restant portable. Il est \u00e9galement compatible avec certains mod\u00e8les Blackstone, ce qui en fait un ajout flexible \u00e0 votre \u00e9quipement.<\/p>\n<p data-start=\"624\" data-end=\"679\"><strong data-start=\"624\" data-end=\"633\">Remarque :<\/strong> Plaque chauffante seulement. N'inclut pas le Tailgater.<\/p>\n<p data-start=\"624\" data-end=\"679\">","protected":false},"featured_media":51258,"template":"","meta":[],"product_brand":[],"product_cat":[155,154],"product_tag":[],"class_list":{"0":"post-51257","1":"product","2":"type-product","3":"status-publish","4":"has-post-thumbnail","6":"product_cat-155","7":"product_cat-griddles","8":"product_shipping_class-17-griddles","10":"first","11":"instock","12":"taxable","13":"shipping-taxable","14":"purchasable","15":"product-type-simple"},"yoast_head":"<!-- This site is optimized with the Yoast SEO plugin v27.4 - https:\/\/yoast.com\/product\/yoast-seo-wordpress\/ -->\n<title>Blackstone 17inch Griddle Top - Blackstone Griddles<\/title>\n<meta name=\"robots\" content=\"index, follow, max-snippet:-1, max-image-preview:large, max-video-preview:-1\" \/>\n<link rel=\"canonical\" href=\"https:\/\/blackstonegriddles.ca\/fr\/produit\/blackstone-17inch-griddle-top\/\" \/>\n<meta property=\"og:locale\" content=\"fr_CA\" \/>\n<meta property=\"og:type\" content=\"article\" \/>\n<meta property=\"og:title\" content=\"Blackstone 17inch Griddle Top - Blackstone Griddles\" \/>\n<meta property=\"og:description\" content=\"The Blackstone 17\u201d Griddle Top is designed as a replacement or upgrade for compatible Blackstone cooking systems. Built to fit the Original Tailgater, it provides a compact and practical cooking surface for everyday outdoor use. With a 16\u201d x 16\u201d griddle area, it offers enough space for preparing a variety of meals while maintaining portability. It is also compatible with select Blackstone models, making it a flexible addition to your setup. Note: Griddle top only. Does not include Tailgater.\" \/>\n<meta property=\"og:url\" content=\"https:\/\/blackstonegriddles.ca\/fr\/produit\/blackstone-17inch-griddle-top\/\" \/>\n<meta property=\"og:site_name\" content=\"Blackstone Griddles\" \/>\n<meta property=\"article:publisher\" content=\"https:\/\/www.facebook.com\/blackstoneproducts\/\" \/>\n<meta property=\"article:modified_time\" content=\"2026-04-20T19:23:10+00:00\" \/>\n<meta property=\"og:image\" content=\"https:\/\/blackstonegriddles.ca\/wp-content\/uploads\/2026\/01\/1507.jpg\" \/>\n\t<meta property=\"og:image:width\" content=\"562\" \/>\n\t<meta property=\"og:image:height\" content=\"448\" \/>\n\t<meta property=\"og:image:type\" content=\"image\/jpeg\" \/>\n<meta name=\"twitter:card\" content=\"summary_large_image\" \/>\n<meta name=\"twitter:site\" content=\"@weareblackstone\" \/>\n<meta name=\"twitter:label1\" content=\"Estimation du temps de lecture\" \/>\n\t<meta name=\"twitter:data1\" content=\"1 minute\" \/>\n<script type=\"application\/ld+json\" class=\"yoast-schema-graph\">{\"@context\":\"https:\\\/\\\/schema.org\",\"@graph\":[{\"@type\":\"WebPage\",\"@id\":\"https:\\\/\\\/blackstonegriddles.ca\\\/product\\\/blackstone-17inch-griddle-top\\\/\",\"url\":\"https:\\\/\\\/blackstonegriddles.ca\\\/product\\\/blackstone-17inch-griddle-top\\\/\",\"name\":\"Blackstone 17inch Griddle Top - Blackstone Griddles\",\"isPartOf\":{\"@id\":\"https:\\\/\\\/blackstonegriddles.ca\\\/#website\"},\"primaryImageOfPage\":{\"@id\":\"https:\\\/\\\/blackstonegriddles.ca\\\/product\\\/blackstone-17inch-griddle-top\\\/#primaryimage\"},\"image\":{\"@id\":\"https:\\\/\\\/blackstonegriddles.ca\\\/product\\\/blackstone-17inch-griddle-top\\\/#primaryimage\"},\"thumbnailUrl\":\"https:\\\/\\\/blackstonegriddles.ca\\\/wp-content\\\/uploads\\\/2026\\\/01\\\/1507.jpg\",\"datePublished\":\"2026-01-27T16:21:28+00:00\",\"dateModified\":\"2026-04-20T19:23:10+00:00\",\"breadcrumb\":{\"@id\":\"https:\\\/\\\/blackstonegriddles.ca\\\/product\\\/blackstone-17inch-griddle-top\\\/#breadcrumb\"},\"inLanguage\":\"fr-CA\",\"potentialAction\":[{\"@type\":\"ReadAction\",\"target\":[\"https:\\\/\\\/blackstonegriddles.ca\\\/product\\\/blackstone-17inch-griddle-top\\\/\"]}]},{\"@type\":\"ImageObject\",\"inLanguage\":\"fr-CA\",\"@id\":\"https:\\\/\\\/blackstonegriddles.ca\\\/product\\\/blackstone-17inch-griddle-top\\\/#primaryimage\",\"url\":\"https:\\\/\\\/blackstonegriddles.ca\\\/wp-content\\\/uploads\\\/2026\\\/01\\\/1507.jpg\",\"contentUrl\":\"https:\\\/\\\/blackstonegriddles.ca\\\/wp-content\\\/uploads\\\/2026\\\/01\\\/1507.jpg\",\"width\":562,\"height\":448},{\"@type\":\"BreadcrumbList\",\"@id\":\"https:\\\/\\\/blackstonegriddles.ca\\\/product\\\/blackstone-17inch-griddle-top\\\/#breadcrumb\",\"itemListElement\":[{\"@type\":\"ListItem\",\"position\":1,\"name\":\"Home\",\"item\":\"https:\\\/\\\/blackstonegriddles.ca\\\/\"},{\"@type\":\"ListItem\",\"position\":2,\"name\":\"Shop\",\"item\":\"https:\\\/\\\/blackstonegriddles.ca\\\/shop\\\/\"},{\"@type\":\"ListItem\",\"position\":3,\"name\":\"Blackstone 17inch Griddle Top\"}]},{\"@type\":\"WebSite\",\"@id\":\"https:\\\/\\\/blackstonegriddles.ca\\\/#website\",\"url\":\"https:\\\/\\\/blackstonegriddles.ca\\\/\",\"name\":\"Blackstone Griddles Canada\",\"description\":\"Blackstone Griddles official licensed dealer Canada\",\"publisher\":{\"@id\":\"https:\\\/\\\/blackstonegriddles.ca\\\/#organization\"},\"potentialAction\":[{\"@type\":\"SearchAction\",\"target\":{\"@type\":\"EntryPoint\",\"urlTemplate\":\"https:\\\/\\\/blackstonegriddles.ca\\\/?s={search_term_string}\"},\"query-input\":{\"@type\":\"PropertyValueSpecification\",\"valueRequired\":true,\"valueName\":\"search_term_string\"}}],\"inLanguage\":\"fr-CA\"},{\"@type\":\"Organization\",\"@id\":\"https:\\\/\\\/blackstonegriddles.ca\\\/#organization\",\"name\":\"Blackstone Griddles Canada\",\"url\":\"https:\\\/\\\/blackstonegriddles.ca\\\/\",\"logo\":{\"@type\":\"ImageObject\",\"inLanguage\":\"fr-CA\",\"@id\":\"https:\\\/\\\/blackstonegriddles.ca\\\/#\\\/schema\\\/logo\\\/image\\\/\",\"url\":\"https:\\\/\\\/blackstonegriddles.ca\\\/wp-content\\\/uploads\\\/2025\\\/02\\\/blackstone-fire-logo.webp\",\"contentUrl\":\"https:\\\/\\\/blackstonegriddles.ca\\\/wp-content\\\/uploads\\\/2025\\\/02\\\/blackstone-fire-logo.webp\",\"width\":53,\"height\":58,\"caption\":\"Blackstone Griddles Canada\"},\"image\":{\"@id\":\"https:\\\/\\\/blackstonegriddles.ca\\\/#\\\/schema\\\/logo\\\/image\\\/\"},\"sameAs\":[\"https:\\\/\\\/www.facebook.com\\\/blackstoneproducts\\\/\",\"https:\\\/\\\/x.com\\\/weareblackstone\",\"https:\\\/\\\/www.instagram.com\\\/blackstoneproducts\\\/\",\"https:\\\/\\\/www.youtube.com\\\/channel\\\/UCr39rimir8y3p-q1iQYidVA\"]}]}<\/script>\n<!-- \/ Yoast SEO plugin. -->","yoast_head_json":{"title":"Blackstone 17inch Griddle Top - Blackstone Griddles","robots":{"index":"index","follow":"follow","max-snippet":"max-snippet:-1","max-image-preview":"max-image-preview:large","max-video-preview":"max-video-preview:-1"},"canonical":"https:\/\/blackstonegriddles.ca\/fr\/produit\/blackstone-17inch-griddle-top\/","og_locale":"fr_CA","og_type":"article","og_title":"Blackstone 17inch Griddle Top - Blackstone Griddles","og_description":"The Blackstone 17\u201d Griddle Top is designed as a replacement or upgrade for compatible Blackstone cooking systems. Built to fit the Original Tailgater, it provides a compact and practical cooking surface for everyday outdoor use. With a 16\u201d x 16\u201d griddle area, it offers enough space for preparing a variety of meals while maintaining portability. It is also compatible with select Blackstone models, making it a flexible addition to your setup. Note: Griddle top only. Does not include Tailgater.","og_url":"https:\/\/blackstonegriddles.ca\/fr\/produit\/blackstone-17inch-griddle-top\/","og_site_name":"Blackstone Griddles","article_publisher":"https:\/\/www.facebook.com\/blackstoneproducts\/","article_modified_time":"2026-04-20T19:23:10+00:00","og_image":[{"width":562,"height":448,"url":"https:\/\/blackstonegriddles.ca\/wp-content\/uploads\/2026\/01\/1507.jpg","type":"image\/jpeg"}],"twitter_card":"summary_large_image","twitter_site":"@weareblackstone","twitter_misc":{"Estimation du temps de lecture":"1 minute"},"schema":{"@context":"https:\/\/schema.org","@graph":[{"@type":"WebPage","@id":"https:\/\/blackstonegriddles.ca\/product\/blackstone-17inch-griddle-top\/","url":"https:\/\/blackstonegriddles.ca\/product\/blackstone-17inch-griddle-top\/","name":"Blackstone 17inch Griddle Top - Blackstone Griddles","isPartOf":{"@id":"https:\/\/blackstonegriddles.ca\/#website"},"primaryImageOfPage":{"@id":"https:\/\/blackstonegriddles.ca\/product\/blackstone-17inch-griddle-top\/#primaryimage"},"image":{"@id":"https:\/\/blackstonegriddles.ca\/product\/blackstone-17inch-griddle-top\/#primaryimage"},"thumbnailUrl":"https:\/\/blackstonegriddles.ca\/wp-content\/uploads\/2026\/01\/1507.jpg","datePublished":"2026-01-27T16:21:28+00:00","dateModified":"2026-04-20T19:23:10+00:00","breadcrumb":{"@id":"https:\/\/blackstonegriddles.ca\/product\/blackstone-17inch-griddle-top\/#breadcrumb"},"inLanguage":"fr-CA","potentialAction":[{"@type":"ReadAction","target":["https:\/\/blackstonegriddles.ca\/product\/blackstone-17inch-griddle-top\/"]}]},{"@type":"ImageObject","inLanguage":"fr-CA","@id":"https:\/\/blackstonegriddles.ca\/product\/blackstone-17inch-griddle-top\/#primaryimage","url":"https:\/\/blackstonegriddles.ca\/wp-content\/uploads\/2026\/01\/1507.jpg","contentUrl":"https:\/\/blackstonegriddles.ca\/wp-content\/uploads\/2026\/01\/1507.jpg","width":562,"height":448},{"@type":"BreadcrumbList","@id":"https:\/\/blackstonegriddles.ca\/product\/blackstone-17inch-griddle-top\/#breadcrumb","itemListElement":[{"@type":"ListItem","position":1,"name":"Home","item":"https:\/\/blackstonegriddles.ca\/"},{"@type":"ListItem","position":2,"name":"Shop","item":"https:\/\/blackstonegriddles.ca\/shop\/"},{"@type":"ListItem","position":3,"name":"Blackstone 17inch Griddle Top"}]},{"@type":"WebSite","@id":"https:\/\/blackstonegriddles.ca\/#website","url":"https:\/\/blackstonegriddles.ca\/","name":"Grils Blackstone Canada","description":"Blackstone Griddles distributeur officiel agr\u00e9\u00e9 Canada","publisher":{"@id":"https:\/\/blackstonegriddles.ca\/#organization"},"potentialAction":[{"@type":"SearchAction","target":{"@type":"EntryPoint","urlTemplate":"https:\/\/blackstonegriddles.ca\/?s={search_term_string}"},"query-input":{"@type":"PropertyValueSpecification","valueRequired":true,"valueName":"search_term_string"}}],"inLanguage":"fr-CA"},{"@type":"Organization","@id":"https:\/\/blackstonegriddles.ca\/#organization","name":"Grils Blackstone Canada","url":"https:\/\/blackstonegriddles.ca\/","logo":{"@type":"ImageObject","inLanguage":"fr-CA","@id":"https:\/\/blackstonegriddles.ca\/#\/schema\/logo\/image\/","url":"https:\/\/blackstonegriddles.ca\/wp-content\/uploads\/2025\/02\/blackstone-fire-logo.webp","contentUrl":"https:\/\/blackstonegriddles.ca\/wp-content\/uploads\/2025\/02\/blackstone-fire-logo.webp","width":53,"height":58,"caption":"Blackstone Griddles Canada"},"image":{"@id":"https:\/\/blackstonegriddles.ca\/#\/schema\/logo\/image\/"},"sameAs":["https:\/\/www.facebook.com\/blackstoneproducts\/","https:\/\/x.com\/weareblackstone","https:\/\/www.instagram.com\/blackstoneproducts\/","https:\/\/www.youtube.com\/channel\/UCr39rimir8y3p-q1iQYidVA"]}]}},"_links":{"self":[{"href":"https:\/\/blackstonegriddles.ca\/fr\/wp-json\/wp\/v2\/product\/51257","targetHints":{"allow":["GET"]}}],"collection":[{"href":"https:\/\/blackstonegriddles.ca\/fr\/wp-json\/wp\/v2\/product"}],"about":[{"href":"https:\/\/blackstonegriddles.ca\/fr\/wp-json\/wp\/v2\/types\/product"}],"wp:featuredmedia":[{"embeddable":true,"href":"https:\/\/blackstonegriddles.ca\/fr\/wp-json\/wp\/v2\/media\/51258"}],"wp:attachment":[{"href":"https:\/\/blackstonegriddles.ca\/fr\/wp-json\/wp\/v2\/media?parent=51257"}],"wp:term":[{"taxonomy":"product_brand","embeddable":true,"href":"https:\/\/blackstonegriddles.ca\/fr\/wp-json\/wp\/v2\/product_brand?post=51257"},{"taxonomy":"product_cat","embeddable":true,"href":"https:\/\/blackstonegriddles.ca\/fr\/wp-json\/wp\/v2\/product_cat?post=51257"},{"taxonomy":"product_tag","embeddable":true,"href":"https:\/\/blackstonegriddles.ca\/fr\/wp-json\/wp\/v2\/product_tag?post=51257"}],"curies":[{"name":"wp","href":"https:\/\/api.w.org\/{rel}","templated":true}]}}