{"id":51260,"date":"2026-01-27T16:56:28","date_gmt":"2026-01-27T16:56:28","guid":{"rendered":"https:\/\/blackstonegriddles.ca\/?post_type=product&#038;p=51260"},"modified":"2026-04-10T14:23:50","modified_gmt":"2026-04-10T14:23:50","slug":"cheminee-a-charbon-de-bois-blackstone-original-series","status":"publish","type":"product","link":"https:\/\/blackstonegriddles.ca\/fr\/product\/blackstone-original-series-charcoal-chimney\/","title":{"rendered":"Chemin\u00e9e au charbon de bois Blackstone Original Series"},"content":{"rendered":"<p style=\"font-weight: 400\"><strong>Caract\u00e9ristiques principales<\/strong><\/p>\n<ul style=\"font-weight: 400\">\n<li><strong>\u00c9clairage efficace du charbon de bois :<\/strong>\u00a0L'allumage du charbon de bois est rapide et uniforme gr\u00e2ce \u00e0 l'effet de chemin\u00e9e qui aspire l'air et la chaleur \u00e0 travers les charbons - aucun liquide n'est n\u00e9cessaire.<\/li>\n<li><strong>Poign\u00e9e et bouclier r\u00e9sistants \u00e0 la chaleur :<\/strong>\u00a0Con\u00e7ue avec une poign\u00e9e en plastique (ou isol\u00e9e) et un bouclier thermique qui vous permet de manipuler la chemin\u00e9e en toute s\u00e9curit\u00e9, m\u00eame lorsqu'elle est chaude.<\/li>\n<li><strong>Capacit\u00e9 :<\/strong>\u00a0Contient suffisamment de charbon de bois (environ 5 livres de briquettes) pour la plupart des grils standard et des besoins de cuisson en plein air.<\/li>\n<li><strong>Construction durable :<\/strong>\u00a0Corps en acier inoxydable con\u00e7u pour r\u00e9sister \u00e0 une utilisation r\u00e9p\u00e9t\u00e9e \u00e0 haute temp\u00e9rature.<\/li>\n<li><strong>Dimensions :<\/strong>\u00a0G\u00e9n\u00e9ralement, environ\u00a0<strong>7.5\u2033 \u00d7 7.5\u2033 \u00d7 12\u2033<\/strong>, Il est donc compact mais fonctionnel pour des charges de charbon de bois assez importantes.<\/li>\n<\/ul>","protected":false},"excerpt":{"rendered":"<p>Les\u00a0<b>Allumeur de charbon de bois Blackstone Chimney<\/b>\u00a0est un accessoire de barbecue con\u00e7u pour\u00a0<b>permet d'allumer du charbon de bois rapidement, facilement et de mani\u00e8re fiable sans utiliser d'essence \u00e0 briquet<\/b>. Il s'agit d'un d\u00e9marreur classique de type chemin\u00e9e qui tire parti de l'exp\u00e9rience de l'entreprise.\u00a0<b>flux d'air et chaleur de convection<\/b>\u00a0pour enflammer uniform\u00e9ment le charbon de bois, vous donnant un lit de braises chaudes pr\u00eates \u00e0 griller ou \u00e0 fumer en quelques minutes.<\/p>","protected":false},"featured_media":51261,"template":"","meta":[],"product_brand":[],"product_cat":[138,265,249],"product_tag":[],"class_list":{"0":"post-51260","1":"product","2":"type-product","3":"status-publish","4":"has-post-thumbnail","6":"product_cat-accessories","7":"product_cat-essential-extras","8":"product_cat-sale","9":"product_shipping_class-accessories","11":"first","12":"instock","13":"sale","14":"taxable","15":"shipping-taxable","16":"purchasable","17":"product-type-simple"},"yoast_head":"<!-- This site is optimized with the Yoast SEO plugin v27.4 - https:\/\/yoast.com\/product\/yoast-seo-wordpress\/ -->\n<title>Blackstone Original Series Charcoal Chimney - Blackstone Griddles<\/title>\n<meta name=\"robots\" content=\"index, follow, max-snippet:-1, max-image-preview:large, max-video-preview:-1\" \/>\n<link rel=\"canonical\" href=\"https:\/\/blackstonegriddles.ca\/fr\/produit\/cheminee-a-charbon-de-bois-blackstone-original-series\/\" \/>\n<meta property=\"og:locale\" content=\"fr_CA\" \/>\n<meta property=\"og:type\" content=\"article\" \/>\n<meta property=\"og:title\" content=\"Blackstone Original Series Charcoal Chimney - Blackstone Griddles\" \/>\n<meta property=\"og:description\" content=\"The\u00a0Blackstone\u00a0 Chimney Charcoal Starter\u00a0is a BBQ accessory designed to\u00a0make lighting charcoal fast, easy, and reliable without the use of lighter fluid. It\u2019s a classic chimney-style starter that leverages\u00a0airflow and convection heat\u00a0to ignite charcoal evenly, giving you a hot bed of coals ready for grilling or smoking in minutes.\" \/>\n<meta property=\"og:url\" content=\"https:\/\/blackstonegriddles.ca\/fr\/produit\/cheminee-a-charbon-de-bois-blackstone-original-series\/\" \/>\n<meta property=\"og:site_name\" content=\"Blackstone Griddles\" \/>\n<meta property=\"article:publisher\" content=\"https:\/\/www.facebook.com\/blackstoneproducts\/\" \/>\n<meta property=\"article:modified_time\" content=\"2026-04-10T14:23:50+00:00\" \/>\n<meta property=\"og:image\" content=\"https:\/\/blackstonegriddles.ca\/wp-content\/uploads\/2026\/01\/1765.jpg\" \/>\n\t<meta property=\"og:image:width\" content=\"467\" \/>\n\t<meta property=\"og:image:height\" content=\"540\" \/>\n\t<meta property=\"og:image:type\" content=\"image\/jpeg\" \/>\n<meta name=\"twitter:card\" content=\"summary_large_image\" \/>\n<meta name=\"twitter:site\" content=\"@weareblackstone\" \/>\n<meta name=\"twitter:label1\" content=\"Estimation du temps de lecture\" \/>\n\t<meta name=\"twitter:data1\" content=\"1 minute\" \/>\n<script type=\"application\/ld+json\" class=\"yoast-schema-graph\">{\"@context\":\"https:\\\/\\\/schema.org\",\"@graph\":[{\"@type\":\"WebPage\",\"@id\":\"https:\\\/\\\/blackstonegriddles.ca\\\/product\\\/blackstone-original-series-charcoal-chimney\\\/\",\"url\":\"https:\\\/\\\/blackstonegriddles.ca\\\/product\\\/blackstone-original-series-charcoal-chimney\\\/\",\"name\":\"Blackstone Original Series Charcoal Chimney - Blackstone Griddles\",\"isPartOf\":{\"@id\":\"https:\\\/\\\/blackstonegriddles.ca\\\/#website\"},\"primaryImageOfPage\":{\"@id\":\"https:\\\/\\\/blackstonegriddles.ca\\\/product\\\/blackstone-original-series-charcoal-chimney\\\/#primaryimage\"},\"image\":{\"@id\":\"https:\\\/\\\/blackstonegriddles.ca\\\/product\\\/blackstone-original-series-charcoal-chimney\\\/#primaryimage\"},\"thumbnailUrl\":\"https:\\\/\\\/blackstonegriddles.ca\\\/wp-content\\\/uploads\\\/2026\\\/01\\\/1765.jpg\",\"datePublished\":\"2026-01-27T16:56:28+00:00\",\"dateModified\":\"2026-04-10T14:23:50+00:00\",\"breadcrumb\":{\"@id\":\"https:\\\/\\\/blackstonegriddles.ca\\\/product\\\/blackstone-original-series-charcoal-chimney\\\/#breadcrumb\"},\"inLanguage\":\"fr-CA\",\"potentialAction\":[{\"@type\":\"ReadAction\",\"target\":[\"https:\\\/\\\/blackstonegriddles.ca\\\/product\\\/blackstone-original-series-charcoal-chimney\\\/\"]}]},{\"@type\":\"ImageObject\",\"inLanguage\":\"fr-CA\",\"@id\":\"https:\\\/\\\/blackstonegriddles.ca\\\/product\\\/blackstone-original-series-charcoal-chimney\\\/#primaryimage\",\"url\":\"https:\\\/\\\/blackstonegriddles.ca\\\/wp-content\\\/uploads\\\/2026\\\/01\\\/1765.jpg\",\"contentUrl\":\"https:\\\/\\\/blackstonegriddles.ca\\\/wp-content\\\/uploads\\\/2026\\\/01\\\/1765.jpg\",\"width\":467,\"height\":540},{\"@type\":\"BreadcrumbList\",\"@id\":\"https:\\\/\\\/blackstonegriddles.ca\\\/product\\\/blackstone-original-series-charcoal-chimney\\\/#breadcrumb\",\"itemListElement\":[{\"@type\":\"ListItem\",\"position\":1,\"name\":\"Home\",\"item\":\"https:\\\/\\\/blackstonegriddles.ca\\\/\"},{\"@type\":\"ListItem\",\"position\":2,\"name\":\"Shop\",\"item\":\"https:\\\/\\\/blackstonegriddles.ca\\\/shop\\\/\"},{\"@type\":\"ListItem\",\"position\":3,\"name\":\"Blackstone Original Series Charcoal Chimney\"}]},{\"@type\":\"WebSite\",\"@id\":\"https:\\\/\\\/blackstonegriddles.ca\\\/#website\",\"url\":\"https:\\\/\\\/blackstonegriddles.ca\\\/\",\"name\":\"Blackstone Griddles Canada\",\"description\":\"Blackstone Griddles official licensed dealer Canada\",\"publisher\":{\"@id\":\"https:\\\/\\\/blackstonegriddles.ca\\\/#organization\"},\"potentialAction\":[{\"@type\":\"SearchAction\",\"target\":{\"@type\":\"EntryPoint\",\"urlTemplate\":\"https:\\\/\\\/blackstonegriddles.ca\\\/?s={search_term_string}\"},\"query-input\":{\"@type\":\"PropertyValueSpecification\",\"valueRequired\":true,\"valueName\":\"search_term_string\"}}],\"inLanguage\":\"fr-CA\"},{\"@type\":\"Organization\",\"@id\":\"https:\\\/\\\/blackstonegriddles.ca\\\/#organization\",\"name\":\"Blackstone Griddles Canada\",\"url\":\"https:\\\/\\\/blackstonegriddles.ca\\\/\",\"logo\":{\"@type\":\"ImageObject\",\"inLanguage\":\"fr-CA\",\"@id\":\"https:\\\/\\\/blackstonegriddles.ca\\\/#\\\/schema\\\/logo\\\/image\\\/\",\"url\":\"https:\\\/\\\/blackstonegriddles.ca\\\/wp-content\\\/uploads\\\/2025\\\/02\\\/blackstone-fire-logo.webp\",\"contentUrl\":\"https:\\\/\\\/blackstonegriddles.ca\\\/wp-content\\\/uploads\\\/2025\\\/02\\\/blackstone-fire-logo.webp\",\"width\":53,\"height\":58,\"caption\":\"Blackstone Griddles Canada\"},\"image\":{\"@id\":\"https:\\\/\\\/blackstonegriddles.ca\\\/#\\\/schema\\\/logo\\\/image\\\/\"},\"sameAs\":[\"https:\\\/\\\/www.facebook.com\\\/blackstoneproducts\\\/\",\"https:\\\/\\\/x.com\\\/weareblackstone\",\"https:\\\/\\\/www.instagram.com\\\/blackstoneproducts\\\/\",\"https:\\\/\\\/www.youtube.com\\\/channel\\\/UCr39rimir8y3p-q1iQYidVA\"]}]}<\/script>\n<!-- \/ Yoast SEO plugin. -->","yoast_head_json":{"title":"Chemin\u00e9e \u00e0 charbon de bois Blackstone Original Series - Blackstone Griddles","robots":{"index":"index","follow":"follow","max-snippet":"max-snippet:-1","max-image-preview":"max-image-preview:large","max-video-preview":"max-video-preview:-1"},"canonical":"https:\/\/blackstonegriddles.ca\/fr\/produit\/cheminee-a-charbon-de-bois-blackstone-original-series\/","og_locale":"fr_CA","og_type":"article","og_title":"Blackstone Original Series Charcoal Chimney - Blackstone Griddles","og_description":"The\u00a0Blackstone\u00a0 Chimney Charcoal Starter\u00a0is a BBQ accessory designed to\u00a0make lighting charcoal fast, easy, and reliable without the use of lighter fluid. It\u2019s a classic chimney-style starter that leverages\u00a0airflow and convection heat\u00a0to ignite charcoal evenly, giving you a hot bed of coals ready for grilling or smoking in minutes.","og_url":"https:\/\/blackstonegriddles.ca\/fr\/produit\/cheminee-a-charbon-de-bois-blackstone-original-series\/","og_site_name":"Blackstone Griddles","article_publisher":"https:\/\/www.facebook.com\/blackstoneproducts\/","article_modified_time":"2026-04-10T14:23:50+00:00","og_image":[{"width":467,"height":540,"url":"https:\/\/blackstonegriddles.ca\/wp-content\/uploads\/2026\/01\/1765.jpg","type":"image\/jpeg"}],"twitter_card":"summary_large_image","twitter_site":"@weareblackstone","twitter_misc":{"Estimation du temps de lecture":"1 minute"},"schema":{"@context":"https:\/\/schema.org","@graph":[{"@type":"WebPage","@id":"https:\/\/blackstonegriddles.ca\/product\/blackstone-original-series-charcoal-chimney\/","url":"https:\/\/blackstonegriddles.ca\/product\/blackstone-original-series-charcoal-chimney\/","name":"Chemin\u00e9e \u00e0 charbon de bois Blackstone Original Series - Blackstone Griddles","isPartOf":{"@id":"https:\/\/blackstonegriddles.ca\/#website"},"primaryImageOfPage":{"@id":"https:\/\/blackstonegriddles.ca\/product\/blackstone-original-series-charcoal-chimney\/#primaryimage"},"image":{"@id":"https:\/\/blackstonegriddles.ca\/product\/blackstone-original-series-charcoal-chimney\/#primaryimage"},"thumbnailUrl":"https:\/\/blackstonegriddles.ca\/wp-content\/uploads\/2026\/01\/1765.jpg","datePublished":"2026-01-27T16:56:28+00:00","dateModified":"2026-04-10T14:23:50+00:00","breadcrumb":{"@id":"https:\/\/blackstonegriddles.ca\/product\/blackstone-original-series-charcoal-chimney\/#breadcrumb"},"inLanguage":"fr-CA","potentialAction":[{"@type":"ReadAction","target":["https:\/\/blackstonegriddles.ca\/product\/blackstone-original-series-charcoal-chimney\/"]}]},{"@type":"ImageObject","inLanguage":"fr-CA","@id":"https:\/\/blackstonegriddles.ca\/product\/blackstone-original-series-charcoal-chimney\/#primaryimage","url":"https:\/\/blackstonegriddles.ca\/wp-content\/uploads\/2026\/01\/1765.jpg","contentUrl":"https:\/\/blackstonegriddles.ca\/wp-content\/uploads\/2026\/01\/1765.jpg","width":467,"height":540},{"@type":"BreadcrumbList","@id":"https:\/\/blackstonegriddles.ca\/product\/blackstone-original-series-charcoal-chimney\/#breadcrumb","itemListElement":[{"@type":"ListItem","position":1,"name":"Home","item":"https:\/\/blackstonegriddles.ca\/"},{"@type":"ListItem","position":2,"name":"Shop","item":"https:\/\/blackstonegriddles.ca\/shop\/"},{"@type":"ListItem","position":3,"name":"Blackstone Original Series Charcoal Chimney"}]},{"@type":"WebSite","@id":"https:\/\/blackstonegriddles.ca\/#website","url":"https:\/\/blackstonegriddles.ca\/","name":"Grils Blackstone Canada","description":"Blackstone Griddles distributeur officiel agr\u00e9\u00e9 Canada","publisher":{"@id":"https:\/\/blackstonegriddles.ca\/#organization"},"potentialAction":[{"@type":"SearchAction","target":{"@type":"EntryPoint","urlTemplate":"https:\/\/blackstonegriddles.ca\/?s={search_term_string}"},"query-input":{"@type":"PropertyValueSpecification","valueRequired":true,"valueName":"search_term_string"}}],"inLanguage":"fr-CA"},{"@type":"Organization","@id":"https:\/\/blackstonegriddles.ca\/#organization","name":"Grils Blackstone Canada","url":"https:\/\/blackstonegriddles.ca\/","logo":{"@type":"ImageObject","inLanguage":"fr-CA","@id":"https:\/\/blackstonegriddles.ca\/#\/schema\/logo\/image\/","url":"https:\/\/blackstonegriddles.ca\/wp-content\/uploads\/2025\/02\/blackstone-fire-logo.webp","contentUrl":"https:\/\/blackstonegriddles.ca\/wp-content\/uploads\/2025\/02\/blackstone-fire-logo.webp","width":53,"height":58,"caption":"Blackstone Griddles Canada"},"image":{"@id":"https:\/\/blackstonegriddles.ca\/#\/schema\/logo\/image\/"},"sameAs":["https:\/\/www.facebook.com\/blackstoneproducts\/","https:\/\/x.com\/weareblackstone","https:\/\/www.instagram.com\/blackstoneproducts\/","https:\/\/www.youtube.com\/channel\/UCr39rimir8y3p-q1iQYidVA"]}]}},"_links":{"self":[{"href":"https:\/\/blackstonegriddles.ca\/fr\/wp-json\/wp\/v2\/product\/51260","targetHints":{"allow":["GET"]}}],"collection":[{"href":"https:\/\/blackstonegriddles.ca\/fr\/wp-json\/wp\/v2\/product"}],"about":[{"href":"https:\/\/blackstonegriddles.ca\/fr\/wp-json\/wp\/v2\/types\/product"}],"wp:featuredmedia":[{"embeddable":true,"href":"https:\/\/blackstonegriddles.ca\/fr\/wp-json\/wp\/v2\/media\/51261"}],"wp:attachment":[{"href":"https:\/\/blackstonegriddles.ca\/fr\/wp-json\/wp\/v2\/media?parent=51260"}],"wp:term":[{"taxonomy":"product_brand","embeddable":true,"href":"https:\/\/blackstonegriddles.ca\/fr\/wp-json\/wp\/v2\/product_brand?post=51260"},{"taxonomy":"product_cat","embeddable":true,"href":"https:\/\/blackstonegriddles.ca\/fr\/wp-json\/wp\/v2\/product_cat?post=51260"},{"taxonomy":"product_tag","embeddable":true,"href":"https:\/\/blackstonegriddles.ca\/fr\/wp-json\/wp\/v2\/product_tag?post=51260"}],"curies":[{"name":"wp","href":"https:\/\/api.w.org\/{rel}","templated":true}]}}