{"id":51267,"date":"2026-01-27T17:25:39","date_gmt":"2026-01-27T17:25:39","guid":{"rendered":"https:\/\/blackstonegriddles.ca\/?post_type=product&#038;p=51267"},"modified":"2026-04-26T02:02:07","modified_gmt":"2026-04-26T02:02:07","slug":"blackstone-22inch-original-series-tabletop-griddle-bundle-with-soft-cover-5-piece-accessory-kit-and-propane-hose","status":"publish","type":"product","link":"https:\/\/blackstonegriddles.ca\/fr\/product\/blackstone-22inch-original-series-tabletop-griddle-bundle-with-soft-cover-5-piece-accessory-kit-and-propane-hose\/","title":{"rendered":"Ensemble de gril de table Blackstone 22inch Original Series avec housse souple, kit d'accessoires 5 pi\u00e8ces et tuyau de propane"},"content":{"rendered":"<ul class=\"title-block_features__oR3xh\" data-testid=\"product-features\">\n<li data-section-id=\"muzj7y\" data-start=\"218\" data-end=\"335\"><strong data-start=\"220\" data-end=\"245\">Configuration compl\u00e8te du bundle<\/strong><br data-start=\"245\" data-end=\"248\" \/>Comprend un gril de table de 22 pouces, une bo\u00eete \u00e0 outils, un tuyau d'adaptateur de propane et une housse de protection<\/li>\n<li data-section-id=\"xwhfsm\" data-start=\"337\" data-end=\"442\"><strong data-start=\"339\" data-end=\"376\">Surface de cuisson de 22 pouces (361 pouces carr\u00e9s)<\/strong><br data-start=\"376\" data-end=\"379\" \/>Plaque de cuisson en acier lamin\u00e9 avec devant en acier inoxydable<\/li>\n<li data-section-id=\"f6k2mq\" data-start=\"444\" data-end=\"528\"><strong data-start=\"446\" data-end=\"465\">Deux zones de chaleur<\/strong><br data-start=\"465\" data-end=\"468\" \/>Deux zones de cuisson ind\u00e9pendantes avec br\u00fbleurs doubles en forme de H<\/li>\n<li data-section-id=\"13c9t4s\" data-start=\"530\" data-end=\"619\"><strong data-start=\"532\" data-end=\"553\">24 000 BTU de puissance<\/strong><br data-start=\"553\" data-end=\"556\" \/>Fournit une chaleur constante et efficace pour la cuisson quotidienne<\/li>\n<li data-section-id=\"srn7sa\" data-start=\"621\" data-end=\"694\"><strong data-start=\"623\" data-end=\"650\">Allumage pi\u00e9zo\u00e9lectrique int\u00e9gr\u00e9<\/strong><br data-start=\"650\" data-end=\"653\" \/>D\u00e9marrage par bouton simple et fiable<\/li>\n<li data-section-id=\"l4i1ze\" data-start=\"696\" data-end=\"792\"><strong data-start=\"698\" data-end=\"731\">Syst\u00e8me de gestion de la graisse \u00e0 l'arri\u00e8re<\/strong><br data-start=\"731\" data-end=\"734\" \/>Aide \u00e0 garder la zone de cuisson propre et facile \u00e0 entretenir<\/li>\n<li data-section-id=\"1guq2xu\" data-start=\"794\" data-end=\"892\"><strong data-start=\"796\" data-end=\"835\">Tuyau d'Adaptation au Propane avec R\u00e9gulateur<\/strong><br data-start=\"835\" data-end=\"838\" \/>Convertir 1 lb d'utilisation de propane \u00e0 un r\u00e9servoir standard de 20 lb<\/li>\n<li data-section-id=\"5lu40s\" data-start=\"894\" data-end=\"993\"><strong data-start=\"896\" data-end=\"928\">B\u00e2che en toile hydrofuge<\/strong><br data-start=\"928\" data-end=\"931\" \/>Prot\u00e8ge la plancha des \u00e9l\u00e9ments ext\u00e9rieurs lorsqu'elle n'est pas utilis\u00e9e<\/li>\n<li data-section-id=\"1w3bzgl\" data-start=\"995\" data-end=\"1153\"><strong data-start=\"997\" data-end=\"1023\">Kit d'accessoires inclus<\/strong>\n<ul data-start=\"1028\" data-end=\"1153\">\n<li data-section-id=\"44qcny\" data-start=\"1028\" data-end=\"1070\">Deux distributeurs de liquide de qualit\u00e9 commerciale<\/li>\n<li data-section-id=\"1lm0vv8\" data-start=\"1073\" data-end=\"1106\">Deux spatules (une perfor\u00e9e)<\/li>\n<li data-section-id=\"1wy90py\" data-start=\"1109\" data-end=\"1153\">Un grattoir de plaque chauffante de 6 pouces pour un nettoyage facile<\/li>\n<\/ul>\n<\/li>\n<\/ul>","protected":false},"excerpt":{"rendered":"<p data-start=\"204\" data-end=\"479\">Le barbecue de table Blackstone 22\u201d Original Series Bundle offre une configuration pratique et compl\u00e8te pour la cuisine en ext\u00e9rieur dans un format compact. Con\u00e7u pour la portabilit\u00e9 et la facilit\u00e9 d'utilisation, il offre une surface de cuisson fiable pour pr\u00e9parer une vari\u00e9t\u00e9 de repas \u00e0 la maison ou en d\u00e9placement.<\/p>\n<p data-start=\"481\" data-end=\"734\">Ce lot comprend des accessoires essentiels pour la cuisine de tous les jours, ainsi qu'une housse souple pour une protection suppl\u00e9mentaire lorsque la plancha n'est pas utilis\u00e9e. Le tuyau de propane inclus permet un raccordement simple, rendant l'installation facile et pratique.<\/p>\n<p data-start=\"736\" data-end=\"885\">Id\u00e9al pour les patios, le camping et les petits espaces ext\u00e9rieurs, ce lot offre une solution de cuisson flexible et efficace sans complexit\u00e9 suppl\u00e9mentaire.<\/p>","protected":false},"featured_media":51268,"template":"","meta":[],"product_brand":[],"product_cat":[156,154],"product_tag":[],"class_list":{"0":"post-51267","1":"product","2":"type-product","3":"status-publish","4":"has-post-thumbnail","6":"product_cat-156","7":"product_cat-griddles","8":"product_shipping_class-22-griddles","10":"first","11":"instock","12":"taxable","13":"shipping-taxable","14":"purchasable","15":"product-type-simple"},"yoast_head":"<!-- This site is optimized with the Yoast SEO plugin v27.4 - https:\/\/yoast.com\/product\/yoast-seo-wordpress\/ -->\n<title>Blackstone 22inch Original Series Tabletop Griddle Bundle with Soft Cover, 5-piece Accessory Kit and Propane Hose - Blackstone Griddles<\/title>\n<meta name=\"robots\" content=\"index, follow, max-snippet:-1, max-image-preview:large, max-video-preview:-1\" \/>\n<link rel=\"canonical\" href=\"https:\/\/blackstonegriddles.ca\/fr\/produit\/blackstone-22inch-original-series-tabletop-griddle-bundle-with-soft-cover-5-piece-accessory-kit-and-propane-hose\/\" \/>\n<meta property=\"og:locale\" content=\"fr_CA\" \/>\n<meta property=\"og:type\" content=\"article\" \/>\n<meta property=\"og:title\" content=\"Blackstone 22inch Original Series Tabletop Griddle Bundle with Soft Cover, 5-piece Accessory Kit and Propane Hose - Blackstone Griddles\" \/>\n<meta property=\"og:description\" content=\"The Blackstone 22\u201d Original Series Tabletop Griddle Bundle offers a practical and complete setup for outdoor cooking in a compact format. Designed for portability and ease of use, it provides a reliable cooking surface for preparing a variety of meals at home or on the go. This bundle includes essential accessories to support everyday cooking, along with a soft cover for added protection when the griddle is not in use. The included propane hose allows for a straightforward connection, making setup simple and convenient. Well-suited for patios, camping, and smaller outdoor spaces, this bundle provides a flexible and efficient cooking solution without added complexity.\" \/>\n<meta property=\"og:url\" content=\"https:\/\/blackstonegriddles.ca\/fr\/produit\/blackstone-22inch-original-series-tabletop-griddle-bundle-with-soft-cover-5-piece-accessory-kit-and-propane-hose\/\" \/>\n<meta property=\"og:site_name\" content=\"Blackstone Griddles\" \/>\n<meta property=\"article:publisher\" content=\"https:\/\/www.facebook.com\/blackstoneproducts\/\" \/>\n<meta property=\"article:modified_time\" content=\"2026-04-26T02:02:07+00:00\" \/>\n<meta property=\"og:image\" content=\"https:\/\/blackstonegriddles.ca\/wp-content\/uploads\/2026\/01\/2017.jpg\" \/>\n\t<meta property=\"og:image:width\" content=\"454\" \/>\n\t<meta property=\"og:image:height\" content=\"468\" \/>\n\t<meta property=\"og:image:type\" content=\"image\/jpeg\" \/>\n<meta name=\"twitter:card\" content=\"summary_large_image\" \/>\n<meta name=\"twitter:site\" content=\"@weareblackstone\" \/>\n<meta name=\"twitter:label1\" content=\"Estimation du temps de lecture\" \/>\n\t<meta name=\"twitter:data1\" content=\"1 minute\" \/>\n<script type=\"application\/ld+json\" class=\"yoast-schema-graph\">{\"@context\":\"https:\\\/\\\/schema.org\",\"@graph\":[{\"@type\":\"WebPage\",\"@id\":\"https:\\\/\\\/blackstonegriddles.ca\\\/product\\\/blackstone-22inch-original-series-tabletop-griddle-bundle-with-soft-cover-5-piece-accessory-kit-and-propane-hose\\\/\",\"url\":\"https:\\\/\\\/blackstonegriddles.ca\\\/product\\\/blackstone-22inch-original-series-tabletop-griddle-bundle-with-soft-cover-5-piece-accessory-kit-and-propane-hose\\\/\",\"name\":\"Blackstone 22inch Original Series Tabletop Griddle Bundle with Soft Cover, 5-piece Accessory Kit and Propane Hose - Blackstone Griddles\",\"isPartOf\":{\"@id\":\"https:\\\/\\\/blackstonegriddles.ca\\\/#website\"},\"primaryImageOfPage\":{\"@id\":\"https:\\\/\\\/blackstonegriddles.ca\\\/product\\\/blackstone-22inch-original-series-tabletop-griddle-bundle-with-soft-cover-5-piece-accessory-kit-and-propane-hose\\\/#primaryimage\"},\"image\":{\"@id\":\"https:\\\/\\\/blackstonegriddles.ca\\\/product\\\/blackstone-22inch-original-series-tabletop-griddle-bundle-with-soft-cover-5-piece-accessory-kit-and-propane-hose\\\/#primaryimage\"},\"thumbnailUrl\":\"https:\\\/\\\/blackstonegriddles.ca\\\/wp-content\\\/uploads\\\/2026\\\/01\\\/2017.jpg\",\"datePublished\":\"2026-01-27T17:25:39+00:00\",\"dateModified\":\"2026-04-26T02:02:07+00:00\",\"breadcrumb\":{\"@id\":\"https:\\\/\\\/blackstonegriddles.ca\\\/product\\\/blackstone-22inch-original-series-tabletop-griddle-bundle-with-soft-cover-5-piece-accessory-kit-and-propane-hose\\\/#breadcrumb\"},\"inLanguage\":\"fr-CA\",\"potentialAction\":[{\"@type\":\"ReadAction\",\"target\":[\"https:\\\/\\\/blackstonegriddles.ca\\\/product\\\/blackstone-22inch-original-series-tabletop-griddle-bundle-with-soft-cover-5-piece-accessory-kit-and-propane-hose\\\/\"]}]},{\"@type\":\"ImageObject\",\"inLanguage\":\"fr-CA\",\"@id\":\"https:\\\/\\\/blackstonegriddles.ca\\\/product\\\/blackstone-22inch-original-series-tabletop-griddle-bundle-with-soft-cover-5-piece-accessory-kit-and-propane-hose\\\/#primaryimage\",\"url\":\"https:\\\/\\\/blackstonegriddles.ca\\\/wp-content\\\/uploads\\\/2026\\\/01\\\/2017.jpg\",\"contentUrl\":\"https:\\\/\\\/blackstonegriddles.ca\\\/wp-content\\\/uploads\\\/2026\\\/01\\\/2017.jpg\",\"width\":454,\"height\":468},{\"@type\":\"BreadcrumbList\",\"@id\":\"https:\\\/\\\/blackstonegriddles.ca\\\/product\\\/blackstone-22inch-original-series-tabletop-griddle-bundle-with-soft-cover-5-piece-accessory-kit-and-propane-hose\\\/#breadcrumb\",\"itemListElement\":[{\"@type\":\"ListItem\",\"position\":1,\"name\":\"Home\",\"item\":\"https:\\\/\\\/blackstonegriddles.ca\\\/\"},{\"@type\":\"ListItem\",\"position\":2,\"name\":\"Shop\",\"item\":\"https:\\\/\\\/blackstonegriddles.ca\\\/shop\\\/\"},{\"@type\":\"ListItem\",\"position\":3,\"name\":\"Blackstone 22inch Original Series Tabletop Griddle Bundle with Soft Cover, 5-piece Accessory Kit and Propane Hose\"}]},{\"@type\":\"WebSite\",\"@id\":\"https:\\\/\\\/blackstonegriddles.ca\\\/#website\",\"url\":\"https:\\\/\\\/blackstonegriddles.ca\\\/\",\"name\":\"Blackstone Griddles Canada\",\"description\":\"Blackstone Griddles official licensed dealer Canada\",\"publisher\":{\"@id\":\"https:\\\/\\\/blackstonegriddles.ca\\\/#organization\"},\"potentialAction\":[{\"@type\":\"SearchAction\",\"target\":{\"@type\":\"EntryPoint\",\"urlTemplate\":\"https:\\\/\\\/blackstonegriddles.ca\\\/?s={search_term_string}\"},\"query-input\":{\"@type\":\"PropertyValueSpecification\",\"valueRequired\":true,\"valueName\":\"search_term_string\"}}],\"inLanguage\":\"fr-CA\"},{\"@type\":\"Organization\",\"@id\":\"https:\\\/\\\/blackstonegriddles.ca\\\/#organization\",\"name\":\"Blackstone Griddles Canada\",\"url\":\"https:\\\/\\\/blackstonegriddles.ca\\\/\",\"logo\":{\"@type\":\"ImageObject\",\"inLanguage\":\"fr-CA\",\"@id\":\"https:\\\/\\\/blackstonegriddles.ca\\\/#\\\/schema\\\/logo\\\/image\\\/\",\"url\":\"https:\\\/\\\/blackstonegriddles.ca\\\/wp-content\\\/uploads\\\/2025\\\/02\\\/blackstone-fire-logo.webp\",\"contentUrl\":\"https:\\\/\\\/blackstonegriddles.ca\\\/wp-content\\\/uploads\\\/2025\\\/02\\\/blackstone-fire-logo.webp\",\"width\":53,\"height\":58,\"caption\":\"Blackstone Griddles Canada\"},\"image\":{\"@id\":\"https:\\\/\\\/blackstonegriddles.ca\\\/#\\\/schema\\\/logo\\\/image\\\/\"},\"sameAs\":[\"https:\\\/\\\/www.facebook.com\\\/blackstoneproducts\\\/\",\"https:\\\/\\\/x.com\\\/weareblackstone\",\"https:\\\/\\\/www.instagram.com\\\/blackstoneproducts\\\/\",\"https:\\\/\\\/www.youtube.com\\\/channel\\\/UCr39rimir8y3p-q1iQYidVA\"]}]}<\/script>\n<!-- \/ Yoast SEO plugin. -->","yoast_head_json":{"title":"Ensemble de grilles de table Blackstone 22inch Original Series avec housse souple, kit d'accessoires 5 pi\u00e8ces et tuyau de propane - Blackstone Griddles","robots":{"index":"index","follow":"follow","max-snippet":"max-snippet:-1","max-image-preview":"max-image-preview:large","max-video-preview":"max-video-preview:-1"},"canonical":"https:\/\/blackstonegriddles.ca\/fr\/produit\/blackstone-22inch-original-series-tabletop-griddle-bundle-with-soft-cover-5-piece-accessory-kit-and-propane-hose\/","og_locale":"fr_CA","og_type":"article","og_title":"Blackstone 22inch Original Series Tabletop Griddle Bundle with Soft Cover, 5-piece Accessory Kit and Propane Hose - Blackstone Griddles","og_description":"The Blackstone 22\u201d Original Series Tabletop Griddle Bundle offers a practical and complete setup for outdoor cooking in a compact format. Designed for portability and ease of use, it provides a reliable cooking surface for preparing a variety of meals at home or on the go. This bundle includes essential accessories to support everyday cooking, along with a soft cover for added protection when the griddle is not in use. The included propane hose allows for a straightforward connection, making setup simple and convenient. Well-suited for patios, camping, and smaller outdoor spaces, this bundle provides a flexible and efficient cooking solution without added complexity.","og_url":"https:\/\/blackstonegriddles.ca\/fr\/produit\/blackstone-22inch-original-series-tabletop-griddle-bundle-with-soft-cover-5-piece-accessory-kit-and-propane-hose\/","og_site_name":"Blackstone Griddles","article_publisher":"https:\/\/www.facebook.com\/blackstoneproducts\/","article_modified_time":"2026-04-26T02:02:07+00:00","og_image":[{"width":454,"height":468,"url":"https:\/\/blackstonegriddles.ca\/wp-content\/uploads\/2026\/01\/2017.jpg","type":"image\/jpeg"}],"twitter_card":"summary_large_image","twitter_site":"@weareblackstone","twitter_misc":{"Estimation du temps de lecture":"1 minute"},"schema":{"@context":"https:\/\/schema.org","@graph":[{"@type":"WebPage","@id":"https:\/\/blackstonegriddles.ca\/product\/blackstone-22inch-original-series-tabletop-griddle-bundle-with-soft-cover-5-piece-accessory-kit-and-propane-hose\/","url":"https:\/\/blackstonegriddles.ca\/product\/blackstone-22inch-original-series-tabletop-griddle-bundle-with-soft-cover-5-piece-accessory-kit-and-propane-hose\/","name":"Ensemble de grilles de table Blackstone 22inch Original Series avec housse souple, kit d'accessoires 5 pi\u00e8ces et tuyau de propane - Blackstone Griddles","isPartOf":{"@id":"https:\/\/blackstonegriddles.ca\/#website"},"primaryImageOfPage":{"@id":"https:\/\/blackstonegriddles.ca\/product\/blackstone-22inch-original-series-tabletop-griddle-bundle-with-soft-cover-5-piece-accessory-kit-and-propane-hose\/#primaryimage"},"image":{"@id":"https:\/\/blackstonegriddles.ca\/product\/blackstone-22inch-original-series-tabletop-griddle-bundle-with-soft-cover-5-piece-accessory-kit-and-propane-hose\/#primaryimage"},"thumbnailUrl":"https:\/\/blackstonegriddles.ca\/wp-content\/uploads\/2026\/01\/2017.jpg","datePublished":"2026-01-27T17:25:39+00:00","dateModified":"2026-04-26T02:02:07+00:00","breadcrumb":{"@id":"https:\/\/blackstonegriddles.ca\/product\/blackstone-22inch-original-series-tabletop-griddle-bundle-with-soft-cover-5-piece-accessory-kit-and-propane-hose\/#breadcrumb"},"inLanguage":"fr-CA","potentialAction":[{"@type":"ReadAction","target":["https:\/\/blackstonegriddles.ca\/product\/blackstone-22inch-original-series-tabletop-griddle-bundle-with-soft-cover-5-piece-accessory-kit-and-propane-hose\/"]}]},{"@type":"ImageObject","inLanguage":"fr-CA","@id":"https:\/\/blackstonegriddles.ca\/product\/blackstone-22inch-original-series-tabletop-griddle-bundle-with-soft-cover-5-piece-accessory-kit-and-propane-hose\/#primaryimage","url":"https:\/\/blackstonegriddles.ca\/wp-content\/uploads\/2026\/01\/2017.jpg","contentUrl":"https:\/\/blackstonegriddles.ca\/wp-content\/uploads\/2026\/01\/2017.jpg","width":454,"height":468},{"@type":"BreadcrumbList","@id":"https:\/\/blackstonegriddles.ca\/product\/blackstone-22inch-original-series-tabletop-griddle-bundle-with-soft-cover-5-piece-accessory-kit-and-propane-hose\/#breadcrumb","itemListElement":[{"@type":"ListItem","position":1,"name":"Home","item":"https:\/\/blackstonegriddles.ca\/"},{"@type":"ListItem","position":2,"name":"Shop","item":"https:\/\/blackstonegriddles.ca\/shop\/"},{"@type":"ListItem","position":3,"name":"Blackstone 22inch Original Series Tabletop Griddle Bundle with Soft Cover, 5-piece Accessory Kit and Propane Hose"}]},{"@type":"WebSite","@id":"https:\/\/blackstonegriddles.ca\/#website","url":"https:\/\/blackstonegriddles.ca\/","name":"Grils Blackstone Canada","description":"Blackstone Griddles distributeur officiel agr\u00e9\u00e9 Canada","publisher":{"@id":"https:\/\/blackstonegriddles.ca\/#organization"},"potentialAction":[{"@type":"SearchAction","target":{"@type":"EntryPoint","urlTemplate":"https:\/\/blackstonegriddles.ca\/?s={search_term_string}"},"query-input":{"@type":"PropertyValueSpecification","valueRequired":true,"valueName":"search_term_string"}}],"inLanguage":"fr-CA"},{"@type":"Organization","@id":"https:\/\/blackstonegriddles.ca\/#organization","name":"Grils Blackstone Canada","url":"https:\/\/blackstonegriddles.ca\/","logo":{"@type":"ImageObject","inLanguage":"fr-CA","@id":"https:\/\/blackstonegriddles.ca\/#\/schema\/logo\/image\/","url":"https:\/\/blackstonegriddles.ca\/wp-content\/uploads\/2025\/02\/blackstone-fire-logo.webp","contentUrl":"https:\/\/blackstonegriddles.ca\/wp-content\/uploads\/2025\/02\/blackstone-fire-logo.webp","width":53,"height":58,"caption":"Blackstone Griddles Canada"},"image":{"@id":"https:\/\/blackstonegriddles.ca\/#\/schema\/logo\/image\/"},"sameAs":["https:\/\/www.facebook.com\/blackstoneproducts\/","https:\/\/x.com\/weareblackstone","https:\/\/www.instagram.com\/blackstoneproducts\/","https:\/\/www.youtube.com\/channel\/UCr39rimir8y3p-q1iQYidVA"]}]}},"_links":{"self":[{"href":"https:\/\/blackstonegriddles.ca\/fr\/wp-json\/wp\/v2\/product\/51267","targetHints":{"allow":["GET"]}}],"collection":[{"href":"https:\/\/blackstonegriddles.ca\/fr\/wp-json\/wp\/v2\/product"}],"about":[{"href":"https:\/\/blackstonegriddles.ca\/fr\/wp-json\/wp\/v2\/types\/product"}],"wp:featuredmedia":[{"embeddable":true,"href":"https:\/\/blackstonegriddles.ca\/fr\/wp-json\/wp\/v2\/media\/51268"}],"wp:attachment":[{"href":"https:\/\/blackstonegriddles.ca\/fr\/wp-json\/wp\/v2\/media?parent=51267"}],"wp:term":[{"taxonomy":"product_brand","embeddable":true,"href":"https:\/\/blackstonegriddles.ca\/fr\/wp-json\/wp\/v2\/product_brand?post=51267"},{"taxonomy":"product_cat","embeddable":true,"href":"https:\/\/blackstonegriddles.ca\/fr\/wp-json\/wp\/v2\/product_cat?post=51267"},{"taxonomy":"product_tag","embeddable":true,"href":"https:\/\/blackstonegriddles.ca\/fr\/wp-json\/wp\/v2\/product_tag?post=51267"}],"curies":[{"name":"wp","href":"https:\/\/api.w.org\/{rel}","templated":true}]}}