{"id":51279,"date":"2026-01-27T18:21:33","date_gmt":"2026-01-27T18:21:33","guid":{"rendered":"https:\/\/blackstonegriddles.ca\/?post_type=product&#038;p=51279"},"modified":"2026-04-22T17:59:34","modified_gmt":"2026-04-22T17:59:34","slug":"blackstone-6-piece-deluxe-spatula-griddle-kit","status":"publish","type":"product","link":"https:\/\/blackstonegriddles.ca\/fr\/product\/blackstone-6-piece-deluxe-spatula-griddle-kit\/","title":{"rendered":"Kit de gril \u00e0 spatule de luxe 6 pi\u00e8ces Blackstone"},"content":{"rendered":"<ul class=\"a-unordered-list a-vertical a-spacing-mini\">\n<li data-section-id=\"d0q115\" data-start=\"650\" data-end=\"756\"><strong data-start=\"652\" data-end=\"689\">Kit d'outils complet pour plancha 6 pi\u00e8ces<\/strong><br data-start=\"689\" data-end=\"692\" \/>Comprend les outils essentiels pour cuisiner, manipuler et nettoyer<\/li>\n<li data-section-id=\"nj9qgg\" data-start=\"758\" data-end=\"1010\"><strong data-start=\"760\" data-end=\"779\">Comprend (Qt\u00e9.)<\/strong>\n<ul data-start=\"784\" data-end=\"1010\">\n<li data-section-id=\"p0kw0\" data-start=\"784\" data-end=\"841\">Pinces en acier inoxydable de 14 pouces avec manche en bois (Qt\u00e9. 1)<\/li>\n<li data-section-id=\"1kr6apg\" data-start=\"844\" data-end=\"901\">Spatules en acier inoxydable avec manches en bois (Qt\u00e9. 2)<\/li>\n<li data-section-id=\"36dvjc\" data-start=\"904\" data-end=\"967\">Grattoir pour plancha en acier inoxydable avec manche en bois (Qt\u00e9. 1)<\/li>\n<li data-section-id=\"nw0q1k\" data-start=\"970\" data-end=\"1010\">Bouteille de 32 oz (946 ml) pour liquide \/ sauce (Qt\u00e9. 1)<\/li>\n<\/ul>\n<\/li>\n<li data-section-id=\"u5aro5\" data-start=\"1012\" data-end=\"1114\"><strong data-start=\"1014\" data-end=\"1054\">Construction durable en acier inoxydable<\/strong><br data-start=\"1054\" data-end=\"1057\" \/>Con\u00e7u pour une utilisation durable et des performances constantes<\/li>\n<li data-section-id=\"1f5y3ua\" data-start=\"1116\" data-end=\"1196\"><strong data-start=\"1118\" data-end=\"1148\">Poign\u00e9es en bois confortables<\/strong><br data-start=\"1148\" data-end=\"1151\" \/>Offre une prise s\u00fbre et r\u00e9sistante \u00e0 la chaleur<\/li>\n<li data-section-id=\"1g8ka91\" data-start=\"1198\" data-end=\"1307\"><strong data-start=\"1200\" data-end=\"1227\">Outils de cuisine polyvalents<\/strong><br data-start=\"1227\" data-end=\"1230\" \/>Id\u00e9al pour retourner les hamburgers, les cr\u00eapes, manipuler les viandes et pour la cuisine en g\u00e9n\u00e9ral<\/li>\n<li data-section-id=\"1ymshu8\" data-start=\"1309\" data-end=\"1399\"><strong data-start=\"1311\" data-end=\"1338\">Outil de nettoyage efficace<\/strong><br data-start=\"1338\" data-end=\"1341\" \/>Le grattoir aide \u00e0 \u00e9liminer la graisse, les d\u00e9bris et les aliments br\u00fbl\u00e9s<\/li>\n<li data-section-id=\"uo8yko\" data-start=\"1401\" data-end=\"1500\"><strong data-start=\"1403\" data-end=\"1423\">Bouteille multi-usage<\/strong><br data-start=\"1423\" data-end=\"1426\" \/>Convient pour l'huile, l'eau ou les sauces pour la cuisine, la cuisson \u00e0 la vapeur et le nettoyage<\/li>\n<\/ul>","protected":false},"excerpt":{"rendered":"<p data-start=\"161\" data-end=\"392\">Am\u00e9liorez votre exp\u00e9rience de cuisine en plein air avec le kit de spatules deluxe pour grill Blackstone en 6 pi\u00e8ces. Con\u00e7u pour la polyvalence et la durabilit\u00e9, ce kit comprend les outils essentiels pour manipuler, retourner et nettoyer les aliments sur votre plaque de cuisson.<\/p>\n<p data-start=\"394\" data-end=\"622\">Chaque ustensile est dot\u00e9 d'une construction en acier inoxydable avec des manches en bois pour une prise en main confortable et des performances fiables. Des aliments d\u00e9licats aux morceaux de viande plus gros, ce kit offre le contr\u00f4le et le soutien dont vous avez besoin pour la cuisine de tous les jours.<\/p>","protected":false},"featured_media":51280,"template":"","meta":[],"product_brand":[],"product_cat":[138,262],"product_tag":[],"class_list":{"0":"post-51279","1":"product","2":"type-product","3":"status-publish","4":"has-post-thumbnail","6":"product_cat-accessories","7":"product_cat-tool-kits","8":"product_shipping_class-accessories","10":"first","11":"outofstock","12":"taxable","13":"shipping-taxable","14":"purchasable","15":"product-type-simple"},"yoast_head":"<!-- This site is optimized with the Yoast SEO plugin v27.4 - https:\/\/yoast.com\/product\/yoast-seo-wordpress\/ -->\n<title>Blackstone 6-piece Deluxe Spatula Griddle Kit - Blackstone Griddles<\/title>\n<meta name=\"robots\" content=\"index, follow, max-snippet:-1, max-image-preview:large, max-video-preview:-1\" \/>\n<link rel=\"canonical\" href=\"https:\/\/blackstonegriddles.ca\/fr\/produit\/blackstone-6-piece-deluxe-spatula-griddle-kit\/\" \/>\n<meta property=\"og:locale\" content=\"fr_CA\" \/>\n<meta property=\"og:type\" content=\"article\" \/>\n<meta property=\"og:title\" content=\"Blackstone 6-piece Deluxe Spatula Griddle Kit - Blackstone Griddles\" \/>\n<meta property=\"og:description\" content=\"Enhance your outdoor cooking experience with the Blackstone 6-Piece Deluxe Griddle Spatula Kit. Designed for versatility and durability, this kit includes essential tools for handling, flipping, and cleaning food on your griddle. Each tool features a stainless steel build with wooden handles for a comfortable grip and reliable performance. From delicate foods to larger cuts of meat, this kit provides the control and support you need for everyday cooking.\" \/>\n<meta property=\"og:url\" content=\"https:\/\/blackstonegriddles.ca\/fr\/produit\/blackstone-6-piece-deluxe-spatula-griddle-kit\/\" \/>\n<meta property=\"og:site_name\" content=\"Blackstone Griddles\" \/>\n<meta property=\"article:publisher\" content=\"https:\/\/www.facebook.com\/blackstoneproducts\/\" \/>\n<meta property=\"article:modified_time\" content=\"2026-04-22T17:59:34+00:00\" \/>\n<meta property=\"og:image\" content=\"https:\/\/blackstonegriddles.ca\/wp-content\/uploads\/2026\/01\/5069.jpg\" \/>\n\t<meta property=\"og:image:width\" content=\"874\" \/>\n\t<meta property=\"og:image:height\" content=\"724\" \/>\n\t<meta property=\"og:image:type\" content=\"image\/jpeg\" \/>\n<meta name=\"twitter:card\" content=\"summary_large_image\" \/>\n<meta name=\"twitter:site\" content=\"@weareblackstone\" \/>\n<meta name=\"twitter:label1\" content=\"Estimation du temps de lecture\" \/>\n\t<meta name=\"twitter:data1\" content=\"1 minute\" \/>\n<script type=\"application\/ld+json\" class=\"yoast-schema-graph\">{\"@context\":\"https:\\\/\\\/schema.org\",\"@graph\":[{\"@type\":\"WebPage\",\"@id\":\"https:\\\/\\\/blackstonegriddles.ca\\\/product\\\/blackstone-6-piece-deluxe-spatula-griddle-kit\\\/\",\"url\":\"https:\\\/\\\/blackstonegriddles.ca\\\/product\\\/blackstone-6-piece-deluxe-spatula-griddle-kit\\\/\",\"name\":\"Blackstone 6-piece Deluxe Spatula Griddle Kit - Blackstone Griddles\",\"isPartOf\":{\"@id\":\"https:\\\/\\\/blackstonegriddles.ca\\\/#website\"},\"primaryImageOfPage\":{\"@id\":\"https:\\\/\\\/blackstonegriddles.ca\\\/product\\\/blackstone-6-piece-deluxe-spatula-griddle-kit\\\/#primaryimage\"},\"image\":{\"@id\":\"https:\\\/\\\/blackstonegriddles.ca\\\/product\\\/blackstone-6-piece-deluxe-spatula-griddle-kit\\\/#primaryimage\"},\"thumbnailUrl\":\"https:\\\/\\\/blackstonegriddles.ca\\\/wp-content\\\/uploads\\\/2026\\\/01\\\/5069.jpg\",\"datePublished\":\"2026-01-27T18:21:33+00:00\",\"dateModified\":\"2026-04-22T17:59:34+00:00\",\"breadcrumb\":{\"@id\":\"https:\\\/\\\/blackstonegriddles.ca\\\/product\\\/blackstone-6-piece-deluxe-spatula-griddle-kit\\\/#breadcrumb\"},\"inLanguage\":\"fr-CA\",\"potentialAction\":[{\"@type\":\"ReadAction\",\"target\":[\"https:\\\/\\\/blackstonegriddles.ca\\\/product\\\/blackstone-6-piece-deluxe-spatula-griddle-kit\\\/\"]}]},{\"@type\":\"ImageObject\",\"inLanguage\":\"fr-CA\",\"@id\":\"https:\\\/\\\/blackstonegriddles.ca\\\/product\\\/blackstone-6-piece-deluxe-spatula-griddle-kit\\\/#primaryimage\",\"url\":\"https:\\\/\\\/blackstonegriddles.ca\\\/wp-content\\\/uploads\\\/2026\\\/01\\\/5069.jpg\",\"contentUrl\":\"https:\\\/\\\/blackstonegriddles.ca\\\/wp-content\\\/uploads\\\/2026\\\/01\\\/5069.jpg\",\"width\":874,\"height\":724},{\"@type\":\"BreadcrumbList\",\"@id\":\"https:\\\/\\\/blackstonegriddles.ca\\\/product\\\/blackstone-6-piece-deluxe-spatula-griddle-kit\\\/#breadcrumb\",\"itemListElement\":[{\"@type\":\"ListItem\",\"position\":1,\"name\":\"Home\",\"item\":\"https:\\\/\\\/blackstonegriddles.ca\\\/\"},{\"@type\":\"ListItem\",\"position\":2,\"name\":\"Shop\",\"item\":\"https:\\\/\\\/blackstonegriddles.ca\\\/shop\\\/\"},{\"@type\":\"ListItem\",\"position\":3,\"name\":\"Blackstone 6-piece Deluxe Spatula Griddle Kit\"}]},{\"@type\":\"WebSite\",\"@id\":\"https:\\\/\\\/blackstonegriddles.ca\\\/#website\",\"url\":\"https:\\\/\\\/blackstonegriddles.ca\\\/\",\"name\":\"Blackstone Griddles Canada\",\"description\":\"Blackstone Griddles official licensed dealer Canada\",\"publisher\":{\"@id\":\"https:\\\/\\\/blackstonegriddles.ca\\\/#organization\"},\"potentialAction\":[{\"@type\":\"SearchAction\",\"target\":{\"@type\":\"EntryPoint\",\"urlTemplate\":\"https:\\\/\\\/blackstonegriddles.ca\\\/?s={search_term_string}\"},\"query-input\":{\"@type\":\"PropertyValueSpecification\",\"valueRequired\":true,\"valueName\":\"search_term_string\"}}],\"inLanguage\":\"fr-CA\"},{\"@type\":\"Organization\",\"@id\":\"https:\\\/\\\/blackstonegriddles.ca\\\/#organization\",\"name\":\"Blackstone Griddles Canada\",\"url\":\"https:\\\/\\\/blackstonegriddles.ca\\\/\",\"logo\":{\"@type\":\"ImageObject\",\"inLanguage\":\"fr-CA\",\"@id\":\"https:\\\/\\\/blackstonegriddles.ca\\\/#\\\/schema\\\/logo\\\/image\\\/\",\"url\":\"https:\\\/\\\/blackstonegriddles.ca\\\/wp-content\\\/uploads\\\/2025\\\/02\\\/blackstone-fire-logo.webp\",\"contentUrl\":\"https:\\\/\\\/blackstonegriddles.ca\\\/wp-content\\\/uploads\\\/2025\\\/02\\\/blackstone-fire-logo.webp\",\"width\":53,\"height\":58,\"caption\":\"Blackstone Griddles Canada\"},\"image\":{\"@id\":\"https:\\\/\\\/blackstonegriddles.ca\\\/#\\\/schema\\\/logo\\\/image\\\/\"},\"sameAs\":[\"https:\\\/\\\/www.facebook.com\\\/blackstoneproducts\\\/\",\"https:\\\/\\\/x.com\\\/weareblackstone\",\"https:\\\/\\\/www.instagram.com\\\/blackstoneproducts\\\/\",\"https:\\\/\\\/www.youtube.com\\\/channel\\\/UCr39rimir8y3p-q1iQYidVA\"]}]}<\/script>\n<!-- \/ Yoast SEO plugin. -->","yoast_head_json":{"title":"Kit de gril \u00e0 spatule de luxe 6 pi\u00e8ces Blackstone - Blackstone Griddles","robots":{"index":"index","follow":"follow","max-snippet":"max-snippet:-1","max-image-preview":"max-image-preview:large","max-video-preview":"max-video-preview:-1"},"canonical":"https:\/\/blackstonegriddles.ca\/fr\/produit\/blackstone-6-piece-deluxe-spatula-griddle-kit\/","og_locale":"fr_CA","og_type":"article","og_title":"Blackstone 6-piece Deluxe Spatula Griddle Kit - Blackstone Griddles","og_description":"Enhance your outdoor cooking experience with the Blackstone 6-Piece Deluxe Griddle Spatula Kit. Designed for versatility and durability, this kit includes essential tools for handling, flipping, and cleaning food on your griddle. Each tool features a stainless steel build with wooden handles for a comfortable grip and reliable performance. From delicate foods to larger cuts of meat, this kit provides the control and support you need for everyday cooking.","og_url":"https:\/\/blackstonegriddles.ca\/fr\/produit\/blackstone-6-piece-deluxe-spatula-griddle-kit\/","og_site_name":"Blackstone Griddles","article_publisher":"https:\/\/www.facebook.com\/blackstoneproducts\/","article_modified_time":"2026-04-22T17:59:34+00:00","og_image":[{"width":874,"height":724,"url":"https:\/\/blackstonegriddles.ca\/wp-content\/uploads\/2026\/01\/5069.jpg","type":"image\/jpeg"}],"twitter_card":"summary_large_image","twitter_site":"@weareblackstone","twitter_misc":{"Estimation du temps de lecture":"1 minute"},"schema":{"@context":"https:\/\/schema.org","@graph":[{"@type":"WebPage","@id":"https:\/\/blackstonegriddles.ca\/product\/blackstone-6-piece-deluxe-spatula-griddle-kit\/","url":"https:\/\/blackstonegriddles.ca\/product\/blackstone-6-piece-deluxe-spatula-griddle-kit\/","name":"Kit de gril \u00e0 spatule de luxe 6 pi\u00e8ces Blackstone - Blackstone Griddles","isPartOf":{"@id":"https:\/\/blackstonegriddles.ca\/#website"},"primaryImageOfPage":{"@id":"https:\/\/blackstonegriddles.ca\/product\/blackstone-6-piece-deluxe-spatula-griddle-kit\/#primaryimage"},"image":{"@id":"https:\/\/blackstonegriddles.ca\/product\/blackstone-6-piece-deluxe-spatula-griddle-kit\/#primaryimage"},"thumbnailUrl":"https:\/\/blackstonegriddles.ca\/wp-content\/uploads\/2026\/01\/5069.jpg","datePublished":"2026-01-27T18:21:33+00:00","dateModified":"2026-04-22T17:59:34+00:00","breadcrumb":{"@id":"https:\/\/blackstonegriddles.ca\/product\/blackstone-6-piece-deluxe-spatula-griddle-kit\/#breadcrumb"},"inLanguage":"fr-CA","potentialAction":[{"@type":"ReadAction","target":["https:\/\/blackstonegriddles.ca\/product\/blackstone-6-piece-deluxe-spatula-griddle-kit\/"]}]},{"@type":"ImageObject","inLanguage":"fr-CA","@id":"https:\/\/blackstonegriddles.ca\/product\/blackstone-6-piece-deluxe-spatula-griddle-kit\/#primaryimage","url":"https:\/\/blackstonegriddles.ca\/wp-content\/uploads\/2026\/01\/5069.jpg","contentUrl":"https:\/\/blackstonegriddles.ca\/wp-content\/uploads\/2026\/01\/5069.jpg","width":874,"height":724},{"@type":"BreadcrumbList","@id":"https:\/\/blackstonegriddles.ca\/product\/blackstone-6-piece-deluxe-spatula-griddle-kit\/#breadcrumb","itemListElement":[{"@type":"ListItem","position":1,"name":"Home","item":"https:\/\/blackstonegriddles.ca\/"},{"@type":"ListItem","position":2,"name":"Shop","item":"https:\/\/blackstonegriddles.ca\/shop\/"},{"@type":"ListItem","position":3,"name":"Blackstone 6-piece Deluxe Spatula Griddle Kit"}]},{"@type":"WebSite","@id":"https:\/\/blackstonegriddles.ca\/#website","url":"https:\/\/blackstonegriddles.ca\/","name":"Grils Blackstone Canada","description":"Blackstone Griddles distributeur officiel agr\u00e9\u00e9 Canada","publisher":{"@id":"https:\/\/blackstonegriddles.ca\/#organization"},"potentialAction":[{"@type":"SearchAction","target":{"@type":"EntryPoint","urlTemplate":"https:\/\/blackstonegriddles.ca\/?s={search_term_string}"},"query-input":{"@type":"PropertyValueSpecification","valueRequired":true,"valueName":"search_term_string"}}],"inLanguage":"fr-CA"},{"@type":"Organization","@id":"https:\/\/blackstonegriddles.ca\/#organization","name":"Grils Blackstone Canada","url":"https:\/\/blackstonegriddles.ca\/","logo":{"@type":"ImageObject","inLanguage":"fr-CA","@id":"https:\/\/blackstonegriddles.ca\/#\/schema\/logo\/image\/","url":"https:\/\/blackstonegriddles.ca\/wp-content\/uploads\/2025\/02\/blackstone-fire-logo.webp","contentUrl":"https:\/\/blackstonegriddles.ca\/wp-content\/uploads\/2025\/02\/blackstone-fire-logo.webp","width":53,"height":58,"caption":"Blackstone Griddles Canada"},"image":{"@id":"https:\/\/blackstonegriddles.ca\/#\/schema\/logo\/image\/"},"sameAs":["https:\/\/www.facebook.com\/blackstoneproducts\/","https:\/\/x.com\/weareblackstone","https:\/\/www.instagram.com\/blackstoneproducts\/","https:\/\/www.youtube.com\/channel\/UCr39rimir8y3p-q1iQYidVA"]}]}},"_links":{"self":[{"href":"https:\/\/blackstonegriddles.ca\/fr\/wp-json\/wp\/v2\/product\/51279","targetHints":{"allow":["GET"]}}],"collection":[{"href":"https:\/\/blackstonegriddles.ca\/fr\/wp-json\/wp\/v2\/product"}],"about":[{"href":"https:\/\/blackstonegriddles.ca\/fr\/wp-json\/wp\/v2\/types\/product"}],"wp:featuredmedia":[{"embeddable":true,"href":"https:\/\/blackstonegriddles.ca\/fr\/wp-json\/wp\/v2\/media\/51280"}],"wp:attachment":[{"href":"https:\/\/blackstonegriddles.ca\/fr\/wp-json\/wp\/v2\/media?parent=51279"}],"wp:term":[{"taxonomy":"product_brand","embeddable":true,"href":"https:\/\/blackstonegriddles.ca\/fr\/wp-json\/wp\/v2\/product_brand?post=51279"},{"taxonomy":"product_cat","embeddable":true,"href":"https:\/\/blackstonegriddles.ca\/fr\/wp-json\/wp\/v2\/product_cat?post=51279"},{"taxonomy":"product_tag","embeddable":true,"href":"https:\/\/blackstonegriddles.ca\/fr\/wp-json\/wp\/v2\/product_tag?post=51279"}],"curies":[{"name":"wp","href":"https:\/\/api.w.org\/{rel}","templated":true}]}}