{"id":51282,"date":"2026-01-27T18:39:33","date_gmt":"2026-01-27T18:39:33","guid":{"rendered":"https:\/\/blackstonegriddles.ca\/?post_type=product&#038;p=51282"},"modified":"2026-04-08T15:31:07","modified_gmt":"2026-04-08T15:31:07","slug":"blackstone-2-piece-32oz-square-squeeze-bottle-set","status":"publish","type":"product","link":"https:\/\/blackstonegriddles.ca\/fr\/product\/blackstone-2-piece-32oz-square-squeeze-bottle-set\/","title":{"rendered":"Blackstone 2-piece 32oz Square Squeeze Bottle Set"},"content":{"rendered":"<ul>\n<li><strong>Blackstone 32 oz Square Squeezable Bottle with Lid, Perfect for Oil &amp; Water (Bouteille pressable carr\u00e9e de 32 oz avec couvercle, parfaite pour l'huile et l'eau)<\/strong><\/li>\n<li>Peut \u00eatre utilis\u00e9 pour contenir de l'huile, de l'eau, des vinaigrettes ou des assaisonnements.<\/li>\n<li>La forme carr\u00e9e facilite la prise en main et la pression de la bouteille.<\/li>\n<li>Contient 32 onces de liquide<\/li>\n<li>Le bouchon inclus permet de garder l'embout de la bouteille propre et d'ajouter une barri\u00e8re suppl\u00e9mentaire pour \u00e9viter les d\u00e9versements.<\/li>\n<li>Dimensions : 3\u201d L x 3\u201d L x 9\u201d H L x 9\" H<\/li>\n<li>Garantie limit\u00e9e de 1 an<\/li>\n<\/ul>","protected":false},"excerpt":{"rendered":"<p>Facilitez la cuisson sur votre plancha avec cette bouteille carr\u00e9e compressible de 32 oz de Blackstone. Que vous ayez besoin d'ajouter de l'humidit\u00e9 ou de la saveur \u00e0 vos aliments, de refroidir une surface de cuisson chaude, de cuire des l\u00e9gumes \u00e0 la vapeur ou de retirer des aliments qui ont \u00e9t\u00e9 cuits sur la surface de la plaque, cette bouteille facilite la distribution d'eau, d'huile et m\u00eame de vinaigrettes ou d'assaisonnements. Le design carr\u00e9 de cette bouteille permet de la tenir et de la presser sans qu'elle ne tombe. Ses c\u00f4t\u00e9s plats l'emp\u00eachent de rouler et il est donc plus facile de la saisir si elle est renvers\u00e9e. Le liquide ne sort de la bouteille que si vous la pressez. Vous n'avez donc pas \u00e0 vous inqui\u00e9ter de voir le liquide se r\u00e9pandre partout si la bouteille se renverse. Profitez de la cuisson sur votre gril plat en utilisant cette bouteille pratique de 32 oz. pour distribuer de l'eau et de l'huile afin d'ajouter de l'humidit\u00e9 et de la saveur \u00e0 vos aliments.<\/p>","protected":false},"featured_media":51283,"template":"","meta":[],"product_brand":[],"product_cat":[138,265],"product_tag":[],"class_list":{"0":"post-51282","1":"product","2":"type-product","3":"status-publish","4":"has-post-thumbnail","6":"product_cat-accessories","7":"product_cat-essential-extras","8":"product_shipping_class-accessories","10":"first","11":"instock","12":"taxable","13":"shipping-taxable","14":"purchasable","15":"product-type-simple"},"yoast_head":"<!-- This site is optimized with the Yoast SEO plugin v27.3 - https:\/\/yoast.com\/product\/yoast-seo-wordpress\/ -->\n<title>Blackstone 2-piece 32oz Square Squeeze Bottle Set - Blackstone Griddles<\/title>\n<meta name=\"robots\" content=\"index, follow, max-snippet:-1, max-image-preview:large, max-video-preview:-1\" \/>\n<link rel=\"canonical\" href=\"https:\/\/blackstonegriddles.ca\/fr\/produit\/blackstone-2-piece-32oz-square-squeeze-bottle-set\/\" \/>\n<meta property=\"og:locale\" content=\"fr_CA\" \/>\n<meta property=\"og:type\" content=\"article\" \/>\n<meta property=\"og:title\" content=\"Blackstone 2-piece 32oz Square Squeeze Bottle Set - Blackstone Griddles\" \/>\n<meta property=\"og:description\" content=\"Make cooking on your griddle easier with this Blackstone 32 oz Square Squeezable Bottle. Whether you need to add moisture or flavor to your food, cool down a hot cooking surface, steam veggies, or remove food that has been cooked onto the griddle surface, this bottle makes dispensing water, oil, and even dressings or vinaigrettes easier. This bottle&#039;s square design makes it easy to hold and squeeze without dropping and its flat sides prevent it from rolling so it is easier to grab if it gets knocked over. Liquid only comes out of the bottle if you squeeze so you don\u2019t need to worry about liquid spilling everywhere if the bottle gets tipped over. Enjoy cooking on your flat top grill when you use this convenient 32 oz. squeeze bottle to dispense water and oil to add moisture and flavor to your food.\" \/>\n<meta property=\"og:url\" content=\"https:\/\/blackstonegriddles.ca\/fr\/produit\/blackstone-2-piece-32oz-square-squeeze-bottle-set\/\" \/>\n<meta property=\"og:site_name\" content=\"Blackstone Griddles\" \/>\n<meta property=\"article:publisher\" content=\"https:\/\/www.facebook.com\/blackstoneproducts\/\" \/>\n<meta property=\"article:modified_time\" content=\"2026-04-08T15:31:07+00:00\" \/>\n<meta property=\"og:image\" content=\"https:\/\/blackstonegriddles.ca\/wp-content\/uploads\/2026\/01\/5073.jpg\" \/>\n\t<meta property=\"og:image:width\" content=\"815\" \/>\n\t<meta property=\"og:image:height\" content=\"731\" \/>\n\t<meta property=\"og:image:type\" content=\"image\/jpeg\" \/>\n<meta name=\"twitter:card\" content=\"summary_large_image\" \/>\n<meta name=\"twitter:site\" content=\"@weareblackstone\" \/>\n<meta name=\"twitter:label1\" content=\"Estimation du temps de lecture\" \/>\n\t<meta name=\"twitter:data1\" content=\"1 minute\" \/>\n<script type=\"application\/ld+json\" class=\"yoast-schema-graph\">{\"@context\":\"https:\\\/\\\/schema.org\",\"@graph\":[{\"@type\":\"WebPage\",\"@id\":\"https:\\\/\\\/blackstonegriddles.ca\\\/product\\\/blackstone-2-piece-32oz-square-squeeze-bottle-set\\\/\",\"url\":\"https:\\\/\\\/blackstonegriddles.ca\\\/product\\\/blackstone-2-piece-32oz-square-squeeze-bottle-set\\\/\",\"name\":\"Blackstone 2-piece 32oz Square Squeeze Bottle Set - Blackstone Griddles\",\"isPartOf\":{\"@id\":\"https:\\\/\\\/blackstonegriddles.ca\\\/#website\"},\"primaryImageOfPage\":{\"@id\":\"https:\\\/\\\/blackstonegriddles.ca\\\/product\\\/blackstone-2-piece-32oz-square-squeeze-bottle-set\\\/#primaryimage\"},\"image\":{\"@id\":\"https:\\\/\\\/blackstonegriddles.ca\\\/product\\\/blackstone-2-piece-32oz-square-squeeze-bottle-set\\\/#primaryimage\"},\"thumbnailUrl\":\"https:\\\/\\\/blackstonegriddles.ca\\\/wp-content\\\/uploads\\\/2026\\\/01\\\/5073.jpg\",\"datePublished\":\"2026-01-27T18:39:33+00:00\",\"dateModified\":\"2026-04-08T15:31:07+00:00\",\"breadcrumb\":{\"@id\":\"https:\\\/\\\/blackstonegriddles.ca\\\/product\\\/blackstone-2-piece-32oz-square-squeeze-bottle-set\\\/#breadcrumb\"},\"inLanguage\":\"fr-CA\",\"potentialAction\":[{\"@type\":\"ReadAction\",\"target\":[\"https:\\\/\\\/blackstonegriddles.ca\\\/product\\\/blackstone-2-piece-32oz-square-squeeze-bottle-set\\\/\"]}]},{\"@type\":\"ImageObject\",\"inLanguage\":\"fr-CA\",\"@id\":\"https:\\\/\\\/blackstonegriddles.ca\\\/product\\\/blackstone-2-piece-32oz-square-squeeze-bottle-set\\\/#primaryimage\",\"url\":\"https:\\\/\\\/blackstonegriddles.ca\\\/wp-content\\\/uploads\\\/2026\\\/01\\\/5073.jpg\",\"contentUrl\":\"https:\\\/\\\/blackstonegriddles.ca\\\/wp-content\\\/uploads\\\/2026\\\/01\\\/5073.jpg\",\"width\":815,\"height\":731},{\"@type\":\"BreadcrumbList\",\"@id\":\"https:\\\/\\\/blackstonegriddles.ca\\\/product\\\/blackstone-2-piece-32oz-square-squeeze-bottle-set\\\/#breadcrumb\",\"itemListElement\":[{\"@type\":\"ListItem\",\"position\":1,\"name\":\"Home\",\"item\":\"https:\\\/\\\/blackstonegriddles.ca\\\/\"},{\"@type\":\"ListItem\",\"position\":2,\"name\":\"Shop\",\"item\":\"https:\\\/\\\/blackstonegriddles.ca\\\/shop\\\/\"},{\"@type\":\"ListItem\",\"position\":3,\"name\":\"Blackstone 2-piece 32oz Square Squeeze Bottle Set\"}]},{\"@type\":\"WebSite\",\"@id\":\"https:\\\/\\\/blackstonegriddles.ca\\\/#website\",\"url\":\"https:\\\/\\\/blackstonegriddles.ca\\\/\",\"name\":\"Blackstone Griddles Canada\",\"description\":\"Blackstone Griddles official licensed dealer Canada\",\"publisher\":{\"@id\":\"https:\\\/\\\/blackstonegriddles.ca\\\/#organization\"},\"potentialAction\":[{\"@type\":\"SearchAction\",\"target\":{\"@type\":\"EntryPoint\",\"urlTemplate\":\"https:\\\/\\\/blackstonegriddles.ca\\\/?s={search_term_string}\"},\"query-input\":{\"@type\":\"PropertyValueSpecification\",\"valueRequired\":true,\"valueName\":\"search_term_string\"}}],\"inLanguage\":\"fr-CA\"},{\"@type\":\"Organization\",\"@id\":\"https:\\\/\\\/blackstonegriddles.ca\\\/#organization\",\"name\":\"Blackstone Griddles Canada\",\"url\":\"https:\\\/\\\/blackstonegriddles.ca\\\/\",\"logo\":{\"@type\":\"ImageObject\",\"inLanguage\":\"fr-CA\",\"@id\":\"https:\\\/\\\/blackstonegriddles.ca\\\/#\\\/schema\\\/logo\\\/image\\\/\",\"url\":\"https:\\\/\\\/blackstonegriddles.ca\\\/wp-content\\\/uploads\\\/2025\\\/02\\\/blackstone-fire-logo.webp\",\"contentUrl\":\"https:\\\/\\\/blackstonegriddles.ca\\\/wp-content\\\/uploads\\\/2025\\\/02\\\/blackstone-fire-logo.webp\",\"width\":53,\"height\":58,\"caption\":\"Blackstone Griddles Canada\"},\"image\":{\"@id\":\"https:\\\/\\\/blackstonegriddles.ca\\\/#\\\/schema\\\/logo\\\/image\\\/\"},\"sameAs\":[\"https:\\\/\\\/www.facebook.com\\\/blackstoneproducts\\\/\",\"https:\\\/\\\/x.com\\\/weareblackstone\",\"https:\\\/\\\/www.instagram.com\\\/blackstoneproducts\\\/\",\"https:\\\/\\\/www.youtube.com\\\/channel\\\/UCr39rimir8y3p-q1iQYidVA\"]}]}<\/script>\n<!-- \/ Yoast SEO plugin. -->","yoast_head_json":{"title":"Blackstone 2-piece 32oz Square Squeeze Bottle Set - Blackstone Griddles","robots":{"index":"index","follow":"follow","max-snippet":"max-snippet:-1","max-image-preview":"max-image-preview:large","max-video-preview":"max-video-preview:-1"},"canonical":"https:\/\/blackstonegriddles.ca\/fr\/produit\/blackstone-2-piece-32oz-square-squeeze-bottle-set\/","og_locale":"fr_CA","og_type":"article","og_title":"Blackstone 2-piece 32oz Square Squeeze Bottle Set - Blackstone Griddles","og_description":"Make cooking on your griddle easier with this Blackstone 32 oz Square Squeezable Bottle. Whether you need to add moisture or flavor to your food, cool down a hot cooking surface, steam veggies, or remove food that has been cooked onto the griddle surface, this bottle makes dispensing water, oil, and even dressings or vinaigrettes easier. This bottle's square design makes it easy to hold and squeeze without dropping and its flat sides prevent it from rolling so it is easier to grab if it gets knocked over. Liquid only comes out of the bottle if you squeeze so you don\u2019t need to worry about liquid spilling everywhere if the bottle gets tipped over. Enjoy cooking on your flat top grill when you use this convenient 32 oz. squeeze bottle to dispense water and oil to add moisture and flavor to your food.","og_url":"https:\/\/blackstonegriddles.ca\/fr\/produit\/blackstone-2-piece-32oz-square-squeeze-bottle-set\/","og_site_name":"Blackstone Griddles","article_publisher":"https:\/\/www.facebook.com\/blackstoneproducts\/","article_modified_time":"2026-04-08T15:31:07+00:00","og_image":[{"width":815,"height":731,"url":"https:\/\/blackstonegriddles.ca\/wp-content\/uploads\/2026\/01\/5073.jpg","type":"image\/jpeg"}],"twitter_card":"summary_large_image","twitter_site":"@weareblackstone","twitter_misc":{"Estimation du temps de lecture":"1 minute"},"schema":{"@context":"https:\/\/schema.org","@graph":[{"@type":"WebPage","@id":"https:\/\/blackstonegriddles.ca\/product\/blackstone-2-piece-32oz-square-squeeze-bottle-set\/","url":"https:\/\/blackstonegriddles.ca\/product\/blackstone-2-piece-32oz-square-squeeze-bottle-set\/","name":"Blackstone 2-piece 32oz Square Squeeze Bottle Set - Blackstone Griddles","isPartOf":{"@id":"https:\/\/blackstonegriddles.ca\/#website"},"primaryImageOfPage":{"@id":"https:\/\/blackstonegriddles.ca\/product\/blackstone-2-piece-32oz-square-squeeze-bottle-set\/#primaryimage"},"image":{"@id":"https:\/\/blackstonegriddles.ca\/product\/blackstone-2-piece-32oz-square-squeeze-bottle-set\/#primaryimage"},"thumbnailUrl":"https:\/\/blackstonegriddles.ca\/wp-content\/uploads\/2026\/01\/5073.jpg","datePublished":"2026-01-27T18:39:33+00:00","dateModified":"2026-04-08T15:31:07+00:00","breadcrumb":{"@id":"https:\/\/blackstonegriddles.ca\/product\/blackstone-2-piece-32oz-square-squeeze-bottle-set\/#breadcrumb"},"inLanguage":"fr-CA","potentialAction":[{"@type":"ReadAction","target":["https:\/\/blackstonegriddles.ca\/product\/blackstone-2-piece-32oz-square-squeeze-bottle-set\/"]}]},{"@type":"ImageObject","inLanguage":"fr-CA","@id":"https:\/\/blackstonegriddles.ca\/product\/blackstone-2-piece-32oz-square-squeeze-bottle-set\/#primaryimage","url":"https:\/\/blackstonegriddles.ca\/wp-content\/uploads\/2026\/01\/5073.jpg","contentUrl":"https:\/\/blackstonegriddles.ca\/wp-content\/uploads\/2026\/01\/5073.jpg","width":815,"height":731},{"@type":"BreadcrumbList","@id":"https:\/\/blackstonegriddles.ca\/product\/blackstone-2-piece-32oz-square-squeeze-bottle-set\/#breadcrumb","itemListElement":[{"@type":"ListItem","position":1,"name":"Home","item":"https:\/\/blackstonegriddles.ca\/"},{"@type":"ListItem","position":2,"name":"Shop","item":"https:\/\/blackstonegriddles.ca\/shop\/"},{"@type":"ListItem","position":3,"name":"Blackstone 2-piece 32oz Square Squeeze Bottle Set"}]},{"@type":"WebSite","@id":"https:\/\/blackstonegriddles.ca\/#website","url":"https:\/\/blackstonegriddles.ca\/","name":"Grils Blackstone Canada","description":"Blackstone Griddles distributeur officiel agr\u00e9\u00e9 Canada","publisher":{"@id":"https:\/\/blackstonegriddles.ca\/#organization"},"potentialAction":[{"@type":"SearchAction","target":{"@type":"EntryPoint","urlTemplate":"https:\/\/blackstonegriddles.ca\/?s={search_term_string}"},"query-input":{"@type":"PropertyValueSpecification","valueRequired":true,"valueName":"search_term_string"}}],"inLanguage":"fr-CA"},{"@type":"Organization","@id":"https:\/\/blackstonegriddles.ca\/#organization","name":"Grils Blackstone Canada","url":"https:\/\/blackstonegriddles.ca\/","logo":{"@type":"ImageObject","inLanguage":"fr-CA","@id":"https:\/\/blackstonegriddles.ca\/#\/schema\/logo\/image\/","url":"https:\/\/blackstonegriddles.ca\/wp-content\/uploads\/2025\/02\/blackstone-fire-logo.webp","contentUrl":"https:\/\/blackstonegriddles.ca\/wp-content\/uploads\/2025\/02\/blackstone-fire-logo.webp","width":53,"height":58,"caption":"Blackstone Griddles Canada"},"image":{"@id":"https:\/\/blackstonegriddles.ca\/#\/schema\/logo\/image\/"},"sameAs":["https:\/\/www.facebook.com\/blackstoneproducts\/","https:\/\/x.com\/weareblackstone","https:\/\/www.instagram.com\/blackstoneproducts\/","https:\/\/www.youtube.com\/channel\/UCr39rimir8y3p-q1iQYidVA"]}]}},"_links":{"self":[{"href":"https:\/\/blackstonegriddles.ca\/fr\/wp-json\/wp\/v2\/product\/51282","targetHints":{"allow":["GET"]}}],"collection":[{"href":"https:\/\/blackstonegriddles.ca\/fr\/wp-json\/wp\/v2\/product"}],"about":[{"href":"https:\/\/blackstonegriddles.ca\/fr\/wp-json\/wp\/v2\/types\/product"}],"wp:featuredmedia":[{"embeddable":true,"href":"https:\/\/blackstonegriddles.ca\/fr\/wp-json\/wp\/v2\/media\/51283"}],"wp:attachment":[{"href":"https:\/\/blackstonegriddles.ca\/fr\/wp-json\/wp\/v2\/media?parent=51282"}],"wp:term":[{"taxonomy":"product_brand","embeddable":true,"href":"https:\/\/blackstonegriddles.ca\/fr\/wp-json\/wp\/v2\/product_brand?post=51282"},{"taxonomy":"product_cat","embeddable":true,"href":"https:\/\/blackstonegriddles.ca\/fr\/wp-json\/wp\/v2\/product_cat?post=51282"},{"taxonomy":"product_tag","embeddable":true,"href":"https:\/\/blackstonegriddles.ca\/fr\/wp-json\/wp\/v2\/product_tag?post=51282"}],"curies":[{"name":"wp","href":"https:\/\/api.w.org\/{rel}","templated":true}]}}