{"id":51292,"date":"2026-01-27T19:39:55","date_gmt":"2026-01-27T19:39:55","guid":{"rendered":"https:\/\/blackstonegriddles.ca\/?post_type=product&#038;p=51292"},"modified":"2026-04-23T13:31:53","modified_gmt":"2026-04-23T13:31:53","slug":"porte-serviettes-et-porte-serviettes-magnetiques-blackstone","status":"publish","type":"product","link":"https:\/\/blackstonegriddles.ca\/fr\/product\/blackstone-magnetic-towel-holder-and-towel\/","title":{"rendered":"Porte-serviettes et serviettes magn\u00e9tiques Blackstone"},"content":{"rendered":"<ul class=\"features-specs-list\">\n<li data-section-id=\"1pkp5q1\" data-start=\"589\" data-end=\"677\"><strong data-start=\"591\" data-end=\"623\">Conception de porte-serviettes magn\u00e9tique<\/strong><br data-start=\"623\" data-end=\"626\" \/>S'attache facilement \u00e0 votre plancha pour un acc\u00e8s facile<\/li>\n<li data-section-id=\"164916c\" data-start=\"679\" data-end=\"769\"><strong data-start=\"681\" data-end=\"700\">Comprend (Qt\u00e9.)<\/strong>\n<ul data-start=\"705\" data-end=\"769\">\n<li data-section-id=\"101j3hl\" data-start=\"705\" data-end=\"739\">Porte-serviettes magn\u00e9tique (Qt\u00e9 1)<\/li>\n<li data-section-id=\"1663d8p\" data-start=\"742\" data-end=\"769\">Torchons de cuisine (Qt\u00e9. 2)<\/li>\n<\/ul>\n<\/li>\n<li data-section-id=\"svdx3l\" data-start=\"771\" data-end=\"858\"><strong data-start=\"773\" data-end=\"795\">Installation peu encombrante<\/strong><br data-start=\"795\" data-end=\"798\" \/>Garde les outils de nettoyage accessibles sans utiliser d'espace de pr\u00e9paration<\/li>\n<li data-section-id=\"kjqs04\" data-start=\"860\" data-end=\"940\"><strong data-start=\"862\" data-end=\"882\">Entretien facile<\/strong><br data-start=\"882\" data-end=\"885\" \/>Les serviettes sont lavables en machine pour un nettoyage pratique<\/li>\n<li data-section-id=\"148al0h\" data-start=\"942\" data-end=\"1004\"><strong data-start=\"944\" data-end=\"959\">Note de s\u00e9curit\u00e9<\/strong><br data-start=\"959\" data-end=\"962\" \/>Ne pas utiliser sur des surfaces de plaque chauffante chaudes<\/li>\n<\/ul>","protected":false},"excerpt":{"rendered":"<p data-start=\"163\" data-end=\"380\">Soyez pr\u00eat pour des nettoyages rapides avec le porte-serviettes magn\u00e9tique Blackstone avec serviettes. Con\u00e7u pour la commodit\u00e9, il se fixe facilement \u00e0 votre table de cuisson, gardant les serviettes \u00e0 port\u00e9e de main sans empi\u00e9ter sur votre pr\u00e9cieux espace de travail.<\/p>\n<p data-start=\"382\" data-end=\"561\">Que vous pr\u00e9pariez le petit-d\u00e9jeuner, le d\u00e9jeuner ou le d\u00eener, ce support aide \u00e0 garder votre plan de travail organis\u00e9 et pr\u00eat \u00e0 faire face \u00e0 tout d\u00e9sordre, rendant ainsi votre exp\u00e9rience culinaire plus agr\u00e9able et plus efficace.<\/p>","protected":false},"featured_media":51353,"template":"","meta":[],"product_brand":[],"product_cat":[138,265,262],"product_tag":[],"class_list":{"0":"post-51292","1":"product","2":"type-product","3":"status-publish","4":"has-post-thumbnail","6":"product_cat-accessories","7":"product_cat-essential-extras","8":"product_cat-tool-kits","9":"product_shipping_class-accessories","11":"first","12":"instock","13":"taxable","14":"shipping-taxable","15":"purchasable","16":"product-type-simple"},"yoast_head":"<!-- This site is optimized with the Yoast SEO plugin v27.4 - https:\/\/yoast.com\/product\/yoast-seo-wordpress\/ -->\n<title>Blackstone Magnetic Towel Holder and Towel - Blackstone Griddles<\/title>\n<meta name=\"robots\" content=\"index, follow, max-snippet:-1, max-image-preview:large, max-video-preview:-1\" \/>\n<link rel=\"canonical\" href=\"https:\/\/blackstonegriddles.ca\/fr\/produit\/porte-serviettes-et-porte-serviettes-magnetiques-blackstone\/\" \/>\n<meta property=\"og:locale\" content=\"fr_CA\" \/>\n<meta property=\"og:type\" content=\"article\" \/>\n<meta property=\"og:title\" content=\"Blackstone Magnetic Towel Holder and Towel - Blackstone Griddles\" \/>\n<meta property=\"og:description\" content=\"Stay prepared for quick cleanups with the Blackstone Magnetic Towel Holder with Towels. Designed for convenience, it easily attaches to your griddle, keeping towels within reach without taking up valuable workspace. Whether you&#039;re cooking breakfast, lunch, or dinner, this holder helps keep your setup organized and ready for any mess, making your cooking experience smoother and more efficient.\" \/>\n<meta property=\"og:url\" content=\"https:\/\/blackstonegriddles.ca\/fr\/produit\/porte-serviettes-et-porte-serviettes-magnetiques-blackstone\/\" \/>\n<meta property=\"og:site_name\" content=\"Blackstone Griddles\" \/>\n<meta property=\"article:publisher\" content=\"https:\/\/www.facebook.com\/blackstoneproducts\/\" \/>\n<meta property=\"article:modified_time\" content=\"2026-04-23T13:31:53+00:00\" \/>\n<meta property=\"og:image\" content=\"https:\/\/blackstonegriddles.ca\/wp-content\/uploads\/2026\/01\/5300.jpg\" \/>\n\t<meta property=\"og:image:width\" content=\"507\" \/>\n\t<meta property=\"og:image:height\" content=\"460\" \/>\n\t<meta property=\"og:image:type\" content=\"image\/jpeg\" \/>\n<meta name=\"twitter:card\" content=\"summary_large_image\" \/>\n<meta name=\"twitter:site\" content=\"@weareblackstone\" \/>\n<meta name=\"twitter:label1\" content=\"Estimation du temps de lecture\" \/>\n\t<meta name=\"twitter:data1\" content=\"1 minute\" \/>\n<script type=\"application\/ld+json\" class=\"yoast-schema-graph\">{\"@context\":\"https:\\\/\\\/schema.org\",\"@graph\":[{\"@type\":\"WebPage\",\"@id\":\"https:\\\/\\\/blackstonegriddles.ca\\\/product\\\/blackstone-magnetic-towel-holder-and-towel\\\/\",\"url\":\"https:\\\/\\\/blackstonegriddles.ca\\\/product\\\/blackstone-magnetic-towel-holder-and-towel\\\/\",\"name\":\"Blackstone Magnetic Towel Holder and Towel - Blackstone Griddles\",\"isPartOf\":{\"@id\":\"https:\\\/\\\/blackstonegriddles.ca\\\/#website\"},\"primaryImageOfPage\":{\"@id\":\"https:\\\/\\\/blackstonegriddles.ca\\\/product\\\/blackstone-magnetic-towel-holder-and-towel\\\/#primaryimage\"},\"image\":{\"@id\":\"https:\\\/\\\/blackstonegriddles.ca\\\/product\\\/blackstone-magnetic-towel-holder-and-towel\\\/#primaryimage\"},\"thumbnailUrl\":\"https:\\\/\\\/blackstonegriddles.ca\\\/wp-content\\\/uploads\\\/2026\\\/01\\\/5300.jpg\",\"datePublished\":\"2026-01-27T19:39:55+00:00\",\"dateModified\":\"2026-04-23T13:31:53+00:00\",\"breadcrumb\":{\"@id\":\"https:\\\/\\\/blackstonegriddles.ca\\\/product\\\/blackstone-magnetic-towel-holder-and-towel\\\/#breadcrumb\"},\"inLanguage\":\"fr-CA\",\"potentialAction\":[{\"@type\":\"ReadAction\",\"target\":[\"https:\\\/\\\/blackstonegriddles.ca\\\/product\\\/blackstone-magnetic-towel-holder-and-towel\\\/\"]}]},{\"@type\":\"ImageObject\",\"inLanguage\":\"fr-CA\",\"@id\":\"https:\\\/\\\/blackstonegriddles.ca\\\/product\\\/blackstone-magnetic-towel-holder-and-towel\\\/#primaryimage\",\"url\":\"https:\\\/\\\/blackstonegriddles.ca\\\/wp-content\\\/uploads\\\/2026\\\/01\\\/5300.jpg\",\"contentUrl\":\"https:\\\/\\\/blackstonegriddles.ca\\\/wp-content\\\/uploads\\\/2026\\\/01\\\/5300.jpg\",\"width\":507,\"height\":460},{\"@type\":\"BreadcrumbList\",\"@id\":\"https:\\\/\\\/blackstonegriddles.ca\\\/product\\\/blackstone-magnetic-towel-holder-and-towel\\\/#breadcrumb\",\"itemListElement\":[{\"@type\":\"ListItem\",\"position\":1,\"name\":\"Home\",\"item\":\"https:\\\/\\\/blackstonegriddles.ca\\\/\"},{\"@type\":\"ListItem\",\"position\":2,\"name\":\"Shop\",\"item\":\"https:\\\/\\\/blackstonegriddles.ca\\\/shop\\\/\"},{\"@type\":\"ListItem\",\"position\":3,\"name\":\"Blackstone Magnetic Towel Holder and Towel\"}]},{\"@type\":\"WebSite\",\"@id\":\"https:\\\/\\\/blackstonegriddles.ca\\\/#website\",\"url\":\"https:\\\/\\\/blackstonegriddles.ca\\\/\",\"name\":\"Blackstone Griddles Canada\",\"description\":\"Blackstone Griddles official licensed dealer Canada\",\"publisher\":{\"@id\":\"https:\\\/\\\/blackstonegriddles.ca\\\/#organization\"},\"potentialAction\":[{\"@type\":\"SearchAction\",\"target\":{\"@type\":\"EntryPoint\",\"urlTemplate\":\"https:\\\/\\\/blackstonegriddles.ca\\\/?s={search_term_string}\"},\"query-input\":{\"@type\":\"PropertyValueSpecification\",\"valueRequired\":true,\"valueName\":\"search_term_string\"}}],\"inLanguage\":\"fr-CA\"},{\"@type\":\"Organization\",\"@id\":\"https:\\\/\\\/blackstonegriddles.ca\\\/#organization\",\"name\":\"Blackstone Griddles Canada\",\"url\":\"https:\\\/\\\/blackstonegriddles.ca\\\/\",\"logo\":{\"@type\":\"ImageObject\",\"inLanguage\":\"fr-CA\",\"@id\":\"https:\\\/\\\/blackstonegriddles.ca\\\/#\\\/schema\\\/logo\\\/image\\\/\",\"url\":\"https:\\\/\\\/blackstonegriddles.ca\\\/wp-content\\\/uploads\\\/2025\\\/02\\\/blackstone-fire-logo.webp\",\"contentUrl\":\"https:\\\/\\\/blackstonegriddles.ca\\\/wp-content\\\/uploads\\\/2025\\\/02\\\/blackstone-fire-logo.webp\",\"width\":53,\"height\":58,\"caption\":\"Blackstone Griddles Canada\"},\"image\":{\"@id\":\"https:\\\/\\\/blackstonegriddles.ca\\\/#\\\/schema\\\/logo\\\/image\\\/\"},\"sameAs\":[\"https:\\\/\\\/www.facebook.com\\\/blackstoneproducts\\\/\",\"https:\\\/\\\/x.com\\\/weareblackstone\",\"https:\\\/\\\/www.instagram.com\\\/blackstoneproducts\\\/\",\"https:\\\/\\\/www.youtube.com\\\/channel\\\/UCr39rimir8y3p-q1iQYidVA\"]}]}<\/script>\n<!-- \/ Yoast SEO plugin. -->","yoast_head_json":{"title":"Porte-serviettes et serviettes magn\u00e9tiques Blackstone - Blackstone Griddles","robots":{"index":"index","follow":"follow","max-snippet":"max-snippet:-1","max-image-preview":"max-image-preview:large","max-video-preview":"max-video-preview:-1"},"canonical":"https:\/\/blackstonegriddles.ca\/fr\/produit\/porte-serviettes-et-porte-serviettes-magnetiques-blackstone\/","og_locale":"fr_CA","og_type":"article","og_title":"Blackstone Magnetic Towel Holder and Towel - Blackstone Griddles","og_description":"Stay prepared for quick cleanups with the Blackstone Magnetic Towel Holder with Towels. Designed for convenience, it easily attaches to your griddle, keeping towels within reach without taking up valuable workspace. Whether you're cooking breakfast, lunch, or dinner, this holder helps keep your setup organized and ready for any mess, making your cooking experience smoother and more efficient.","og_url":"https:\/\/blackstonegriddles.ca\/fr\/produit\/porte-serviettes-et-porte-serviettes-magnetiques-blackstone\/","og_site_name":"Blackstone Griddles","article_publisher":"https:\/\/www.facebook.com\/blackstoneproducts\/","article_modified_time":"2026-04-23T13:31:53+00:00","og_image":[{"width":507,"height":460,"url":"https:\/\/blackstonegriddles.ca\/wp-content\/uploads\/2026\/01\/5300.jpg","type":"image\/jpeg"}],"twitter_card":"summary_large_image","twitter_site":"@weareblackstone","twitter_misc":{"Estimation du temps de lecture":"1 minute"},"schema":{"@context":"https:\/\/schema.org","@graph":[{"@type":"WebPage","@id":"https:\/\/blackstonegriddles.ca\/product\/blackstone-magnetic-towel-holder-and-towel\/","url":"https:\/\/blackstonegriddles.ca\/product\/blackstone-magnetic-towel-holder-and-towel\/","name":"Porte-serviettes et serviettes magn\u00e9tiques Blackstone - Blackstone Griddles","isPartOf":{"@id":"https:\/\/blackstonegriddles.ca\/#website"},"primaryImageOfPage":{"@id":"https:\/\/blackstonegriddles.ca\/product\/blackstone-magnetic-towel-holder-and-towel\/#primaryimage"},"image":{"@id":"https:\/\/blackstonegriddles.ca\/product\/blackstone-magnetic-towel-holder-and-towel\/#primaryimage"},"thumbnailUrl":"https:\/\/blackstonegriddles.ca\/wp-content\/uploads\/2026\/01\/5300.jpg","datePublished":"2026-01-27T19:39:55+00:00","dateModified":"2026-04-23T13:31:53+00:00","breadcrumb":{"@id":"https:\/\/blackstonegriddles.ca\/product\/blackstone-magnetic-towel-holder-and-towel\/#breadcrumb"},"inLanguage":"fr-CA","potentialAction":[{"@type":"ReadAction","target":["https:\/\/blackstonegriddles.ca\/product\/blackstone-magnetic-towel-holder-and-towel\/"]}]},{"@type":"ImageObject","inLanguage":"fr-CA","@id":"https:\/\/blackstonegriddles.ca\/product\/blackstone-magnetic-towel-holder-and-towel\/#primaryimage","url":"https:\/\/blackstonegriddles.ca\/wp-content\/uploads\/2026\/01\/5300.jpg","contentUrl":"https:\/\/blackstonegriddles.ca\/wp-content\/uploads\/2026\/01\/5300.jpg","width":507,"height":460},{"@type":"BreadcrumbList","@id":"https:\/\/blackstonegriddles.ca\/product\/blackstone-magnetic-towel-holder-and-towel\/#breadcrumb","itemListElement":[{"@type":"ListItem","position":1,"name":"Home","item":"https:\/\/blackstonegriddles.ca\/"},{"@type":"ListItem","position":2,"name":"Shop","item":"https:\/\/blackstonegriddles.ca\/shop\/"},{"@type":"ListItem","position":3,"name":"Blackstone Magnetic Towel Holder and Towel"}]},{"@type":"WebSite","@id":"https:\/\/blackstonegriddles.ca\/#website","url":"https:\/\/blackstonegriddles.ca\/","name":"Grils Blackstone Canada","description":"Blackstone Griddles distributeur officiel agr\u00e9\u00e9 Canada","publisher":{"@id":"https:\/\/blackstonegriddles.ca\/#organization"},"potentialAction":[{"@type":"SearchAction","target":{"@type":"EntryPoint","urlTemplate":"https:\/\/blackstonegriddles.ca\/?s={search_term_string}"},"query-input":{"@type":"PropertyValueSpecification","valueRequired":true,"valueName":"search_term_string"}}],"inLanguage":"fr-CA"},{"@type":"Organization","@id":"https:\/\/blackstonegriddles.ca\/#organization","name":"Grils Blackstone Canada","url":"https:\/\/blackstonegriddles.ca\/","logo":{"@type":"ImageObject","inLanguage":"fr-CA","@id":"https:\/\/blackstonegriddles.ca\/#\/schema\/logo\/image\/","url":"https:\/\/blackstonegriddles.ca\/wp-content\/uploads\/2025\/02\/blackstone-fire-logo.webp","contentUrl":"https:\/\/blackstonegriddles.ca\/wp-content\/uploads\/2025\/02\/blackstone-fire-logo.webp","width":53,"height":58,"caption":"Blackstone Griddles Canada"},"image":{"@id":"https:\/\/blackstonegriddles.ca\/#\/schema\/logo\/image\/"},"sameAs":["https:\/\/www.facebook.com\/blackstoneproducts\/","https:\/\/x.com\/weareblackstone","https:\/\/www.instagram.com\/blackstoneproducts\/","https:\/\/www.youtube.com\/channel\/UCr39rimir8y3p-q1iQYidVA"]}]}},"_links":{"self":[{"href":"https:\/\/blackstonegriddles.ca\/fr\/wp-json\/wp\/v2\/product\/51292","targetHints":{"allow":["GET"]}}],"collection":[{"href":"https:\/\/blackstonegriddles.ca\/fr\/wp-json\/wp\/v2\/product"}],"about":[{"href":"https:\/\/blackstonegriddles.ca\/fr\/wp-json\/wp\/v2\/types\/product"}],"wp:featuredmedia":[{"embeddable":true,"href":"https:\/\/blackstonegriddles.ca\/fr\/wp-json\/wp\/v2\/media\/51353"}],"wp:attachment":[{"href":"https:\/\/blackstonegriddles.ca\/fr\/wp-json\/wp\/v2\/media?parent=51292"}],"wp:term":[{"taxonomy":"product_brand","embeddable":true,"href":"https:\/\/blackstonegriddles.ca\/fr\/wp-json\/wp\/v2\/product_brand?post=51292"},{"taxonomy":"product_cat","embeddable":true,"href":"https:\/\/blackstonegriddles.ca\/fr\/wp-json\/wp\/v2\/product_cat?post=51292"},{"taxonomy":"product_tag","embeddable":true,"href":"https:\/\/blackstonegriddles.ca\/fr\/wp-json\/wp\/v2\/product_tag?post=51292"}],"curies":[{"name":"wp","href":"https:\/\/api.w.org\/{rel}","templated":true}]}}