{"id":51302,"date":"2026-01-27T20:40:26","date_gmt":"2026-01-27T20:40:26","guid":{"rendered":"https:\/\/blackstonegriddles.ca\/?post_type=product&#038;p=51302"},"modified":"2026-05-01T12:31:03","modified_gmt":"2026-05-01T12:31:03","slug":"blackstone-adventure-ready-griddle-leg-kit","status":"publish","type":"product","link":"https:\/\/blackstonegriddles.ca\/fr\/product\/blackstone-adventure-ready-griddle-leg-kit\/","title":{"rendered":"Kit de pattes de gril Adventure Ready de Blackstone"},"content":{"rendered":"<h2 data-section-id=\"736h55\" data-start=\"584\" data-end=\"603\"><\/h2>\n<ul>\n<li style=\"list-style-type: none\">\n<ul data-start=\"605\" data-end=\"1079\">\n<li data-section-id=\"1mi28bg\" data-start=\"605\" data-end=\"750\"><strong data-start=\"607\" data-end=\"629\">Large compatibilit\u00e9<\/strong><br data-start=\"629\" data-end=\"632\" \/>Con\u00e7u pour s'adapter aux plaques de cuisson Blackstone, aux plaques de cuisson de table de 17\u201d et 22\u201d, ainsi qu'aux mod\u00e8les Adventure Ready de 17\u201d et 22\u201d.<\/li>\n<li data-section-id=\"t8av1o\" data-start=\"752\" data-end=\"837\"><strong data-start=\"754\" data-end=\"781\">Conception \u00e0 largeur r\u00e9glable<\/strong><br data-start=\"781\" data-end=\"784\" \/>S'\u00e9tend pour s'adapter en toute s\u00e9curit\u00e9 aux plaques chauffantes de 17 et 22 pouces<\/li>\n<li data-section-id=\"k1l9zg\" data-start=\"839\" data-end=\"922\"><strong data-start=\"841\" data-end=\"863\">Support de jambe stable<\/strong><br data-start=\"863\" data-end=\"866\" \/>Les pieds r\u00e9glables aident \u00e0 fournir une surface de cuisson de niveau<\/li>\n<li data-section-id=\"6mtxw4\" data-start=\"924\" data-end=\"1004\"><strong data-start=\"926\" data-end=\"956\">Clips de verrouillage pour la s\u00e9curit\u00e9<\/strong><br data-start=\"956\" data-end=\"959\" \/>Maintient les jambes fermement en place pendant l'utilisation<\/li>\n<li data-section-id=\"1st0oms\" data-start=\"1006\" data-end=\"1079\"><strong data-start=\"1008\" data-end=\"1026\">Installation portable<\/strong><br data-start=\"1026\" data-end=\"1029\" \/>Id\u00e9al pour la cuisine en ext\u00e9rieur, le camping et les voyages<\/li>\n<\/ul>\n<\/li>\n<\/ul>","protected":false},"excerpt":{"rendered":"<p data-start=\"156\" data-end=\"391\">Cuisinez n'importe o\u00f9 en toute confiance avec le kit de pieds pour plancha Blackstone Adventure Ready. Con\u00e7u pour la portabilit\u00e9 et la stabilit\u00e9, ce kit vous permet d'\u00e9lever votre plancha de table pour une installation de cuisine en plein air plus confortable et plus s\u00fbre.<\/p>\n<p data-start=\"393\" data-end=\"577\">Con\u00e7u pour s'adapter \u00e0 une gamme de mod\u00e8les Blackstone, le cadre et les pieds r\u00e9glables offrent une surface stable et plane, m\u00eame sur un sol in\u00e9gal, ce qui le rend id\u00e9al pour le camping, les tailgates et une utilisation en ext\u00e9rieur.<\/p>","protected":false},"featured_media":51303,"template":"","meta":[],"product_brand":[],"product_cat":[138,264],"product_tag":[],"class_list":{"0":"post-51302","1":"product","2":"type-product","3":"status-publish","4":"has-post-thumbnail","6":"product_cat-accessories","7":"product_cat-stands-prep-carts","8":"product_shipping_class-firepits-stands","10":"first","11":"instock","12":"taxable","13":"shipping-taxable","14":"purchasable","15":"product-type-simple"},"yoast_head":"<!-- This site is optimized with the Yoast SEO plugin v27.5 - https:\/\/yoast.com\/product\/yoast-seo-wordpress\/ -->\n<title>Blackstone Adventure Ready Griddle Leg Kit - Blackstone Griddles<\/title>\n<meta name=\"robots\" content=\"index, follow, max-snippet:-1, max-image-preview:large, max-video-preview:-1\" \/>\n<link rel=\"canonical\" href=\"https:\/\/blackstonegriddles.ca\/fr\/produit\/blackstone-adventure-ready-griddle-leg-kit\/\" \/>\n<meta property=\"og:locale\" content=\"fr_CA\" \/>\n<meta property=\"og:type\" content=\"article\" \/>\n<meta property=\"og:title\" content=\"Blackstone Adventure Ready Griddle Leg Kit - Blackstone Griddles\" \/>\n<meta property=\"og:description\" content=\"Cook anywhere with confidence using the Blackstone Adventure Ready Griddle Leg Kit. Designed for portability and stability, this kit allows you to elevate your tabletop griddle for a more comfortable and secure outdoor cooking setup. Built to fit a range of Blackstone models, the adjustable frame and legs provide a stable, level surface even on uneven ground making it ideal for camping, tailgating, and outdoor use.\" \/>\n<meta property=\"og:url\" content=\"https:\/\/blackstonegriddles.ca\/fr\/produit\/blackstone-adventure-ready-griddle-leg-kit\/\" \/>\n<meta property=\"og:site_name\" content=\"Blackstone Griddles\" \/>\n<meta property=\"article:publisher\" content=\"https:\/\/www.facebook.com\/blackstoneproducts\/\" \/>\n<meta property=\"article:modified_time\" content=\"2026-05-01T12:31:03+00:00\" \/>\n<meta property=\"og:image\" content=\"https:\/\/blackstonegriddles.ca\/wp-content\/uploads\/2026\/01\/5650.jpg\" \/>\n\t<meta property=\"og:image:width\" content=\"814\" \/>\n\t<meta property=\"og:image:height\" content=\"738\" \/>\n\t<meta property=\"og:image:type\" content=\"image\/jpeg\" \/>\n<meta name=\"twitter:card\" content=\"summary_large_image\" \/>\n<meta name=\"twitter:site\" content=\"@weareblackstone\" \/>\n<meta name=\"twitter:label1\" content=\"Estimation du temps de lecture\" \/>\n\t<meta name=\"twitter:data1\" content=\"1 minute\" \/>\n<script type=\"application\/ld+json\" class=\"yoast-schema-graph\">{\"@context\":\"https:\\\/\\\/schema.org\",\"@graph\":[{\"@type\":\"WebPage\",\"@id\":\"https:\\\/\\\/blackstonegriddles.ca\\\/product\\\/blackstone-adventure-ready-griddle-leg-kit\\\/\",\"url\":\"https:\\\/\\\/blackstonegriddles.ca\\\/product\\\/blackstone-adventure-ready-griddle-leg-kit\\\/\",\"name\":\"Blackstone Adventure Ready Griddle Leg Kit - Blackstone Griddles\",\"isPartOf\":{\"@id\":\"https:\\\/\\\/blackstonegriddles.ca\\\/#website\"},\"primaryImageOfPage\":{\"@id\":\"https:\\\/\\\/blackstonegriddles.ca\\\/product\\\/blackstone-adventure-ready-griddle-leg-kit\\\/#primaryimage\"},\"image\":{\"@id\":\"https:\\\/\\\/blackstonegriddles.ca\\\/product\\\/blackstone-adventure-ready-griddle-leg-kit\\\/#primaryimage\"},\"thumbnailUrl\":\"https:\\\/\\\/blackstonegriddles.ca\\\/wp-content\\\/uploads\\\/2026\\\/01\\\/5650.jpg\",\"datePublished\":\"2026-01-27T20:40:26+00:00\",\"dateModified\":\"2026-05-01T12:31:03+00:00\",\"breadcrumb\":{\"@id\":\"https:\\\/\\\/blackstonegriddles.ca\\\/product\\\/blackstone-adventure-ready-griddle-leg-kit\\\/#breadcrumb\"},\"inLanguage\":\"fr-CA\",\"potentialAction\":[{\"@type\":\"ReadAction\",\"target\":[\"https:\\\/\\\/blackstonegriddles.ca\\\/product\\\/blackstone-adventure-ready-griddle-leg-kit\\\/\"]}]},{\"@type\":\"ImageObject\",\"inLanguage\":\"fr-CA\",\"@id\":\"https:\\\/\\\/blackstonegriddles.ca\\\/product\\\/blackstone-adventure-ready-griddle-leg-kit\\\/#primaryimage\",\"url\":\"https:\\\/\\\/blackstonegriddles.ca\\\/wp-content\\\/uploads\\\/2026\\\/01\\\/5650.jpg\",\"contentUrl\":\"https:\\\/\\\/blackstonegriddles.ca\\\/wp-content\\\/uploads\\\/2026\\\/01\\\/5650.jpg\",\"width\":814,\"height\":738},{\"@type\":\"BreadcrumbList\",\"@id\":\"https:\\\/\\\/blackstonegriddles.ca\\\/product\\\/blackstone-adventure-ready-griddle-leg-kit\\\/#breadcrumb\",\"itemListElement\":[{\"@type\":\"ListItem\",\"position\":1,\"name\":\"Home\",\"item\":\"https:\\\/\\\/blackstonegriddles.ca\\\/\"},{\"@type\":\"ListItem\",\"position\":2,\"name\":\"Shop\",\"item\":\"https:\\\/\\\/blackstonegriddles.ca\\\/shop\\\/\"},{\"@type\":\"ListItem\",\"position\":3,\"name\":\"Blackstone Adventure Ready Griddle Leg Kit\"}]},{\"@type\":\"WebSite\",\"@id\":\"https:\\\/\\\/blackstonegriddles.ca\\\/#website\",\"url\":\"https:\\\/\\\/blackstonegriddles.ca\\\/\",\"name\":\"Blackstone Griddles Canada\",\"description\":\"Blackstone Griddles official licensed dealer Canada\",\"publisher\":{\"@id\":\"https:\\\/\\\/blackstonegriddles.ca\\\/#organization\"},\"potentialAction\":[{\"@type\":\"SearchAction\",\"target\":{\"@type\":\"EntryPoint\",\"urlTemplate\":\"https:\\\/\\\/blackstonegriddles.ca\\\/?s={search_term_string}\"},\"query-input\":{\"@type\":\"PropertyValueSpecification\",\"valueRequired\":true,\"valueName\":\"search_term_string\"}}],\"inLanguage\":\"fr-CA\"},{\"@type\":\"Organization\",\"@id\":\"https:\\\/\\\/blackstonegriddles.ca\\\/#organization\",\"name\":\"Blackstone Griddles Canada\",\"url\":\"https:\\\/\\\/blackstonegriddles.ca\\\/\",\"logo\":{\"@type\":\"ImageObject\",\"inLanguage\":\"fr-CA\",\"@id\":\"https:\\\/\\\/blackstonegriddles.ca\\\/#\\\/schema\\\/logo\\\/image\\\/\",\"url\":\"https:\\\/\\\/blackstonegriddles.ca\\\/wp-content\\\/uploads\\\/2025\\\/02\\\/blackstone-fire-logo.webp\",\"contentUrl\":\"https:\\\/\\\/blackstonegriddles.ca\\\/wp-content\\\/uploads\\\/2025\\\/02\\\/blackstone-fire-logo.webp\",\"width\":53,\"height\":58,\"caption\":\"Blackstone Griddles Canada\"},\"image\":{\"@id\":\"https:\\\/\\\/blackstonegriddles.ca\\\/#\\\/schema\\\/logo\\\/image\\\/\"},\"sameAs\":[\"https:\\\/\\\/www.facebook.com\\\/blackstoneproducts\\\/\",\"https:\\\/\\\/x.com\\\/weareblackstone\",\"https:\\\/\\\/www.instagram.com\\\/blackstoneproducts\\\/\",\"https:\\\/\\\/www.youtube.com\\\/channel\\\/UCr39rimir8y3p-q1iQYidVA\"]}]}<\/script>\n<!-- \/ Yoast SEO plugin. -->","yoast_head_json":{"title":"Blackstone Adventure Ready Griddle Leg Kit - Blackstone Griddles","robots":{"index":"index","follow":"follow","max-snippet":"max-snippet:-1","max-image-preview":"max-image-preview:large","max-video-preview":"max-video-preview:-1"},"canonical":"https:\/\/blackstonegriddles.ca\/fr\/produit\/blackstone-adventure-ready-griddle-leg-kit\/","og_locale":"fr_CA","og_type":"article","og_title":"Blackstone Adventure Ready Griddle Leg Kit - Blackstone Griddles","og_description":"Cook anywhere with confidence using the Blackstone Adventure Ready Griddle Leg Kit. Designed for portability and stability, this kit allows you to elevate your tabletop griddle for a more comfortable and secure outdoor cooking setup. Built to fit a range of Blackstone models, the adjustable frame and legs provide a stable, level surface even on uneven ground making it ideal for camping, tailgating, and outdoor use.","og_url":"https:\/\/blackstonegriddles.ca\/fr\/produit\/blackstone-adventure-ready-griddle-leg-kit\/","og_site_name":"Blackstone Griddles","article_publisher":"https:\/\/www.facebook.com\/blackstoneproducts\/","article_modified_time":"2026-05-01T12:31:03+00:00","og_image":[{"width":814,"height":738,"url":"https:\/\/blackstonegriddles.ca\/wp-content\/uploads\/2026\/01\/5650.jpg","type":"image\/jpeg"}],"twitter_card":"summary_large_image","twitter_site":"@weareblackstone","twitter_misc":{"Estimation du temps de lecture":"1 minute"},"schema":{"@context":"https:\/\/schema.org","@graph":[{"@type":"WebPage","@id":"https:\/\/blackstonegriddles.ca\/product\/blackstone-adventure-ready-griddle-leg-kit\/","url":"https:\/\/blackstonegriddles.ca\/product\/blackstone-adventure-ready-griddle-leg-kit\/","name":"Blackstone Adventure Ready Griddle Leg Kit - Blackstone Griddles","isPartOf":{"@id":"https:\/\/blackstonegriddles.ca\/#website"},"primaryImageOfPage":{"@id":"https:\/\/blackstonegriddles.ca\/product\/blackstone-adventure-ready-griddle-leg-kit\/#primaryimage"},"image":{"@id":"https:\/\/blackstonegriddles.ca\/product\/blackstone-adventure-ready-griddle-leg-kit\/#primaryimage"},"thumbnailUrl":"https:\/\/blackstonegriddles.ca\/wp-content\/uploads\/2026\/01\/5650.jpg","datePublished":"2026-01-27T20:40:26+00:00","dateModified":"2026-05-01T12:31:03+00:00","breadcrumb":{"@id":"https:\/\/blackstonegriddles.ca\/product\/blackstone-adventure-ready-griddle-leg-kit\/#breadcrumb"},"inLanguage":"fr-CA","potentialAction":[{"@type":"ReadAction","target":["https:\/\/blackstonegriddles.ca\/product\/blackstone-adventure-ready-griddle-leg-kit\/"]}]},{"@type":"ImageObject","inLanguage":"fr-CA","@id":"https:\/\/blackstonegriddles.ca\/product\/blackstone-adventure-ready-griddle-leg-kit\/#primaryimage","url":"https:\/\/blackstonegriddles.ca\/wp-content\/uploads\/2026\/01\/5650.jpg","contentUrl":"https:\/\/blackstonegriddles.ca\/wp-content\/uploads\/2026\/01\/5650.jpg","width":814,"height":738},{"@type":"BreadcrumbList","@id":"https:\/\/blackstonegriddles.ca\/product\/blackstone-adventure-ready-griddle-leg-kit\/#breadcrumb","itemListElement":[{"@type":"ListItem","position":1,"name":"Home","item":"https:\/\/blackstonegriddles.ca\/"},{"@type":"ListItem","position":2,"name":"Shop","item":"https:\/\/blackstonegriddles.ca\/shop\/"},{"@type":"ListItem","position":3,"name":"Blackstone Adventure Ready Griddle Leg Kit"}]},{"@type":"WebSite","@id":"https:\/\/blackstonegriddles.ca\/#website","url":"https:\/\/blackstonegriddles.ca\/","name":"Grils Blackstone Canada","description":"Blackstone Griddles distributeur officiel agr\u00e9\u00e9 Canada","publisher":{"@id":"https:\/\/blackstonegriddles.ca\/#organization"},"potentialAction":[{"@type":"SearchAction","target":{"@type":"EntryPoint","urlTemplate":"https:\/\/blackstonegriddles.ca\/?s={search_term_string}"},"query-input":{"@type":"PropertyValueSpecification","valueRequired":true,"valueName":"search_term_string"}}],"inLanguage":"fr-CA"},{"@type":"Organization","@id":"https:\/\/blackstonegriddles.ca\/#organization","name":"Grils Blackstone Canada","url":"https:\/\/blackstonegriddles.ca\/","logo":{"@type":"ImageObject","inLanguage":"fr-CA","@id":"https:\/\/blackstonegriddles.ca\/#\/schema\/logo\/image\/","url":"https:\/\/blackstonegriddles.ca\/wp-content\/uploads\/2025\/02\/blackstone-fire-logo.webp","contentUrl":"https:\/\/blackstonegriddles.ca\/wp-content\/uploads\/2025\/02\/blackstone-fire-logo.webp","width":53,"height":58,"caption":"Blackstone Griddles Canada"},"image":{"@id":"https:\/\/blackstonegriddles.ca\/#\/schema\/logo\/image\/"},"sameAs":["https:\/\/www.facebook.com\/blackstoneproducts\/","https:\/\/x.com\/weareblackstone","https:\/\/www.instagram.com\/blackstoneproducts\/","https:\/\/www.youtube.com\/channel\/UCr39rimir8y3p-q1iQYidVA"]}]}},"_links":{"self":[{"href":"https:\/\/blackstonegriddles.ca\/fr\/wp-json\/wp\/v2\/product\/51302","targetHints":{"allow":["GET"]}}],"collection":[{"href":"https:\/\/blackstonegriddles.ca\/fr\/wp-json\/wp\/v2\/product"}],"about":[{"href":"https:\/\/blackstonegriddles.ca\/fr\/wp-json\/wp\/v2\/types\/product"}],"wp:featuredmedia":[{"embeddable":true,"href":"https:\/\/blackstonegriddles.ca\/fr\/wp-json\/wp\/v2\/media\/51303"}],"wp:attachment":[{"href":"https:\/\/blackstonegriddles.ca\/fr\/wp-json\/wp\/v2\/media?parent=51302"}],"wp:term":[{"taxonomy":"product_brand","embeddable":true,"href":"https:\/\/blackstonegriddles.ca\/fr\/wp-json\/wp\/v2\/product_brand?post=51302"},{"taxonomy":"product_cat","embeddable":true,"href":"https:\/\/blackstonegriddles.ca\/fr\/wp-json\/wp\/v2\/product_cat?post=51302"},{"taxonomy":"product_tag","embeddable":true,"href":"https:\/\/blackstonegriddles.ca\/fr\/wp-json\/wp\/v2\/product_tag?post=51302"}],"curies":[{"name":"wp","href":"https:\/\/api.w.org\/{rel}","templated":true}]}}