{"id":51315,"date":"2026-01-28T13:58:05","date_gmt":"2026-01-28T13:58:05","guid":{"rendered":"https:\/\/blackstonegriddles.ca\/?post_type=product&#038;p=51315"},"modified":"2026-04-29T16:01:15","modified_gmt":"2026-04-29T16:01:15","slug":"blackstone-camping-series-5-piece-accessory-kit","status":"publish","type":"product","link":"https:\/\/blackstonegriddles.ca\/fr\/product\/blackstone-camping-series-5-piece-accessory-kit\/","title":{"rendered":"Kit d'accessoires 5 pi\u00e8ces Blackstone Camping Series"},"content":{"rendered":"<div id=\"feat-specs-section\" class=\"sc-epRwmx cpmRjY pf-51_ pf-color-scheme-1\" data-section-id=\"pf-2130\" data-pf-type=\"Section\">\n<div class=\"sc-djVWQC dKziBg\">\n<div class=\"sc-tafSX ePbmtR pf-55_ pf-r pf-r-eh\" data-pf-type=\"Row\">\n<div class=\"pf-c\">\n<div class=\"sc-pKreJ bIaXH pf-56_\" data-pf-type=\"Column\">\n<div class=\"sc-gRtvfn YJaia pf-60_\" data-pf-type=\"Custom.HTML\">\n<ul class=\"features-specs-list\">\n<li data-section-id=\"4zhwbr\" data-start=\"766\" data-end=\"863\"><strong data-start=\"768\" data-end=\"797\">Kit Complet d'Outils pour Plancha<\/strong><br data-start=\"797\" data-end=\"800\" \/>Comprend les ustensiles essentiels pour cuisiner et nettoyer en d\u00e9placement<\/li>\n<li data-section-id=\"a18pwv\" data-start=\"865\" data-end=\"979\"><strong data-start=\"867\" data-end=\"886\">Comprend (Qt\u00e9.)<\/strong>\n<ul data-start=\"891\" data-end=\"979\">\n<li data-section-id=\"dublis\" data-start=\"891\" data-end=\"912\">Spatules (Qt\u00e9. 2)<\/li>\n<li data-section-id=\"gn6ajf\" data-start=\"915\" data-end=\"943\">Racloir pour plaque chauffante (Qt\u00e9. 1)<\/li>\n<li data-section-id=\"1qzaumz\" data-start=\"946\" data-end=\"979\">Bouteilles souples de 237 ml (Quantit\u00e9. 2)<\/li>\n<\/ul>\n<\/li>\n<li data-section-id=\"1vagjo4\" data-start=\"981\" data-end=\"1078\"><strong data-start=\"983\" data-end=\"1015\">Con\u00e7u pour les tables de cuisson \u00e9maill\u00e9es<\/strong><br data-start=\"1015\" data-end=\"1018\" \/>Sans danger pour une utilisation sur les plaques de cuisson Blackstone avec surfaces enduites<\/li>\n<li data-section-id=\"1y6xari\" data-start=\"1080\" data-end=\"1165\"><strong data-start=\"1082\" data-end=\"1109\">Ustensiles de cuisine efficaces<\/strong><br data-start=\"1109\" data-end=\"1112\" \/>Les spatules permettent de retourner et de manipuler facilement les aliments<\/li>\n<li data-section-id=\"1lusynh\" data-start=\"1167\" data-end=\"1236\"><strong data-start=\"1169\" data-end=\"1185\">Nettoyage facile<\/strong><br data-start=\"1185\" data-end=\"1188\" \/>Le grattoir aide \u00e0 garder la surface de la plancha propre<\/li>\n<li data-section-id=\"oo9b6g\" data-start=\"1238\" data-end=\"1335\"><strong data-start=\"1240\" data-end=\"1270\">Bouteilles de stockage pratiques<\/strong><br data-start=\"1270\" data-end=\"1273\" \/>Id\u00e9al pour contenir de l'huile, de l'eau ou des sauces sans ajouter de volume<\/li>\n<li data-section-id=\"1g5ahct\" data-start=\"1337\" data-end=\"1427\"><strong data-start=\"1339\" data-end=\"1360\">Instructions d'entretien<\/strong><br data-start=\"1360\" data-end=\"1363\" \/>Les outils vont au lave-vaisselle ; il est recommand\u00e9 de laver les bouteilles \u00e0 la main<\/li>\n<\/ul>\n<\/div>\n<\/div>\n<\/div>\n<\/div>\n<\/div>\n<\/div>","protected":false},"excerpt":{"rendered":"<p data-start=\"158\" data-end=\"402\">Emportez le kit de camping de plancha Blackstone 5 pi\u00e8ces lors de votre prochaine aventure et ayez les outils essentiels dont vous avez besoin pour cuisiner en plein air. Con\u00e7u pour la commodit\u00e9 et la portabilit\u00e9, ce kit vous aide \u00e0 pr\u00e9parer, cuire et nettoyer facilement en d\u00e9placement.<\/p>\n<p data-start=\"404\" data-end=\"738\">Les spatules et le racloir inclus facilitent le retournement, le d\u00e9placement et la gestion des aliments, tout en gardant la surface de votre plaque de cuisson propre. Deux bouteilles souples de 237 ml (8 oz) offrent un moyen pratique de stocker l'huile, l'eau ou les sauces sans prendre de place suppl\u00e9mentaire. Con\u00e7us pour \u00eatre utilis\u00e9s avec des surfaces de cuisson rev\u00eatues, ces outils sont un ajout fiable \u00e0 votre \u00e9quipement de camping.<\/p>","protected":false},"featured_media":51310,"template":"","meta":[],"product_brand":[],"product_cat":[138,267,262],"product_tag":[],"class_list":{"0":"post-51315","1":"product","2":"type-product","3":"status-publish","4":"has-post-thumbnail","6":"product_cat-accessories","7":"product_cat-camping-series","8":"product_cat-tool-kits","9":"product_shipping_class-accessories","11":"first","12":"instock","13":"taxable","14":"shipping-taxable","15":"purchasable","16":"product-type-simple"},"yoast_head":"<!-- This site is optimized with the Yoast SEO plugin v27.5 - https:\/\/yoast.com\/product\/yoast-seo-wordpress\/ -->\n<title>Blackstone Camping Series 5-Piece Accessory Kit - Blackstone Griddles<\/title>\n<meta name=\"robots\" content=\"index, follow, max-snippet:-1, max-image-preview:large, max-video-preview:-1\" \/>\n<link rel=\"canonical\" href=\"https:\/\/blackstonegriddles.ca\/fr\/produit\/blackstone-camping-series-5-piece-accessory-kit\/\" \/>\n<meta property=\"og:locale\" content=\"fr_CA\" \/>\n<meta property=\"og:type\" content=\"article\" \/>\n<meta property=\"og:title\" content=\"Blackstone Camping Series 5-Piece Accessory Kit - Blackstone Griddles\" \/>\n<meta property=\"og:description\" content=\"Pack the Blackstone 5 Piece Griddle Camping Kit on your next adventure and have the essential tools you need for outdoor cooking. Designed for convenience and portability, this kit helps you prepare, cook, and clean with ease while on the go. The included spatulas and scraper make it easy to flip, move, and manage food, while keeping your griddle surface clean. Two 8 oz squeeze bottles provide a practical way to store oil, water, or sauces without taking up extra space. Built for use with coated cooking surfaces, these tools are a reliable addition to your camping setup.\" \/>\n<meta property=\"og:url\" content=\"https:\/\/blackstonegriddles.ca\/fr\/produit\/blackstone-camping-series-5-piece-accessory-kit\/\" \/>\n<meta property=\"og:site_name\" content=\"Blackstone Griddles\" \/>\n<meta property=\"article:publisher\" content=\"https:\/\/www.facebook.com\/blackstoneproducts\/\" \/>\n<meta property=\"article:modified_time\" content=\"2026-04-29T16:01:15+00:00\" \/>\n<meta property=\"og:image\" content=\"https:\/\/blackstonegriddles.ca\/wp-content\/uploads\/2026\/01\/5762.jpg\" \/>\n\t<meta property=\"og:image:width\" content=\"624\" \/>\n\t<meta property=\"og:image:height\" content=\"523\" \/>\n\t<meta property=\"og:image:type\" content=\"image\/jpeg\" \/>\n<meta name=\"twitter:card\" content=\"summary_large_image\" \/>\n<meta name=\"twitter:site\" content=\"@weareblackstone\" \/>\n<meta name=\"twitter:label1\" content=\"Estimation du temps de lecture\" \/>\n\t<meta name=\"twitter:data1\" content=\"1 minute\" \/>\n<script type=\"application\/ld+json\" class=\"yoast-schema-graph\">{\"@context\":\"https:\\\/\\\/schema.org\",\"@graph\":[{\"@type\":\"WebPage\",\"@id\":\"https:\\\/\\\/blackstonegriddles.ca\\\/product\\\/blackstone-camping-series-5-piece-accessory-kit\\\/\",\"url\":\"https:\\\/\\\/blackstonegriddles.ca\\\/product\\\/blackstone-camping-series-5-piece-accessory-kit\\\/\",\"name\":\"Blackstone Camping Series 5-Piece Accessory Kit - Blackstone Griddles\",\"isPartOf\":{\"@id\":\"https:\\\/\\\/blackstonegriddles.ca\\\/#website\"},\"primaryImageOfPage\":{\"@id\":\"https:\\\/\\\/blackstonegriddles.ca\\\/product\\\/blackstone-camping-series-5-piece-accessory-kit\\\/#primaryimage\"},\"image\":{\"@id\":\"https:\\\/\\\/blackstonegriddles.ca\\\/product\\\/blackstone-camping-series-5-piece-accessory-kit\\\/#primaryimage\"},\"thumbnailUrl\":\"https:\\\/\\\/blackstonegriddles.ca\\\/wp-content\\\/uploads\\\/2026\\\/01\\\/5762.jpg\",\"datePublished\":\"2026-01-28T13:58:05+00:00\",\"dateModified\":\"2026-04-29T16:01:15+00:00\",\"breadcrumb\":{\"@id\":\"https:\\\/\\\/blackstonegriddles.ca\\\/product\\\/blackstone-camping-series-5-piece-accessory-kit\\\/#breadcrumb\"},\"inLanguage\":\"fr-CA\",\"potentialAction\":[{\"@type\":\"ReadAction\",\"target\":[\"https:\\\/\\\/blackstonegriddles.ca\\\/product\\\/blackstone-camping-series-5-piece-accessory-kit\\\/\"]}]},{\"@type\":\"ImageObject\",\"inLanguage\":\"fr-CA\",\"@id\":\"https:\\\/\\\/blackstonegriddles.ca\\\/product\\\/blackstone-camping-series-5-piece-accessory-kit\\\/#primaryimage\",\"url\":\"https:\\\/\\\/blackstonegriddles.ca\\\/wp-content\\\/uploads\\\/2026\\\/01\\\/5762.jpg\",\"contentUrl\":\"https:\\\/\\\/blackstonegriddles.ca\\\/wp-content\\\/uploads\\\/2026\\\/01\\\/5762.jpg\",\"width\":624,\"height\":523},{\"@type\":\"BreadcrumbList\",\"@id\":\"https:\\\/\\\/blackstonegriddles.ca\\\/product\\\/blackstone-camping-series-5-piece-accessory-kit\\\/#breadcrumb\",\"itemListElement\":[{\"@type\":\"ListItem\",\"position\":1,\"name\":\"Home\",\"item\":\"https:\\\/\\\/blackstonegriddles.ca\\\/\"},{\"@type\":\"ListItem\",\"position\":2,\"name\":\"Shop\",\"item\":\"https:\\\/\\\/blackstonegriddles.ca\\\/shop\\\/\"},{\"@type\":\"ListItem\",\"position\":3,\"name\":\"Blackstone Camping Series 5-Piece Accessory Kit\"}]},{\"@type\":\"WebSite\",\"@id\":\"https:\\\/\\\/blackstonegriddles.ca\\\/#website\",\"url\":\"https:\\\/\\\/blackstonegriddles.ca\\\/\",\"name\":\"Blackstone Griddles Canada\",\"description\":\"Blackstone Griddles official licensed dealer Canada\",\"publisher\":{\"@id\":\"https:\\\/\\\/blackstonegriddles.ca\\\/#organization\"},\"potentialAction\":[{\"@type\":\"SearchAction\",\"target\":{\"@type\":\"EntryPoint\",\"urlTemplate\":\"https:\\\/\\\/blackstonegriddles.ca\\\/?s={search_term_string}\"},\"query-input\":{\"@type\":\"PropertyValueSpecification\",\"valueRequired\":true,\"valueName\":\"search_term_string\"}}],\"inLanguage\":\"fr-CA\"},{\"@type\":\"Organization\",\"@id\":\"https:\\\/\\\/blackstonegriddles.ca\\\/#organization\",\"name\":\"Blackstone Griddles Canada\",\"url\":\"https:\\\/\\\/blackstonegriddles.ca\\\/\",\"logo\":{\"@type\":\"ImageObject\",\"inLanguage\":\"fr-CA\",\"@id\":\"https:\\\/\\\/blackstonegriddles.ca\\\/#\\\/schema\\\/logo\\\/image\\\/\",\"url\":\"https:\\\/\\\/blackstonegriddles.ca\\\/wp-content\\\/uploads\\\/2025\\\/02\\\/blackstone-fire-logo.webp\",\"contentUrl\":\"https:\\\/\\\/blackstonegriddles.ca\\\/wp-content\\\/uploads\\\/2025\\\/02\\\/blackstone-fire-logo.webp\",\"width\":53,\"height\":58,\"caption\":\"Blackstone Griddles Canada\"},\"image\":{\"@id\":\"https:\\\/\\\/blackstonegriddles.ca\\\/#\\\/schema\\\/logo\\\/image\\\/\"},\"sameAs\":[\"https:\\\/\\\/www.facebook.com\\\/blackstoneproducts\\\/\",\"https:\\\/\\\/x.com\\\/weareblackstone\",\"https:\\\/\\\/www.instagram.com\\\/blackstoneproducts\\\/\",\"https:\\\/\\\/www.youtube.com\\\/channel\\\/UCr39rimir8y3p-q1iQYidVA\"]}]}<\/script>\n<!-- \/ Yoast SEO plugin. -->","yoast_head_json":{"title":"Blackstone Camping Series 5-Piece Accessory Kit - Blackstone Griddles","robots":{"index":"index","follow":"follow","max-snippet":"max-snippet:-1","max-image-preview":"max-image-preview:large","max-video-preview":"max-video-preview:-1"},"canonical":"https:\/\/blackstonegriddles.ca\/fr\/produit\/blackstone-camping-series-5-piece-accessory-kit\/","og_locale":"fr_CA","og_type":"article","og_title":"Blackstone Camping Series 5-Piece Accessory Kit - Blackstone Griddles","og_description":"Pack the Blackstone 5 Piece Griddle Camping Kit on your next adventure and have the essential tools you need for outdoor cooking. Designed for convenience and portability, this kit helps you prepare, cook, and clean with ease while on the go. The included spatulas and scraper make it easy to flip, move, and manage food, while keeping your griddle surface clean. Two 8 oz squeeze bottles provide a practical way to store oil, water, or sauces without taking up extra space. Built for use with coated cooking surfaces, these tools are a reliable addition to your camping setup.","og_url":"https:\/\/blackstonegriddles.ca\/fr\/produit\/blackstone-camping-series-5-piece-accessory-kit\/","og_site_name":"Blackstone Griddles","article_publisher":"https:\/\/www.facebook.com\/blackstoneproducts\/","article_modified_time":"2026-04-29T16:01:15+00:00","og_image":[{"width":624,"height":523,"url":"https:\/\/blackstonegriddles.ca\/wp-content\/uploads\/2026\/01\/5762.jpg","type":"image\/jpeg"}],"twitter_card":"summary_large_image","twitter_site":"@weareblackstone","twitter_misc":{"Estimation du temps de lecture":"1 minute"},"schema":{"@context":"https:\/\/schema.org","@graph":[{"@type":"WebPage","@id":"https:\/\/blackstonegriddles.ca\/product\/blackstone-camping-series-5-piece-accessory-kit\/","url":"https:\/\/blackstonegriddles.ca\/product\/blackstone-camping-series-5-piece-accessory-kit\/","name":"Blackstone Camping Series 5-Piece Accessory Kit - Blackstone Griddles","isPartOf":{"@id":"https:\/\/blackstonegriddles.ca\/#website"},"primaryImageOfPage":{"@id":"https:\/\/blackstonegriddles.ca\/product\/blackstone-camping-series-5-piece-accessory-kit\/#primaryimage"},"image":{"@id":"https:\/\/blackstonegriddles.ca\/product\/blackstone-camping-series-5-piece-accessory-kit\/#primaryimage"},"thumbnailUrl":"https:\/\/blackstonegriddles.ca\/wp-content\/uploads\/2026\/01\/5762.jpg","datePublished":"2026-01-28T13:58:05+00:00","dateModified":"2026-04-29T16:01:15+00:00","breadcrumb":{"@id":"https:\/\/blackstonegriddles.ca\/product\/blackstone-camping-series-5-piece-accessory-kit\/#breadcrumb"},"inLanguage":"fr-CA","potentialAction":[{"@type":"ReadAction","target":["https:\/\/blackstonegriddles.ca\/product\/blackstone-camping-series-5-piece-accessory-kit\/"]}]},{"@type":"ImageObject","inLanguage":"fr-CA","@id":"https:\/\/blackstonegriddles.ca\/product\/blackstone-camping-series-5-piece-accessory-kit\/#primaryimage","url":"https:\/\/blackstonegriddles.ca\/wp-content\/uploads\/2026\/01\/5762.jpg","contentUrl":"https:\/\/blackstonegriddles.ca\/wp-content\/uploads\/2026\/01\/5762.jpg","width":624,"height":523},{"@type":"BreadcrumbList","@id":"https:\/\/blackstonegriddles.ca\/product\/blackstone-camping-series-5-piece-accessory-kit\/#breadcrumb","itemListElement":[{"@type":"ListItem","position":1,"name":"Home","item":"https:\/\/blackstonegriddles.ca\/"},{"@type":"ListItem","position":2,"name":"Shop","item":"https:\/\/blackstonegriddles.ca\/shop\/"},{"@type":"ListItem","position":3,"name":"Blackstone Camping Series 5-Piece Accessory Kit"}]},{"@type":"WebSite","@id":"https:\/\/blackstonegriddles.ca\/#website","url":"https:\/\/blackstonegriddles.ca\/","name":"Grils Blackstone Canada","description":"Blackstone Griddles distributeur officiel agr\u00e9\u00e9 Canada","publisher":{"@id":"https:\/\/blackstonegriddles.ca\/#organization"},"potentialAction":[{"@type":"SearchAction","target":{"@type":"EntryPoint","urlTemplate":"https:\/\/blackstonegriddles.ca\/?s={search_term_string}"},"query-input":{"@type":"PropertyValueSpecification","valueRequired":true,"valueName":"search_term_string"}}],"inLanguage":"fr-CA"},{"@type":"Organization","@id":"https:\/\/blackstonegriddles.ca\/#organization","name":"Grils Blackstone Canada","url":"https:\/\/blackstonegriddles.ca\/","logo":{"@type":"ImageObject","inLanguage":"fr-CA","@id":"https:\/\/blackstonegriddles.ca\/#\/schema\/logo\/image\/","url":"https:\/\/blackstonegriddles.ca\/wp-content\/uploads\/2025\/02\/blackstone-fire-logo.webp","contentUrl":"https:\/\/blackstonegriddles.ca\/wp-content\/uploads\/2025\/02\/blackstone-fire-logo.webp","width":53,"height":58,"caption":"Blackstone Griddles Canada"},"image":{"@id":"https:\/\/blackstonegriddles.ca\/#\/schema\/logo\/image\/"},"sameAs":["https:\/\/www.facebook.com\/blackstoneproducts\/","https:\/\/x.com\/weareblackstone","https:\/\/www.instagram.com\/blackstoneproducts\/","https:\/\/www.youtube.com\/channel\/UCr39rimir8y3p-q1iQYidVA"]}]}},"_links":{"self":[{"href":"https:\/\/blackstonegriddles.ca\/fr\/wp-json\/wp\/v2\/product\/51315","targetHints":{"allow":["GET"]}}],"collection":[{"href":"https:\/\/blackstonegriddles.ca\/fr\/wp-json\/wp\/v2\/product"}],"about":[{"href":"https:\/\/blackstonegriddles.ca\/fr\/wp-json\/wp\/v2\/types\/product"}],"wp:featuredmedia":[{"embeddable":true,"href":"https:\/\/blackstonegriddles.ca\/fr\/wp-json\/wp\/v2\/media\/51310"}],"wp:attachment":[{"href":"https:\/\/blackstonegriddles.ca\/fr\/wp-json\/wp\/v2\/media?parent=51315"}],"wp:term":[{"taxonomy":"product_brand","embeddable":true,"href":"https:\/\/blackstonegriddles.ca\/fr\/wp-json\/wp\/v2\/product_brand?post=51315"},{"taxonomy":"product_cat","embeddable":true,"href":"https:\/\/blackstonegriddles.ca\/fr\/wp-json\/wp\/v2\/product_cat?post=51315"},{"taxonomy":"product_tag","embeddable":true,"href":"https:\/\/blackstonegriddles.ca\/fr\/wp-json\/wp\/v2\/product_tag?post=51315"}],"curies":[{"name":"wp","href":"https:\/\/api.w.org\/{rel}","templated":true}]}}