{"id":51321,"date":"2026-01-28T16:24:09","date_gmt":"2026-01-28T16:24:09","guid":{"rendered":"https:\/\/blackstonegriddles.ca\/?post_type=product&#038;p=51321"},"modified":"2026-04-23T18:11:46","modified_gmt":"2026-04-23T18:11:46","slug":"blackstone-select-series-couvercle-de-four-a-pizza","status":"publish","type":"product","link":"https:\/\/blackstonegriddles.ca\/fr\/product\/blackstone-select-series-pizza-oven-cover\/","title":{"rendered":"Couvercle de four \u00e0 pizza Blackstone Select Series"},"content":{"rendered":"<ul class=\"features-specs-list\">\n<li data-section-id=\"8cryfc\" data-start=\"631\" data-end=\"711\"><strong data-start=\"633\" data-end=\"654\">Conception sur mesure<\/strong><br data-start=\"654\" data-end=\"657\" \/>Sp\u00e9cialement con\u00e7u pour s'adapter au four \u00e0 pizza Select<\/li>\n<li data-section-id=\"1ke031n\" data-start=\"713\" data-end=\"798\"><strong data-start=\"715\" data-end=\"745\">Mat\u00e9riau r\u00e9sistant aux intemp\u00e9ries<\/strong><br data-start=\"745\" data-end=\"748\" \/>Fabriqu\u00e9 en polyester r\u00e9sistant, \u00e9valu\u00e9 UV 50+<\/li>\n<li data-section-id=\"1igpbci\" data-start=\"800\" data-end=\"891\"><strong data-start=\"802\" data-end=\"827\">Doublure polaire<\/strong><br data-start=\"827\" data-end=\"830\" \/>Prot\u00e8ge les surfaces en acier inoxydable de l'usure et des rayures<\/li>\n<li data-section-id=\"pirz1m\" data-start=\"893\" data-end=\"978\"><strong data-start=\"895\" data-end=\"917\">Boucles r\u00e9glables<\/strong><br data-start=\"917\" data-end=\"920\" \/>Les boucles \u00e0 double r\u00e9glage offrent un ajustement s\u00fbr et bien ajust\u00e9<\/li>\n<li data-section-id=\"1vaz3n4\" data-start=\"980\" data-end=\"1067\"><strong data-start=\"982\" data-end=\"1005\">Fermetures \u00e9clair faciles d'acc\u00e8s<\/strong><br data-start=\"1005\" data-end=\"1008\" \/>Les doubles fermetures \u00e9clair \u00e0 l'avant permettent une installation et un retrait rapides<\/li>\n<\/ul>","protected":false},"excerpt":{"rendered":"<p data-start=\"139\" data-end=\"358\">Prot\u00e9gez votre four \u00e0 pizza Select du vent, de la pluie et de l'usure quotidienne avec la housse pour four \u00e0 pizza Select. Con\u00e7ue pour un ajustement s\u00fbr et fiable, cette housse aide \u00e0 prolonger la dur\u00e9e de vie de votre four tout en le maintenant pr\u00eat \u00e0 l'emploi.<\/p>\n<p data-start=\"360\" data-end=\"603\">Fabriqu\u00e9 en polyester r\u00e9sistant et r\u00e9sistant aux intemp\u00e9ries, il offre une protection solide contre les \u00e9l\u00e9ments ext\u00e9rieurs. L'int\u00e9rieur doubl\u00e9 de polaire aide \u00e0 pr\u00e9venir les rayures, tandis que les fermetures \u00e9clair avant et les boucles r\u00e9glables facilitent son utilisation et sa fixation en place.<\/p>","protected":false},"featured_media":51323,"template":"","meta":[],"product_brand":[],"product_cat":[138,137],"product_tag":[],"class_list":{"0":"post-51321","1":"product","2":"type-product","3":"status-publish","4":"has-post-thumbnail","6":"product_cat-accessories","7":"product_cat-covers-and-carry-bags","8":"product_shipping_class-accessories","10":"first","11":"instock","12":"taxable","13":"shipping-taxable","14":"purchasable","15":"product-type-simple"},"yoast_head":"<!-- This site is optimized with the Yoast SEO plugin v27.5 - https:\/\/yoast.com\/product\/yoast-seo-wordpress\/ -->\n<title>Blackstone Select Series Pizza Oven Cover - Blackstone Griddles<\/title>\n<meta name=\"robots\" content=\"index, follow, max-snippet:-1, max-image-preview:large, max-video-preview:-1\" \/>\n<link rel=\"canonical\" href=\"https:\/\/blackstonegriddles.ca\/fr\/produit\/blackstone-select-series-couvercle-de-four-a-pizza\/\" \/>\n<meta property=\"og:locale\" content=\"fr_CA\" \/>\n<meta property=\"og:type\" content=\"article\" \/>\n<meta property=\"og:title\" content=\"Blackstone Select Series Pizza Oven Cover - Blackstone Griddles\" \/>\n<meta property=\"og:description\" content=\"Protect your Select Pizza Oven from wind, rain, and everyday wear with the Select Pizza Oven Cover. Designed for a secure and reliable fit, this cover helps extend the life of your oven while keeping it ready for use. Made from heavy-duty, weather-resistant polyester, it offers strong protection against outdoor elements. The fleece-lined interior helps prevent scratches, while the front zippers and adjustable buckles make it easy to use and secure in place.\" \/>\n<meta property=\"og:url\" content=\"https:\/\/blackstonegriddles.ca\/fr\/produit\/blackstone-select-series-couvercle-de-four-a-pizza\/\" \/>\n<meta property=\"og:site_name\" content=\"Blackstone Griddles\" \/>\n<meta property=\"article:publisher\" content=\"https:\/\/www.facebook.com\/blackstoneproducts\/\" \/>\n<meta property=\"article:modified_time\" content=\"2026-04-23T18:11:46+00:00\" \/>\n<meta property=\"og:image\" content=\"https:\/\/blackstonegriddles.ca\/wp-content\/uploads\/2026\/01\/5956.jpg\" \/>\n\t<meta property=\"og:image:width\" content=\"614\" \/>\n\t<meta property=\"og:image:height\" content=\"562\" \/>\n\t<meta property=\"og:image:type\" content=\"image\/jpeg\" \/>\n<meta name=\"twitter:card\" content=\"summary_large_image\" \/>\n<meta name=\"twitter:site\" content=\"@weareblackstone\" \/>\n<meta name=\"twitter:label1\" content=\"Estimation du temps de lecture\" \/>\n\t<meta name=\"twitter:data1\" content=\"1 minute\" \/>\n<script type=\"application\/ld+json\" class=\"yoast-schema-graph\">{\"@context\":\"https:\\\/\\\/schema.org\",\"@graph\":[{\"@type\":\"WebPage\",\"@id\":\"https:\\\/\\\/blackstonegriddles.ca\\\/product\\\/blackstone-select-series-pizza-oven-cover\\\/\",\"url\":\"https:\\\/\\\/blackstonegriddles.ca\\\/product\\\/blackstone-select-series-pizza-oven-cover\\\/\",\"name\":\"Blackstone Select Series Pizza Oven Cover - Blackstone Griddles\",\"isPartOf\":{\"@id\":\"https:\\\/\\\/blackstonegriddles.ca\\\/#website\"},\"primaryImageOfPage\":{\"@id\":\"https:\\\/\\\/blackstonegriddles.ca\\\/product\\\/blackstone-select-series-pizza-oven-cover\\\/#primaryimage\"},\"image\":{\"@id\":\"https:\\\/\\\/blackstonegriddles.ca\\\/product\\\/blackstone-select-series-pizza-oven-cover\\\/#primaryimage\"},\"thumbnailUrl\":\"https:\\\/\\\/blackstonegriddles.ca\\\/wp-content\\\/uploads\\\/2026\\\/01\\\/5956.jpg\",\"datePublished\":\"2026-01-28T16:24:09+00:00\",\"dateModified\":\"2026-04-23T18:11:46+00:00\",\"breadcrumb\":{\"@id\":\"https:\\\/\\\/blackstonegriddles.ca\\\/product\\\/blackstone-select-series-pizza-oven-cover\\\/#breadcrumb\"},\"inLanguage\":\"fr-CA\",\"potentialAction\":[{\"@type\":\"ReadAction\",\"target\":[\"https:\\\/\\\/blackstonegriddles.ca\\\/product\\\/blackstone-select-series-pizza-oven-cover\\\/\"]}]},{\"@type\":\"ImageObject\",\"inLanguage\":\"fr-CA\",\"@id\":\"https:\\\/\\\/blackstonegriddles.ca\\\/product\\\/blackstone-select-series-pizza-oven-cover\\\/#primaryimage\",\"url\":\"https:\\\/\\\/blackstonegriddles.ca\\\/wp-content\\\/uploads\\\/2026\\\/01\\\/5956.jpg\",\"contentUrl\":\"https:\\\/\\\/blackstonegriddles.ca\\\/wp-content\\\/uploads\\\/2026\\\/01\\\/5956.jpg\",\"width\":614,\"height\":562},{\"@type\":\"BreadcrumbList\",\"@id\":\"https:\\\/\\\/blackstonegriddles.ca\\\/product\\\/blackstone-select-series-pizza-oven-cover\\\/#breadcrumb\",\"itemListElement\":[{\"@type\":\"ListItem\",\"position\":1,\"name\":\"Home\",\"item\":\"https:\\\/\\\/blackstonegriddles.ca\\\/\"},{\"@type\":\"ListItem\",\"position\":2,\"name\":\"Shop\",\"item\":\"https:\\\/\\\/blackstonegriddles.ca\\\/shop\\\/\"},{\"@type\":\"ListItem\",\"position\":3,\"name\":\"Blackstone Select Series Pizza Oven Cover\"}]},{\"@type\":\"WebSite\",\"@id\":\"https:\\\/\\\/blackstonegriddles.ca\\\/#website\",\"url\":\"https:\\\/\\\/blackstonegriddles.ca\\\/\",\"name\":\"Blackstone Griddles Canada\",\"description\":\"Blackstone Griddles official licensed dealer Canada\",\"publisher\":{\"@id\":\"https:\\\/\\\/blackstonegriddles.ca\\\/#organization\"},\"potentialAction\":[{\"@type\":\"SearchAction\",\"target\":{\"@type\":\"EntryPoint\",\"urlTemplate\":\"https:\\\/\\\/blackstonegriddles.ca\\\/?s={search_term_string}\"},\"query-input\":{\"@type\":\"PropertyValueSpecification\",\"valueRequired\":true,\"valueName\":\"search_term_string\"}}],\"inLanguage\":\"fr-CA\"},{\"@type\":\"Organization\",\"@id\":\"https:\\\/\\\/blackstonegriddles.ca\\\/#organization\",\"name\":\"Blackstone Griddles Canada\",\"url\":\"https:\\\/\\\/blackstonegriddles.ca\\\/\",\"logo\":{\"@type\":\"ImageObject\",\"inLanguage\":\"fr-CA\",\"@id\":\"https:\\\/\\\/blackstonegriddles.ca\\\/#\\\/schema\\\/logo\\\/image\\\/\",\"url\":\"https:\\\/\\\/blackstonegriddles.ca\\\/wp-content\\\/uploads\\\/2025\\\/02\\\/blackstone-fire-logo.webp\",\"contentUrl\":\"https:\\\/\\\/blackstonegriddles.ca\\\/wp-content\\\/uploads\\\/2025\\\/02\\\/blackstone-fire-logo.webp\",\"width\":53,\"height\":58,\"caption\":\"Blackstone Griddles Canada\"},\"image\":{\"@id\":\"https:\\\/\\\/blackstonegriddles.ca\\\/#\\\/schema\\\/logo\\\/image\\\/\"},\"sameAs\":[\"https:\\\/\\\/www.facebook.com\\\/blackstoneproducts\\\/\",\"https:\\\/\\\/x.com\\\/weareblackstone\",\"https:\\\/\\\/www.instagram.com\\\/blackstoneproducts\\\/\",\"https:\\\/\\\/www.youtube.com\\\/channel\\\/UCr39rimir8y3p-q1iQYidVA\"]}]}<\/script>\n<!-- \/ Yoast SEO plugin. -->","yoast_head_json":{"title":"Couvercle de four \u00e0 pizza Blackstone Select Series - Blackstone Griddles","robots":{"index":"index","follow":"follow","max-snippet":"max-snippet:-1","max-image-preview":"max-image-preview:large","max-video-preview":"max-video-preview:-1"},"canonical":"https:\/\/blackstonegriddles.ca\/fr\/produit\/blackstone-select-series-couvercle-de-four-a-pizza\/","og_locale":"fr_CA","og_type":"article","og_title":"Blackstone Select Series Pizza Oven Cover - Blackstone Griddles","og_description":"Protect your Select Pizza Oven from wind, rain, and everyday wear with the Select Pizza Oven Cover. Designed for a secure and reliable fit, this cover helps extend the life of your oven while keeping it ready for use. Made from heavy-duty, weather-resistant polyester, it offers strong protection against outdoor elements. The fleece-lined interior helps prevent scratches, while the front zippers and adjustable buckles make it easy to use and secure in place.","og_url":"https:\/\/blackstonegriddles.ca\/fr\/produit\/blackstone-select-series-couvercle-de-four-a-pizza\/","og_site_name":"Blackstone Griddles","article_publisher":"https:\/\/www.facebook.com\/blackstoneproducts\/","article_modified_time":"2026-04-23T18:11:46+00:00","og_image":[{"width":614,"height":562,"url":"https:\/\/blackstonegriddles.ca\/wp-content\/uploads\/2026\/01\/5956.jpg","type":"image\/jpeg"}],"twitter_card":"summary_large_image","twitter_site":"@weareblackstone","twitter_misc":{"Estimation du temps de lecture":"1 minute"},"schema":{"@context":"https:\/\/schema.org","@graph":[{"@type":"WebPage","@id":"https:\/\/blackstonegriddles.ca\/product\/blackstone-select-series-pizza-oven-cover\/","url":"https:\/\/blackstonegriddles.ca\/product\/blackstone-select-series-pizza-oven-cover\/","name":"Couvercle de four \u00e0 pizza Blackstone Select Series - Blackstone Griddles","isPartOf":{"@id":"https:\/\/blackstonegriddles.ca\/#website"},"primaryImageOfPage":{"@id":"https:\/\/blackstonegriddles.ca\/product\/blackstone-select-series-pizza-oven-cover\/#primaryimage"},"image":{"@id":"https:\/\/blackstonegriddles.ca\/product\/blackstone-select-series-pizza-oven-cover\/#primaryimage"},"thumbnailUrl":"https:\/\/blackstonegriddles.ca\/wp-content\/uploads\/2026\/01\/5956.jpg","datePublished":"2026-01-28T16:24:09+00:00","dateModified":"2026-04-23T18:11:46+00:00","breadcrumb":{"@id":"https:\/\/blackstonegriddles.ca\/product\/blackstone-select-series-pizza-oven-cover\/#breadcrumb"},"inLanguage":"fr-CA","potentialAction":[{"@type":"ReadAction","target":["https:\/\/blackstonegriddles.ca\/product\/blackstone-select-series-pizza-oven-cover\/"]}]},{"@type":"ImageObject","inLanguage":"fr-CA","@id":"https:\/\/blackstonegriddles.ca\/product\/blackstone-select-series-pizza-oven-cover\/#primaryimage","url":"https:\/\/blackstonegriddles.ca\/wp-content\/uploads\/2026\/01\/5956.jpg","contentUrl":"https:\/\/blackstonegriddles.ca\/wp-content\/uploads\/2026\/01\/5956.jpg","width":614,"height":562},{"@type":"BreadcrumbList","@id":"https:\/\/blackstonegriddles.ca\/product\/blackstone-select-series-pizza-oven-cover\/#breadcrumb","itemListElement":[{"@type":"ListItem","position":1,"name":"Home","item":"https:\/\/blackstonegriddles.ca\/"},{"@type":"ListItem","position":2,"name":"Shop","item":"https:\/\/blackstonegriddles.ca\/shop\/"},{"@type":"ListItem","position":3,"name":"Blackstone Select Series Pizza Oven Cover"}]},{"@type":"WebSite","@id":"https:\/\/blackstonegriddles.ca\/#website","url":"https:\/\/blackstonegriddles.ca\/","name":"Grils Blackstone Canada","description":"Blackstone Griddles distributeur officiel agr\u00e9\u00e9 Canada","publisher":{"@id":"https:\/\/blackstonegriddles.ca\/#organization"},"potentialAction":[{"@type":"SearchAction","target":{"@type":"EntryPoint","urlTemplate":"https:\/\/blackstonegriddles.ca\/?s={search_term_string}"},"query-input":{"@type":"PropertyValueSpecification","valueRequired":true,"valueName":"search_term_string"}}],"inLanguage":"fr-CA"},{"@type":"Organization","@id":"https:\/\/blackstonegriddles.ca\/#organization","name":"Grils Blackstone Canada","url":"https:\/\/blackstonegriddles.ca\/","logo":{"@type":"ImageObject","inLanguage":"fr-CA","@id":"https:\/\/blackstonegriddles.ca\/#\/schema\/logo\/image\/","url":"https:\/\/blackstonegriddles.ca\/wp-content\/uploads\/2025\/02\/blackstone-fire-logo.webp","contentUrl":"https:\/\/blackstonegriddles.ca\/wp-content\/uploads\/2025\/02\/blackstone-fire-logo.webp","width":53,"height":58,"caption":"Blackstone Griddles Canada"},"image":{"@id":"https:\/\/blackstonegriddles.ca\/#\/schema\/logo\/image\/"},"sameAs":["https:\/\/www.facebook.com\/blackstoneproducts\/","https:\/\/x.com\/weareblackstone","https:\/\/www.instagram.com\/blackstoneproducts\/","https:\/\/www.youtube.com\/channel\/UCr39rimir8y3p-q1iQYidVA"]}]}},"_links":{"self":[{"href":"https:\/\/blackstonegriddles.ca\/fr\/wp-json\/wp\/v2\/product\/51321","targetHints":{"allow":["GET"]}}],"collection":[{"href":"https:\/\/blackstonegriddles.ca\/fr\/wp-json\/wp\/v2\/product"}],"about":[{"href":"https:\/\/blackstonegriddles.ca\/fr\/wp-json\/wp\/v2\/types\/product"}],"wp:featuredmedia":[{"embeddable":true,"href":"https:\/\/blackstonegriddles.ca\/fr\/wp-json\/wp\/v2\/media\/51323"}],"wp:attachment":[{"href":"https:\/\/blackstonegriddles.ca\/fr\/wp-json\/wp\/v2\/media?parent=51321"}],"wp:term":[{"taxonomy":"product_brand","embeddable":true,"href":"https:\/\/blackstonegriddles.ca\/fr\/wp-json\/wp\/v2\/product_brand?post=51321"},{"taxonomy":"product_cat","embeddable":true,"href":"https:\/\/blackstonegriddles.ca\/fr\/wp-json\/wp\/v2\/product_cat?post=51321"},{"taxonomy":"product_tag","embeddable":true,"href":"https:\/\/blackstonegriddles.ca\/fr\/wp-json\/wp\/v2\/product_tag?post=51321"}],"curies":[{"name":"wp","href":"https:\/\/api.w.org\/{rel}","templated":true}]}}