{"id":51344,"date":"2026-01-28T20:05:58","date_gmt":"2026-01-28T20:05:58","guid":{"rendered":"https:\/\/blackstonegriddles.ca\/?post_type=product&#038;p=51344"},"modified":"2026-04-24T19:30:38","modified_gmt":"2026-04-24T19:30:38","slug":"blackstone-original-series-classic-cover-for-36inch-griddle","status":"publish","type":"product","link":"https:\/\/blackstonegriddles.ca\/fr\/product\/blackstone-original-series-classic-cover-for-36inch-griddle\/","title":{"rendered":"Blackstone Original Series Classic Cover pour gril de 36 pouces"},"content":{"rendered":"<ul class=\"title-block_features__oR3xh\" data-testid=\"product-features\">\n<li data-section-id=\"scvott\" data-start=\"622\" data-end=\"691\"><strong data-start=\"624\" data-end=\"645\">Conception sur mesure<\/strong><br data-start=\"645\" data-end=\"648\" \/>Con\u00e7u pour s'adapter aux plaques chauffantes Blackstone de 36 pouces<\/li>\n<li data-section-id=\"1s2kjdx\" data-start=\"693\" data-end=\"807\"><strong data-start=\"695\" data-end=\"729\">Construction r\u00e9sistante aux intemp\u00e9ries<\/strong><br data-start=\"729\" data-end=\"732\" \/>Mat\u00e9riaux durables avec coutures renforc\u00e9es pour une protection durable<\/li>\n<li data-section-id=\"87vy9d\" data-start=\"809\" data-end=\"885\"><strong data-start=\"811\" data-end=\"834\">Boucles lat\u00e9rales s\u00e9curis\u00e9es<\/strong><br data-start=\"834\" data-end=\"837\" \/>Maintient la housse en place, m\u00eame par grand vent<\/li>\n<li data-section-id=\"1caa3r2\" data-start=\"887\" data-end=\"961\"><strong data-start=\"889\" data-end=\"910\">Garantie d'un an<\/strong><br data-start=\"910\" data-end=\"913\" \/>Offre une fiabilit\u00e9 accrue et une plus grande tranquillit\u00e9 d'esprit<\/li>\n<\/ul>","protected":false},"excerpt":{"rendered":"<p data-start=\"143\" data-end=\"359\">Prot\u00e9gez votre plaque de cuisson Blackstone 36\u201d avec une housse con\u00e7ue pour la durabilit\u00e9 et une utilisation ext\u00e9rieure quotidienne. Fabriqu\u00e9e \u00e0 partir de mat\u00e9riaux r\u00e9sistants aux intemp\u00e9ries avec des coutures renforc\u00e9es, elle offre une protection fiable contre les \u00e9l\u00e9ments.<\/p>\n<p data-start=\"361\" data-end=\"594\">Des boucles lat\u00e9rales s\u00e9curis\u00e9es maintiennent fermement la housse en place, m\u00eame par grand vent, tandis que sa construction durable garantit des performances durables. B\u00e9n\u00e9ficiant d'une garantie d'un an, cette housse est un choix fiable pour prot\u00e9ger votre plancha.<\/p>","protected":false},"featured_media":51345,"template":"","meta":[],"product_brand":[],"product_cat":[138,137],"product_tag":[],"class_list":{"0":"post-51344","1":"product","2":"type-product","3":"status-publish","4":"has-post-thumbnail","6":"product_cat-accessories","7":"product_cat-covers-and-carry-bags","8":"product_shipping_class-accessories","10":"first","11":"instock","12":"taxable","13":"shipping-taxable","14":"purchasable","15":"product-type-simple"},"yoast_head":"<!-- This site is optimized with the Yoast SEO plugin v27.4 - https:\/\/yoast.com\/product\/yoast-seo-wordpress\/ -->\n<title>Blackstone Original Series Classic Cover for 36inch Griddle - Blackstone Griddles<\/title>\n<meta name=\"robots\" content=\"index, follow, max-snippet:-1, max-image-preview:large, max-video-preview:-1\" \/>\n<link rel=\"canonical\" href=\"https:\/\/blackstonegriddles.ca\/fr\/produit\/blackstone-original-series-classic-cover-for-36inch-griddle\/\" \/>\n<meta property=\"og:locale\" content=\"fr_CA\" \/>\n<meta property=\"og:type\" content=\"article\" \/>\n<meta property=\"og:title\" content=\"Blackstone Original Series Classic Cover for 36inch Griddle - Blackstone Griddles\" \/>\n<meta property=\"og:description\" content=\"Protect your Blackstone 36\u201d griddle with a cover built for durability and everyday outdoor use. Made from weather-resistant materials with reinforced stitching, it provides reliable protection against the elements. Secure side buckles help keep the cover firmly in place\u2014even in high winds\u2014while the durable construction ensures long-lasting performance. Backed by a one-year warranty, this cover is a dependable choice for protecting your griddle.\" \/>\n<meta property=\"og:url\" content=\"https:\/\/blackstonegriddles.ca\/fr\/produit\/blackstone-original-series-classic-cover-for-36inch-griddle\/\" \/>\n<meta property=\"og:site_name\" content=\"Blackstone Griddles\" \/>\n<meta property=\"article:publisher\" content=\"https:\/\/www.facebook.com\/blackstoneproducts\/\" \/>\n<meta property=\"article:modified_time\" content=\"2026-04-24T19:30:38+00:00\" \/>\n<meta property=\"og:image\" content=\"https:\/\/blackstonegriddles.ca\/wp-content\/uploads\/2026\/01\/1528.jpg\" \/>\n\t<meta property=\"og:image:width\" content=\"796\" \/>\n\t<meta property=\"og:image:height\" content=\"572\" \/>\n\t<meta property=\"og:image:type\" content=\"image\/jpeg\" \/>\n<meta name=\"twitter:card\" content=\"summary_large_image\" \/>\n<meta name=\"twitter:site\" content=\"@weareblackstone\" \/>\n<meta name=\"twitter:label1\" content=\"Estimation du temps de lecture\" \/>\n\t<meta name=\"twitter:data1\" content=\"1 minute\" \/>\n<script type=\"application\/ld+json\" class=\"yoast-schema-graph\">{\"@context\":\"https:\\\/\\\/schema.org\",\"@graph\":[{\"@type\":\"WebPage\",\"@id\":\"https:\\\/\\\/blackstonegriddles.ca\\\/product\\\/blackstone-original-series-classic-cover-for-36inch-griddle\\\/\",\"url\":\"https:\\\/\\\/blackstonegriddles.ca\\\/product\\\/blackstone-original-series-classic-cover-for-36inch-griddle\\\/\",\"name\":\"Blackstone Original Series Classic Cover for 36inch Griddle - Blackstone Griddles\",\"isPartOf\":{\"@id\":\"https:\\\/\\\/blackstonegriddles.ca\\\/#website\"},\"primaryImageOfPage\":{\"@id\":\"https:\\\/\\\/blackstonegriddles.ca\\\/product\\\/blackstone-original-series-classic-cover-for-36inch-griddle\\\/#primaryimage\"},\"image\":{\"@id\":\"https:\\\/\\\/blackstonegriddles.ca\\\/product\\\/blackstone-original-series-classic-cover-for-36inch-griddle\\\/#primaryimage\"},\"thumbnailUrl\":\"https:\\\/\\\/blackstonegriddles.ca\\\/wp-content\\\/uploads\\\/2026\\\/01\\\/1528.jpg\",\"datePublished\":\"2026-01-28T20:05:58+00:00\",\"dateModified\":\"2026-04-24T19:30:38+00:00\",\"breadcrumb\":{\"@id\":\"https:\\\/\\\/blackstonegriddles.ca\\\/product\\\/blackstone-original-series-classic-cover-for-36inch-griddle\\\/#breadcrumb\"},\"inLanguage\":\"fr-CA\",\"potentialAction\":[{\"@type\":\"ReadAction\",\"target\":[\"https:\\\/\\\/blackstonegriddles.ca\\\/product\\\/blackstone-original-series-classic-cover-for-36inch-griddle\\\/\"]}]},{\"@type\":\"ImageObject\",\"inLanguage\":\"fr-CA\",\"@id\":\"https:\\\/\\\/blackstonegriddles.ca\\\/product\\\/blackstone-original-series-classic-cover-for-36inch-griddle\\\/#primaryimage\",\"url\":\"https:\\\/\\\/blackstonegriddles.ca\\\/wp-content\\\/uploads\\\/2026\\\/01\\\/1528.jpg\",\"contentUrl\":\"https:\\\/\\\/blackstonegriddles.ca\\\/wp-content\\\/uploads\\\/2026\\\/01\\\/1528.jpg\",\"width\":796,\"height\":572},{\"@type\":\"BreadcrumbList\",\"@id\":\"https:\\\/\\\/blackstonegriddles.ca\\\/product\\\/blackstone-original-series-classic-cover-for-36inch-griddle\\\/#breadcrumb\",\"itemListElement\":[{\"@type\":\"ListItem\",\"position\":1,\"name\":\"Home\",\"item\":\"https:\\\/\\\/blackstonegriddles.ca\\\/\"},{\"@type\":\"ListItem\",\"position\":2,\"name\":\"Shop\",\"item\":\"https:\\\/\\\/blackstonegriddles.ca\\\/shop\\\/\"},{\"@type\":\"ListItem\",\"position\":3,\"name\":\"Blackstone Original Series Classic Cover for 36inch Griddle\"}]},{\"@type\":\"WebSite\",\"@id\":\"https:\\\/\\\/blackstonegriddles.ca\\\/#website\",\"url\":\"https:\\\/\\\/blackstonegriddles.ca\\\/\",\"name\":\"Blackstone Griddles Canada\",\"description\":\"Blackstone Griddles official licensed dealer Canada\",\"publisher\":{\"@id\":\"https:\\\/\\\/blackstonegriddles.ca\\\/#organization\"},\"potentialAction\":[{\"@type\":\"SearchAction\",\"target\":{\"@type\":\"EntryPoint\",\"urlTemplate\":\"https:\\\/\\\/blackstonegriddles.ca\\\/?s={search_term_string}\"},\"query-input\":{\"@type\":\"PropertyValueSpecification\",\"valueRequired\":true,\"valueName\":\"search_term_string\"}}],\"inLanguage\":\"fr-CA\"},{\"@type\":\"Organization\",\"@id\":\"https:\\\/\\\/blackstonegriddles.ca\\\/#organization\",\"name\":\"Blackstone Griddles Canada\",\"url\":\"https:\\\/\\\/blackstonegriddles.ca\\\/\",\"logo\":{\"@type\":\"ImageObject\",\"inLanguage\":\"fr-CA\",\"@id\":\"https:\\\/\\\/blackstonegriddles.ca\\\/#\\\/schema\\\/logo\\\/image\\\/\",\"url\":\"https:\\\/\\\/blackstonegriddles.ca\\\/wp-content\\\/uploads\\\/2025\\\/02\\\/blackstone-fire-logo.webp\",\"contentUrl\":\"https:\\\/\\\/blackstonegriddles.ca\\\/wp-content\\\/uploads\\\/2025\\\/02\\\/blackstone-fire-logo.webp\",\"width\":53,\"height\":58,\"caption\":\"Blackstone Griddles Canada\"},\"image\":{\"@id\":\"https:\\\/\\\/blackstonegriddles.ca\\\/#\\\/schema\\\/logo\\\/image\\\/\"},\"sameAs\":[\"https:\\\/\\\/www.facebook.com\\\/blackstoneproducts\\\/\",\"https:\\\/\\\/x.com\\\/weareblackstone\",\"https:\\\/\\\/www.instagram.com\\\/blackstoneproducts\\\/\",\"https:\\\/\\\/www.youtube.com\\\/channel\\\/UCr39rimir8y3p-q1iQYidVA\"]}]}<\/script>\n<!-- \/ Yoast SEO plugin. -->","yoast_head_json":{"title":"Blackstone Original Series Classic Cover for 36inch Griddle - Blackstone Griddles","robots":{"index":"index","follow":"follow","max-snippet":"max-snippet:-1","max-image-preview":"max-image-preview:large","max-video-preview":"max-video-preview:-1"},"canonical":"https:\/\/blackstonegriddles.ca\/fr\/produit\/blackstone-original-series-classic-cover-for-36inch-griddle\/","og_locale":"fr_CA","og_type":"article","og_title":"Blackstone Original Series Classic Cover for 36inch Griddle - Blackstone Griddles","og_description":"Protect your Blackstone 36\u201d griddle with a cover built for durability and everyday outdoor use. Made from weather-resistant materials with reinforced stitching, it provides reliable protection against the elements. Secure side buckles help keep the cover firmly in place\u2014even in high winds\u2014while the durable construction ensures long-lasting performance. Backed by a one-year warranty, this cover is a dependable choice for protecting your griddle.","og_url":"https:\/\/blackstonegriddles.ca\/fr\/produit\/blackstone-original-series-classic-cover-for-36inch-griddle\/","og_site_name":"Blackstone Griddles","article_publisher":"https:\/\/www.facebook.com\/blackstoneproducts\/","article_modified_time":"2026-04-24T19:30:38+00:00","og_image":[{"width":796,"height":572,"url":"https:\/\/blackstonegriddles.ca\/wp-content\/uploads\/2026\/01\/1528.jpg","type":"image\/jpeg"}],"twitter_card":"summary_large_image","twitter_site":"@weareblackstone","twitter_misc":{"Estimation du temps de lecture":"1 minute"},"schema":{"@context":"https:\/\/schema.org","@graph":[{"@type":"WebPage","@id":"https:\/\/blackstonegriddles.ca\/product\/blackstone-original-series-classic-cover-for-36inch-griddle\/","url":"https:\/\/blackstonegriddles.ca\/product\/blackstone-original-series-classic-cover-for-36inch-griddle\/","name":"Blackstone Original Series Classic Cover for 36inch Griddle - Blackstone Griddles","isPartOf":{"@id":"https:\/\/blackstonegriddles.ca\/#website"},"primaryImageOfPage":{"@id":"https:\/\/blackstonegriddles.ca\/product\/blackstone-original-series-classic-cover-for-36inch-griddle\/#primaryimage"},"image":{"@id":"https:\/\/blackstonegriddles.ca\/product\/blackstone-original-series-classic-cover-for-36inch-griddle\/#primaryimage"},"thumbnailUrl":"https:\/\/blackstonegriddles.ca\/wp-content\/uploads\/2026\/01\/1528.jpg","datePublished":"2026-01-28T20:05:58+00:00","dateModified":"2026-04-24T19:30:38+00:00","breadcrumb":{"@id":"https:\/\/blackstonegriddles.ca\/product\/blackstone-original-series-classic-cover-for-36inch-griddle\/#breadcrumb"},"inLanguage":"fr-CA","potentialAction":[{"@type":"ReadAction","target":["https:\/\/blackstonegriddles.ca\/product\/blackstone-original-series-classic-cover-for-36inch-griddle\/"]}]},{"@type":"ImageObject","inLanguage":"fr-CA","@id":"https:\/\/blackstonegriddles.ca\/product\/blackstone-original-series-classic-cover-for-36inch-griddle\/#primaryimage","url":"https:\/\/blackstonegriddles.ca\/wp-content\/uploads\/2026\/01\/1528.jpg","contentUrl":"https:\/\/blackstonegriddles.ca\/wp-content\/uploads\/2026\/01\/1528.jpg","width":796,"height":572},{"@type":"BreadcrumbList","@id":"https:\/\/blackstonegriddles.ca\/product\/blackstone-original-series-classic-cover-for-36inch-griddle\/#breadcrumb","itemListElement":[{"@type":"ListItem","position":1,"name":"Home","item":"https:\/\/blackstonegriddles.ca\/"},{"@type":"ListItem","position":2,"name":"Shop","item":"https:\/\/blackstonegriddles.ca\/shop\/"},{"@type":"ListItem","position":3,"name":"Blackstone Original Series Classic Cover for 36inch Griddle"}]},{"@type":"WebSite","@id":"https:\/\/blackstonegriddles.ca\/#website","url":"https:\/\/blackstonegriddles.ca\/","name":"Grils Blackstone Canada","description":"Blackstone Griddles distributeur officiel agr\u00e9\u00e9 Canada","publisher":{"@id":"https:\/\/blackstonegriddles.ca\/#organization"},"potentialAction":[{"@type":"SearchAction","target":{"@type":"EntryPoint","urlTemplate":"https:\/\/blackstonegriddles.ca\/?s={search_term_string}"},"query-input":{"@type":"PropertyValueSpecification","valueRequired":true,"valueName":"search_term_string"}}],"inLanguage":"fr-CA"},{"@type":"Organization","@id":"https:\/\/blackstonegriddles.ca\/#organization","name":"Grils Blackstone Canada","url":"https:\/\/blackstonegriddles.ca\/","logo":{"@type":"ImageObject","inLanguage":"fr-CA","@id":"https:\/\/blackstonegriddles.ca\/#\/schema\/logo\/image\/","url":"https:\/\/blackstonegriddles.ca\/wp-content\/uploads\/2025\/02\/blackstone-fire-logo.webp","contentUrl":"https:\/\/blackstonegriddles.ca\/wp-content\/uploads\/2025\/02\/blackstone-fire-logo.webp","width":53,"height":58,"caption":"Blackstone Griddles Canada"},"image":{"@id":"https:\/\/blackstonegriddles.ca\/#\/schema\/logo\/image\/"},"sameAs":["https:\/\/www.facebook.com\/blackstoneproducts\/","https:\/\/x.com\/weareblackstone","https:\/\/www.instagram.com\/blackstoneproducts\/","https:\/\/www.youtube.com\/channel\/UCr39rimir8y3p-q1iQYidVA"]}]}},"_links":{"self":[{"href":"https:\/\/blackstonegriddles.ca\/fr\/wp-json\/wp\/v2\/product\/51344","targetHints":{"allow":["GET"]}}],"collection":[{"href":"https:\/\/blackstonegriddles.ca\/fr\/wp-json\/wp\/v2\/product"}],"about":[{"href":"https:\/\/blackstonegriddles.ca\/fr\/wp-json\/wp\/v2\/types\/product"}],"wp:featuredmedia":[{"embeddable":true,"href":"https:\/\/blackstonegriddles.ca\/fr\/wp-json\/wp\/v2\/media\/51345"}],"wp:attachment":[{"href":"https:\/\/blackstonegriddles.ca\/fr\/wp-json\/wp\/v2\/media?parent=51344"}],"wp:term":[{"taxonomy":"product_brand","embeddable":true,"href":"https:\/\/blackstonegriddles.ca\/fr\/wp-json\/wp\/v2\/product_brand?post=51344"},{"taxonomy":"product_cat","embeddable":true,"href":"https:\/\/blackstonegriddles.ca\/fr\/wp-json\/wp\/v2\/product_cat?post=51344"},{"taxonomy":"product_tag","embeddable":true,"href":"https:\/\/blackstonegriddles.ca\/fr\/wp-json\/wp\/v2\/product_tag?post=51344"}],"curies":[{"name":"wp","href":"https:\/\/api.w.org\/{rel}","templated":true}]}}