{"id":51585,"date":"2026-03-09T15:29:01","date_gmt":"2026-03-09T15:29:01","guid":{"rendered":"https:\/\/blackstonegriddles.ca\/?post_type=product&#038;p=51585"},"modified":"2026-04-28T16:31:06","modified_gmt":"2026-04-28T16:31:06","slug":"blackstone-22-tabletop-griddle-bundle","status":"publish","type":"product","link":"https:\/\/blackstonegriddles.ca\/fr\/product\/blackstone-22-tabletop-griddle-bundle\/","title":{"rendered":"Blackstone 22\u2033 Tabletop Griddle Bundle (ensemble de grilles de table)"},"content":{"rendered":"<ul>\n<li>L'ensemble comprend une grille Omnivore de 22 pouces, un tuyau adaptateur pour bouteille de propane avec r\u00e9gulateur et un sac de couverture de 22 pouces.<\/li>\n<li>Plaque de gril 22\u2033 Omnivore : Temps de pr\u00e9chauffage et de r\u00e9cup\u00e9ration plus rapides, r\u00e9partition uniforme de la chaleur et meilleur rendement \u00e9nerg\u00e9tique, avec des pare-vent int\u00e9gr\u00e9s pour maintenir l'air chaud \u00e0 l'int\u00e9rieur et l'air frais \u00e0 l'ext\u00e9rieur.<\/li>\n<li>Deux zones de chaleur contr\u00f4l\u00e9es ind\u00e9pendamment l'une de l'autre : Cuisez simultan\u00e9ment vos plats principaux et vos accompagnements \u00e0 des temp\u00e9ratures diff\u00e9rentes.<\/li>\n<li>Gestion des graisses \u00e0 l'arri\u00e8re : Pousse la graisse et les d\u00e9bris alimentaires vers l'arri\u00e8re de la plaque pour faciliter le nettoyage.<\/li>\n<li>Allumage pi\u00e9zo\u00e9lectrique : Syst\u00e8me d'allumage facile \u00e0 utiliser et fiable.<\/li>\n<\/ul>","protected":false},"excerpt":{"rendered":"<p>Le Blackstone 22\u2033 Omnivore Tabletop Griddle est le gril parfait pour les amateurs d'aventures en plein air. Que vous partiez \u00e0 la montagne, au lac ou \u00e0 la plage, ou que vous assistiez \u00e0 un match, il est facile d'emporter cette plaque de cuisson de 22\u2033 avec vous. Deux zones de chaleur ind\u00e9pendantes et un design portable pour un transport facile vous permettront d'alimenter n'importe quel \u00e9v\u00e9nement. La polyvalence de cette plaque est in\u00e9gal\u00e9e et constitue le compl\u00e9ment parfait d'une cuisine de patio ou de camping. Ensemble de voyage - L'ensemble de voyage Blackstone Griddle comprend tout ce dont vous avez besoin pour emporter votre plancha en d\u00e9placement. Il comprend un tuyau adaptateur pour propane de 3\u2032 avec r\u00e9gulateur pour fixer la plancha \u00e0 votre bouteille de propane de 20 livres et une housse souple pour prot\u00e9ger la plancha pendant le voyage. Distribution uniforme de la chaleur pour une cuisson fiable. Deux zones de cuisson contr\u00f4l\u00e9es ind\u00e9pendamment l'une de l'autre. Deux br\u00fbleurs en H en acier inoxydable de 24 000 BTU. Syst\u00e8me brevet\u00e9 de gestion des graisses \u00e0 l'arri\u00e8re. Surface du gril : 361 po\u00b2.<\/p>","protected":false},"featured_media":51586,"template":"","meta":[],"product_brand":[],"product_cat":[156],"product_tag":[],"class_list":{"0":"post-51585","1":"product","2":"type-product","3":"status-publish","4":"has-post-thumbnail","6":"product_cat-156","8":"first","9":"instock","10":"taxable","11":"shipping-taxable","12":"purchasable","13":"product-type-simple"},"yoast_head":"<!-- This site is optimized with the Yoast SEO plugin v27.5 - https:\/\/yoast.com\/product\/yoast-seo-wordpress\/ -->\n<title>Blackstone 22&quot; Tabletop Griddle Bundle - Blackstone Griddles<\/title>\n<meta name=\"robots\" content=\"index, follow, max-snippet:-1, max-image-preview:large, max-video-preview:-1\" \/>\n<link rel=\"canonical\" href=\"https:\/\/blackstonegriddles.ca\/fr\/produit\/blackstone-22-tabletop-griddle-bundle\/\" \/>\n<meta property=\"og:locale\" content=\"fr_CA\" \/>\n<meta property=\"og:type\" content=\"article\" \/>\n<meta property=\"og:title\" content=\"Blackstone 22&quot; Tabletop Griddle Bundle - Blackstone Griddles\" \/>\n<meta property=\"og:description\" content=\"The Blackstone 22&quot; Omnivore Tabletop Griddle is the perfect griddle for the outdoor adventure seeker. Whether your adventure is in the mountains, at the lake or beach, or tailgating at the game, it&#039;s easy to take this 22&quot; tabletop griddle with you. Fuel any event with two independently controlled heat zones and a portable design for easy transport. The perfect addition to a patio kitchen or camping kitchen, this griddle&#039;s versatility is unmatched. Travel Bundle - The Blackstone Griddle Travel Bundle comes with everything you need for taking your griddle on-the-go. Includes 3&#039; propane adapter hose with regulator for attaching the griddle to your 20-lb. propane tank and a soft cover for protecting the griddle while on the road. Even heat distribution for reliable cooking. Two independently controlled cooking zones. Dual stainless steel H-burners with 24,000 BTUs. Patented rear grease management system. Griddle Top: 361 sq. in.\" \/>\n<meta property=\"og:url\" content=\"https:\/\/blackstonegriddles.ca\/fr\/produit\/blackstone-22-tabletop-griddle-bundle\/\" \/>\n<meta property=\"og:site_name\" content=\"Blackstone Griddles\" \/>\n<meta property=\"article:publisher\" content=\"https:\/\/www.facebook.com\/blackstoneproducts\/\" \/>\n<meta property=\"article:modified_time\" content=\"2026-04-28T16:31:06+00:00\" \/>\n<meta property=\"og:image\" content=\"https:\/\/blackstonegriddles.ca\/wp-content\/uploads\/2026\/03\/2427.png\" \/>\n\t<meta property=\"og:image:width\" content=\"698\" \/>\n\t<meta property=\"og:image:height\" content=\"647\" \/>\n\t<meta property=\"og:image:type\" content=\"image\/png\" \/>\n<meta name=\"twitter:card\" content=\"summary_large_image\" \/>\n<meta name=\"twitter:site\" content=\"@weareblackstone\" \/>\n<meta name=\"twitter:label1\" content=\"Estimation du temps de lecture\" \/>\n\t<meta name=\"twitter:data1\" content=\"1 minute\" \/>\n<script type=\"application\/ld+json\" class=\"yoast-schema-graph\">{\"@context\":\"https:\\\/\\\/schema.org\",\"@graph\":[{\"@type\":\"WebPage\",\"@id\":\"https:\\\/\\\/blackstonegriddles.ca\\\/product\\\/blackstone-22-tabletop-griddle-bundle\\\/\",\"url\":\"https:\\\/\\\/blackstonegriddles.ca\\\/product\\\/blackstone-22-tabletop-griddle-bundle\\\/\",\"name\":\"Blackstone 22\\\" Tabletop Griddle Bundle - Blackstone Griddles\",\"isPartOf\":{\"@id\":\"https:\\\/\\\/blackstonegriddles.ca\\\/#website\"},\"primaryImageOfPage\":{\"@id\":\"https:\\\/\\\/blackstonegriddles.ca\\\/product\\\/blackstone-22-tabletop-griddle-bundle\\\/#primaryimage\"},\"image\":{\"@id\":\"https:\\\/\\\/blackstonegriddles.ca\\\/product\\\/blackstone-22-tabletop-griddle-bundle\\\/#primaryimage\"},\"thumbnailUrl\":\"https:\\\/\\\/blackstonegriddles.ca\\\/wp-content\\\/uploads\\\/2026\\\/03\\\/2427.png\",\"datePublished\":\"2026-03-09T15:29:01+00:00\",\"dateModified\":\"2026-04-28T16:31:06+00:00\",\"breadcrumb\":{\"@id\":\"https:\\\/\\\/blackstonegriddles.ca\\\/product\\\/blackstone-22-tabletop-griddle-bundle\\\/#breadcrumb\"},\"inLanguage\":\"fr-CA\",\"potentialAction\":[{\"@type\":\"ReadAction\",\"target\":[\"https:\\\/\\\/blackstonegriddles.ca\\\/product\\\/blackstone-22-tabletop-griddle-bundle\\\/\"]}]},{\"@type\":\"ImageObject\",\"inLanguage\":\"fr-CA\",\"@id\":\"https:\\\/\\\/blackstonegriddles.ca\\\/product\\\/blackstone-22-tabletop-griddle-bundle\\\/#primaryimage\",\"url\":\"https:\\\/\\\/blackstonegriddles.ca\\\/wp-content\\\/uploads\\\/2026\\\/03\\\/2427.png\",\"contentUrl\":\"https:\\\/\\\/blackstonegriddles.ca\\\/wp-content\\\/uploads\\\/2026\\\/03\\\/2427.png\",\"width\":698,\"height\":647},{\"@type\":\"BreadcrumbList\",\"@id\":\"https:\\\/\\\/blackstonegriddles.ca\\\/product\\\/blackstone-22-tabletop-griddle-bundle\\\/#breadcrumb\",\"itemListElement\":[{\"@type\":\"ListItem\",\"position\":1,\"name\":\"Home\",\"item\":\"https:\\\/\\\/blackstonegriddles.ca\\\/\"},{\"@type\":\"ListItem\",\"position\":2,\"name\":\"Shop\",\"item\":\"https:\\\/\\\/blackstonegriddles.ca\\\/shop\\\/\"},{\"@type\":\"ListItem\",\"position\":3,\"name\":\"Blackstone 22&#8243; Tabletop Griddle Bundle\"}]},{\"@type\":\"WebSite\",\"@id\":\"https:\\\/\\\/blackstonegriddles.ca\\\/#website\",\"url\":\"https:\\\/\\\/blackstonegriddles.ca\\\/\",\"name\":\"Blackstone Griddles Canada\",\"description\":\"Blackstone Griddles official licensed dealer Canada\",\"publisher\":{\"@id\":\"https:\\\/\\\/blackstonegriddles.ca\\\/#organization\"},\"potentialAction\":[{\"@type\":\"SearchAction\",\"target\":{\"@type\":\"EntryPoint\",\"urlTemplate\":\"https:\\\/\\\/blackstonegriddles.ca\\\/?s={search_term_string}\"},\"query-input\":{\"@type\":\"PropertyValueSpecification\",\"valueRequired\":true,\"valueName\":\"search_term_string\"}}],\"inLanguage\":\"fr-CA\"},{\"@type\":\"Organization\",\"@id\":\"https:\\\/\\\/blackstonegriddles.ca\\\/#organization\",\"name\":\"Blackstone Griddles Canada\",\"url\":\"https:\\\/\\\/blackstonegriddles.ca\\\/\",\"logo\":{\"@type\":\"ImageObject\",\"inLanguage\":\"fr-CA\",\"@id\":\"https:\\\/\\\/blackstonegriddles.ca\\\/#\\\/schema\\\/logo\\\/image\\\/\",\"url\":\"https:\\\/\\\/blackstonegriddles.ca\\\/wp-content\\\/uploads\\\/2025\\\/02\\\/blackstone-fire-logo.webp\",\"contentUrl\":\"https:\\\/\\\/blackstonegriddles.ca\\\/wp-content\\\/uploads\\\/2025\\\/02\\\/blackstone-fire-logo.webp\",\"width\":53,\"height\":58,\"caption\":\"Blackstone Griddles Canada\"},\"image\":{\"@id\":\"https:\\\/\\\/blackstonegriddles.ca\\\/#\\\/schema\\\/logo\\\/image\\\/\"},\"sameAs\":[\"https:\\\/\\\/www.facebook.com\\\/blackstoneproducts\\\/\",\"https:\\\/\\\/x.com\\\/weareblackstone\",\"https:\\\/\\\/www.instagram.com\\\/blackstoneproducts\\\/\",\"https:\\\/\\\/www.youtube.com\\\/channel\\\/UCr39rimir8y3p-q1iQYidVA\"]}]}<\/script>\n<!-- \/ Yoast SEO plugin. -->","yoast_head_json":{"title":"Ensemble de grilles de table 22\" Blackstone - Blackstone Griddles","robots":{"index":"index","follow":"follow","max-snippet":"max-snippet:-1","max-image-preview":"max-image-preview:large","max-video-preview":"max-video-preview:-1"},"canonical":"https:\/\/blackstonegriddles.ca\/fr\/produit\/blackstone-22-tabletop-griddle-bundle\/","og_locale":"fr_CA","og_type":"article","og_title":"Blackstone 22\" Tabletop Griddle Bundle - Blackstone Griddles","og_description":"The Blackstone 22\" Omnivore Tabletop Griddle is the perfect griddle for the outdoor adventure seeker. Whether your adventure is in the mountains, at the lake or beach, or tailgating at the game, it's easy to take this 22\" tabletop griddle with you. Fuel any event with two independently controlled heat zones and a portable design for easy transport. The perfect addition to a patio kitchen or camping kitchen, this griddle's versatility is unmatched. Travel Bundle - The Blackstone Griddle Travel Bundle comes with everything you need for taking your griddle on-the-go. Includes 3' propane adapter hose with regulator for attaching the griddle to your 20-lb. propane tank and a soft cover for protecting the griddle while on the road. Even heat distribution for reliable cooking. Two independently controlled cooking zones. Dual stainless steel H-burners with 24,000 BTUs. Patented rear grease management system. Griddle Top: 361 sq. in.","og_url":"https:\/\/blackstonegriddles.ca\/fr\/produit\/blackstone-22-tabletop-griddle-bundle\/","og_site_name":"Blackstone Griddles","article_publisher":"https:\/\/www.facebook.com\/blackstoneproducts\/","article_modified_time":"2026-04-28T16:31:06+00:00","og_image":[{"width":698,"height":647,"url":"https:\/\/blackstonegriddles.ca\/wp-content\/uploads\/2026\/03\/2427.png","type":"image\/png"}],"twitter_card":"summary_large_image","twitter_site":"@weareblackstone","twitter_misc":{"Estimation du temps de lecture":"1 minute"},"schema":{"@context":"https:\/\/schema.org","@graph":[{"@type":"WebPage","@id":"https:\/\/blackstonegriddles.ca\/product\/blackstone-22-tabletop-griddle-bundle\/","url":"https:\/\/blackstonegriddles.ca\/product\/blackstone-22-tabletop-griddle-bundle\/","name":"Ensemble de grilles de table 22\" Blackstone - Blackstone Griddles","isPartOf":{"@id":"https:\/\/blackstonegriddles.ca\/#website"},"primaryImageOfPage":{"@id":"https:\/\/blackstonegriddles.ca\/product\/blackstone-22-tabletop-griddle-bundle\/#primaryimage"},"image":{"@id":"https:\/\/blackstonegriddles.ca\/product\/blackstone-22-tabletop-griddle-bundle\/#primaryimage"},"thumbnailUrl":"https:\/\/blackstonegriddles.ca\/wp-content\/uploads\/2026\/03\/2427.png","datePublished":"2026-03-09T15:29:01+00:00","dateModified":"2026-04-28T16:31:06+00:00","breadcrumb":{"@id":"https:\/\/blackstonegriddles.ca\/product\/blackstone-22-tabletop-griddle-bundle\/#breadcrumb"},"inLanguage":"fr-CA","potentialAction":[{"@type":"ReadAction","target":["https:\/\/blackstonegriddles.ca\/product\/blackstone-22-tabletop-griddle-bundle\/"]}]},{"@type":"ImageObject","inLanguage":"fr-CA","@id":"https:\/\/blackstonegriddles.ca\/product\/blackstone-22-tabletop-griddle-bundle\/#primaryimage","url":"https:\/\/blackstonegriddles.ca\/wp-content\/uploads\/2026\/03\/2427.png","contentUrl":"https:\/\/blackstonegriddles.ca\/wp-content\/uploads\/2026\/03\/2427.png","width":698,"height":647},{"@type":"BreadcrumbList","@id":"https:\/\/blackstonegriddles.ca\/product\/blackstone-22-tabletop-griddle-bundle\/#breadcrumb","itemListElement":[{"@type":"ListItem","position":1,"name":"Home","item":"https:\/\/blackstonegriddles.ca\/"},{"@type":"ListItem","position":2,"name":"Shop","item":"https:\/\/blackstonegriddles.ca\/shop\/"},{"@type":"ListItem","position":3,"name":"Blackstone 22&#8243; Tabletop Griddle Bundle"}]},{"@type":"WebSite","@id":"https:\/\/blackstonegriddles.ca\/#website","url":"https:\/\/blackstonegriddles.ca\/","name":"Grils Blackstone Canada","description":"Blackstone Griddles distributeur officiel agr\u00e9\u00e9 Canada","publisher":{"@id":"https:\/\/blackstonegriddles.ca\/#organization"},"potentialAction":[{"@type":"SearchAction","target":{"@type":"EntryPoint","urlTemplate":"https:\/\/blackstonegriddles.ca\/?s={search_term_string}"},"query-input":{"@type":"PropertyValueSpecification","valueRequired":true,"valueName":"search_term_string"}}],"inLanguage":"fr-CA"},{"@type":"Organization","@id":"https:\/\/blackstonegriddles.ca\/#organization","name":"Grils Blackstone Canada","url":"https:\/\/blackstonegriddles.ca\/","logo":{"@type":"ImageObject","inLanguage":"fr-CA","@id":"https:\/\/blackstonegriddles.ca\/#\/schema\/logo\/image\/","url":"https:\/\/blackstonegriddles.ca\/wp-content\/uploads\/2025\/02\/blackstone-fire-logo.webp","contentUrl":"https:\/\/blackstonegriddles.ca\/wp-content\/uploads\/2025\/02\/blackstone-fire-logo.webp","width":53,"height":58,"caption":"Blackstone Griddles Canada"},"image":{"@id":"https:\/\/blackstonegriddles.ca\/#\/schema\/logo\/image\/"},"sameAs":["https:\/\/www.facebook.com\/blackstoneproducts\/","https:\/\/x.com\/weareblackstone","https:\/\/www.instagram.com\/blackstoneproducts\/","https:\/\/www.youtube.com\/channel\/UCr39rimir8y3p-q1iQYidVA"]}]}},"_links":{"self":[{"href":"https:\/\/blackstonegriddles.ca\/fr\/wp-json\/wp\/v2\/product\/51585","targetHints":{"allow":["GET"]}}],"collection":[{"href":"https:\/\/blackstonegriddles.ca\/fr\/wp-json\/wp\/v2\/product"}],"about":[{"href":"https:\/\/blackstonegriddles.ca\/fr\/wp-json\/wp\/v2\/types\/product"}],"wp:featuredmedia":[{"embeddable":true,"href":"https:\/\/blackstonegriddles.ca\/fr\/wp-json\/wp\/v2\/media\/51586"}],"wp:attachment":[{"href":"https:\/\/blackstonegriddles.ca\/fr\/wp-json\/wp\/v2\/media?parent=51585"}],"wp:term":[{"taxonomy":"product_brand","embeddable":true,"href":"https:\/\/blackstonegriddles.ca\/fr\/wp-json\/wp\/v2\/product_brand?post=51585"},{"taxonomy":"product_cat","embeddable":true,"href":"https:\/\/blackstonegriddles.ca\/fr\/wp-json\/wp\/v2\/product_cat?post=51585"},{"taxonomy":"product_tag","embeddable":true,"href":"https:\/\/blackstonegriddles.ca\/fr\/wp-json\/wp\/v2\/product_tag?post=51585"}],"curies":[{"name":"wp","href":"https:\/\/api.w.org\/{rel}","templated":true}]}}