{"id":51590,"date":"2026-03-12T16:54:23","date_gmt":"2026-03-12T16:54:23","guid":{"rendered":"https:\/\/blackstonegriddles.ca\/?post_type=product&#038;p=51590"},"modified":"2026-04-23T18:16:30","modified_gmt":"2026-04-23T18:16:30","slug":"blackstone-28-couvercle-de-plaque-de-cuisson-encastrable","status":"publish","type":"product","link":"https:\/\/blackstonegriddles.ca\/fr\/product\/blackstone-28-drop-in-griddle-cover\/","title":{"rendered":"Couvercle de gril \u00e0 poser 28\u201d Blackstone"},"content":{"rendered":"<ul class=\"features-specs-list\">\n<li class=\"acumin\">Con\u00e7ue pour s'adapter aux plaques de cuisson de 28\u2033 et 30\u2033.<\/li>\n<li class=\"acumin\">Fabriqu\u00e9 dans un mat\u00e9riau r\u00e9sistant aux intemp\u00e9ries avec des coutures renforc\u00e9es pour tenir le soleil et l'eau \u00e0 distance.<\/li>\n<li class=\"acumin\">Les coins lest\u00e9s maintiennent la couverture en place, m\u00eame par temps venteux.<\/li>\n<li class=\"acumin\">L'int\u00e9rieur doubl\u00e9 de polaire prot\u00e8ge l'acier inoxydable de l'usure.<\/li>\n<li class=\"acumin\">Le couvercle se fixe facilement sur le panneau avant gr\u00e2ce \u00e0 des aimants qui garantissent une bonne tenue.<\/li>\n<\/ul>","protected":false},"excerpt":{"rendered":"<p data-start=\"154\" data-end=\"379\">Prot\u00e9gez votre plaque de cuisson \u00e0 insertion de 28 pouces des intemp\u00e9ries avec la housse pour plaque de cuisson \u00e0 insertion Blackstone de 28 pouces. Con\u00e7ue pour la durabilit\u00e9 et une utilisation ext\u00e9rieure quotidienne, cette housse aide \u00e0 prot\u00e9ger votre plaque de cuisson de la pluie, des rayons UV et de l'usure g\u00e9n\u00e9rale.<\/p>\n<p data-start=\"381\" data-end=\"636\">Fabriqu\u00e9e dans un mat\u00e9riau r\u00e9sistant et r\u00e9sistant aux intemp\u00e9ries, elle est dot\u00e9e d'un int\u00e9rieur doubl\u00e9 de polaire pour aider \u00e0 prot\u00e9ger les surfaces en acier inoxydable. Avec des aimants pour une fixation s\u00e9curis\u00e9e et des coins lest\u00e9s pour une stabilit\u00e9 accrue, la housse reste en place m\u00eame par temps venteux.<\/p>","protected":false},"featured_media":51591,"template":"","meta":[],"product_brand":[],"product_cat":[138,137],"product_tag":[],"class_list":{"0":"post-51590","1":"product","2":"type-product","3":"status-publish","4":"has-post-thumbnail","6":"product_cat-accessories","7":"product_cat-covers-and-carry-bags","9":"first","10":"instock","11":"taxable","12":"shipping-taxable","13":"purchasable","14":"product-type-simple"},"yoast_head":"<!-- This site is optimized with the Yoast SEO plugin v27.5 - https:\/\/yoast.com\/product\/yoast-seo-wordpress\/ -->\n<title>Blackstone 28\u201d Drop-in Griddle Cover - Blackstone Griddles<\/title>\n<meta name=\"robots\" content=\"index, follow, max-snippet:-1, max-image-preview:large, max-video-preview:-1\" \/>\n<link rel=\"canonical\" href=\"https:\/\/blackstonegriddles.ca\/fr\/produit\/blackstone-28-couvercle-de-plaque-de-cuisson-encastrable\/\" \/>\n<meta property=\"og:locale\" content=\"fr_CA\" \/>\n<meta property=\"og:type\" content=\"article\" \/>\n<meta property=\"og:title\" content=\"Blackstone 28\u201d Drop-in Griddle Cover - Blackstone Griddles\" \/>\n<meta property=\"og:description\" content=\"Protect your 28\u201d drop-in griddle from the elements with the Blackstone 28\u201d Drop-in Griddle Cover. Built for durability and everyday outdoor use, this cover helps shield your griddle from rain, UV exposure, and general wear. Made from heavy-duty, weather-resistant material, it features a fleece-lined interior to help protect stainless steel surfaces. With magnets for secure attachment and weighted corners for added stability, the cover stays in place even in windy conditions.\" \/>\n<meta property=\"og:url\" content=\"https:\/\/blackstonegriddles.ca\/fr\/produit\/blackstone-28-couvercle-de-plaque-de-cuisson-encastrable\/\" \/>\n<meta property=\"og:site_name\" content=\"Blackstone Griddles\" \/>\n<meta property=\"article:publisher\" content=\"https:\/\/www.facebook.com\/blackstoneproducts\/\" \/>\n<meta property=\"article:modified_time\" content=\"2026-04-23T18:16:30+00:00\" \/>\n<meta property=\"og:image\" content=\"https:\/\/blackstonegriddles.ca\/wp-content\/uploads\/2026\/03\/5957.png\" \/>\n\t<meta property=\"og:image:width\" content=\"616\" \/>\n\t<meta property=\"og:image:height\" content=\"431\" \/>\n\t<meta property=\"og:image:type\" content=\"image\/png\" \/>\n<meta name=\"twitter:card\" content=\"summary_large_image\" \/>\n<meta name=\"twitter:site\" content=\"@weareblackstone\" \/>\n<meta name=\"twitter:label1\" content=\"Estimation du temps de lecture\" \/>\n\t<meta name=\"twitter:data1\" content=\"1 minute\" \/>\n<script type=\"application\/ld+json\" class=\"yoast-schema-graph\">{\"@context\":\"https:\\\/\\\/schema.org\",\"@graph\":[{\"@type\":\"WebPage\",\"@id\":\"https:\\\/\\\/blackstonegriddles.ca\\\/product\\\/blackstone-28-drop-in-griddle-cover\\\/\",\"url\":\"https:\\\/\\\/blackstonegriddles.ca\\\/product\\\/blackstone-28-drop-in-griddle-cover\\\/\",\"name\":\"Blackstone 28\u201d Drop-in Griddle Cover - Blackstone Griddles\",\"isPartOf\":{\"@id\":\"https:\\\/\\\/blackstonegriddles.ca\\\/#website\"},\"primaryImageOfPage\":{\"@id\":\"https:\\\/\\\/blackstonegriddles.ca\\\/product\\\/blackstone-28-drop-in-griddle-cover\\\/#primaryimage\"},\"image\":{\"@id\":\"https:\\\/\\\/blackstonegriddles.ca\\\/product\\\/blackstone-28-drop-in-griddle-cover\\\/#primaryimage\"},\"thumbnailUrl\":\"https:\\\/\\\/blackstonegriddles.ca\\\/wp-content\\\/uploads\\\/2026\\\/03\\\/5957.png\",\"datePublished\":\"2026-03-12T16:54:23+00:00\",\"dateModified\":\"2026-04-23T18:16:30+00:00\",\"breadcrumb\":{\"@id\":\"https:\\\/\\\/blackstonegriddles.ca\\\/product\\\/blackstone-28-drop-in-griddle-cover\\\/#breadcrumb\"},\"inLanguage\":\"fr-CA\",\"potentialAction\":[{\"@type\":\"ReadAction\",\"target\":[\"https:\\\/\\\/blackstonegriddles.ca\\\/product\\\/blackstone-28-drop-in-griddle-cover\\\/\"]}]},{\"@type\":\"ImageObject\",\"inLanguage\":\"fr-CA\",\"@id\":\"https:\\\/\\\/blackstonegriddles.ca\\\/product\\\/blackstone-28-drop-in-griddle-cover\\\/#primaryimage\",\"url\":\"https:\\\/\\\/blackstonegriddles.ca\\\/wp-content\\\/uploads\\\/2026\\\/03\\\/5957.png\",\"contentUrl\":\"https:\\\/\\\/blackstonegriddles.ca\\\/wp-content\\\/uploads\\\/2026\\\/03\\\/5957.png\",\"width\":616,\"height\":431},{\"@type\":\"BreadcrumbList\",\"@id\":\"https:\\\/\\\/blackstonegriddles.ca\\\/product\\\/blackstone-28-drop-in-griddle-cover\\\/#breadcrumb\",\"itemListElement\":[{\"@type\":\"ListItem\",\"position\":1,\"name\":\"Home\",\"item\":\"https:\\\/\\\/blackstonegriddles.ca\\\/\"},{\"@type\":\"ListItem\",\"position\":2,\"name\":\"Shop\",\"item\":\"https:\\\/\\\/blackstonegriddles.ca\\\/shop\\\/\"},{\"@type\":\"ListItem\",\"position\":3,\"name\":\"Blackstone 28\u201d Drop-in Griddle Cover\"}]},{\"@type\":\"WebSite\",\"@id\":\"https:\\\/\\\/blackstonegriddles.ca\\\/#website\",\"url\":\"https:\\\/\\\/blackstonegriddles.ca\\\/\",\"name\":\"Blackstone Griddles Canada\",\"description\":\"Blackstone Griddles official licensed dealer Canada\",\"publisher\":{\"@id\":\"https:\\\/\\\/blackstonegriddles.ca\\\/#organization\"},\"potentialAction\":[{\"@type\":\"SearchAction\",\"target\":{\"@type\":\"EntryPoint\",\"urlTemplate\":\"https:\\\/\\\/blackstonegriddles.ca\\\/?s={search_term_string}\"},\"query-input\":{\"@type\":\"PropertyValueSpecification\",\"valueRequired\":true,\"valueName\":\"search_term_string\"}}],\"inLanguage\":\"fr-CA\"},{\"@type\":\"Organization\",\"@id\":\"https:\\\/\\\/blackstonegriddles.ca\\\/#organization\",\"name\":\"Blackstone Griddles Canada\",\"url\":\"https:\\\/\\\/blackstonegriddles.ca\\\/\",\"logo\":{\"@type\":\"ImageObject\",\"inLanguage\":\"fr-CA\",\"@id\":\"https:\\\/\\\/blackstonegriddles.ca\\\/#\\\/schema\\\/logo\\\/image\\\/\",\"url\":\"https:\\\/\\\/blackstonegriddles.ca\\\/wp-content\\\/uploads\\\/2025\\\/02\\\/blackstone-fire-logo.webp\",\"contentUrl\":\"https:\\\/\\\/blackstonegriddles.ca\\\/wp-content\\\/uploads\\\/2025\\\/02\\\/blackstone-fire-logo.webp\",\"width\":53,\"height\":58,\"caption\":\"Blackstone Griddles Canada\"},\"image\":{\"@id\":\"https:\\\/\\\/blackstonegriddles.ca\\\/#\\\/schema\\\/logo\\\/image\\\/\"},\"sameAs\":[\"https:\\\/\\\/www.facebook.com\\\/blackstoneproducts\\\/\",\"https:\\\/\\\/x.com\\\/weareblackstone\",\"https:\\\/\\\/www.instagram.com\\\/blackstoneproducts\\\/\",\"https:\\\/\\\/www.youtube.com\\\/channel\\\/UCr39rimir8y3p-q1iQYidVA\"]}]}<\/script>\n<!-- \/ Yoast SEO plugin. -->","yoast_head_json":{"title":"Blackstone 28\u201d Drop-in Griddle Cover - Blackstone Griddles","robots":{"index":"index","follow":"follow","max-snippet":"max-snippet:-1","max-image-preview":"max-image-preview:large","max-video-preview":"max-video-preview:-1"},"canonical":"https:\/\/blackstonegriddles.ca\/fr\/produit\/blackstone-28-couvercle-de-plaque-de-cuisson-encastrable\/","og_locale":"fr_CA","og_type":"article","og_title":"Blackstone 28\u201d Drop-in Griddle Cover - Blackstone Griddles","og_description":"Protect your 28\u201d drop-in griddle from the elements with the Blackstone 28\u201d Drop-in Griddle Cover. Built for durability and everyday outdoor use, this cover helps shield your griddle from rain, UV exposure, and general wear. Made from heavy-duty, weather-resistant material, it features a fleece-lined interior to help protect stainless steel surfaces. With magnets for secure attachment and weighted corners for added stability, the cover stays in place even in windy conditions.","og_url":"https:\/\/blackstonegriddles.ca\/fr\/produit\/blackstone-28-couvercle-de-plaque-de-cuisson-encastrable\/","og_site_name":"Blackstone Griddles","article_publisher":"https:\/\/www.facebook.com\/blackstoneproducts\/","article_modified_time":"2026-04-23T18:16:30+00:00","og_image":[{"width":616,"height":431,"url":"https:\/\/blackstonegriddles.ca\/wp-content\/uploads\/2026\/03\/5957.png","type":"image\/png"}],"twitter_card":"summary_large_image","twitter_site":"@weareblackstone","twitter_misc":{"Estimation du temps de lecture":"1 minute"},"schema":{"@context":"https:\/\/schema.org","@graph":[{"@type":"WebPage","@id":"https:\/\/blackstonegriddles.ca\/product\/blackstone-28-drop-in-griddle-cover\/","url":"https:\/\/blackstonegriddles.ca\/product\/blackstone-28-drop-in-griddle-cover\/","name":"Blackstone 28\u201d Drop-in Griddle Cover - Blackstone Griddles","isPartOf":{"@id":"https:\/\/blackstonegriddles.ca\/#website"},"primaryImageOfPage":{"@id":"https:\/\/blackstonegriddles.ca\/product\/blackstone-28-drop-in-griddle-cover\/#primaryimage"},"image":{"@id":"https:\/\/blackstonegriddles.ca\/product\/blackstone-28-drop-in-griddle-cover\/#primaryimage"},"thumbnailUrl":"https:\/\/blackstonegriddles.ca\/wp-content\/uploads\/2026\/03\/5957.png","datePublished":"2026-03-12T16:54:23+00:00","dateModified":"2026-04-23T18:16:30+00:00","breadcrumb":{"@id":"https:\/\/blackstonegriddles.ca\/product\/blackstone-28-drop-in-griddle-cover\/#breadcrumb"},"inLanguage":"fr-CA","potentialAction":[{"@type":"ReadAction","target":["https:\/\/blackstonegriddles.ca\/product\/blackstone-28-drop-in-griddle-cover\/"]}]},{"@type":"ImageObject","inLanguage":"fr-CA","@id":"https:\/\/blackstonegriddles.ca\/product\/blackstone-28-drop-in-griddle-cover\/#primaryimage","url":"https:\/\/blackstonegriddles.ca\/wp-content\/uploads\/2026\/03\/5957.png","contentUrl":"https:\/\/blackstonegriddles.ca\/wp-content\/uploads\/2026\/03\/5957.png","width":616,"height":431},{"@type":"BreadcrumbList","@id":"https:\/\/blackstonegriddles.ca\/product\/blackstone-28-drop-in-griddle-cover\/#breadcrumb","itemListElement":[{"@type":"ListItem","position":1,"name":"Home","item":"https:\/\/blackstonegriddles.ca\/"},{"@type":"ListItem","position":2,"name":"Shop","item":"https:\/\/blackstonegriddles.ca\/shop\/"},{"@type":"ListItem","position":3,"name":"Blackstone 28\u201d Drop-in Griddle Cover"}]},{"@type":"WebSite","@id":"https:\/\/blackstonegriddles.ca\/#website","url":"https:\/\/blackstonegriddles.ca\/","name":"Grils Blackstone Canada","description":"Blackstone Griddles distributeur officiel agr\u00e9\u00e9 Canada","publisher":{"@id":"https:\/\/blackstonegriddles.ca\/#organization"},"potentialAction":[{"@type":"SearchAction","target":{"@type":"EntryPoint","urlTemplate":"https:\/\/blackstonegriddles.ca\/?s={search_term_string}"},"query-input":{"@type":"PropertyValueSpecification","valueRequired":true,"valueName":"search_term_string"}}],"inLanguage":"fr-CA"},{"@type":"Organization","@id":"https:\/\/blackstonegriddles.ca\/#organization","name":"Grils Blackstone Canada","url":"https:\/\/blackstonegriddles.ca\/","logo":{"@type":"ImageObject","inLanguage":"fr-CA","@id":"https:\/\/blackstonegriddles.ca\/#\/schema\/logo\/image\/","url":"https:\/\/blackstonegriddles.ca\/wp-content\/uploads\/2025\/02\/blackstone-fire-logo.webp","contentUrl":"https:\/\/blackstonegriddles.ca\/wp-content\/uploads\/2025\/02\/blackstone-fire-logo.webp","width":53,"height":58,"caption":"Blackstone Griddles Canada"},"image":{"@id":"https:\/\/blackstonegriddles.ca\/#\/schema\/logo\/image\/"},"sameAs":["https:\/\/www.facebook.com\/blackstoneproducts\/","https:\/\/x.com\/weareblackstone","https:\/\/www.instagram.com\/blackstoneproducts\/","https:\/\/www.youtube.com\/channel\/UCr39rimir8y3p-q1iQYidVA"]}]}},"_links":{"self":[{"href":"https:\/\/blackstonegriddles.ca\/fr\/wp-json\/wp\/v2\/product\/51590","targetHints":{"allow":["GET"]}}],"collection":[{"href":"https:\/\/blackstonegriddles.ca\/fr\/wp-json\/wp\/v2\/product"}],"about":[{"href":"https:\/\/blackstonegriddles.ca\/fr\/wp-json\/wp\/v2\/types\/product"}],"wp:featuredmedia":[{"embeddable":true,"href":"https:\/\/blackstonegriddles.ca\/fr\/wp-json\/wp\/v2\/media\/51591"}],"wp:attachment":[{"href":"https:\/\/blackstonegriddles.ca\/fr\/wp-json\/wp\/v2\/media?parent=51590"}],"wp:term":[{"taxonomy":"product_brand","embeddable":true,"href":"https:\/\/blackstonegriddles.ca\/fr\/wp-json\/wp\/v2\/product_brand?post=51590"},{"taxonomy":"product_cat","embeddable":true,"href":"https:\/\/blackstonegriddles.ca\/fr\/wp-json\/wp\/v2\/product_cat?post=51590"},{"taxonomy":"product_tag","embeddable":true,"href":"https:\/\/blackstonegriddles.ca\/fr\/wp-json\/wp\/v2\/product_tag?post=51590"}],"curies":[{"name":"wp","href":"https:\/\/api.w.org\/{rel}","templated":true}]}}