{"id":51592,"date":"2026-03-12T16:56:55","date_gmt":"2026-03-12T16:56:55","guid":{"rendered":"https:\/\/blackstonegriddles.ca\/?post_type=product&#038;p=51592"},"modified":"2026-03-12T16:56:56","modified_gmt":"2026-03-12T16:56:56","slug":"blackstone-griddle-seasoning-cast-iron-conditioner-bacon-aroma","status":"publish","type":"product","link":"https:\/\/blackstonegriddles.ca\/fr\/product\/blackstone-griddle-seasoning-cast-iron-conditioner-bacon-aroma\/","title":{"rendered":"Assaisonnement pour gril et conditionneur pour fonte Blackstone - Ar\u00f4me de bacon"},"content":{"rendered":"<ul class=\"features-specs-list\">\n<li class=\"acumin\">La formule 2 en 1 pour les plaques de cuisson permet d'assaisonner et de prot\u00e9ger votre plaque de cuisson.<\/li>\n<li class=\"acumin\">Les ingr\u00e9dients comprennent un m\u00e9lange exclusif d'huile de coco, de graisse de soja et de cire d'abeille.<\/li>\n<li class=\"acumin\">Poids net 9,6 oz.<\/li>\n<li class=\"acumin\">Fabriqu\u00e9 aux \u00c9tats-Unis.<\/li>\n<\/ul>","protected":false},"excerpt":{"rendered":"<p>Prot\u00e9gez et assaisonnez votre plaque de gril avec l'assaisonnement pour gril et le conditionneur pour fonte 2 en 1 \u00e0 l'ar\u00f4me de bacon. Le m\u00e9lange d'huiles brevet\u00e9 emp\u00eache les aliments d'adh\u00e9rer \u00e0 votre plaque de gril Blackstone ou \u00e0 votre po\u00eale en fonte, et assure l'\u00e9tanch\u00e9it\u00e9 et l'assaisonnement de la plaque de gril, avec en prime un agr\u00e9able ar\u00f4me de bacon. Con\u00e7u pour les plaques de cuisson Blackstone, l'assaisonnement pour plaque de cuisson et conditionneur pour fonte garantit que votre plaque est pr\u00eate \u00e0 pr\u00e9parer le petit-d\u00e9jeuner, le d\u00e9jeuner et le d\u00eener !<\/p>","protected":false},"featured_media":51593,"template":"","meta":[],"product_brand":[],"product_cat":[138,263],"product_tag":[],"class_list":{"0":"post-51592","1":"product","2":"type-product","3":"status-publish","4":"has-post-thumbnail","6":"product_cat-accessories","7":"product_cat-conditioners-cleaning","9":"first","10":"outofstock","11":"taxable","12":"shipping-taxable","13":"purchasable","14":"product-type-simple"},"yoast_head":"<!-- This site is optimized with the Yoast SEO plugin v27.4 - https:\/\/yoast.com\/product\/yoast-seo-wordpress\/ -->\n<title>Blackstone Griddle Seasoning &amp; Cast Iron Conditioner - Bacon Aroma - Blackstone Griddles<\/title>\n<meta name=\"robots\" content=\"index, follow, max-snippet:-1, max-image-preview:large, max-video-preview:-1\" \/>\n<link rel=\"canonical\" href=\"https:\/\/blackstonegriddles.ca\/fr\/produit\/blackstone-griddle-seasoning-cast-iron-conditioner-bacon-aroma\/\" \/>\n<meta property=\"og:locale\" content=\"fr_CA\" \/>\n<meta property=\"og:type\" content=\"article\" \/>\n<meta property=\"og:title\" content=\"Blackstone Griddle Seasoning &amp; Cast Iron Conditioner - Bacon Aroma - Blackstone Griddles\" \/>\n<meta property=\"og:description\" content=\"Protect and season your griddle top with the 2-in-1 Griddle Seasoning &amp; Cast Iron Conditioner featuring bacon aroma. The proprietary blend of oils prevents food from sticking to your Blackstone griddle top, or cast iron pan, and provides a sealed and seasoned griddle plate, with the bonus of a pleasing bacon aroma. Engineered for Blackstone griddles, the Griddle Seasoning and Cast Iron Conditioner ensures your griddle is prepared to cook breakfast, lunch, and dinner!\" \/>\n<meta property=\"og:url\" content=\"https:\/\/blackstonegriddles.ca\/fr\/produit\/blackstone-griddle-seasoning-cast-iron-conditioner-bacon-aroma\/\" \/>\n<meta property=\"og:site_name\" content=\"Blackstone Griddles\" \/>\n<meta property=\"article:publisher\" content=\"https:\/\/www.facebook.com\/blackstoneproducts\/\" \/>\n<meta property=\"article:modified_time\" content=\"2026-03-12T16:56:56+00:00\" \/>\n<meta property=\"og:image\" content=\"https:\/\/blackstonegriddles.ca\/wp-content\/uploads\/2026\/03\/4265.png\" \/>\n\t<meta property=\"og:image:width\" content=\"503\" \/>\n\t<meta property=\"og:image:height\" content=\"447\" \/>\n\t<meta property=\"og:image:type\" content=\"image\/png\" \/>\n<meta name=\"twitter:card\" content=\"summary_large_image\" \/>\n<meta name=\"twitter:site\" content=\"@weareblackstone\" \/>\n<meta name=\"twitter:label1\" content=\"Estimation du temps de lecture\" \/>\n\t<meta name=\"twitter:data1\" content=\"1 minute\" \/>\n<script type=\"application\/ld+json\" class=\"yoast-schema-graph\">{\"@context\":\"https:\\\/\\\/schema.org\",\"@graph\":[{\"@type\":\"WebPage\",\"@id\":\"https:\\\/\\\/blackstonegriddles.ca\\\/product\\\/blackstone-griddle-seasoning-cast-iron-conditioner-bacon-aroma\\\/\",\"url\":\"https:\\\/\\\/blackstonegriddles.ca\\\/product\\\/blackstone-griddle-seasoning-cast-iron-conditioner-bacon-aroma\\\/\",\"name\":\"Blackstone Griddle Seasoning &amp; Cast Iron Conditioner - Bacon Aroma - Blackstone Griddles\",\"isPartOf\":{\"@id\":\"https:\\\/\\\/blackstonegriddles.ca\\\/#website\"},\"primaryImageOfPage\":{\"@id\":\"https:\\\/\\\/blackstonegriddles.ca\\\/product\\\/blackstone-griddle-seasoning-cast-iron-conditioner-bacon-aroma\\\/#primaryimage\"},\"image\":{\"@id\":\"https:\\\/\\\/blackstonegriddles.ca\\\/product\\\/blackstone-griddle-seasoning-cast-iron-conditioner-bacon-aroma\\\/#primaryimage\"},\"thumbnailUrl\":\"https:\\\/\\\/blackstonegriddles.ca\\\/wp-content\\\/uploads\\\/2026\\\/03\\\/4265.png\",\"datePublished\":\"2026-03-12T16:56:55+00:00\",\"dateModified\":\"2026-03-12T16:56:56+00:00\",\"breadcrumb\":{\"@id\":\"https:\\\/\\\/blackstonegriddles.ca\\\/product\\\/blackstone-griddle-seasoning-cast-iron-conditioner-bacon-aroma\\\/#breadcrumb\"},\"inLanguage\":\"fr-CA\",\"potentialAction\":[{\"@type\":\"ReadAction\",\"target\":[\"https:\\\/\\\/blackstonegriddles.ca\\\/product\\\/blackstone-griddle-seasoning-cast-iron-conditioner-bacon-aroma\\\/\"]}]},{\"@type\":\"ImageObject\",\"inLanguage\":\"fr-CA\",\"@id\":\"https:\\\/\\\/blackstonegriddles.ca\\\/product\\\/blackstone-griddle-seasoning-cast-iron-conditioner-bacon-aroma\\\/#primaryimage\",\"url\":\"https:\\\/\\\/blackstonegriddles.ca\\\/wp-content\\\/uploads\\\/2026\\\/03\\\/4265.png\",\"contentUrl\":\"https:\\\/\\\/blackstonegriddles.ca\\\/wp-content\\\/uploads\\\/2026\\\/03\\\/4265.png\",\"width\":503,\"height\":447},{\"@type\":\"BreadcrumbList\",\"@id\":\"https:\\\/\\\/blackstonegriddles.ca\\\/product\\\/blackstone-griddle-seasoning-cast-iron-conditioner-bacon-aroma\\\/#breadcrumb\",\"itemListElement\":[{\"@type\":\"ListItem\",\"position\":1,\"name\":\"Home\",\"item\":\"https:\\\/\\\/blackstonegriddles.ca\\\/\"},{\"@type\":\"ListItem\",\"position\":2,\"name\":\"Shop\",\"item\":\"https:\\\/\\\/blackstonegriddles.ca\\\/shop\\\/\"},{\"@type\":\"ListItem\",\"position\":3,\"name\":\"Blackstone Griddle Seasoning &amp; Cast Iron Conditioner &#8211; Bacon Aroma\"}]},{\"@type\":\"WebSite\",\"@id\":\"https:\\\/\\\/blackstonegriddles.ca\\\/#website\",\"url\":\"https:\\\/\\\/blackstonegriddles.ca\\\/\",\"name\":\"Blackstone Griddles Canada\",\"description\":\"Blackstone Griddles official licensed dealer Canada\",\"publisher\":{\"@id\":\"https:\\\/\\\/blackstonegriddles.ca\\\/#organization\"},\"potentialAction\":[{\"@type\":\"SearchAction\",\"target\":{\"@type\":\"EntryPoint\",\"urlTemplate\":\"https:\\\/\\\/blackstonegriddles.ca\\\/?s={search_term_string}\"},\"query-input\":{\"@type\":\"PropertyValueSpecification\",\"valueRequired\":true,\"valueName\":\"search_term_string\"}}],\"inLanguage\":\"fr-CA\"},{\"@type\":\"Organization\",\"@id\":\"https:\\\/\\\/blackstonegriddles.ca\\\/#organization\",\"name\":\"Blackstone Griddles Canada\",\"url\":\"https:\\\/\\\/blackstonegriddles.ca\\\/\",\"logo\":{\"@type\":\"ImageObject\",\"inLanguage\":\"fr-CA\",\"@id\":\"https:\\\/\\\/blackstonegriddles.ca\\\/#\\\/schema\\\/logo\\\/image\\\/\",\"url\":\"https:\\\/\\\/blackstonegriddles.ca\\\/wp-content\\\/uploads\\\/2025\\\/02\\\/blackstone-fire-logo.webp\",\"contentUrl\":\"https:\\\/\\\/blackstonegriddles.ca\\\/wp-content\\\/uploads\\\/2025\\\/02\\\/blackstone-fire-logo.webp\",\"width\":53,\"height\":58,\"caption\":\"Blackstone Griddles Canada\"},\"image\":{\"@id\":\"https:\\\/\\\/blackstonegriddles.ca\\\/#\\\/schema\\\/logo\\\/image\\\/\"},\"sameAs\":[\"https:\\\/\\\/www.facebook.com\\\/blackstoneproducts\\\/\",\"https:\\\/\\\/x.com\\\/weareblackstone\",\"https:\\\/\\\/www.instagram.com\\\/blackstoneproducts\\\/\",\"https:\\\/\\\/www.youtube.com\\\/channel\\\/UCr39rimir8y3p-q1iQYidVA\"]}]}<\/script>\n<!-- \/ Yoast SEO plugin. -->","yoast_head_json":{"title":"Blackstone Griddle Seasoning &amp; Cast Iron Conditioner - Bacon Aroma - Blackstone Griddles","robots":{"index":"index","follow":"follow","max-snippet":"max-snippet:-1","max-image-preview":"max-image-preview:large","max-video-preview":"max-video-preview:-1"},"canonical":"https:\/\/blackstonegriddles.ca\/fr\/produit\/blackstone-griddle-seasoning-cast-iron-conditioner-bacon-aroma\/","og_locale":"fr_CA","og_type":"article","og_title":"Blackstone Griddle Seasoning &amp; Cast Iron Conditioner - Bacon Aroma - Blackstone Griddles","og_description":"Protect and season your griddle top with the 2-in-1 Griddle Seasoning &amp; Cast Iron Conditioner featuring bacon aroma. The proprietary blend of oils prevents food from sticking to your Blackstone griddle top, or cast iron pan, and provides a sealed and seasoned griddle plate, with the bonus of a pleasing bacon aroma. Engineered for Blackstone griddles, the Griddle Seasoning and Cast Iron Conditioner ensures your griddle is prepared to cook breakfast, lunch, and dinner!","og_url":"https:\/\/blackstonegriddles.ca\/fr\/produit\/blackstone-griddle-seasoning-cast-iron-conditioner-bacon-aroma\/","og_site_name":"Blackstone Griddles","article_publisher":"https:\/\/www.facebook.com\/blackstoneproducts\/","article_modified_time":"2026-03-12T16:56:56+00:00","og_image":[{"width":503,"height":447,"url":"https:\/\/blackstonegriddles.ca\/wp-content\/uploads\/2026\/03\/4265.png","type":"image\/png"}],"twitter_card":"summary_large_image","twitter_site":"@weareblackstone","twitter_misc":{"Estimation du temps de lecture":"1 minute"},"schema":{"@context":"https:\/\/schema.org","@graph":[{"@type":"WebPage","@id":"https:\/\/blackstonegriddles.ca\/product\/blackstone-griddle-seasoning-cast-iron-conditioner-bacon-aroma\/","url":"https:\/\/blackstonegriddles.ca\/product\/blackstone-griddle-seasoning-cast-iron-conditioner-bacon-aroma\/","name":"Blackstone Griddle Seasoning &amp; Cast Iron Conditioner - Bacon Aroma - Blackstone Griddles","isPartOf":{"@id":"https:\/\/blackstonegriddles.ca\/#website"},"primaryImageOfPage":{"@id":"https:\/\/blackstonegriddles.ca\/product\/blackstone-griddle-seasoning-cast-iron-conditioner-bacon-aroma\/#primaryimage"},"image":{"@id":"https:\/\/blackstonegriddles.ca\/product\/blackstone-griddle-seasoning-cast-iron-conditioner-bacon-aroma\/#primaryimage"},"thumbnailUrl":"https:\/\/blackstonegriddles.ca\/wp-content\/uploads\/2026\/03\/4265.png","datePublished":"2026-03-12T16:56:55+00:00","dateModified":"2026-03-12T16:56:56+00:00","breadcrumb":{"@id":"https:\/\/blackstonegriddles.ca\/product\/blackstone-griddle-seasoning-cast-iron-conditioner-bacon-aroma\/#breadcrumb"},"inLanguage":"fr-CA","potentialAction":[{"@type":"ReadAction","target":["https:\/\/blackstonegriddles.ca\/product\/blackstone-griddle-seasoning-cast-iron-conditioner-bacon-aroma\/"]}]},{"@type":"ImageObject","inLanguage":"fr-CA","@id":"https:\/\/blackstonegriddles.ca\/product\/blackstone-griddle-seasoning-cast-iron-conditioner-bacon-aroma\/#primaryimage","url":"https:\/\/blackstonegriddles.ca\/wp-content\/uploads\/2026\/03\/4265.png","contentUrl":"https:\/\/blackstonegriddles.ca\/wp-content\/uploads\/2026\/03\/4265.png","width":503,"height":447},{"@type":"BreadcrumbList","@id":"https:\/\/blackstonegriddles.ca\/product\/blackstone-griddle-seasoning-cast-iron-conditioner-bacon-aroma\/#breadcrumb","itemListElement":[{"@type":"ListItem","position":1,"name":"Home","item":"https:\/\/blackstonegriddles.ca\/"},{"@type":"ListItem","position":2,"name":"Shop","item":"https:\/\/blackstonegriddles.ca\/shop\/"},{"@type":"ListItem","position":3,"name":"Blackstone Griddle Seasoning &amp; Cast Iron Conditioner &#8211; Bacon Aroma"}]},{"@type":"WebSite","@id":"https:\/\/blackstonegriddles.ca\/#website","url":"https:\/\/blackstonegriddles.ca\/","name":"Grils Blackstone Canada","description":"Blackstone Griddles distributeur officiel agr\u00e9\u00e9 Canada","publisher":{"@id":"https:\/\/blackstonegriddles.ca\/#organization"},"potentialAction":[{"@type":"SearchAction","target":{"@type":"EntryPoint","urlTemplate":"https:\/\/blackstonegriddles.ca\/?s={search_term_string}"},"query-input":{"@type":"PropertyValueSpecification","valueRequired":true,"valueName":"search_term_string"}}],"inLanguage":"fr-CA"},{"@type":"Organization","@id":"https:\/\/blackstonegriddles.ca\/#organization","name":"Grils Blackstone Canada","url":"https:\/\/blackstonegriddles.ca\/","logo":{"@type":"ImageObject","inLanguage":"fr-CA","@id":"https:\/\/blackstonegriddles.ca\/#\/schema\/logo\/image\/","url":"https:\/\/blackstonegriddles.ca\/wp-content\/uploads\/2025\/02\/blackstone-fire-logo.webp","contentUrl":"https:\/\/blackstonegriddles.ca\/wp-content\/uploads\/2025\/02\/blackstone-fire-logo.webp","width":53,"height":58,"caption":"Blackstone Griddles Canada"},"image":{"@id":"https:\/\/blackstonegriddles.ca\/#\/schema\/logo\/image\/"},"sameAs":["https:\/\/www.facebook.com\/blackstoneproducts\/","https:\/\/x.com\/weareblackstone","https:\/\/www.instagram.com\/blackstoneproducts\/","https:\/\/www.youtube.com\/channel\/UCr39rimir8y3p-q1iQYidVA"]}]}},"_links":{"self":[{"href":"https:\/\/blackstonegriddles.ca\/fr\/wp-json\/wp\/v2\/product\/51592","targetHints":{"allow":["GET"]}}],"collection":[{"href":"https:\/\/blackstonegriddles.ca\/fr\/wp-json\/wp\/v2\/product"}],"about":[{"href":"https:\/\/blackstonegriddles.ca\/fr\/wp-json\/wp\/v2\/types\/product"}],"wp:featuredmedia":[{"embeddable":true,"href":"https:\/\/blackstonegriddles.ca\/fr\/wp-json\/wp\/v2\/media\/51593"}],"wp:attachment":[{"href":"https:\/\/blackstonegriddles.ca\/fr\/wp-json\/wp\/v2\/media?parent=51592"}],"wp:term":[{"taxonomy":"product_brand","embeddable":true,"href":"https:\/\/blackstonegriddles.ca\/fr\/wp-json\/wp\/v2\/product_brand?post=51592"},{"taxonomy":"product_cat","embeddable":true,"href":"https:\/\/blackstonegriddles.ca\/fr\/wp-json\/wp\/v2\/product_cat?post=51592"},{"taxonomy":"product_tag","embeddable":true,"href":"https:\/\/blackstonegriddles.ca\/fr\/wp-json\/wp\/v2\/product_tag?post=51592"}],"curies":[{"name":"wp","href":"https:\/\/api.w.org\/{rel}","templated":true}]}}