{"id":51595,"date":"2026-03-12T16:57:37","date_gmt":"2026-03-12T16:57:37","guid":{"rendered":"https:\/\/blackstonegriddles.ca\/?post_type=product&#038;p=51595"},"modified":"2026-04-22T17:24:35","modified_gmt":"2026-04-22T17:24:35","slug":"kit-de-camping-6-pieces-blackstone-adventure-ready","status":"publish","type":"product","link":"https:\/\/blackstonegriddles.ca\/fr\/product\/blackstone-adventure-ready-6-piece-camping-kit\/","title":{"rendered":"Kit de camping 6 pi\u00e8ces Blackstone Adventure Ready"},"content":{"rendered":"<ul class=\"features-specs-list\">\n<li data-section-id=\"ubl8jj\" data-start=\"682\" data-end=\"775\"><strong data-start=\"684\" data-end=\"713\">Kit complet de pr\u00e9paration au camping<\/strong><br data-start=\"713\" data-end=\"716\" \/>Comprend des outils essentiels pour la pr\u00e9paration des aliments en d\u00e9placement<\/li>\n<li data-section-id=\"1p9szsl\" data-start=\"777\" data-end=\"978\"><strong data-start=\"779\" data-end=\"798\">Comprend (Qt\u00e9.)<\/strong>\n<ul data-start=\"803\" data-end=\"978\">\n<li data-section-id=\"1hu2g8n\" data-start=\"803\" data-end=\"827\">Sac de rangement (Qt\u00e9. 1)<\/li>\n<li data-section-id=\"17ej7ev\" data-start=\"830\" data-end=\"864\">Planche \u00e0 d\u00e9couper pliable (Qt\u00e9. 1)<\/li>\n<li data-section-id=\"1q7ayg6\" data-start=\"867\" data-end=\"893\">Couteau de chef 6 po (Qt\u00e9 1)<\/li>\n<li data-section-id=\"6cg8gb\" data-start=\"896\" data-end=\"934\">Ouvre-bo\u00eete et d\u00e9capsuleur combin\u00e9s (Qt\u00e9 1)<\/li>\n<li data-section-id=\"1h4eukd\" data-start=\"937\" data-end=\"956\">Gratter (Qt\u00e9. 1)<\/li>\n<li data-section-id=\"1embev5\" data-start=\"959\" data-end=\"978\">\u00c9conome (Qt\u00e9. 1)<\/li>\n<\/ul>\n<\/li>\n<li data-section-id=\"10h1f70\" data-start=\"980\" data-end=\"1069\"><strong data-start=\"982\" data-end=\"1011\">Design compact et portable<\/strong><br data-start=\"1011\" data-end=\"1014\" \/>Facile \u00e0 ranger et \u00e0 transporter pour le camping et l'utilisation en ext\u00e9rieur<\/li>\n<li data-section-id=\"122tuwa\" data-start=\"1071\" data-end=\"1150\"><strong data-start=\"1073\" data-end=\"1103\">Planche \u00e0 d\u00e9couper peu encombrante<\/strong><br data-start=\"1103\" data-end=\"1106\" \/>La conception pliable permet un rangement pratique<\/li>\n<li data-section-id=\"c5w47e\" data-start=\"1152\" data-end=\"1202\"><strong data-start=\"1154\" data-end=\"1174\">Entretien facile<\/strong><br data-start=\"1174\" data-end=\"1177\" \/>Lavage \u00e0 la main recommand\u00e9<\/li>\n<li data-section-id=\"t945og\" data-start=\"1204\" data-end=\"1260\"><strong data-start=\"1206\" data-end=\"1227\">Garantie d'un an<\/strong><br data-start=\"1227\" data-end=\"1230\" \/>Offre une fiabilit\u00e9 accrue<\/li>\n<\/ul>","protected":false},"excerpt":{"rendered":"<p data-start=\"135\" data-end=\"358\">Gardez vos essentiels de camping \u00e0 port\u00e9e de main avec le kit de camping Blackstone 6 pi\u00e8ces. Con\u00e7u pour la commodit\u00e9 et la portabilit\u00e9, ce kit compact comprend les outils dont vous avez besoin pour pr\u00e9parer des repas o\u00f9 que votre aventure vous m\u00e8ne.<\/p>\n<p data-start=\"360\" data-end=\"654\">Du pelage et du r\u00e2page \u00e0 l'ouverture des bo\u00eetes et des bouteilles, chaque outil soutient votre processus de cuisson avec aisance. La planche \u00e0 d\u00e9couper pliable permet d\u2019\u00e9conomiser de l\u2019espace, tandis que le couteau de chef de 15 cm permet une pr\u00e9paration efficace des repas. Le moment venu de ranger, le sac de rangement inclus facilite le transport de mani\u00e8re simple et organis\u00e9e.<\/p>","protected":false},"featured_media":51596,"template":"","meta":[],"product_brand":[],"product_cat":[138,262],"product_tag":[],"class_list":{"0":"post-51595","1":"product","2":"type-product","3":"status-publish","4":"has-post-thumbnail","6":"product_cat-accessories","7":"product_cat-tool-kits","9":"first","10":"outofstock","11":"taxable","12":"shipping-taxable","13":"purchasable","14":"product-type-simple"},"yoast_head":"<!-- This site is optimized with the Yoast SEO plugin v27.4 - https:\/\/yoast.com\/product\/yoast-seo-wordpress\/ -->\n<title>Blackstone Adventure Ready 6 Piece Camping Kit - Blackstone Griddles<\/title>\n<meta name=\"robots\" content=\"index, follow, max-snippet:-1, max-image-preview:large, max-video-preview:-1\" \/>\n<link rel=\"canonical\" href=\"https:\/\/blackstonegriddles.ca\/fr\/produit\/kit-de-camping-6-pieces-blackstone-adventure-ready\/\" \/>\n<meta property=\"og:locale\" content=\"fr_CA\" \/>\n<meta property=\"og:type\" content=\"article\" \/>\n<meta property=\"og:title\" content=\"Blackstone Adventure Ready 6 Piece Camping Kit - Blackstone Griddles\" \/>\n<meta property=\"og:description\" content=\"Keep your camping essentials within reach with the Blackstone 6 Piece Camping Kit. Designed for convenience and portability, this compact kit includes the tools you need to prepare meals wherever your adventure takes you. From peeling and grating to opening cans and bottles, each tool supports your cooking process with ease. The folding cutting board helps save space, while the 6\u201d chef knife allows for efficient meal prep. When it\u2019s time to pack up, the included storage bag makes transport simple and organized.\" \/>\n<meta property=\"og:url\" content=\"https:\/\/blackstonegriddles.ca\/fr\/produit\/kit-de-camping-6-pieces-blackstone-adventure-ready\/\" \/>\n<meta property=\"og:site_name\" content=\"Blackstone Griddles\" \/>\n<meta property=\"article:publisher\" content=\"https:\/\/www.facebook.com\/blackstoneproducts\/\" \/>\n<meta property=\"article:modified_time\" content=\"2026-04-22T17:24:35+00:00\" \/>\n<meta property=\"og:image\" content=\"https:\/\/blackstonegriddles.ca\/wp-content\/uploads\/2026\/03\/5764.png\" \/>\n\t<meta property=\"og:image:width\" content=\"602\" \/>\n\t<meta property=\"og:image:height\" content=\"588\" \/>\n\t<meta property=\"og:image:type\" content=\"image\/png\" \/>\n<meta name=\"twitter:card\" content=\"summary_large_image\" \/>\n<meta name=\"twitter:site\" content=\"@weareblackstone\" \/>\n<meta name=\"twitter:label1\" content=\"Estimation du temps de lecture\" \/>\n\t<meta name=\"twitter:data1\" content=\"1 minute\" \/>\n<script type=\"application\/ld+json\" class=\"yoast-schema-graph\">{\"@context\":\"https:\\\/\\\/schema.org\",\"@graph\":[{\"@type\":\"WebPage\",\"@id\":\"https:\\\/\\\/blackstonegriddles.ca\\\/product\\\/blackstone-adventure-ready-6-piece-camping-kit\\\/\",\"url\":\"https:\\\/\\\/blackstonegriddles.ca\\\/product\\\/blackstone-adventure-ready-6-piece-camping-kit\\\/\",\"name\":\"Blackstone Adventure Ready 6 Piece Camping Kit - Blackstone Griddles\",\"isPartOf\":{\"@id\":\"https:\\\/\\\/blackstonegriddles.ca\\\/#website\"},\"primaryImageOfPage\":{\"@id\":\"https:\\\/\\\/blackstonegriddles.ca\\\/product\\\/blackstone-adventure-ready-6-piece-camping-kit\\\/#primaryimage\"},\"image\":{\"@id\":\"https:\\\/\\\/blackstonegriddles.ca\\\/product\\\/blackstone-adventure-ready-6-piece-camping-kit\\\/#primaryimage\"},\"thumbnailUrl\":\"https:\\\/\\\/blackstonegriddles.ca\\\/wp-content\\\/uploads\\\/2026\\\/03\\\/5764.png\",\"datePublished\":\"2026-03-12T16:57:37+00:00\",\"dateModified\":\"2026-04-22T17:24:35+00:00\",\"breadcrumb\":{\"@id\":\"https:\\\/\\\/blackstonegriddles.ca\\\/product\\\/blackstone-adventure-ready-6-piece-camping-kit\\\/#breadcrumb\"},\"inLanguage\":\"fr-CA\",\"potentialAction\":[{\"@type\":\"ReadAction\",\"target\":[\"https:\\\/\\\/blackstonegriddles.ca\\\/product\\\/blackstone-adventure-ready-6-piece-camping-kit\\\/\"]}]},{\"@type\":\"ImageObject\",\"inLanguage\":\"fr-CA\",\"@id\":\"https:\\\/\\\/blackstonegriddles.ca\\\/product\\\/blackstone-adventure-ready-6-piece-camping-kit\\\/#primaryimage\",\"url\":\"https:\\\/\\\/blackstonegriddles.ca\\\/wp-content\\\/uploads\\\/2026\\\/03\\\/5764.png\",\"contentUrl\":\"https:\\\/\\\/blackstonegriddles.ca\\\/wp-content\\\/uploads\\\/2026\\\/03\\\/5764.png\",\"width\":602,\"height\":588},{\"@type\":\"BreadcrumbList\",\"@id\":\"https:\\\/\\\/blackstonegriddles.ca\\\/product\\\/blackstone-adventure-ready-6-piece-camping-kit\\\/#breadcrumb\",\"itemListElement\":[{\"@type\":\"ListItem\",\"position\":1,\"name\":\"Home\",\"item\":\"https:\\\/\\\/blackstonegriddles.ca\\\/\"},{\"@type\":\"ListItem\",\"position\":2,\"name\":\"Shop\",\"item\":\"https:\\\/\\\/blackstonegriddles.ca\\\/shop\\\/\"},{\"@type\":\"ListItem\",\"position\":3,\"name\":\"Blackstone Adventure Ready 6 Piece Camping Kit\"}]},{\"@type\":\"WebSite\",\"@id\":\"https:\\\/\\\/blackstonegriddles.ca\\\/#website\",\"url\":\"https:\\\/\\\/blackstonegriddles.ca\\\/\",\"name\":\"Blackstone Griddles Canada\",\"description\":\"Blackstone Griddles official licensed dealer Canada\",\"publisher\":{\"@id\":\"https:\\\/\\\/blackstonegriddles.ca\\\/#organization\"},\"potentialAction\":[{\"@type\":\"SearchAction\",\"target\":{\"@type\":\"EntryPoint\",\"urlTemplate\":\"https:\\\/\\\/blackstonegriddles.ca\\\/?s={search_term_string}\"},\"query-input\":{\"@type\":\"PropertyValueSpecification\",\"valueRequired\":true,\"valueName\":\"search_term_string\"}}],\"inLanguage\":\"fr-CA\"},{\"@type\":\"Organization\",\"@id\":\"https:\\\/\\\/blackstonegriddles.ca\\\/#organization\",\"name\":\"Blackstone Griddles Canada\",\"url\":\"https:\\\/\\\/blackstonegriddles.ca\\\/\",\"logo\":{\"@type\":\"ImageObject\",\"inLanguage\":\"fr-CA\",\"@id\":\"https:\\\/\\\/blackstonegriddles.ca\\\/#\\\/schema\\\/logo\\\/image\\\/\",\"url\":\"https:\\\/\\\/blackstonegriddles.ca\\\/wp-content\\\/uploads\\\/2025\\\/02\\\/blackstone-fire-logo.webp\",\"contentUrl\":\"https:\\\/\\\/blackstonegriddles.ca\\\/wp-content\\\/uploads\\\/2025\\\/02\\\/blackstone-fire-logo.webp\",\"width\":53,\"height\":58,\"caption\":\"Blackstone Griddles Canada\"},\"image\":{\"@id\":\"https:\\\/\\\/blackstonegriddles.ca\\\/#\\\/schema\\\/logo\\\/image\\\/\"},\"sameAs\":[\"https:\\\/\\\/www.facebook.com\\\/blackstoneproducts\\\/\",\"https:\\\/\\\/x.com\\\/weareblackstone\",\"https:\\\/\\\/www.instagram.com\\\/blackstoneproducts\\\/\",\"https:\\\/\\\/www.youtube.com\\\/channel\\\/UCr39rimir8y3p-q1iQYidVA\"]}]}<\/script>\n<!-- \/ Yoast SEO plugin. -->","yoast_head_json":{"title":"Kit de camping 6 pi\u00e8ces Adventure Ready de Blackstone - Blackstone Griddles","robots":{"index":"index","follow":"follow","max-snippet":"max-snippet:-1","max-image-preview":"max-image-preview:large","max-video-preview":"max-video-preview:-1"},"canonical":"https:\/\/blackstonegriddles.ca\/fr\/produit\/kit-de-camping-6-pieces-blackstone-adventure-ready\/","og_locale":"fr_CA","og_type":"article","og_title":"Blackstone Adventure Ready 6 Piece Camping Kit - Blackstone Griddles","og_description":"Keep your camping essentials within reach with the Blackstone 6 Piece Camping Kit. Designed for convenience and portability, this compact kit includes the tools you need to prepare meals wherever your adventure takes you. From peeling and grating to opening cans and bottles, each tool supports your cooking process with ease. The folding cutting board helps save space, while the 6\u201d chef knife allows for efficient meal prep. When it\u2019s time to pack up, the included storage bag makes transport simple and organized.","og_url":"https:\/\/blackstonegriddles.ca\/fr\/produit\/kit-de-camping-6-pieces-blackstone-adventure-ready\/","og_site_name":"Blackstone Griddles","article_publisher":"https:\/\/www.facebook.com\/blackstoneproducts\/","article_modified_time":"2026-04-22T17:24:35+00:00","og_image":[{"width":602,"height":588,"url":"https:\/\/blackstonegriddles.ca\/wp-content\/uploads\/2026\/03\/5764.png","type":"image\/png"}],"twitter_card":"summary_large_image","twitter_site":"@weareblackstone","twitter_misc":{"Estimation du temps de lecture":"1 minute"},"schema":{"@context":"https:\/\/schema.org","@graph":[{"@type":"WebPage","@id":"https:\/\/blackstonegriddles.ca\/product\/blackstone-adventure-ready-6-piece-camping-kit\/","url":"https:\/\/blackstonegriddles.ca\/product\/blackstone-adventure-ready-6-piece-camping-kit\/","name":"Kit de camping 6 pi\u00e8ces Adventure Ready de Blackstone - Blackstone Griddles","isPartOf":{"@id":"https:\/\/blackstonegriddles.ca\/#website"},"primaryImageOfPage":{"@id":"https:\/\/blackstonegriddles.ca\/product\/blackstone-adventure-ready-6-piece-camping-kit\/#primaryimage"},"image":{"@id":"https:\/\/blackstonegriddles.ca\/product\/blackstone-adventure-ready-6-piece-camping-kit\/#primaryimage"},"thumbnailUrl":"https:\/\/blackstonegriddles.ca\/wp-content\/uploads\/2026\/03\/5764.png","datePublished":"2026-03-12T16:57:37+00:00","dateModified":"2026-04-22T17:24:35+00:00","breadcrumb":{"@id":"https:\/\/blackstonegriddles.ca\/product\/blackstone-adventure-ready-6-piece-camping-kit\/#breadcrumb"},"inLanguage":"fr-CA","potentialAction":[{"@type":"ReadAction","target":["https:\/\/blackstonegriddles.ca\/product\/blackstone-adventure-ready-6-piece-camping-kit\/"]}]},{"@type":"ImageObject","inLanguage":"fr-CA","@id":"https:\/\/blackstonegriddles.ca\/product\/blackstone-adventure-ready-6-piece-camping-kit\/#primaryimage","url":"https:\/\/blackstonegriddles.ca\/wp-content\/uploads\/2026\/03\/5764.png","contentUrl":"https:\/\/blackstonegriddles.ca\/wp-content\/uploads\/2026\/03\/5764.png","width":602,"height":588},{"@type":"BreadcrumbList","@id":"https:\/\/blackstonegriddles.ca\/product\/blackstone-adventure-ready-6-piece-camping-kit\/#breadcrumb","itemListElement":[{"@type":"ListItem","position":1,"name":"Home","item":"https:\/\/blackstonegriddles.ca\/"},{"@type":"ListItem","position":2,"name":"Shop","item":"https:\/\/blackstonegriddles.ca\/shop\/"},{"@type":"ListItem","position":3,"name":"Blackstone Adventure Ready 6 Piece Camping Kit"}]},{"@type":"WebSite","@id":"https:\/\/blackstonegriddles.ca\/#website","url":"https:\/\/blackstonegriddles.ca\/","name":"Grils Blackstone Canada","description":"Blackstone Griddles distributeur officiel agr\u00e9\u00e9 Canada","publisher":{"@id":"https:\/\/blackstonegriddles.ca\/#organization"},"potentialAction":[{"@type":"SearchAction","target":{"@type":"EntryPoint","urlTemplate":"https:\/\/blackstonegriddles.ca\/?s={search_term_string}"},"query-input":{"@type":"PropertyValueSpecification","valueRequired":true,"valueName":"search_term_string"}}],"inLanguage":"fr-CA"},{"@type":"Organization","@id":"https:\/\/blackstonegriddles.ca\/#organization","name":"Grils Blackstone Canada","url":"https:\/\/blackstonegriddles.ca\/","logo":{"@type":"ImageObject","inLanguage":"fr-CA","@id":"https:\/\/blackstonegriddles.ca\/#\/schema\/logo\/image\/","url":"https:\/\/blackstonegriddles.ca\/wp-content\/uploads\/2025\/02\/blackstone-fire-logo.webp","contentUrl":"https:\/\/blackstonegriddles.ca\/wp-content\/uploads\/2025\/02\/blackstone-fire-logo.webp","width":53,"height":58,"caption":"Blackstone Griddles Canada"},"image":{"@id":"https:\/\/blackstonegriddles.ca\/#\/schema\/logo\/image\/"},"sameAs":["https:\/\/www.facebook.com\/blackstoneproducts\/","https:\/\/x.com\/weareblackstone","https:\/\/www.instagram.com\/blackstoneproducts\/","https:\/\/www.youtube.com\/channel\/UCr39rimir8y3p-q1iQYidVA"]}]}},"_links":{"self":[{"href":"https:\/\/blackstonegriddles.ca\/fr\/wp-json\/wp\/v2\/product\/51595","targetHints":{"allow":["GET"]}}],"collection":[{"href":"https:\/\/blackstonegriddles.ca\/fr\/wp-json\/wp\/v2\/product"}],"about":[{"href":"https:\/\/blackstonegriddles.ca\/fr\/wp-json\/wp\/v2\/types\/product"}],"wp:featuredmedia":[{"embeddable":true,"href":"https:\/\/blackstonegriddles.ca\/fr\/wp-json\/wp\/v2\/media\/51596"}],"wp:attachment":[{"href":"https:\/\/blackstonegriddles.ca\/fr\/wp-json\/wp\/v2\/media?parent=51595"}],"wp:term":[{"taxonomy":"product_brand","embeddable":true,"href":"https:\/\/blackstonegriddles.ca\/fr\/wp-json\/wp\/v2\/product_brand?post=51595"},{"taxonomy":"product_cat","embeddable":true,"href":"https:\/\/blackstonegriddles.ca\/fr\/wp-json\/wp\/v2\/product_cat?post=51595"},{"taxonomy":"product_tag","embeddable":true,"href":"https:\/\/blackstonegriddles.ca\/fr\/wp-json\/wp\/v2\/product_tag?post=51595"}],"curies":[{"name":"wp","href":"https:\/\/api.w.org\/{rel}","templated":true}]}}