{"id":51599,"date":"2026-03-12T16:59:19","date_gmt":"2026-03-12T16:59:19","guid":{"rendered":"https:\/\/blackstonegriddles.ca\/?post_type=product&#038;p=51599"},"modified":"2026-05-01T14:30:25","modified_gmt":"2026-05-01T14:30:25","slug":"kit-de-luxe-blackstone-iron-forged","status":"publish","type":"product","link":"https:\/\/blackstonegriddles.ca\/fr\/product\/blackstone-iron-forged-deluxe-kit\/","title":{"rendered":"Kit de luxe Blackstone Iron Forged"},"content":{"rendered":"<ul class=\"features-specs-list\">\n<li data-section-id=\"15fvt6g\" data-start=\"605\" data-end=\"703\"><strong data-start=\"607\" data-end=\"636\">Kit Complet d'Outils pour Plancha<\/strong><br data-start=\"636\" data-end=\"639\" \/>Comprend les outils essentiels pour cuisiner, manipuler et nettoyer<\/li>\n<li data-section-id=\"1cm0zgo\" data-start=\"705\" data-end=\"881\"><strong data-start=\"707\" data-end=\"726\">Comprend (Qt\u00e9.)<\/strong>\n<ul data-start=\"731\" data-end=\"881\">\n<li data-section-id=\"gn6ajf\" data-start=\"731\" data-end=\"759\">Racloir pour plaque chauffante (Qt\u00e9. 1)<\/li>\n<li data-section-id=\"dublis\" data-start=\"762\" data-end=\"783\">Spatules (Qt\u00e9. 2)<\/li>\n<li data-section-id=\"1gcz88i\" data-start=\"786\" data-end=\"819\">Flacon souple de 32 oz (Qt\u00e9. 1)<\/li>\n<li data-section-id=\"hseua9\" data-start=\"822\" data-end=\"852\">Pinces racleuses 12\u201d (Qt\u00e9. 1)<\/li>\n<li data-section-id=\"1vngxof\" data-start=\"855\" data-end=\"881\">Pelle \u00e0 cr\u00eapes (Qt\u00e9. 1)<\/li>\n<\/ul>\n<\/li>\n<li data-section-id=\"14o1pqb\" data-start=\"883\" data-end=\"996\"><strong data-start=\"885\" data-end=\"912\">Outils de cuisine polyvalents<\/strong><br data-start=\"912\" data-end=\"915\" \/>Les spatules et les pinces racloirs permettent de d\u00e9placer facilement les aliments sur et hors de la plancha.<\/li>\n<li data-section-id=\"1rqo15o\" data-start=\"998\" data-end=\"1103\"><strong data-start=\"1000\" data-end=\"1022\">Nettoyage efficace<\/strong><br data-start=\"1022\" data-end=\"1025\" \/>Gratte-plaque et flacon compressible aident \u00e0 \u00e9liminer la graisse et les r\u00e9sidus tenaces<\/li>\n<li data-section-id=\"16u68w6\" data-start=\"1105\" data-end=\"1186\"><strong data-start=\"1107\" data-end=\"1126\">Lavable au lave-vaisselle<\/strong><br data-start=\"1126\" data-end=\"1129\" \/>Le panier sup\u00e9rieur recommand\u00e9 pour un nettoyage rapide et pratique<\/li>\n<li data-section-id=\"1caa3r2\" data-start=\"1188\" data-end=\"1262\"><strong data-start=\"1190\" data-end=\"1211\">Garantie d'un an<\/strong><br data-start=\"1211\" data-end=\"1214\" \/>Offre une fiabilit\u00e9 accrue et une plus grande tranquillit\u00e9 d'esprit<\/li>\n<\/ul>","protected":false},"excerpt":{"rendered":"<p data-start=\"159\" data-end=\"359\">Soyez pr\u00eat \u00e0 relever tous les d\u00e9fis culinaires avec le kit Blackstone Iron Forged Deluxe. Con\u00e7u pour la polyvalence et la commodit\u00e9, ce kit comprend les outils essentiels dont vous avez besoin pour cuisiner, manipuler et nettoyer en toute simplicit\u00e9.<\/p>\n<p data-start=\"361\" data-end=\"577\">Du retournement et au d\u00e9placement des aliments \u00e0 la gestion du nettoyage, chaque ustensile est con\u00e7u pour soutenir votre processus de cuisson du d\u00e9but \u00e0 la fin. Avec une conception lavable au lave-vaisselle, le nettoyage est rapide et simple, ce qui le rend id\u00e9al pour une utilisation quotidienne.<\/p>","protected":false},"featured_media":51600,"template":"","meta":[],"product_brand":[],"product_cat":[138,262],"product_tag":[],"class_list":{"0":"post-51599","1":"product","2":"type-product","3":"status-publish","4":"has-post-thumbnail","6":"product_cat-accessories","7":"product_cat-tool-kits","8":"product_shipping_class-accessories","10":"first","11":"instock","12":"taxable","13":"shipping-taxable","14":"purchasable","15":"product-type-simple"},"yoast_head":"<!-- This site is optimized with the Yoast SEO plugin v27.5 - https:\/\/yoast.com\/product\/yoast-seo-wordpress\/ -->\n<title>Blackstone Iron Forged Deluxe Kit - Blackstone Griddles<\/title>\n<meta name=\"robots\" content=\"index, follow, max-snippet:-1, max-image-preview:large, max-video-preview:-1\" \/>\n<link rel=\"canonical\" href=\"https:\/\/blackstonegriddles.ca\/fr\/produit\/kit-de-luxe-blackstone-iron-forged\/\" \/>\n<meta property=\"og:locale\" content=\"fr_CA\" \/>\n<meta property=\"og:type\" content=\"article\" \/>\n<meta property=\"og:title\" content=\"Blackstone Iron Forged Deluxe Kit - Blackstone Griddles\" \/>\n<meta property=\"og:description\" content=\"Be ready to tackle any meal with the Blackstone Iron Forged Deluxe Kit. Designed for versatility and convenience, this kit includes the essential tools you need to cook, handle, and clean with ease. From flipping and moving food to handling cleanup, each tool is built to support your cooking process from start to finish. With a dishwasher-safe design, cleanup is quick and simple, making it ideal for everyday use.\" \/>\n<meta property=\"og:url\" content=\"https:\/\/blackstonegriddles.ca\/fr\/produit\/kit-de-luxe-blackstone-iron-forged\/\" \/>\n<meta property=\"og:site_name\" content=\"Blackstone Griddles\" \/>\n<meta property=\"article:publisher\" content=\"https:\/\/www.facebook.com\/blackstoneproducts\/\" \/>\n<meta property=\"article:modified_time\" content=\"2026-05-01T14:30:25+00:00\" \/>\n<meta property=\"og:image\" content=\"https:\/\/blackstonegriddles.ca\/wp-content\/uploads\/2026\/03\/5989.png\" \/>\n\t<meta property=\"og:image:width\" content=\"494\" \/>\n\t<meta property=\"og:image:height\" content=\"419\" \/>\n\t<meta property=\"og:image:type\" content=\"image\/png\" \/>\n<meta name=\"twitter:card\" content=\"summary_large_image\" \/>\n<meta name=\"twitter:site\" content=\"@weareblackstone\" \/>\n<meta name=\"twitter:label1\" content=\"Estimation du temps de lecture\" \/>\n\t<meta name=\"twitter:data1\" content=\"1 minute\" \/>\n<script type=\"application\/ld+json\" class=\"yoast-schema-graph\">{\"@context\":\"https:\\\/\\\/schema.org\",\"@graph\":[{\"@type\":\"WebPage\",\"@id\":\"https:\\\/\\\/blackstonegriddles.ca\\\/product\\\/blackstone-iron-forged-deluxe-kit\\\/\",\"url\":\"https:\\\/\\\/blackstonegriddles.ca\\\/product\\\/blackstone-iron-forged-deluxe-kit\\\/\",\"name\":\"Blackstone Iron Forged Deluxe Kit - Blackstone Griddles\",\"isPartOf\":{\"@id\":\"https:\\\/\\\/blackstonegriddles.ca\\\/#website\"},\"primaryImageOfPage\":{\"@id\":\"https:\\\/\\\/blackstonegriddles.ca\\\/product\\\/blackstone-iron-forged-deluxe-kit\\\/#primaryimage\"},\"image\":{\"@id\":\"https:\\\/\\\/blackstonegriddles.ca\\\/product\\\/blackstone-iron-forged-deluxe-kit\\\/#primaryimage\"},\"thumbnailUrl\":\"https:\\\/\\\/blackstonegriddles.ca\\\/wp-content\\\/uploads\\\/2026\\\/03\\\/5989.png\",\"datePublished\":\"2026-03-12T16:59:19+00:00\",\"dateModified\":\"2026-05-01T14:30:25+00:00\",\"breadcrumb\":{\"@id\":\"https:\\\/\\\/blackstonegriddles.ca\\\/product\\\/blackstone-iron-forged-deluxe-kit\\\/#breadcrumb\"},\"inLanguage\":\"fr-CA\",\"potentialAction\":[{\"@type\":\"ReadAction\",\"target\":[\"https:\\\/\\\/blackstonegriddles.ca\\\/product\\\/blackstone-iron-forged-deluxe-kit\\\/\"]}]},{\"@type\":\"ImageObject\",\"inLanguage\":\"fr-CA\",\"@id\":\"https:\\\/\\\/blackstonegriddles.ca\\\/product\\\/blackstone-iron-forged-deluxe-kit\\\/#primaryimage\",\"url\":\"https:\\\/\\\/blackstonegriddles.ca\\\/wp-content\\\/uploads\\\/2026\\\/03\\\/5989.png\",\"contentUrl\":\"https:\\\/\\\/blackstonegriddles.ca\\\/wp-content\\\/uploads\\\/2026\\\/03\\\/5989.png\",\"width\":494,\"height\":419},{\"@type\":\"BreadcrumbList\",\"@id\":\"https:\\\/\\\/blackstonegriddles.ca\\\/product\\\/blackstone-iron-forged-deluxe-kit\\\/#breadcrumb\",\"itemListElement\":[{\"@type\":\"ListItem\",\"position\":1,\"name\":\"Home\",\"item\":\"https:\\\/\\\/blackstonegriddles.ca\\\/\"},{\"@type\":\"ListItem\",\"position\":2,\"name\":\"Shop\",\"item\":\"https:\\\/\\\/blackstonegriddles.ca\\\/shop\\\/\"},{\"@type\":\"ListItem\",\"position\":3,\"name\":\"Blackstone Iron Forged Deluxe Kit\"}]},{\"@type\":\"WebSite\",\"@id\":\"https:\\\/\\\/blackstonegriddles.ca\\\/#website\",\"url\":\"https:\\\/\\\/blackstonegriddles.ca\\\/\",\"name\":\"Blackstone Griddles Canada\",\"description\":\"Blackstone Griddles official licensed dealer Canada\",\"publisher\":{\"@id\":\"https:\\\/\\\/blackstonegriddles.ca\\\/#organization\"},\"potentialAction\":[{\"@type\":\"SearchAction\",\"target\":{\"@type\":\"EntryPoint\",\"urlTemplate\":\"https:\\\/\\\/blackstonegriddles.ca\\\/?s={search_term_string}\"},\"query-input\":{\"@type\":\"PropertyValueSpecification\",\"valueRequired\":true,\"valueName\":\"search_term_string\"}}],\"inLanguage\":\"fr-CA\"},{\"@type\":\"Organization\",\"@id\":\"https:\\\/\\\/blackstonegriddles.ca\\\/#organization\",\"name\":\"Blackstone Griddles Canada\",\"url\":\"https:\\\/\\\/blackstonegriddles.ca\\\/\",\"logo\":{\"@type\":\"ImageObject\",\"inLanguage\":\"fr-CA\",\"@id\":\"https:\\\/\\\/blackstonegriddles.ca\\\/#\\\/schema\\\/logo\\\/image\\\/\",\"url\":\"https:\\\/\\\/blackstonegriddles.ca\\\/wp-content\\\/uploads\\\/2025\\\/02\\\/blackstone-fire-logo.webp\",\"contentUrl\":\"https:\\\/\\\/blackstonegriddles.ca\\\/wp-content\\\/uploads\\\/2025\\\/02\\\/blackstone-fire-logo.webp\",\"width\":53,\"height\":58,\"caption\":\"Blackstone Griddles Canada\"},\"image\":{\"@id\":\"https:\\\/\\\/blackstonegriddles.ca\\\/#\\\/schema\\\/logo\\\/image\\\/\"},\"sameAs\":[\"https:\\\/\\\/www.facebook.com\\\/blackstoneproducts\\\/\",\"https:\\\/\\\/x.com\\\/weareblackstone\",\"https:\\\/\\\/www.instagram.com\\\/blackstoneproducts\\\/\",\"https:\\\/\\\/www.youtube.com\\\/channel\\\/UCr39rimir8y3p-q1iQYidVA\"]}]}<\/script>\n<!-- \/ Yoast SEO plugin. -->","yoast_head_json":{"title":"Kit de luxe Blackstone Iron Forged - Grils Blackstone","robots":{"index":"index","follow":"follow","max-snippet":"max-snippet:-1","max-image-preview":"max-image-preview:large","max-video-preview":"max-video-preview:-1"},"canonical":"https:\/\/blackstonegriddles.ca\/fr\/produit\/kit-de-luxe-blackstone-iron-forged\/","og_locale":"fr_CA","og_type":"article","og_title":"Blackstone Iron Forged Deluxe Kit - Blackstone Griddles","og_description":"Be ready to tackle any meal with the Blackstone Iron Forged Deluxe Kit. Designed for versatility and convenience, this kit includes the essential tools you need to cook, handle, and clean with ease. From flipping and moving food to handling cleanup, each tool is built to support your cooking process from start to finish. With a dishwasher-safe design, cleanup is quick and simple, making it ideal for everyday use.","og_url":"https:\/\/blackstonegriddles.ca\/fr\/produit\/kit-de-luxe-blackstone-iron-forged\/","og_site_name":"Blackstone Griddles","article_publisher":"https:\/\/www.facebook.com\/blackstoneproducts\/","article_modified_time":"2026-05-01T14:30:25+00:00","og_image":[{"width":494,"height":419,"url":"https:\/\/blackstonegriddles.ca\/wp-content\/uploads\/2026\/03\/5989.png","type":"image\/png"}],"twitter_card":"summary_large_image","twitter_site":"@weareblackstone","twitter_misc":{"Estimation du temps de lecture":"1 minute"},"schema":{"@context":"https:\/\/schema.org","@graph":[{"@type":"WebPage","@id":"https:\/\/blackstonegriddles.ca\/product\/blackstone-iron-forged-deluxe-kit\/","url":"https:\/\/blackstonegriddles.ca\/product\/blackstone-iron-forged-deluxe-kit\/","name":"Kit de luxe Blackstone Iron Forged - Grils Blackstone","isPartOf":{"@id":"https:\/\/blackstonegriddles.ca\/#website"},"primaryImageOfPage":{"@id":"https:\/\/blackstonegriddles.ca\/product\/blackstone-iron-forged-deluxe-kit\/#primaryimage"},"image":{"@id":"https:\/\/blackstonegriddles.ca\/product\/blackstone-iron-forged-deluxe-kit\/#primaryimage"},"thumbnailUrl":"https:\/\/blackstonegriddles.ca\/wp-content\/uploads\/2026\/03\/5989.png","datePublished":"2026-03-12T16:59:19+00:00","dateModified":"2026-05-01T14:30:25+00:00","breadcrumb":{"@id":"https:\/\/blackstonegriddles.ca\/product\/blackstone-iron-forged-deluxe-kit\/#breadcrumb"},"inLanguage":"fr-CA","potentialAction":[{"@type":"ReadAction","target":["https:\/\/blackstonegriddles.ca\/product\/blackstone-iron-forged-deluxe-kit\/"]}]},{"@type":"ImageObject","inLanguage":"fr-CA","@id":"https:\/\/blackstonegriddles.ca\/product\/blackstone-iron-forged-deluxe-kit\/#primaryimage","url":"https:\/\/blackstonegriddles.ca\/wp-content\/uploads\/2026\/03\/5989.png","contentUrl":"https:\/\/blackstonegriddles.ca\/wp-content\/uploads\/2026\/03\/5989.png","width":494,"height":419},{"@type":"BreadcrumbList","@id":"https:\/\/blackstonegriddles.ca\/product\/blackstone-iron-forged-deluxe-kit\/#breadcrumb","itemListElement":[{"@type":"ListItem","position":1,"name":"Home","item":"https:\/\/blackstonegriddles.ca\/"},{"@type":"ListItem","position":2,"name":"Shop","item":"https:\/\/blackstonegriddles.ca\/shop\/"},{"@type":"ListItem","position":3,"name":"Blackstone Iron Forged Deluxe Kit"}]},{"@type":"WebSite","@id":"https:\/\/blackstonegriddles.ca\/#website","url":"https:\/\/blackstonegriddles.ca\/","name":"Grils Blackstone Canada","description":"Blackstone Griddles distributeur officiel agr\u00e9\u00e9 Canada","publisher":{"@id":"https:\/\/blackstonegriddles.ca\/#organization"},"potentialAction":[{"@type":"SearchAction","target":{"@type":"EntryPoint","urlTemplate":"https:\/\/blackstonegriddles.ca\/?s={search_term_string}"},"query-input":{"@type":"PropertyValueSpecification","valueRequired":true,"valueName":"search_term_string"}}],"inLanguage":"fr-CA"},{"@type":"Organization","@id":"https:\/\/blackstonegriddles.ca\/#organization","name":"Grils Blackstone Canada","url":"https:\/\/blackstonegriddles.ca\/","logo":{"@type":"ImageObject","inLanguage":"fr-CA","@id":"https:\/\/blackstonegriddles.ca\/#\/schema\/logo\/image\/","url":"https:\/\/blackstonegriddles.ca\/wp-content\/uploads\/2025\/02\/blackstone-fire-logo.webp","contentUrl":"https:\/\/blackstonegriddles.ca\/wp-content\/uploads\/2025\/02\/blackstone-fire-logo.webp","width":53,"height":58,"caption":"Blackstone Griddles Canada"},"image":{"@id":"https:\/\/blackstonegriddles.ca\/#\/schema\/logo\/image\/"},"sameAs":["https:\/\/www.facebook.com\/blackstoneproducts\/","https:\/\/x.com\/weareblackstone","https:\/\/www.instagram.com\/blackstoneproducts\/","https:\/\/www.youtube.com\/channel\/UCr39rimir8y3p-q1iQYidVA"]}]}},"_links":{"self":[{"href":"https:\/\/blackstonegriddles.ca\/fr\/wp-json\/wp\/v2\/product\/51599","targetHints":{"allow":["GET"]}}],"collection":[{"href":"https:\/\/blackstonegriddles.ca\/fr\/wp-json\/wp\/v2\/product"}],"about":[{"href":"https:\/\/blackstonegriddles.ca\/fr\/wp-json\/wp\/v2\/types\/product"}],"wp:featuredmedia":[{"embeddable":true,"href":"https:\/\/blackstonegriddles.ca\/fr\/wp-json\/wp\/v2\/media\/51600"}],"wp:attachment":[{"href":"https:\/\/blackstonegriddles.ca\/fr\/wp-json\/wp\/v2\/media?parent=51599"}],"wp:term":[{"taxonomy":"product_brand","embeddable":true,"href":"https:\/\/blackstonegriddles.ca\/fr\/wp-json\/wp\/v2\/product_brand?post=51599"},{"taxonomy":"product_cat","embeddable":true,"href":"https:\/\/blackstonegriddles.ca\/fr\/wp-json\/wp\/v2\/product_cat?post=51599"},{"taxonomy":"product_tag","embeddable":true,"href":"https:\/\/blackstonegriddles.ca\/fr\/wp-json\/wp\/v2\/product_tag?post=51599"}],"curies":[{"name":"wp","href":"https:\/\/api.w.org\/{rel}","templated":true}]}}